{"id":9691,"date":"2022-06-15T19:10:29","date_gmt":"2022-06-15T17:10:29","guid":{"rendered":"http:\/\/musique-equilibre.com\/me\/?page_id=9691"},"modified":"2025-08-25T14:52:02","modified_gmt":"2025-08-25T12:52:02","slug":"atelier-chanson-2","status":"publish","type":"page","link":"https:\/\/musique-equilibre.com\/me\/index.php\/atelier-chanson-2\/","title":{"rendered":"Atelier chanson"},"content":{"rendered":"<div class=\"wp-block-image\">\n<figure class=\"aligncenter size-large is-resized\"><img fetchpriority=\"high\" decoding=\"async\" width=\"1024\" height=\"768\" src=\"https:\/\/musique-equilibre.com\/me\/wp-content\/uploads\/2024\/03\/20032024-_2120490-small-1024x768.jpg\" alt=\"atelier chanson photos vid\u00e9os 2023-2024 \u00e9cole de musique salle de concert musique et \u00e9quilibre\" class=\"wp-image-14163\" style=\"width:512px;height:384px\" srcset=\"https:\/\/musique-equilibre.com\/me\/wp-content\/uploads\/2024\/03\/20032024-_2120490-small-1024x768.jpg 1024w, https:\/\/musique-equilibre.com\/me\/wp-content\/uploads\/2024\/03\/20032024-_2120490-small-300x225.jpg 300w, https:\/\/musique-equilibre.com\/me\/wp-content\/uploads\/2024\/03\/20032024-_2120490-small-150x113.jpg 150w, https:\/\/musique-equilibre.com\/me\/wp-content\/uploads\/2024\/03\/20032024-_2120490-small-768x576.jpg 768w, https:\/\/musique-equilibre.com\/me\/wp-content\/uploads\/2024\/03\/20032024-_2120490-small.jpg 1460w\" sizes=\"(max-width: 1024px) 100vw, 1024px\" \/><\/figure><\/div>\n\n\n<h2 class=\"wp-block-heading has-text-align-center\">Atelier Chanson<\/h2>\n\n\n\n<hr class=\"wp-block-separator has-css-opacity\"\/>\n\n\n<p style=\"text-align: left;\"><span style=\"font-family: coves;\">Cet atelier chanson de <a href=\"https:\/\/musique-equilibre.com\/me\/index.php\/2019\/09\/03\/franck-salle-coursmusiqueorleans\/\" target=\"_blank\" rel=\"noreferrer noopener\">Franck Sall\u00e9<\/a> est ouvert \u00e0 tous. L&rsquo;objectif est la pratique du chant sur un r\u00e9pertoire allant de la vari\u00e9t\u00e9 fran\u00e7aise au jazz en passant par la pop. Il est possible d&rsquo;int\u00e9grer l&rsquo;atelier sans avoir un niveau vocal et\/ou th\u00e9orique.<\/span><br \/><span style=\"font-family: coves;\">Des temps consacr\u00e9s \u00e0 la technique vocale sont pr\u00e9vues pendant les s\u00e9ances.<\/span><\/p>\n<p style=\"text-align: center;\"><span style=\"font-family: coves-light;\"><br \/><span style=\"font-family: coves;\"><strong><a href=\"https:\/\/le108.org\/\">108<\/a>\u00a0&#8211; lundi &#8211; 19h<\/strong><\/span><br \/><\/span><\/p>","protected":false},"excerpt":{"rendered":"<p>Atelier Chanson Cet atelier chanson de Franck Sall\u00e9 est ouvert \u00e0 tous. L&rsquo;objectif est la pratique du chant sur un r\u00e9pertoire allant de la vari\u00e9t\u00e9 fran\u00e7aise au jazz en passant par la pop. Il est possible d&rsquo;int\u00e9grer l&rsquo;atelier sans avoir un niveau vocal et\/ou th\u00e9orique.Des temps consacr\u00e9s \u00e0 la technique vocale sont pr\u00e9vues pendant les [&hellip;]<\/p>\n","protected":false},"author":1,"featured_media":0,"parent":0,"menu_order":0,"comment_status":"closed","ping_status":"closed","template":"","meta":{"footnotes":""},"class_list":["post-9691","page","type-page","status-publish","czr-hentry"],"yoast_head":"<!-- This site is optimized with the Yoast SEO plugin v26.8 - https:\/\/yoast.com\/product\/yoast-seo-wordpress\/ -->\n<title>Atelier chanson - Musique et Equilibre<\/title>\n<meta name=\"description\" content=\"D\u00e9couvrez et rejoignez l&#039;atelier Chanson de Franck Sall\u00e9 ! Cet atelier du cursus loisirs, se d\u00e9roule au 108.\" \/>\n<meta name=\"robots\" content=\"index, follow, max-snippet:-1, max-image-preview:large, max-video-preview:-1\" \/>\n<link rel=\"canonical\" href=\"https:\/\/musique-equilibre.com\/me\/index.php\/atelier-chanson-2\/\" \/>\n<meta property=\"og:locale\" content=\"fr_FR\" \/>\n<meta property=\"og:type\" content=\"article\" \/>\n<meta property=\"og:title\" content=\"Atelier chanson - Musique et Equilibre\" \/>\n<meta property=\"og:description\" content=\"D\u00e9couvrez et rejoignez l&#039;atelier Chanson de Franck Sall\u00e9 ! Cet atelier du cursus loisirs, se d\u00e9roule au 108.\" \/>\n<meta property=\"og:url\" content=\"https:\/\/musique-equilibre.com\/me\/index.php\/atelier-chanson-2\/\" \/>\n<meta property=\"og:site_name\" content=\"Musique et Equilibre\" \/>\n<meta property=\"article:publisher\" content=\"https:\/\/www.facebook.com\/MusiqueetEquilibre45\" \/>\n<meta property=\"article:modified_time\" content=\"2025-08-25T12:52:02+00:00\" \/>\n<meta property=\"og:image\" content=\"https:\/\/musique-equilibre.com\/me\/wp-content\/uploads\/2024\/03\/20032024-_2120490-small.jpg\" \/>\n\t<meta property=\"og:image:width\" content=\"1460\" \/>\n\t<meta property=\"og:image:height\" content=\"1095\" \/>\n\t<meta property=\"og:image:type\" content=\"image\/jpeg\" \/>\n<meta name=\"twitter:card\" content=\"summary_large_image\" \/>\n<meta name=\"twitter:site\" content=\"@Musiquequilibre\" \/>\n<meta name=\"twitter:label1\" content=\"Dur\u00e9e de lecture estim\u00e9e\" \/>\n\t<meta name=\"twitter:data1\" content=\"1 minute\" \/>\n<script type=\"application\/ld+json\" class=\"yoast-schema-graph\">{\"@context\":\"https:\/\/schema.org\",\"@graph\":[{\"@type\":\"WebPage\",\"@id\":\"https:\/\/musique-equilibre.com\/me\/index.php\/atelier-chanson-2\/\",\"url\":\"https:\/\/musique-equilibre.com\/me\/index.php\/atelier-chanson-2\/\",\"name\":\"Atelier chanson - Musique et Equilibre\",\"isPartOf\":{\"@id\":\"https:\/\/musique-equilibre.com\/me\/#website\"},\"primaryImageOfPage\":{\"@id\":\"https:\/\/musique-equilibre.com\/me\/index.php\/atelier-chanson-2\/#primaryimage\"},\"image\":{\"@id\":\"https:\/\/musique-equilibre.com\/me\/index.php\/atelier-chanson-2\/#primaryimage\"},\"thumbnailUrl\":\"https:\/\/musique-equilibre.com\/me\/wp-content\/uploads\/2024\/03\/20032024-_2120490-small-1024x768.jpg\",\"datePublished\":\"2022-06-15T17:10:29+00:00\",\"dateModified\":\"2025-08-25T12:52:02+00:00\",\"description\":\"D\u00e9couvrez et rejoignez l'atelier Chanson de Franck Sall\u00e9 ! Cet atelier du cursus loisirs, se d\u00e9roule au 108.\",\"breadcrumb\":{\"@id\":\"https:\/\/musique-equilibre.com\/me\/index.php\/atelier-chanson-2\/#breadcrumb\"},\"inLanguage\":\"fr-FR\",\"potentialAction\":[{\"@type\":\"ReadAction\",\"target\":[\"https:\/\/musique-equilibre.com\/me\/index.php\/atelier-chanson-2\/\"]}]},{\"@type\":\"ImageObject\",\"inLanguage\":\"fr-FR\",\"@id\":\"https:\/\/musique-equilibre.com\/me\/index.php\/atelier-chanson-2\/#primaryimage\",\"url\":\"https:\/\/musique-equilibre.com\/me\/wp-content\/uploads\/2024\/03\/20032024-_2120490-small.jpg\",\"contentUrl\":\"https:\/\/musique-equilibre.com\/me\/wp-content\/uploads\/2024\/03\/20032024-_2120490-small.jpg\",\"width\":1460,\"height\":1095,\"caption\":\"atelier chanson photos vid\u00e9os 2023-2024 \u00e9cole de musique salle de concert musique et \u00e9quilibre\"},{\"@type\":\"BreadcrumbList\",\"@id\":\"https:\/\/musique-equilibre.com\/me\/index.php\/atelier-chanson-2\/#breadcrumb\",\"itemListElement\":[{\"@type\":\"ListItem\",\"position\":1,\"name\":\"Accueil\",\"item\":\"https:\/\/musique-equilibre.com\/me\/\"},{\"@type\":\"ListItem\",\"position\":2,\"name\":\"Atelier chanson\"}]},{\"@type\":\"WebSite\",\"@id\":\"https:\/\/musique-equilibre.com\/me\/#website\",\"url\":\"https:\/\/musique-equilibre.com\/me\/\",\"name\":\"Musique et Equilibre\",\"description\":\"\",\"publisher\":{\"@id\":\"https:\/\/musique-equilibre.com\/me\/#organization\"},\"potentialAction\":[{\"@type\":\"SearchAction\",\"target\":{\"@type\":\"EntryPoint\",\"urlTemplate\":\"https:\/\/musique-equilibre.com\/me\/?s={search_term_string}\"},\"query-input\":{\"@type\":\"PropertyValueSpecification\",\"valueRequired\":true,\"valueName\":\"search_term_string\"}}],\"inLanguage\":\"fr-FR\"},{\"@type\":\"Organization\",\"@id\":\"https:\/\/musique-equilibre.com\/me\/#organization\",\"name\":\"Musique et Equilibre\",\"alternateName\":\"\u00c9cole de musique et salle de concert \u00e0 Orl\u00e9ans\",\"url\":\"https:\/\/musique-equilibre.com\/me\/\",\"logo\":{\"@type\":\"ImageObject\",\"inLanguage\":\"fr-FR\",\"@id\":\"https:\/\/musique-equilibre.com\/me\/#\/schema\/logo\/image\/\",\"url\":\"https:\/\/musique-equilibre.com\/me\/wp-content\/uploads\/2022\/11\/cropped-Logo_orange_texture-1.png\",\"contentUrl\":\"https:\/\/musique-equilibre.com\/me\/wp-content\/uploads\/2022\/11\/cropped-Logo_orange_texture-1.png\",\"width\":512,\"height\":512,\"caption\":\"Musique et Equilibre\"},\"image\":{\"@id\":\"https:\/\/musique-equilibre.com\/me\/#\/schema\/logo\/image\/\"},\"sameAs\":[\"https:\/\/www.facebook.com\/MusiqueetEquilibre45\",\"https:\/\/x.com\/Musiquequilibre\",\"https:\/\/www.instagram.com\/musique_et_equilibre_\/\",\"https:\/\/www.linkedin.com\/company\/musique-&amp;-equilibre\/\",\"https:\/\/www.youtube.com\/c\/MusiqueEquilibreOrleans\/\"]}]}<\/script>\n<!-- \/ Yoast SEO plugin. -->","yoast_head_json":{"title":"Atelier chanson - Musique et Equilibre","description":"D\u00e9couvrez et rejoignez l'atelier Chanson de Franck Sall\u00e9 ! Cet atelier du cursus loisirs, se d\u00e9roule au 108.","robots":{"index":"index","follow":"follow","max-snippet":"max-snippet:-1","max-image-preview":"max-image-preview:large","max-video-preview":"max-video-preview:-1"},"canonical":"https:\/\/musique-equilibre.com\/me\/index.php\/atelier-chanson-2\/","og_locale":"fr_FR","og_type":"article","og_title":"Atelier chanson - Musique et Equilibre","og_description":"D\u00e9couvrez et rejoignez l'atelier Chanson de Franck Sall\u00e9 ! Cet atelier du cursus loisirs, se d\u00e9roule au 108.","og_url":"https:\/\/musique-equilibre.com\/me\/index.php\/atelier-chanson-2\/","og_site_name":"Musique et Equilibre","article_publisher":"https:\/\/www.facebook.com\/MusiqueetEquilibre45","article_modified_time":"2025-08-25T12:52:02+00:00","og_image":[{"width":1460,"height":1095,"url":"https:\/\/musique-equilibre.com\/me\/wp-content\/uploads\/2024\/03\/20032024-_2120490-small.jpg","type":"image\/jpeg"}],"twitter_card":"summary_large_image","twitter_site":"@Musiquequilibre","twitter_misc":{"Dur\u00e9e de lecture estim\u00e9e":"1 minute"},"schema":{"@context":"https:\/\/schema.org","@graph":[{"@type":"WebPage","@id":"https:\/\/musique-equilibre.com\/me\/index.php\/atelier-chanson-2\/","url":"https:\/\/musique-equilibre.com\/me\/index.php\/atelier-chanson-2\/","name":"Atelier chanson - Musique et Equilibre","isPartOf":{"@id":"https:\/\/musique-equilibre.com\/me\/#website"},"primaryImageOfPage":{"@id":"https:\/\/musique-equilibre.com\/me\/index.php\/atelier-chanson-2\/#primaryimage"},"image":{"@id":"https:\/\/musique-equilibre.com\/me\/index.php\/atelier-chanson-2\/#primaryimage"},"thumbnailUrl":"https:\/\/musique-equilibre.com\/me\/wp-content\/uploads\/2024\/03\/20032024-_2120490-small-1024x768.jpg","datePublished":"2022-06-15T17:10:29+00:00","dateModified":"2025-08-25T12:52:02+00:00","description":"D\u00e9couvrez et rejoignez l'atelier Chanson de Franck Sall\u00e9 ! Cet atelier du cursus loisirs, se d\u00e9roule au 108.","breadcrumb":{"@id":"https:\/\/musique-equilibre.com\/me\/index.php\/atelier-chanson-2\/#breadcrumb"},"inLanguage":"fr-FR","potentialAction":[{"@type":"ReadAction","target":["https:\/\/musique-equilibre.com\/me\/index.php\/atelier-chanson-2\/"]}]},{"@type":"ImageObject","inLanguage":"fr-FR","@id":"https:\/\/musique-equilibre.com\/me\/index.php\/atelier-chanson-2\/#primaryimage","url":"https:\/\/musique-equilibre.com\/me\/wp-content\/uploads\/2024\/03\/20032024-_2120490-small.jpg","contentUrl":"https:\/\/musique-equilibre.com\/me\/wp-content\/uploads\/2024\/03\/20032024-_2120490-small.jpg","width":1460,"height":1095,"caption":"atelier chanson photos vid\u00e9os 2023-2024 \u00e9cole de musique salle de concert musique et \u00e9quilibre"},{"@type":"BreadcrumbList","@id":"https:\/\/musique-equilibre.com\/me\/index.php\/atelier-chanson-2\/#breadcrumb","itemListElement":[{"@type":"ListItem","position":1,"name":"Accueil","item":"https:\/\/musique-equilibre.com\/me\/"},{"@type":"ListItem","position":2,"name":"Atelier chanson"}]},{"@type":"WebSite","@id":"https:\/\/musique-equilibre.com\/me\/#website","url":"https:\/\/musique-equilibre.com\/me\/","name":"Musique et Equilibre","description":"","publisher":{"@id":"https:\/\/musique-equilibre.com\/me\/#organization"},"potentialAction":[{"@type":"SearchAction","target":{"@type":"EntryPoint","urlTemplate":"https:\/\/musique-equilibre.com\/me\/?s={search_term_string}"},"query-input":{"@type":"PropertyValueSpecification","valueRequired":true,"valueName":"search_term_string"}}],"inLanguage":"fr-FR"},{"@type":"Organization","@id":"https:\/\/musique-equilibre.com\/me\/#organization","name":"Musique et Equilibre","alternateName":"\u00c9cole de musique et salle de concert \u00e0 Orl\u00e9ans","url":"https:\/\/musique-equilibre.com\/me\/","logo":{"@type":"ImageObject","inLanguage":"fr-FR","@id":"https:\/\/musique-equilibre.com\/me\/#\/schema\/logo\/image\/","url":"https:\/\/musique-equilibre.com\/me\/wp-content\/uploads\/2022\/11\/cropped-Logo_orange_texture-1.png","contentUrl":"https:\/\/musique-equilibre.com\/me\/wp-content\/uploads\/2022\/11\/cropped-Logo_orange_texture-1.png","width":512,"height":512,"caption":"Musique et Equilibre"},"image":{"@id":"https:\/\/musique-equilibre.com\/me\/#\/schema\/logo\/image\/"},"sameAs":["https:\/\/www.facebook.com\/MusiqueetEquilibre45","https:\/\/x.com\/Musiquequilibre","https:\/\/www.instagram.com\/musique_et_equilibre_\/","https:\/\/www.linkedin.com\/company\/musique-&amp;-equilibre\/","https:\/\/www.youtube.com\/c\/MusiqueEquilibreOrleans\/"]}]}},"_links":{"self":[{"href":"https:\/\/musique-equilibre.com\/me\/index.php\/wp-json\/wp\/v2\/pages\/9691","targetHints":{"allow":["GET"]}}],"collection":[{"href":"https:\/\/musique-equilibre.com\/me\/index.php\/wp-json\/wp\/v2\/pages"}],"about":[{"href":"https:\/\/musique-equilibre.com\/me\/index.php\/wp-json\/wp\/v2\/types\/page"}],"author":[{"embeddable":true,"href":"https:\/\/musique-equilibre.com\/me\/index.php\/wp-json\/wp\/v2\/users\/1"}],"replies":[{"embeddable":true,"href":"https:\/\/musique-equilibre.com\/me\/index.php\/wp-json\/wp\/v2\/comments?post=9691"}],"version-history":[{"count":6,"href":"https:\/\/musique-equilibre.com\/me\/index.php\/wp-json\/wp\/v2\/pages\/9691\/revisions"}],"predecessor-version":[{"id":17710,"href":"https:\/\/musique-equilibre.com\/me\/index.php\/wp-json\/wp\/v2\/pages\/9691\/revisions\/17710"}],"wp:attachment":[{"href":"https:\/\/musique-equilibre.com\/me\/index.php\/wp-json\/wp\/v2\/media?parent=9691"}],"curies":[{"name":"wp","href":"https:\/\/api.w.org\/{rel}","templated":true}]}}