{"id":9689,"date":"2022-06-15T19:05:17","date_gmt":"2022-06-15T17:05:17","guid":{"rendered":"http:\/\/musique-equilibre.com\/me\/?page_id=9689"},"modified":"2025-08-25T14:55:21","modified_gmt":"2025-08-25T12:55:21","slug":"atelier-choeur-musiques-actuelles","status":"publish","type":"page","link":"https:\/\/musique-equilibre.com\/me\/index.php\/atelier-choeur-musiques-actuelles\/","title":{"rendered":"Ch\u0153ur musiques actuelles"},"content":{"rendered":"<div class=\"wp-block-image is-style-default\">\n<figure class=\"aligncenter size-large is-resized\"><img fetchpriority=\"high\" decoding=\"async\" width=\"1024\" height=\"768\" src=\"https:\/\/musique-equilibre.com\/me\/wp-content\/uploads\/2024\/06\/2190798-1024x768.jpg\" alt=\"choeur musiques actuelles franck sall\u00e9 \u00f4 feeling\" class=\"wp-image-14699\" style=\"width:512px;height:384px\" srcset=\"https:\/\/musique-equilibre.com\/me\/wp-content\/uploads\/2024\/06\/2190798-1024x768.jpg 1024w, https:\/\/musique-equilibre.com\/me\/wp-content\/uploads\/2024\/06\/2190798-300x225.jpg 300w, https:\/\/musique-equilibre.com\/me\/wp-content\/uploads\/2024\/06\/2190798-150x113.jpg 150w, https:\/\/musique-equilibre.com\/me\/wp-content\/uploads\/2024\/06\/2190798-768x576.jpg 768w, https:\/\/musique-equilibre.com\/me\/wp-content\/uploads\/2024\/06\/2190798-1536x1152.jpg 1536w, https:\/\/musique-equilibre.com\/me\/wp-content\/uploads\/2024\/06\/2190798-2048x1536.jpg 2048w\" sizes=\"(max-width: 1024px) 100vw, 1024px\" \/><\/figure><\/div>\n\n\n<h2 class=\"wp-block-heading has-text-align-center\">Ch\u0153ur Musiques Actuelles<\/h2>\n\n\n\n<h6 class=\"wp-block-heading has-text-align-center\">Sur audition<\/h6>\n\n\n\n<hr class=\"wp-block-separator has-css-opacity\"\/>\n\n\n<p class=\"has-text-align-left\"><span style=\"font-family: coves;\">Ce ch\u0153ur musiques actuelles nomm\u00e9 \u00d4 Feeling est actuellement constitu\u00e9 d&rsquo;une dizaine de chanteurs et chanteuses.<\/span><br \/><span style=\"font-family: coves;\">Les choristes de l&rsquo;atelier constituent eux-m\u00eames les arrangements. <a href=\"https:\/\/musique-equilibre.com\/me\/index.php\/2019\/09\/03\/franck-salle-coursmusiqueorleans\/\" target=\"_blank\" rel=\"noreferrer noopener\">Franck Sall\u00e9<\/a> apporte son aide et son expertise aux choristes.<\/span><br \/><span style=\"font-family: coves;\">Le r\u00e9pertoire de \u00d4 Feeling est vari\u00e9\u00a0: jazz, pop, gospel, chanson fran\u00e7aise et musiques du monde.<\/span><br \/><span style=\"font-family: coves;\">L&rsquo;objectif de cet atelier est de pouvoir se produire \u00e0 l&rsquo;ext\u00e9rieur. Lors des concerts, les choristes chantent au micro.<\/span><br \/><span style=\"font-family: coves;\">Une pratique du chant correct est n\u00e9cessaire. Une audition est donc demand\u00e9e pour chaque personne qui souhaite int\u00e9grer l&rsquo;atelier.<br \/><\/span><\/p>\n<p class=\"has-text-align-left\" style=\"text-align: center;\"><span style=\"font-family: coves;\"><strong><a href=\"https:\/\/www.orleans-metropole.fr\/sport\/etablissements-et-lieux-de-pratique\/largonaute\">Argonaute<\/a>\u00a0&#8211; mercredi &#8211; 19h<\/strong><\/span><\/p>\n<p>\u00a0<\/p>\n\n<\/p>","protected":false},"excerpt":{"rendered":"<p>Ch\u0153ur Musiques Actuelles Sur audition Ce ch\u0153ur musiques actuelles nomm\u00e9 \u00d4 Feeling est actuellement constitu\u00e9 d&rsquo;une dizaine de chanteurs et chanteuses.Les choristes de l&rsquo;atelier constituent eux-m\u00eames les arrangements. Franck Sall\u00e9 apporte son aide et son expertise aux choristes.Le r\u00e9pertoire de \u00d4 Feeling est vari\u00e9\u00a0: jazz, pop, gospel, chanson fran\u00e7aise et musiques du monde.L&rsquo;objectif de cet [&hellip;]<\/p>\n","protected":false},"author":1,"featured_media":10765,"parent":0,"menu_order":0,"comment_status":"closed","ping_status":"closed","template":"","meta":{"footnotes":""},"class_list":["post-9689","page","type-page","status-publish","has-post-thumbnail","czr-hentry"],"yoast_head":"<!-- This site is optimized with the Yoast SEO plugin v26.8 - https:\/\/yoast.com\/product\/yoast-seo-wordpress\/ -->\n<title>Ch\u0153ur musiques actuelles - Musique et Equilibre<\/title>\n<meta name=\"description\" content=\"D\u00e9couvrez et rejoignez le ch\u0153ur musiques actuelles de Franck Sall\u00e9 ! Cet atelier du cursus loisirs, se d\u00e9roule \u00e0 l&#039;Argonaute.\" \/>\n<meta name=\"robots\" content=\"index, follow, max-snippet:-1, max-image-preview:large, max-video-preview:-1\" \/>\n<link rel=\"canonical\" href=\"https:\/\/musique-equilibre.com\/me\/index.php\/atelier-choeur-musiques-actuelles\/\" \/>\n<meta property=\"og:locale\" content=\"fr_FR\" \/>\n<meta property=\"og:type\" content=\"article\" \/>\n<meta property=\"og:title\" content=\"Ch\u0153ur musiques actuelles - Musique et Equilibre\" \/>\n<meta property=\"og:description\" content=\"D\u00e9couvrez et rejoignez le ch\u0153ur musiques actuelles de Franck Sall\u00e9 ! Cet atelier du cursus loisirs, se d\u00e9roule \u00e0 l&#039;Argonaute.\" \/>\n<meta property=\"og:url\" content=\"https:\/\/musique-equilibre.com\/me\/index.php\/atelier-choeur-musiques-actuelles\/\" \/>\n<meta property=\"og:site_name\" content=\"Musique et Equilibre\" \/>\n<meta property=\"article:publisher\" content=\"https:\/\/www.facebook.com\/MusiqueetEquilibre45\" \/>\n<meta property=\"article:modified_time\" content=\"2025-08-25T12:55:21+00:00\" \/>\n<meta property=\"og:image\" content=\"https:\/\/musique-equilibre.com\/me\/wp-content\/uploads\/2022\/11\/Atelier-O-Feeling-scaled.jpg\" \/>\n\t<meta property=\"og:image:width\" content=\"2560\" \/>\n\t<meta property=\"og:image:height\" content=\"1441\" \/>\n\t<meta property=\"og:image:type\" content=\"image\/jpeg\" \/>\n<meta name=\"twitter:card\" content=\"summary_large_image\" \/>\n<meta name=\"twitter:site\" content=\"@Musiquequilibre\" \/>\n<meta name=\"twitter:label1\" content=\"Dur\u00e9e de lecture estim\u00e9e\" \/>\n\t<meta name=\"twitter:data1\" content=\"1 minute\" \/>\n<script type=\"application\/ld+json\" class=\"yoast-schema-graph\">{\"@context\":\"https:\/\/schema.org\",\"@graph\":[{\"@type\":\"WebPage\",\"@id\":\"https:\/\/musique-equilibre.com\/me\/index.php\/atelier-choeur-musiques-actuelles\/\",\"url\":\"https:\/\/musique-equilibre.com\/me\/index.php\/atelier-choeur-musiques-actuelles\/\",\"name\":\"Ch\u0153ur musiques actuelles - Musique et Equilibre\",\"isPartOf\":{\"@id\":\"https:\/\/musique-equilibre.com\/me\/#website\"},\"primaryImageOfPage\":{\"@id\":\"https:\/\/musique-equilibre.com\/me\/index.php\/atelier-choeur-musiques-actuelles\/#primaryimage\"},\"image\":{\"@id\":\"https:\/\/musique-equilibre.com\/me\/index.php\/atelier-choeur-musiques-actuelles\/#primaryimage\"},\"thumbnailUrl\":\"https:\/\/musique-equilibre.com\/me\/wp-content\/uploads\/2022\/11\/Atelier-O-Feeling-scaled.jpg\",\"datePublished\":\"2022-06-15T17:05:17+00:00\",\"dateModified\":\"2025-08-25T12:55:21+00:00\",\"description\":\"D\u00e9couvrez et rejoignez le ch\u0153ur musiques actuelles de Franck Sall\u00e9 ! Cet atelier du cursus loisirs, se d\u00e9roule \u00e0 l'Argonaute.\",\"breadcrumb\":{\"@id\":\"https:\/\/musique-equilibre.com\/me\/index.php\/atelier-choeur-musiques-actuelles\/#breadcrumb\"},\"inLanguage\":\"fr-FR\",\"potentialAction\":[{\"@type\":\"ReadAction\",\"target\":[\"https:\/\/musique-equilibre.com\/me\/index.php\/atelier-choeur-musiques-actuelles\/\"]}]},{\"@type\":\"ImageObject\",\"inLanguage\":\"fr-FR\",\"@id\":\"https:\/\/musique-equilibre.com\/me\/index.php\/atelier-choeur-musiques-actuelles\/#primaryimage\",\"url\":\"https:\/\/musique-equilibre.com\/me\/wp-content\/uploads\/2022\/11\/Atelier-O-Feeling-scaled.jpg\",\"contentUrl\":\"https:\/\/musique-equilibre.com\/me\/wp-content\/uploads\/2022\/11\/Atelier-O-Feeling-scaled.jpg\",\"width\":2560,\"height\":1441,\"caption\":\"choeur musiques actuelles franck sall\u00e9 \u00f4 feeling\"},{\"@type\":\"BreadcrumbList\",\"@id\":\"https:\/\/musique-equilibre.com\/me\/index.php\/atelier-choeur-musiques-actuelles\/#breadcrumb\",\"itemListElement\":[{\"@type\":\"ListItem\",\"position\":1,\"name\":\"Accueil\",\"item\":\"https:\/\/musique-equilibre.com\/me\/\"},{\"@type\":\"ListItem\",\"position\":2,\"name\":\"Ch\u0153ur musiques actuelles\"}]},{\"@type\":\"WebSite\",\"@id\":\"https:\/\/musique-equilibre.com\/me\/#website\",\"url\":\"https:\/\/musique-equilibre.com\/me\/\",\"name\":\"Musique et Equilibre\",\"description\":\"\",\"publisher\":{\"@id\":\"https:\/\/musique-equilibre.com\/me\/#organization\"},\"potentialAction\":[{\"@type\":\"SearchAction\",\"target\":{\"@type\":\"EntryPoint\",\"urlTemplate\":\"https:\/\/musique-equilibre.com\/me\/?s={search_term_string}\"},\"query-input\":{\"@type\":\"PropertyValueSpecification\",\"valueRequired\":true,\"valueName\":\"search_term_string\"}}],\"inLanguage\":\"fr-FR\"},{\"@type\":\"Organization\",\"@id\":\"https:\/\/musique-equilibre.com\/me\/#organization\",\"name\":\"Musique et Equilibre\",\"alternateName\":\"\u00c9cole de musique et salle de concert \u00e0 Orl\u00e9ans\",\"url\":\"https:\/\/musique-equilibre.com\/me\/\",\"logo\":{\"@type\":\"ImageObject\",\"inLanguage\":\"fr-FR\",\"@id\":\"https:\/\/musique-equilibre.com\/me\/#\/schema\/logo\/image\/\",\"url\":\"https:\/\/musique-equilibre.com\/me\/wp-content\/uploads\/2022\/11\/cropped-Logo_orange_texture-1.png\",\"contentUrl\":\"https:\/\/musique-equilibre.com\/me\/wp-content\/uploads\/2022\/11\/cropped-Logo_orange_texture-1.png\",\"width\":512,\"height\":512,\"caption\":\"Musique et Equilibre\"},\"image\":{\"@id\":\"https:\/\/musique-equilibre.com\/me\/#\/schema\/logo\/image\/\"},\"sameAs\":[\"https:\/\/www.facebook.com\/MusiqueetEquilibre45\",\"https:\/\/x.com\/Musiquequilibre\",\"https:\/\/www.instagram.com\/musique_et_equilibre_\/\",\"https:\/\/www.linkedin.com\/company\/musique-&amp;-equilibre\/\",\"https:\/\/www.youtube.com\/c\/MusiqueEquilibreOrleans\/\"]}]}<\/script>\n<!-- \/ Yoast SEO plugin. -->","yoast_head_json":{"title":"Ch\u0153ur musiques actuelles - Musique et Equilibre","description":"D\u00e9couvrez et rejoignez le ch\u0153ur musiques actuelles de Franck Sall\u00e9 ! Cet atelier du cursus loisirs, se d\u00e9roule \u00e0 l'Argonaute.","robots":{"index":"index","follow":"follow","max-snippet":"max-snippet:-1","max-image-preview":"max-image-preview:large","max-video-preview":"max-video-preview:-1"},"canonical":"https:\/\/musique-equilibre.com\/me\/index.php\/atelier-choeur-musiques-actuelles\/","og_locale":"fr_FR","og_type":"article","og_title":"Ch\u0153ur musiques actuelles - Musique et Equilibre","og_description":"D\u00e9couvrez et rejoignez le ch\u0153ur musiques actuelles de Franck Sall\u00e9 ! Cet atelier du cursus loisirs, se d\u00e9roule \u00e0 l'Argonaute.","og_url":"https:\/\/musique-equilibre.com\/me\/index.php\/atelier-choeur-musiques-actuelles\/","og_site_name":"Musique et Equilibre","article_publisher":"https:\/\/www.facebook.com\/MusiqueetEquilibre45","article_modified_time":"2025-08-25T12:55:21+00:00","og_image":[{"width":2560,"height":1441,"url":"https:\/\/musique-equilibre.com\/me\/wp-content\/uploads\/2022\/11\/Atelier-O-Feeling-scaled.jpg","type":"image\/jpeg"}],"twitter_card":"summary_large_image","twitter_site":"@Musiquequilibre","twitter_misc":{"Dur\u00e9e de lecture estim\u00e9e":"1 minute"},"schema":{"@context":"https:\/\/schema.org","@graph":[{"@type":"WebPage","@id":"https:\/\/musique-equilibre.com\/me\/index.php\/atelier-choeur-musiques-actuelles\/","url":"https:\/\/musique-equilibre.com\/me\/index.php\/atelier-choeur-musiques-actuelles\/","name":"Ch\u0153ur musiques actuelles - Musique et Equilibre","isPartOf":{"@id":"https:\/\/musique-equilibre.com\/me\/#website"},"primaryImageOfPage":{"@id":"https:\/\/musique-equilibre.com\/me\/index.php\/atelier-choeur-musiques-actuelles\/#primaryimage"},"image":{"@id":"https:\/\/musique-equilibre.com\/me\/index.php\/atelier-choeur-musiques-actuelles\/#primaryimage"},"thumbnailUrl":"https:\/\/musique-equilibre.com\/me\/wp-content\/uploads\/2022\/11\/Atelier-O-Feeling-scaled.jpg","datePublished":"2022-06-15T17:05:17+00:00","dateModified":"2025-08-25T12:55:21+00:00","description":"D\u00e9couvrez et rejoignez le ch\u0153ur musiques actuelles de Franck Sall\u00e9 ! Cet atelier du cursus loisirs, se d\u00e9roule \u00e0 l'Argonaute.","breadcrumb":{"@id":"https:\/\/musique-equilibre.com\/me\/index.php\/atelier-choeur-musiques-actuelles\/#breadcrumb"},"inLanguage":"fr-FR","potentialAction":[{"@type":"ReadAction","target":["https:\/\/musique-equilibre.com\/me\/index.php\/atelier-choeur-musiques-actuelles\/"]}]},{"@type":"ImageObject","inLanguage":"fr-FR","@id":"https:\/\/musique-equilibre.com\/me\/index.php\/atelier-choeur-musiques-actuelles\/#primaryimage","url":"https:\/\/musique-equilibre.com\/me\/wp-content\/uploads\/2022\/11\/Atelier-O-Feeling-scaled.jpg","contentUrl":"https:\/\/musique-equilibre.com\/me\/wp-content\/uploads\/2022\/11\/Atelier-O-Feeling-scaled.jpg","width":2560,"height":1441,"caption":"choeur musiques actuelles franck sall\u00e9 \u00f4 feeling"},{"@type":"BreadcrumbList","@id":"https:\/\/musique-equilibre.com\/me\/index.php\/atelier-choeur-musiques-actuelles\/#breadcrumb","itemListElement":[{"@type":"ListItem","position":1,"name":"Accueil","item":"https:\/\/musique-equilibre.com\/me\/"},{"@type":"ListItem","position":2,"name":"Ch\u0153ur musiques actuelles"}]},{"@type":"WebSite","@id":"https:\/\/musique-equilibre.com\/me\/#website","url":"https:\/\/musique-equilibre.com\/me\/","name":"Musique et Equilibre","description":"","publisher":{"@id":"https:\/\/musique-equilibre.com\/me\/#organization"},"potentialAction":[{"@type":"SearchAction","target":{"@type":"EntryPoint","urlTemplate":"https:\/\/musique-equilibre.com\/me\/?s={search_term_string}"},"query-input":{"@type":"PropertyValueSpecification","valueRequired":true,"valueName":"search_term_string"}}],"inLanguage":"fr-FR"},{"@type":"Organization","@id":"https:\/\/musique-equilibre.com\/me\/#organization","name":"Musique et Equilibre","alternateName":"\u00c9cole de musique et salle de concert \u00e0 Orl\u00e9ans","url":"https:\/\/musique-equilibre.com\/me\/","logo":{"@type":"ImageObject","inLanguage":"fr-FR","@id":"https:\/\/musique-equilibre.com\/me\/#\/schema\/logo\/image\/","url":"https:\/\/musique-equilibre.com\/me\/wp-content\/uploads\/2022\/11\/cropped-Logo_orange_texture-1.png","contentUrl":"https:\/\/musique-equilibre.com\/me\/wp-content\/uploads\/2022\/11\/cropped-Logo_orange_texture-1.png","width":512,"height":512,"caption":"Musique et Equilibre"},"image":{"@id":"https:\/\/musique-equilibre.com\/me\/#\/schema\/logo\/image\/"},"sameAs":["https:\/\/www.facebook.com\/MusiqueetEquilibre45","https:\/\/x.com\/Musiquequilibre","https:\/\/www.instagram.com\/musique_et_equilibre_\/","https:\/\/www.linkedin.com\/company\/musique-&amp;-equilibre\/","https:\/\/www.youtube.com\/c\/MusiqueEquilibreOrleans\/"]}]}},"_links":{"self":[{"href":"https:\/\/musique-equilibre.com\/me\/index.php\/wp-json\/wp\/v2\/pages\/9689","targetHints":{"allow":["GET"]}}],"collection":[{"href":"https:\/\/musique-equilibre.com\/me\/index.php\/wp-json\/wp\/v2\/pages"}],"about":[{"href":"https:\/\/musique-equilibre.com\/me\/index.php\/wp-json\/wp\/v2\/types\/page"}],"author":[{"embeddable":true,"href":"https:\/\/musique-equilibre.com\/me\/index.php\/wp-json\/wp\/v2\/users\/1"}],"replies":[{"embeddable":true,"href":"https:\/\/musique-equilibre.com\/me\/index.php\/wp-json\/wp\/v2\/comments?post=9689"}],"version-history":[{"count":7,"href":"https:\/\/musique-equilibre.com\/me\/index.php\/wp-json\/wp\/v2\/pages\/9689\/revisions"}],"predecessor-version":[{"id":17717,"href":"https:\/\/musique-equilibre.com\/me\/index.php\/wp-json\/wp\/v2\/pages\/9689\/revisions\/17717"}],"wp:featuredmedia":[{"embeddable":true,"href":"https:\/\/musique-equilibre.com\/me\/index.php\/wp-json\/wp\/v2\/media\/10765"}],"wp:attachment":[{"href":"https:\/\/musique-equilibre.com\/me\/index.php\/wp-json\/wp\/v2\/media?parent=9689"}],"curies":[{"name":"wp","href":"https:\/\/api.w.org\/{rel}","templated":true}]}}