{"id":9555,"date":"2022-06-02T16:55:38","date_gmt":"2022-06-02T14:55:38","guid":{"rendered":"http:\/\/musique-equilibre.com\/me\/?page_id=9555"},"modified":"2022-11-24T17:15:53","modified_gmt":"2022-11-24T16:15:53","slug":"atelier-percussions","status":"publish","type":"page","link":"https:\/\/musique-equilibre.com\/me\/index.php\/atelier-percussions\/","title":{"rendered":"Atelier Percussions"},"content":{"rendered":"<div class=\"wp-block-image\">\n<figure class=\"aligncenter size-large is-resized\"><img fetchpriority=\"high\" decoding=\"async\" src=\"https:\/\/musique-equilibre.com\/me\/wp-content\/uploads\/2022\/11\/Atelier-Percussions-1024x683.jpg\" alt=\"atelier percussions eric l'heud\u00e9 orl\u00e9ans\" class=\"wp-image-10755\" width=\"512\" height=\"342\" srcset=\"https:\/\/musique-equilibre.com\/me\/wp-content\/uploads\/2022\/11\/Atelier-Percussions-1024x683.jpg 1024w, https:\/\/musique-equilibre.com\/me\/wp-content\/uploads\/2022\/11\/Atelier-Percussions-300x200.jpg 300w, https:\/\/musique-equilibre.com\/me\/wp-content\/uploads\/2022\/11\/Atelier-Percussions-150x100.jpg 150w, https:\/\/musique-equilibre.com\/me\/wp-content\/uploads\/2022\/11\/Atelier-Percussions-768x512.jpg 768w, https:\/\/musique-equilibre.com\/me\/wp-content\/uploads\/2022\/11\/Atelier-Percussions-1536x1024.jpg 1536w, https:\/\/musique-equilibre.com\/me\/wp-content\/uploads\/2022\/11\/Atelier-Percussions-2048x1365.jpg 2048w\" sizes=\"(max-width: 512px) 100vw, 512px\" \/><\/figure><\/div>\n\n\n<h2 class=\"has-text-align-center wp-block-heading\">Atelier Percussions<\/h2>\n\n\n\n<hr class=\"wp-block-separator has-css-opacity\"\/>\n\n\n\n<p>L\u2019atelier percussion est encadr\u00e9 par&nbsp;<a href=\"https:\/\/musique-equilibre.com\/me\/index.php\/2019\/09\/02\/bio-eric-lheude\/\">\u00c9ric L\u2019Heud\u00e9<\/a>. Il accueille les personnes d\u00e9sireuses de jouer en groupe et d\u2019apprendre la technique des percussions tel&nbsp;: djemb\u00e9, congas, dundun, cloches, maracas etc. Cet atelier est ax\u00e9, principalement, en direction des percussions africaines et latines. Jouer avec d\u2019autres, \u00e9couter, suivre un tempo, une structure. D\u00e9velopper la cr\u00e9ativit\u00e9 et l\u2019expression musicale. L\u2019improvisation&nbsp;et la libert\u00e9 de jeu ont une grande part dans ces musiques.<br>Mais l\u2019atelier est aussi ouvert \u00e0 toutes personnes d\u00e9sirant approfondir la connaissance du rythme, la fa\u00e7on de le jouer, de le lire, de l\u2019\u00e9crire, de le relever. Peu importe l\u2019instrument pratiqu\u00e9 et on chante aussi.<\/p>\n\n\n\n<p class=\"has-text-align-center\"><a href=\"https:\/\/le108.org\/\">Argonaute<\/a>&nbsp;&#8211; mercredi &#8211; \u00e0 d\u00e9finir<\/p>\n","protected":false},"excerpt":{"rendered":"<p>Atelier Percussions L\u2019atelier percussion est encadr\u00e9 par&nbsp;\u00c9ric L\u2019Heud\u00e9. Il accueille les personnes d\u00e9sireuses de jouer en groupe et d\u2019apprendre la technique des percussions tel&nbsp;: djemb\u00e9, congas, dundun, cloches, maracas etc. Cet atelier est ax\u00e9, principalement, en direction des percussions africaines et latines. Jouer avec d\u2019autres, \u00e9couter, suivre un tempo, une structure. D\u00e9velopper la cr\u00e9ativit\u00e9 et [&hellip;]<\/p>\n","protected":false},"author":1,"featured_media":0,"parent":0,"menu_order":0,"comment_status":"closed","ping_status":"closed","template":"","meta":{"footnotes":""},"class_list":["post-9555","page","type-page","status-publish","czr-hentry"],"yoast_head":"<!-- This site is optimized with the Yoast SEO plugin v26.8 - https:\/\/yoast.com\/product\/yoast-seo-wordpress\/ -->\n<title>Atelier Percussions - Musique et Equilibre<\/title>\n<meta name=\"description\" content=\"D\u00e9couvrez et rejoignez l&#039;atelier Percussions d&#039;Eric L&#039;Heud\u00e9 ! Cet atelier du cursus loisirs, se d\u00e9roule \u00e0 l&#039;Argonaute.\" \/>\n<meta name=\"robots\" content=\"index, follow, max-snippet:-1, max-image-preview:large, max-video-preview:-1\" \/>\n<link rel=\"canonical\" href=\"https:\/\/musique-equilibre.com\/me\/index.php\/atelier-percussions\/\" \/>\n<meta property=\"og:locale\" content=\"fr_FR\" \/>\n<meta property=\"og:type\" content=\"article\" \/>\n<meta property=\"og:title\" content=\"Atelier Percussions - Musique et Equilibre\" \/>\n<meta property=\"og:description\" content=\"D\u00e9couvrez et rejoignez l&#039;atelier Percussions d&#039;Eric L&#039;Heud\u00e9 ! Cet atelier du cursus loisirs, se d\u00e9roule \u00e0 l&#039;Argonaute.\" \/>\n<meta property=\"og:url\" content=\"https:\/\/musique-equilibre.com\/me\/index.php\/atelier-percussions\/\" \/>\n<meta property=\"og:site_name\" content=\"Musique et Equilibre\" \/>\n<meta property=\"article:publisher\" content=\"https:\/\/www.facebook.com\/MusiqueetEquilibre45\" \/>\n<meta property=\"article:modified_time\" content=\"2022-11-24T16:15:53+00:00\" \/>\n<meta property=\"og:image\" content=\"http:\/\/musique-equilibre.com\/me\/wp-content\/uploads\/2022\/11\/Atelier-Percussions-1024x683.jpg\" \/>\n<meta name=\"twitter:card\" content=\"summary_large_image\" \/>\n<meta name=\"twitter:site\" content=\"@Musiquequilibre\" \/>\n<meta name=\"twitter:label1\" content=\"Dur\u00e9e de lecture estim\u00e9e\" \/>\n\t<meta name=\"twitter:data1\" content=\"1 minute\" \/>\n<script type=\"application\/ld+json\" class=\"yoast-schema-graph\">{\"@context\":\"https:\/\/schema.org\",\"@graph\":[{\"@type\":\"WebPage\",\"@id\":\"https:\/\/musique-equilibre.com\/me\/index.php\/atelier-percussions\/\",\"url\":\"https:\/\/musique-equilibre.com\/me\/index.php\/atelier-percussions\/\",\"name\":\"Atelier Percussions - Musique et Equilibre\",\"isPartOf\":{\"@id\":\"https:\/\/musique-equilibre.com\/me\/#website\"},\"primaryImageOfPage\":{\"@id\":\"https:\/\/musique-equilibre.com\/me\/index.php\/atelier-percussions\/#primaryimage\"},\"image\":{\"@id\":\"https:\/\/musique-equilibre.com\/me\/index.php\/atelier-percussions\/#primaryimage\"},\"thumbnailUrl\":\"http:\/\/musique-equilibre.com\/me\/wp-content\/uploads\/2022\/11\/Atelier-Percussions-1024x683.jpg\",\"datePublished\":\"2022-06-02T14:55:38+00:00\",\"dateModified\":\"2022-11-24T16:15:53+00:00\",\"description\":\"D\u00e9couvrez et rejoignez l'atelier Percussions d'Eric L'Heud\u00e9 ! Cet atelier du cursus loisirs, se d\u00e9roule \u00e0 l'Argonaute.\",\"breadcrumb\":{\"@id\":\"https:\/\/musique-equilibre.com\/me\/index.php\/atelier-percussions\/#breadcrumb\"},\"inLanguage\":\"fr-FR\",\"potentialAction\":[{\"@type\":\"ReadAction\",\"target\":[\"https:\/\/musique-equilibre.com\/me\/index.php\/atelier-percussions\/\"]}]},{\"@type\":\"ImageObject\",\"inLanguage\":\"fr-FR\",\"@id\":\"https:\/\/musique-equilibre.com\/me\/index.php\/atelier-percussions\/#primaryimage\",\"url\":\"http:\/\/musique-equilibre.com\/me\/wp-content\/uploads\/2022\/11\/Atelier-Percussions-1024x683.jpg\",\"contentUrl\":\"http:\/\/musique-equilibre.com\/me\/wp-content\/uploads\/2022\/11\/Atelier-Percussions-1024x683.jpg\"},{\"@type\":\"BreadcrumbList\",\"@id\":\"https:\/\/musique-equilibre.com\/me\/index.php\/atelier-percussions\/#breadcrumb\",\"itemListElement\":[{\"@type\":\"ListItem\",\"position\":1,\"name\":\"Accueil\",\"item\":\"https:\/\/musique-equilibre.com\/me\/\"},{\"@type\":\"ListItem\",\"position\":2,\"name\":\"Atelier Percussions\"}]},{\"@type\":\"WebSite\",\"@id\":\"https:\/\/musique-equilibre.com\/me\/#website\",\"url\":\"https:\/\/musique-equilibre.com\/me\/\",\"name\":\"Musique et Equilibre\",\"description\":\"\",\"publisher\":{\"@id\":\"https:\/\/musique-equilibre.com\/me\/#organization\"},\"potentialAction\":[{\"@type\":\"SearchAction\",\"target\":{\"@type\":\"EntryPoint\",\"urlTemplate\":\"https:\/\/musique-equilibre.com\/me\/?s={search_term_string}\"},\"query-input\":{\"@type\":\"PropertyValueSpecification\",\"valueRequired\":true,\"valueName\":\"search_term_string\"}}],\"inLanguage\":\"fr-FR\"},{\"@type\":\"Organization\",\"@id\":\"https:\/\/musique-equilibre.com\/me\/#organization\",\"name\":\"Musique et Equilibre\",\"alternateName\":\"\u00c9cole de musique et salle de concert \u00e0 Orl\u00e9ans\",\"url\":\"https:\/\/musique-equilibre.com\/me\/\",\"logo\":{\"@type\":\"ImageObject\",\"inLanguage\":\"fr-FR\",\"@id\":\"https:\/\/musique-equilibre.com\/me\/#\/schema\/logo\/image\/\",\"url\":\"https:\/\/musique-equilibre.com\/me\/wp-content\/uploads\/2022\/11\/cropped-Logo_orange_texture-1.png\",\"contentUrl\":\"https:\/\/musique-equilibre.com\/me\/wp-content\/uploads\/2022\/11\/cropped-Logo_orange_texture-1.png\",\"width\":512,\"height\":512,\"caption\":\"Musique et Equilibre\"},\"image\":{\"@id\":\"https:\/\/musique-equilibre.com\/me\/#\/schema\/logo\/image\/\"},\"sameAs\":[\"https:\/\/www.facebook.com\/MusiqueetEquilibre45\",\"https:\/\/x.com\/Musiquequilibre\",\"https:\/\/www.instagram.com\/musique_et_equilibre_\/\",\"https:\/\/www.linkedin.com\/company\/musique-&amp;-equilibre\/\",\"https:\/\/www.youtube.com\/c\/MusiqueEquilibreOrleans\/\"]}]}<\/script>\n<!-- \/ Yoast SEO plugin. -->","yoast_head_json":{"title":"Atelier Percussions - Musique et Equilibre","description":"D\u00e9couvrez et rejoignez l'atelier Percussions d'Eric L'Heud\u00e9 ! Cet atelier du cursus loisirs, se d\u00e9roule \u00e0 l'Argonaute.","robots":{"index":"index","follow":"follow","max-snippet":"max-snippet:-1","max-image-preview":"max-image-preview:large","max-video-preview":"max-video-preview:-1"},"canonical":"https:\/\/musique-equilibre.com\/me\/index.php\/atelier-percussions\/","og_locale":"fr_FR","og_type":"article","og_title":"Atelier Percussions - Musique et Equilibre","og_description":"D\u00e9couvrez et rejoignez l'atelier Percussions d'Eric L'Heud\u00e9 ! Cet atelier du cursus loisirs, se d\u00e9roule \u00e0 l'Argonaute.","og_url":"https:\/\/musique-equilibre.com\/me\/index.php\/atelier-percussions\/","og_site_name":"Musique et Equilibre","article_publisher":"https:\/\/www.facebook.com\/MusiqueetEquilibre45","article_modified_time":"2022-11-24T16:15:53+00:00","og_image":[{"url":"http:\/\/musique-equilibre.com\/me\/wp-content\/uploads\/2022\/11\/Atelier-Percussions-1024x683.jpg","type":"","width":"","height":""}],"twitter_card":"summary_large_image","twitter_site":"@Musiquequilibre","twitter_misc":{"Dur\u00e9e de lecture estim\u00e9e":"1 minute"},"schema":{"@context":"https:\/\/schema.org","@graph":[{"@type":"WebPage","@id":"https:\/\/musique-equilibre.com\/me\/index.php\/atelier-percussions\/","url":"https:\/\/musique-equilibre.com\/me\/index.php\/atelier-percussions\/","name":"Atelier Percussions - Musique et Equilibre","isPartOf":{"@id":"https:\/\/musique-equilibre.com\/me\/#website"},"primaryImageOfPage":{"@id":"https:\/\/musique-equilibre.com\/me\/index.php\/atelier-percussions\/#primaryimage"},"image":{"@id":"https:\/\/musique-equilibre.com\/me\/index.php\/atelier-percussions\/#primaryimage"},"thumbnailUrl":"http:\/\/musique-equilibre.com\/me\/wp-content\/uploads\/2022\/11\/Atelier-Percussions-1024x683.jpg","datePublished":"2022-06-02T14:55:38+00:00","dateModified":"2022-11-24T16:15:53+00:00","description":"D\u00e9couvrez et rejoignez l'atelier Percussions d'Eric L'Heud\u00e9 ! Cet atelier du cursus loisirs, se d\u00e9roule \u00e0 l'Argonaute.","breadcrumb":{"@id":"https:\/\/musique-equilibre.com\/me\/index.php\/atelier-percussions\/#breadcrumb"},"inLanguage":"fr-FR","potentialAction":[{"@type":"ReadAction","target":["https:\/\/musique-equilibre.com\/me\/index.php\/atelier-percussions\/"]}]},{"@type":"ImageObject","inLanguage":"fr-FR","@id":"https:\/\/musique-equilibre.com\/me\/index.php\/atelier-percussions\/#primaryimage","url":"http:\/\/musique-equilibre.com\/me\/wp-content\/uploads\/2022\/11\/Atelier-Percussions-1024x683.jpg","contentUrl":"http:\/\/musique-equilibre.com\/me\/wp-content\/uploads\/2022\/11\/Atelier-Percussions-1024x683.jpg"},{"@type":"BreadcrumbList","@id":"https:\/\/musique-equilibre.com\/me\/index.php\/atelier-percussions\/#breadcrumb","itemListElement":[{"@type":"ListItem","position":1,"name":"Accueil","item":"https:\/\/musique-equilibre.com\/me\/"},{"@type":"ListItem","position":2,"name":"Atelier Percussions"}]},{"@type":"WebSite","@id":"https:\/\/musique-equilibre.com\/me\/#website","url":"https:\/\/musique-equilibre.com\/me\/","name":"Musique et Equilibre","description":"","publisher":{"@id":"https:\/\/musique-equilibre.com\/me\/#organization"},"potentialAction":[{"@type":"SearchAction","target":{"@type":"EntryPoint","urlTemplate":"https:\/\/musique-equilibre.com\/me\/?s={search_term_string}"},"query-input":{"@type":"PropertyValueSpecification","valueRequired":true,"valueName":"search_term_string"}}],"inLanguage":"fr-FR"},{"@type":"Organization","@id":"https:\/\/musique-equilibre.com\/me\/#organization","name":"Musique et Equilibre","alternateName":"\u00c9cole de musique et salle de concert \u00e0 Orl\u00e9ans","url":"https:\/\/musique-equilibre.com\/me\/","logo":{"@type":"ImageObject","inLanguage":"fr-FR","@id":"https:\/\/musique-equilibre.com\/me\/#\/schema\/logo\/image\/","url":"https:\/\/musique-equilibre.com\/me\/wp-content\/uploads\/2022\/11\/cropped-Logo_orange_texture-1.png","contentUrl":"https:\/\/musique-equilibre.com\/me\/wp-content\/uploads\/2022\/11\/cropped-Logo_orange_texture-1.png","width":512,"height":512,"caption":"Musique et Equilibre"},"image":{"@id":"https:\/\/musique-equilibre.com\/me\/#\/schema\/logo\/image\/"},"sameAs":["https:\/\/www.facebook.com\/MusiqueetEquilibre45","https:\/\/x.com\/Musiquequilibre","https:\/\/www.instagram.com\/musique_et_equilibre_\/","https:\/\/www.linkedin.com\/company\/musique-&amp;-equilibre\/","https:\/\/www.youtube.com\/c\/MusiqueEquilibreOrleans\/"]}]}},"_links":{"self":[{"href":"https:\/\/musique-equilibre.com\/me\/index.php\/wp-json\/wp\/v2\/pages\/9555","targetHints":{"allow":["GET"]}}],"collection":[{"href":"https:\/\/musique-equilibre.com\/me\/index.php\/wp-json\/wp\/v2\/pages"}],"about":[{"href":"https:\/\/musique-equilibre.com\/me\/index.php\/wp-json\/wp\/v2\/types\/page"}],"author":[{"embeddable":true,"href":"https:\/\/musique-equilibre.com\/me\/index.php\/wp-json\/wp\/v2\/users\/1"}],"replies":[{"embeddable":true,"href":"https:\/\/musique-equilibre.com\/me\/index.php\/wp-json\/wp\/v2\/comments?post=9555"}],"version-history":[{"count":4,"href":"https:\/\/musique-equilibre.com\/me\/index.php\/wp-json\/wp\/v2\/pages\/9555\/revisions"}],"predecessor-version":[{"id":10758,"href":"https:\/\/musique-equilibre.com\/me\/index.php\/wp-json\/wp\/v2\/pages\/9555\/revisions\/10758"}],"wp:attachment":[{"href":"https:\/\/musique-equilibre.com\/me\/index.php\/wp-json\/wp\/v2\/media?parent=9555"}],"curies":[{"name":"wp","href":"https:\/\/api.w.org\/{rel}","templated":true}]}}