{"id":9406,"date":"2022-05-25T17:18:44","date_gmt":"2022-05-25T15:18:44","guid":{"rendered":"http:\/\/musique-equilibre.com\/me\/index.php\/stage-impro-et-big-band-copy\/"},"modified":"2022-06-01T15:36:02","modified_gmt":"2022-06-01T13:36:02","slug":"ateliers-improvisation-orleans","status":"publish","type":"page","link":"https:\/\/musique-equilibre.com\/me\/index.php\/ateliers-improvisation-orleans\/","title":{"rendered":"<p style=\"text-align: center; color: #f15d20;\"><strong><span style=\"font-family: Coves;\"> Carte blanche \/ Ateliers &#8211; Improvisation libre"},"content":{"rendered":"\n<h2 class=\"wp-block-heading\">Carte blanche &#8211; Improvisation libre avec <a href=\"https:\/\/musique-equilibre.com\/me\/index.php\/2019\/09\/10\/paul-davies-coursmusiqueorleans\/\" target=\"_blank\" rel=\"noreferrer noopener\">Paul Davies<\/a><\/h2>\n\n\n\n<p class=\"has-text-align-center\"><br><strong>Apr\u00e8s \u00e7a, l&rsquo;impro n&rsquo;aura plus de secret pour vous !<\/strong><\/p>\n\n\n\n<div class=\"wp-block-themeisle-blocks-advanced-columns has-1-columns has-desktop-equal-layout has-tablet-equal-layout has-mobile-equal-layout has-default-gap has-vertical-unset\" id=\"wp-block-themeisle-blocks-advanced-columns-f97617d9\"><div class=\"wp-block-themeisle-blocks-advanced-columns-overlay\"><\/div><div class=\"innerblocks-wrap\">\n<div class=\"wp-block-themeisle-blocks-advanced-column\" id=\"wp-block-themeisle-blocks-advanced-column-4474fc8d\">\n<h4 class=\"wp-block-heading\"><strong>Informations pratiques :<\/strong><\/h4>\n\n\n\n<h5 class=\"has-luminous-vivid-orange-color has-text-color wp-block-heading\" id=\"block-21c219ff-0539-4eae-b36f-f4df587b1307\">Ateliers Improvisation libre :<\/h5>\n\n\n\n<p>Le jeudi \u00e0 18 au <a href=\"https:\/\/le108.org\/\" target=\"_blank\" rel=\"noreferrer noopener\">108<\/a><br>&#8211; 6 octobre<br>&#8211; 13 octobre<br>&#8211; 20 octobre<br>&#8211; 10 novembre<br>&#8211; 17 novembre<br>&#8211; 24 novembre<br>&#8211; 1 d\u00e9cembre<br>&#8211; 8 d\u00e9cembre<br>&#8211; 15 d\u00e9cembre<br>&#8211; 12 janvier<br><\/p>\n\n\n\n<p>R\u00e9p\u00e9tition avec le Conservatoire : <br>&#8211; le 14 janvier de 14h \u00e0 18h \u00e0 la salle de l&rsquo;Institut <br><br>Concert avec l&rsquo;\u00e9quipe de Conservatoire : <br>&#8211; le 20 janvier \u00e0 19h \u00e0 la salle de l&rsquo;institut<\/p>\n\n\n\n<p><\/p>\n\n\n\n<h5 class=\"has-luminous-vivid-orange-color has-text-color wp-block-heading\">Inscription :<\/h5>\n\n\n\n<p>Pour vous inscrire aux ateliers d&rsquo;improvisation libre merci, de remplir et retourner la fiche d&rsquo;inscription \u00e0 accueil@musique-equilibre.com<\/p>\n\n\n\n<h5 class=\"has-luminous-vivid-orange-color has-text-color wp-block-heading\">Tarif :<\/h5>\n\n\n\n<p>25\u20ac pour les adh\u00e9rents de Musique et Equilibre<br>75\u20ac (+25\u20ac\/adh\u00e9sion) pour les \u00e9l\u00e8ves d&rsquo;autres \u00e9coles de musique du Loiret (fournir un justificatif)<br>125\u20ac (+25\u20ac\/adh\u00e9sion) autres personnes ext\u00e9rieures<br><\/p>\n<\/div>\n<\/div><\/div>\n","protected":false},"excerpt":{"rendered":"<p>Carte blanche &#8211; Improvisation libre avec Paul Davies Apr\u00e8s \u00e7a, l&rsquo;impro n&rsquo;aura plus de secret pour vous !<\/p>\n","protected":false},"author":1,"featured_media":0,"parent":0,"menu_order":0,"comment_status":"closed","ping_status":"closed","template":"","meta":{"footnotes":""},"class_list":["post-9406","page","type-page","status-publish","czr-hentry"],"yoast_head":"<!-- This site is optimized with the Yoast SEO plugin v26.8 - https:\/\/yoast.com\/product\/yoast-seo-wordpress\/ -->\n<title>Carte blanche \/ Ateliers - Improvisation libre - Musique et Equilibre<\/title>\n<meta name=\"description\" content=\"Nouvelle &quot;carte blanche&quot; avec comme th\u00e8me des ateliers sur l&#039;improvisation libre avec Paul Davies ! Les ateliers se d\u00e9roulent \u00e0 Orl\u00e9ans.\" \/>\n<meta name=\"robots\" content=\"index, follow, max-snippet:-1, max-image-preview:large, max-video-preview:-1\" \/>\n<link rel=\"canonical\" href=\"https:\/\/musique-equilibre.com\/me\/index.php\/ateliers-improvisation-orleans\/\" \/>\n<meta property=\"og:locale\" content=\"fr_FR\" \/>\n<meta property=\"og:type\" content=\"article\" \/>\n<meta property=\"og:title\" content=\"Carte blanche \/ Ateliers - Improvisation libre - Musique et Equilibre\" \/>\n<meta property=\"og:description\" content=\"Nouvelle &quot;carte blanche&quot; avec comme th\u00e8me des ateliers sur l&#039;improvisation libre avec Paul Davies ! Les ateliers se d\u00e9roulent \u00e0 Orl\u00e9ans.\" \/>\n<meta property=\"og:url\" content=\"https:\/\/musique-equilibre.com\/me\/index.php\/ateliers-improvisation-orleans\/\" \/>\n<meta property=\"og:site_name\" content=\"Musique et Equilibre\" \/>\n<meta property=\"article:publisher\" content=\"https:\/\/www.facebook.com\/MusiqueetEquilibre45\" \/>\n<meta property=\"article:modified_time\" content=\"2022-06-01T13:36:02+00:00\" \/>\n<meta name=\"twitter:card\" content=\"summary_large_image\" \/>\n<meta name=\"twitter:site\" content=\"@Musiquequilibre\" \/>\n<meta name=\"twitter:label1\" content=\"Dur\u00e9e de lecture estim\u00e9e\" \/>\n\t<meta name=\"twitter:data1\" content=\"1 minute\" \/>\n<script type=\"application\/ld+json\" class=\"yoast-schema-graph\">{\"@context\":\"https:\/\/schema.org\",\"@graph\":[{\"@type\":\"WebPage\",\"@id\":\"https:\/\/musique-equilibre.com\/me\/index.php\/ateliers-improvisation-orleans\/\",\"url\":\"https:\/\/musique-equilibre.com\/me\/index.php\/ateliers-improvisation-orleans\/\",\"name\":\"Carte blanche \/ Ateliers - Improvisation libre - Musique et Equilibre\",\"isPartOf\":{\"@id\":\"https:\/\/musique-equilibre.com\/me\/#website\"},\"datePublished\":\"2022-05-25T15:18:44+00:00\",\"dateModified\":\"2022-06-01T13:36:02+00:00\",\"description\":\"Nouvelle \\\"carte blanche\\\" avec comme th\u00e8me des ateliers sur l'improvisation libre avec Paul Davies ! Les ateliers se d\u00e9roulent \u00e0 Orl\u00e9ans.\",\"breadcrumb\":{\"@id\":\"https:\/\/musique-equilibre.com\/me\/index.php\/ateliers-improvisation-orleans\/#breadcrumb\"},\"inLanguage\":\"fr-FR\",\"potentialAction\":[{\"@type\":\"ReadAction\",\"target\":[\"https:\/\/musique-equilibre.com\/me\/index.php\/ateliers-improvisation-orleans\/\"]}]},{\"@type\":\"BreadcrumbList\",\"@id\":\"https:\/\/musique-equilibre.com\/me\/index.php\/ateliers-improvisation-orleans\/#breadcrumb\",\"itemListElement\":[{\"@type\":\"ListItem\",\"position\":1,\"name\":\"Accueil\",\"item\":\"https:\/\/musique-equilibre.com\/me\/\"},{\"@type\":\"ListItem\",\"position\":2,\"name\":\"Carte blanche \/ Ateliers &#8211; Improvisation libre\"}]},{\"@type\":\"WebSite\",\"@id\":\"https:\/\/musique-equilibre.com\/me\/#website\",\"url\":\"https:\/\/musique-equilibre.com\/me\/\",\"name\":\"Musique et Equilibre\",\"description\":\"\",\"publisher\":{\"@id\":\"https:\/\/musique-equilibre.com\/me\/#organization\"},\"potentialAction\":[{\"@type\":\"SearchAction\",\"target\":{\"@type\":\"EntryPoint\",\"urlTemplate\":\"https:\/\/musique-equilibre.com\/me\/?s={search_term_string}\"},\"query-input\":{\"@type\":\"PropertyValueSpecification\",\"valueRequired\":true,\"valueName\":\"search_term_string\"}}],\"inLanguage\":\"fr-FR\"},{\"@type\":\"Organization\",\"@id\":\"https:\/\/musique-equilibre.com\/me\/#organization\",\"name\":\"Musique et Equilibre\",\"alternateName\":\"\u00c9cole de musique et salle de concert \u00e0 Orl\u00e9ans\",\"url\":\"https:\/\/musique-equilibre.com\/me\/\",\"logo\":{\"@type\":\"ImageObject\",\"inLanguage\":\"fr-FR\",\"@id\":\"https:\/\/musique-equilibre.com\/me\/#\/schema\/logo\/image\/\",\"url\":\"https:\/\/musique-equilibre.com\/me\/wp-content\/uploads\/2022\/11\/cropped-Logo_orange_texture-1.png\",\"contentUrl\":\"https:\/\/musique-equilibre.com\/me\/wp-content\/uploads\/2022\/11\/cropped-Logo_orange_texture-1.png\",\"width\":512,\"height\":512,\"caption\":\"Musique et Equilibre\"},\"image\":{\"@id\":\"https:\/\/musique-equilibre.com\/me\/#\/schema\/logo\/image\/\"},\"sameAs\":[\"https:\/\/www.facebook.com\/MusiqueetEquilibre45\",\"https:\/\/x.com\/Musiquequilibre\",\"https:\/\/www.instagram.com\/musique_et_equilibre_\/\",\"https:\/\/www.linkedin.com\/company\/musique-&amp;-equilibre\/\",\"https:\/\/www.youtube.com\/c\/MusiqueEquilibreOrleans\/\"]}]}<\/script>\n<!-- \/ Yoast SEO plugin. -->","yoast_head_json":{"title":"Carte blanche \/ Ateliers - Improvisation libre - Musique et Equilibre","description":"Nouvelle \"carte blanche\" avec comme th\u00e8me des ateliers sur l'improvisation libre avec Paul Davies ! Les ateliers se d\u00e9roulent \u00e0 Orl\u00e9ans.","robots":{"index":"index","follow":"follow","max-snippet":"max-snippet:-1","max-image-preview":"max-image-preview:large","max-video-preview":"max-video-preview:-1"},"canonical":"https:\/\/musique-equilibre.com\/me\/index.php\/ateliers-improvisation-orleans\/","og_locale":"fr_FR","og_type":"article","og_title":"Carte blanche \/ Ateliers - Improvisation libre - Musique et Equilibre","og_description":"Nouvelle \"carte blanche\" avec comme th\u00e8me des ateliers sur l'improvisation libre avec Paul Davies ! Les ateliers se d\u00e9roulent \u00e0 Orl\u00e9ans.","og_url":"https:\/\/musique-equilibre.com\/me\/index.php\/ateliers-improvisation-orleans\/","og_site_name":"Musique et Equilibre","article_publisher":"https:\/\/www.facebook.com\/MusiqueetEquilibre45","article_modified_time":"2022-06-01T13:36:02+00:00","twitter_card":"summary_large_image","twitter_site":"@Musiquequilibre","twitter_misc":{"Dur\u00e9e de lecture estim\u00e9e":"1 minute"},"schema":{"@context":"https:\/\/schema.org","@graph":[{"@type":"WebPage","@id":"https:\/\/musique-equilibre.com\/me\/index.php\/ateliers-improvisation-orleans\/","url":"https:\/\/musique-equilibre.com\/me\/index.php\/ateliers-improvisation-orleans\/","name":"Carte blanche \/ Ateliers - Improvisation libre - Musique et Equilibre","isPartOf":{"@id":"https:\/\/musique-equilibre.com\/me\/#website"},"datePublished":"2022-05-25T15:18:44+00:00","dateModified":"2022-06-01T13:36:02+00:00","description":"Nouvelle \"carte blanche\" avec comme th\u00e8me des ateliers sur l'improvisation libre avec Paul Davies ! Les ateliers se d\u00e9roulent \u00e0 Orl\u00e9ans.","breadcrumb":{"@id":"https:\/\/musique-equilibre.com\/me\/index.php\/ateliers-improvisation-orleans\/#breadcrumb"},"inLanguage":"fr-FR","potentialAction":[{"@type":"ReadAction","target":["https:\/\/musique-equilibre.com\/me\/index.php\/ateliers-improvisation-orleans\/"]}]},{"@type":"BreadcrumbList","@id":"https:\/\/musique-equilibre.com\/me\/index.php\/ateliers-improvisation-orleans\/#breadcrumb","itemListElement":[{"@type":"ListItem","position":1,"name":"Accueil","item":"https:\/\/musique-equilibre.com\/me\/"},{"@type":"ListItem","position":2,"name":"Carte blanche \/ Ateliers &#8211; Improvisation libre"}]},{"@type":"WebSite","@id":"https:\/\/musique-equilibre.com\/me\/#website","url":"https:\/\/musique-equilibre.com\/me\/","name":"Musique et Equilibre","description":"","publisher":{"@id":"https:\/\/musique-equilibre.com\/me\/#organization"},"potentialAction":[{"@type":"SearchAction","target":{"@type":"EntryPoint","urlTemplate":"https:\/\/musique-equilibre.com\/me\/?s={search_term_string}"},"query-input":{"@type":"PropertyValueSpecification","valueRequired":true,"valueName":"search_term_string"}}],"inLanguage":"fr-FR"},{"@type":"Organization","@id":"https:\/\/musique-equilibre.com\/me\/#organization","name":"Musique et Equilibre","alternateName":"\u00c9cole de musique et salle de concert \u00e0 Orl\u00e9ans","url":"https:\/\/musique-equilibre.com\/me\/","logo":{"@type":"ImageObject","inLanguage":"fr-FR","@id":"https:\/\/musique-equilibre.com\/me\/#\/schema\/logo\/image\/","url":"https:\/\/musique-equilibre.com\/me\/wp-content\/uploads\/2022\/11\/cropped-Logo_orange_texture-1.png","contentUrl":"https:\/\/musique-equilibre.com\/me\/wp-content\/uploads\/2022\/11\/cropped-Logo_orange_texture-1.png","width":512,"height":512,"caption":"Musique et Equilibre"},"image":{"@id":"https:\/\/musique-equilibre.com\/me\/#\/schema\/logo\/image\/"},"sameAs":["https:\/\/www.facebook.com\/MusiqueetEquilibre45","https:\/\/x.com\/Musiquequilibre","https:\/\/www.instagram.com\/musique_et_equilibre_\/","https:\/\/www.linkedin.com\/company\/musique-&amp;-equilibre\/","https:\/\/www.youtube.com\/c\/MusiqueEquilibreOrleans\/"]}]}},"_links":{"self":[{"href":"https:\/\/musique-equilibre.com\/me\/index.php\/wp-json\/wp\/v2\/pages\/9406","targetHints":{"allow":["GET"]}}],"collection":[{"href":"https:\/\/musique-equilibre.com\/me\/index.php\/wp-json\/wp\/v2\/pages"}],"about":[{"href":"https:\/\/musique-equilibre.com\/me\/index.php\/wp-json\/wp\/v2\/types\/page"}],"author":[{"embeddable":true,"href":"https:\/\/musique-equilibre.com\/me\/index.php\/wp-json\/wp\/v2\/users\/1"}],"replies":[{"embeddable":true,"href":"https:\/\/musique-equilibre.com\/me\/index.php\/wp-json\/wp\/v2\/comments?post=9406"}],"version-history":[{"count":4,"href":"https:\/\/musique-equilibre.com\/me\/index.php\/wp-json\/wp\/v2\/pages\/9406\/revisions"}],"predecessor-version":[{"id":9523,"href":"https:\/\/musique-equilibre.com\/me\/index.php\/wp-json\/wp\/v2\/pages\/9406\/revisions\/9523"}],"wp:attachment":[{"href":"https:\/\/musique-equilibre.com\/me\/index.php\/wp-json\/wp\/v2\/media?parent=9406"}],"curies":[{"name":"wp","href":"https:\/\/api.w.org\/{rel}","templated":true}]}}