{"id":8909,"date":"2022-03-18T10:54:26","date_gmt":"2022-03-18T09:54:26","guid":{"rendered":"http:\/\/musique-equilibre.com\/me\/index.php\/equipe-coursmusiqueorleans-copy\/"},"modified":"2025-05-16T10:27:42","modified_gmt":"2025-05-16T08:27:42","slug":"boutique-ecoledemusique","status":"publish","type":"page","link":"https:\/\/musique-equilibre.com\/me\/index.php\/boutique-ecoledemusique\/","title":{"rendered":"<span style=\"font-family: coves;\">Boutique"},"content":{"rendered":"<p style=\"text-align: center;\"><span style=\"font-size: 14pt; font-family: coves;\"><strong>D\u00e9couvrez ici la <a href=\"https:\/\/www.helloasso.com\/associations\/musique-et-equilibre-orleans\/boutiques\/merch\" target=\"_blank\" rel=\"noopener\">boutique<\/a> de l&rsquo;association. Vous y retrouverez tous les albums du <a href=\"https:\/\/musique-equilibre.com\/me\/index.php\/label\/\">label<\/a> Musique et \u00c9quilibre !<\/strong><\/span><\/p>\n<p style=\"text-align: center;\"><span style=\"font-family: coves;\">Pour cela, vous avez plusieurs choix pour commander :<br \/>&#8211; commander via la boutique en ligne (livraison possible)<\/span><br \/><span style=\"font-family: coves;\">&#8211; nous envoyer un message via nos r\u00e9seaux sociaux<\/span><br \/><span style=\"font-family: coves;\">&#8211; nous envoyer un mail \u00e0 accueil@musique-equilibre.com<\/span><br \/><span style=\"font-family: coves;\">&#8211; nous contacter au 02.38.54.81.31<\/span><br \/><span style=\"font-family: coves;\">&#8211; venir \u00e0 l&rsquo;accueil de Musique et \u00c9quilibre au 108 rue de Bourgogne<br \/><\/span><\/p>\n\n\n<iframe id=\"haWidget\" allowtransparency=\"true\" scrolling=\"auto\" src=\"https:\/\/www.helloasso.com\/associations\/musique-et-equilibre-orleans\/boutiques\/merch\/widget\" style=\"width: 100%; height: 750px; border: none;\"><\/iframe>\n\n\n\n<p><\/p>\n","protected":false},"excerpt":{"rendered":"<p>D\u00e9couvrez ici la boutique de l&rsquo;association. Vous y retrouverez tous les albums du label Musique et \u00c9quilibre ! Pour cela, vous avez plusieurs choix pour commander :&#8211; commander via la boutique en ligne (livraison possible)&#8211; nous envoyer un message via nos r\u00e9seaux sociaux&#8211; nous envoyer un mail \u00e0 accueil@musique-equilibre.com&#8211; nous contacter au 02.38.54.81.31&#8211; venir \u00e0 [&hellip;]<\/p>\n","protected":false},"author":1,"featured_media":0,"parent":0,"menu_order":0,"comment_status":"closed","ping_status":"closed","template":"","meta":{"footnotes":""},"class_list":["post-8909","page","type-page","status-publish","czr-hentry"],"yoast_head":"<!-- This site is optimized with the Yoast SEO plugin v26.8 - https:\/\/yoast.com\/product\/yoast-seo-wordpress\/ -->\n<title>Boutique - Musique et Equilibre<\/title>\n<meta name=\"description\" content=\"Retrouvez ici la boutique Musique et \u00c9quilibre ! Tous les produits \u00e0 l&#039;effigie de l&#039;association ainsi que tous les albums de son albums.\" \/>\n<meta name=\"robots\" content=\"index, follow, max-snippet:-1, max-image-preview:large, max-video-preview:-1\" \/>\n<link rel=\"canonical\" href=\"https:\/\/musique-equilibre.com\/me\/index.php\/boutique-ecoledemusique\/\" \/>\n<meta property=\"og:locale\" content=\"fr_FR\" \/>\n<meta property=\"og:type\" content=\"article\" \/>\n<meta property=\"og:title\" content=\"Boutique - Musique et Equilibre\" \/>\n<meta property=\"og:description\" content=\"Retrouvez ici la boutique Musique et \u00c9quilibre ! Tous les produits \u00e0 l&#039;effigie de l&#039;association ainsi que tous les albums de son albums.\" \/>\n<meta property=\"og:url\" content=\"https:\/\/musique-equilibre.com\/me\/index.php\/boutique-ecoledemusique\/\" \/>\n<meta property=\"og:site_name\" content=\"Musique et Equilibre\" \/>\n<meta property=\"article:publisher\" content=\"https:\/\/www.facebook.com\/MusiqueetEquilibre45\" \/>\n<meta property=\"article:modified_time\" content=\"2025-05-16T08:27:42+00:00\" \/>\n<meta name=\"twitter:card\" content=\"summary_large_image\" \/>\n<meta name=\"twitter:site\" content=\"@Musiquequilibre\" \/>\n<meta name=\"twitter:label1\" content=\"Dur\u00e9e de lecture estim\u00e9e\" \/>\n\t<meta name=\"twitter:data1\" content=\"1 minute\" \/>\n<script type=\"application\/ld+json\" class=\"yoast-schema-graph\">{\"@context\":\"https:\/\/schema.org\",\"@graph\":[{\"@type\":\"WebPage\",\"@id\":\"https:\/\/musique-equilibre.com\/me\/index.php\/boutique-ecoledemusique\/\",\"url\":\"https:\/\/musique-equilibre.com\/me\/index.php\/boutique-ecoledemusique\/\",\"name\":\"Boutique - Musique et Equilibre\",\"isPartOf\":{\"@id\":\"https:\/\/musique-equilibre.com\/me\/#website\"},\"datePublished\":\"2022-03-18T09:54:26+00:00\",\"dateModified\":\"2025-05-16T08:27:42+00:00\",\"description\":\"Retrouvez ici la boutique Musique et \u00c9quilibre ! Tous les produits \u00e0 l'effigie de l'association ainsi que tous les albums de son albums.\",\"breadcrumb\":{\"@id\":\"https:\/\/musique-equilibre.com\/me\/index.php\/boutique-ecoledemusique\/#breadcrumb\"},\"inLanguage\":\"fr-FR\",\"potentialAction\":[{\"@type\":\"ReadAction\",\"target\":[\"https:\/\/musique-equilibre.com\/me\/index.php\/boutique-ecoledemusique\/\"]}]},{\"@type\":\"BreadcrumbList\",\"@id\":\"https:\/\/musique-equilibre.com\/me\/index.php\/boutique-ecoledemusique\/#breadcrumb\",\"itemListElement\":[{\"@type\":\"ListItem\",\"position\":1,\"name\":\"Accueil\",\"item\":\"https:\/\/musique-equilibre.com\/me\/\"},{\"@type\":\"ListItem\",\"position\":2,\"name\":\"Boutique\"}]},{\"@type\":\"WebSite\",\"@id\":\"https:\/\/musique-equilibre.com\/me\/#website\",\"url\":\"https:\/\/musique-equilibre.com\/me\/\",\"name\":\"Musique et Equilibre\",\"description\":\"\",\"publisher\":{\"@id\":\"https:\/\/musique-equilibre.com\/me\/#organization\"},\"potentialAction\":[{\"@type\":\"SearchAction\",\"target\":{\"@type\":\"EntryPoint\",\"urlTemplate\":\"https:\/\/musique-equilibre.com\/me\/?s={search_term_string}\"},\"query-input\":{\"@type\":\"PropertyValueSpecification\",\"valueRequired\":true,\"valueName\":\"search_term_string\"}}],\"inLanguage\":\"fr-FR\"},{\"@type\":\"Organization\",\"@id\":\"https:\/\/musique-equilibre.com\/me\/#organization\",\"name\":\"Musique et Equilibre\",\"alternateName\":\"\u00c9cole de musique et salle de concert \u00e0 Orl\u00e9ans\",\"url\":\"https:\/\/musique-equilibre.com\/me\/\",\"logo\":{\"@type\":\"ImageObject\",\"inLanguage\":\"fr-FR\",\"@id\":\"https:\/\/musique-equilibre.com\/me\/#\/schema\/logo\/image\/\",\"url\":\"https:\/\/musique-equilibre.com\/me\/wp-content\/uploads\/2022\/11\/cropped-Logo_orange_texture-1.png\",\"contentUrl\":\"https:\/\/musique-equilibre.com\/me\/wp-content\/uploads\/2022\/11\/cropped-Logo_orange_texture-1.png\",\"width\":512,\"height\":512,\"caption\":\"Musique et Equilibre\"},\"image\":{\"@id\":\"https:\/\/musique-equilibre.com\/me\/#\/schema\/logo\/image\/\"},\"sameAs\":[\"https:\/\/www.facebook.com\/MusiqueetEquilibre45\",\"https:\/\/x.com\/Musiquequilibre\",\"https:\/\/www.instagram.com\/musique_et_equilibre_\/\",\"https:\/\/www.linkedin.com\/company\/musique-&amp;-equilibre\/\",\"https:\/\/www.youtube.com\/c\/MusiqueEquilibreOrleans\/\"]}]}<\/script>\n<!-- \/ Yoast SEO plugin. -->","yoast_head_json":{"title":"Boutique - Musique et Equilibre","description":"Retrouvez ici la boutique Musique et \u00c9quilibre ! Tous les produits \u00e0 l'effigie de l'association ainsi que tous les albums de son albums.","robots":{"index":"index","follow":"follow","max-snippet":"max-snippet:-1","max-image-preview":"max-image-preview:large","max-video-preview":"max-video-preview:-1"},"canonical":"https:\/\/musique-equilibre.com\/me\/index.php\/boutique-ecoledemusique\/","og_locale":"fr_FR","og_type":"article","og_title":"Boutique - Musique et Equilibre","og_description":"Retrouvez ici la boutique Musique et \u00c9quilibre ! Tous les produits \u00e0 l'effigie de l'association ainsi que tous les albums de son albums.","og_url":"https:\/\/musique-equilibre.com\/me\/index.php\/boutique-ecoledemusique\/","og_site_name":"Musique et Equilibre","article_publisher":"https:\/\/www.facebook.com\/MusiqueetEquilibre45","article_modified_time":"2025-05-16T08:27:42+00:00","twitter_card":"summary_large_image","twitter_site":"@Musiquequilibre","twitter_misc":{"Dur\u00e9e de lecture estim\u00e9e":"1 minute"},"schema":{"@context":"https:\/\/schema.org","@graph":[{"@type":"WebPage","@id":"https:\/\/musique-equilibre.com\/me\/index.php\/boutique-ecoledemusique\/","url":"https:\/\/musique-equilibre.com\/me\/index.php\/boutique-ecoledemusique\/","name":"Boutique - Musique et Equilibre","isPartOf":{"@id":"https:\/\/musique-equilibre.com\/me\/#website"},"datePublished":"2022-03-18T09:54:26+00:00","dateModified":"2025-05-16T08:27:42+00:00","description":"Retrouvez ici la boutique Musique et \u00c9quilibre ! Tous les produits \u00e0 l'effigie de l'association ainsi que tous les albums de son albums.","breadcrumb":{"@id":"https:\/\/musique-equilibre.com\/me\/index.php\/boutique-ecoledemusique\/#breadcrumb"},"inLanguage":"fr-FR","potentialAction":[{"@type":"ReadAction","target":["https:\/\/musique-equilibre.com\/me\/index.php\/boutique-ecoledemusique\/"]}]},{"@type":"BreadcrumbList","@id":"https:\/\/musique-equilibre.com\/me\/index.php\/boutique-ecoledemusique\/#breadcrumb","itemListElement":[{"@type":"ListItem","position":1,"name":"Accueil","item":"https:\/\/musique-equilibre.com\/me\/"},{"@type":"ListItem","position":2,"name":"Boutique"}]},{"@type":"WebSite","@id":"https:\/\/musique-equilibre.com\/me\/#website","url":"https:\/\/musique-equilibre.com\/me\/","name":"Musique et Equilibre","description":"","publisher":{"@id":"https:\/\/musique-equilibre.com\/me\/#organization"},"potentialAction":[{"@type":"SearchAction","target":{"@type":"EntryPoint","urlTemplate":"https:\/\/musique-equilibre.com\/me\/?s={search_term_string}"},"query-input":{"@type":"PropertyValueSpecification","valueRequired":true,"valueName":"search_term_string"}}],"inLanguage":"fr-FR"},{"@type":"Organization","@id":"https:\/\/musique-equilibre.com\/me\/#organization","name":"Musique et Equilibre","alternateName":"\u00c9cole de musique et salle de concert \u00e0 Orl\u00e9ans","url":"https:\/\/musique-equilibre.com\/me\/","logo":{"@type":"ImageObject","inLanguage":"fr-FR","@id":"https:\/\/musique-equilibre.com\/me\/#\/schema\/logo\/image\/","url":"https:\/\/musique-equilibre.com\/me\/wp-content\/uploads\/2022\/11\/cropped-Logo_orange_texture-1.png","contentUrl":"https:\/\/musique-equilibre.com\/me\/wp-content\/uploads\/2022\/11\/cropped-Logo_orange_texture-1.png","width":512,"height":512,"caption":"Musique et Equilibre"},"image":{"@id":"https:\/\/musique-equilibre.com\/me\/#\/schema\/logo\/image\/"},"sameAs":["https:\/\/www.facebook.com\/MusiqueetEquilibre45","https:\/\/x.com\/Musiquequilibre","https:\/\/www.instagram.com\/musique_et_equilibre_\/","https:\/\/www.linkedin.com\/company\/musique-&amp;-equilibre\/","https:\/\/www.youtube.com\/c\/MusiqueEquilibreOrleans\/"]}]}},"_links":{"self":[{"href":"https:\/\/musique-equilibre.com\/me\/index.php\/wp-json\/wp\/v2\/pages\/8909","targetHints":{"allow":["GET"]}}],"collection":[{"href":"https:\/\/musique-equilibre.com\/me\/index.php\/wp-json\/wp\/v2\/pages"}],"about":[{"href":"https:\/\/musique-equilibre.com\/me\/index.php\/wp-json\/wp\/v2\/types\/page"}],"author":[{"embeddable":true,"href":"https:\/\/musique-equilibre.com\/me\/index.php\/wp-json\/wp\/v2\/users\/1"}],"replies":[{"embeddable":true,"href":"https:\/\/musique-equilibre.com\/me\/index.php\/wp-json\/wp\/v2\/comments?post=8909"}],"version-history":[{"count":33,"href":"https:\/\/musique-equilibre.com\/me\/index.php\/wp-json\/wp\/v2\/pages\/8909\/revisions"}],"predecessor-version":[{"id":17248,"href":"https:\/\/musique-equilibre.com\/me\/index.php\/wp-json\/wp\/v2\/pages\/8909\/revisions\/17248"}],"wp:attachment":[{"href":"https:\/\/musique-equilibre.com\/me\/index.php\/wp-json\/wp\/v2\/media?parent=8909"}],"curies":[{"name":"wp","href":"https:\/\/api.w.org\/{rel}","templated":true}]}}