{"id":815,"date":"2018-09-06T11:45:34","date_gmt":"2018-09-06T09:45:34","guid":{"rendered":"http:\/\/musique-equilibre.com\/me\/?page_id=815"},"modified":"2026-04-13T14:24:03","modified_gmt":"2026-04-13T12:24:03","slug":"6-7-ans-cours-de-musique","status":"publish","type":"page","link":"https:\/\/musique-equilibre.com\/me\/index.php\/6-7-ans-cours-de-musique\/","title":{"rendered":"5 \u00e0 7 ans cours de musique"},"content":{"rendered":"<h2><span style=\"font-family: 'Nexa rust sans black'; color: #e25417;\"><strong>Atelier d\u00e9couverte, le cours de musique pour les enfants de 5 \u00e0 7 ans<\/strong><\/span><\/h2>\n<p><span style=\"font-family: coves;\">Les enfants sont r\u00e9unis autour d&rsquo;une s\u00e9rie de chansons et de morceaux instrumentaux \u00e9crits par nos professeurs pour former <strong>un v\u00e9ritable orchestre<\/strong>. <\/span><br \/><span style=\"font-family: coves;\">Tout au long de l&rsquo;ann\u00e9e, chaque petit musicien joue tour \u00e0 tour des <strong>percussions, de la basse, du piano, du ukul\u00e9l\u00e9, de la fl\u00fbte et du violon<\/strong>. <\/span><br \/><span style=\"font-family: coves;\">V\u00e9ritable pratique collective avec des instruments et des partitions adapt\u00e9s, l&rsquo;atelier d\u00e9couverte permet \u00e0 l&rsquo;enfant de tester en conditions r\u00e9elles chaque famille d&rsquo;instrument.<\/span><\/p>\n<ul>\n<li><span style=\"font-family: coves;\">Un instrument est fourni aux \u00e9l\u00e8ves \u00e0 chaque s\u00e9quence (contre un ch\u00e8que de caution 80\u20ac). L\u2019enfant pourra emmener l&rsquo;instrument chez lui\/elle \u00e0 la fin du cours, mais devra le rapporter \u00e0 chaque vacances scolaires et \u00e0 la fin de chaque s\u00e9quence afin de changer d&rsquo;instrument.<\/span><\/li>\n<li><span style=\"font-family: coves;\">33 s\u00e9ances\/an<\/span><\/li>\n<\/ul>\n\n\n<div class=\"wp-block-buttons is-layout-flex wp-block-buttons-is-layout-flex\">\n<div class=\"wp-block-button has-custom-width wp-block-button__width-100\"><a class=\"wp-block-button__link has-background wp-element-button\" style=\"background-color:#e25417\">Mercredi<\/a><\/div>\n<\/div>\n\n\n<p><span style=\"font-family: 'Nexa rust sans black'; font-size: 16px;\">Atelier d\u00e9couverte 1ere ann\u00e9e<\/span><br \/><span style=\"font-family: coves;\">14h35-15h35<br \/><\/span>Avec <a href=\"https:\/\/musique-equilibre.com\/me\/index.php\/2022\/05\/18\/bio-julien-robillard\/\" target=\"_blank\" rel=\"noreferrer noopener\">Julien Robillard<\/a> et <span style=\"font-family: coves;\"><a href=\"https:\/\/musique-equilibre.com\/me\/index.php\/2019\/09\/10\/bio-aude-prieur\/\" target=\"_blank\" rel=\"noopener\">Aude Prieur<\/a><\/span><br \/>10 \u00e9l\u00e8ves minimum<br \/>1h de cours<\/p>\n<ul>\n<li><span style=\"font-family: coves;\">14h35 \u00e0 15h05 (Ensemble)<\/span><\/li>\n<li><span style=\"font-family: coves;\">15h05 \u00e0 15h35 (Instruments : Percussions \/ Ukulele \/ Basse \/ Flute \/ Violon \/ Piano)<\/span><\/li>\n<\/ul>\n<p><span style=\"font-family: 'Nexa rust sans black'; font-size: 16px;\">Atelier d\u00e9couverte 2\u00e8me ann\u00e9e<\/span><br \/><span style=\"font-family: coves;\">13h30-14h30<br \/><\/span>Avec <a href=\"https:\/\/musique-equilibre.com\/me\/index.php\/2022\/05\/18\/bio-julien-robillard\/\" target=\"_blank\" rel=\"noreferrer noopener\">Julien Robillard<\/a> et <span style=\"font-family: coves;\"><a href=\"https:\/\/musique-equilibre.com\/me\/index.php\/2019\/09\/10\/bio-aude-prieur\/\" target=\"_blank\" rel=\"noopener\">Aude Prieur<\/a><\/span><br \/>10 \u00e9l\u00e8ves minimum<br \/>1h de cours<\/p>\n<ul>\n<li><span style=\"font-family: coves;\">13h30 \u00e0 14h (Ensemble)<\/span><\/li>\n<li><span style=\"font-family: coves;\">14h \u00e0 14h30 (Instruments : Percussions \/ Ukulele \/ Basse \/ Flute \/ Violon \/ Piano)<\/span><\/li>\n<\/ul>\n\n\n<div class=\"wp-block-buttons is-content-justification-center is-layout-flex wp-container-core-buttons-is-layout-16018d1d wp-block-buttons-is-layout-flex\">\n<div class=\"wp-block-button has-custom-width wp-block-button__width-75 is-style-outline is-style-outline--1\"><a class=\"wp-block-button__link has-text-color has-link-color wp-element-button\" style=\"color:#e25417\">Tarif<\/a><\/div>\n<\/div>\n\n\n<p style=\"text-align: center;\"><span style=\"font-family: coves;\">38\u20ac\/par mois pendant 10 mois (+25\u20ac\/adh\u00e9sion)<\/span><\/p>\n<p style=\"text-align: center;\"><em><span style=\"font-size: 13px;\">engagement annuel, pas de remboursement sauf cas de force majeur<\/span><\/em><\/p>\n\n\n<p><\/p>\n","protected":false},"excerpt":{"rendered":"<p>Atelier d\u00e9couverte, le cours de musique pour les enfants de 5 \u00e0 7 ans Les enfants sont r\u00e9unis autour d&rsquo;une s\u00e9rie de chansons et de morceaux instrumentaux \u00e9crits par nos professeurs pour former un v\u00e9ritable orchestre. Tout au long de l&rsquo;ann\u00e9e, chaque petit musicien joue tour \u00e0 tour des percussions, de la basse, du piano, [&hellip;]<\/p>\n","protected":false},"author":1,"featured_media":0,"parent":0,"menu_order":0,"comment_status":"closed","ping_status":"closed","template":"","meta":{"footnotes":""},"class_list":["post-815","page","type-page","status-publish","czr-hentry"],"yoast_head":"<!-- This site is optimized with the Yoast SEO plugin v26.8 - https:\/\/yoast.com\/product\/yoast-seo-wordpress\/ -->\n<title>5 \u00e0 7 ans cours de musique - Musique et Equilibre<\/title>\n<meta name=\"description\" content=\"Cours de musique pour les 6-7 ans \u00e0 Orl\u00e9ans : d\u00e9couverte des instruments (violon, piano, fl\u00fbte, basse, percussions).\" \/>\n<meta name=\"robots\" content=\"index, follow, max-snippet:-1, max-image-preview:large, max-video-preview:-1\" \/>\n<link rel=\"canonical\" href=\"https:\/\/musique-equilibre.com\/me\/index.php\/6-7-ans-cours-de-musique\/\" \/>\n<meta property=\"og:locale\" content=\"fr_FR\" \/>\n<meta property=\"og:type\" content=\"article\" \/>\n<meta property=\"og:title\" content=\"5 \u00e0 7 ans cours de musique - Musique et Equilibre\" \/>\n<meta property=\"og:description\" content=\"Cours de musique pour les 6-7 ans \u00e0 Orl\u00e9ans : d\u00e9couverte des instruments (violon, piano, fl\u00fbte, basse, percussions).\" \/>\n<meta property=\"og:url\" content=\"https:\/\/musique-equilibre.com\/me\/index.php\/6-7-ans-cours-de-musique\/\" \/>\n<meta property=\"og:site_name\" content=\"Musique et Equilibre\" \/>\n<meta property=\"article:publisher\" content=\"https:\/\/www.facebook.com\/MusiqueetEquilibre45\" \/>\n<meta property=\"article:modified_time\" content=\"2026-04-13T12:24:03+00:00\" \/>\n<meta name=\"twitter:card\" content=\"summary_large_image\" \/>\n<meta name=\"twitter:site\" content=\"@Musiquequilibre\" \/>\n<meta name=\"twitter:label1\" content=\"Dur\u00e9e de lecture estim\u00e9e\" \/>\n\t<meta name=\"twitter:data1\" content=\"2 minutes\" \/>\n<script type=\"application\/ld+json\" class=\"yoast-schema-graph\">{\"@context\":\"https:\/\/schema.org\",\"@graph\":[{\"@type\":\"WebPage\",\"@id\":\"https:\/\/musique-equilibre.com\/me\/index.php\/6-7-ans-cours-de-musique\/\",\"url\":\"https:\/\/musique-equilibre.com\/me\/index.php\/6-7-ans-cours-de-musique\/\",\"name\":\"5 \u00e0 7 ans cours de musique - Musique et Equilibre\",\"isPartOf\":{\"@id\":\"https:\/\/musique-equilibre.com\/me\/#website\"},\"datePublished\":\"2018-09-06T09:45:34+00:00\",\"dateModified\":\"2026-04-13T12:24:03+00:00\",\"description\":\"Cours de musique pour les 6-7 ans \u00e0 Orl\u00e9ans : d\u00e9couverte des instruments (violon, piano, fl\u00fbte, basse, percussions).\",\"breadcrumb\":{\"@id\":\"https:\/\/musique-equilibre.com\/me\/index.php\/6-7-ans-cours-de-musique\/#breadcrumb\"},\"inLanguage\":\"fr-FR\",\"potentialAction\":[{\"@type\":\"ReadAction\",\"target\":[\"https:\/\/musique-equilibre.com\/me\/index.php\/6-7-ans-cours-de-musique\/\"]}]},{\"@type\":\"BreadcrumbList\",\"@id\":\"https:\/\/musique-equilibre.com\/me\/index.php\/6-7-ans-cours-de-musique\/#breadcrumb\",\"itemListElement\":[{\"@type\":\"ListItem\",\"position\":1,\"name\":\"Accueil\",\"item\":\"https:\/\/musique-equilibre.com\/me\/\"},{\"@type\":\"ListItem\",\"position\":2,\"name\":\"5 \u00e0 7 ans cours de musique\"}]},{\"@type\":\"WebSite\",\"@id\":\"https:\/\/musique-equilibre.com\/me\/#website\",\"url\":\"https:\/\/musique-equilibre.com\/me\/\",\"name\":\"Musique et Equilibre\",\"description\":\"\",\"publisher\":{\"@id\":\"https:\/\/musique-equilibre.com\/me\/#organization\"},\"potentialAction\":[{\"@type\":\"SearchAction\",\"target\":{\"@type\":\"EntryPoint\",\"urlTemplate\":\"https:\/\/musique-equilibre.com\/me\/?s={search_term_string}\"},\"query-input\":{\"@type\":\"PropertyValueSpecification\",\"valueRequired\":true,\"valueName\":\"search_term_string\"}}],\"inLanguage\":\"fr-FR\"},{\"@type\":\"Organization\",\"@id\":\"https:\/\/musique-equilibre.com\/me\/#organization\",\"name\":\"Musique et Equilibre\",\"alternateName\":\"\u00c9cole de musique et salle de concert \u00e0 Orl\u00e9ans\",\"url\":\"https:\/\/musique-equilibre.com\/me\/\",\"logo\":{\"@type\":\"ImageObject\",\"inLanguage\":\"fr-FR\",\"@id\":\"https:\/\/musique-equilibre.com\/me\/#\/schema\/logo\/image\/\",\"url\":\"https:\/\/musique-equilibre.com\/me\/wp-content\/uploads\/2022\/11\/cropped-Logo_orange_texture-1.png\",\"contentUrl\":\"https:\/\/musique-equilibre.com\/me\/wp-content\/uploads\/2022\/11\/cropped-Logo_orange_texture-1.png\",\"width\":512,\"height\":512,\"caption\":\"Musique et Equilibre\"},\"image\":{\"@id\":\"https:\/\/musique-equilibre.com\/me\/#\/schema\/logo\/image\/\"},\"sameAs\":[\"https:\/\/www.facebook.com\/MusiqueetEquilibre45\",\"https:\/\/x.com\/Musiquequilibre\",\"https:\/\/www.instagram.com\/musique_et_equilibre_\/\",\"https:\/\/www.linkedin.com\/company\/musique-&amp;-equilibre\/\",\"https:\/\/www.youtube.com\/c\/MusiqueEquilibreOrleans\/\"]}]}<\/script>\n<!-- \/ Yoast SEO plugin. -->","yoast_head_json":{"title":"5 \u00e0 7 ans cours de musique - Musique et Equilibre","description":"Cours de musique pour les 6-7 ans \u00e0 Orl\u00e9ans : d\u00e9couverte des instruments (violon, piano, fl\u00fbte, basse, percussions).","robots":{"index":"index","follow":"follow","max-snippet":"max-snippet:-1","max-image-preview":"max-image-preview:large","max-video-preview":"max-video-preview:-1"},"canonical":"https:\/\/musique-equilibre.com\/me\/index.php\/6-7-ans-cours-de-musique\/","og_locale":"fr_FR","og_type":"article","og_title":"5 \u00e0 7 ans cours de musique - Musique et Equilibre","og_description":"Cours de musique pour les 6-7 ans \u00e0 Orl\u00e9ans : d\u00e9couverte des instruments (violon, piano, fl\u00fbte, basse, percussions).","og_url":"https:\/\/musique-equilibre.com\/me\/index.php\/6-7-ans-cours-de-musique\/","og_site_name":"Musique et Equilibre","article_publisher":"https:\/\/www.facebook.com\/MusiqueetEquilibre45","article_modified_time":"2026-04-13T12:24:03+00:00","twitter_card":"summary_large_image","twitter_site":"@Musiquequilibre","twitter_misc":{"Dur\u00e9e de lecture estim\u00e9e":"2 minutes"},"schema":{"@context":"https:\/\/schema.org","@graph":[{"@type":"WebPage","@id":"https:\/\/musique-equilibre.com\/me\/index.php\/6-7-ans-cours-de-musique\/","url":"https:\/\/musique-equilibre.com\/me\/index.php\/6-7-ans-cours-de-musique\/","name":"5 \u00e0 7 ans cours de musique - Musique et Equilibre","isPartOf":{"@id":"https:\/\/musique-equilibre.com\/me\/#website"},"datePublished":"2018-09-06T09:45:34+00:00","dateModified":"2026-04-13T12:24:03+00:00","description":"Cours de musique pour les 6-7 ans \u00e0 Orl\u00e9ans : d\u00e9couverte des instruments (violon, piano, fl\u00fbte, basse, percussions).","breadcrumb":{"@id":"https:\/\/musique-equilibre.com\/me\/index.php\/6-7-ans-cours-de-musique\/#breadcrumb"},"inLanguage":"fr-FR","potentialAction":[{"@type":"ReadAction","target":["https:\/\/musique-equilibre.com\/me\/index.php\/6-7-ans-cours-de-musique\/"]}]},{"@type":"BreadcrumbList","@id":"https:\/\/musique-equilibre.com\/me\/index.php\/6-7-ans-cours-de-musique\/#breadcrumb","itemListElement":[{"@type":"ListItem","position":1,"name":"Accueil","item":"https:\/\/musique-equilibre.com\/me\/"},{"@type":"ListItem","position":2,"name":"5 \u00e0 7 ans cours de musique"}]},{"@type":"WebSite","@id":"https:\/\/musique-equilibre.com\/me\/#website","url":"https:\/\/musique-equilibre.com\/me\/","name":"Musique et Equilibre","description":"","publisher":{"@id":"https:\/\/musique-equilibre.com\/me\/#organization"},"potentialAction":[{"@type":"SearchAction","target":{"@type":"EntryPoint","urlTemplate":"https:\/\/musique-equilibre.com\/me\/?s={search_term_string}"},"query-input":{"@type":"PropertyValueSpecification","valueRequired":true,"valueName":"search_term_string"}}],"inLanguage":"fr-FR"},{"@type":"Organization","@id":"https:\/\/musique-equilibre.com\/me\/#organization","name":"Musique et Equilibre","alternateName":"\u00c9cole de musique et salle de concert \u00e0 Orl\u00e9ans","url":"https:\/\/musique-equilibre.com\/me\/","logo":{"@type":"ImageObject","inLanguage":"fr-FR","@id":"https:\/\/musique-equilibre.com\/me\/#\/schema\/logo\/image\/","url":"https:\/\/musique-equilibre.com\/me\/wp-content\/uploads\/2022\/11\/cropped-Logo_orange_texture-1.png","contentUrl":"https:\/\/musique-equilibre.com\/me\/wp-content\/uploads\/2022\/11\/cropped-Logo_orange_texture-1.png","width":512,"height":512,"caption":"Musique et Equilibre"},"image":{"@id":"https:\/\/musique-equilibre.com\/me\/#\/schema\/logo\/image\/"},"sameAs":["https:\/\/www.facebook.com\/MusiqueetEquilibre45","https:\/\/x.com\/Musiquequilibre","https:\/\/www.instagram.com\/musique_et_equilibre_\/","https:\/\/www.linkedin.com\/company\/musique-&amp;-equilibre\/","https:\/\/www.youtube.com\/c\/MusiqueEquilibreOrleans\/"]}]}},"_links":{"self":[{"href":"https:\/\/musique-equilibre.com\/me\/index.php\/wp-json\/wp\/v2\/pages\/815","targetHints":{"allow":["GET"]}}],"collection":[{"href":"https:\/\/musique-equilibre.com\/me\/index.php\/wp-json\/wp\/v2\/pages"}],"about":[{"href":"https:\/\/musique-equilibre.com\/me\/index.php\/wp-json\/wp\/v2\/types\/page"}],"author":[{"embeddable":true,"href":"https:\/\/musique-equilibre.com\/me\/index.php\/wp-json\/wp\/v2\/users\/1"}],"replies":[{"embeddable":true,"href":"https:\/\/musique-equilibre.com\/me\/index.php\/wp-json\/wp\/v2\/comments?post=815"}],"version-history":[{"count":53,"href":"https:\/\/musique-equilibre.com\/me\/index.php\/wp-json\/wp\/v2\/pages\/815\/revisions"}],"predecessor-version":[{"id":18746,"href":"https:\/\/musique-equilibre.com\/me\/index.php\/wp-json\/wp\/v2\/pages\/815\/revisions\/18746"}],"wp:attachment":[{"href":"https:\/\/musique-equilibre.com\/me\/index.php\/wp-json\/wp\/v2\/media?parent=815"}],"curies":[{"name":"wp","href":"https:\/\/api.w.org\/{rel}","templated":true}]}}