{"id":812,"date":"2018-09-06T11:44:27","date_gmt":"2018-09-06T09:44:27","guid":{"rendered":"http:\/\/musique-equilibre.com\/me\/?page_id=812"},"modified":"2025-11-05T16:44:18","modified_gmt":"2025-11-05T15:44:18","slug":"5-6-ans-cours-de-musique","status":"publish","type":"page","link":"https:\/\/musique-equilibre.com\/me\/index.php\/5-6-ans-cours-de-musique\/","title":{"rendered":"<span style=\"font-family: coves;\">5-6 ans &#8211; cours de musique"},"content":{"rendered":"<h2><span style=\"font-family: coves; color: #e25417;\">Cours de musique pour les 5-6 ans<\/span><\/h2>\n\n<div class=\"wp-block-image\">\n<figure class=\"alignleft size-full\"><img decoding=\"async\" width=\"117\" height=\"113\" src=\"https:\/\/musique-equilibre.com\/me\/wp-content\/uploads\/2023\/01\/Petite-enfance.png\" alt=\"petite enfance cours de musique orl\u00e9ans loiret\" class=\"wp-image-11006\"\/><\/figure><\/div>\n\n<p><span style=\"font-family: coves;\"><span style=\"color: #e25417;\"><strong>Atelier instrumental, le cours de musique pour les enfants de 5-6 ans<br \/><\/strong><\/span><strong>Exploration ludique de la musique<\/strong> par le jeu, l&rsquo;\u00e9coute active et la <strong>pratique instrumentale<\/strong>. <strong>D\u00e9couverte d&rsquo;instruments et de styles vari\u00e9s<\/strong> tout au long de l&rsquo;ann\u00e9e, jeux de <strong>rythme<\/strong>, d&rsquo;<strong>\u00e9coute<\/strong> et de <strong>cr\u00e9ation<\/strong>. <strong>Chansons et pratique instrumentale<\/strong> adapt\u00e9e avec les instruments de la mallette p\u00e9dagogique fournie en d\u00e9but d&rsquo;ann\u00e9e.<\/span><\/p>\n<ul>\n<li><span style=\"font-family: coves;\"><span style=\"color: #f15d20;\"><span style=\"color: #333333;\">Une mallette instrumentale est fournie \u00e0 chaque \u00e9l\u00e8ve lors de son inscription (contre un ch\u00e8que de caution de 30\u20ac). L&rsquo;enfant pourra emmener la mallette chez lui\/elle \u00e0 la fin du cours.<br \/>Contenue de la mallette instrumentale : paire d&rsquo;oeufs\/maracas &#8211; paire de cloches de poignet &#8211; tambour \u00e0 main &#8211; tambourin &#8211; xylophone et sa paire de baguettes &#8211;\u00a0 paire de clave en bois<\/span><\/span><\/span><\/li>\n<\/ul>\n\n\n<div class=\"wp-block-columns is-layout-flex wp-container-core-columns-is-layout-9d6595d7 wp-block-columns-is-layout-flex\">\n<div class=\"wp-block-column is-layout-flow wp-block-column-is-layout-flow\">\n<div class=\"wp-block-buttons is-layout-flex wp-block-buttons-is-layout-flex\">\n<div class=\"wp-block-button has-custom-width wp-block-button__width-100\"><a class=\"wp-block-button__link has-background wp-element-button\" style=\"background-color:#f15d20\">Mercredi<\/a><\/div>\n<\/div>\n\n\n\n<p>5-6 ans<br \/><span style=\"font-family: coves;\">11h30-12h30<\/span><br \/>Avec <a href=\"https:\/\/musique-equilibre.com\/me\/index.php\/2022\/05\/18\/bio-julien-robillard\/\" target=\"_blank\" rel=\"noreferrer noopener\">Julien Robillard<\/a><br \/>10 \u00e9l\u00e8ves minimum<br \/>1h de cours<\/p>\n<\/div>\n\n\n\n<div class=\"wp-block-column is-layout-flow wp-block-column-is-layout-flow\">\n<p style=\"text-align: center;\"><strong><span style=\"font-size: 20px;\">OU<\/span><\/strong><\/p>\n<\/div>\n\n\n\n<div class=\"wp-block-column is-layout-flow wp-block-column-is-layout-flow\">\n<div class=\"wp-block-buttons is-layout-flex wp-block-buttons-is-layout-flex\">\n<div class=\"wp-block-button has-custom-width wp-block-button__width-100\"><a class=\"wp-block-button__link has-background wp-element-button\" style=\"background-color:#f15d20\">Samedi<\/a><\/div>\n<\/div>\n\n\n\n<p>5-6 ans<br \/><span style=\"font-family: coves;\">11h30-12h30<\/span><br \/>Avec <span style=\"font-family: coves;\"><a href=\"https:\/\/musique-equilibre.com\/me\/index.php\/2019\/09\/10\/bio-aude-prieur\/\" target=\"_blank\" rel=\"noopener\">Aude Prieur<\/a><\/span><br \/>10 \u00e9l\u00e8ves minimum<br \/>1h de cours<\/p>\n<\/div>\n<\/div>\n\n\n\n<div class=\"wp-block-buttons is-layout-flex wp-block-buttons-is-layout-flex\">\n<div class=\"wp-block-button has-custom-width wp-block-button__width-100 is-style-fill\"><a class=\"wp-block-button__link has-background wp-element-button\" style=\"background:linear-gradient(266deg,rgba(252,185,0,1) 0%,rgba(255,105,0,1) 100%)\">Tarifs<\/a><\/div>\n<\/div>\n\n\n\n<p><\/p>\n\n\n\n<div class=\"wp-block-columns is-layout-flex wp-container-core-columns-is-layout-9d6595d7 wp-block-columns-is-layout-flex\">\n<div class=\"wp-block-column is-layout-flow wp-block-column-is-layout-flow\">\n<div class=\"wp-block-buttons is-layout-flex wp-block-buttons-is-layout-flex\">\n<div class=\"wp-block-button has-custom-width wp-block-button__width-100 is-style-outline is-style-outline--1\"><a class=\"wp-block-button__link has-text-color has-link-color wp-element-button\" style=\"color:#f15d20\">Formule Kid&rsquo;Libre<\/a><\/div>\n<\/div>\n\n\n\n<p><span style=\"font-family: coves;\">Engagement annuel (33 s\u00e9ances)<br \/><br \/>29\u20ac\/par mois pendant 10 mois<br \/>(+25\u20ac\/adh\u00e9sion)<\/span><\/p>\n<\/div>\n\n\n\n<div class=\"wp-block-column is-layout-flow wp-block-column-is-layout-flow\">\n<p style=\"text-align: center;\"><span style=\"font-size: 20px;\"><strong>OU<\/strong><\/span><\/p>\n<\/div>\n\n\n\n<div class=\"wp-block-column is-layout-flow wp-block-column-is-layout-flow\">\n<div class=\"wp-block-buttons is-layout-flex wp-block-buttons-is-layout-flex\">\n<div class=\"wp-block-button has-custom-width wp-block-button__width-100 is-style-outline is-style-outline--2\"><a class=\"wp-block-button__link has-text-color has-link-color wp-element-button\" style=\"color:#f15d20\">Formule Kid&rsquo;Cool<\/a><\/div>\n<\/div>\n\n\n\n<p>Engagement 12 s\u00e9ances<br \/><br \/><span style=\"font-family: coves-light;\"><span style=\"font-family: coves;\">36\u20ac\/par mois pendant 3 mois (+25\u20ac\/adh\u00e9sio<\/span>n)<\/span><\/p>\n<\/div>\n<\/div>\n","protected":false},"excerpt":{"rendered":"<p>Cours de musique pour les 5-6 ans Atelier instrumental, le cours de musique pour les enfants de 5-6 ansExploration ludique de la musique par le jeu, l&rsquo;\u00e9coute active et la pratique instrumentale. D\u00e9couverte d&rsquo;instruments et de styles vari\u00e9s tout au long de l&rsquo;ann\u00e9e, jeux de rythme, d&rsquo;\u00e9coute et de cr\u00e9ation. Chansons et pratique instrumentale adapt\u00e9e [&hellip;]<\/p>\n","protected":false},"author":1,"featured_media":0,"parent":0,"menu_order":0,"comment_status":"closed","ping_status":"closed","template":"","meta":{"footnotes":""},"class_list":["post-812","page","type-page","status-publish","czr-hentry"],"yoast_head":"<!-- This site is optimized with the Yoast SEO plugin v26.8 - https:\/\/yoast.com\/product\/yoast-seo-wordpress\/ -->\n<title>5-6 ans - cours de musique - Musique et Equilibre<\/title>\n<meta name=\"description\" content=\"Cours de musique pour les 5-6 ans \u00e0 Orl\u00e9ans : exploration ludique de la musique par le jeu, l&#039;\u00e9coute active et la pratique instrumentale\" \/>\n<meta name=\"robots\" content=\"index, follow, max-snippet:-1, max-image-preview:large, max-video-preview:-1\" \/>\n<link rel=\"canonical\" href=\"https:\/\/musique-equilibre.com\/me\/index.php\/5-6-ans-cours-de-musique\/\" \/>\n<meta property=\"og:locale\" content=\"fr_FR\" \/>\n<meta property=\"og:type\" content=\"article\" \/>\n<meta property=\"og:title\" content=\"5-6 ans - cours de musique - Musique et Equilibre\" \/>\n<meta property=\"og:description\" content=\"Cours de musique pour les 5-6 ans \u00e0 Orl\u00e9ans : exploration ludique de la musique par le jeu, l&#039;\u00e9coute active et la pratique instrumentale\" \/>\n<meta property=\"og:url\" content=\"https:\/\/musique-equilibre.com\/me\/index.php\/5-6-ans-cours-de-musique\/\" \/>\n<meta property=\"og:site_name\" content=\"Musique et Equilibre\" \/>\n<meta property=\"article:publisher\" content=\"https:\/\/www.facebook.com\/MusiqueetEquilibre45\" \/>\n<meta property=\"article:modified_time\" content=\"2025-11-05T15:44:18+00:00\" \/>\n<meta property=\"og:image\" content=\"https:\/\/musique-equilibre.com\/me\/wp-content\/uploads\/2023\/01\/Petite-enfance.png\" \/>\n\t<meta property=\"og:image:width\" content=\"117\" \/>\n\t<meta property=\"og:image:height\" content=\"113\" \/>\n\t<meta property=\"og:image:type\" content=\"image\/png\" \/>\n<meta name=\"twitter:card\" content=\"summary_large_image\" \/>\n<meta name=\"twitter:site\" content=\"@Musiquequilibre\" \/>\n<meta name=\"twitter:label1\" content=\"Dur\u00e9e de lecture estim\u00e9e\" \/>\n\t<meta name=\"twitter:data1\" content=\"2 minutes\" \/>\n<script type=\"application\/ld+json\" class=\"yoast-schema-graph\">{\"@context\":\"https:\/\/schema.org\",\"@graph\":[{\"@type\":\"WebPage\",\"@id\":\"https:\/\/musique-equilibre.com\/me\/index.php\/5-6-ans-cours-de-musique\/\",\"url\":\"https:\/\/musique-equilibre.com\/me\/index.php\/5-6-ans-cours-de-musique\/\",\"name\":\"5-6 ans - cours de musique - Musique et Equilibre\",\"isPartOf\":{\"@id\":\"https:\/\/musique-equilibre.com\/me\/#website\"},\"primaryImageOfPage\":{\"@id\":\"https:\/\/musique-equilibre.com\/me\/index.php\/5-6-ans-cours-de-musique\/#primaryimage\"},\"image\":{\"@id\":\"https:\/\/musique-equilibre.com\/me\/index.php\/5-6-ans-cours-de-musique\/#primaryimage\"},\"thumbnailUrl\":\"https:\/\/musique-equilibre.com\/me\/wp-content\/uploads\/2023\/01\/Petite-enfance.png\",\"datePublished\":\"2018-09-06T09:44:27+00:00\",\"dateModified\":\"2025-11-05T15:44:18+00:00\",\"description\":\"Cours de musique pour les 5-6 ans \u00e0 Orl\u00e9ans : exploration ludique de la musique par le jeu, l'\u00e9coute active et la pratique instrumentale\",\"breadcrumb\":{\"@id\":\"https:\/\/musique-equilibre.com\/me\/index.php\/5-6-ans-cours-de-musique\/#breadcrumb\"},\"inLanguage\":\"fr-FR\",\"potentialAction\":[{\"@type\":\"ReadAction\",\"target\":[\"https:\/\/musique-equilibre.com\/me\/index.php\/5-6-ans-cours-de-musique\/\"]}]},{\"@type\":\"ImageObject\",\"inLanguage\":\"fr-FR\",\"@id\":\"https:\/\/musique-equilibre.com\/me\/index.php\/5-6-ans-cours-de-musique\/#primaryimage\",\"url\":\"https:\/\/musique-equilibre.com\/me\/wp-content\/uploads\/2023\/01\/Petite-enfance.png\",\"contentUrl\":\"https:\/\/musique-equilibre.com\/me\/wp-content\/uploads\/2023\/01\/Petite-enfance.png\",\"width\":117,\"height\":113,\"caption\":\"petite enfance cours de musique orl\u00e9ans loiret\"},{\"@type\":\"BreadcrumbList\",\"@id\":\"https:\/\/musique-equilibre.com\/me\/index.php\/5-6-ans-cours-de-musique\/#breadcrumb\",\"itemListElement\":[{\"@type\":\"ListItem\",\"position\":1,\"name\":\"Accueil\",\"item\":\"https:\/\/musique-equilibre.com\/me\/\"},{\"@type\":\"ListItem\",\"position\":2,\"name\":\"5-6 ans &#8211; cours de musique\"}]},{\"@type\":\"WebSite\",\"@id\":\"https:\/\/musique-equilibre.com\/me\/#website\",\"url\":\"https:\/\/musique-equilibre.com\/me\/\",\"name\":\"Musique et Equilibre\",\"description\":\"\",\"publisher\":{\"@id\":\"https:\/\/musique-equilibre.com\/me\/#organization\"},\"potentialAction\":[{\"@type\":\"SearchAction\",\"target\":{\"@type\":\"EntryPoint\",\"urlTemplate\":\"https:\/\/musique-equilibre.com\/me\/?s={search_term_string}\"},\"query-input\":{\"@type\":\"PropertyValueSpecification\",\"valueRequired\":true,\"valueName\":\"search_term_string\"}}],\"inLanguage\":\"fr-FR\"},{\"@type\":\"Organization\",\"@id\":\"https:\/\/musique-equilibre.com\/me\/#organization\",\"name\":\"Musique et Equilibre\",\"alternateName\":\"\u00c9cole de musique et salle de concert \u00e0 Orl\u00e9ans\",\"url\":\"https:\/\/musique-equilibre.com\/me\/\",\"logo\":{\"@type\":\"ImageObject\",\"inLanguage\":\"fr-FR\",\"@id\":\"https:\/\/musique-equilibre.com\/me\/#\/schema\/logo\/image\/\",\"url\":\"https:\/\/musique-equilibre.com\/me\/wp-content\/uploads\/2022\/11\/cropped-Logo_orange_texture-1.png\",\"contentUrl\":\"https:\/\/musique-equilibre.com\/me\/wp-content\/uploads\/2022\/11\/cropped-Logo_orange_texture-1.png\",\"width\":512,\"height\":512,\"caption\":\"Musique et Equilibre\"},\"image\":{\"@id\":\"https:\/\/musique-equilibre.com\/me\/#\/schema\/logo\/image\/\"},\"sameAs\":[\"https:\/\/www.facebook.com\/MusiqueetEquilibre45\",\"https:\/\/x.com\/Musiquequilibre\",\"https:\/\/www.instagram.com\/musique_et_equilibre_\/\",\"https:\/\/www.linkedin.com\/company\/musique-&amp;-equilibre\/\",\"https:\/\/www.youtube.com\/c\/MusiqueEquilibreOrleans\/\"]}]}<\/script>\n<!-- \/ Yoast SEO plugin. -->","yoast_head_json":{"title":"5-6 ans - cours de musique - Musique et Equilibre","description":"Cours de musique pour les 5-6 ans \u00e0 Orl\u00e9ans : exploration ludique de la musique par le jeu, l'\u00e9coute active et la pratique instrumentale","robots":{"index":"index","follow":"follow","max-snippet":"max-snippet:-1","max-image-preview":"max-image-preview:large","max-video-preview":"max-video-preview:-1"},"canonical":"https:\/\/musique-equilibre.com\/me\/index.php\/5-6-ans-cours-de-musique\/","og_locale":"fr_FR","og_type":"article","og_title":"5-6 ans - cours de musique - Musique et Equilibre","og_description":"Cours de musique pour les 5-6 ans \u00e0 Orl\u00e9ans : exploration ludique de la musique par le jeu, l'\u00e9coute active et la pratique instrumentale","og_url":"https:\/\/musique-equilibre.com\/me\/index.php\/5-6-ans-cours-de-musique\/","og_site_name":"Musique et Equilibre","article_publisher":"https:\/\/www.facebook.com\/MusiqueetEquilibre45","article_modified_time":"2025-11-05T15:44:18+00:00","og_image":[{"width":117,"height":113,"url":"https:\/\/musique-equilibre.com\/me\/wp-content\/uploads\/2023\/01\/Petite-enfance.png","type":"image\/png"}],"twitter_card":"summary_large_image","twitter_site":"@Musiquequilibre","twitter_misc":{"Dur\u00e9e de lecture estim\u00e9e":"2 minutes"},"schema":{"@context":"https:\/\/schema.org","@graph":[{"@type":"WebPage","@id":"https:\/\/musique-equilibre.com\/me\/index.php\/5-6-ans-cours-de-musique\/","url":"https:\/\/musique-equilibre.com\/me\/index.php\/5-6-ans-cours-de-musique\/","name":"5-6 ans - cours de musique - Musique et Equilibre","isPartOf":{"@id":"https:\/\/musique-equilibre.com\/me\/#website"},"primaryImageOfPage":{"@id":"https:\/\/musique-equilibre.com\/me\/index.php\/5-6-ans-cours-de-musique\/#primaryimage"},"image":{"@id":"https:\/\/musique-equilibre.com\/me\/index.php\/5-6-ans-cours-de-musique\/#primaryimage"},"thumbnailUrl":"https:\/\/musique-equilibre.com\/me\/wp-content\/uploads\/2023\/01\/Petite-enfance.png","datePublished":"2018-09-06T09:44:27+00:00","dateModified":"2025-11-05T15:44:18+00:00","description":"Cours de musique pour les 5-6 ans \u00e0 Orl\u00e9ans : exploration ludique de la musique par le jeu, l'\u00e9coute active et la pratique instrumentale","breadcrumb":{"@id":"https:\/\/musique-equilibre.com\/me\/index.php\/5-6-ans-cours-de-musique\/#breadcrumb"},"inLanguage":"fr-FR","potentialAction":[{"@type":"ReadAction","target":["https:\/\/musique-equilibre.com\/me\/index.php\/5-6-ans-cours-de-musique\/"]}]},{"@type":"ImageObject","inLanguage":"fr-FR","@id":"https:\/\/musique-equilibre.com\/me\/index.php\/5-6-ans-cours-de-musique\/#primaryimage","url":"https:\/\/musique-equilibre.com\/me\/wp-content\/uploads\/2023\/01\/Petite-enfance.png","contentUrl":"https:\/\/musique-equilibre.com\/me\/wp-content\/uploads\/2023\/01\/Petite-enfance.png","width":117,"height":113,"caption":"petite enfance cours de musique orl\u00e9ans loiret"},{"@type":"BreadcrumbList","@id":"https:\/\/musique-equilibre.com\/me\/index.php\/5-6-ans-cours-de-musique\/#breadcrumb","itemListElement":[{"@type":"ListItem","position":1,"name":"Accueil","item":"https:\/\/musique-equilibre.com\/me\/"},{"@type":"ListItem","position":2,"name":"5-6 ans &#8211; cours de musique"}]},{"@type":"WebSite","@id":"https:\/\/musique-equilibre.com\/me\/#website","url":"https:\/\/musique-equilibre.com\/me\/","name":"Musique et Equilibre","description":"","publisher":{"@id":"https:\/\/musique-equilibre.com\/me\/#organization"},"potentialAction":[{"@type":"SearchAction","target":{"@type":"EntryPoint","urlTemplate":"https:\/\/musique-equilibre.com\/me\/?s={search_term_string}"},"query-input":{"@type":"PropertyValueSpecification","valueRequired":true,"valueName":"search_term_string"}}],"inLanguage":"fr-FR"},{"@type":"Organization","@id":"https:\/\/musique-equilibre.com\/me\/#organization","name":"Musique et Equilibre","alternateName":"\u00c9cole de musique et salle de concert \u00e0 Orl\u00e9ans","url":"https:\/\/musique-equilibre.com\/me\/","logo":{"@type":"ImageObject","inLanguage":"fr-FR","@id":"https:\/\/musique-equilibre.com\/me\/#\/schema\/logo\/image\/","url":"https:\/\/musique-equilibre.com\/me\/wp-content\/uploads\/2022\/11\/cropped-Logo_orange_texture-1.png","contentUrl":"https:\/\/musique-equilibre.com\/me\/wp-content\/uploads\/2022\/11\/cropped-Logo_orange_texture-1.png","width":512,"height":512,"caption":"Musique et Equilibre"},"image":{"@id":"https:\/\/musique-equilibre.com\/me\/#\/schema\/logo\/image\/"},"sameAs":["https:\/\/www.facebook.com\/MusiqueetEquilibre45","https:\/\/x.com\/Musiquequilibre","https:\/\/www.instagram.com\/musique_et_equilibre_\/","https:\/\/www.linkedin.com\/company\/musique-&amp;-equilibre\/","https:\/\/www.youtube.com\/c\/MusiqueEquilibreOrleans\/"]}]}},"_links":{"self":[{"href":"https:\/\/musique-equilibre.com\/me\/index.php\/wp-json\/wp\/v2\/pages\/812","targetHints":{"allow":["GET"]}}],"collection":[{"href":"https:\/\/musique-equilibre.com\/me\/index.php\/wp-json\/wp\/v2\/pages"}],"about":[{"href":"https:\/\/musique-equilibre.com\/me\/index.php\/wp-json\/wp\/v2\/types\/page"}],"author":[{"embeddable":true,"href":"https:\/\/musique-equilibre.com\/me\/index.php\/wp-json\/wp\/v2\/users\/1"}],"replies":[{"embeddable":true,"href":"https:\/\/musique-equilibre.com\/me\/index.php\/wp-json\/wp\/v2\/comments?post=812"}],"version-history":[{"count":42,"href":"https:\/\/musique-equilibre.com\/me\/index.php\/wp-json\/wp\/v2\/pages\/812\/revisions"}],"predecessor-version":[{"id":18030,"href":"https:\/\/musique-equilibre.com\/me\/index.php\/wp-json\/wp\/v2\/pages\/812\/revisions\/18030"}],"wp:attachment":[{"href":"https:\/\/musique-equilibre.com\/me\/index.php\/wp-json\/wp\/v2\/media?parent=812"}],"curies":[{"name":"wp","href":"https:\/\/api.w.org\/{rel}","templated":true}]}}