{"id":802,"date":"2018-09-06T11:39:52","date_gmt":"2018-09-06T09:39:52","guid":{"rendered":"http:\/\/musique-equilibre.com\/me\/?page_id=802"},"modified":"2026-05-06T11:37:04","modified_gmt":"2026-05-06T09:37:04","slug":"1-a-3-ans-cours-de-musique-parents-enfants","status":"publish","type":"page","link":"https:\/\/musique-equilibre.com\/me\/index.php\/1-a-3-ans-cours-de-musique-parents-enfants\/","title":{"rendered":"1 \u00e0 3 ans cours de musique parents enfants"},"content":{"rendered":"<h2><span style=\"font-family: 'Nexa rust sans black'; color: #e25417;\">Cours de musique Parents Enfants de 1 \u00e0 3 ans<\/span><\/h2>\n<p><span style=\"font-family: coves;\">Premi\u00e8re approche de la musique pour les tout petits par l&rsquo;<strong>immersion sonore, l&rsquo;exp\u00e9rience sensorielle et le jeu<\/strong>. <strong>D\u00e9couverte ludique<\/strong> par le corps, l&rsquo;exploration de la voix, le mouvement et le jeu : imitation, \u00e9motions, timbres et \u00e9coute&#8230;<\/span><br \/><span style=\"font-family: coves;\"><strong>Pratique adapt\u00e9e au d\u00e9veloppement psychomoteur de l&rsquo;enfant<\/strong> tout au long de l&rsquo;ann\u00e9e (chansons, comptines, danse, petits instruments). Les parents sont pr\u00e9sents tout au long de la s\u00e9ance pour partager ce moment musical avec l&rsquo;enfant.<\/span><\/p>\n<ul>\n<li><span style=\"font-family: coves;\">10 s\u00e9ances\/an<\/span><\/li>\n<\/ul>\n\n\n<div class=\"wp-block-columns is-layout-flex wp-container-core-columns-is-layout-9d6595d7 wp-block-columns-is-layout-flex\">\n<div class=\"wp-block-column is-layout-flow wp-block-column-is-layout-flow\">\n<div class=\"wp-block-buttons is-layout-flex wp-block-buttons-is-layout-flex\">\n<div class=\"wp-block-button has-custom-width wp-block-button__width-100\"><a class=\"wp-block-button__link has-background wp-element-button\" style=\"background-color:#e25417\">Mercredi<\/a><\/div>\n<\/div>\n\n\n\n<p>1 \u00e0 3 ans<br \/>9h15-10h<br \/>Avec <a href=\"https:\/\/musique-equilibre.com\/me\/index.php\/2022\/05\/18\/bio-julien-robillard\/\" target=\"_blank\" rel=\"noreferrer noopener\">Julien Robillard<\/a><br \/>6 \u00e9l\u00e8ves minimum<br \/>55 minutes de cours<br \/>Calendrier :<br \/>23 sept \/ 7 oct \/ 25 nov \/ 9 d\u00e9c \/ 20 janv \/ 10 f\u00e9v \/ 17 mars \/ 07 avril \/ 19 mai \/ 9 juin<\/p>\n<\/div>\n<\/div>\n\n\n\n<div class=\"wp-block-buttons is-layout-flex wp-block-buttons-is-layout-flex\">\n<div class=\"wp-block-button has-custom-width wp-block-button__width-100 is-style-outline is-style-outline--1\"><a class=\"wp-block-button__link has-white-background-color has-text-color has-background has-link-color wp-element-button\" style=\"color:#e25417\">TARIFS<\/a><\/div>\n<\/div>\n\n\n\n<div style=\"height:20px\" aria-hidden=\"true\" class=\"wp-block-spacer\"><\/div>\n\n\n\n<div class=\"wp-block-buttons is-content-justification-center is-layout-flex wp-container-core-buttons-is-layout-16018d1d wp-block-buttons-is-layout-flex\">\n<div class=\"wp-block-button has-custom-width wp-block-button__width-50 is-style-outline is-style-outline--2\"><a class=\"wp-block-button__link has-white-background-color has-text-color has-background has-link-color has-text-align-center wp-element-button\" style=\"color:#e25417\">Kid&rsquo;Cool<\/a><\/div>\n<\/div>\n\n\n\n<p class=\"has-text-align-center\">Engagement sur 10 s\u00e9ances<\/p>\n\n\n\n<p class=\"has-text-align-center\">7\u20ac\/par mois pendant 10 mois (+25\u20ac\/adh\u00e9sion)<\/p>\n\n\n\n<p><\/p>\n","protected":false},"excerpt":{"rendered":"<p>Cours de musique Parents Enfants de 1 \u00e0 3 ans Premi\u00e8re approche de la musique pour les tout petits par l&rsquo;immersion sonore, l&rsquo;exp\u00e9rience sensorielle et le jeu. D\u00e9couverte ludique par le corps, l&rsquo;exploration de la voix, le mouvement et le jeu : imitation, \u00e9motions, timbres et \u00e9coute&#8230;Pratique adapt\u00e9e au d\u00e9veloppement psychomoteur de l&rsquo;enfant tout au [&hellip;]<\/p>\n","protected":false},"author":1,"featured_media":0,"parent":0,"menu_order":0,"comment_status":"closed","ping_status":"closed","template":"","meta":{"footnotes":""},"class_list":["post-802","page","type-page","status-publish","czr-hentry"],"yoast_head":"<!-- This site is optimized with the Yoast SEO plugin v26.8 - https:\/\/yoast.com\/product\/yoast-seo-wordpress\/ -->\n<title>1 \u00e0 3 ans cours de musique parents enfants - Musique et Equilibre<\/title>\n<meta name=\"description\" content=\"Cours de musique une fois par mois, le mercredi pour les enfants 1 \u00e0 3 ans avec les parents au 108 \u00e0 Orl\u00e9ans !\" \/>\n<meta name=\"robots\" content=\"index, follow, max-snippet:-1, max-image-preview:large, max-video-preview:-1\" \/>\n<link rel=\"canonical\" href=\"https:\/\/musique-equilibre.com\/me\/index.php\/1-a-3-ans-cours-de-musique-parents-enfants\/\" \/>\n<meta property=\"og:locale\" content=\"fr_FR\" \/>\n<meta property=\"og:type\" content=\"article\" \/>\n<meta property=\"og:title\" content=\"1 \u00e0 3 ans cours de musique parents enfants - Musique et Equilibre\" \/>\n<meta property=\"og:description\" content=\"Cours de musique une fois par mois, le mercredi pour les enfants 1 \u00e0 3 ans avec les parents au 108 \u00e0 Orl\u00e9ans !\" \/>\n<meta property=\"og:url\" content=\"https:\/\/musique-equilibre.com\/me\/index.php\/1-a-3-ans-cours-de-musique-parents-enfants\/\" \/>\n<meta property=\"og:site_name\" content=\"Musique et Equilibre\" \/>\n<meta property=\"article:publisher\" content=\"https:\/\/www.facebook.com\/MusiqueetEquilibre45\" \/>\n<meta property=\"article:modified_time\" content=\"2026-05-06T09:37:04+00:00\" \/>\n<meta name=\"twitter:card\" content=\"summary_large_image\" \/>\n<meta name=\"twitter:site\" content=\"@Musiquequilibre\" \/>\n<meta name=\"twitter:label1\" content=\"Dur\u00e9e de lecture estim\u00e9e\" \/>\n\t<meta name=\"twitter:data1\" content=\"1 minute\" \/>\n<script type=\"application\/ld+json\" class=\"yoast-schema-graph\">{\"@context\":\"https:\/\/schema.org\",\"@graph\":[{\"@type\":\"WebPage\",\"@id\":\"https:\/\/musique-equilibre.com\/me\/index.php\/1-a-3-ans-cours-de-musique-parents-enfants\/\",\"url\":\"https:\/\/musique-equilibre.com\/me\/index.php\/1-a-3-ans-cours-de-musique-parents-enfants\/\",\"name\":\"1 \u00e0 3 ans cours de musique parents enfants - Musique et Equilibre\",\"isPartOf\":{\"@id\":\"https:\/\/musique-equilibre.com\/me\/#website\"},\"datePublished\":\"2018-09-06T09:39:52+00:00\",\"dateModified\":\"2026-05-06T09:37:04+00:00\",\"description\":\"Cours de musique une fois par mois, le mercredi pour les enfants 1 \u00e0 3 ans avec les parents au 108 \u00e0 Orl\u00e9ans !\",\"breadcrumb\":{\"@id\":\"https:\/\/musique-equilibre.com\/me\/index.php\/1-a-3-ans-cours-de-musique-parents-enfants\/#breadcrumb\"},\"inLanguage\":\"fr-FR\",\"potentialAction\":[{\"@type\":\"ReadAction\",\"target\":[\"https:\/\/musique-equilibre.com\/me\/index.php\/1-a-3-ans-cours-de-musique-parents-enfants\/\"]}]},{\"@type\":\"BreadcrumbList\",\"@id\":\"https:\/\/musique-equilibre.com\/me\/index.php\/1-a-3-ans-cours-de-musique-parents-enfants\/#breadcrumb\",\"itemListElement\":[{\"@type\":\"ListItem\",\"position\":1,\"name\":\"Accueil\",\"item\":\"https:\/\/musique-equilibre.com\/me\/\"},{\"@type\":\"ListItem\",\"position\":2,\"name\":\"1 \u00e0 3 ans cours de musique parents enfants\"}]},{\"@type\":\"WebSite\",\"@id\":\"https:\/\/musique-equilibre.com\/me\/#website\",\"url\":\"https:\/\/musique-equilibre.com\/me\/\",\"name\":\"Musique et Equilibre\",\"description\":\"\",\"publisher\":{\"@id\":\"https:\/\/musique-equilibre.com\/me\/#organization\"},\"potentialAction\":[{\"@type\":\"SearchAction\",\"target\":{\"@type\":\"EntryPoint\",\"urlTemplate\":\"https:\/\/musique-equilibre.com\/me\/?s={search_term_string}\"},\"query-input\":{\"@type\":\"PropertyValueSpecification\",\"valueRequired\":true,\"valueName\":\"search_term_string\"}}],\"inLanguage\":\"fr-FR\"},{\"@type\":\"Organization\",\"@id\":\"https:\/\/musique-equilibre.com\/me\/#organization\",\"name\":\"Musique et Equilibre\",\"alternateName\":\"\u00c9cole de musique et salle de concert \u00e0 Orl\u00e9ans\",\"url\":\"https:\/\/musique-equilibre.com\/me\/\",\"logo\":{\"@type\":\"ImageObject\",\"inLanguage\":\"fr-FR\",\"@id\":\"https:\/\/musique-equilibre.com\/me\/#\/schema\/logo\/image\/\",\"url\":\"https:\/\/musique-equilibre.com\/me\/wp-content\/uploads\/2022\/11\/cropped-Logo_orange_texture-1.png\",\"contentUrl\":\"https:\/\/musique-equilibre.com\/me\/wp-content\/uploads\/2022\/11\/cropped-Logo_orange_texture-1.png\",\"width\":512,\"height\":512,\"caption\":\"Musique et Equilibre\"},\"image\":{\"@id\":\"https:\/\/musique-equilibre.com\/me\/#\/schema\/logo\/image\/\"},\"sameAs\":[\"https:\/\/www.facebook.com\/MusiqueetEquilibre45\",\"https:\/\/x.com\/Musiquequilibre\",\"https:\/\/www.instagram.com\/musique_et_equilibre_\/\",\"https:\/\/www.linkedin.com\/company\/musique-&amp;-equilibre\/\",\"https:\/\/www.youtube.com\/c\/MusiqueEquilibreOrleans\/\"]}]}<\/script>\n<!-- \/ Yoast SEO plugin. -->","yoast_head_json":{"title":"1 \u00e0 3 ans cours de musique parents enfants - Musique et Equilibre","description":"Cours de musique une fois par mois, le mercredi pour les enfants 1 \u00e0 3 ans avec les parents au 108 \u00e0 Orl\u00e9ans !","robots":{"index":"index","follow":"follow","max-snippet":"max-snippet:-1","max-image-preview":"max-image-preview:large","max-video-preview":"max-video-preview:-1"},"canonical":"https:\/\/musique-equilibre.com\/me\/index.php\/1-a-3-ans-cours-de-musique-parents-enfants\/","og_locale":"fr_FR","og_type":"article","og_title":"1 \u00e0 3 ans cours de musique parents enfants - Musique et Equilibre","og_description":"Cours de musique une fois par mois, le mercredi pour les enfants 1 \u00e0 3 ans avec les parents au 108 \u00e0 Orl\u00e9ans !","og_url":"https:\/\/musique-equilibre.com\/me\/index.php\/1-a-3-ans-cours-de-musique-parents-enfants\/","og_site_name":"Musique et Equilibre","article_publisher":"https:\/\/www.facebook.com\/MusiqueetEquilibre45","article_modified_time":"2026-05-06T09:37:04+00:00","twitter_card":"summary_large_image","twitter_site":"@Musiquequilibre","twitter_misc":{"Dur\u00e9e de lecture estim\u00e9e":"1 minute"},"schema":{"@context":"https:\/\/schema.org","@graph":[{"@type":"WebPage","@id":"https:\/\/musique-equilibre.com\/me\/index.php\/1-a-3-ans-cours-de-musique-parents-enfants\/","url":"https:\/\/musique-equilibre.com\/me\/index.php\/1-a-3-ans-cours-de-musique-parents-enfants\/","name":"1 \u00e0 3 ans cours de musique parents enfants - Musique et Equilibre","isPartOf":{"@id":"https:\/\/musique-equilibre.com\/me\/#website"},"datePublished":"2018-09-06T09:39:52+00:00","dateModified":"2026-05-06T09:37:04+00:00","description":"Cours de musique une fois par mois, le mercredi pour les enfants 1 \u00e0 3 ans avec les parents au 108 \u00e0 Orl\u00e9ans !","breadcrumb":{"@id":"https:\/\/musique-equilibre.com\/me\/index.php\/1-a-3-ans-cours-de-musique-parents-enfants\/#breadcrumb"},"inLanguage":"fr-FR","potentialAction":[{"@type":"ReadAction","target":["https:\/\/musique-equilibre.com\/me\/index.php\/1-a-3-ans-cours-de-musique-parents-enfants\/"]}]},{"@type":"BreadcrumbList","@id":"https:\/\/musique-equilibre.com\/me\/index.php\/1-a-3-ans-cours-de-musique-parents-enfants\/#breadcrumb","itemListElement":[{"@type":"ListItem","position":1,"name":"Accueil","item":"https:\/\/musique-equilibre.com\/me\/"},{"@type":"ListItem","position":2,"name":"1 \u00e0 3 ans cours de musique parents enfants"}]},{"@type":"WebSite","@id":"https:\/\/musique-equilibre.com\/me\/#website","url":"https:\/\/musique-equilibre.com\/me\/","name":"Musique et Equilibre","description":"","publisher":{"@id":"https:\/\/musique-equilibre.com\/me\/#organization"},"potentialAction":[{"@type":"SearchAction","target":{"@type":"EntryPoint","urlTemplate":"https:\/\/musique-equilibre.com\/me\/?s={search_term_string}"},"query-input":{"@type":"PropertyValueSpecification","valueRequired":true,"valueName":"search_term_string"}}],"inLanguage":"fr-FR"},{"@type":"Organization","@id":"https:\/\/musique-equilibre.com\/me\/#organization","name":"Musique et Equilibre","alternateName":"\u00c9cole de musique et salle de concert \u00e0 Orl\u00e9ans","url":"https:\/\/musique-equilibre.com\/me\/","logo":{"@type":"ImageObject","inLanguage":"fr-FR","@id":"https:\/\/musique-equilibre.com\/me\/#\/schema\/logo\/image\/","url":"https:\/\/musique-equilibre.com\/me\/wp-content\/uploads\/2022\/11\/cropped-Logo_orange_texture-1.png","contentUrl":"https:\/\/musique-equilibre.com\/me\/wp-content\/uploads\/2022\/11\/cropped-Logo_orange_texture-1.png","width":512,"height":512,"caption":"Musique et Equilibre"},"image":{"@id":"https:\/\/musique-equilibre.com\/me\/#\/schema\/logo\/image\/"},"sameAs":["https:\/\/www.facebook.com\/MusiqueetEquilibre45","https:\/\/x.com\/Musiquequilibre","https:\/\/www.instagram.com\/musique_et_equilibre_\/","https:\/\/www.linkedin.com\/company\/musique-&amp;-equilibre\/","https:\/\/www.youtube.com\/c\/MusiqueEquilibreOrleans\/"]}]}},"_links":{"self":[{"href":"https:\/\/musique-equilibre.com\/me\/index.php\/wp-json\/wp\/v2\/pages\/802","targetHints":{"allow":["GET"]}}],"collection":[{"href":"https:\/\/musique-equilibre.com\/me\/index.php\/wp-json\/wp\/v2\/pages"}],"about":[{"href":"https:\/\/musique-equilibre.com\/me\/index.php\/wp-json\/wp\/v2\/types\/page"}],"author":[{"embeddable":true,"href":"https:\/\/musique-equilibre.com\/me\/index.php\/wp-json\/wp\/v2\/users\/1"}],"replies":[{"embeddable":true,"href":"https:\/\/musique-equilibre.com\/me\/index.php\/wp-json\/wp\/v2\/comments?post=802"}],"version-history":[{"count":67,"href":"https:\/\/musique-equilibre.com\/me\/index.php\/wp-json\/wp\/v2\/pages\/802\/revisions"}],"predecessor-version":[{"id":18882,"href":"https:\/\/musique-equilibre.com\/me\/index.php\/wp-json\/wp\/v2\/pages\/802\/revisions\/18882"}],"wp:attachment":[{"href":"https:\/\/musique-equilibre.com\/me\/index.php\/wp-json\/wp\/v2\/media?parent=802"}],"curies":[{"name":"wp","href":"https:\/\/api.w.org\/{rel}","templated":true}]}}