{"id":798,"date":"2018-09-06T11:37:35","date_gmt":"2018-09-06T09:37:35","guid":{"rendered":"http:\/\/musique-equilibre.com\/me\/?page_id=798"},"modified":"2022-02-10T15:28:45","modified_gmt":"2022-02-10T14:28:45","slug":"2-ans-musique","status":"publish","type":"page","link":"https:\/\/musique-equilibre.com\/me\/index.php\/2-ans-musique\/","title":{"rendered":"<span style=\"font-family: coves;\">2 ans &#8211; Cours de musique"},"content":{"rendered":"<p style=\"text-align: justify;\"><span style=\"font-family: coves;\"><strong><span style=\"color: #f15d20;\">Cours de musique pour les 2 ans<br \/>\nExploration musicale \/ <a href=\"https:\/\/www.youtube.com\/c\/MusiqueEquilibreOrleans\/videos\">Musique et \u00c9quilibre<\/a><\/span><\/strong><br \/>\nD\u00e9couverte &#8211; instrumentarium \u2013 \u00e9gocentr\u00e9 \u2013 adulte structurant \u2013 comptines courtes.<\/span><\/p>\n<p style=\"text-align: justify;\"><span style=\"font-family: coves;\">Cours dispens\u00e9 par <a href=\"https:\/\/musique-equilibre.com\/me\/index.php\/2021\/11\/10\/charline-dion-coursmusiqueorleans\/\">Charline Dion<\/a> et <a href=\"https:\/\/musique-equilibre.com\/me\/index.php\/2019\/09\/10\/bio-diane-borderieux\/\">Diane Borderieux<\/a>.<\/span><\/p>\n<ul>\n<li><span style=\"font-family: coves;\">Mercredi (au 108) et Samedi (\u00e0 l&rsquo;Argonaute) <\/span><span style=\"font-family: coves;\">10h30 &#8211; 11h05<\/span><\/li>\n<li><span style=\"font-family: coves;\">5 minimum \/ 8 maximum<\/span><\/li>\n<li><span style=\"font-family: coves;\">35 minutes<\/span><\/li>\n<li><span style=\"font-family: coves;\"><span style=\"color: #f15d20;\">173\u20ac <span style=\"color: #333333;\">(+25\u20ac\/adh\u00e9sion)<\/span><\/span><\/span><\/li>\n<\/ul>\n","protected":false},"excerpt":{"rendered":"<p>Cours de musique pour les 2 ans Exploration musicale \/ Musique et \u00c9quilibre D\u00e9couverte &#8211; instrumentarium \u2013 \u00e9gocentr\u00e9 \u2013 adulte structurant \u2013 comptines courtes. Cours dispens\u00e9 par Charline Dion et Diane Borderieux. Mercredi (au 108) et Samedi (\u00e0 l&rsquo;Argonaute) 10h30 &#8211; 11h05 5 minimum \/ 8 maximum 35 minutes 173\u20ac (+25\u20ac\/adh\u00e9sion)<\/p>\n","protected":false},"author":1,"featured_media":0,"parent":0,"menu_order":0,"comment_status":"closed","ping_status":"closed","template":"","meta":{"footnotes":""},"class_list":["post-798","page","type-page","status-publish","czr-hentry"],"yoast_head":"<!-- This site is optimized with the Yoast SEO plugin v26.8 - https:\/\/yoast.com\/product\/yoast-seo-wordpress\/ -->\n<title>2 ans - Cours de musique - Musique et Equilibre<\/title>\n<meta name=\"description\" content=\"Cours de musique pour les 2 ans. D\u00e9couverte - instrumentarium \u2013 \u00e9gocentr\u00e9 \u2013 adulte structurant \u2013 comptines courtes\" \/>\n<meta name=\"robots\" content=\"index, follow, max-snippet:-1, max-image-preview:large, max-video-preview:-1\" \/>\n<link rel=\"canonical\" href=\"https:\/\/musique-equilibre.com\/me\/index.php\/2-ans-musique\/\" \/>\n<meta property=\"og:locale\" content=\"fr_FR\" \/>\n<meta property=\"og:type\" content=\"article\" \/>\n<meta property=\"og:title\" content=\"2 ans - Cours de musique - Musique et Equilibre\" \/>\n<meta property=\"og:description\" content=\"Cours de musique pour les 2 ans. D\u00e9couverte - instrumentarium \u2013 \u00e9gocentr\u00e9 \u2013 adulte structurant \u2013 comptines courtes\" \/>\n<meta property=\"og:url\" content=\"https:\/\/musique-equilibre.com\/me\/index.php\/2-ans-musique\/\" \/>\n<meta property=\"og:site_name\" content=\"Musique et Equilibre\" \/>\n<meta property=\"article:publisher\" content=\"https:\/\/www.facebook.com\/MusiqueetEquilibre45\" \/>\n<meta property=\"article:modified_time\" content=\"2022-02-10T14:28:45+00:00\" \/>\n<meta name=\"twitter:card\" content=\"summary_large_image\" \/>\n<meta name=\"twitter:site\" content=\"@Musiquequilibre\" \/>\n<meta name=\"twitter:label1\" content=\"Dur\u00e9e de lecture estim\u00e9e\" \/>\n\t<meta name=\"twitter:data1\" content=\"1 minute\" \/>\n<script type=\"application\/ld+json\" class=\"yoast-schema-graph\">{\"@context\":\"https:\/\/schema.org\",\"@graph\":[{\"@type\":\"WebPage\",\"@id\":\"https:\/\/musique-equilibre.com\/me\/index.php\/2-ans-musique\/\",\"url\":\"https:\/\/musique-equilibre.com\/me\/index.php\/2-ans-musique\/\",\"name\":\"2 ans - Cours de musique - Musique et Equilibre\",\"isPartOf\":{\"@id\":\"https:\/\/musique-equilibre.com\/me\/#website\"},\"datePublished\":\"2018-09-06T09:37:35+00:00\",\"dateModified\":\"2022-02-10T14:28:45+00:00\",\"description\":\"Cours de musique pour les 2 ans. D\u00e9couverte - instrumentarium \u2013 \u00e9gocentr\u00e9 \u2013 adulte structurant \u2013 comptines courtes\",\"breadcrumb\":{\"@id\":\"https:\/\/musique-equilibre.com\/me\/index.php\/2-ans-musique\/#breadcrumb\"},\"inLanguage\":\"fr-FR\",\"potentialAction\":[{\"@type\":\"ReadAction\",\"target\":[\"https:\/\/musique-equilibre.com\/me\/index.php\/2-ans-musique\/\"]}]},{\"@type\":\"BreadcrumbList\",\"@id\":\"https:\/\/musique-equilibre.com\/me\/index.php\/2-ans-musique\/#breadcrumb\",\"itemListElement\":[{\"@type\":\"ListItem\",\"position\":1,\"name\":\"Accueil\",\"item\":\"https:\/\/musique-equilibre.com\/me\/\"},{\"@type\":\"ListItem\",\"position\":2,\"name\":\"2 ans &#8211; Cours de musique\"}]},{\"@type\":\"WebSite\",\"@id\":\"https:\/\/musique-equilibre.com\/me\/#website\",\"url\":\"https:\/\/musique-equilibre.com\/me\/\",\"name\":\"Musique et Equilibre\",\"description\":\"\",\"publisher\":{\"@id\":\"https:\/\/musique-equilibre.com\/me\/#organization\"},\"potentialAction\":[{\"@type\":\"SearchAction\",\"target\":{\"@type\":\"EntryPoint\",\"urlTemplate\":\"https:\/\/musique-equilibre.com\/me\/?s={search_term_string}\"},\"query-input\":{\"@type\":\"PropertyValueSpecification\",\"valueRequired\":true,\"valueName\":\"search_term_string\"}}],\"inLanguage\":\"fr-FR\"},{\"@type\":\"Organization\",\"@id\":\"https:\/\/musique-equilibre.com\/me\/#organization\",\"name\":\"Musique et Equilibre\",\"alternateName\":\"\u00c9cole de musique et salle de concert \u00e0 Orl\u00e9ans\",\"url\":\"https:\/\/musique-equilibre.com\/me\/\",\"logo\":{\"@type\":\"ImageObject\",\"inLanguage\":\"fr-FR\",\"@id\":\"https:\/\/musique-equilibre.com\/me\/#\/schema\/logo\/image\/\",\"url\":\"https:\/\/musique-equilibre.com\/me\/wp-content\/uploads\/2022\/11\/cropped-Logo_orange_texture-1.png\",\"contentUrl\":\"https:\/\/musique-equilibre.com\/me\/wp-content\/uploads\/2022\/11\/cropped-Logo_orange_texture-1.png\",\"width\":512,\"height\":512,\"caption\":\"Musique et Equilibre\"},\"image\":{\"@id\":\"https:\/\/musique-equilibre.com\/me\/#\/schema\/logo\/image\/\"},\"sameAs\":[\"https:\/\/www.facebook.com\/MusiqueetEquilibre45\",\"https:\/\/x.com\/Musiquequilibre\",\"https:\/\/www.instagram.com\/musique_et_equilibre_\/\",\"https:\/\/www.linkedin.com\/company\/musique-&amp;-equilibre\/\",\"https:\/\/www.youtube.com\/c\/MusiqueEquilibreOrleans\/\"]}]}<\/script>\n<!-- \/ Yoast SEO plugin. -->","yoast_head_json":{"title":"2 ans - Cours de musique - Musique et Equilibre","description":"Cours de musique pour les 2 ans. D\u00e9couverte - instrumentarium \u2013 \u00e9gocentr\u00e9 \u2013 adulte structurant \u2013 comptines courtes","robots":{"index":"index","follow":"follow","max-snippet":"max-snippet:-1","max-image-preview":"max-image-preview:large","max-video-preview":"max-video-preview:-1"},"canonical":"https:\/\/musique-equilibre.com\/me\/index.php\/2-ans-musique\/","og_locale":"fr_FR","og_type":"article","og_title":"2 ans - Cours de musique - Musique et Equilibre","og_description":"Cours de musique pour les 2 ans. D\u00e9couverte - instrumentarium \u2013 \u00e9gocentr\u00e9 \u2013 adulte structurant \u2013 comptines courtes","og_url":"https:\/\/musique-equilibre.com\/me\/index.php\/2-ans-musique\/","og_site_name":"Musique et Equilibre","article_publisher":"https:\/\/www.facebook.com\/MusiqueetEquilibre45","article_modified_time":"2022-02-10T14:28:45+00:00","twitter_card":"summary_large_image","twitter_site":"@Musiquequilibre","twitter_misc":{"Dur\u00e9e de lecture estim\u00e9e":"1 minute"},"schema":{"@context":"https:\/\/schema.org","@graph":[{"@type":"WebPage","@id":"https:\/\/musique-equilibre.com\/me\/index.php\/2-ans-musique\/","url":"https:\/\/musique-equilibre.com\/me\/index.php\/2-ans-musique\/","name":"2 ans - Cours de musique - Musique et Equilibre","isPartOf":{"@id":"https:\/\/musique-equilibre.com\/me\/#website"},"datePublished":"2018-09-06T09:37:35+00:00","dateModified":"2022-02-10T14:28:45+00:00","description":"Cours de musique pour les 2 ans. D\u00e9couverte - instrumentarium \u2013 \u00e9gocentr\u00e9 \u2013 adulte structurant \u2013 comptines courtes","breadcrumb":{"@id":"https:\/\/musique-equilibre.com\/me\/index.php\/2-ans-musique\/#breadcrumb"},"inLanguage":"fr-FR","potentialAction":[{"@type":"ReadAction","target":["https:\/\/musique-equilibre.com\/me\/index.php\/2-ans-musique\/"]}]},{"@type":"BreadcrumbList","@id":"https:\/\/musique-equilibre.com\/me\/index.php\/2-ans-musique\/#breadcrumb","itemListElement":[{"@type":"ListItem","position":1,"name":"Accueil","item":"https:\/\/musique-equilibre.com\/me\/"},{"@type":"ListItem","position":2,"name":"2 ans &#8211; Cours de musique"}]},{"@type":"WebSite","@id":"https:\/\/musique-equilibre.com\/me\/#website","url":"https:\/\/musique-equilibre.com\/me\/","name":"Musique et Equilibre","description":"","publisher":{"@id":"https:\/\/musique-equilibre.com\/me\/#organization"},"potentialAction":[{"@type":"SearchAction","target":{"@type":"EntryPoint","urlTemplate":"https:\/\/musique-equilibre.com\/me\/?s={search_term_string}"},"query-input":{"@type":"PropertyValueSpecification","valueRequired":true,"valueName":"search_term_string"}}],"inLanguage":"fr-FR"},{"@type":"Organization","@id":"https:\/\/musique-equilibre.com\/me\/#organization","name":"Musique et Equilibre","alternateName":"\u00c9cole de musique et salle de concert \u00e0 Orl\u00e9ans","url":"https:\/\/musique-equilibre.com\/me\/","logo":{"@type":"ImageObject","inLanguage":"fr-FR","@id":"https:\/\/musique-equilibre.com\/me\/#\/schema\/logo\/image\/","url":"https:\/\/musique-equilibre.com\/me\/wp-content\/uploads\/2022\/11\/cropped-Logo_orange_texture-1.png","contentUrl":"https:\/\/musique-equilibre.com\/me\/wp-content\/uploads\/2022\/11\/cropped-Logo_orange_texture-1.png","width":512,"height":512,"caption":"Musique et Equilibre"},"image":{"@id":"https:\/\/musique-equilibre.com\/me\/#\/schema\/logo\/image\/"},"sameAs":["https:\/\/www.facebook.com\/MusiqueetEquilibre45","https:\/\/x.com\/Musiquequilibre","https:\/\/www.instagram.com\/musique_et_equilibre_\/","https:\/\/www.linkedin.com\/company\/musique-&amp;-equilibre\/","https:\/\/www.youtube.com\/c\/MusiqueEquilibreOrleans\/"]}]}},"_links":{"self":[{"href":"https:\/\/musique-equilibre.com\/me\/index.php\/wp-json\/wp\/v2\/pages\/798","targetHints":{"allow":["GET"]}}],"collection":[{"href":"https:\/\/musique-equilibre.com\/me\/index.php\/wp-json\/wp\/v2\/pages"}],"about":[{"href":"https:\/\/musique-equilibre.com\/me\/index.php\/wp-json\/wp\/v2\/types\/page"}],"author":[{"embeddable":true,"href":"https:\/\/musique-equilibre.com\/me\/index.php\/wp-json\/wp\/v2\/users\/1"}],"replies":[{"embeddable":true,"href":"https:\/\/musique-equilibre.com\/me\/index.php\/wp-json\/wp\/v2\/comments?post=798"}],"version-history":[{"count":19,"href":"https:\/\/musique-equilibre.com\/me\/index.php\/wp-json\/wp\/v2\/pages\/798\/revisions"}],"predecessor-version":[{"id":8678,"href":"https:\/\/musique-equilibre.com\/me\/index.php\/wp-json\/wp\/v2\/pages\/798\/revisions\/8678"}],"wp:attachment":[{"href":"https:\/\/musique-equilibre.com\/me\/index.php\/wp-json\/wp\/v2\/media?parent=798"}],"curies":[{"name":"wp","href":"https:\/\/api.w.org\/{rel}","templated":true}]}}