{"id":7934,"date":"2021-07-05T11:26:09","date_gmt":"2021-07-05T09:26:09","guid":{"rendered":"http:\/\/musique-equilibre.com\/me\/index.php\/ateliers-coursmusiqueorleans-copy\/"},"modified":"2026-05-06T11:45:25","modified_gmt":"2026-05-06T09:45:25","slug":"stages-de-musique","status":"publish","type":"page","link":"https:\/\/musique-equilibre.com\/me\/index.php\/stages-de-musique\/","title":{"rendered":"STAGES DE MUSIQUE"},"content":{"rendered":"\n<figure class=\"wp-block-image size-large\"><img fetchpriority=\"high\" decoding=\"async\" width=\"1024\" height=\"252\" src=\"https:\/\/musique-equilibre.com\/me\/wp-content\/uploads\/2024\/07\/PROCHAINS-STAGES-1024x252.png\" alt=\"Stage de musique orl\u00e9ans loiret \u00e9cole de musique\" class=\"wp-image-14830\" srcset=\"https:\/\/musique-equilibre.com\/me\/wp-content\/uploads\/2024\/07\/PROCHAINS-STAGES-1024x252.png 1024w, https:\/\/musique-equilibre.com\/me\/wp-content\/uploads\/2024\/07\/PROCHAINS-STAGES-300x74.png 300w, https:\/\/musique-equilibre.com\/me\/wp-content\/uploads\/2024\/07\/PROCHAINS-STAGES-150x37.png 150w, https:\/\/musique-equilibre.com\/me\/wp-content\/uploads\/2024\/07\/PROCHAINS-STAGES-768x189.png 768w, https:\/\/musique-equilibre.com\/me\/wp-content\/uploads\/2024\/07\/PROCHAINS-STAGES.png 1366w\" sizes=\"(max-width: 1024px) 100vw, 1024px\" \/><\/figure>\n\n\n\n<p class=\"has-white-color has-text-color\">stages de musique<\/p>\n\n\n<p><span style=\"font-family: coves; font-size: 16px;\"><b>\u00a0<\/b><\/span><\/p>\n<ul>\n<li>\n<p><span style=\"font-size: 16px;\"><strong>LUDOZIK &#8211; musique enfant du 19 au 23 octobre 2026<\/strong><\/span><\/p>\n<\/li>\n<li><span style=\"font-size: 16px; font-family: coves;\"><strong>FL\u00dbTES &#8211; sur le th\u00e8me du Seigneurs des Anneaux du 26 au 28 octobre 2026<\/strong><\/span><\/li>\n<\/ul>\n\n\n<blockquote class=\"tiktok-embed\" cite=\"https:\/\/www.tiktok.com\/@musique.et.equilibre\/video\/7343236763718012192\" data-video-id=\"7343236763718012192\" style=\"max-width: 605px;min-width: 325px;\"> <section> <a target=\"_blank\" title=\"@musique.et.equilibre\" href=\"https:\/\/www.tiktok.com\/@musique.et.equilibre?refer=embed\" rel=\"noopener\">@musique.et.equilibre<\/a> \ud83d\udd35Stage Mixage\ud83d\udd35 Les participants nous donnent leurs avis !  Les inscriptions pour la session d&rsquo;avril sont ouvertes.  <a title=\"108\" target=\"_blank\" href=\"https:\/\/www.tiktok.com\/tag\/108?refer=embed\" rel=\"noopener\">#108<\/a><a title=\"loiret\" target=\"_blank\" href=\"https:\/\/www.tiktok.com\/tag\/loiret?refer=embed\" rel=\"noopener\">#loiret<\/a> <a title=\"orleans\" target=\"_blank\" href=\"https:\/\/www.tiktok.com\/tag\/orleans?refer=embed\" rel=\"noopener\">#orleans<\/a> <a title=\"mixage\" target=\"_blank\" href=\"https:\/\/www.tiktok.com\/tag\/mixage?refer=embed\" rel=\"noopener\">#mixage<\/a> <a title=\"stage\" target=\"_blank\" href=\"https:\/\/www.tiktok.com\/tag\/stage?refer=embed\" rel=\"noopener\">#stage<\/a> <a title=\"mix\" target=\"_blank\" href=\"https:\/\/www.tiktok.com\/tag\/mix?refer=embed\" rel=\"noopener\">#mix<\/a> <a title=\"inthebox\" target=\"_blank\" href=\"https:\/\/www.tiktok.com\/tag\/inthebox?refer=embed\" rel=\"noopener\">#inthebox<\/a> <a title=\"mixbus\" target=\"_blank\" href=\"https:\/\/www.tiktok.com\/tag\/mixbus?refer=embed\" rel=\"noopener\">#mixbus<\/a> <a title=\"maquette\" target=\"_blank\" href=\"https:\/\/www.tiktok.com\/tag\/maquette?refer=embed\" rel=\"noopener\">#maquette<\/a> <a title=\"production\" target=\"_blank\" href=\"https:\/\/www.tiktok.com\/tag\/production?refer=embed\" rel=\"noopener\">#production<\/a> <a target=\"_blank\" title=\"\u266c Perfect for Vlog and travel BGM Lofi(1253834) - IWAI Noriko\" href=\"https:\/\/www.tiktok.com\/music\/Perfect-for-Vlog-and-travel-BGM-Lofi-1253834-7109544064537593857?refer=embed\" rel=\"noopener\">\u266c Perfect for Vlog and travel BGM Lofi(1253834) &#8211; IWAI Noriko<\/a> <\/section> <\/blockquote> <script async=\"\" src=\"https:\/\/www.tiktok.com\/embed.js\"><\/script>\n\n\n<h3 style=\"text-align: left;\"><span style=\"font-family: 'nexa rust sans'; color: #e25417;\"><b style=\"font-family: coves;\">PR\u00c9C<b>\u00c8DENTS <\/b>STAGES DE MUSIQUE<\/b><\/span><\/h3>\n<p style=\"text-align: left;\"><span style=\"font-family: coves;\"><b>\u00c9criture et Composition <\/b><b>d&rsquo;une<\/b><b> chanson\u00a0 <\/b>(<a href=\"https:\/\/musique-equilibre.com\/me\/index.php\/2019\/09\/02\/bio-regis-savigny\/\" target=\"_blank\" rel=\"noopener\">R\u00e9gis Savigny<\/a> et <a href=\"https:\/\/musique-equilibre.com\/me\/index.php\/2019\/09\/02\/bio-vincent-viala\/\" target=\"_blank\" rel=\"noopener\">Vincent Viala<\/a>) <span style=\"color: #f15d20;\"><span style=\"color: #000000;\">&#8211; <\/span><\/span><span style=\"color: #f15d20;\"><span style=\"color: #333333;\"><strong>Percu Poubelle<\/strong> (<a href=\"https:\/\/musique-equilibre.com\/me\/index.php\/2019\/09\/02\/bio-eric-lheude\/\" target=\"_blank\" rel=\"noopener\">\u00c9ric L&rsquo;Heud\u00e9<\/a>) &#8211; <strong>MAO<\/strong> (<a href=\"https:\/\/musique-equilibre.com\/me\/index.php\/2019\/09\/10\/bio-thomas-duval\/\" target=\"_blank\" rel=\"noopener\">Thomas Duval<\/a>) &#8211; <strong>Looper<\/strong> &#8211; (<a href=\"https:\/\/musique-equilibre.com\/me\/index.php\/2019\/09\/10\/bio-thomas-duval\/\" target=\"_blank\" rel=\"noopener\">Thomas Duval<\/a>) &#8211; <\/span><\/span><span style=\"color: #f15d20;\"><span style=\"color: #333333;\"><strong><span style=\"color: #000000;\">Improviser<\/span> au sein d&rsquo;un Big Band<\/strong> &#8211; avec l&rsquo;<a href=\"https:\/\/www.ucem45.com\/\" target=\"_blank\" rel=\"noopener\">UCEM 45 <\/a>&#8211; <strong>Big Band<\/strong> &#8211; avec l&rsquo;<a href=\"https:\/\/www.ucem45.com\/\" target=\"_blank\" rel=\"noopener\">UCEM 45 <\/a><\/span><\/span>&#8211; <strong>Mixage<\/strong> (<a href=\"https:\/\/musique-equilibre.com\/me\/index.php\/2019\/11\/06\/bio-romain-clement-coursmusiqueorleans\/\" target=\"_blank\" rel=\"noopener\">Romain Cl\u00e9ment<\/a>) &#8211; <strong>Musique Enfants <\/strong>(<a href=\"https:\/\/musique-equilibre.com\/me\/index.php\/2022\/05\/18\/bio-julien-robillard\/\" target=\"_blank\" rel=\"noopener\">Julien Robillard<\/a>) &#8211; <strong>Punk\/Hardcore<\/strong> (Valentin Mirault)<\/span><\/p>\n<h3 style=\"text-align: left;\"><span style=\"font-family: 'nexa rust sans'; color: #e25417;\"><b style=\"font-family: coves;\">CARTES BLANCHES<\/b><\/span><\/h3>\n<p><span style=\"font-family: nexa rust sans;\"><span style=\"font-family: coves;\"><a href=\"https:\/\/musique-equilibre.com\/me\/index.php\/2024\/11\/28\/carte-blanche-ensemble-de-flutes\/\" target=\"_blank\" rel=\"noopener\"><strong>Ensemble de fl\u00fbtes<\/strong><\/a> &#8211; <a href=\"https:\/\/musique-equilibre.com\/me\/index.php\/2019\/09\/10\/bio-aude-prieur\/\" target=\"_blank\" rel=\"noopener\">Aude Prieur<\/a><br \/><\/span><\/span><span style=\"font-family: nexa rust sans;\"><b style=\"font-family: coves;\"><a href=\"https:\/\/musique-equilibre.com\/me\/index.php\/ateliers-improvisation-orleans\/\" target=\"_blank\" rel=\"noopener\">Ateliers d&rsquo;improvisation<\/a> &#8211; <\/b><span style=\"font-family: coves;\"><a href=\"https:\/\/musique-equilibre.com\/me\/index.php\/2019\/09\/10\/paul-davies-coursmusiqueorleans\/\" target=\"_blank\" rel=\"noopener\">Paul Davies<\/a><br \/><\/span><\/span><\/p>\n<h3 style=\"text-align: left;\"><span style=\"font-family: 'nexa rust sans'; color: #e25417;\"><b style=\"font-family: coves;\">MASTERCLASS<\/b><\/span><\/h3>\n<p><a href=\"https:\/\/musique-equilibre.com\/me\/index.php\/2025\/01\/27\/masterclass-groove-306\/\" target=\"_blank\" rel=\"noopener\"><span style=\"font-family: coves;\"><strong>Franck Ridacket et Bruno Ramos<\/strong><\/span><\/a><br \/><span style=\"font-family: coves;\"><strong>Thierry Fanfant<br \/><\/strong><\/span><span style=\"font-family: coves;\"><strong>Mario Canonge<br \/><\/strong><\/span><\/p>","protected":false},"excerpt":{"rendered":"<p>stages de musique \u00a0 LUDOZIK &#8211; musique enfant du 19 au 23 octobre 2026 FL\u00dbTES &#8211; sur le th\u00e8me du Seigneurs des Anneaux du 26 au 28 octobre 2026 @musique.et.equilibre \ud83d\udd35Stage Mixage\ud83d\udd35 Les participants nous donnent leurs avis ! Les inscriptions pour la session d&rsquo;avril sont ouvertes. #108#loiret #orleans #mixage #stage #mix #inthebox #mixbus #maquette [&hellip;]<\/p>\n","protected":false},"author":1,"featured_media":0,"parent":0,"menu_order":0,"comment_status":"closed","ping_status":"closed","template":"","meta":{"footnotes":""},"class_list":["post-7934","page","type-page","status-publish","czr-hentry"],"yoast_head":"<!-- This site is optimized with the Yoast SEO plugin v26.8 - https:\/\/yoast.com\/product\/yoast-seo-wordpress\/ -->\n<title>STAGES DE MUSIQUE - Musique et Equilibre<\/title>\n<meta name=\"description\" content=\"Stages de musique \u00e0 Orl\u00e9ans organis\u00e9s par Musique et \u00c9quilibre. Diff\u00e9rents th\u00e8mes et intervenants tout au long de l&#039;ann\u00e9e.\" \/>\n<meta name=\"robots\" content=\"index, follow, max-snippet:-1, max-image-preview:large, max-video-preview:-1\" \/>\n<link rel=\"canonical\" href=\"https:\/\/musique-equilibre.com\/me\/index.php\/stages-de-musique\/\" \/>\n<meta property=\"og:locale\" content=\"fr_FR\" \/>\n<meta property=\"og:type\" content=\"article\" \/>\n<meta property=\"og:title\" content=\"STAGES DE MUSIQUE - Musique et Equilibre\" \/>\n<meta property=\"og:description\" content=\"Stages de musique \u00e0 Orl\u00e9ans organis\u00e9s par Musique et \u00c9quilibre. Diff\u00e9rents th\u00e8mes et intervenants tout au long de l&#039;ann\u00e9e.\" \/>\n<meta property=\"og:url\" content=\"https:\/\/musique-equilibre.com\/me\/index.php\/stages-de-musique\/\" \/>\n<meta property=\"og:site_name\" content=\"Musique et Equilibre\" \/>\n<meta property=\"article:publisher\" content=\"https:\/\/www.facebook.com\/MusiqueetEquilibre45\" \/>\n<meta property=\"article:modified_time\" content=\"2026-05-06T09:45:25+00:00\" \/>\n<meta property=\"og:image\" content=\"https:\/\/musique-equilibre.com\/me\/wp-content\/uploads\/2024\/07\/PROCHAINS-STAGES.png\" \/>\n\t<meta property=\"og:image:width\" content=\"1366\" \/>\n\t<meta property=\"og:image:height\" content=\"336\" \/>\n\t<meta property=\"og:image:type\" content=\"image\/png\" \/>\n<meta name=\"twitter:card\" content=\"summary_large_image\" \/>\n<meta name=\"twitter:site\" content=\"@Musiquequilibre\" \/>\n<meta name=\"twitter:label1\" content=\"Dur\u00e9e de lecture estim\u00e9e\" \/>\n\t<meta name=\"twitter:data1\" content=\"1 minute\" \/>\n<script type=\"application\/ld+json\" class=\"yoast-schema-graph\">{\"@context\":\"https:\/\/schema.org\",\"@graph\":[{\"@type\":\"WebPage\",\"@id\":\"https:\/\/musique-equilibre.com\/me\/index.php\/stages-de-musique\/\",\"url\":\"https:\/\/musique-equilibre.com\/me\/index.php\/stages-de-musique\/\",\"name\":\"STAGES DE MUSIQUE - Musique et Equilibre\",\"isPartOf\":{\"@id\":\"https:\/\/musique-equilibre.com\/me\/#website\"},\"primaryImageOfPage\":{\"@id\":\"https:\/\/musique-equilibre.com\/me\/index.php\/stages-de-musique\/#primaryimage\"},\"image\":{\"@id\":\"https:\/\/musique-equilibre.com\/me\/index.php\/stages-de-musique\/#primaryimage\"},\"thumbnailUrl\":\"https:\/\/musique-equilibre.com\/me\/wp-content\/uploads\/2024\/07\/PROCHAINS-STAGES-1024x252.png\",\"datePublished\":\"2021-07-05T09:26:09+00:00\",\"dateModified\":\"2026-05-06T09:45:25+00:00\",\"description\":\"Stages de musique \u00e0 Orl\u00e9ans organis\u00e9s par Musique et \u00c9quilibre. Diff\u00e9rents th\u00e8mes et intervenants tout au long de l'ann\u00e9e.\",\"breadcrumb\":{\"@id\":\"https:\/\/musique-equilibre.com\/me\/index.php\/stages-de-musique\/#breadcrumb\"},\"inLanguage\":\"fr-FR\",\"potentialAction\":[{\"@type\":\"ReadAction\",\"target\":[\"https:\/\/musique-equilibre.com\/me\/index.php\/stages-de-musique\/\"]}]},{\"@type\":\"ImageObject\",\"inLanguage\":\"fr-FR\",\"@id\":\"https:\/\/musique-equilibre.com\/me\/index.php\/stages-de-musique\/#primaryimage\",\"url\":\"https:\/\/musique-equilibre.com\/me\/wp-content\/uploads\/2024\/07\/PROCHAINS-STAGES.png\",\"contentUrl\":\"https:\/\/musique-equilibre.com\/me\/wp-content\/uploads\/2024\/07\/PROCHAINS-STAGES.png\",\"width\":1366,\"height\":336,\"caption\":\"Stage de musique orl\u00e9ans loiret \u00e9cole de musique\"},{\"@type\":\"BreadcrumbList\",\"@id\":\"https:\/\/musique-equilibre.com\/me\/index.php\/stages-de-musique\/#breadcrumb\",\"itemListElement\":[{\"@type\":\"ListItem\",\"position\":1,\"name\":\"Accueil\",\"item\":\"https:\/\/musique-equilibre.com\/me\/\"},{\"@type\":\"ListItem\",\"position\":2,\"name\":\"STAGES DE MUSIQUE\"}]},{\"@type\":\"WebSite\",\"@id\":\"https:\/\/musique-equilibre.com\/me\/#website\",\"url\":\"https:\/\/musique-equilibre.com\/me\/\",\"name\":\"Musique et Equilibre\",\"description\":\"\",\"publisher\":{\"@id\":\"https:\/\/musique-equilibre.com\/me\/#organization\"},\"potentialAction\":[{\"@type\":\"SearchAction\",\"target\":{\"@type\":\"EntryPoint\",\"urlTemplate\":\"https:\/\/musique-equilibre.com\/me\/?s={search_term_string}\"},\"query-input\":{\"@type\":\"PropertyValueSpecification\",\"valueRequired\":true,\"valueName\":\"search_term_string\"}}],\"inLanguage\":\"fr-FR\"},{\"@type\":\"Organization\",\"@id\":\"https:\/\/musique-equilibre.com\/me\/#organization\",\"name\":\"Musique et Equilibre\",\"alternateName\":\"\u00c9cole de musique et salle de concert \u00e0 Orl\u00e9ans\",\"url\":\"https:\/\/musique-equilibre.com\/me\/\",\"logo\":{\"@type\":\"ImageObject\",\"inLanguage\":\"fr-FR\",\"@id\":\"https:\/\/musique-equilibre.com\/me\/#\/schema\/logo\/image\/\",\"url\":\"https:\/\/musique-equilibre.com\/me\/wp-content\/uploads\/2022\/11\/cropped-Logo_orange_texture-1.png\",\"contentUrl\":\"https:\/\/musique-equilibre.com\/me\/wp-content\/uploads\/2022\/11\/cropped-Logo_orange_texture-1.png\",\"width\":512,\"height\":512,\"caption\":\"Musique et Equilibre\"},\"image\":{\"@id\":\"https:\/\/musique-equilibre.com\/me\/#\/schema\/logo\/image\/\"},\"sameAs\":[\"https:\/\/www.facebook.com\/MusiqueetEquilibre45\",\"https:\/\/x.com\/Musiquequilibre\",\"https:\/\/www.instagram.com\/musique_et_equilibre_\/\",\"https:\/\/www.linkedin.com\/company\/musique-&amp;-equilibre\/\",\"https:\/\/www.youtube.com\/c\/MusiqueEquilibreOrleans\/\"]}]}<\/script>\n<!-- \/ Yoast SEO plugin. -->","yoast_head_json":{"title":"STAGES DE MUSIQUE - Musique et Equilibre","description":"Stages de musique \u00e0 Orl\u00e9ans organis\u00e9s par Musique et \u00c9quilibre. Diff\u00e9rents th\u00e8mes et intervenants tout au long de l'ann\u00e9e.","robots":{"index":"index","follow":"follow","max-snippet":"max-snippet:-1","max-image-preview":"max-image-preview:large","max-video-preview":"max-video-preview:-1"},"canonical":"https:\/\/musique-equilibre.com\/me\/index.php\/stages-de-musique\/","og_locale":"fr_FR","og_type":"article","og_title":"STAGES DE MUSIQUE - Musique et Equilibre","og_description":"Stages de musique \u00e0 Orl\u00e9ans organis\u00e9s par Musique et \u00c9quilibre. Diff\u00e9rents th\u00e8mes et intervenants tout au long de l'ann\u00e9e.","og_url":"https:\/\/musique-equilibre.com\/me\/index.php\/stages-de-musique\/","og_site_name":"Musique et Equilibre","article_publisher":"https:\/\/www.facebook.com\/MusiqueetEquilibre45","article_modified_time":"2026-05-06T09:45:25+00:00","og_image":[{"width":1366,"height":336,"url":"https:\/\/musique-equilibre.com\/me\/wp-content\/uploads\/2024\/07\/PROCHAINS-STAGES.png","type":"image\/png"}],"twitter_card":"summary_large_image","twitter_site":"@Musiquequilibre","twitter_misc":{"Dur\u00e9e de lecture estim\u00e9e":"1 minute"},"schema":{"@context":"https:\/\/schema.org","@graph":[{"@type":"WebPage","@id":"https:\/\/musique-equilibre.com\/me\/index.php\/stages-de-musique\/","url":"https:\/\/musique-equilibre.com\/me\/index.php\/stages-de-musique\/","name":"STAGES DE MUSIQUE - Musique et Equilibre","isPartOf":{"@id":"https:\/\/musique-equilibre.com\/me\/#website"},"primaryImageOfPage":{"@id":"https:\/\/musique-equilibre.com\/me\/index.php\/stages-de-musique\/#primaryimage"},"image":{"@id":"https:\/\/musique-equilibre.com\/me\/index.php\/stages-de-musique\/#primaryimage"},"thumbnailUrl":"https:\/\/musique-equilibre.com\/me\/wp-content\/uploads\/2024\/07\/PROCHAINS-STAGES-1024x252.png","datePublished":"2021-07-05T09:26:09+00:00","dateModified":"2026-05-06T09:45:25+00:00","description":"Stages de musique \u00e0 Orl\u00e9ans organis\u00e9s par Musique et \u00c9quilibre. Diff\u00e9rents th\u00e8mes et intervenants tout au long de l'ann\u00e9e.","breadcrumb":{"@id":"https:\/\/musique-equilibre.com\/me\/index.php\/stages-de-musique\/#breadcrumb"},"inLanguage":"fr-FR","potentialAction":[{"@type":"ReadAction","target":["https:\/\/musique-equilibre.com\/me\/index.php\/stages-de-musique\/"]}]},{"@type":"ImageObject","inLanguage":"fr-FR","@id":"https:\/\/musique-equilibre.com\/me\/index.php\/stages-de-musique\/#primaryimage","url":"https:\/\/musique-equilibre.com\/me\/wp-content\/uploads\/2024\/07\/PROCHAINS-STAGES.png","contentUrl":"https:\/\/musique-equilibre.com\/me\/wp-content\/uploads\/2024\/07\/PROCHAINS-STAGES.png","width":1366,"height":336,"caption":"Stage de musique orl\u00e9ans loiret \u00e9cole de musique"},{"@type":"BreadcrumbList","@id":"https:\/\/musique-equilibre.com\/me\/index.php\/stages-de-musique\/#breadcrumb","itemListElement":[{"@type":"ListItem","position":1,"name":"Accueil","item":"https:\/\/musique-equilibre.com\/me\/"},{"@type":"ListItem","position":2,"name":"STAGES DE MUSIQUE"}]},{"@type":"WebSite","@id":"https:\/\/musique-equilibre.com\/me\/#website","url":"https:\/\/musique-equilibre.com\/me\/","name":"Musique et Equilibre","description":"","publisher":{"@id":"https:\/\/musique-equilibre.com\/me\/#organization"},"potentialAction":[{"@type":"SearchAction","target":{"@type":"EntryPoint","urlTemplate":"https:\/\/musique-equilibre.com\/me\/?s={search_term_string}"},"query-input":{"@type":"PropertyValueSpecification","valueRequired":true,"valueName":"search_term_string"}}],"inLanguage":"fr-FR"},{"@type":"Organization","@id":"https:\/\/musique-equilibre.com\/me\/#organization","name":"Musique et Equilibre","alternateName":"\u00c9cole de musique et salle de concert \u00e0 Orl\u00e9ans","url":"https:\/\/musique-equilibre.com\/me\/","logo":{"@type":"ImageObject","inLanguage":"fr-FR","@id":"https:\/\/musique-equilibre.com\/me\/#\/schema\/logo\/image\/","url":"https:\/\/musique-equilibre.com\/me\/wp-content\/uploads\/2022\/11\/cropped-Logo_orange_texture-1.png","contentUrl":"https:\/\/musique-equilibre.com\/me\/wp-content\/uploads\/2022\/11\/cropped-Logo_orange_texture-1.png","width":512,"height":512,"caption":"Musique et Equilibre"},"image":{"@id":"https:\/\/musique-equilibre.com\/me\/#\/schema\/logo\/image\/"},"sameAs":["https:\/\/www.facebook.com\/MusiqueetEquilibre45","https:\/\/x.com\/Musiquequilibre","https:\/\/www.instagram.com\/musique_et_equilibre_\/","https:\/\/www.linkedin.com\/company\/musique-&amp;-equilibre\/","https:\/\/www.youtube.com\/c\/MusiqueEquilibreOrleans\/"]}]}},"_links":{"self":[{"href":"https:\/\/musique-equilibre.com\/me\/index.php\/wp-json\/wp\/v2\/pages\/7934","targetHints":{"allow":["GET"]}}],"collection":[{"href":"https:\/\/musique-equilibre.com\/me\/index.php\/wp-json\/wp\/v2\/pages"}],"about":[{"href":"https:\/\/musique-equilibre.com\/me\/index.php\/wp-json\/wp\/v2\/types\/page"}],"author":[{"embeddable":true,"href":"https:\/\/musique-equilibre.com\/me\/index.php\/wp-json\/wp\/v2\/users\/1"}],"replies":[{"embeddable":true,"href":"https:\/\/musique-equilibre.com\/me\/index.php\/wp-json\/wp\/v2\/comments?post=7934"}],"version-history":[{"count":65,"href":"https:\/\/musique-equilibre.com\/me\/index.php\/wp-json\/wp\/v2\/pages\/7934\/revisions"}],"predecessor-version":[{"id":18886,"href":"https:\/\/musique-equilibre.com\/me\/index.php\/wp-json\/wp\/v2\/pages\/7934\/revisions\/18886"}],"wp:attachment":[{"href":"https:\/\/musique-equilibre.com\/me\/index.php\/wp-json\/wp\/v2\/media?parent=7934"}],"curies":[{"name":"wp","href":"https:\/\/api.w.org\/{rel}","templated":true}]}}