{"id":7907,"date":"2021-06-30T14:11:07","date_gmt":"2021-06-30T12:11:07","guid":{"rendered":"http:\/\/musique-equilibre.com\/me\/index.php\/amma-bloc2-copy\/"},"modified":"2023-03-15T14:04:10","modified_gmt":"2023-03-15T13:04:10","slug":"amma-bloc-1-elaborer-son-projet-professionnel-dartiste-musicien-des-musiques-actuelles","status":"publish","type":"page","link":"https:\/\/musique-equilibre.com\/me\/index.php\/amma-bloc-1-elaborer-son-projet-professionnel-dartiste-musicien-des-musiques-actuelles\/","title":{"rendered":"AMMA &#8211; Bloc 1"},"content":{"rendered":"\n<h2 class=\"has-text-align-center wp-block-heading\">AMMA &#8211; Bloc 1<\/h2>\n\n\n\n<p class=\"has-text-align-center\"><strong>\u00c9laborer son projet professionnel d&rsquo;artiste musicien des musiques actuelles (250h)<\/strong><\/p>\n\n\n<div class=\"wp-block-image\">\n<figure class=\"aligncenter size-full is-resized\"><img decoding=\"async\" src=\"https:\/\/musique-equilibre.com\/me\/wp-content\/uploads\/2023\/03\/172566_down_arrow_icon.png\" alt=\"formation professionnelle musique orl\u00e9ans loiret centre val de loire\" class=\"wp-image-11530\" width=\"90\" height=\"90\" srcset=\"https:\/\/musique-equilibre.com\/me\/wp-content\/uploads\/2023\/03\/172566_down_arrow_icon.png 512w, https:\/\/musique-equilibre.com\/me\/wp-content\/uploads\/2023\/03\/172566_down_arrow_icon-300x300.png 300w, https:\/\/musique-equilibre.com\/me\/wp-content\/uploads\/2023\/03\/172566_down_arrow_icon-150x150.png 150w, https:\/\/musique-equilibre.com\/me\/wp-content\/uploads\/2023\/03\/172566_down_arrow_icon-510x510.png 510w\" sizes=\"(max-width: 90px) 100vw, 90px\" \/><\/figure><\/div>\n\n\n<p class=\"has-text-align-center\"><strong><a href=\"https:\/\/musique-equilibre.com\/me\/wp-content\/uploads\/2023\/01\/Fiche-pre-inscription.pdf\" target=\"_blank\" rel=\"noreferrer noopener\">Fiche d\u2019inscription<\/a><\/strong><\/p>\n\n\n\n<h4 class=\"has-luminous-vivid-orange-color has-text-color wp-block-heading\"> AMMA Bloc 1 \/ Objectifs p\u00e9dagogique :<\/h4>\n\n\n\n<p>Activit\u00e9 1 \u2013 Jouer d\u2019un ou de plusieurs instruments et veiller \u00e0 pr\u00e9venir les risques relatifs \u00e0 son activit\u00e9<br>musicale<br>Activit\u00e9 2 \u2013 D\u00e9finir son projet professionnel d\u2019artiste musicien et communiquer sur celui-ci aupr\u00e8s des<br>diff\u00e9rents interlocuteurs concern\u00e9s<br>Activit\u00e9 3 \u2013 Produire les \u00e9l\u00e9ments artistiques et techniques afin de mettre en oeuvre et promouvoir<br>son projet artiste musicien<\/p>\n\n\n\n<h4 class=\"has-luminous-vivid-orange-color has-text-color wp-block-heading\">Validation :<\/h4>\n\n\n\n<p>\u00c9preuve terminale (<a href=\"https:\/\/www.fneijma.org\/\" target=\"_blank\" rel=\"noreferrer noopener\">FNEIJMA<\/a> &#8211; juin)<br>&#8211; une \u00e9preuve individuelle instrumentales ou vocale<br>&#8211; une \u00e9preuve d&rsquo;analyse et de contextualisation d&rsquo;une oeuvre musicale \u00e9cout\u00e9e<br>&#8211; la r\u00e9daction et la soutenance d&rsquo;un m\u00e9moire de pr\u00e9sentation du projet professionnel, incluant les<br>\u00e9l\u00e9ments sp\u00e9cifiques au bloc 1 et \u00e0 l&rsquo;option choisie parmi les blocs 2 \u00e0 4<\/p>\n\n\n\n<p><br><br><\/p>\n","protected":false},"excerpt":{"rendered":"<p>AMMA &#8211; Bloc 1 \u00c9laborer son projet professionnel d&rsquo;artiste musicien des musiques actuelles (250h) Fiche d\u2019inscription AMMA Bloc 1 \/ Objectifs p\u00e9dagogique : Activit\u00e9 1 \u2013 Jouer d\u2019un ou de plusieurs instruments et veiller \u00e0 pr\u00e9venir les risques relatifs \u00e0 son activit\u00e9musicaleActivit\u00e9 2 \u2013 D\u00e9finir son projet professionnel d\u2019artiste musicien et communiquer sur celui-ci aupr\u00e8s [&hellip;]<\/p>\n","protected":false},"author":1,"featured_media":0,"parent":0,"menu_order":0,"comment_status":"closed","ping_status":"closed","template":"","meta":{"footnotes":""},"class_list":["post-7907","page","type-page","status-publish","czr-hentry"],"yoast_head":"<!-- This site is optimized with the Yoast SEO plugin v26.8 - https:\/\/yoast.com\/product\/yoast-seo-wordpress\/ -->\n<title>AMMA - Bloc 1 - Musique et Equilibre<\/title>\n<meta name=\"description\" content=\"AMMA - Bloc 1 : d\u00e9couvrez les objectifs p\u00e9dagogiques du bloc &quot;\u00c9laborer son projet professionnel d&#039;artiste musicien des musiques actuelles&quot;\" \/>\n<meta name=\"robots\" content=\"index, follow, max-snippet:-1, max-image-preview:large, max-video-preview:-1\" \/>\n<link rel=\"canonical\" href=\"https:\/\/musique-equilibre.com\/me\/index.php\/amma-bloc-1-elaborer-son-projet-professionnel-dartiste-musicien-des-musiques-actuelles\/\" \/>\n<meta property=\"og:locale\" content=\"fr_FR\" \/>\n<meta property=\"og:type\" content=\"article\" \/>\n<meta property=\"og:title\" content=\"AMMA - Bloc 1 - Musique et Equilibre\" \/>\n<meta property=\"og:description\" content=\"AMMA - Bloc 1 : d\u00e9couvrez les objectifs p\u00e9dagogiques du bloc &quot;\u00c9laborer son projet professionnel d&#039;artiste musicien des musiques actuelles&quot;\" \/>\n<meta property=\"og:url\" content=\"https:\/\/musique-equilibre.com\/me\/index.php\/amma-bloc-1-elaborer-son-projet-professionnel-dartiste-musicien-des-musiques-actuelles\/\" \/>\n<meta property=\"og:site_name\" content=\"Musique et Equilibre\" \/>\n<meta property=\"article:publisher\" content=\"https:\/\/www.facebook.com\/MusiqueetEquilibre45\" \/>\n<meta property=\"article:modified_time\" content=\"2023-03-15T13:04:10+00:00\" \/>\n<meta property=\"og:image\" content=\"https:\/\/musique-equilibre.com\/me\/wp-content\/uploads\/2023\/03\/172566_down_arrow_icon.png\" \/>\n<meta name=\"twitter:card\" content=\"summary_large_image\" \/>\n<meta name=\"twitter:site\" content=\"@Musiquequilibre\" \/>\n<meta name=\"twitter:label1\" content=\"Dur\u00e9e de lecture estim\u00e9e\" \/>\n\t<meta name=\"twitter:data1\" content=\"1 minute\" \/>\n<script type=\"application\/ld+json\" class=\"yoast-schema-graph\">{\"@context\":\"https:\/\/schema.org\",\"@graph\":[{\"@type\":\"WebPage\",\"@id\":\"https:\/\/musique-equilibre.com\/me\/index.php\/amma-bloc-1-elaborer-son-projet-professionnel-dartiste-musicien-des-musiques-actuelles\/\",\"url\":\"https:\/\/musique-equilibre.com\/me\/index.php\/amma-bloc-1-elaborer-son-projet-professionnel-dartiste-musicien-des-musiques-actuelles\/\",\"name\":\"AMMA - Bloc 1 - Musique et Equilibre\",\"isPartOf\":{\"@id\":\"https:\/\/musique-equilibre.com\/me\/#website\"},\"primaryImageOfPage\":{\"@id\":\"https:\/\/musique-equilibre.com\/me\/index.php\/amma-bloc-1-elaborer-son-projet-professionnel-dartiste-musicien-des-musiques-actuelles\/#primaryimage\"},\"image\":{\"@id\":\"https:\/\/musique-equilibre.com\/me\/index.php\/amma-bloc-1-elaborer-son-projet-professionnel-dartiste-musicien-des-musiques-actuelles\/#primaryimage\"},\"thumbnailUrl\":\"https:\/\/musique-equilibre.com\/me\/wp-content\/uploads\/2023\/03\/172566_down_arrow_icon.png\",\"datePublished\":\"2021-06-30T12:11:07+00:00\",\"dateModified\":\"2023-03-15T13:04:10+00:00\",\"description\":\"AMMA - Bloc 1 : d\u00e9couvrez les objectifs p\u00e9dagogiques du bloc \\\"\u00c9laborer son projet professionnel d'artiste musicien des musiques actuelles\\\"\",\"breadcrumb\":{\"@id\":\"https:\/\/musique-equilibre.com\/me\/index.php\/amma-bloc-1-elaborer-son-projet-professionnel-dartiste-musicien-des-musiques-actuelles\/#breadcrumb\"},\"inLanguage\":\"fr-FR\",\"potentialAction\":[{\"@type\":\"ReadAction\",\"target\":[\"https:\/\/musique-equilibre.com\/me\/index.php\/amma-bloc-1-elaborer-son-projet-professionnel-dartiste-musicien-des-musiques-actuelles\/\"]}]},{\"@type\":\"ImageObject\",\"inLanguage\":\"fr-FR\",\"@id\":\"https:\/\/musique-equilibre.com\/me\/index.php\/amma-bloc-1-elaborer-son-projet-professionnel-dartiste-musicien-des-musiques-actuelles\/#primaryimage\",\"url\":\"https:\/\/musique-equilibre.com\/me\/wp-content\/uploads\/2023\/03\/172566_down_arrow_icon.png\",\"contentUrl\":\"https:\/\/musique-equilibre.com\/me\/wp-content\/uploads\/2023\/03\/172566_down_arrow_icon.png\",\"width\":512,\"height\":512,\"caption\":\"formation professionnelle musique orl\u00e9ans loiret centre val de loire\"},{\"@type\":\"BreadcrumbList\",\"@id\":\"https:\/\/musique-equilibre.com\/me\/index.php\/amma-bloc-1-elaborer-son-projet-professionnel-dartiste-musicien-des-musiques-actuelles\/#breadcrumb\",\"itemListElement\":[{\"@type\":\"ListItem\",\"position\":1,\"name\":\"Accueil\",\"item\":\"https:\/\/musique-equilibre.com\/me\/\"},{\"@type\":\"ListItem\",\"position\":2,\"name\":\"AMMA &#8211; Bloc 1\"}]},{\"@type\":\"WebSite\",\"@id\":\"https:\/\/musique-equilibre.com\/me\/#website\",\"url\":\"https:\/\/musique-equilibre.com\/me\/\",\"name\":\"Musique et Equilibre\",\"description\":\"\",\"publisher\":{\"@id\":\"https:\/\/musique-equilibre.com\/me\/#organization\"},\"potentialAction\":[{\"@type\":\"SearchAction\",\"target\":{\"@type\":\"EntryPoint\",\"urlTemplate\":\"https:\/\/musique-equilibre.com\/me\/?s={search_term_string}\"},\"query-input\":{\"@type\":\"PropertyValueSpecification\",\"valueRequired\":true,\"valueName\":\"search_term_string\"}}],\"inLanguage\":\"fr-FR\"},{\"@type\":\"Organization\",\"@id\":\"https:\/\/musique-equilibre.com\/me\/#organization\",\"name\":\"Musique et Equilibre\",\"alternateName\":\"\u00c9cole de musique et salle de concert \u00e0 Orl\u00e9ans\",\"url\":\"https:\/\/musique-equilibre.com\/me\/\",\"logo\":{\"@type\":\"ImageObject\",\"inLanguage\":\"fr-FR\",\"@id\":\"https:\/\/musique-equilibre.com\/me\/#\/schema\/logo\/image\/\",\"url\":\"https:\/\/musique-equilibre.com\/me\/wp-content\/uploads\/2022\/11\/cropped-Logo_orange_texture-1.png\",\"contentUrl\":\"https:\/\/musique-equilibre.com\/me\/wp-content\/uploads\/2022\/11\/cropped-Logo_orange_texture-1.png\",\"width\":512,\"height\":512,\"caption\":\"Musique et Equilibre\"},\"image\":{\"@id\":\"https:\/\/musique-equilibre.com\/me\/#\/schema\/logo\/image\/\"},\"sameAs\":[\"https:\/\/www.facebook.com\/MusiqueetEquilibre45\",\"https:\/\/x.com\/Musiquequilibre\",\"https:\/\/www.instagram.com\/musique_et_equilibre_\/\",\"https:\/\/www.linkedin.com\/company\/musique-&amp;-equilibre\/\",\"https:\/\/www.youtube.com\/c\/MusiqueEquilibreOrleans\/\"]}]}<\/script>\n<!-- \/ Yoast SEO plugin. -->","yoast_head_json":{"title":"AMMA - Bloc 1 - Musique et Equilibre","description":"AMMA - Bloc 1 : d\u00e9couvrez les objectifs p\u00e9dagogiques du bloc \"\u00c9laborer son projet professionnel d'artiste musicien des musiques actuelles\"","robots":{"index":"index","follow":"follow","max-snippet":"max-snippet:-1","max-image-preview":"max-image-preview:large","max-video-preview":"max-video-preview:-1"},"canonical":"https:\/\/musique-equilibre.com\/me\/index.php\/amma-bloc-1-elaborer-son-projet-professionnel-dartiste-musicien-des-musiques-actuelles\/","og_locale":"fr_FR","og_type":"article","og_title":"AMMA - Bloc 1 - Musique et Equilibre","og_description":"AMMA - Bloc 1 : d\u00e9couvrez les objectifs p\u00e9dagogiques du bloc \"\u00c9laborer son projet professionnel d'artiste musicien des musiques actuelles\"","og_url":"https:\/\/musique-equilibre.com\/me\/index.php\/amma-bloc-1-elaborer-son-projet-professionnel-dartiste-musicien-des-musiques-actuelles\/","og_site_name":"Musique et Equilibre","article_publisher":"https:\/\/www.facebook.com\/MusiqueetEquilibre45","article_modified_time":"2023-03-15T13:04:10+00:00","og_image":[{"url":"https:\/\/musique-equilibre.com\/me\/wp-content\/uploads\/2023\/03\/172566_down_arrow_icon.png","type":"","width":"","height":""}],"twitter_card":"summary_large_image","twitter_site":"@Musiquequilibre","twitter_misc":{"Dur\u00e9e de lecture estim\u00e9e":"1 minute"},"schema":{"@context":"https:\/\/schema.org","@graph":[{"@type":"WebPage","@id":"https:\/\/musique-equilibre.com\/me\/index.php\/amma-bloc-1-elaborer-son-projet-professionnel-dartiste-musicien-des-musiques-actuelles\/","url":"https:\/\/musique-equilibre.com\/me\/index.php\/amma-bloc-1-elaborer-son-projet-professionnel-dartiste-musicien-des-musiques-actuelles\/","name":"AMMA - Bloc 1 - Musique et Equilibre","isPartOf":{"@id":"https:\/\/musique-equilibre.com\/me\/#website"},"primaryImageOfPage":{"@id":"https:\/\/musique-equilibre.com\/me\/index.php\/amma-bloc-1-elaborer-son-projet-professionnel-dartiste-musicien-des-musiques-actuelles\/#primaryimage"},"image":{"@id":"https:\/\/musique-equilibre.com\/me\/index.php\/amma-bloc-1-elaborer-son-projet-professionnel-dartiste-musicien-des-musiques-actuelles\/#primaryimage"},"thumbnailUrl":"https:\/\/musique-equilibre.com\/me\/wp-content\/uploads\/2023\/03\/172566_down_arrow_icon.png","datePublished":"2021-06-30T12:11:07+00:00","dateModified":"2023-03-15T13:04:10+00:00","description":"AMMA - Bloc 1 : d\u00e9couvrez les objectifs p\u00e9dagogiques du bloc \"\u00c9laborer son projet professionnel d'artiste musicien des musiques actuelles\"","breadcrumb":{"@id":"https:\/\/musique-equilibre.com\/me\/index.php\/amma-bloc-1-elaborer-son-projet-professionnel-dartiste-musicien-des-musiques-actuelles\/#breadcrumb"},"inLanguage":"fr-FR","potentialAction":[{"@type":"ReadAction","target":["https:\/\/musique-equilibre.com\/me\/index.php\/amma-bloc-1-elaborer-son-projet-professionnel-dartiste-musicien-des-musiques-actuelles\/"]}]},{"@type":"ImageObject","inLanguage":"fr-FR","@id":"https:\/\/musique-equilibre.com\/me\/index.php\/amma-bloc-1-elaborer-son-projet-professionnel-dartiste-musicien-des-musiques-actuelles\/#primaryimage","url":"https:\/\/musique-equilibre.com\/me\/wp-content\/uploads\/2023\/03\/172566_down_arrow_icon.png","contentUrl":"https:\/\/musique-equilibre.com\/me\/wp-content\/uploads\/2023\/03\/172566_down_arrow_icon.png","width":512,"height":512,"caption":"formation professionnelle musique orl\u00e9ans loiret centre val de loire"},{"@type":"BreadcrumbList","@id":"https:\/\/musique-equilibre.com\/me\/index.php\/amma-bloc-1-elaborer-son-projet-professionnel-dartiste-musicien-des-musiques-actuelles\/#breadcrumb","itemListElement":[{"@type":"ListItem","position":1,"name":"Accueil","item":"https:\/\/musique-equilibre.com\/me\/"},{"@type":"ListItem","position":2,"name":"AMMA &#8211; Bloc 1"}]},{"@type":"WebSite","@id":"https:\/\/musique-equilibre.com\/me\/#website","url":"https:\/\/musique-equilibre.com\/me\/","name":"Musique et Equilibre","description":"","publisher":{"@id":"https:\/\/musique-equilibre.com\/me\/#organization"},"potentialAction":[{"@type":"SearchAction","target":{"@type":"EntryPoint","urlTemplate":"https:\/\/musique-equilibre.com\/me\/?s={search_term_string}"},"query-input":{"@type":"PropertyValueSpecification","valueRequired":true,"valueName":"search_term_string"}}],"inLanguage":"fr-FR"},{"@type":"Organization","@id":"https:\/\/musique-equilibre.com\/me\/#organization","name":"Musique et Equilibre","alternateName":"\u00c9cole de musique et salle de concert \u00e0 Orl\u00e9ans","url":"https:\/\/musique-equilibre.com\/me\/","logo":{"@type":"ImageObject","inLanguage":"fr-FR","@id":"https:\/\/musique-equilibre.com\/me\/#\/schema\/logo\/image\/","url":"https:\/\/musique-equilibre.com\/me\/wp-content\/uploads\/2022\/11\/cropped-Logo_orange_texture-1.png","contentUrl":"https:\/\/musique-equilibre.com\/me\/wp-content\/uploads\/2022\/11\/cropped-Logo_orange_texture-1.png","width":512,"height":512,"caption":"Musique et Equilibre"},"image":{"@id":"https:\/\/musique-equilibre.com\/me\/#\/schema\/logo\/image\/"},"sameAs":["https:\/\/www.facebook.com\/MusiqueetEquilibre45","https:\/\/x.com\/Musiquequilibre","https:\/\/www.instagram.com\/musique_et_equilibre_\/","https:\/\/www.linkedin.com\/company\/musique-&amp;-equilibre\/","https:\/\/www.youtube.com\/c\/MusiqueEquilibreOrleans\/"]}]}},"_links":{"self":[{"href":"https:\/\/musique-equilibre.com\/me\/index.php\/wp-json\/wp\/v2\/pages\/7907","targetHints":{"allow":["GET"]}}],"collection":[{"href":"https:\/\/musique-equilibre.com\/me\/index.php\/wp-json\/wp\/v2\/pages"}],"about":[{"href":"https:\/\/musique-equilibre.com\/me\/index.php\/wp-json\/wp\/v2\/types\/page"}],"author":[{"embeddable":true,"href":"https:\/\/musique-equilibre.com\/me\/index.php\/wp-json\/wp\/v2\/users\/1"}],"replies":[{"embeddable":true,"href":"https:\/\/musique-equilibre.com\/me\/index.php\/wp-json\/wp\/v2\/comments?post=7907"}],"version-history":[{"count":6,"href":"https:\/\/musique-equilibre.com\/me\/index.php\/wp-json\/wp\/v2\/pages\/7907\/revisions"}],"predecessor-version":[{"id":11539,"href":"https:\/\/musique-equilibre.com\/me\/index.php\/wp-json\/wp\/v2\/pages\/7907\/revisions\/11539"}],"wp:attachment":[{"href":"https:\/\/musique-equilibre.com\/me\/index.php\/wp-json\/wp\/v2\/media?parent=7907"}],"curies":[{"name":"wp","href":"https:\/\/api.w.org\/{rel}","templated":true}]}}