{"id":7901,"date":"2021-06-30T11:59:14","date_gmt":"2021-06-30T09:59:14","guid":{"rendered":"http:\/\/musique-equilibre.com\/me\/index.php\/mima-bloc2-copy\/"},"modified":"2023-03-15T14:07:19","modified_gmt":"2023-03-15T13:07:19","slug":"amma-bloc-4-preparer-et-animer-une-intervention-pedagogique-et-de-mediation-dans-les-musiques-actuelles","status":"publish","type":"page","link":"https:\/\/musique-equilibre.com\/me\/index.php\/amma-bloc-4-preparer-et-animer-une-intervention-pedagogique-et-de-mediation-dans-les-musiques-actuelles\/","title":{"rendered":"AMMA &#8211; Bloc 4"},"content":{"rendered":"\n<h2 class=\"has-text-align-center wp-block-heading\">AMMA &#8211; Bloc 4<\/h2>\n\n\n\n<p class=\"has-text-align-center\"><strong>Pr\u00e9parer et animer une intervention p\u00e9dagogique et de m\u00e9diation dans les musiques actuelles (100h)<\/strong><br><em>R\u00e9alis\u00e9 par la <a href=\"https:\/\/www.fneijma.org\/\" target=\"_blank\" rel=\"noreferrer noopener\">Fneijma<\/a><\/em><\/p>\n\n\n<div class=\"wp-block-image\">\n<figure class=\"aligncenter size-full is-resized\"><img decoding=\"async\" src=\"https:\/\/musique-equilibre.com\/me\/wp-content\/uploads\/2023\/03\/172566_down_arrow_icon.png\" alt=\"formation professionnelle musique orl\u00e9ans loiret centre val de loire\" class=\"wp-image-11530\" width=\"90\" height=\"90\" srcset=\"https:\/\/musique-equilibre.com\/me\/wp-content\/uploads\/2023\/03\/172566_down_arrow_icon.png 512w, https:\/\/musique-equilibre.com\/me\/wp-content\/uploads\/2023\/03\/172566_down_arrow_icon-300x300.png 300w, https:\/\/musique-equilibre.com\/me\/wp-content\/uploads\/2023\/03\/172566_down_arrow_icon-150x150.png 150w, https:\/\/musique-equilibre.com\/me\/wp-content\/uploads\/2023\/03\/172566_down_arrow_icon-510x510.png 510w\" sizes=\"(max-width: 90px) 100vw, 90px\" \/><\/figure><\/div>\n\n\n<p class=\"has-text-align-center\"><strong><a href=\"https:\/\/musique-equilibre.com\/me\/wp-content\/uploads\/2023\/01\/Fiche-pre-inscription.pdf\" target=\"_blank\" rel=\"noreferrer noopener\">Fiche d\u2019inscription<\/a><\/strong><\/p>\n\n\n\n<h4 class=\"has-luminous-vivid-orange-color has-text-color wp-block-heading\"> AMMA Bloc 4 \/ Objectifs p\u00e9dagogique :<\/h4>\n\n\n\n<p>Activit\u00e9 1 &#8211; Analyser le cahier des charges et le contexte d&rsquo;une commande d&rsquo;animation et\/ou de m\u00e9diation pour pouvoir y r\u00e9pondre et la mettre en oeuvre<br>Activit\u00e9 2 &#8211; Animer et \u00e9valuer une intervention p\u00e9dagogique et de m\u00e9diation<\/p>\n\n\n\n<h4 class=\"has-luminous-vivid-orange-color has-text-color wp-block-heading\">Validation :<\/h4>\n\n\n\n<p>Epreuve terminale (FNEIJMA &#8211; juin)<br>&#8211; Un stage professionnel suivi de la r\u00e9daction d\u2019un dossier de synth\u00e8se de pratique professionnelle<br>(incluant un sc\u00e9nario p\u00e9dagogique et une analyse de pratique).<\/p>\n","protected":false},"excerpt":{"rendered":"<p>AMMA &#8211; Bloc 4 Pr\u00e9parer et animer une intervention p\u00e9dagogique et de m\u00e9diation dans les musiques actuelles (100h)R\u00e9alis\u00e9 par la Fneijma Fiche d\u2019inscription AMMA Bloc 4 \/ Objectifs p\u00e9dagogique : Activit\u00e9 1 &#8211; Analyser le cahier des charges et le contexte d&rsquo;une commande d&rsquo;animation et\/ou de m\u00e9diation pour pouvoir y r\u00e9pondre et la mettre en [&hellip;]<\/p>\n","protected":false},"author":1,"featured_media":0,"parent":0,"menu_order":0,"comment_status":"closed","ping_status":"closed","template":"","meta":{"footnotes":""},"class_list":["post-7901","page","type-page","status-publish","czr-hentry"],"yoast_head":"<!-- This site is optimized with the Yoast SEO plugin v26.8 - https:\/\/yoast.com\/product\/yoast-seo-wordpress\/ -->\n<title>AMMA - Bloc 4 - Musique et Equilibre<\/title>\n<meta name=\"description\" content=\"AMMA - Bloc 4 : d\u00e9couvrez les objectifs p\u00e9dagogiques du bloc &quot;Pr\u00e9parer et animer une intervention p\u00e9dagogique et de m\u00e9diation dans les MA&quot;.\" \/>\n<meta name=\"robots\" content=\"index, follow, max-snippet:-1, max-image-preview:large, max-video-preview:-1\" \/>\n<link rel=\"canonical\" href=\"https:\/\/musique-equilibre.com\/me\/index.php\/amma-bloc-4-preparer-et-animer-une-intervention-pedagogique-et-de-mediation-dans-les-musiques-actuelles\/\" \/>\n<meta property=\"og:locale\" content=\"fr_FR\" \/>\n<meta property=\"og:type\" content=\"article\" \/>\n<meta property=\"og:title\" content=\"AMMA - Bloc 4 - Musique et Equilibre\" \/>\n<meta property=\"og:description\" content=\"AMMA - Bloc 4 : d\u00e9couvrez les objectifs p\u00e9dagogiques du bloc &quot;Pr\u00e9parer et animer une intervention p\u00e9dagogique et de m\u00e9diation dans les MA&quot;.\" \/>\n<meta property=\"og:url\" content=\"https:\/\/musique-equilibre.com\/me\/index.php\/amma-bloc-4-preparer-et-animer-une-intervention-pedagogique-et-de-mediation-dans-les-musiques-actuelles\/\" \/>\n<meta property=\"og:site_name\" content=\"Musique et Equilibre\" \/>\n<meta property=\"article:publisher\" content=\"https:\/\/www.facebook.com\/MusiqueetEquilibre45\" \/>\n<meta property=\"article:modified_time\" content=\"2023-03-15T13:07:19+00:00\" \/>\n<meta property=\"og:image\" content=\"https:\/\/musique-equilibre.com\/me\/wp-content\/uploads\/2023\/03\/172566_down_arrow_icon.png\" \/>\n<meta name=\"twitter:card\" content=\"summary_large_image\" \/>\n<meta name=\"twitter:site\" content=\"@Musiquequilibre\" \/>\n<meta name=\"twitter:label1\" content=\"Dur\u00e9e de lecture estim\u00e9e\" \/>\n\t<meta name=\"twitter:data1\" content=\"1 minute\" \/>\n<script type=\"application\/ld+json\" class=\"yoast-schema-graph\">{\"@context\":\"https:\/\/schema.org\",\"@graph\":[{\"@type\":\"WebPage\",\"@id\":\"https:\/\/musique-equilibre.com\/me\/index.php\/amma-bloc-4-preparer-et-animer-une-intervention-pedagogique-et-de-mediation-dans-les-musiques-actuelles\/\",\"url\":\"https:\/\/musique-equilibre.com\/me\/index.php\/amma-bloc-4-preparer-et-animer-une-intervention-pedagogique-et-de-mediation-dans-les-musiques-actuelles\/\",\"name\":\"AMMA - Bloc 4 - Musique et Equilibre\",\"isPartOf\":{\"@id\":\"https:\/\/musique-equilibre.com\/me\/#website\"},\"primaryImageOfPage\":{\"@id\":\"https:\/\/musique-equilibre.com\/me\/index.php\/amma-bloc-4-preparer-et-animer-une-intervention-pedagogique-et-de-mediation-dans-les-musiques-actuelles\/#primaryimage\"},\"image\":{\"@id\":\"https:\/\/musique-equilibre.com\/me\/index.php\/amma-bloc-4-preparer-et-animer-une-intervention-pedagogique-et-de-mediation-dans-les-musiques-actuelles\/#primaryimage\"},\"thumbnailUrl\":\"https:\/\/musique-equilibre.com\/me\/wp-content\/uploads\/2023\/03\/172566_down_arrow_icon.png\",\"datePublished\":\"2021-06-30T09:59:14+00:00\",\"dateModified\":\"2023-03-15T13:07:19+00:00\",\"description\":\"AMMA - Bloc 4 : d\u00e9couvrez les objectifs p\u00e9dagogiques du bloc \\\"Pr\u00e9parer et animer une intervention p\u00e9dagogique et de m\u00e9diation dans les MA\\\".\",\"breadcrumb\":{\"@id\":\"https:\/\/musique-equilibre.com\/me\/index.php\/amma-bloc-4-preparer-et-animer-une-intervention-pedagogique-et-de-mediation-dans-les-musiques-actuelles\/#breadcrumb\"},\"inLanguage\":\"fr-FR\",\"potentialAction\":[{\"@type\":\"ReadAction\",\"target\":[\"https:\/\/musique-equilibre.com\/me\/index.php\/amma-bloc-4-preparer-et-animer-une-intervention-pedagogique-et-de-mediation-dans-les-musiques-actuelles\/\"]}]},{\"@type\":\"ImageObject\",\"inLanguage\":\"fr-FR\",\"@id\":\"https:\/\/musique-equilibre.com\/me\/index.php\/amma-bloc-4-preparer-et-animer-une-intervention-pedagogique-et-de-mediation-dans-les-musiques-actuelles\/#primaryimage\",\"url\":\"https:\/\/musique-equilibre.com\/me\/wp-content\/uploads\/2023\/03\/172566_down_arrow_icon.png\",\"contentUrl\":\"https:\/\/musique-equilibre.com\/me\/wp-content\/uploads\/2023\/03\/172566_down_arrow_icon.png\",\"width\":512,\"height\":512,\"caption\":\"formation professionnelle musique orl\u00e9ans loiret centre val de loire\"},{\"@type\":\"BreadcrumbList\",\"@id\":\"https:\/\/musique-equilibre.com\/me\/index.php\/amma-bloc-4-preparer-et-animer-une-intervention-pedagogique-et-de-mediation-dans-les-musiques-actuelles\/#breadcrumb\",\"itemListElement\":[{\"@type\":\"ListItem\",\"position\":1,\"name\":\"Accueil\",\"item\":\"https:\/\/musique-equilibre.com\/me\/\"},{\"@type\":\"ListItem\",\"position\":2,\"name\":\"AMMA &#8211; Bloc 4\"}]},{\"@type\":\"WebSite\",\"@id\":\"https:\/\/musique-equilibre.com\/me\/#website\",\"url\":\"https:\/\/musique-equilibre.com\/me\/\",\"name\":\"Musique et Equilibre\",\"description\":\"\",\"publisher\":{\"@id\":\"https:\/\/musique-equilibre.com\/me\/#organization\"},\"potentialAction\":[{\"@type\":\"SearchAction\",\"target\":{\"@type\":\"EntryPoint\",\"urlTemplate\":\"https:\/\/musique-equilibre.com\/me\/?s={search_term_string}\"},\"query-input\":{\"@type\":\"PropertyValueSpecification\",\"valueRequired\":true,\"valueName\":\"search_term_string\"}}],\"inLanguage\":\"fr-FR\"},{\"@type\":\"Organization\",\"@id\":\"https:\/\/musique-equilibre.com\/me\/#organization\",\"name\":\"Musique et Equilibre\",\"alternateName\":\"\u00c9cole de musique et salle de concert \u00e0 Orl\u00e9ans\",\"url\":\"https:\/\/musique-equilibre.com\/me\/\",\"logo\":{\"@type\":\"ImageObject\",\"inLanguage\":\"fr-FR\",\"@id\":\"https:\/\/musique-equilibre.com\/me\/#\/schema\/logo\/image\/\",\"url\":\"https:\/\/musique-equilibre.com\/me\/wp-content\/uploads\/2022\/11\/cropped-Logo_orange_texture-1.png\",\"contentUrl\":\"https:\/\/musique-equilibre.com\/me\/wp-content\/uploads\/2022\/11\/cropped-Logo_orange_texture-1.png\",\"width\":512,\"height\":512,\"caption\":\"Musique et Equilibre\"},\"image\":{\"@id\":\"https:\/\/musique-equilibre.com\/me\/#\/schema\/logo\/image\/\"},\"sameAs\":[\"https:\/\/www.facebook.com\/MusiqueetEquilibre45\",\"https:\/\/x.com\/Musiquequilibre\",\"https:\/\/www.instagram.com\/musique_et_equilibre_\/\",\"https:\/\/www.linkedin.com\/company\/musique-&amp;-equilibre\/\",\"https:\/\/www.youtube.com\/c\/MusiqueEquilibreOrleans\/\"]}]}<\/script>\n<!-- \/ Yoast SEO plugin. -->","yoast_head_json":{"title":"AMMA - Bloc 4 - Musique et Equilibre","description":"AMMA - Bloc 4 : d\u00e9couvrez les objectifs p\u00e9dagogiques du bloc \"Pr\u00e9parer et animer une intervention p\u00e9dagogique et de m\u00e9diation dans les MA\".","robots":{"index":"index","follow":"follow","max-snippet":"max-snippet:-1","max-image-preview":"max-image-preview:large","max-video-preview":"max-video-preview:-1"},"canonical":"https:\/\/musique-equilibre.com\/me\/index.php\/amma-bloc-4-preparer-et-animer-une-intervention-pedagogique-et-de-mediation-dans-les-musiques-actuelles\/","og_locale":"fr_FR","og_type":"article","og_title":"AMMA - Bloc 4 - Musique et Equilibre","og_description":"AMMA - Bloc 4 : d\u00e9couvrez les objectifs p\u00e9dagogiques du bloc \"Pr\u00e9parer et animer une intervention p\u00e9dagogique et de m\u00e9diation dans les MA\".","og_url":"https:\/\/musique-equilibre.com\/me\/index.php\/amma-bloc-4-preparer-et-animer-une-intervention-pedagogique-et-de-mediation-dans-les-musiques-actuelles\/","og_site_name":"Musique et Equilibre","article_publisher":"https:\/\/www.facebook.com\/MusiqueetEquilibre45","article_modified_time":"2023-03-15T13:07:19+00:00","og_image":[{"url":"https:\/\/musique-equilibre.com\/me\/wp-content\/uploads\/2023\/03\/172566_down_arrow_icon.png","type":"","width":"","height":""}],"twitter_card":"summary_large_image","twitter_site":"@Musiquequilibre","twitter_misc":{"Dur\u00e9e de lecture estim\u00e9e":"1 minute"},"schema":{"@context":"https:\/\/schema.org","@graph":[{"@type":"WebPage","@id":"https:\/\/musique-equilibre.com\/me\/index.php\/amma-bloc-4-preparer-et-animer-une-intervention-pedagogique-et-de-mediation-dans-les-musiques-actuelles\/","url":"https:\/\/musique-equilibre.com\/me\/index.php\/amma-bloc-4-preparer-et-animer-une-intervention-pedagogique-et-de-mediation-dans-les-musiques-actuelles\/","name":"AMMA - Bloc 4 - Musique et Equilibre","isPartOf":{"@id":"https:\/\/musique-equilibre.com\/me\/#website"},"primaryImageOfPage":{"@id":"https:\/\/musique-equilibre.com\/me\/index.php\/amma-bloc-4-preparer-et-animer-une-intervention-pedagogique-et-de-mediation-dans-les-musiques-actuelles\/#primaryimage"},"image":{"@id":"https:\/\/musique-equilibre.com\/me\/index.php\/amma-bloc-4-preparer-et-animer-une-intervention-pedagogique-et-de-mediation-dans-les-musiques-actuelles\/#primaryimage"},"thumbnailUrl":"https:\/\/musique-equilibre.com\/me\/wp-content\/uploads\/2023\/03\/172566_down_arrow_icon.png","datePublished":"2021-06-30T09:59:14+00:00","dateModified":"2023-03-15T13:07:19+00:00","description":"AMMA - Bloc 4 : d\u00e9couvrez les objectifs p\u00e9dagogiques du bloc \"Pr\u00e9parer et animer une intervention p\u00e9dagogique et de m\u00e9diation dans les MA\".","breadcrumb":{"@id":"https:\/\/musique-equilibre.com\/me\/index.php\/amma-bloc-4-preparer-et-animer-une-intervention-pedagogique-et-de-mediation-dans-les-musiques-actuelles\/#breadcrumb"},"inLanguage":"fr-FR","potentialAction":[{"@type":"ReadAction","target":["https:\/\/musique-equilibre.com\/me\/index.php\/amma-bloc-4-preparer-et-animer-une-intervention-pedagogique-et-de-mediation-dans-les-musiques-actuelles\/"]}]},{"@type":"ImageObject","inLanguage":"fr-FR","@id":"https:\/\/musique-equilibre.com\/me\/index.php\/amma-bloc-4-preparer-et-animer-une-intervention-pedagogique-et-de-mediation-dans-les-musiques-actuelles\/#primaryimage","url":"https:\/\/musique-equilibre.com\/me\/wp-content\/uploads\/2023\/03\/172566_down_arrow_icon.png","contentUrl":"https:\/\/musique-equilibre.com\/me\/wp-content\/uploads\/2023\/03\/172566_down_arrow_icon.png","width":512,"height":512,"caption":"formation professionnelle musique orl\u00e9ans loiret centre val de loire"},{"@type":"BreadcrumbList","@id":"https:\/\/musique-equilibre.com\/me\/index.php\/amma-bloc-4-preparer-et-animer-une-intervention-pedagogique-et-de-mediation-dans-les-musiques-actuelles\/#breadcrumb","itemListElement":[{"@type":"ListItem","position":1,"name":"Accueil","item":"https:\/\/musique-equilibre.com\/me\/"},{"@type":"ListItem","position":2,"name":"AMMA &#8211; Bloc 4"}]},{"@type":"WebSite","@id":"https:\/\/musique-equilibre.com\/me\/#website","url":"https:\/\/musique-equilibre.com\/me\/","name":"Musique et Equilibre","description":"","publisher":{"@id":"https:\/\/musique-equilibre.com\/me\/#organization"},"potentialAction":[{"@type":"SearchAction","target":{"@type":"EntryPoint","urlTemplate":"https:\/\/musique-equilibre.com\/me\/?s={search_term_string}"},"query-input":{"@type":"PropertyValueSpecification","valueRequired":true,"valueName":"search_term_string"}}],"inLanguage":"fr-FR"},{"@type":"Organization","@id":"https:\/\/musique-equilibre.com\/me\/#organization","name":"Musique et Equilibre","alternateName":"\u00c9cole de musique et salle de concert \u00e0 Orl\u00e9ans","url":"https:\/\/musique-equilibre.com\/me\/","logo":{"@type":"ImageObject","inLanguage":"fr-FR","@id":"https:\/\/musique-equilibre.com\/me\/#\/schema\/logo\/image\/","url":"https:\/\/musique-equilibre.com\/me\/wp-content\/uploads\/2022\/11\/cropped-Logo_orange_texture-1.png","contentUrl":"https:\/\/musique-equilibre.com\/me\/wp-content\/uploads\/2022\/11\/cropped-Logo_orange_texture-1.png","width":512,"height":512,"caption":"Musique et Equilibre"},"image":{"@id":"https:\/\/musique-equilibre.com\/me\/#\/schema\/logo\/image\/"},"sameAs":["https:\/\/www.facebook.com\/MusiqueetEquilibre45","https:\/\/x.com\/Musiquequilibre","https:\/\/www.instagram.com\/musique_et_equilibre_\/","https:\/\/www.linkedin.com\/company\/musique-&amp;-equilibre\/","https:\/\/www.youtube.com\/c\/MusiqueEquilibreOrleans\/"]}]}},"_links":{"self":[{"href":"https:\/\/musique-equilibre.com\/me\/index.php\/wp-json\/wp\/v2\/pages\/7901","targetHints":{"allow":["GET"]}}],"collection":[{"href":"https:\/\/musique-equilibre.com\/me\/index.php\/wp-json\/wp\/v2\/pages"}],"about":[{"href":"https:\/\/musique-equilibre.com\/me\/index.php\/wp-json\/wp\/v2\/types\/page"}],"author":[{"embeddable":true,"href":"https:\/\/musique-equilibre.com\/me\/index.php\/wp-json\/wp\/v2\/users\/1"}],"replies":[{"embeddable":true,"href":"https:\/\/musique-equilibre.com\/me\/index.php\/wp-json\/wp\/v2\/comments?post=7901"}],"version-history":[{"count":6,"href":"https:\/\/musique-equilibre.com\/me\/index.php\/wp-json\/wp\/v2\/pages\/7901\/revisions"}],"predecessor-version":[{"id":11542,"href":"https:\/\/musique-equilibre.com\/me\/index.php\/wp-json\/wp\/v2\/pages\/7901\/revisions\/11542"}],"wp:attachment":[{"href":"https:\/\/musique-equilibre.com\/me\/index.php\/wp-json\/wp\/v2\/media?parent=7901"}],"curies":[{"name":"wp","href":"https:\/\/api.w.org\/{rel}","templated":true}]}}