{"id":790,"date":"2018-09-06T11:24:57","date_gmt":"2018-09-06T09:24:57","guid":{"rendered":"http:\/\/musique-equilibre.com\/me\/?page_id=790"},"modified":"2025-11-05T16:54:38","modified_gmt":"2025-11-05T15:54:38","slug":"action-culturelle-musiqueorleans","status":"publish","type":"page","link":"https:\/\/musique-equilibre.com\/me\/index.php\/action-culturelle-musiqueorleans\/","title":{"rendered":"<span style=\"font-family: coves;\">Action culturelle"},"content":{"rendered":"\n<figure class=\"wp-block-image alignwide size-large\"><img fetchpriority=\"high\" decoding=\"async\" width=\"1024\" height=\"252\" src=\"https:\/\/musique-equilibre.com\/me\/wp-content\/uploads\/2025\/05\/Banniere-action-culturelle-1024x252.jpg\" alt=\"action culturelle concert p\u00e9dagogique \u00e9cole de musique musiques actuelles \" class=\"wp-image-16819\" srcset=\"https:\/\/musique-equilibre.com\/me\/wp-content\/uploads\/2025\/05\/Banniere-action-culturelle-1024x252.jpg 1024w, https:\/\/musique-equilibre.com\/me\/wp-content\/uploads\/2025\/05\/Banniere-action-culturelle-300x74.jpg 300w, https:\/\/musique-equilibre.com\/me\/wp-content\/uploads\/2025\/05\/Banniere-action-culturelle-150x37.jpg 150w, https:\/\/musique-equilibre.com\/me\/wp-content\/uploads\/2025\/05\/Banniere-action-culturelle-768x189.jpg 768w, https:\/\/musique-equilibre.com\/me\/wp-content\/uploads\/2025\/05\/Banniere-action-culturelle.jpg 1366w\" sizes=\"(max-width: 1024px) 100vw, 1024px\" \/><\/figure>\n\n\n<\/p>\n<p><span style=\"font-family: coves;\">\u00catre musicien\u00b7ne, c&rsquo;est \u00e9galement aller \u00e0 la rencontre de son public. Pr\u00e9sentation du travail de l&rsquo;artiste,<strong> sensibilisation <\/strong>des approches musicales et stylistiques. Nous travaillons aupr\u00e8s des publics scolaires, personnes en situation de handicap, foyers de travailleurs, centres de loisirs, cycles perfectionnement des conservatoires, personnes \u00e2g\u00e9es, etc.<\/span><br \/><span style=\"font-family: coves;\">Nos actions se d\u00e9roulent en majorit\u00e9 au sein de notre salle de diffusion, \u00e0 l&rsquo;<a href=\"https:\/\/www.orleans-metropole.fr\/sport\/etablissements-et-lieux-de-pratique\/largonaute\" target=\"_blank\" rel=\"noreferrer noopener\">Argonaute<\/a>.<\/span><\/p>\n<p><span style=\"font-family: coves;\">Si vous \u00eates int\u00e9ress\u00e9 par l&rsquo;organisation d&rsquo;une action culture entre votre structure (\u00e9tablissement scolaire, MJC, Aselqo, Ehpad, foyer d&rsquo;accueil&#8230;) et <a href=\"https:\/\/musique-equilibre.com\/me\/index.php\/equipe-et-staff-de-musique-et-equilibre\/\" target=\"_blank\" rel=\"noreferrer noopener\">Musique et Equilibre<\/a>, n&rsquo;h\u00e9sitez pas \u00e0 contacter Alice Nau, en charge de l&rsquo;action culturelle (02.38.54.81.31 \/ alice@musique-equilibre.com).<\/span><\/p>\n\n\n<blockquote class=\"wp-block-quote is-layout-flow wp-block-quote-is-layout-flow\">\n<p>Nous avons pass\u00e9 un super moment, l&rsquo;atelier etait vraiment tr\u00e8s sympa. Nos jeunes ont appr\u00e9ci\u00e9 et se sont bien amus\u00e9 et nous aussi.\u00a0<\/p>\n\n\n\n<p>L&rsquo;atelier etait ludique et festif.&nbsp;<\/p>\n\n\n\n<p>Encore un \u00e9norme merci<\/p>\n<cite>\u00c9ducatrice au sein d&rsquo;un accueil de jour pour personne en situation de handicap<\/cite><\/blockquote>\n\n\n\n<div class=\"wp-block-columns is-layout-flex wp-container-core-columns-is-layout-9d6595d7 wp-block-columns-is-layout-flex\">\n<div class=\"wp-block-column is-layout-flow wp-block-column-is-layout-flow\">\n<figure class=\"wp-block-embed is-type-video is-provider-youtube wp-block-embed-youtube wp-embed-aspect-16-9 wp-has-aspect-ratio\"><div class=\"wp-block-embed__wrapper\">\n<iframe title=\"Action Culturelle - On d\u00e9couvre la ROUMANIE\" width=\"1140\" height=\"641\" src=\"https:\/\/www.youtube.com\/embed\/4H01mFqUnUc?feature=oembed\" frameborder=\"0\" allow=\"accelerometer; autoplay; clipboard-write; encrypted-media; gyroscope; picture-in-picture; web-share\" referrerpolicy=\"strict-origin-when-cross-origin\" allowfullscreen><\/iframe>\n<\/div><\/figure>\n<\/div>\n\n\n\n<div class=\"wp-block-column is-layout-flow wp-block-column-is-layout-flow\">\n<figure class=\"wp-block-embed is-type-video is-provider-youtube wp-block-embed-youtube wp-embed-aspect-16-9 wp-has-aspect-ratio\"><div class=\"wp-block-embed__wrapper\">\n<iframe title=\"Action Culturelle - Festival Les Mosa\u00efques#6\" width=\"1140\" height=\"641\" src=\"https:\/\/www.youtube.com\/embed\/NGkFigikaYY?feature=oembed\" frameborder=\"0\" allow=\"accelerometer; autoplay; clipboard-write; encrypted-media; gyroscope; picture-in-picture; web-share\" referrerpolicy=\"strict-origin-when-cross-origin\" allowfullscreen><\/iframe>\n<\/div><\/figure>\n<\/div>\n<\/div>\n","protected":false},"excerpt":{"rendered":"<p>\u00catre musicien\u00b7ne, c&rsquo;est \u00e9galement aller \u00e0 la rencontre de son public. Pr\u00e9sentation du travail de l&rsquo;artiste, sensibilisation des approches musicales et stylistiques. Nous travaillons aupr\u00e8s des publics scolaires, personnes en situation de handicap, foyers de travailleurs, centres de loisirs, cycles perfectionnement des conservatoires, personnes \u00e2g\u00e9es, etc.Nos actions se d\u00e9roulent en majorit\u00e9 au sein de notre [&hellip;]<\/p>\n","protected":false},"author":1,"featured_media":0,"parent":0,"menu_order":0,"comment_status":"closed","ping_status":"closed","template":"","meta":{"footnotes":""},"class_list":["post-790","page","type-page","status-publish","czr-hentry"],"yoast_head":"<!-- This site is optimized with the Yoast SEO plugin v26.8 - https:\/\/yoast.com\/product\/yoast-seo-wordpress\/ -->\n<title>Action culturelle - Musique et Equilibre<\/title>\n<meta name=\"description\" content=\"Musique et Equilibre organise de l&#039;action culturelle tout au long de l&#039;ann\u00e9e. Nous pouvons intervenir aupr\u00e8s de diff\u00e9rents publics.\" \/>\n<meta name=\"robots\" content=\"index, follow, max-snippet:-1, max-image-preview:large, max-video-preview:-1\" \/>\n<link rel=\"canonical\" href=\"https:\/\/musique-equilibre.com\/me\/index.php\/action-culturelle-musiqueorleans\/\" \/>\n<meta property=\"og:locale\" content=\"fr_FR\" \/>\n<meta property=\"og:type\" content=\"article\" \/>\n<meta property=\"og:title\" content=\"Action culturelle - Musique et Equilibre\" \/>\n<meta property=\"og:description\" content=\"Musique et Equilibre organise de l&#039;action culturelle tout au long de l&#039;ann\u00e9e. Nous pouvons intervenir aupr\u00e8s de diff\u00e9rents publics.\" \/>\n<meta property=\"og:url\" content=\"https:\/\/musique-equilibre.com\/me\/index.php\/action-culturelle-musiqueorleans\/\" \/>\n<meta property=\"og:site_name\" content=\"Musique et Equilibre\" \/>\n<meta property=\"article:publisher\" content=\"https:\/\/www.facebook.com\/MusiqueetEquilibre45\" \/>\n<meta property=\"article:modified_time\" content=\"2025-11-05T15:54:38+00:00\" \/>\n<meta property=\"og:image\" content=\"https:\/\/musique-equilibre.com\/me\/wp-content\/uploads\/2025\/05\/Banniere-action-culturelle.jpg\" \/>\n\t<meta property=\"og:image:width\" content=\"1366\" \/>\n\t<meta property=\"og:image:height\" content=\"336\" \/>\n\t<meta property=\"og:image:type\" content=\"image\/jpeg\" \/>\n<meta name=\"twitter:card\" content=\"summary_large_image\" \/>\n<meta name=\"twitter:site\" content=\"@Musiquequilibre\" \/>\n<meta name=\"twitter:label1\" content=\"Dur\u00e9e de lecture estim\u00e9e\" \/>\n\t<meta name=\"twitter:data1\" content=\"1 minute\" \/>\n<script type=\"application\/ld+json\" class=\"yoast-schema-graph\">{\"@context\":\"https:\/\/schema.org\",\"@graph\":[{\"@type\":\"WebPage\",\"@id\":\"https:\/\/musique-equilibre.com\/me\/index.php\/action-culturelle-musiqueorleans\/\",\"url\":\"https:\/\/musique-equilibre.com\/me\/index.php\/action-culturelle-musiqueorleans\/\",\"name\":\"Action culturelle - Musique et Equilibre\",\"isPartOf\":{\"@id\":\"https:\/\/musique-equilibre.com\/me\/#website\"},\"primaryImageOfPage\":{\"@id\":\"https:\/\/musique-equilibre.com\/me\/index.php\/action-culturelle-musiqueorleans\/#primaryimage\"},\"image\":{\"@id\":\"https:\/\/musique-equilibre.com\/me\/index.php\/action-culturelle-musiqueorleans\/#primaryimage\"},\"thumbnailUrl\":\"https:\/\/musique-equilibre.com\/me\/wp-content\/uploads\/2025\/05\/Banniere-action-culturelle-1024x252.jpg\",\"datePublished\":\"2018-09-06T09:24:57+00:00\",\"dateModified\":\"2025-11-05T15:54:38+00:00\",\"description\":\"Musique et Equilibre organise de l'action culturelle tout au long de l'ann\u00e9e. Nous pouvons intervenir aupr\u00e8s de diff\u00e9rents publics.\",\"breadcrumb\":{\"@id\":\"https:\/\/musique-equilibre.com\/me\/index.php\/action-culturelle-musiqueorleans\/#breadcrumb\"},\"inLanguage\":\"fr-FR\",\"potentialAction\":[{\"@type\":\"ReadAction\",\"target\":[\"https:\/\/musique-equilibre.com\/me\/index.php\/action-culturelle-musiqueorleans\/\"]}]},{\"@type\":\"ImageObject\",\"inLanguage\":\"fr-FR\",\"@id\":\"https:\/\/musique-equilibre.com\/me\/index.php\/action-culturelle-musiqueorleans\/#primaryimage\",\"url\":\"https:\/\/musique-equilibre.com\/me\/wp-content\/uploads\/2025\/05\/Banniere-action-culturelle.jpg\",\"contentUrl\":\"https:\/\/musique-equilibre.com\/me\/wp-content\/uploads\/2025\/05\/Banniere-action-culturelle.jpg\",\"width\":1366,\"height\":336},{\"@type\":\"BreadcrumbList\",\"@id\":\"https:\/\/musique-equilibre.com\/me\/index.php\/action-culturelle-musiqueorleans\/#breadcrumb\",\"itemListElement\":[{\"@type\":\"ListItem\",\"position\":1,\"name\":\"Accueil\",\"item\":\"https:\/\/musique-equilibre.com\/me\/\"},{\"@type\":\"ListItem\",\"position\":2,\"name\":\"Action culturelle\"}]},{\"@type\":\"WebSite\",\"@id\":\"https:\/\/musique-equilibre.com\/me\/#website\",\"url\":\"https:\/\/musique-equilibre.com\/me\/\",\"name\":\"Musique et Equilibre\",\"description\":\"\",\"publisher\":{\"@id\":\"https:\/\/musique-equilibre.com\/me\/#organization\"},\"potentialAction\":[{\"@type\":\"SearchAction\",\"target\":{\"@type\":\"EntryPoint\",\"urlTemplate\":\"https:\/\/musique-equilibre.com\/me\/?s={search_term_string}\"},\"query-input\":{\"@type\":\"PropertyValueSpecification\",\"valueRequired\":true,\"valueName\":\"search_term_string\"}}],\"inLanguage\":\"fr-FR\"},{\"@type\":\"Organization\",\"@id\":\"https:\/\/musique-equilibre.com\/me\/#organization\",\"name\":\"Musique et Equilibre\",\"alternateName\":\"\u00c9cole de musique et salle de concert \u00e0 Orl\u00e9ans\",\"url\":\"https:\/\/musique-equilibre.com\/me\/\",\"logo\":{\"@type\":\"ImageObject\",\"inLanguage\":\"fr-FR\",\"@id\":\"https:\/\/musique-equilibre.com\/me\/#\/schema\/logo\/image\/\",\"url\":\"https:\/\/musique-equilibre.com\/me\/wp-content\/uploads\/2022\/11\/cropped-Logo_orange_texture-1.png\",\"contentUrl\":\"https:\/\/musique-equilibre.com\/me\/wp-content\/uploads\/2022\/11\/cropped-Logo_orange_texture-1.png\",\"width\":512,\"height\":512,\"caption\":\"Musique et Equilibre\"},\"image\":{\"@id\":\"https:\/\/musique-equilibre.com\/me\/#\/schema\/logo\/image\/\"},\"sameAs\":[\"https:\/\/www.facebook.com\/MusiqueetEquilibre45\",\"https:\/\/x.com\/Musiquequilibre\",\"https:\/\/www.instagram.com\/musique_et_equilibre_\/\",\"https:\/\/www.linkedin.com\/company\/musique-&amp;-equilibre\/\",\"https:\/\/www.youtube.com\/c\/MusiqueEquilibreOrleans\/\"]}]}<\/script>\n<!-- \/ Yoast SEO plugin. -->","yoast_head_json":{"title":"Action culturelle - Musique et Equilibre","description":"Musique et Equilibre organise de l'action culturelle tout au long de l'ann\u00e9e. Nous pouvons intervenir aupr\u00e8s de diff\u00e9rents publics.","robots":{"index":"index","follow":"follow","max-snippet":"max-snippet:-1","max-image-preview":"max-image-preview:large","max-video-preview":"max-video-preview:-1"},"canonical":"https:\/\/musique-equilibre.com\/me\/index.php\/action-culturelle-musiqueorleans\/","og_locale":"fr_FR","og_type":"article","og_title":"Action culturelle - Musique et Equilibre","og_description":"Musique et Equilibre organise de l'action culturelle tout au long de l'ann\u00e9e. Nous pouvons intervenir aupr\u00e8s de diff\u00e9rents publics.","og_url":"https:\/\/musique-equilibre.com\/me\/index.php\/action-culturelle-musiqueorleans\/","og_site_name":"Musique et Equilibre","article_publisher":"https:\/\/www.facebook.com\/MusiqueetEquilibre45","article_modified_time":"2025-11-05T15:54:38+00:00","og_image":[{"width":1366,"height":336,"url":"https:\/\/musique-equilibre.com\/me\/wp-content\/uploads\/2025\/05\/Banniere-action-culturelle.jpg","type":"image\/jpeg"}],"twitter_card":"summary_large_image","twitter_site":"@Musiquequilibre","twitter_misc":{"Dur\u00e9e de lecture estim\u00e9e":"1 minute"},"schema":{"@context":"https:\/\/schema.org","@graph":[{"@type":"WebPage","@id":"https:\/\/musique-equilibre.com\/me\/index.php\/action-culturelle-musiqueorleans\/","url":"https:\/\/musique-equilibre.com\/me\/index.php\/action-culturelle-musiqueorleans\/","name":"Action culturelle - Musique et Equilibre","isPartOf":{"@id":"https:\/\/musique-equilibre.com\/me\/#website"},"primaryImageOfPage":{"@id":"https:\/\/musique-equilibre.com\/me\/index.php\/action-culturelle-musiqueorleans\/#primaryimage"},"image":{"@id":"https:\/\/musique-equilibre.com\/me\/index.php\/action-culturelle-musiqueorleans\/#primaryimage"},"thumbnailUrl":"https:\/\/musique-equilibre.com\/me\/wp-content\/uploads\/2025\/05\/Banniere-action-culturelle-1024x252.jpg","datePublished":"2018-09-06T09:24:57+00:00","dateModified":"2025-11-05T15:54:38+00:00","description":"Musique et Equilibre organise de l'action culturelle tout au long de l'ann\u00e9e. Nous pouvons intervenir aupr\u00e8s de diff\u00e9rents publics.","breadcrumb":{"@id":"https:\/\/musique-equilibre.com\/me\/index.php\/action-culturelle-musiqueorleans\/#breadcrumb"},"inLanguage":"fr-FR","potentialAction":[{"@type":"ReadAction","target":["https:\/\/musique-equilibre.com\/me\/index.php\/action-culturelle-musiqueorleans\/"]}]},{"@type":"ImageObject","inLanguage":"fr-FR","@id":"https:\/\/musique-equilibre.com\/me\/index.php\/action-culturelle-musiqueorleans\/#primaryimage","url":"https:\/\/musique-equilibre.com\/me\/wp-content\/uploads\/2025\/05\/Banniere-action-culturelle.jpg","contentUrl":"https:\/\/musique-equilibre.com\/me\/wp-content\/uploads\/2025\/05\/Banniere-action-culturelle.jpg","width":1366,"height":336},{"@type":"BreadcrumbList","@id":"https:\/\/musique-equilibre.com\/me\/index.php\/action-culturelle-musiqueorleans\/#breadcrumb","itemListElement":[{"@type":"ListItem","position":1,"name":"Accueil","item":"https:\/\/musique-equilibre.com\/me\/"},{"@type":"ListItem","position":2,"name":"Action culturelle"}]},{"@type":"WebSite","@id":"https:\/\/musique-equilibre.com\/me\/#website","url":"https:\/\/musique-equilibre.com\/me\/","name":"Musique et Equilibre","description":"","publisher":{"@id":"https:\/\/musique-equilibre.com\/me\/#organization"},"potentialAction":[{"@type":"SearchAction","target":{"@type":"EntryPoint","urlTemplate":"https:\/\/musique-equilibre.com\/me\/?s={search_term_string}"},"query-input":{"@type":"PropertyValueSpecification","valueRequired":true,"valueName":"search_term_string"}}],"inLanguage":"fr-FR"},{"@type":"Organization","@id":"https:\/\/musique-equilibre.com\/me\/#organization","name":"Musique et Equilibre","alternateName":"\u00c9cole de musique et salle de concert \u00e0 Orl\u00e9ans","url":"https:\/\/musique-equilibre.com\/me\/","logo":{"@type":"ImageObject","inLanguage":"fr-FR","@id":"https:\/\/musique-equilibre.com\/me\/#\/schema\/logo\/image\/","url":"https:\/\/musique-equilibre.com\/me\/wp-content\/uploads\/2022\/11\/cropped-Logo_orange_texture-1.png","contentUrl":"https:\/\/musique-equilibre.com\/me\/wp-content\/uploads\/2022\/11\/cropped-Logo_orange_texture-1.png","width":512,"height":512,"caption":"Musique et Equilibre"},"image":{"@id":"https:\/\/musique-equilibre.com\/me\/#\/schema\/logo\/image\/"},"sameAs":["https:\/\/www.facebook.com\/MusiqueetEquilibre45","https:\/\/x.com\/Musiquequilibre","https:\/\/www.instagram.com\/musique_et_equilibre_\/","https:\/\/www.linkedin.com\/company\/musique-&amp;-equilibre\/","https:\/\/www.youtube.com\/c\/MusiqueEquilibreOrleans\/"]}]}},"_links":{"self":[{"href":"https:\/\/musique-equilibre.com\/me\/index.php\/wp-json\/wp\/v2\/pages\/790","targetHints":{"allow":["GET"]}}],"collection":[{"href":"https:\/\/musique-equilibre.com\/me\/index.php\/wp-json\/wp\/v2\/pages"}],"about":[{"href":"https:\/\/musique-equilibre.com\/me\/index.php\/wp-json\/wp\/v2\/types\/page"}],"author":[{"embeddable":true,"href":"https:\/\/musique-equilibre.com\/me\/index.php\/wp-json\/wp\/v2\/users\/1"}],"replies":[{"embeddable":true,"href":"https:\/\/musique-equilibre.com\/me\/index.php\/wp-json\/wp\/v2\/comments?post=790"}],"version-history":[{"count":20,"href":"https:\/\/musique-equilibre.com\/me\/index.php\/wp-json\/wp\/v2\/pages\/790\/revisions"}],"predecessor-version":[{"id":18038,"href":"https:\/\/musique-equilibre.com\/me\/index.php\/wp-json\/wp\/v2\/pages\/790\/revisions\/18038"}],"wp:attachment":[{"href":"https:\/\/musique-equilibre.com\/me\/index.php\/wp-json\/wp\/v2\/media?parent=790"}],"curies":[{"name":"wp","href":"https:\/\/api.w.org\/{rel}","templated":true}]}}