{"id":787,"date":"2018-09-06T11:23:49","date_gmt":"2018-09-06T09:23:49","guid":{"rendered":"http:\/\/musique-equilibre.com\/me\/?page_id=787"},"modified":"2025-01-28T18:17:11","modified_gmt":"2025-01-28T17:17:11","slug":"co-production-et-aide-a-la-production","status":"publish","type":"page","link":"https:\/\/musique-equilibre.com\/me\/index.php\/co-production-et-aide-a-la-production\/","title":{"rendered":"<span style=\"font-family: coves;\">Co-production et aide \u00e0 la production"},"content":{"rendered":"<p><span style=\"font-family: coves;\">Nous nous engageons avec des groupes pour les aider dans le montage de dossier, nous proposons de l&rsquo;aide \u00e0 la production et \u00e0 la recherche de financements. Pour les projets les plus avanc\u00e9s, innovants et solides, <a href=\"https:\/\/musique-equilibre.com\/me\/index.php\/ecole-de-musique-associative-orleans\/\" target=\"_blank\" rel=\"noreferrer noopener\">Musique et Equilibre<\/a> peut faire de la co-production.<\/span><\/p>\n<p style=\"text-align: center;\"><span style=\"font-size: 14pt; color: #e25417; font-family: coves;\"><strong>ANCIENS PROJETS<\/strong><\/span><\/p>\n\n\n<figure class=\"wp-block-embed is-type-video is-provider-youtube wp-block-embed-youtube wp-embed-aspect-16-9 wp-has-aspect-ratio\"><div class=\"wp-block-embed__wrapper\">\n<iframe title=\"S\u00e9isme - Sumatra (Extrait  Album &quot;Jishin&quot;)\" width=\"1140\" height=\"641\" src=\"https:\/\/www.youtube.com\/embed\/RWhpNw0z53s?list=PLLkcbEnDnwwS1WX7YnqeeX119Sd-G1X5Q\" frameborder=\"0\" allow=\"accelerometer; autoplay; clipboard-write; encrypted-media; gyroscope; picture-in-picture; web-share\" referrerpolicy=\"strict-origin-when-cross-origin\" allowfullscreen><\/iframe>\n<\/div><\/figure>\n\n\n\n<figure class=\"wp-block-embed is-type-video is-provider-youtube wp-block-embed-youtube wp-embed-aspect-16-9 wp-has-aspect-ratio\"><div class=\"wp-block-embed__wrapper\">\n<iframe title=\"A FOND - Teaser\" width=\"1140\" height=\"641\" src=\"https:\/\/www.youtube.com\/embed\/NsSP9cnzS0I?list=PLLkcbEnDnwwS1WX7YnqeeX119Sd-G1X5Q\" frameborder=\"0\" allow=\"accelerometer; autoplay; clipboard-write; encrypted-media; gyroscope; picture-in-picture; web-share\" referrerpolicy=\"strict-origin-when-cross-origin\" allowfullscreen><\/iframe>\n<\/div><\/figure>\n","protected":false},"excerpt":{"rendered":"<p>Nous nous engageons avec des groupes pour les aider dans le montage de dossier, nous proposons de l&rsquo;aide \u00e0 la production et \u00e0 la recherche de financements. Pour les projets les plus avanc\u00e9s, innovants et solides, Musique et Equilibre peut faire de la co-production. ANCIENS PROJETS<\/p>\n","protected":false},"author":1,"featured_media":0,"parent":0,"menu_order":0,"comment_status":"closed","ping_status":"closed","template":"","meta":{"footnotes":""},"class_list":["post-787","page","type-page","status-publish","czr-hentry"],"yoast_head":"<!-- This site is optimized with the Yoast SEO plugin v26.8 - https:\/\/yoast.com\/product\/yoast-seo-wordpress\/ -->\n<title>Co-production et aide \u00e0 la production - Musique et Equilibre<\/title>\n<meta name=\"description\" content=\"Musique et Equilibre s&#039;engage avec des groupes en fonction du projet pour leur apporter de l&#039;aide en co-production et aide \u00e0 la production.\" \/>\n<meta name=\"robots\" content=\"index, follow, max-snippet:-1, max-image-preview:large, max-video-preview:-1\" \/>\n<link rel=\"canonical\" href=\"https:\/\/musique-equilibre.com\/me\/index.php\/co-production-et-aide-a-la-production\/\" \/>\n<meta property=\"og:locale\" content=\"fr_FR\" \/>\n<meta property=\"og:type\" content=\"article\" \/>\n<meta property=\"og:title\" content=\"Co-production et aide \u00e0 la production - Musique et Equilibre\" \/>\n<meta property=\"og:description\" content=\"Musique et Equilibre s&#039;engage avec des groupes en fonction du projet pour leur apporter de l&#039;aide en co-production et aide \u00e0 la production.\" \/>\n<meta property=\"og:url\" content=\"https:\/\/musique-equilibre.com\/me\/index.php\/co-production-et-aide-a-la-production\/\" \/>\n<meta property=\"og:site_name\" content=\"Musique et Equilibre\" \/>\n<meta property=\"article:publisher\" content=\"https:\/\/www.facebook.com\/MusiqueetEquilibre45\" \/>\n<meta property=\"article:modified_time\" content=\"2025-01-28T17:17:11+00:00\" \/>\n<meta name=\"twitter:card\" content=\"summary_large_image\" \/>\n<meta name=\"twitter:site\" content=\"@Musiquequilibre\" \/>\n<meta name=\"twitter:label1\" content=\"Dur\u00e9e de lecture estim\u00e9e\" \/>\n\t<meta name=\"twitter:data1\" content=\"1 minute\" \/>\n<script type=\"application\/ld+json\" class=\"yoast-schema-graph\">{\"@context\":\"https:\/\/schema.org\",\"@graph\":[{\"@type\":\"WebPage\",\"@id\":\"https:\/\/musique-equilibre.com\/me\/index.php\/co-production-et-aide-a-la-production\/\",\"url\":\"https:\/\/musique-equilibre.com\/me\/index.php\/co-production-et-aide-a-la-production\/\",\"name\":\"Co-production et aide \u00e0 la production - Musique et Equilibre\",\"isPartOf\":{\"@id\":\"https:\/\/musique-equilibre.com\/me\/#website\"},\"datePublished\":\"2018-09-06T09:23:49+00:00\",\"dateModified\":\"2025-01-28T17:17:11+00:00\",\"description\":\"Musique et Equilibre s'engage avec des groupes en fonction du projet pour leur apporter de l'aide en co-production et aide \u00e0 la production.\",\"breadcrumb\":{\"@id\":\"https:\/\/musique-equilibre.com\/me\/index.php\/co-production-et-aide-a-la-production\/#breadcrumb\"},\"inLanguage\":\"fr-FR\",\"potentialAction\":[{\"@type\":\"ReadAction\",\"target\":[\"https:\/\/musique-equilibre.com\/me\/index.php\/co-production-et-aide-a-la-production\/\"]}]},{\"@type\":\"BreadcrumbList\",\"@id\":\"https:\/\/musique-equilibre.com\/me\/index.php\/co-production-et-aide-a-la-production\/#breadcrumb\",\"itemListElement\":[{\"@type\":\"ListItem\",\"position\":1,\"name\":\"Accueil\",\"item\":\"https:\/\/musique-equilibre.com\/me\/\"},{\"@type\":\"ListItem\",\"position\":2,\"name\":\"Co-production et aide \u00e0 la production\"}]},{\"@type\":\"WebSite\",\"@id\":\"https:\/\/musique-equilibre.com\/me\/#website\",\"url\":\"https:\/\/musique-equilibre.com\/me\/\",\"name\":\"Musique et Equilibre\",\"description\":\"\",\"publisher\":{\"@id\":\"https:\/\/musique-equilibre.com\/me\/#organization\"},\"potentialAction\":[{\"@type\":\"SearchAction\",\"target\":{\"@type\":\"EntryPoint\",\"urlTemplate\":\"https:\/\/musique-equilibre.com\/me\/?s={search_term_string}\"},\"query-input\":{\"@type\":\"PropertyValueSpecification\",\"valueRequired\":true,\"valueName\":\"search_term_string\"}}],\"inLanguage\":\"fr-FR\"},{\"@type\":\"Organization\",\"@id\":\"https:\/\/musique-equilibre.com\/me\/#organization\",\"name\":\"Musique et Equilibre\",\"alternateName\":\"\u00c9cole de musique et salle de concert \u00e0 Orl\u00e9ans\",\"url\":\"https:\/\/musique-equilibre.com\/me\/\",\"logo\":{\"@type\":\"ImageObject\",\"inLanguage\":\"fr-FR\",\"@id\":\"https:\/\/musique-equilibre.com\/me\/#\/schema\/logo\/image\/\",\"url\":\"https:\/\/musique-equilibre.com\/me\/wp-content\/uploads\/2022\/11\/cropped-Logo_orange_texture-1.png\",\"contentUrl\":\"https:\/\/musique-equilibre.com\/me\/wp-content\/uploads\/2022\/11\/cropped-Logo_orange_texture-1.png\",\"width\":512,\"height\":512,\"caption\":\"Musique et Equilibre\"},\"image\":{\"@id\":\"https:\/\/musique-equilibre.com\/me\/#\/schema\/logo\/image\/\"},\"sameAs\":[\"https:\/\/www.facebook.com\/MusiqueetEquilibre45\",\"https:\/\/x.com\/Musiquequilibre\",\"https:\/\/www.instagram.com\/musique_et_equilibre_\/\",\"https:\/\/www.linkedin.com\/company\/musique-&amp;-equilibre\/\",\"https:\/\/www.youtube.com\/c\/MusiqueEquilibreOrleans\/\"]}]}<\/script>\n<!-- \/ Yoast SEO plugin. -->","yoast_head_json":{"title":"Co-production et aide \u00e0 la production - Musique et Equilibre","description":"Musique et Equilibre s'engage avec des groupes en fonction du projet pour leur apporter de l'aide en co-production et aide \u00e0 la production.","robots":{"index":"index","follow":"follow","max-snippet":"max-snippet:-1","max-image-preview":"max-image-preview:large","max-video-preview":"max-video-preview:-1"},"canonical":"https:\/\/musique-equilibre.com\/me\/index.php\/co-production-et-aide-a-la-production\/","og_locale":"fr_FR","og_type":"article","og_title":"Co-production et aide \u00e0 la production - Musique et Equilibre","og_description":"Musique et Equilibre s'engage avec des groupes en fonction du projet pour leur apporter de l'aide en co-production et aide \u00e0 la production.","og_url":"https:\/\/musique-equilibre.com\/me\/index.php\/co-production-et-aide-a-la-production\/","og_site_name":"Musique et Equilibre","article_publisher":"https:\/\/www.facebook.com\/MusiqueetEquilibre45","article_modified_time":"2025-01-28T17:17:11+00:00","twitter_card":"summary_large_image","twitter_site":"@Musiquequilibre","twitter_misc":{"Dur\u00e9e de lecture estim\u00e9e":"1 minute"},"schema":{"@context":"https:\/\/schema.org","@graph":[{"@type":"WebPage","@id":"https:\/\/musique-equilibre.com\/me\/index.php\/co-production-et-aide-a-la-production\/","url":"https:\/\/musique-equilibre.com\/me\/index.php\/co-production-et-aide-a-la-production\/","name":"Co-production et aide \u00e0 la production - Musique et Equilibre","isPartOf":{"@id":"https:\/\/musique-equilibre.com\/me\/#website"},"datePublished":"2018-09-06T09:23:49+00:00","dateModified":"2025-01-28T17:17:11+00:00","description":"Musique et Equilibre s'engage avec des groupes en fonction du projet pour leur apporter de l'aide en co-production et aide \u00e0 la production.","breadcrumb":{"@id":"https:\/\/musique-equilibre.com\/me\/index.php\/co-production-et-aide-a-la-production\/#breadcrumb"},"inLanguage":"fr-FR","potentialAction":[{"@type":"ReadAction","target":["https:\/\/musique-equilibre.com\/me\/index.php\/co-production-et-aide-a-la-production\/"]}]},{"@type":"BreadcrumbList","@id":"https:\/\/musique-equilibre.com\/me\/index.php\/co-production-et-aide-a-la-production\/#breadcrumb","itemListElement":[{"@type":"ListItem","position":1,"name":"Accueil","item":"https:\/\/musique-equilibre.com\/me\/"},{"@type":"ListItem","position":2,"name":"Co-production et aide \u00e0 la production"}]},{"@type":"WebSite","@id":"https:\/\/musique-equilibre.com\/me\/#website","url":"https:\/\/musique-equilibre.com\/me\/","name":"Musique et Equilibre","description":"","publisher":{"@id":"https:\/\/musique-equilibre.com\/me\/#organization"},"potentialAction":[{"@type":"SearchAction","target":{"@type":"EntryPoint","urlTemplate":"https:\/\/musique-equilibre.com\/me\/?s={search_term_string}"},"query-input":{"@type":"PropertyValueSpecification","valueRequired":true,"valueName":"search_term_string"}}],"inLanguage":"fr-FR"},{"@type":"Organization","@id":"https:\/\/musique-equilibre.com\/me\/#organization","name":"Musique et Equilibre","alternateName":"\u00c9cole de musique et salle de concert \u00e0 Orl\u00e9ans","url":"https:\/\/musique-equilibre.com\/me\/","logo":{"@type":"ImageObject","inLanguage":"fr-FR","@id":"https:\/\/musique-equilibre.com\/me\/#\/schema\/logo\/image\/","url":"https:\/\/musique-equilibre.com\/me\/wp-content\/uploads\/2022\/11\/cropped-Logo_orange_texture-1.png","contentUrl":"https:\/\/musique-equilibre.com\/me\/wp-content\/uploads\/2022\/11\/cropped-Logo_orange_texture-1.png","width":512,"height":512,"caption":"Musique et Equilibre"},"image":{"@id":"https:\/\/musique-equilibre.com\/me\/#\/schema\/logo\/image\/"},"sameAs":["https:\/\/www.facebook.com\/MusiqueetEquilibre45","https:\/\/x.com\/Musiquequilibre","https:\/\/www.instagram.com\/musique_et_equilibre_\/","https:\/\/www.linkedin.com\/company\/musique-&amp;-equilibre\/","https:\/\/www.youtube.com\/c\/MusiqueEquilibreOrleans\/"]}]}},"_links":{"self":[{"href":"https:\/\/musique-equilibre.com\/me\/index.php\/wp-json\/wp\/v2\/pages\/787","targetHints":{"allow":["GET"]}}],"collection":[{"href":"https:\/\/musique-equilibre.com\/me\/index.php\/wp-json\/wp\/v2\/pages"}],"about":[{"href":"https:\/\/musique-equilibre.com\/me\/index.php\/wp-json\/wp\/v2\/types\/page"}],"author":[{"embeddable":true,"href":"https:\/\/musique-equilibre.com\/me\/index.php\/wp-json\/wp\/v2\/users\/1"}],"replies":[{"embeddable":true,"href":"https:\/\/musique-equilibre.com\/me\/index.php\/wp-json\/wp\/v2\/comments?post=787"}],"version-history":[{"count":29,"href":"https:\/\/musique-equilibre.com\/me\/index.php\/wp-json\/wp\/v2\/pages\/787\/revisions"}],"predecessor-version":[{"id":15979,"href":"https:\/\/musique-equilibre.com\/me\/index.php\/wp-json\/wp\/v2\/pages\/787\/revisions\/15979"}],"wp:attachment":[{"href":"https:\/\/musique-equilibre.com\/me\/index.php\/wp-json\/wp\/v2\/media?parent=787"}],"curies":[{"name":"wp","href":"https:\/\/api.w.org\/{rel}","templated":true}]}}