{"id":780,"date":"2018-09-06T11:20:01","date_gmt":"2018-09-06T09:20:01","guid":{"rendered":"http:\/\/musique-equilibre.com\/me\/?page_id=780"},"modified":"2025-05-14T16:03:34","modified_gmt":"2025-05-14T14:03:34","slug":"residences","status":"publish","type":"page","link":"https:\/\/musique-equilibre.com\/me\/index.php\/residences\/","title":{"rendered":"<span style=\"font-family: coves;\">R\u00e9sidences"},"content":{"rendered":"<p><span style=\"font-family: coves; font-size: 14pt;\">Nous accueillons \u00e0 l&rsquo;<a href=\"https:\/\/musique-equilibre.com\/me\/index.php\/largonaute-salle-de-concerts\/\" target=\"_blank\" rel=\"noreferrer noopener\">Argonaute<\/a> des artistes ou groupes avec des projets \u00e9mergents et innovants. Les r\u00e9sidences peuvent aller de 1 \u00e0 9 jours, l&rsquo;installation et le rangement se font avec un technicien dans une d\u00e9marche collaborative.<\/span><\/p>\n<h5><span style=\"font-family: coves;\"><strong><span style=\"color: #e25417;\">Conditions :<\/span><\/strong><\/span><\/h5>\n<p><span style=\"font-family: coves;\">1 \u00e0 2 jours : 85\u20ac (1er jour : installation avec le r\u00e9gisseur \/ 2e : en autonomie).<\/span><br \/><span style=\"font-family: coves;\">3 \u00e0 5 jours : condition ci-dessus + <a href=\"https:\/\/www.youtube.com\/watch?v=6SUeBSkd4g4\">action culturelle<\/a> (organis\u00e9 par la charg\u00e9e d&rsquo;action culturelle).<\/span><br \/><span style=\"font-family: coves;\">6 \u00e0 9 jours : conditions ci-dessus + 85\u20ac\/jour suppl\u00e9mentaire.<\/span><br \/><span style=\"font-family: coves;\">Une convention est sign\u00e9e par les deux parties avant la r\u00e9sidence et une facture est \u00e9mise \u00e0 la suite de la r\u00e9sidence.<\/span><\/p>\n<h5><span style=\"font-family: coves;\"><strong><span style=\"color: #e25417;\">Accompagnement artistique :<\/span><\/strong><\/span><\/h5>\n<p><span style=\"font-family: coves;\">Musique et \u00c9quilibre propose un travail artistique sur des <strong>projets existants<\/strong> : chaine du son \/ \u00e9quilibre sonore \/ coh\u00e9rence \/ approfondissement des structures des morceaux et du set \/ recherches musicales.<br \/>Nous consulter pour conna\u00eetre les modalit\u00e9s.<\/span><\/p>\n\n\n<p class=\"has-black-color has-text-color has-background\" style=\"background-color:#cd5629\"><strong>Vous \u00eates int\u00e9ress\u00e9\u00b7e ?<\/strong><\/p>\n\n\n<p><span style=\"font-family: coves;\"><strong>Marche \u00e0 suivre :<\/strong><\/span><br \/><span style=\"font-family: coves-light;\"><img decoding=\"async\" class=\"alignnone\" src=\"https:\/\/musique-equilibre.com\/me\/wp-content\/uploads\/2022\/11\/352072_arrow_play_icon-orange-300x300.png\" alt=\"r\u00e9sidences\" width=\"32\" height=\"32\" \/><span style=\"font-family: coves;\"> Pr\u00e9parer une bio du groupe (composition, style musical)<\/span><\/span><br \/><span style=\"font-family: coves;\"><img decoding=\"async\" src=\"https:\/\/musique-equilibre.com\/me\/wp-content\/uploads\/2022\/11\/352072_arrow_play_icon-orange-300x300.png\" alt=\"\" width=\"32\" height=\"32\" \/> Choisir la dur\u00e9e et la date souhait\u00e9e<\/span><br \/><span style=\"font-family: coves-light;\"><img decoding=\"async\" src=\"https:\/\/musique-equilibre.com\/me\/wp-content\/uploads\/2022\/11\/352072_arrow_play_icon-orange-300x300.png\" alt=\"\" width=\"32\" height=\"32\" \/> <span style=\"font-family: coves;\">Nous contacter au <strong>02.38.54.81.31<\/strong> ou par email <strong>romain@musique-equilibre.com.<\/strong><\/span><\/span><\/p>\n\n\n<p class=\"has-black-color has-text-color has-background\" style=\"background-color:#cd5629\"><strong>Ils sont pass\u00e9s en r\u00e9sidences chez nous :<\/strong><\/p>\n\n\n\n<div class=\"wp-block-columns is-layout-flex wp-container-core-columns-is-layout-9d6595d7 wp-block-columns-is-layout-flex\">\n<div class=\"wp-block-column is-layout-flow wp-block-column-is-layout-flow\">\n<p style=\"text-align: center;\"><span style=\"font-family: coves;\">Anita Farmine<\/span><br \/><span style=\"font-family: coves;\">Akasha<\/span><br \/><span style=\"font-family: coves;\">Alternate Cake<\/span><br \/><span style=\"font-family: coves;\">Aube<\/span><br \/><span style=\"font-family: coves;\">Auniris<\/span><br \/><span style=\"font-family: coves;\">Back to Africa<\/span><br \/><span style=\"font-family: coves;\">Basthom<\/span><br \/><span style=\"font-family: coves;\">Brin de Zinc Trio<\/span><br \/><span style=\"font-family: coves;\">Bulle<\/span><br \/><span style=\"font-family: coves;\">Cabot<\/span><br \/><span style=\"font-family: coves;\">Celtik&rsquo;raic<\/span><br \/><span style=\"font-family: coves;\">Cromatic Elektrc<\/span><br \/><span style=\"font-family: coves;\">Daphne Corregan<\/span><br \/><span style=\"font-family: coves;\">Drive to amnesia<br \/>Fol Th\u00e9\u00e2tre<\/span><br \/><span style=\"font-family: coves;\">Hugues Vincent<br \/>Cie Je est un autre<\/span><br \/><span style=\"font-family: coves;\">Jean-Christophe Briant<\/span><br \/><span style=\"font-family: coves;\">K-ubic<\/span><\/p>\n<\/div>\n\n\n\n<div class=\"wp-block-column is-layout-flow wp-block-column-is-layout-flow\">\n<p style=\"text-align: center;\"><span style=\"font-family: coves;\">L\u2019enfant et les sauvages<\/span><br \/><span style=\"font-family: coves;\">La Chica<\/span><br \/><span style=\"font-family: coves;\">Lane of hope<\/span><br \/><span style=\"font-family: coves;\">Les Atemporels<\/span><br \/><span style=\"font-family: coves;\">Lezard Terrible<\/span><br \/><span style=\"font-family: coves;\">Lisa Cat Berro<br \/>Najar<\/span><br \/><span style=\"font-family: coves;\">Maelzel<\/span><br \/><span style=\"font-family: coves;\">Myosotis<\/span><br \/><span style=\"font-family: coves;\">Na\u00efad<\/span><br \/><span style=\"font-family: coves;\">Nil&rsquo;s Experience<\/span><br \/><span style=\"font-family: coves;\">Nogus<br \/>Ombrage<\/span><br \/><span style=\"font-family: coves;\">Orpheum Black<br \/><\/span><span style=\"font-family: coves;\">Philaure<br \/>Pledge of healing<\/span><br \/><span style=\"font-family: coves;\">Polly<\/span><br \/><span style=\"font-family: coves;\">Quetzal Nelkael<\/span><br \/><span style=\"font-family: coves;\">Rotor<\/span><\/p>\n<\/div>\n\n\n\n<div class=\"wp-block-column is-layout-flow wp-block-column-is-layout-flow\">\n<p style=\"text-align: center;\"><span style=\"font-family: coves;\">Shaelin<br \/>Sika<br \/>Sisterhood<\/span><br \/><span style=\"font-family: coves;\">The Substellar<\/span><br \/><span style=\"font-family: coves;\">TIM<\/span><br \/><span style=\"font-family: coves;\">Toubab<br \/>Tr\u00e8fle<\/span><br \/><span style=\"font-family: coves;\">Tricollectif<\/span><br \/><span style=\"font-family: coves;\">Tromad<\/span><br \/><span style=\"font-family: coves;\">Utopic combo<\/span><br \/><span style=\"font-family: coves;\">Victor Lecocq<\/span><br \/><span style=\"font-family: coves;\">Walabix<\/span><br \/><span style=\"font-family: coves;\">Xameleon<\/span><br \/><span style=\"font-family: coves;\">Yasai<\/span><br \/><span style=\"font-family: coves;\">Ynel Saitham<\/span><br \/><span style=\"font-family: coves;\">Zanskar<\/span><\/p>\n<\/div>\n<\/div>\n\n\n\n<p class=\"has-black-color has-text-color has-background\" style=\"background-color:#cd5629\"><strong><mark style=\"background-color:rgba(0, 0, 0, 0)\" class=\"has-inline-color has-black-color\">O\u00f9 se trouve l<\/mark><\/strong>&lsquo;<strong>Argonaute :<\/strong><\/p>\n\n\n\n<center> \n<iframe src=\"https:\/\/www.google.com\/maps\/embed?pb=!1m18!1m12!1m3!1d2674.2907789522774!2d1.92894417676844!3d47.91141086687893!2m3!1f0!2f0!3f0!3m2!1i1024!2i768!4f13.1!3m3!1m2!1s0x47e4fb5477223d6f%3A0x19b1c30ceccfa6a9!2sMusique%20Et%20%C3%89quilibre%20%2F%20%C3%89cole%20de%20Musiques%20Actuelles%20et%20salle%20de%20concerts!5e0!3m2!1sfr!2sfr!4v1695116813590!5m2!1sfr!2sfr\" width=\"600\" height=\"450\" style=\"border:0;\" allowfullscreen=\"\" loading=\"lazy\" referrerpolicy=\"no-referrer-when-downgrade\"><\/iframe><\/center>\n","protected":false},"excerpt":{"rendered":"<p>Nous accueillons \u00e0 l&rsquo;Argonaute des artistes ou groupes avec des projets \u00e9mergents et innovants. Les r\u00e9sidences peuvent aller de 1 \u00e0 9 jours, l&rsquo;installation et le rangement se font avec un technicien dans une d\u00e9marche collaborative. Conditions : 1 \u00e0 2 jours : 85\u20ac (1er jour : installation avec le r\u00e9gisseur \/ 2e : en [&hellip;]<\/p>\n","protected":false},"author":1,"featured_media":0,"parent":0,"menu_order":0,"comment_status":"closed","ping_status":"closed","template":"","meta":{"footnotes":""},"class_list":["post-780","page","type-page","status-publish","czr-hentry"],"yoast_head":"<!-- This site is optimized with the Yoast SEO plugin v26.8 - https:\/\/yoast.com\/product\/yoast-seo-wordpress\/ -->\n<title>R\u00e9sidences - Musique et Equilibre<\/title>\n<meta name=\"description\" content=\"Nous accueillons des artistes ou groupes. R\u00e9sidences de 2 \u00e0 9 jours, installation, conseil avec un technicien.\" \/>\n<meta name=\"robots\" content=\"index, follow, max-snippet:-1, max-image-preview:large, max-video-preview:-1\" \/>\n<link rel=\"canonical\" href=\"https:\/\/musique-equilibre.com\/me\/index.php\/residences\/\" \/>\n<meta property=\"og:locale\" content=\"fr_FR\" \/>\n<meta property=\"og:type\" content=\"article\" \/>\n<meta property=\"og:title\" content=\"R\u00e9sidences - Musique et Equilibre\" \/>\n<meta property=\"og:description\" content=\"Nous accueillons des artistes ou groupes. R\u00e9sidences de 2 \u00e0 9 jours, installation, conseil avec un technicien.\" \/>\n<meta property=\"og:url\" content=\"https:\/\/musique-equilibre.com\/me\/index.php\/residences\/\" \/>\n<meta property=\"og:site_name\" content=\"Musique et Equilibre\" \/>\n<meta property=\"article:publisher\" content=\"https:\/\/www.facebook.com\/MusiqueetEquilibre45\" \/>\n<meta property=\"article:modified_time\" content=\"2025-05-14T14:03:34+00:00\" \/>\n<meta property=\"og:image\" content=\"https:\/\/musique-equilibre.com\/me\/wp-content\/uploads\/2022\/11\/352072_arrow_play_icon-orange-300x300.png\" \/>\n<meta name=\"twitter:card\" content=\"summary_large_image\" \/>\n<meta name=\"twitter:site\" content=\"@Musiquequilibre\" \/>\n<meta name=\"twitter:label1\" content=\"Dur\u00e9e de lecture estim\u00e9e\" \/>\n\t<meta name=\"twitter:data1\" content=\"2 minutes\" \/>\n<script type=\"application\/ld+json\" class=\"yoast-schema-graph\">{\"@context\":\"https:\/\/schema.org\",\"@graph\":[{\"@type\":\"WebPage\",\"@id\":\"https:\/\/musique-equilibre.com\/me\/index.php\/residences\/\",\"url\":\"https:\/\/musique-equilibre.com\/me\/index.php\/residences\/\",\"name\":\"R\u00e9sidences - Musique et Equilibre\",\"isPartOf\":{\"@id\":\"https:\/\/musique-equilibre.com\/me\/#website\"},\"primaryImageOfPage\":{\"@id\":\"https:\/\/musique-equilibre.com\/me\/index.php\/residences\/#primaryimage\"},\"image\":{\"@id\":\"https:\/\/musique-equilibre.com\/me\/index.php\/residences\/#primaryimage\"},\"thumbnailUrl\":\"https:\/\/musique-equilibre.com\/me\/wp-content\/uploads\/2022\/11\/352072_arrow_play_icon-orange-300x300.png\",\"datePublished\":\"2018-09-06T09:20:01+00:00\",\"dateModified\":\"2025-05-14T14:03:34+00:00\",\"description\":\"Nous accueillons des artistes ou groupes. R\u00e9sidences de 2 \u00e0 9 jours, installation, conseil avec un technicien.\",\"breadcrumb\":{\"@id\":\"https:\/\/musique-equilibre.com\/me\/index.php\/residences\/#breadcrumb\"},\"inLanguage\":\"fr-FR\",\"potentialAction\":[{\"@type\":\"ReadAction\",\"target\":[\"https:\/\/musique-equilibre.com\/me\/index.php\/residences\/\"]}]},{\"@type\":\"ImageObject\",\"inLanguage\":\"fr-FR\",\"@id\":\"https:\/\/musique-equilibre.com\/me\/index.php\/residences\/#primaryimage\",\"url\":\"https:\/\/musique-equilibre.com\/me\/wp-content\/uploads\/2022\/11\/352072_arrow_play_icon-orange.png\",\"contentUrl\":\"https:\/\/musique-equilibre.com\/me\/wp-content\/uploads\/2022\/11\/352072_arrow_play_icon-orange.png\",\"width\":512,\"height\":512},{\"@type\":\"BreadcrumbList\",\"@id\":\"https:\/\/musique-equilibre.com\/me\/index.php\/residences\/#breadcrumb\",\"itemListElement\":[{\"@type\":\"ListItem\",\"position\":1,\"name\":\"Accueil\",\"item\":\"https:\/\/musique-equilibre.com\/me\/\"},{\"@type\":\"ListItem\",\"position\":2,\"name\":\"R\u00e9sidences\"}]},{\"@type\":\"WebSite\",\"@id\":\"https:\/\/musique-equilibre.com\/me\/#website\",\"url\":\"https:\/\/musique-equilibre.com\/me\/\",\"name\":\"Musique et Equilibre\",\"description\":\"\",\"publisher\":{\"@id\":\"https:\/\/musique-equilibre.com\/me\/#organization\"},\"potentialAction\":[{\"@type\":\"SearchAction\",\"target\":{\"@type\":\"EntryPoint\",\"urlTemplate\":\"https:\/\/musique-equilibre.com\/me\/?s={search_term_string}\"},\"query-input\":{\"@type\":\"PropertyValueSpecification\",\"valueRequired\":true,\"valueName\":\"search_term_string\"}}],\"inLanguage\":\"fr-FR\"},{\"@type\":\"Organization\",\"@id\":\"https:\/\/musique-equilibre.com\/me\/#organization\",\"name\":\"Musique et Equilibre\",\"alternateName\":\"\u00c9cole de musique et salle de concert \u00e0 Orl\u00e9ans\",\"url\":\"https:\/\/musique-equilibre.com\/me\/\",\"logo\":{\"@type\":\"ImageObject\",\"inLanguage\":\"fr-FR\",\"@id\":\"https:\/\/musique-equilibre.com\/me\/#\/schema\/logo\/image\/\",\"url\":\"https:\/\/musique-equilibre.com\/me\/wp-content\/uploads\/2022\/11\/cropped-Logo_orange_texture-1.png\",\"contentUrl\":\"https:\/\/musique-equilibre.com\/me\/wp-content\/uploads\/2022\/11\/cropped-Logo_orange_texture-1.png\",\"width\":512,\"height\":512,\"caption\":\"Musique et Equilibre\"},\"image\":{\"@id\":\"https:\/\/musique-equilibre.com\/me\/#\/schema\/logo\/image\/\"},\"sameAs\":[\"https:\/\/www.facebook.com\/MusiqueetEquilibre45\",\"https:\/\/x.com\/Musiquequilibre\",\"https:\/\/www.instagram.com\/musique_et_equilibre_\/\",\"https:\/\/www.linkedin.com\/company\/musique-&amp;-equilibre\/\",\"https:\/\/www.youtube.com\/c\/MusiqueEquilibreOrleans\/\"]}]}<\/script>\n<!-- \/ Yoast SEO plugin. -->","yoast_head_json":{"title":"R\u00e9sidences - Musique et Equilibre","description":"Nous accueillons des artistes ou groupes. R\u00e9sidences de 2 \u00e0 9 jours, installation, conseil avec un technicien.","robots":{"index":"index","follow":"follow","max-snippet":"max-snippet:-1","max-image-preview":"max-image-preview:large","max-video-preview":"max-video-preview:-1"},"canonical":"https:\/\/musique-equilibre.com\/me\/index.php\/residences\/","og_locale":"fr_FR","og_type":"article","og_title":"R\u00e9sidences - Musique et Equilibre","og_description":"Nous accueillons des artistes ou groupes. R\u00e9sidences de 2 \u00e0 9 jours, installation, conseil avec un technicien.","og_url":"https:\/\/musique-equilibre.com\/me\/index.php\/residences\/","og_site_name":"Musique et Equilibre","article_publisher":"https:\/\/www.facebook.com\/MusiqueetEquilibre45","article_modified_time":"2025-05-14T14:03:34+00:00","og_image":[{"url":"https:\/\/musique-equilibre.com\/me\/wp-content\/uploads\/2022\/11\/352072_arrow_play_icon-orange-300x300.png","type":"","width":"","height":""}],"twitter_card":"summary_large_image","twitter_site":"@Musiquequilibre","twitter_misc":{"Dur\u00e9e de lecture estim\u00e9e":"2 minutes"},"schema":{"@context":"https:\/\/schema.org","@graph":[{"@type":"WebPage","@id":"https:\/\/musique-equilibre.com\/me\/index.php\/residences\/","url":"https:\/\/musique-equilibre.com\/me\/index.php\/residences\/","name":"R\u00e9sidences - Musique et Equilibre","isPartOf":{"@id":"https:\/\/musique-equilibre.com\/me\/#website"},"primaryImageOfPage":{"@id":"https:\/\/musique-equilibre.com\/me\/index.php\/residences\/#primaryimage"},"image":{"@id":"https:\/\/musique-equilibre.com\/me\/index.php\/residences\/#primaryimage"},"thumbnailUrl":"https:\/\/musique-equilibre.com\/me\/wp-content\/uploads\/2022\/11\/352072_arrow_play_icon-orange-300x300.png","datePublished":"2018-09-06T09:20:01+00:00","dateModified":"2025-05-14T14:03:34+00:00","description":"Nous accueillons des artistes ou groupes. R\u00e9sidences de 2 \u00e0 9 jours, installation, conseil avec un technicien.","breadcrumb":{"@id":"https:\/\/musique-equilibre.com\/me\/index.php\/residences\/#breadcrumb"},"inLanguage":"fr-FR","potentialAction":[{"@type":"ReadAction","target":["https:\/\/musique-equilibre.com\/me\/index.php\/residences\/"]}]},{"@type":"ImageObject","inLanguage":"fr-FR","@id":"https:\/\/musique-equilibre.com\/me\/index.php\/residences\/#primaryimage","url":"https:\/\/musique-equilibre.com\/me\/wp-content\/uploads\/2022\/11\/352072_arrow_play_icon-orange.png","contentUrl":"https:\/\/musique-equilibre.com\/me\/wp-content\/uploads\/2022\/11\/352072_arrow_play_icon-orange.png","width":512,"height":512},{"@type":"BreadcrumbList","@id":"https:\/\/musique-equilibre.com\/me\/index.php\/residences\/#breadcrumb","itemListElement":[{"@type":"ListItem","position":1,"name":"Accueil","item":"https:\/\/musique-equilibre.com\/me\/"},{"@type":"ListItem","position":2,"name":"R\u00e9sidences"}]},{"@type":"WebSite","@id":"https:\/\/musique-equilibre.com\/me\/#website","url":"https:\/\/musique-equilibre.com\/me\/","name":"Musique et Equilibre","description":"","publisher":{"@id":"https:\/\/musique-equilibre.com\/me\/#organization"},"potentialAction":[{"@type":"SearchAction","target":{"@type":"EntryPoint","urlTemplate":"https:\/\/musique-equilibre.com\/me\/?s={search_term_string}"},"query-input":{"@type":"PropertyValueSpecification","valueRequired":true,"valueName":"search_term_string"}}],"inLanguage":"fr-FR"},{"@type":"Organization","@id":"https:\/\/musique-equilibre.com\/me\/#organization","name":"Musique et Equilibre","alternateName":"\u00c9cole de musique et salle de concert \u00e0 Orl\u00e9ans","url":"https:\/\/musique-equilibre.com\/me\/","logo":{"@type":"ImageObject","inLanguage":"fr-FR","@id":"https:\/\/musique-equilibre.com\/me\/#\/schema\/logo\/image\/","url":"https:\/\/musique-equilibre.com\/me\/wp-content\/uploads\/2022\/11\/cropped-Logo_orange_texture-1.png","contentUrl":"https:\/\/musique-equilibre.com\/me\/wp-content\/uploads\/2022\/11\/cropped-Logo_orange_texture-1.png","width":512,"height":512,"caption":"Musique et Equilibre"},"image":{"@id":"https:\/\/musique-equilibre.com\/me\/#\/schema\/logo\/image\/"},"sameAs":["https:\/\/www.facebook.com\/MusiqueetEquilibre45","https:\/\/x.com\/Musiquequilibre","https:\/\/www.instagram.com\/musique_et_equilibre_\/","https:\/\/www.linkedin.com\/company\/musique-&amp;-equilibre\/","https:\/\/www.youtube.com\/c\/MusiqueEquilibreOrleans\/"]}]}},"_links":{"self":[{"href":"https:\/\/musique-equilibre.com\/me\/index.php\/wp-json\/wp\/v2\/pages\/780","targetHints":{"allow":["GET"]}}],"collection":[{"href":"https:\/\/musique-equilibre.com\/me\/index.php\/wp-json\/wp\/v2\/pages"}],"about":[{"href":"https:\/\/musique-equilibre.com\/me\/index.php\/wp-json\/wp\/v2\/types\/page"}],"author":[{"embeddable":true,"href":"https:\/\/musique-equilibre.com\/me\/index.php\/wp-json\/wp\/v2\/users\/1"}],"replies":[{"embeddable":true,"href":"https:\/\/musique-equilibre.com\/me\/index.php\/wp-json\/wp\/v2\/comments?post=780"}],"version-history":[{"count":54,"href":"https:\/\/musique-equilibre.com\/me\/index.php\/wp-json\/wp\/v2\/pages\/780\/revisions"}],"predecessor-version":[{"id":17247,"href":"https:\/\/musique-equilibre.com\/me\/index.php\/wp-json\/wp\/v2\/pages\/780\/revisions\/17247"}],"wp:attachment":[{"href":"https:\/\/musique-equilibre.com\/me\/index.php\/wp-json\/wp\/v2\/media?parent=780"}],"curies":[{"name":"wp","href":"https:\/\/api.w.org\/{rel}","templated":true}]}}