{"id":7734,"date":"2021-05-11T12:06:30","date_gmt":"2021-05-11T10:06:30","guid":{"rendered":"http:\/\/musique-equilibre.com\/me\/?page_id=7734"},"modified":"2023-05-17T14:43:34","modified_gmt":"2023-05-17T12:43:34","slug":"cursus-intensif","status":"publish","type":"page","link":"https:\/\/musique-equilibre.com\/me\/index.php\/cursus-intensif\/","title":{"rendered":"<span style=\"font-family: coves;\">Cursus Intensif"},"content":{"rendered":"\n<div class=\"wp-block-themeisle-blocks-advanced-columns has-1-columns has-desktop-equal-layout has-tablet-equal-layout has-mobile-equal-layout has-default-gap has-vertical-unset\" id=\"wp-block-themeisle-blocks-advanced-columns-6877dc41\"><div class=\"wp-block-themeisle-blocks-advanced-columns-overlay\"><\/div><div class=\"innerblocks-wrap\">\n\n<div class=\"wp-block-themeisle-blocks-advanced-column\" id=\"wp-block-themeisle-blocks-advanced-column-a94d0ca1\"><\/div>\n\n<\/div><\/div>\n\n\n\n<h2 class=\"has-text-align-center wp-block-heading\">Cursus Intensif<\/h2>\n\n\n\n<p class=\"has-text-align-center\"><a href=\"https:\/\/musique-equilibre.com\/me\/wp-content\/uploads\/2023\/01\/Fiche-pre-inscription.pdf\" target=\"_blank\" rel=\"noreferrer noopener\"><strong>Fiche inscription<\/strong><\/a><\/p>\n\n\n\n<div class=\"wp-block-media-text alignwide\" style=\"grid-template-columns:15% auto\"><figure class=\"wp-block-media-text__media\"><img fetchpriority=\"high\" decoding=\"async\" width=\"512\" height=\"512\" src=\"https:\/\/musique-equilibre.com\/me\/wp-content\/uploads\/2023\/01\/103554_folder_music_icon-6.png\" alt=\"Cursus Intensif\" class=\"wp-image-11072 size-full\" srcset=\"https:\/\/musique-equilibre.com\/me\/wp-content\/uploads\/2023\/01\/103554_folder_music_icon-6.png 512w, https:\/\/musique-equilibre.com\/me\/wp-content\/uploads\/2023\/01\/103554_folder_music_icon-6-300x300.png 300w, https:\/\/musique-equilibre.com\/me\/wp-content\/uploads\/2023\/01\/103554_folder_music_icon-6-150x150.png 150w, https:\/\/musique-equilibre.com\/me\/wp-content\/uploads\/2023\/01\/103554_folder_music_icon-6-510x510.png 510w\" sizes=\"(max-width: 512px) 100vw, 512px\" \/><\/figure><div class=\"wp-block-media-text__content\">\n<p>CV<br>Lettre de motivation<\/p>\n<\/div><\/div>\n\n\n\n<p class=\"has-white-color has-text-color\">blanc<\/p>\n\n\n\n<h4 class=\"has-text-align-left has-luminous-vivid-orange-color has-text-color wp-block-heading\">Public<\/h4>\n\n\n\n<p>Toute personne ayant une formation musicale<\/p>\n\n\n\n<h4 class=\"has-text-align-left has-luminous-vivid-orange-color has-text-color wp-block-heading\">Objectif p\u00e9dagogique<\/h4>\n\n\n\n<p>Le cursus intensif est un cycle pr\u00e9paratoire qui a pour objectif de permettre au musicien d&rsquo;acqu\u00e9rir les notions et concept de base de la musique en vue de rentr\u00e9e dans une formation qualifiante.<\/p>\n\n\n\n<h4 class=\"has-text-align-left has-luminous-vivid-orange-color has-text-color wp-block-heading\">Tarif<\/h4>\n\n\n\n<p> 1 785\u20ac<\/p>\n\n\n\n<h4 class=\"has-text-align-left has-luminous-vivid-orange-color has-text-color wp-block-heading\">Pr\u00e9-requis<\/h4>\n\n\n\n<p>Avoir une pratique instrumentale, entretien avec la direction.<br><br><em>Formation finan\u00e7able dans le cadre du plan de d\u00e9veloppement des comp\u00e9tences<\/em>.&nbsp;<em><a href=\"https:\/\/musique-equilibre.com\/me\/index.php\/financement\/\" target=\"_blank\" rel=\"noreferrer noopener\">En savoir plus<\/a><\/em><\/p>\n\n\n<div class=\"wp-block-image\">\n<figure class=\"aligncenter size-thumbnail\"><a href=\"https:\/\/musique-equilibre.com\/me\/wp-content\/uploads\/2023\/01\/Dossier-cursus-pro-020622.pdf\" target=\"_blank\" rel=\"noreferrer noopener\"><img decoding=\"async\" width=\"150\" height=\"150\" src=\"https:\/\/musique-equilibre.com\/me\/wp-content\/uploads\/2023\/01\/211656_text_document_icon-150x150.png\" alt=\"formation professionnelle musique orl\u00e9ans musiciens\" class=\"wp-image-11050\" srcset=\"https:\/\/musique-equilibre.com\/me\/wp-content\/uploads\/2023\/01\/211656_text_document_icon-150x150.png 150w, https:\/\/musique-equilibre.com\/me\/wp-content\/uploads\/2023\/01\/211656_text_document_icon-300x300.png 300w, https:\/\/musique-equilibre.com\/me\/wp-content\/uploads\/2023\/01\/211656_text_document_icon-510x510.png 510w, https:\/\/musique-equilibre.com\/me\/wp-content\/uploads\/2023\/01\/211656_text_document_icon.png 512w\" sizes=\"(max-width: 150px) 100vw, 150px\" \/><\/a><figcaption class=\"wp-element-caption\"><a href=\"https:\/\/musique-equilibre.com\/me\/wp-content\/uploads\/2023\/05\/Dossier-cursus-pro-090523.pdf\" target=\"_blank\" rel=\"noreferrer noopener\">Pour en savoir plus<\/a><\/figcaption><\/figure><\/div>","protected":false},"excerpt":{"rendered":"<p>Cursus Intensif Fiche inscription CVLettre de motivation blanc Public Toute personne ayant une formation musicale Objectif p\u00e9dagogique Le cursus intensif est un cycle pr\u00e9paratoire qui a pour objectif de permettre au musicien d&rsquo;acqu\u00e9rir les notions et concept de base de la musique en vue de rentr\u00e9e dans une formation qualifiante. Tarif 1 785\u20ac Pr\u00e9-requis Avoir [&hellip;]<\/p>\n","protected":false},"author":1,"featured_media":0,"parent":0,"menu_order":0,"comment_status":"closed","ping_status":"closed","template":"","meta":{"footnotes":""},"class_list":["post-7734","page","type-page","status-publish","czr-hentry"],"yoast_head":"<!-- This site is optimized with the Yoast SEO plugin v26.8 - https:\/\/yoast.com\/product\/yoast-seo-wordpress\/ -->\n<title>Cursus Intensif - Musique et Equilibre<\/title>\n<meta name=\"description\" content=\"Le cursus intensif est un cycle pr\u00e9paratoire pour permettre au musicien d&#039;acqu\u00e9rir les notions et concept de base de la musique.\" \/>\n<meta name=\"robots\" content=\"index, follow, max-snippet:-1, max-image-preview:large, max-video-preview:-1\" \/>\n<link rel=\"canonical\" href=\"https:\/\/musique-equilibre.com\/me\/index.php\/cursus-intensif\/\" \/>\n<meta property=\"og:locale\" content=\"fr_FR\" \/>\n<meta property=\"og:type\" content=\"article\" \/>\n<meta property=\"og:title\" content=\"Cursus Intensif - Musique et Equilibre\" \/>\n<meta property=\"og:description\" content=\"Le cursus intensif est un cycle pr\u00e9paratoire pour permettre au musicien d&#039;acqu\u00e9rir les notions et concept de base de la musique.\" \/>\n<meta property=\"og:url\" content=\"https:\/\/musique-equilibre.com\/me\/index.php\/cursus-intensif\/\" \/>\n<meta property=\"og:site_name\" content=\"Musique et Equilibre\" \/>\n<meta property=\"article:publisher\" content=\"https:\/\/www.facebook.com\/MusiqueetEquilibre45\" \/>\n<meta property=\"article:modified_time\" content=\"2023-05-17T12:43:34+00:00\" \/>\n<meta property=\"og:image\" content=\"https:\/\/musique-equilibre.com\/me\/wp-content\/uploads\/2023\/01\/103554_folder_music_icon-6.png\" \/>\n<meta name=\"twitter:card\" content=\"summary_large_image\" \/>\n<meta name=\"twitter:site\" content=\"@Musiquequilibre\" \/>\n<meta name=\"twitter:label1\" content=\"Dur\u00e9e de lecture estim\u00e9e\" \/>\n\t<meta name=\"twitter:data1\" content=\"1 minute\" \/>\n<script type=\"application\/ld+json\" class=\"yoast-schema-graph\">{\"@context\":\"https:\/\/schema.org\",\"@graph\":[{\"@type\":\"WebPage\",\"@id\":\"https:\/\/musique-equilibre.com\/me\/index.php\/cursus-intensif\/\",\"url\":\"https:\/\/musique-equilibre.com\/me\/index.php\/cursus-intensif\/\",\"name\":\"Cursus Intensif - Musique et Equilibre\",\"isPartOf\":{\"@id\":\"https:\/\/musique-equilibre.com\/me\/#website\"},\"primaryImageOfPage\":{\"@id\":\"https:\/\/musique-equilibre.com\/me\/index.php\/cursus-intensif\/#primaryimage\"},\"image\":{\"@id\":\"https:\/\/musique-equilibre.com\/me\/index.php\/cursus-intensif\/#primaryimage\"},\"thumbnailUrl\":\"https:\/\/musique-equilibre.com\/me\/wp-content\/uploads\/2023\/01\/103554_folder_music_icon-6.png\",\"datePublished\":\"2021-05-11T10:06:30+00:00\",\"dateModified\":\"2023-05-17T12:43:34+00:00\",\"description\":\"Le cursus intensif est un cycle pr\u00e9paratoire pour permettre au musicien d'acqu\u00e9rir les notions et concept de base de la musique.\",\"breadcrumb\":{\"@id\":\"https:\/\/musique-equilibre.com\/me\/index.php\/cursus-intensif\/#breadcrumb\"},\"inLanguage\":\"fr-FR\",\"potentialAction\":[{\"@type\":\"ReadAction\",\"target\":[\"https:\/\/musique-equilibre.com\/me\/index.php\/cursus-intensif\/\"]}]},{\"@type\":\"ImageObject\",\"inLanguage\":\"fr-FR\",\"@id\":\"https:\/\/musique-equilibre.com\/me\/index.php\/cursus-intensif\/#primaryimage\",\"url\":\"https:\/\/musique-equilibre.com\/me\/wp-content\/uploads\/2023\/01\/103554_folder_music_icon-6.png\",\"contentUrl\":\"https:\/\/musique-equilibre.com\/me\/wp-content\/uploads\/2023\/01\/103554_folder_music_icon-6.png\",\"width\":512,\"height\":512},{\"@type\":\"BreadcrumbList\",\"@id\":\"https:\/\/musique-equilibre.com\/me\/index.php\/cursus-intensif\/#breadcrumb\",\"itemListElement\":[{\"@type\":\"ListItem\",\"position\":1,\"name\":\"Accueil\",\"item\":\"https:\/\/musique-equilibre.com\/me\/\"},{\"@type\":\"ListItem\",\"position\":2,\"name\":\"Cursus Intensif\"}]},{\"@type\":\"WebSite\",\"@id\":\"https:\/\/musique-equilibre.com\/me\/#website\",\"url\":\"https:\/\/musique-equilibre.com\/me\/\",\"name\":\"Musique et Equilibre\",\"description\":\"\",\"publisher\":{\"@id\":\"https:\/\/musique-equilibre.com\/me\/#organization\"},\"potentialAction\":[{\"@type\":\"SearchAction\",\"target\":{\"@type\":\"EntryPoint\",\"urlTemplate\":\"https:\/\/musique-equilibre.com\/me\/?s={search_term_string}\"},\"query-input\":{\"@type\":\"PropertyValueSpecification\",\"valueRequired\":true,\"valueName\":\"search_term_string\"}}],\"inLanguage\":\"fr-FR\"},{\"@type\":\"Organization\",\"@id\":\"https:\/\/musique-equilibre.com\/me\/#organization\",\"name\":\"Musique et Equilibre\",\"alternateName\":\"\u00c9cole de musique et salle de concert \u00e0 Orl\u00e9ans\",\"url\":\"https:\/\/musique-equilibre.com\/me\/\",\"logo\":{\"@type\":\"ImageObject\",\"inLanguage\":\"fr-FR\",\"@id\":\"https:\/\/musique-equilibre.com\/me\/#\/schema\/logo\/image\/\",\"url\":\"https:\/\/musique-equilibre.com\/me\/wp-content\/uploads\/2022\/11\/cropped-Logo_orange_texture-1.png\",\"contentUrl\":\"https:\/\/musique-equilibre.com\/me\/wp-content\/uploads\/2022\/11\/cropped-Logo_orange_texture-1.png\",\"width\":512,\"height\":512,\"caption\":\"Musique et Equilibre\"},\"image\":{\"@id\":\"https:\/\/musique-equilibre.com\/me\/#\/schema\/logo\/image\/\"},\"sameAs\":[\"https:\/\/www.facebook.com\/MusiqueetEquilibre45\",\"https:\/\/x.com\/Musiquequilibre\",\"https:\/\/www.instagram.com\/musique_et_equilibre_\/\",\"https:\/\/www.linkedin.com\/company\/musique-&amp;-equilibre\/\",\"https:\/\/www.youtube.com\/c\/MusiqueEquilibreOrleans\/\"]}]}<\/script>\n<!-- \/ Yoast SEO plugin. -->","yoast_head_json":{"title":"Cursus Intensif - Musique et Equilibre","description":"Le cursus intensif est un cycle pr\u00e9paratoire pour permettre au musicien d'acqu\u00e9rir les notions et concept de base de la musique.","robots":{"index":"index","follow":"follow","max-snippet":"max-snippet:-1","max-image-preview":"max-image-preview:large","max-video-preview":"max-video-preview:-1"},"canonical":"https:\/\/musique-equilibre.com\/me\/index.php\/cursus-intensif\/","og_locale":"fr_FR","og_type":"article","og_title":"Cursus Intensif - Musique et Equilibre","og_description":"Le cursus intensif est un cycle pr\u00e9paratoire pour permettre au musicien d'acqu\u00e9rir les notions et concept de base de la musique.","og_url":"https:\/\/musique-equilibre.com\/me\/index.php\/cursus-intensif\/","og_site_name":"Musique et Equilibre","article_publisher":"https:\/\/www.facebook.com\/MusiqueetEquilibre45","article_modified_time":"2023-05-17T12:43:34+00:00","og_image":[{"url":"https:\/\/musique-equilibre.com\/me\/wp-content\/uploads\/2023\/01\/103554_folder_music_icon-6.png","type":"","width":"","height":""}],"twitter_card":"summary_large_image","twitter_site":"@Musiquequilibre","twitter_misc":{"Dur\u00e9e de lecture estim\u00e9e":"1 minute"},"schema":{"@context":"https:\/\/schema.org","@graph":[{"@type":"WebPage","@id":"https:\/\/musique-equilibre.com\/me\/index.php\/cursus-intensif\/","url":"https:\/\/musique-equilibre.com\/me\/index.php\/cursus-intensif\/","name":"Cursus Intensif - Musique et Equilibre","isPartOf":{"@id":"https:\/\/musique-equilibre.com\/me\/#website"},"primaryImageOfPage":{"@id":"https:\/\/musique-equilibre.com\/me\/index.php\/cursus-intensif\/#primaryimage"},"image":{"@id":"https:\/\/musique-equilibre.com\/me\/index.php\/cursus-intensif\/#primaryimage"},"thumbnailUrl":"https:\/\/musique-equilibre.com\/me\/wp-content\/uploads\/2023\/01\/103554_folder_music_icon-6.png","datePublished":"2021-05-11T10:06:30+00:00","dateModified":"2023-05-17T12:43:34+00:00","description":"Le cursus intensif est un cycle pr\u00e9paratoire pour permettre au musicien d'acqu\u00e9rir les notions et concept de base de la musique.","breadcrumb":{"@id":"https:\/\/musique-equilibre.com\/me\/index.php\/cursus-intensif\/#breadcrumb"},"inLanguage":"fr-FR","potentialAction":[{"@type":"ReadAction","target":["https:\/\/musique-equilibre.com\/me\/index.php\/cursus-intensif\/"]}]},{"@type":"ImageObject","inLanguage":"fr-FR","@id":"https:\/\/musique-equilibre.com\/me\/index.php\/cursus-intensif\/#primaryimage","url":"https:\/\/musique-equilibre.com\/me\/wp-content\/uploads\/2023\/01\/103554_folder_music_icon-6.png","contentUrl":"https:\/\/musique-equilibre.com\/me\/wp-content\/uploads\/2023\/01\/103554_folder_music_icon-6.png","width":512,"height":512},{"@type":"BreadcrumbList","@id":"https:\/\/musique-equilibre.com\/me\/index.php\/cursus-intensif\/#breadcrumb","itemListElement":[{"@type":"ListItem","position":1,"name":"Accueil","item":"https:\/\/musique-equilibre.com\/me\/"},{"@type":"ListItem","position":2,"name":"Cursus Intensif"}]},{"@type":"WebSite","@id":"https:\/\/musique-equilibre.com\/me\/#website","url":"https:\/\/musique-equilibre.com\/me\/","name":"Musique et Equilibre","description":"","publisher":{"@id":"https:\/\/musique-equilibre.com\/me\/#organization"},"potentialAction":[{"@type":"SearchAction","target":{"@type":"EntryPoint","urlTemplate":"https:\/\/musique-equilibre.com\/me\/?s={search_term_string}"},"query-input":{"@type":"PropertyValueSpecification","valueRequired":true,"valueName":"search_term_string"}}],"inLanguage":"fr-FR"},{"@type":"Organization","@id":"https:\/\/musique-equilibre.com\/me\/#organization","name":"Musique et Equilibre","alternateName":"\u00c9cole de musique et salle de concert \u00e0 Orl\u00e9ans","url":"https:\/\/musique-equilibre.com\/me\/","logo":{"@type":"ImageObject","inLanguage":"fr-FR","@id":"https:\/\/musique-equilibre.com\/me\/#\/schema\/logo\/image\/","url":"https:\/\/musique-equilibre.com\/me\/wp-content\/uploads\/2022\/11\/cropped-Logo_orange_texture-1.png","contentUrl":"https:\/\/musique-equilibre.com\/me\/wp-content\/uploads\/2022\/11\/cropped-Logo_orange_texture-1.png","width":512,"height":512,"caption":"Musique et Equilibre"},"image":{"@id":"https:\/\/musique-equilibre.com\/me\/#\/schema\/logo\/image\/"},"sameAs":["https:\/\/www.facebook.com\/MusiqueetEquilibre45","https:\/\/x.com\/Musiquequilibre","https:\/\/www.instagram.com\/musique_et_equilibre_\/","https:\/\/www.linkedin.com\/company\/musique-&amp;-equilibre\/","https:\/\/www.youtube.com\/c\/MusiqueEquilibreOrleans\/"]}]}},"_links":{"self":[{"href":"https:\/\/musique-equilibre.com\/me\/index.php\/wp-json\/wp\/v2\/pages\/7734","targetHints":{"allow":["GET"]}}],"collection":[{"href":"https:\/\/musique-equilibre.com\/me\/index.php\/wp-json\/wp\/v2\/pages"}],"about":[{"href":"https:\/\/musique-equilibre.com\/me\/index.php\/wp-json\/wp\/v2\/types\/page"}],"author":[{"embeddable":true,"href":"https:\/\/musique-equilibre.com\/me\/index.php\/wp-json\/wp\/v2\/users\/1"}],"replies":[{"embeddable":true,"href":"https:\/\/musique-equilibre.com\/me\/index.php\/wp-json\/wp\/v2\/comments?post=7734"}],"version-history":[{"count":14,"href":"https:\/\/musique-equilibre.com\/me\/index.php\/wp-json\/wp\/v2\/pages\/7734\/revisions"}],"predecessor-version":[{"id":11769,"href":"https:\/\/musique-equilibre.com\/me\/index.php\/wp-json\/wp\/v2\/pages\/7734\/revisions\/11769"}],"wp:attachment":[{"href":"https:\/\/musique-equilibre.com\/me\/index.php\/wp-json\/wp\/v2\/media?parent=7734"}],"curies":[{"name":"wp","href":"https:\/\/api.w.org\/{rel}","templated":true}]}}