{"id":743,"date":"2018-09-06T10:44:08","date_gmt":"2018-09-06T08:44:08","guid":{"rendered":"http:\/\/musique-equilibre.com\/me\/?page_id=743"},"modified":"2026-04-13T14:45:15","modified_gmt":"2026-04-13T12:45:15","slug":"ateliers-de-musique","status":"publish","type":"page","link":"https:\/\/musique-equilibre.com\/me\/index.php\/ateliers-de-musique\/","title":{"rendered":"<span style=\"font-family: coves;\">Ateliers de musique"},"content":{"rendered":"\n<figure class=\"wp-block-image alignwide size-large\"><img fetchpriority=\"high\" decoding=\"async\" width=\"1024\" height=\"252\" src=\"https:\/\/musique-equilibre.com\/me\/wp-content\/uploads\/2023\/12\/Atelier-de-musique-1024x252.jpg\" alt=\"atelier de musique atelier collectif atelier pop rock cours de musique cours d'instrument orl\u00e9ans association musique loiret ateliers de musique\" class=\"wp-image-13598\" srcset=\"https:\/\/musique-equilibre.com\/me\/wp-content\/uploads\/2023\/12\/Atelier-de-musique-1024x252.jpg 1024w, https:\/\/musique-equilibre.com\/me\/wp-content\/uploads\/2023\/12\/Atelier-de-musique-300x74.jpg 300w, https:\/\/musique-equilibre.com\/me\/wp-content\/uploads\/2023\/12\/Atelier-de-musique-150x37.jpg 150w, https:\/\/musique-equilibre.com\/me\/wp-content\/uploads\/2023\/12\/Atelier-de-musique-768x189.jpg 768w, https:\/\/musique-equilibre.com\/me\/wp-content\/uploads\/2023\/12\/Atelier-de-musique.jpg 1366w\" sizes=\"(max-width: 1024px) 100vw, 1024px\" \/><\/figure>\n\n\n<p><span style=\"font-family: coves; color: #000000;\"><strong>Musique et \u00c9quilibre propose diff\u00e9rents ateliers de musique, au 108 ou \u00e0 l&rsquo;Argonaute.<br \/>Chaque atelier de musique \u00e0 un th\u00e8me\/style diff\u00e9rent.<br \/><\/strong><\/span><span style=\"color: #000000;\"><strong><span style=\"font-family: coves;\"><em>Ouverture d&rsquo;un atelier uniquement \u00e0 partir 6 \u00e9l\u00e8ves par atelier.<\/em><\/span><\/strong><\/span><\/p>\n<h3 style=\"text-align: center;\"><span style=\"font-family: coves; color: #e25417;\"><strong>ATELIERS DE MUSIQUE AU 108<\/strong><\/span><\/h3>\n<p style=\"text-align: center;\"><span style=\"font-family: coves;\"><strong>Chanson <\/strong>(<a href=\"https:\/\/musique-equilibre.com\/me\/index.php\/2019\/09\/03\/franck-salle-coursmusiqueorleans\/\" target=\"_blank\" rel=\"noopener\">Franck Sall\u00e9<\/a>)<br \/>Lundi 19h | <span style=\"color: #f15d20;\">108<span style=\"color: #000000;\"> |<\/span><\/span> <\/span><span style=\"font-family: coves;\"><a href=\"https:\/\/musique-equilibre.com\/me\/?page_id=9691\" target=\"_blank\" rel=\"noopener\">en savoir plus<\/a><\/span><span style=\"font-family: coves;\"><br \/><\/span><span style=\"font-family: coves;\">&#8211;<br \/><strong>Jazzy<\/strong> (<a href=\"https:\/\/musique-equilibre.com\/me\/index.php\/2019\/09\/03\/franck-salle-coursmusiqueorleans\/\" target=\"_blank\" rel=\"noopener\">Franck Sall\u00e9<\/a>)<br \/>Mardi 20h30 | <span style=\"color: #ff6600;\">108<\/span> | <a href=\"https:\/\/musique-equilibre.com\/me\/index.php\/atelier-jazzy\/\" target=\"_blank\" rel=\"noopener\">en savoir plus<\/a><\/span><br \/><span style=\"font-family: coves;\">&#8211;<\/span><br \/><span style=\"font-family: coves;\"><strong>Musiques satur\u00e9es<\/strong> (<a href=\"https:\/\/musique-equilibre.com\/me\/index.php\/2022\/05\/18\/bio-julien-robillard\/\" target=\"_blank\" rel=\"noopener\">Julien Robillard<\/a>)<\/span><br \/><span style=\"font-family: coves;\">Mercredi 17h | <span style=\"color: #ff6600;\">108<\/span><span style=\"color: #000000;\"> | (ados) <\/span><a href=\"https:\/\/musique-equilibre.com\/me\/index.php\/atelier-musiques-saturees\/\" target=\"_blank\" rel=\"noopener\">en savoir plus<\/a><span style=\"color: #e25417;\"><br \/><span style=\"color: #000000;\">Mercredi 18h <span style=\"color: #333333;\">|<\/span><\/span> <span style=\"color: #ff6600;\">108<\/span><span style=\"color: #000000;\"> | (adultes)<\/span> <a href=\"https:\/\/musique-equilibre.com\/me\/index.php\/atelier-musiques-saturees\/\" target=\"_blank\" rel=\"noopener\">en savoir plus<\/a><\/span><br \/><span style=\"font-size: 10pt;\"><em>en alternance, tous les 15 jours (Groupe ados \/ Groupe adultes)<\/em><\/span><\/span><br \/><span style=\"font-family: coves;\">&#8211;<\/span><br \/><span style=\"font-family: coves;\"><strong>Rock<\/strong>\u00a0(<a href=\"https:\/\/musique-equilibre.com\/me\/index.php\/2019\/11\/06\/bio-romain-clement-coursmusiqueorleans\/\" target=\"_blank\" rel=\"noopener\">Romain Cl\u00e9ment<\/a>)<br \/><span style=\"color: #f15d20;\" data-wp-editing=\"1\"><span style=\"color: #333333;\">Jeudi 18h15 |<\/span> 108<span style=\"color: #333333;\"> | <\/span><\/span><span style=\"color: #333333;\">(enfants) <\/span><span style=\"color: #f15d20;\" data-wp-editing=\"1\"><span style=\"color: #000000;\"><span style=\"color: #333333;\">|<\/span> <a href=\"https:\/\/musique-equilibre.com\/me\/index.php\/atelier-rock-enfants-orleans\/\" target=\"_blank\" rel=\"noopener\">en savoir plus<\/a> <span style=\"color: #e25417;\">COMPLET<\/span><\/span><\/span><\/span><br \/><span style=\"font-family: coves;\"><span style=\"color: #333333;\">Jeudi 19h30<\/span> | <span style=\"color: #f15d20;\" data-wp-editing=\"1\">108<span style=\"color: #333333;\"> |\u00a0<\/span><a href=\"https:\/\/musique-equilibre.com\/me\/index.php\/atelier-rock-orleans\/\" target=\"_blank\" rel=\"noopener\">en savoir plus<\/a> COMPLET<br \/>&#8211;<br \/><\/span><\/span><span style=\"font-family: coves;\"><span style=\"color: #f15d20;\" data-wp-editing=\"1\"><strong><span style=\"color: #000000;\">Musiques Actuelles<\/span> <\/strong><span style=\"color: #000000;\">(<a href=\"https:\/\/musique-equilibre.com\/me\/index.php\/2025\/08\/18\/raffi-nordiguian-coursmusiqueorleans\/\" target=\"_blank\" rel=\"noopener\">Raffi Nordiguian<\/a>)<\/span><br \/><span style=\"color: #000000;\">Vendredi 18h30 |<\/span> 108<span style=\"color: #000000;\"> | (ados 13\/18ans) | <\/span><a href=\"https:\/\/musique-equilibre.com\/me\/index.php\/atelier-musiques-actuelles-ados\/\" target=\"_blank\" rel=\"noopener\">en savoir plus<\/a><br \/><\/span><\/span><\/p>\n<p><img decoding=\"async\" class=\"wp-image-10632 size-medium aligncenter\" src=\"https:\/\/musique-equilibre.com\/me\/wp-content\/uploads\/2022\/11\/2931142_minimize_minus_remove_line_icon-300x41.png\" alt=\"\" width=\"300\" height=\"41\" srcset=\"https:\/\/musique-equilibre.com\/me\/wp-content\/uploads\/2022\/11\/2931142_minimize_minus_remove_line_icon-300x41.png 300w, https:\/\/musique-equilibre.com\/me\/wp-content\/uploads\/2022\/11\/2931142_minimize_minus_remove_line_icon-150x21.png 150w, https:\/\/musique-equilibre.com\/me\/wp-content\/uploads\/2022\/11\/2931142_minimize_minus_remove_line_icon-510x70.png 510w, https:\/\/musique-equilibre.com\/me\/wp-content\/uploads\/2022\/11\/2931142_minimize_minus_remove_line_icon.png 512w\" sizes=\"(max-width: 300px) 100vw, 300px\" \/><\/p>\n<h3 style=\"text-align: center;\"><span style=\"font-family: coves; color: #e25417;\"><strong>ATELIERS DE MUSIQUE A L&rsquo;ARGONAUTE<\/strong><\/span><\/h3>\n<p style=\"text-align: center;\"><span style=\"font-family: coves;\"><strong>Blues<\/strong> (<a href=\"https:\/\/musique-equilibre.com\/me\/index.php\/2019\/09\/16\/thierry-brossard-coursmusiqueorleans\/\" target=\"_blank\" rel=\"noopener\">Thierry Brossard<\/a>)<br \/>Lundi 20h30 | <span style=\"color: #f15d20;\">Argonaute | <a href=\"https:\/\/musique-equilibre.com\/me\/index.php\/atelier-blues\/\" target=\"_blank\" rel=\"noopener\">en savoir plus<\/a> COMPLET<br \/><\/span><span style=\"color: #f15d20;\"><span style=\"color: #333333;\">&#8211;<\/span><br \/><\/span><strong>Pop rock<\/strong> (<a href=\"https:\/\/musique-equilibre.com\/me\/index.php\/2019\/09\/10\/bio-philippe-capelle-coursmusiqueorleans\/\" target=\"_blank\" rel=\"noopener\">Philippe Capelle<\/a>)<br \/>Mardi 19h30 | <span style=\"color: #f15d20;\">Argonaute | <a href=\"https:\/\/musique-equilibre.com\/me\/index.php\/atelier-pop-rock-orleans\/\" target=\"_blank\" rel=\"noopener\">en savoir plus<\/a> COMPLET<\/span><span style=\"color: #f15d20;\"><br \/><span style=\"color: #333333;\">&#8211;<\/span><br \/><\/span><strong>Celtique<\/strong>\u00a0(<a href=\"https:\/\/musique-equilibre.com\/me\/index.php\/2019\/09\/10\/bio-aude-prieur\/\" target=\"_blank\" rel=\"noopener\">Aude Prieur<\/a>)<br \/>Mercredi 18h |<span style=\"color: #f15d20;\"> Argonaute |<\/span> <a href=\"https:\/\/musique-equilibre.com\/me\/index.php\/atelier-celtique-orleans\/\" target=\"_blank\" rel=\"noopener\">en savoir plus<\/a><br \/>&#8211;<\/span><br \/><span style=\"font-family: coves;\"><b>Ch\u0153ur<\/b><b> Musiques Actuelles \u00d4 Feeling<\/b>\u00a0(<a href=\"https:\/\/musique-equilibre.com\/me\/index.php\/2019\/09\/03\/franck-salle-coursmusiqueorleans\/\" target=\"_blank\" rel=\"noopener\">Franck Sall\u00e9<\/a>)<br \/>Mercredi 20h | <span style=\"color: #f15d20;\">Argonaute |\u00a0<a href=\"https:\/\/musique-equilibre.com\/me\/?page_id=9689\" target=\"_blank\" rel=\"noopener\">en savoir plus<\/a><br \/><span style=\"color: #000000;\"><em>Accessible sous audition, merci de nous contacter au pr\u00e9alable<br \/><\/em><\/span><\/span><span style=\"color: #f15d20;\"><span style=\"color: #333333;\">&#8211;<\/span><br \/><\/span><strong>Afro-cubain <\/strong>(<a href=\"https:\/\/musique-equilibre.com\/me\/index.php\/2023\/06\/06\/bio-igor-ivanov\/\" target=\"_blank\" rel=\"noopener\">Igor Ivanov<\/a>)<br \/>Samedi 11h |<span style=\"color: #f15d20;\"> Argonaute |<\/span> <a href=\"https:\/\/musique-equilibre.com\/me\/index.php\/atelier-percussions-afro-cubaines\/\" target=\"_blank\" rel=\"noopener\">en savoir plus<\/a><\/span><\/p>\n\n\n<p class=\"has-text-align-center has-white-color has-text-color has-background\" style=\"background-color:#e25417\"><strong>O\u00f9 se d\u00e9roule nos cours ?<\/strong><\/p>\n\n\n<p style=\"text-align: center;\"><a href=\"https:\/\/le108.org\/\" target=\"_blank\" rel=\"noopener\"><strong><span style=\"font-family: coves; color: #e25417;\">AU 108<\/span><\/strong><\/a><\/p>\n<p style=\"text-align: center;\"><a href=\"https:\/\/www.orleans.fr\/que-faire-a-orleans\/equipements-sportifs\/largonaute\" target=\"_blank\" rel=\"noopener\"><span style=\"font-family: coves; color: #e25417;\"><strong>\u00c0 L&rsquo;ARGONAUTE<\/strong><\/span><\/a><\/p>","protected":false},"excerpt":{"rendered":"<p>Musique et \u00c9quilibre propose diff\u00e9rents ateliers de musique, au 108 ou \u00e0 l&rsquo;Argonaute.Chaque atelier de musique \u00e0 un th\u00e8me\/style diff\u00e9rent.Ouverture d&rsquo;un atelier uniquement \u00e0 partir 6 \u00e9l\u00e8ves par atelier. ATELIERS DE MUSIQUE AU 108 Chanson (Franck Sall\u00e9)Lundi 19h | 108 | en savoir plus&#8211;Jazzy (Franck Sall\u00e9)Mardi 20h30 | 108 | en savoir plus&#8211;Musiques satur\u00e9es (Julien [&hellip;]<\/p>\n","protected":false},"author":1,"featured_media":0,"parent":0,"menu_order":0,"comment_status":"closed","ping_status":"closed","template":"","meta":{"footnotes":""},"class_list":["post-743","page","type-page","status-publish","czr-hentry"],"yoast_head":"<!-- This site is optimized with the Yoast SEO plugin v26.8 - https:\/\/yoast.com\/product\/yoast-seo-wordpress\/ -->\n<title>Ateliers de musique - Musique et Equilibre<\/title>\n<meta name=\"description\" content=\"D\u00e9couvrez les ateliers de musique de Musique et \u00c9quilibre \u00e0 Orl\u00e9ans. Diff\u00e9rents th\u00e8mes d&#039;ateliers \u00e0 retrouvez au 108 ou \u00e0 l&#039;Argonaute.\" \/>\n<meta name=\"robots\" content=\"index, follow, max-snippet:-1, max-image-preview:large, max-video-preview:-1\" \/>\n<link rel=\"canonical\" href=\"https:\/\/musique-equilibre.com\/me\/index.php\/ateliers-de-musique\/\" \/>\n<meta property=\"og:locale\" content=\"fr_FR\" \/>\n<meta property=\"og:type\" content=\"article\" \/>\n<meta property=\"og:title\" content=\"Ateliers de musique - Musique et Equilibre\" \/>\n<meta property=\"og:description\" content=\"D\u00e9couvrez les ateliers de musique de Musique et \u00c9quilibre \u00e0 Orl\u00e9ans. Diff\u00e9rents th\u00e8mes d&#039;ateliers \u00e0 retrouvez au 108 ou \u00e0 l&#039;Argonaute.\" \/>\n<meta property=\"og:url\" content=\"https:\/\/musique-equilibre.com\/me\/index.php\/ateliers-de-musique\/\" \/>\n<meta property=\"og:site_name\" content=\"Musique et Equilibre\" \/>\n<meta property=\"article:publisher\" content=\"https:\/\/www.facebook.com\/MusiqueetEquilibre45\" \/>\n<meta property=\"article:modified_time\" content=\"2026-04-13T12:45:15+00:00\" \/>\n<meta property=\"og:image\" content=\"https:\/\/musique-equilibre.com\/me\/wp-content\/uploads\/2023\/12\/Atelier-de-musique.jpg\" \/>\n\t<meta property=\"og:image:width\" content=\"1366\" \/>\n\t<meta property=\"og:image:height\" content=\"336\" \/>\n\t<meta property=\"og:image:type\" content=\"image\/jpeg\" \/>\n<meta name=\"twitter:card\" content=\"summary_large_image\" \/>\n<meta name=\"twitter:site\" content=\"@Musiquequilibre\" \/>\n<meta name=\"twitter:label1\" content=\"Dur\u00e9e de lecture estim\u00e9e\" \/>\n\t<meta name=\"twitter:data1\" content=\"2 minutes\" \/>\n<script type=\"application\/ld+json\" class=\"yoast-schema-graph\">{\"@context\":\"https:\/\/schema.org\",\"@graph\":[{\"@type\":\"WebPage\",\"@id\":\"https:\/\/musique-equilibre.com\/me\/index.php\/ateliers-de-musique\/\",\"url\":\"https:\/\/musique-equilibre.com\/me\/index.php\/ateliers-de-musique\/\",\"name\":\"Ateliers de musique - Musique et Equilibre\",\"isPartOf\":{\"@id\":\"https:\/\/musique-equilibre.com\/me\/#website\"},\"primaryImageOfPage\":{\"@id\":\"https:\/\/musique-equilibre.com\/me\/index.php\/ateliers-de-musique\/#primaryimage\"},\"image\":{\"@id\":\"https:\/\/musique-equilibre.com\/me\/index.php\/ateliers-de-musique\/#primaryimage\"},\"thumbnailUrl\":\"https:\/\/musique-equilibre.com\/me\/wp-content\/uploads\/2023\/12\/Atelier-de-musique-1024x252.jpg\",\"datePublished\":\"2018-09-06T08:44:08+00:00\",\"dateModified\":\"2026-04-13T12:45:15+00:00\",\"description\":\"D\u00e9couvrez les ateliers de musique de Musique et \u00c9quilibre \u00e0 Orl\u00e9ans. Diff\u00e9rents th\u00e8mes d'ateliers \u00e0 retrouvez au 108 ou \u00e0 l'Argonaute.\",\"breadcrumb\":{\"@id\":\"https:\/\/musique-equilibre.com\/me\/index.php\/ateliers-de-musique\/#breadcrumb\"},\"inLanguage\":\"fr-FR\",\"potentialAction\":[{\"@type\":\"ReadAction\",\"target\":[\"https:\/\/musique-equilibre.com\/me\/index.php\/ateliers-de-musique\/\"]}]},{\"@type\":\"ImageObject\",\"inLanguage\":\"fr-FR\",\"@id\":\"https:\/\/musique-equilibre.com\/me\/index.php\/ateliers-de-musique\/#primaryimage\",\"url\":\"https:\/\/musique-equilibre.com\/me\/wp-content\/uploads\/2023\/12\/Atelier-de-musique.jpg\",\"contentUrl\":\"https:\/\/musique-equilibre.com\/me\/wp-content\/uploads\/2023\/12\/Atelier-de-musique.jpg\",\"width\":1366,\"height\":336,\"caption\":\"atelier de musique atelier collectif atelier pop rock cours de musique cours d'instrument orl\u00e9ans association musique loiret ateliers de musique\"},{\"@type\":\"BreadcrumbList\",\"@id\":\"https:\/\/musique-equilibre.com\/me\/index.php\/ateliers-de-musique\/#breadcrumb\",\"itemListElement\":[{\"@type\":\"ListItem\",\"position\":1,\"name\":\"Accueil\",\"item\":\"https:\/\/musique-equilibre.com\/me\/\"},{\"@type\":\"ListItem\",\"position\":2,\"name\":\"Ateliers de musique\"}]},{\"@type\":\"WebSite\",\"@id\":\"https:\/\/musique-equilibre.com\/me\/#website\",\"url\":\"https:\/\/musique-equilibre.com\/me\/\",\"name\":\"Musique et Equilibre\",\"description\":\"\",\"publisher\":{\"@id\":\"https:\/\/musique-equilibre.com\/me\/#organization\"},\"potentialAction\":[{\"@type\":\"SearchAction\",\"target\":{\"@type\":\"EntryPoint\",\"urlTemplate\":\"https:\/\/musique-equilibre.com\/me\/?s={search_term_string}\"},\"query-input\":{\"@type\":\"PropertyValueSpecification\",\"valueRequired\":true,\"valueName\":\"search_term_string\"}}],\"inLanguage\":\"fr-FR\"},{\"@type\":\"Organization\",\"@id\":\"https:\/\/musique-equilibre.com\/me\/#organization\",\"name\":\"Musique et Equilibre\",\"alternateName\":\"\u00c9cole de musique et salle de concert \u00e0 Orl\u00e9ans\",\"url\":\"https:\/\/musique-equilibre.com\/me\/\",\"logo\":{\"@type\":\"ImageObject\",\"inLanguage\":\"fr-FR\",\"@id\":\"https:\/\/musique-equilibre.com\/me\/#\/schema\/logo\/image\/\",\"url\":\"https:\/\/musique-equilibre.com\/me\/wp-content\/uploads\/2022\/11\/cropped-Logo_orange_texture-1.png\",\"contentUrl\":\"https:\/\/musique-equilibre.com\/me\/wp-content\/uploads\/2022\/11\/cropped-Logo_orange_texture-1.png\",\"width\":512,\"height\":512,\"caption\":\"Musique et Equilibre\"},\"image\":{\"@id\":\"https:\/\/musique-equilibre.com\/me\/#\/schema\/logo\/image\/\"},\"sameAs\":[\"https:\/\/www.facebook.com\/MusiqueetEquilibre45\",\"https:\/\/x.com\/Musiquequilibre\",\"https:\/\/www.instagram.com\/musique_et_equilibre_\/\",\"https:\/\/www.linkedin.com\/company\/musique-&amp;-equilibre\/\",\"https:\/\/www.youtube.com\/c\/MusiqueEquilibreOrleans\/\"]}]}<\/script>\n<!-- \/ Yoast SEO plugin. -->","yoast_head_json":{"title":"Ateliers de musique - Musique et Equilibre","description":"D\u00e9couvrez les ateliers de musique de Musique et \u00c9quilibre \u00e0 Orl\u00e9ans. Diff\u00e9rents th\u00e8mes d'ateliers \u00e0 retrouvez au 108 ou \u00e0 l'Argonaute.","robots":{"index":"index","follow":"follow","max-snippet":"max-snippet:-1","max-image-preview":"max-image-preview:large","max-video-preview":"max-video-preview:-1"},"canonical":"https:\/\/musique-equilibre.com\/me\/index.php\/ateliers-de-musique\/","og_locale":"fr_FR","og_type":"article","og_title":"Ateliers de musique - Musique et Equilibre","og_description":"D\u00e9couvrez les ateliers de musique de Musique et \u00c9quilibre \u00e0 Orl\u00e9ans. Diff\u00e9rents th\u00e8mes d'ateliers \u00e0 retrouvez au 108 ou \u00e0 l'Argonaute.","og_url":"https:\/\/musique-equilibre.com\/me\/index.php\/ateliers-de-musique\/","og_site_name":"Musique et Equilibre","article_publisher":"https:\/\/www.facebook.com\/MusiqueetEquilibre45","article_modified_time":"2026-04-13T12:45:15+00:00","og_image":[{"width":1366,"height":336,"url":"https:\/\/musique-equilibre.com\/me\/wp-content\/uploads\/2023\/12\/Atelier-de-musique.jpg","type":"image\/jpeg"}],"twitter_card":"summary_large_image","twitter_site":"@Musiquequilibre","twitter_misc":{"Dur\u00e9e de lecture estim\u00e9e":"2 minutes"},"schema":{"@context":"https:\/\/schema.org","@graph":[{"@type":"WebPage","@id":"https:\/\/musique-equilibre.com\/me\/index.php\/ateliers-de-musique\/","url":"https:\/\/musique-equilibre.com\/me\/index.php\/ateliers-de-musique\/","name":"Ateliers de musique - Musique et Equilibre","isPartOf":{"@id":"https:\/\/musique-equilibre.com\/me\/#website"},"primaryImageOfPage":{"@id":"https:\/\/musique-equilibre.com\/me\/index.php\/ateliers-de-musique\/#primaryimage"},"image":{"@id":"https:\/\/musique-equilibre.com\/me\/index.php\/ateliers-de-musique\/#primaryimage"},"thumbnailUrl":"https:\/\/musique-equilibre.com\/me\/wp-content\/uploads\/2023\/12\/Atelier-de-musique-1024x252.jpg","datePublished":"2018-09-06T08:44:08+00:00","dateModified":"2026-04-13T12:45:15+00:00","description":"D\u00e9couvrez les ateliers de musique de Musique et \u00c9quilibre \u00e0 Orl\u00e9ans. Diff\u00e9rents th\u00e8mes d'ateliers \u00e0 retrouvez au 108 ou \u00e0 l'Argonaute.","breadcrumb":{"@id":"https:\/\/musique-equilibre.com\/me\/index.php\/ateliers-de-musique\/#breadcrumb"},"inLanguage":"fr-FR","potentialAction":[{"@type":"ReadAction","target":["https:\/\/musique-equilibre.com\/me\/index.php\/ateliers-de-musique\/"]}]},{"@type":"ImageObject","inLanguage":"fr-FR","@id":"https:\/\/musique-equilibre.com\/me\/index.php\/ateliers-de-musique\/#primaryimage","url":"https:\/\/musique-equilibre.com\/me\/wp-content\/uploads\/2023\/12\/Atelier-de-musique.jpg","contentUrl":"https:\/\/musique-equilibre.com\/me\/wp-content\/uploads\/2023\/12\/Atelier-de-musique.jpg","width":1366,"height":336,"caption":"atelier de musique atelier collectif atelier pop rock cours de musique cours d'instrument orl\u00e9ans association musique loiret ateliers de musique"},{"@type":"BreadcrumbList","@id":"https:\/\/musique-equilibre.com\/me\/index.php\/ateliers-de-musique\/#breadcrumb","itemListElement":[{"@type":"ListItem","position":1,"name":"Accueil","item":"https:\/\/musique-equilibre.com\/me\/"},{"@type":"ListItem","position":2,"name":"Ateliers de musique"}]},{"@type":"WebSite","@id":"https:\/\/musique-equilibre.com\/me\/#website","url":"https:\/\/musique-equilibre.com\/me\/","name":"Musique et Equilibre","description":"","publisher":{"@id":"https:\/\/musique-equilibre.com\/me\/#organization"},"potentialAction":[{"@type":"SearchAction","target":{"@type":"EntryPoint","urlTemplate":"https:\/\/musique-equilibre.com\/me\/?s={search_term_string}"},"query-input":{"@type":"PropertyValueSpecification","valueRequired":true,"valueName":"search_term_string"}}],"inLanguage":"fr-FR"},{"@type":"Organization","@id":"https:\/\/musique-equilibre.com\/me\/#organization","name":"Musique et Equilibre","alternateName":"\u00c9cole de musique et salle de concert \u00e0 Orl\u00e9ans","url":"https:\/\/musique-equilibre.com\/me\/","logo":{"@type":"ImageObject","inLanguage":"fr-FR","@id":"https:\/\/musique-equilibre.com\/me\/#\/schema\/logo\/image\/","url":"https:\/\/musique-equilibre.com\/me\/wp-content\/uploads\/2022\/11\/cropped-Logo_orange_texture-1.png","contentUrl":"https:\/\/musique-equilibre.com\/me\/wp-content\/uploads\/2022\/11\/cropped-Logo_orange_texture-1.png","width":512,"height":512,"caption":"Musique et Equilibre"},"image":{"@id":"https:\/\/musique-equilibre.com\/me\/#\/schema\/logo\/image\/"},"sameAs":["https:\/\/www.facebook.com\/MusiqueetEquilibre45","https:\/\/x.com\/Musiquequilibre","https:\/\/www.instagram.com\/musique_et_equilibre_\/","https:\/\/www.linkedin.com\/company\/musique-&amp;-equilibre\/","https:\/\/www.youtube.com\/c\/MusiqueEquilibreOrleans\/"]}]}},"_links":{"self":[{"href":"https:\/\/musique-equilibre.com\/me\/index.php\/wp-json\/wp\/v2\/pages\/743","targetHints":{"allow":["GET"]}}],"collection":[{"href":"https:\/\/musique-equilibre.com\/me\/index.php\/wp-json\/wp\/v2\/pages"}],"about":[{"href":"https:\/\/musique-equilibre.com\/me\/index.php\/wp-json\/wp\/v2\/types\/page"}],"author":[{"embeddable":true,"href":"https:\/\/musique-equilibre.com\/me\/index.php\/wp-json\/wp\/v2\/users\/1"}],"replies":[{"embeddable":true,"href":"https:\/\/musique-equilibre.com\/me\/index.php\/wp-json\/wp\/v2\/comments?post=743"}],"version-history":[{"count":214,"href":"https:\/\/musique-equilibre.com\/me\/index.php\/wp-json\/wp\/v2\/pages\/743\/revisions"}],"predecessor-version":[{"id":18768,"href":"https:\/\/musique-equilibre.com\/me\/index.php\/wp-json\/wp\/v2\/pages\/743\/revisions\/18768"}],"wp:attachment":[{"href":"https:\/\/musique-equilibre.com\/me\/index.php\/wp-json\/wp\/v2\/media?parent=743"}],"curies":[{"name":"wp","href":"https:\/\/api.w.org\/{rel}","templated":true}]}}