{"id":714,"date":"2018-09-05T15:57:02","date_gmt":"2018-09-05T13:57:02","guid":{"rendered":"http:\/\/musique-equilibre.com\/me\/?page_id=714"},"modified":"2023-05-17T14:43:12","modified_gmt":"2023-05-17T12:43:12","slug":"accompagnement-musiques-actuelles","status":"publish","type":"page","link":"https:\/\/musique-equilibre.com\/me\/index.php\/accompagnement-musiques-actuelles\/","title":{"rendered":"<span style=\"font-family: coves;\">Accompagnement musiques actuelles"},"content":{"rendered":"\n<h2 class=\"has-text-align-center wp-block-heading\">Accompagnement musiques actuelles<\/h2>\n\n\n\n<p class=\"has-text-align-center\"><strong><a href=\"https:\/\/musique-equilibre.com\/me\/wp-content\/uploads\/2023\/01\/Fiche-pre-inscription.pdf\" target=\"_blank\" rel=\"noreferrer noopener\">Fiche d\u2019inscription<\/a><\/strong><\/p>\n\n\n\n<p><\/p>\n\n\n\n<p class=\"has-white-color has-text-color\">nmee<\/p>\n\n\n\n<p><\/p>\n\n\n\n<div class=\"wp-block-media-text alignwide\" style=\"grid-template-columns:15% auto\"><figure class=\"wp-block-media-text__media\"><img decoding=\"async\" width=\"150\" height=\"150\" src=\"https:\/\/musique-equilibre.com\/me\/wp-content\/uploads\/2023\/01\/103554_folder_music_icon-4-150x150.png\" alt=\"Accompagnement artistique en musiques actuelles\" class=\"wp-image-11063 size-thumbnail\" srcset=\"https:\/\/musique-equilibre.com\/me\/wp-content\/uploads\/2023\/01\/103554_folder_music_icon-4-150x150.png 150w, https:\/\/musique-equilibre.com\/me\/wp-content\/uploads\/2023\/01\/103554_folder_music_icon-4-300x300.png 300w, https:\/\/musique-equilibre.com\/me\/wp-content\/uploads\/2023\/01\/103554_folder_music_icon-4-510x510.png 510w, https:\/\/musique-equilibre.com\/me\/wp-content\/uploads\/2023\/01\/103554_folder_music_icon-4.png 512w\" sizes=\"(max-width: 150px) 100vw, 150px\" \/><\/figure><div class=\"wp-block-media-text__content\">\n<p><strong>Sur projet<\/strong> + CV + lettre de motivation<\/p>\n<\/div><\/div>\n\n\n\n<h4 class=\"has-text-align-left has-luminous-vivid-orange-color has-text-color wp-block-heading\">Public<\/h4>\n\n\n\n<p>Artistes professionnel-les (musicien-nes ou autres) ayant d\u00e9j\u00e0 un projet \u00e9labor\u00e9 ou en cours d&rsquo;\u00e9laloration.<\/p>\n\n\n\n<h4 class=\"has-luminous-vivid-orange-color has-text-color wp-block-heading\">Objectif de la formation<\/h4>\n\n\n\n<p>Le <a href=\"https:\/\/metiersculture.fr\/structure\/musique-et-equilibre\/\" target=\"_blank\" rel=\"noreferrer noopener\">cursus<\/a> Accompagnement artistique en musiques actuelles permet l&rsquo;\u00e9laboration de la technique instrumentale\/vocale, l&rsquo;aisance sc\u00e9nique, le d\u00e9veloppement de la cr\u00e9ativit\u00e9 et des propositions d&rsquo;interpr\u00e9tations, l&rsquo;adaptations aux situations et \u00e0 leurs environnement (acoustique, artistique, sc\u00e9nique&#8230;) et l&rsquo;\u00e9laboration d&rsquo;un projet artistique.<\/p>\n\n\n\n<h4 class=\"has-luminous-vivid-orange-color has-text-color wp-block-heading\">Tarif<\/h4>\n\n\n\n<p>Financement personnel : 2 000\u20ac par formation <br>Financement OPCO : 3 500\u20ac<\/p>\n\n\n\n<h4 class=\"has-luminous-vivid-orange-color has-text-color wp-block-heading\">Pr\u00e9-requis<\/h4>\n\n\n\n<p>Faire partie d&rsquo;un ensemble musicale. Entretien avant l&rsquo;entr\u00e9e en formation.<\/p>\n\n\n\n<p><\/p>\n\n\n\n<p><em>Formation finan\u00e7able dans le cadre du plan de d\u00e9veloppement des comp\u00e9tences<\/em>. <em><a href=\"https:\/\/musique-equilibre.com\/me\/index.php\/financement\/\" target=\"_blank\" rel=\"noreferrer noopener\">En savoir plus<\/a><\/em><\/p>\n\n\n<div class=\"wp-block-image\">\n<figure class=\"aligncenter size-thumbnail\"><a href=\"https:\/\/musique-equilibre.com\/me\/wp-content\/uploads\/2023\/01\/Dossier-cursus-pro-020622.pdf\" target=\"_blank\" rel=\"noreferrer noopener\"><img decoding=\"async\" width=\"150\" height=\"150\" src=\"https:\/\/musique-equilibre.com\/me\/wp-content\/uploads\/2023\/01\/211656_text_document_icon-150x150.png\" alt=\"formation professionnelle musique orl\u00e9ans musiciens\" class=\"wp-image-11050\" srcset=\"https:\/\/musique-equilibre.com\/me\/wp-content\/uploads\/2023\/01\/211656_text_document_icon-150x150.png 150w, https:\/\/musique-equilibre.com\/me\/wp-content\/uploads\/2023\/01\/211656_text_document_icon-300x300.png 300w, https:\/\/musique-equilibre.com\/me\/wp-content\/uploads\/2023\/01\/211656_text_document_icon-510x510.png 510w, https:\/\/musique-equilibre.com\/me\/wp-content\/uploads\/2023\/01\/211656_text_document_icon.png 512w\" sizes=\"(max-width: 150px) 100vw, 150px\" \/><\/a><figcaption class=\"wp-element-caption\"><a href=\"https:\/\/musique-equilibre.com\/me\/wp-content\/uploads\/2023\/01\/Dossier-cursus-pro-020622.pdf\" target=\"_blank\" rel=\"noreferrer noopener\">Pour en savoir <\/a><a href=\"https:\/\/musique-equilibre.com\/me\/wp-content\/uploads\/2023\/05\/Dossier-cursus-pro-090523.pdf\" target=\"_blank\" rel=\"noreferrer noopener\">p<\/a><a href=\"https:\/\/musique-equilibre.com\/me\/wp-content\/uploads\/2023\/01\/Dossier-cursus-pro-020622.pdf\" target=\"_blank\" rel=\"noreferrer noopener\">lus<\/a><\/figcaption><\/figure><\/div>","protected":false},"excerpt":{"rendered":"<p>Accompagnement musiques actuelles Fiche d\u2019inscription nmee Sur projet + CV + lettre de motivation Public Artistes professionnel-les (musicien-nes ou autres) ayant d\u00e9j\u00e0 un projet \u00e9labor\u00e9 ou en cours d&rsquo;\u00e9laloration. Objectif de la formation Le cursus Accompagnement artistique en musiques actuelles permet l&rsquo;\u00e9laboration de la technique instrumentale\/vocale, l&rsquo;aisance sc\u00e9nique, le d\u00e9veloppement de la cr\u00e9ativit\u00e9 et des [&hellip;]<\/p>\n","protected":false},"author":1,"featured_media":0,"parent":0,"menu_order":0,"comment_status":"closed","ping_status":"closed","template":"","meta":{"footnotes":""},"class_list":["post-714","page","type-page","status-publish","czr-hentry"],"yoast_head":"<!-- This site is optimized with the Yoast SEO plugin v26.8 - https:\/\/yoast.com\/product\/yoast-seo-wordpress\/ -->\n<title>Accompagnement musiques actuelles<\/title>\n<meta name=\"description\" content=\"Le cursus accompagnement musiques actuelles permet l\u2019am\u00e9lioration de la technique instrumentale\/vocale, l\u2019aisance sc\u00e9nique etc...\" \/>\n<meta name=\"robots\" content=\"index, follow, max-snippet:-1, max-image-preview:large, max-video-preview:-1\" \/>\n<link rel=\"canonical\" href=\"https:\/\/musique-equilibre.com\/me\/index.php\/accompagnement-musiques-actuelles\/\" \/>\n<meta property=\"og:locale\" content=\"fr_FR\" \/>\n<meta property=\"og:type\" content=\"article\" \/>\n<meta property=\"og:title\" content=\"Accompagnement musiques actuelles\" \/>\n<meta property=\"og:description\" content=\"Le cursus accompagnement musiques actuelles permet l\u2019am\u00e9lioration de la technique instrumentale\/vocale, l\u2019aisance sc\u00e9nique etc...\" \/>\n<meta property=\"og:url\" content=\"https:\/\/musique-equilibre.com\/me\/index.php\/accompagnement-musiques-actuelles\/\" \/>\n<meta property=\"og:site_name\" content=\"Musique et Equilibre\" \/>\n<meta property=\"article:publisher\" content=\"https:\/\/www.facebook.com\/MusiqueetEquilibre45\" \/>\n<meta property=\"article:modified_time\" content=\"2023-05-17T12:43:12+00:00\" \/>\n<meta property=\"og:image\" content=\"https:\/\/musique-equilibre.com\/me\/wp-content\/uploads\/2023\/01\/103554_folder_music_icon-4-150x150.png\" \/>\n<meta name=\"twitter:card\" content=\"summary_large_image\" \/>\n<meta name=\"twitter:site\" content=\"@Musiquequilibre\" \/>\n<meta name=\"twitter:label1\" content=\"Dur\u00e9e de lecture estim\u00e9e\" \/>\n\t<meta name=\"twitter:data1\" content=\"1 minute\" \/>\n<script type=\"application\/ld+json\" class=\"yoast-schema-graph\">{\"@context\":\"https:\/\/schema.org\",\"@graph\":[{\"@type\":\"WebPage\",\"@id\":\"https:\/\/musique-equilibre.com\/me\/index.php\/accompagnement-musiques-actuelles\/\",\"url\":\"https:\/\/musique-equilibre.com\/me\/index.php\/accompagnement-musiques-actuelles\/\",\"name\":\"Accompagnement musiques actuelles\",\"isPartOf\":{\"@id\":\"https:\/\/musique-equilibre.com\/me\/#website\"},\"primaryImageOfPage\":{\"@id\":\"https:\/\/musique-equilibre.com\/me\/index.php\/accompagnement-musiques-actuelles\/#primaryimage\"},\"image\":{\"@id\":\"https:\/\/musique-equilibre.com\/me\/index.php\/accompagnement-musiques-actuelles\/#primaryimage\"},\"thumbnailUrl\":\"https:\/\/musique-equilibre.com\/me\/wp-content\/uploads\/2023\/01\/103554_folder_music_icon-4-150x150.png\",\"datePublished\":\"2018-09-05T13:57:02+00:00\",\"dateModified\":\"2023-05-17T12:43:12+00:00\",\"description\":\"Le cursus accompagnement musiques actuelles permet l\u2019am\u00e9lioration de la technique instrumentale\/vocale, l\u2019aisance sc\u00e9nique etc...\",\"breadcrumb\":{\"@id\":\"https:\/\/musique-equilibre.com\/me\/index.php\/accompagnement-musiques-actuelles\/#breadcrumb\"},\"inLanguage\":\"fr-FR\",\"potentialAction\":[{\"@type\":\"ReadAction\",\"target\":[\"https:\/\/musique-equilibre.com\/me\/index.php\/accompagnement-musiques-actuelles\/\"]}]},{\"@type\":\"ImageObject\",\"inLanguage\":\"fr-FR\",\"@id\":\"https:\/\/musique-equilibre.com\/me\/index.php\/accompagnement-musiques-actuelles\/#primaryimage\",\"url\":\"https:\/\/musique-equilibre.com\/me\/wp-content\/uploads\/2023\/01\/103554_folder_music_icon-4.png\",\"contentUrl\":\"https:\/\/musique-equilibre.com\/me\/wp-content\/uploads\/2023\/01\/103554_folder_music_icon-4.png\",\"width\":512,\"height\":512},{\"@type\":\"BreadcrumbList\",\"@id\":\"https:\/\/musique-equilibre.com\/me\/index.php\/accompagnement-musiques-actuelles\/#breadcrumb\",\"itemListElement\":[{\"@type\":\"ListItem\",\"position\":1,\"name\":\"Accueil\",\"item\":\"https:\/\/musique-equilibre.com\/me\/\"},{\"@type\":\"ListItem\",\"position\":2,\"name\":\"Accompagnement musiques actuelles\"}]},{\"@type\":\"WebSite\",\"@id\":\"https:\/\/musique-equilibre.com\/me\/#website\",\"url\":\"https:\/\/musique-equilibre.com\/me\/\",\"name\":\"Musique et Equilibre\",\"description\":\"\",\"publisher\":{\"@id\":\"https:\/\/musique-equilibre.com\/me\/#organization\"},\"potentialAction\":[{\"@type\":\"SearchAction\",\"target\":{\"@type\":\"EntryPoint\",\"urlTemplate\":\"https:\/\/musique-equilibre.com\/me\/?s={search_term_string}\"},\"query-input\":{\"@type\":\"PropertyValueSpecification\",\"valueRequired\":true,\"valueName\":\"search_term_string\"}}],\"inLanguage\":\"fr-FR\"},{\"@type\":\"Organization\",\"@id\":\"https:\/\/musique-equilibre.com\/me\/#organization\",\"name\":\"Musique et Equilibre\",\"alternateName\":\"\u00c9cole de musique et salle de concert \u00e0 Orl\u00e9ans\",\"url\":\"https:\/\/musique-equilibre.com\/me\/\",\"logo\":{\"@type\":\"ImageObject\",\"inLanguage\":\"fr-FR\",\"@id\":\"https:\/\/musique-equilibre.com\/me\/#\/schema\/logo\/image\/\",\"url\":\"https:\/\/musique-equilibre.com\/me\/wp-content\/uploads\/2022\/11\/cropped-Logo_orange_texture-1.png\",\"contentUrl\":\"https:\/\/musique-equilibre.com\/me\/wp-content\/uploads\/2022\/11\/cropped-Logo_orange_texture-1.png\",\"width\":512,\"height\":512,\"caption\":\"Musique et Equilibre\"},\"image\":{\"@id\":\"https:\/\/musique-equilibre.com\/me\/#\/schema\/logo\/image\/\"},\"sameAs\":[\"https:\/\/www.facebook.com\/MusiqueetEquilibre45\",\"https:\/\/x.com\/Musiquequilibre\",\"https:\/\/www.instagram.com\/musique_et_equilibre_\/\",\"https:\/\/www.linkedin.com\/company\/musique-&amp;-equilibre\/\",\"https:\/\/www.youtube.com\/c\/MusiqueEquilibreOrleans\/\"]}]}<\/script>\n<!-- \/ Yoast SEO plugin. -->","yoast_head_json":{"title":"Accompagnement musiques actuelles","description":"Le cursus accompagnement musiques actuelles permet l\u2019am\u00e9lioration de la technique instrumentale\/vocale, l\u2019aisance sc\u00e9nique etc...","robots":{"index":"index","follow":"follow","max-snippet":"max-snippet:-1","max-image-preview":"max-image-preview:large","max-video-preview":"max-video-preview:-1"},"canonical":"https:\/\/musique-equilibre.com\/me\/index.php\/accompagnement-musiques-actuelles\/","og_locale":"fr_FR","og_type":"article","og_title":"Accompagnement musiques actuelles","og_description":"Le cursus accompagnement musiques actuelles permet l\u2019am\u00e9lioration de la technique instrumentale\/vocale, l\u2019aisance sc\u00e9nique etc...","og_url":"https:\/\/musique-equilibre.com\/me\/index.php\/accompagnement-musiques-actuelles\/","og_site_name":"Musique et Equilibre","article_publisher":"https:\/\/www.facebook.com\/MusiqueetEquilibre45","article_modified_time":"2023-05-17T12:43:12+00:00","og_image":[{"url":"https:\/\/musique-equilibre.com\/me\/wp-content\/uploads\/2023\/01\/103554_folder_music_icon-4-150x150.png","type":"","width":"","height":""}],"twitter_card":"summary_large_image","twitter_site":"@Musiquequilibre","twitter_misc":{"Dur\u00e9e de lecture estim\u00e9e":"1 minute"},"schema":{"@context":"https:\/\/schema.org","@graph":[{"@type":"WebPage","@id":"https:\/\/musique-equilibre.com\/me\/index.php\/accompagnement-musiques-actuelles\/","url":"https:\/\/musique-equilibre.com\/me\/index.php\/accompagnement-musiques-actuelles\/","name":"Accompagnement musiques actuelles","isPartOf":{"@id":"https:\/\/musique-equilibre.com\/me\/#website"},"primaryImageOfPage":{"@id":"https:\/\/musique-equilibre.com\/me\/index.php\/accompagnement-musiques-actuelles\/#primaryimage"},"image":{"@id":"https:\/\/musique-equilibre.com\/me\/index.php\/accompagnement-musiques-actuelles\/#primaryimage"},"thumbnailUrl":"https:\/\/musique-equilibre.com\/me\/wp-content\/uploads\/2023\/01\/103554_folder_music_icon-4-150x150.png","datePublished":"2018-09-05T13:57:02+00:00","dateModified":"2023-05-17T12:43:12+00:00","description":"Le cursus accompagnement musiques actuelles permet l\u2019am\u00e9lioration de la technique instrumentale\/vocale, l\u2019aisance sc\u00e9nique etc...","breadcrumb":{"@id":"https:\/\/musique-equilibre.com\/me\/index.php\/accompagnement-musiques-actuelles\/#breadcrumb"},"inLanguage":"fr-FR","potentialAction":[{"@type":"ReadAction","target":["https:\/\/musique-equilibre.com\/me\/index.php\/accompagnement-musiques-actuelles\/"]}]},{"@type":"ImageObject","inLanguage":"fr-FR","@id":"https:\/\/musique-equilibre.com\/me\/index.php\/accompagnement-musiques-actuelles\/#primaryimage","url":"https:\/\/musique-equilibre.com\/me\/wp-content\/uploads\/2023\/01\/103554_folder_music_icon-4.png","contentUrl":"https:\/\/musique-equilibre.com\/me\/wp-content\/uploads\/2023\/01\/103554_folder_music_icon-4.png","width":512,"height":512},{"@type":"BreadcrumbList","@id":"https:\/\/musique-equilibre.com\/me\/index.php\/accompagnement-musiques-actuelles\/#breadcrumb","itemListElement":[{"@type":"ListItem","position":1,"name":"Accueil","item":"https:\/\/musique-equilibre.com\/me\/"},{"@type":"ListItem","position":2,"name":"Accompagnement musiques actuelles"}]},{"@type":"WebSite","@id":"https:\/\/musique-equilibre.com\/me\/#website","url":"https:\/\/musique-equilibre.com\/me\/","name":"Musique et Equilibre","description":"","publisher":{"@id":"https:\/\/musique-equilibre.com\/me\/#organization"},"potentialAction":[{"@type":"SearchAction","target":{"@type":"EntryPoint","urlTemplate":"https:\/\/musique-equilibre.com\/me\/?s={search_term_string}"},"query-input":{"@type":"PropertyValueSpecification","valueRequired":true,"valueName":"search_term_string"}}],"inLanguage":"fr-FR"},{"@type":"Organization","@id":"https:\/\/musique-equilibre.com\/me\/#organization","name":"Musique et Equilibre","alternateName":"\u00c9cole de musique et salle de concert \u00e0 Orl\u00e9ans","url":"https:\/\/musique-equilibre.com\/me\/","logo":{"@type":"ImageObject","inLanguage":"fr-FR","@id":"https:\/\/musique-equilibre.com\/me\/#\/schema\/logo\/image\/","url":"https:\/\/musique-equilibre.com\/me\/wp-content\/uploads\/2022\/11\/cropped-Logo_orange_texture-1.png","contentUrl":"https:\/\/musique-equilibre.com\/me\/wp-content\/uploads\/2022\/11\/cropped-Logo_orange_texture-1.png","width":512,"height":512,"caption":"Musique et Equilibre"},"image":{"@id":"https:\/\/musique-equilibre.com\/me\/#\/schema\/logo\/image\/"},"sameAs":["https:\/\/www.facebook.com\/MusiqueetEquilibre45","https:\/\/x.com\/Musiquequilibre","https:\/\/www.instagram.com\/musique_et_equilibre_\/","https:\/\/www.linkedin.com\/company\/musique-&amp;-equilibre\/","https:\/\/www.youtube.com\/c\/MusiqueEquilibreOrleans\/"]}]}},"_links":{"self":[{"href":"https:\/\/musique-equilibre.com\/me\/index.php\/wp-json\/wp\/v2\/pages\/714","targetHints":{"allow":["GET"]}}],"collection":[{"href":"https:\/\/musique-equilibre.com\/me\/index.php\/wp-json\/wp\/v2\/pages"}],"about":[{"href":"https:\/\/musique-equilibre.com\/me\/index.php\/wp-json\/wp\/v2\/types\/page"}],"author":[{"embeddable":true,"href":"https:\/\/musique-equilibre.com\/me\/index.php\/wp-json\/wp\/v2\/users\/1"}],"replies":[{"embeddable":true,"href":"https:\/\/musique-equilibre.com\/me\/index.php\/wp-json\/wp\/v2\/comments?post=714"}],"version-history":[{"count":40,"href":"https:\/\/musique-equilibre.com\/me\/index.php\/wp-json\/wp\/v2\/pages\/714\/revisions"}],"predecessor-version":[{"id":11767,"href":"https:\/\/musique-equilibre.com\/me\/index.php\/wp-json\/wp\/v2\/pages\/714\/revisions\/11767"}],"wp:attachment":[{"href":"https:\/\/musique-equilibre.com\/me\/index.php\/wp-json\/wp\/v2\/media?parent=714"}],"curies":[{"name":"wp","href":"https:\/\/api.w.org\/{rel}","templated":true}]}}