{"id":7136,"date":"2020-11-27T10:02:49","date_gmt":"2020-11-27T09:02:49","guid":{"rendered":"http:\/\/musique-equilibre.com\/me\/?page_id=7136"},"modified":"2023-10-19T09:38:29","modified_gmt":"2023-10-19T07:38:29","slug":"ml","status":"publish","type":"page","link":"https:\/\/musique-equilibre.com\/me\/index.php\/ml\/","title":{"rendered":"Mentions L\u00e9gales"},"content":{"rendered":"<p><strong><span style=\"font-family: coves-light;\">CONDITIONS GENERALES DE VENTE<\/span><\/p>\n<p><span style=\"font-family: coves-light;\">ADHESION<\/span><br \/>\n<span style=\"font-family: coves-light;\">1. Tout \u00e9l\u00e8ve doit s\u2019acquitter du droit d\u2019adh\u00e9sion (droit d\u2019inscription pour les stagiaires de la formation professionnelle) et devient, de fait, membre de l\u2019association Musique et \u00c9quilibre pour l\u2019ann\u00e9e scolaire en cours. Tout adh\u00e9rent arrivant en cours d\u2019ann\u00e9e doit s\u2019acquitter de l\u2019adh\u00e9sion de l\u2019ann\u00e9e en cours. La carte d\u2019adh\u00e9rent est valable pour une saison soit du 1er septembre de l\u2019ann\u00e9e N au 31 ao\u00fbt de l\u2019ann\u00e9e N+1), elle est d\u00e9livr\u00e9e lors de l\u2019inscription au 108 rue de Bourgogne 45000 Orl\u00e9ans ou au 73 boulevard Marie Stuart. L\u2019adh\u00e9sion \u00e0 Musique et \u00c9quilibre implique l\u2019acceptation pleine et enti\u00e8re au pr\u00e9sent r\u00e8glement. De fait, l\u2019adh\u00e9sion implique la pr\u00e9sence aux assembl\u00e9es g\u00e9n\u00e9rales ordinaires et extraordinaires.<\/span><\/p>\n<p><span style=\"font-family: coves-light;\">2. La carte d\u2019adh\u00e9sion donne acc\u00e8s aux cours et aux tarifs pr\u00e9f\u00e9rentiels pour les stages, master-class et autres offres \u00e0 destination des adh\u00e9rents.<\/span><\/p>\n<p><span style=\"font-family: coves-light;\">3. La carte d\u2019adh\u00e9rent est nominative, personnelle et incessible, et n\u2019est ni \u00e9changeable, ni remboursable, en partie ou en totalit\u00e9. Aucun duplicata ne sera d\u00e9livr\u00e9 et toute revente est interdite.<\/span><\/p>\n<p><span style=\"font-family: coves-light;\">PAIEMENT ET DONNEES PERSONNELLES<\/span><br \/>\n<span style=\"font-family: coves-light;\">4. Tout paiement (cours formation amateur, formation professionnelle, billetterie concerts) est effectu\u00e9 \u00e0 aupr\u00e8s du secr\u00e9tariat ou de l\u2019accueil billetterie. Les paiements sont r\u00e9alis\u00e9s par ch\u00e8que, esp\u00e8ce ou virement par l\u2019acheteur des pr\u00e9sentes conditions g\u00e9n\u00e9rales de vente.<\/span><\/p>\n<p><span style=\"font-family: coves-light;\">5. L\u2019acheteur dispose d\u2019un droit d\u2019acc\u00e8s, de rectification et d\u2019opposition sur ses informations personnelles, en adressant un courrier libell\u00e9 \u00e0 l\u2019adresse suivante : Musique et \u00c9quilibre, 108 rue de Bourgogne 45000 Orl\u00e9ans ou par courriel \u00e0 l\u2019adresse accueil@musique-equilibre.com<\/span><\/p>\n<p><span style=\"font-family: coves-light;\">BILLETTERIE<\/span><br \/>\n<span style=\"font-family: coves-light;\">6. Les prix des billets sont indiqu\u00e9s en euros toutes taxes comprises. Ils sont exempts de tous frais suppl\u00e9mentaires de gestion, de r\u00e9servation, de livraison ou de transaction bancaire.<\/span><\/p>\n<p><span style=\"font-family: coves-light;\">7. Chaque billet en vente constitue un droit d\u2019entr\u00e9e.<\/span><\/p>\n<p><span style=\"font-family: coves-light;\">8. Le contr\u00f4le des billets est r\u00e9alis\u00e9 par du personnel comp\u00e9tent lors de l\u2019acc\u00e8s \u00e0 l\u2019\u00e9v\u00e8nement pour lequel ils sont valables.<\/span><\/p>\n<p><span style=\"font-family: coves-light;\">9. Un billet est uniquement valable pour la manifestation \u00e0 laquelle il donne droit.<\/span><\/p>\n<p><span style=\"font-family: coves-light;\">10. Les billets ne sont ni \u00e9changeables, ni remboursables m\u00eame en cas de perte ou de vol. Aucun duplicata ne sera d\u00e9livr\u00e9 et toute revente est interdite.<\/span><\/p>\n<p><span style=\"font-family: coves-light;\">11. Il est strictement interdit de contrefaire, dupliquer ou reproduire un billet. La reproduction et l\u2019utilisation de la copie de ce billet sont passibles de poursuites p\u00e9nales.<\/span><\/p>\n<p><span style=\"font-family: coves-light;\">CONTACT<\/span><br \/>\n<span style=\"font-family: coves-light;\">12. Pour toutes informations, suggestions ou r\u00e9clamations, merci d\u2019\u00e9crire \u00e0 l\u2019adresse suivante : Musique et \u00c9quilibre, 108 rue de Bourgogne 45000 Orl\u00e9ans ou par courriel \u00e0 l\u2019adresse accueil@musique-equilibre.com<\/span><br \/>\n<span style=\"font-family: coves-light;\">T\u00e9l\u00e9phone : 02 38 54 81 31<\/span><\/p>\n<p><span style=\"font-family: coves-light;\">DROIT APPLICABLE \u2013 LITIGES<\/span><br \/>\n<span style=\"font-family: coves-light;\">13. Les r\u00e8glements de cours ou de billetterie sont soumis au droit fran\u00e7ais. En cas de litige, les tribunaux fran\u00e7ais auront comp\u00e9tence exclusive.<\/span><\/p>\n<p><span style=\"font-family: coves-light;\">MENTIONS LEGALES<\/span><br \/>\n<span style=\"font-family: coves-light;\">Musique et \u00c9quilibre est une association loi 1901<\/span><br \/>\n<span style=\"font-family: coves-light;\">Si\u00e8ge social : 108 rue de Bourgogne 45000 Orl\u00e9ans<\/span><br \/>\n<span style=\"font-family: coves-light;\">Adresse postale : 108 rue de Bourgogne 45000 Orl\u00e9ans \/ 73 boulevard Marie Stuart 45000 Orl\u00e9ans<\/span><br \/>\n<span style=\"font-family: coves-light;\">Repr\u00e9sentant l\u00e9gal : Marie-Christine Lehembre, pr\u00e9sident<\/span><br \/>\n<span style=\"font-family: coves-light;\">Directrice : Aude Prieur<\/span><br \/>\n<span style=\"font-family: coves-light;\">Musique et Equilibre n\u2019est pas soumis \u00e0 la TVA SIRET : 338 814 858 00043 \/ 338 814 858 00050<\/span><br \/>\n<span style=\"font-family: coves-light;\">APE : 8552Z \/ 9004Z<\/span><br \/>\n<span style=\"font-family: coves-light;\">Licences : 1-1106061 \/ 2-1051574 \/ 3-1051575<\/span><br \/>\n<span style=\"font-family: coves-light;\">T\u00e9l\u00e9phone : 02 38 54 81 31RGPD<\/span><\/p>\n<p><span style=\"font-family: coves-light;\">Aucune de vos donn\u00e9es (mail, adresse\u2026) n\u2019est transmise \u00e0 des tiers.<\/span><\/p>\n<p><span style=\"font-family: coves-light;\">Cookies<\/span><\/p>\n<p><span style=\"font-family: coves-light;\">Afin d\u2019am\u00e9liorer et de personnaliser la navigation, des cookies peuvent \u00eatre d\u00e9pos\u00e9s sur votre ordinateur.<\/span><\/p>\n<p><span style=\"font-family: coves-light;\">Le refus de cookies peut emp\u00eacher l\u2019acc\u00e8s \u00e0 certaines pages du site, l\u2019utilisateur peut cependant choisir de refuser ces cookies en param\u00e9trant son navigateur. Le site de la Cnil explique comment :\u00a0<a href=\"https:\/\/www.cnil.fr\/fr\/cookies-les-outils-pour-les-maitriser\">https:\/\/www.cnil.fr\/fr\/cookies-les-outils-pour-les-maitriser<\/a><\/span><\/p>\n<p><span style=\"font-family: coves-light;\">Mise en conformit\u00e9 RGPD\u00a0:<\/span><\/p>\n<p><span style=\"font-family: coves-light;\">Nous respectons la confidentialit\u00e9 des informations que nous collectons.<\/span><\/p>\n<p><span style=\"font-family: coves-light;\">D\u00e9l\u00e9gu\u00e9 \u00e0 la protection des donn\u00e9es : Aude Prieur<\/span><\/p>\n<p><span style=\"font-family: coves-light;\">Traitement des donn\u00e9es personnelles\u00a0: WordPress et ses plugins \/ https:\/\/mon-expert-en-gestion.fr\/<\/span><\/p>\n<p><span style=\"font-family: coves-light;\">Cat\u00e9gorie des donn\u00e9es personnelles : Nom, pr\u00e9nom, adresse, mail, t\u00e9l\u00e9phone, moyen de paiement<\/span><\/p>\n<p><span style=\"font-family: coves-light;\">Donn\u00e9es personnelles collect\u00e9es par le biais de notre fiche d\u2019adh\u00e9sion<\/span><\/p>\n<p><span style=\"font-family: coves-light;\">Objectifs\u00a0: gestion des inscriptions<\/span><\/p>\n<p><span style=\"font-family: coves-light;\">Sous-traitants pouvant avoir acc\u00e8s aux donn\u00e9es : google analytics<\/span><\/p>\n<p><span style=\"font-family: coves-light;\">S\u00e9curisation des donn\u00e9es\u00a0: Mots de passe complexes, site s\u00e9curis\u00e9 en htpps<\/span><\/p>\n<p><span style=\"font-family: coves-light;\">M\u00e9thode de notification de faille de s\u00e9curit\u00e9 et processus de rectification ou suppression des donn\u00e9es \u00e0 la demande des utilisateurs : merci d\u2019\u00e9crire \u00e0\u00a0accueil@musique-equilibre.com\u00a0pour signaler tout probl\u00e8me de faille de s\u00e9curit\u00e9.<\/span><\/p>\n<p><span style=\"font-family: coves-light;\">Dur\u00e9e de conservation des donn\u00e9es\u00a0:\u00a05 ans, en conformit\u00e9 avec la l\u00e9gislation.<\/span><\/strong><\/p>\n","protected":false},"excerpt":{"rendered":"<p>CONDITIONS GENERALES DE VENTE ADHESION 1. Tout \u00e9l\u00e8ve doit s\u2019acquitter du droit d\u2019adh\u00e9sion (droit d\u2019inscription pour les stagiaires de la formation professionnelle) et devient, de fait, membre de l\u2019association Musique et \u00c9quilibre pour l\u2019ann\u00e9e scolaire en cours. Tout adh\u00e9rent arrivant en cours d\u2019ann\u00e9e doit s\u2019acquitter de l\u2019adh\u00e9sion de l\u2019ann\u00e9e en cours. La carte d\u2019adh\u00e9rent est [&hellip;]<\/p>\n","protected":false},"author":1,"featured_media":0,"parent":0,"menu_order":0,"comment_status":"closed","ping_status":"closed","template":"","meta":{"footnotes":""},"class_list":["post-7136","page","type-page","status-publish","czr-hentry"],"yoast_head":"<!-- This site is optimized with the Yoast SEO plugin v26.8 - https:\/\/yoast.com\/product\/yoast-seo-wordpress\/ -->\n<title>Mentions L\u00e9gales - Musique et Equilibre<\/title>\n<meta name=\"robots\" content=\"index, follow, max-snippet:-1, max-image-preview:large, max-video-preview:-1\" \/>\n<link rel=\"canonical\" href=\"https:\/\/musique-equilibre.com\/me\/index.php\/ml\/\" \/>\n<meta property=\"og:locale\" content=\"fr_FR\" \/>\n<meta property=\"og:type\" content=\"article\" \/>\n<meta property=\"og:title\" content=\"Mentions L\u00e9gales - Musique et Equilibre\" \/>\n<meta property=\"og:description\" content=\"CONDITIONS GENERALES DE VENTE ADHESION 1. Tout \u00e9l\u00e8ve doit s\u2019acquitter du droit d\u2019adh\u00e9sion (droit d\u2019inscription pour les stagiaires de la formation professionnelle) et devient, de fait, membre de l\u2019association Musique et \u00c9quilibre pour l\u2019ann\u00e9e scolaire en cours. Tout adh\u00e9rent arrivant en cours d\u2019ann\u00e9e doit s\u2019acquitter de l\u2019adh\u00e9sion de l\u2019ann\u00e9e en cours. La carte d\u2019adh\u00e9rent est [&hellip;]\" \/>\n<meta property=\"og:url\" content=\"https:\/\/musique-equilibre.com\/me\/index.php\/ml\/\" \/>\n<meta property=\"og:site_name\" content=\"Musique et Equilibre\" \/>\n<meta property=\"article:publisher\" content=\"https:\/\/www.facebook.com\/MusiqueetEquilibre45\" \/>\n<meta property=\"article:modified_time\" content=\"2023-10-19T07:38:29+00:00\" \/>\n<meta name=\"twitter:card\" content=\"summary_large_image\" \/>\n<meta name=\"twitter:site\" content=\"@Musiquequilibre\" \/>\n<meta name=\"twitter:label1\" content=\"Dur\u00e9e de lecture estim\u00e9e\" \/>\n\t<meta name=\"twitter:data1\" content=\"8 minutes\" \/>\n<script type=\"application\/ld+json\" class=\"yoast-schema-graph\">{\"@context\":\"https:\/\/schema.org\",\"@graph\":[{\"@type\":\"WebPage\",\"@id\":\"https:\/\/musique-equilibre.com\/me\/index.php\/ml\/\",\"url\":\"https:\/\/musique-equilibre.com\/me\/index.php\/ml\/\",\"name\":\"Mentions L\u00e9gales - Musique et Equilibre\",\"isPartOf\":{\"@id\":\"https:\/\/musique-equilibre.com\/me\/#website\"},\"datePublished\":\"2020-11-27T09:02:49+00:00\",\"dateModified\":\"2023-10-19T07:38:29+00:00\",\"breadcrumb\":{\"@id\":\"https:\/\/musique-equilibre.com\/me\/index.php\/ml\/#breadcrumb\"},\"inLanguage\":\"fr-FR\",\"potentialAction\":[{\"@type\":\"ReadAction\",\"target\":[\"https:\/\/musique-equilibre.com\/me\/index.php\/ml\/\"]}]},{\"@type\":\"BreadcrumbList\",\"@id\":\"https:\/\/musique-equilibre.com\/me\/index.php\/ml\/#breadcrumb\",\"itemListElement\":[{\"@type\":\"ListItem\",\"position\":1,\"name\":\"Accueil\",\"item\":\"https:\/\/musique-equilibre.com\/me\/\"},{\"@type\":\"ListItem\",\"position\":2,\"name\":\"Mentions L\u00e9gales\"}]},{\"@type\":\"WebSite\",\"@id\":\"https:\/\/musique-equilibre.com\/me\/#website\",\"url\":\"https:\/\/musique-equilibre.com\/me\/\",\"name\":\"Musique et Equilibre\",\"description\":\"\",\"publisher\":{\"@id\":\"https:\/\/musique-equilibre.com\/me\/#organization\"},\"potentialAction\":[{\"@type\":\"SearchAction\",\"target\":{\"@type\":\"EntryPoint\",\"urlTemplate\":\"https:\/\/musique-equilibre.com\/me\/?s={search_term_string}\"},\"query-input\":{\"@type\":\"PropertyValueSpecification\",\"valueRequired\":true,\"valueName\":\"search_term_string\"}}],\"inLanguage\":\"fr-FR\"},{\"@type\":\"Organization\",\"@id\":\"https:\/\/musique-equilibre.com\/me\/#organization\",\"name\":\"Musique et Equilibre\",\"alternateName\":\"\u00c9cole de musique et salle de concert \u00e0 Orl\u00e9ans\",\"url\":\"https:\/\/musique-equilibre.com\/me\/\",\"logo\":{\"@type\":\"ImageObject\",\"inLanguage\":\"fr-FR\",\"@id\":\"https:\/\/musique-equilibre.com\/me\/#\/schema\/logo\/image\/\",\"url\":\"https:\/\/musique-equilibre.com\/me\/wp-content\/uploads\/2022\/11\/cropped-Logo_orange_texture-1.png\",\"contentUrl\":\"https:\/\/musique-equilibre.com\/me\/wp-content\/uploads\/2022\/11\/cropped-Logo_orange_texture-1.png\",\"width\":512,\"height\":512,\"caption\":\"Musique et Equilibre\"},\"image\":{\"@id\":\"https:\/\/musique-equilibre.com\/me\/#\/schema\/logo\/image\/\"},\"sameAs\":[\"https:\/\/www.facebook.com\/MusiqueetEquilibre45\",\"https:\/\/x.com\/Musiquequilibre\",\"https:\/\/www.instagram.com\/musique_et_equilibre_\/\",\"https:\/\/www.linkedin.com\/company\/musique-&amp;-equilibre\/\",\"https:\/\/www.youtube.com\/c\/MusiqueEquilibreOrleans\/\"]}]}<\/script>\n<!-- \/ Yoast SEO plugin. -->","yoast_head_json":{"title":"Mentions L\u00e9gales - Musique et Equilibre","robots":{"index":"index","follow":"follow","max-snippet":"max-snippet:-1","max-image-preview":"max-image-preview:large","max-video-preview":"max-video-preview:-1"},"canonical":"https:\/\/musique-equilibre.com\/me\/index.php\/ml\/","og_locale":"fr_FR","og_type":"article","og_title":"Mentions L\u00e9gales - Musique et Equilibre","og_description":"CONDITIONS GENERALES DE VENTE ADHESION 1. Tout \u00e9l\u00e8ve doit s\u2019acquitter du droit d\u2019adh\u00e9sion (droit d\u2019inscription pour les stagiaires de la formation professionnelle) et devient, de fait, membre de l\u2019association Musique et \u00c9quilibre pour l\u2019ann\u00e9e scolaire en cours. Tout adh\u00e9rent arrivant en cours d\u2019ann\u00e9e doit s\u2019acquitter de l\u2019adh\u00e9sion de l\u2019ann\u00e9e en cours. La carte d\u2019adh\u00e9rent est [&hellip;]","og_url":"https:\/\/musique-equilibre.com\/me\/index.php\/ml\/","og_site_name":"Musique et Equilibre","article_publisher":"https:\/\/www.facebook.com\/MusiqueetEquilibre45","article_modified_time":"2023-10-19T07:38:29+00:00","twitter_card":"summary_large_image","twitter_site":"@Musiquequilibre","twitter_misc":{"Dur\u00e9e de lecture estim\u00e9e":"8 minutes"},"schema":{"@context":"https:\/\/schema.org","@graph":[{"@type":"WebPage","@id":"https:\/\/musique-equilibre.com\/me\/index.php\/ml\/","url":"https:\/\/musique-equilibre.com\/me\/index.php\/ml\/","name":"Mentions L\u00e9gales - Musique et Equilibre","isPartOf":{"@id":"https:\/\/musique-equilibre.com\/me\/#website"},"datePublished":"2020-11-27T09:02:49+00:00","dateModified":"2023-10-19T07:38:29+00:00","breadcrumb":{"@id":"https:\/\/musique-equilibre.com\/me\/index.php\/ml\/#breadcrumb"},"inLanguage":"fr-FR","potentialAction":[{"@type":"ReadAction","target":["https:\/\/musique-equilibre.com\/me\/index.php\/ml\/"]}]},{"@type":"BreadcrumbList","@id":"https:\/\/musique-equilibre.com\/me\/index.php\/ml\/#breadcrumb","itemListElement":[{"@type":"ListItem","position":1,"name":"Accueil","item":"https:\/\/musique-equilibre.com\/me\/"},{"@type":"ListItem","position":2,"name":"Mentions L\u00e9gales"}]},{"@type":"WebSite","@id":"https:\/\/musique-equilibre.com\/me\/#website","url":"https:\/\/musique-equilibre.com\/me\/","name":"Musique et Equilibre","description":"","publisher":{"@id":"https:\/\/musique-equilibre.com\/me\/#organization"},"potentialAction":[{"@type":"SearchAction","target":{"@type":"EntryPoint","urlTemplate":"https:\/\/musique-equilibre.com\/me\/?s={search_term_string}"},"query-input":{"@type":"PropertyValueSpecification","valueRequired":true,"valueName":"search_term_string"}}],"inLanguage":"fr-FR"},{"@type":"Organization","@id":"https:\/\/musique-equilibre.com\/me\/#organization","name":"Musique et Equilibre","alternateName":"\u00c9cole de musique et salle de concert \u00e0 Orl\u00e9ans","url":"https:\/\/musique-equilibre.com\/me\/","logo":{"@type":"ImageObject","inLanguage":"fr-FR","@id":"https:\/\/musique-equilibre.com\/me\/#\/schema\/logo\/image\/","url":"https:\/\/musique-equilibre.com\/me\/wp-content\/uploads\/2022\/11\/cropped-Logo_orange_texture-1.png","contentUrl":"https:\/\/musique-equilibre.com\/me\/wp-content\/uploads\/2022\/11\/cropped-Logo_orange_texture-1.png","width":512,"height":512,"caption":"Musique et Equilibre"},"image":{"@id":"https:\/\/musique-equilibre.com\/me\/#\/schema\/logo\/image\/"},"sameAs":["https:\/\/www.facebook.com\/MusiqueetEquilibre45","https:\/\/x.com\/Musiquequilibre","https:\/\/www.instagram.com\/musique_et_equilibre_\/","https:\/\/www.linkedin.com\/company\/musique-&amp;-equilibre\/","https:\/\/www.youtube.com\/c\/MusiqueEquilibreOrleans\/"]}]}},"_links":{"self":[{"href":"https:\/\/musique-equilibre.com\/me\/index.php\/wp-json\/wp\/v2\/pages\/7136","targetHints":{"allow":["GET"]}}],"collection":[{"href":"https:\/\/musique-equilibre.com\/me\/index.php\/wp-json\/wp\/v2\/pages"}],"about":[{"href":"https:\/\/musique-equilibre.com\/me\/index.php\/wp-json\/wp\/v2\/types\/page"}],"author":[{"embeddable":true,"href":"https:\/\/musique-equilibre.com\/me\/index.php\/wp-json\/wp\/v2\/users\/1"}],"replies":[{"embeddable":true,"href":"https:\/\/musique-equilibre.com\/me\/index.php\/wp-json\/wp\/v2\/comments?post=7136"}],"version-history":[{"count":7,"href":"https:\/\/musique-equilibre.com\/me\/index.php\/wp-json\/wp\/v2\/pages\/7136\/revisions"}],"predecessor-version":[{"id":12990,"href":"https:\/\/musique-equilibre.com\/me\/index.php\/wp-json\/wp\/v2\/pages\/7136\/revisions\/12990"}],"wp:attachment":[{"href":"https:\/\/musique-equilibre.com\/me\/index.php\/wp-json\/wp\/v2\/media?parent=7136"}],"curies":[{"name":"wp","href":"https:\/\/api.w.org\/{rel}","templated":true}]}}