{"id":7107,"date":"2020-11-26T11:36:56","date_gmt":"2020-11-26T10:36:56","guid":{"rendered":"http:\/\/musique-equilibre.com\/me\/?page_id=7107"},"modified":"2024-08-19T15:38:14","modified_gmt":"2024-08-19T13:38:14","slug":"soutenir-la-creation","status":"publish","type":"page","link":"https:\/\/musique-equilibre.com\/me\/index.php\/soutenir-la-creation\/","title":{"rendered":"<span style=\"font-family: coves;\">Soutenir la cr\u00e9ation"},"content":{"rendered":"\n<figure class=\"wp-block-image size-full\"><img fetchpriority=\"high\" decoding=\"async\" width=\"1366\" height=\"336\" src=\"https:\/\/musique-equilibre.com\/me\/wp-content\/uploads\/2023\/01\/Soutenir-la-creation.jpg\" alt=\"m\u00e9c\u00e9nat m\u00e9c\u00e9ne soutien soutenir la cr\u00e9ation musique orl\u00e9ans orleans loiret \u00e9cole de musique salle de concerts\" class=\"wp-image-11357\" srcset=\"https:\/\/musique-equilibre.com\/me\/wp-content\/uploads\/2023\/01\/Soutenir-la-creation.jpg 1366w, https:\/\/musique-equilibre.com\/me\/wp-content\/uploads\/2023\/01\/Soutenir-la-creation-300x74.jpg 300w, https:\/\/musique-equilibre.com\/me\/wp-content\/uploads\/2023\/01\/Soutenir-la-creation-1024x252.jpg 1024w, https:\/\/musique-equilibre.com\/me\/wp-content\/uploads\/2023\/01\/Soutenir-la-creation-150x37.jpg 150w, https:\/\/musique-equilibre.com\/me\/wp-content\/uploads\/2023\/01\/Soutenir-la-creation-768x189.jpg 768w\" sizes=\"(max-width: 1366px) 100vw, 1366px\" \/><\/figure>\n\n\n\n<h2 class=\"has-text-align-center has-background wp-block-heading\" style=\"background-color:#e25417\">Soutenir la cr\u00e9ation<\/h2>\n\n\n\n\n<p><span style=\"font-family: coves-light;\">Musique et \u00c9quilibre permet aux musiciens-nes, artistes, porteurs-ses de projet de pouvoir cr\u00e9er, r\u00e9p\u00e9ter, enregistrer, jouer gr\u00e2ce \u00e0 ses diff\u00e9rents espaces : salles de cours, salle de concert, studio&#8230; Nous pouvons \u00e9galement proposer un accompagnement d\u00e9di\u00e9 \u00e0 leurs besoins (techniques, artistiques, administratifs, etc&#8230;).<br \/>Musique et \u00c9quilibre tient \u00e0 soutenir les artistes locaux et \u00e0 programmer et soutenue diff\u00e9rents projets avec des musiciens-nes de la r\u00e9gion lors des derni\u00e8res ann\u00e9es :<br \/>Les albums sorties sous le label Musique et \u00c9quilibre<br \/>2018 : S\u00e9isme \u2013 Jishin<br \/>2020 : You said it \u2013 Davies Desmurs Verly<br \/>2021 : Illusion of times \u2013 K-ubik<br \/>2022 : Tout en craick \u2013 Celtik raic \/ Escales \u2013 Dettmar Quartet<br \/>2023 : Halocline \u2013 Bulle<br \/><br \/>Programmation 23-24 compos\u00e9e d&rsquo;artistes\/projets locaux :\u00a0<br \/>Najar &#8211; Bomka &#8211; Serge Tamas &#8211; Orpheum Black &#8211; Ana\u00ef et le fil de soi &#8211; Coffees &amp; Cigarettes<\/span><\/p>\n<p><span style=\"font-family: coves-light;\">Gr\u00e2ce \u00e0 votre soutien, la sc\u00e8ne local et ses artiste peuvent \u00e9merger et se d\u00e9velopper sur le territoire Orl\u00e9anais et plus encore !<\/span><\/p>\n\n\n\n<p style=\"text-align: center;\"><span style=\"font-family: coves-light; font-size: 14pt; color: #e25417;\">Soutenir Musique et \u00c9quilibre via\u00a0<a style=\"color: #e25417;\" href=\"https:\/\/www.helloasso.com\/associations\/musique-et-equilibre-orleans\/formulaires\/1\/widget\">Helloasso<\/a><\/span><\/p>\n","protected":false},"excerpt":{"rendered":"<p>Soutenir la cr\u00e9ation Musique et \u00c9quilibre permet aux musiciens-nes, artistes, porteurs-ses de projet de pouvoir cr\u00e9er, r\u00e9p\u00e9ter, enregistrer, jouer gr\u00e2ce \u00e0 ses diff\u00e9rents espaces : salles de cours, salle de concert, studio&#8230; Nous pouvons \u00e9galement proposer un accompagnement d\u00e9di\u00e9 \u00e0 leurs besoins (techniques, artistiques, administratifs, etc&#8230;).Musique et \u00c9quilibre tient \u00e0 soutenir les artistes locaux et [&hellip;]<\/p>\n","protected":false},"author":1,"featured_media":0,"parent":0,"menu_order":0,"comment_status":"closed","ping_status":"closed","template":"","meta":{"footnotes":""},"class_list":["post-7107","page","type-page","status-publish","czr-hentry"],"yoast_head":"<!-- This site is optimized with the Yoast SEO plugin v26.8 - https:\/\/yoast.com\/product\/yoast-seo-wordpress\/ -->\n<title>Soutenir la cr\u00e9ation - Musique et Equilibre<\/title>\n<meta name=\"description\" content=\"Devenez m\u00e9c\u00e8ne de Musique et Equilibre ! Venez soutenir le projet cr\u00e9ation, qui s&#039;adresse aux musiciens et groupes porteurs de projets.\" \/>\n<meta name=\"robots\" content=\"index, follow, max-snippet:-1, max-image-preview:large, max-video-preview:-1\" \/>\n<link rel=\"canonical\" href=\"https:\/\/musique-equilibre.com\/me\/index.php\/soutenir-la-creation\/\" \/>\n<meta property=\"og:locale\" content=\"fr_FR\" \/>\n<meta property=\"og:type\" content=\"article\" \/>\n<meta property=\"og:title\" content=\"Soutenir la cr\u00e9ation - Musique et Equilibre\" \/>\n<meta property=\"og:description\" content=\"Devenez m\u00e9c\u00e8ne de Musique et Equilibre ! Venez soutenir le projet cr\u00e9ation, qui s&#039;adresse aux musiciens et groupes porteurs de projets.\" \/>\n<meta property=\"og:url\" content=\"https:\/\/musique-equilibre.com\/me\/index.php\/soutenir-la-creation\/\" \/>\n<meta property=\"og:site_name\" content=\"Musique et Equilibre\" \/>\n<meta property=\"article:publisher\" content=\"https:\/\/www.facebook.com\/MusiqueetEquilibre45\" \/>\n<meta property=\"article:modified_time\" content=\"2024-08-19T13:38:14+00:00\" \/>\n<meta property=\"og:image\" content=\"https:\/\/musique-equilibre.com\/me\/wp-content\/uploads\/2023\/01\/Soutenir-la-creation.jpg\" \/>\n<meta name=\"twitter:card\" content=\"summary_large_image\" \/>\n<meta name=\"twitter:site\" content=\"@Musiquequilibre\" \/>\n<meta name=\"twitter:label1\" content=\"Dur\u00e9e de lecture estim\u00e9e\" \/>\n\t<meta name=\"twitter:data1\" content=\"1 minute\" \/>\n<script type=\"application\/ld+json\" class=\"yoast-schema-graph\">{\"@context\":\"https:\/\/schema.org\",\"@graph\":[{\"@type\":\"WebPage\",\"@id\":\"https:\/\/musique-equilibre.com\/me\/index.php\/soutenir-la-creation\/\",\"url\":\"https:\/\/musique-equilibre.com\/me\/index.php\/soutenir-la-creation\/\",\"name\":\"Soutenir la cr\u00e9ation - Musique et Equilibre\",\"isPartOf\":{\"@id\":\"https:\/\/musique-equilibre.com\/me\/#website\"},\"primaryImageOfPage\":{\"@id\":\"https:\/\/musique-equilibre.com\/me\/index.php\/soutenir-la-creation\/#primaryimage\"},\"image\":{\"@id\":\"https:\/\/musique-equilibre.com\/me\/index.php\/soutenir-la-creation\/#primaryimage\"},\"thumbnailUrl\":\"https:\/\/musique-equilibre.com\/me\/wp-content\/uploads\/2023\/01\/Soutenir-la-creation.jpg\",\"datePublished\":\"2020-11-26T10:36:56+00:00\",\"dateModified\":\"2024-08-19T13:38:14+00:00\",\"description\":\"Devenez m\u00e9c\u00e8ne de Musique et Equilibre ! Venez soutenir le projet cr\u00e9ation, qui s'adresse aux musiciens et groupes porteurs de projets.\",\"breadcrumb\":{\"@id\":\"https:\/\/musique-equilibre.com\/me\/index.php\/soutenir-la-creation\/#breadcrumb\"},\"inLanguage\":\"fr-FR\",\"potentialAction\":[{\"@type\":\"ReadAction\",\"target\":[\"https:\/\/musique-equilibre.com\/me\/index.php\/soutenir-la-creation\/\"]}]},{\"@type\":\"ImageObject\",\"inLanguage\":\"fr-FR\",\"@id\":\"https:\/\/musique-equilibre.com\/me\/index.php\/soutenir-la-creation\/#primaryimage\",\"url\":\"https:\/\/musique-equilibre.com\/me\/wp-content\/uploads\/2023\/01\/Soutenir-la-creation.jpg\",\"contentUrl\":\"https:\/\/musique-equilibre.com\/me\/wp-content\/uploads\/2023\/01\/Soutenir-la-creation.jpg\",\"width\":1366,\"height\":336,\"caption\":\"m\u00e9c\u00e9nat m\u00e9c\u00e9ne soutien soutenir la cr\u00e9ation musique orl\u00e9ans orleans loiret \u00e9cole de musique salle de concerts\"},{\"@type\":\"BreadcrumbList\",\"@id\":\"https:\/\/musique-equilibre.com\/me\/index.php\/soutenir-la-creation\/#breadcrumb\",\"itemListElement\":[{\"@type\":\"ListItem\",\"position\":1,\"name\":\"Accueil\",\"item\":\"https:\/\/musique-equilibre.com\/me\/\"},{\"@type\":\"ListItem\",\"position\":2,\"name\":\"Soutenir la cr\u00e9ation\"}]},{\"@type\":\"WebSite\",\"@id\":\"https:\/\/musique-equilibre.com\/me\/#website\",\"url\":\"https:\/\/musique-equilibre.com\/me\/\",\"name\":\"Musique et Equilibre\",\"description\":\"\",\"publisher\":{\"@id\":\"https:\/\/musique-equilibre.com\/me\/#organization\"},\"potentialAction\":[{\"@type\":\"SearchAction\",\"target\":{\"@type\":\"EntryPoint\",\"urlTemplate\":\"https:\/\/musique-equilibre.com\/me\/?s={search_term_string}\"},\"query-input\":{\"@type\":\"PropertyValueSpecification\",\"valueRequired\":true,\"valueName\":\"search_term_string\"}}],\"inLanguage\":\"fr-FR\"},{\"@type\":\"Organization\",\"@id\":\"https:\/\/musique-equilibre.com\/me\/#organization\",\"name\":\"Musique et Equilibre\",\"alternateName\":\"\u00c9cole de musique et salle de concert \u00e0 Orl\u00e9ans\",\"url\":\"https:\/\/musique-equilibre.com\/me\/\",\"logo\":{\"@type\":\"ImageObject\",\"inLanguage\":\"fr-FR\",\"@id\":\"https:\/\/musique-equilibre.com\/me\/#\/schema\/logo\/image\/\",\"url\":\"https:\/\/musique-equilibre.com\/me\/wp-content\/uploads\/2022\/11\/cropped-Logo_orange_texture-1.png\",\"contentUrl\":\"https:\/\/musique-equilibre.com\/me\/wp-content\/uploads\/2022\/11\/cropped-Logo_orange_texture-1.png\",\"width\":512,\"height\":512,\"caption\":\"Musique et Equilibre\"},\"image\":{\"@id\":\"https:\/\/musique-equilibre.com\/me\/#\/schema\/logo\/image\/\"},\"sameAs\":[\"https:\/\/www.facebook.com\/MusiqueetEquilibre45\",\"https:\/\/x.com\/Musiquequilibre\",\"https:\/\/www.instagram.com\/musique_et_equilibre_\/\",\"https:\/\/www.linkedin.com\/company\/musique-&amp;-equilibre\/\",\"https:\/\/www.youtube.com\/c\/MusiqueEquilibreOrleans\/\"]}]}<\/script>\n<!-- \/ Yoast SEO plugin. -->","yoast_head_json":{"title":"Soutenir la cr\u00e9ation - Musique et Equilibre","description":"Devenez m\u00e9c\u00e8ne de Musique et Equilibre ! Venez soutenir le projet cr\u00e9ation, qui s'adresse aux musiciens et groupes porteurs de projets.","robots":{"index":"index","follow":"follow","max-snippet":"max-snippet:-1","max-image-preview":"max-image-preview:large","max-video-preview":"max-video-preview:-1"},"canonical":"https:\/\/musique-equilibre.com\/me\/index.php\/soutenir-la-creation\/","og_locale":"fr_FR","og_type":"article","og_title":"Soutenir la cr\u00e9ation - Musique et Equilibre","og_description":"Devenez m\u00e9c\u00e8ne de Musique et Equilibre ! Venez soutenir le projet cr\u00e9ation, qui s'adresse aux musiciens et groupes porteurs de projets.","og_url":"https:\/\/musique-equilibre.com\/me\/index.php\/soutenir-la-creation\/","og_site_name":"Musique et Equilibre","article_publisher":"https:\/\/www.facebook.com\/MusiqueetEquilibre45","article_modified_time":"2024-08-19T13:38:14+00:00","og_image":[{"url":"https:\/\/musique-equilibre.com\/me\/wp-content\/uploads\/2023\/01\/Soutenir-la-creation.jpg","type":"","width":"","height":""}],"twitter_card":"summary_large_image","twitter_site":"@Musiquequilibre","twitter_misc":{"Dur\u00e9e de lecture estim\u00e9e":"1 minute"},"schema":{"@context":"https:\/\/schema.org","@graph":[{"@type":"WebPage","@id":"https:\/\/musique-equilibre.com\/me\/index.php\/soutenir-la-creation\/","url":"https:\/\/musique-equilibre.com\/me\/index.php\/soutenir-la-creation\/","name":"Soutenir la cr\u00e9ation - Musique et Equilibre","isPartOf":{"@id":"https:\/\/musique-equilibre.com\/me\/#website"},"primaryImageOfPage":{"@id":"https:\/\/musique-equilibre.com\/me\/index.php\/soutenir-la-creation\/#primaryimage"},"image":{"@id":"https:\/\/musique-equilibre.com\/me\/index.php\/soutenir-la-creation\/#primaryimage"},"thumbnailUrl":"https:\/\/musique-equilibre.com\/me\/wp-content\/uploads\/2023\/01\/Soutenir-la-creation.jpg","datePublished":"2020-11-26T10:36:56+00:00","dateModified":"2024-08-19T13:38:14+00:00","description":"Devenez m\u00e9c\u00e8ne de Musique et Equilibre ! Venez soutenir le projet cr\u00e9ation, qui s'adresse aux musiciens et groupes porteurs de projets.","breadcrumb":{"@id":"https:\/\/musique-equilibre.com\/me\/index.php\/soutenir-la-creation\/#breadcrumb"},"inLanguage":"fr-FR","potentialAction":[{"@type":"ReadAction","target":["https:\/\/musique-equilibre.com\/me\/index.php\/soutenir-la-creation\/"]}]},{"@type":"ImageObject","inLanguage":"fr-FR","@id":"https:\/\/musique-equilibre.com\/me\/index.php\/soutenir-la-creation\/#primaryimage","url":"https:\/\/musique-equilibre.com\/me\/wp-content\/uploads\/2023\/01\/Soutenir-la-creation.jpg","contentUrl":"https:\/\/musique-equilibre.com\/me\/wp-content\/uploads\/2023\/01\/Soutenir-la-creation.jpg","width":1366,"height":336,"caption":"m\u00e9c\u00e9nat m\u00e9c\u00e9ne soutien soutenir la cr\u00e9ation musique orl\u00e9ans orleans loiret \u00e9cole de musique salle de concerts"},{"@type":"BreadcrumbList","@id":"https:\/\/musique-equilibre.com\/me\/index.php\/soutenir-la-creation\/#breadcrumb","itemListElement":[{"@type":"ListItem","position":1,"name":"Accueil","item":"https:\/\/musique-equilibre.com\/me\/"},{"@type":"ListItem","position":2,"name":"Soutenir la cr\u00e9ation"}]},{"@type":"WebSite","@id":"https:\/\/musique-equilibre.com\/me\/#website","url":"https:\/\/musique-equilibre.com\/me\/","name":"Musique et Equilibre","description":"","publisher":{"@id":"https:\/\/musique-equilibre.com\/me\/#organization"},"potentialAction":[{"@type":"SearchAction","target":{"@type":"EntryPoint","urlTemplate":"https:\/\/musique-equilibre.com\/me\/?s={search_term_string}"},"query-input":{"@type":"PropertyValueSpecification","valueRequired":true,"valueName":"search_term_string"}}],"inLanguage":"fr-FR"},{"@type":"Organization","@id":"https:\/\/musique-equilibre.com\/me\/#organization","name":"Musique et Equilibre","alternateName":"\u00c9cole de musique et salle de concert \u00e0 Orl\u00e9ans","url":"https:\/\/musique-equilibre.com\/me\/","logo":{"@type":"ImageObject","inLanguage":"fr-FR","@id":"https:\/\/musique-equilibre.com\/me\/#\/schema\/logo\/image\/","url":"https:\/\/musique-equilibre.com\/me\/wp-content\/uploads\/2022\/11\/cropped-Logo_orange_texture-1.png","contentUrl":"https:\/\/musique-equilibre.com\/me\/wp-content\/uploads\/2022\/11\/cropped-Logo_orange_texture-1.png","width":512,"height":512,"caption":"Musique et Equilibre"},"image":{"@id":"https:\/\/musique-equilibre.com\/me\/#\/schema\/logo\/image\/"},"sameAs":["https:\/\/www.facebook.com\/MusiqueetEquilibre45","https:\/\/x.com\/Musiquequilibre","https:\/\/www.instagram.com\/musique_et_equilibre_\/","https:\/\/www.linkedin.com\/company\/musique-&amp;-equilibre\/","https:\/\/www.youtube.com\/c\/MusiqueEquilibreOrleans\/"]}]}},"_links":{"self":[{"href":"https:\/\/musique-equilibre.com\/me\/index.php\/wp-json\/wp\/v2\/pages\/7107","targetHints":{"allow":["GET"]}}],"collection":[{"href":"https:\/\/musique-equilibre.com\/me\/index.php\/wp-json\/wp\/v2\/pages"}],"about":[{"href":"https:\/\/musique-equilibre.com\/me\/index.php\/wp-json\/wp\/v2\/types\/page"}],"author":[{"embeddable":true,"href":"https:\/\/musique-equilibre.com\/me\/index.php\/wp-json\/wp\/v2\/users\/1"}],"replies":[{"embeddable":true,"href":"https:\/\/musique-equilibre.com\/me\/index.php\/wp-json\/wp\/v2\/comments?post=7107"}],"version-history":[{"count":15,"href":"https:\/\/musique-equilibre.com\/me\/index.php\/wp-json\/wp\/v2\/pages\/7107\/revisions"}],"predecessor-version":[{"id":14913,"href":"https:\/\/musique-equilibre.com\/me\/index.php\/wp-json\/wp\/v2\/pages\/7107\/revisions\/14913"}],"wp:attachment":[{"href":"https:\/\/musique-equilibre.com\/me\/index.php\/wp-json\/wp\/v2\/media?parent=7107"}],"curies":[{"name":"wp","href":"https:\/\/api.w.org\/{rel}","templated":true}]}}