{"id":7049,"date":"2020-11-25T16:51:09","date_gmt":"2020-11-25T15:51:09","guid":{"rendered":"http:\/\/musique-equilibre.com\/me\/?page_id=7049"},"modified":"2025-10-22T14:54:54","modified_gmt":"2025-10-22T12:54:54","slug":"https-musique-equilibre-com-me-index-php-le-mecenat","status":"publish","type":"page","link":"https:\/\/musique-equilibre.com\/me\/index.php\/https-musique-equilibre-com-me-index-php-le-mecenat\/","title":{"rendered":"M\u00e9c\u00e9nat"},"content":{"rendered":"\n<figure class=\"wp-block-image alignwide size-full\"><img fetchpriority=\"high\" decoding=\"async\" width=\"1366\" height=\"336\" src=\"https:\/\/musique-equilibre.com\/me\/wp-content\/uploads\/2025\/05\/Banniere-mecenat.jpg\" alt=\"m\u00e9c\u00e9nat g\u00e9n\u00e9rosit\u00e9 d\u00e9duction fiscale don musique taxe d'apprentissage \u00e9cole de musique orl\u00e9ans loiret\" class=\"wp-image-16776\" srcset=\"https:\/\/musique-equilibre.com\/me\/wp-content\/uploads\/2025\/05\/Banniere-mecenat.jpg 1366w, https:\/\/musique-equilibre.com\/me\/wp-content\/uploads\/2025\/05\/Banniere-mecenat-300x74.jpg 300w, https:\/\/musique-equilibre.com\/me\/wp-content\/uploads\/2025\/05\/Banniere-mecenat-1024x252.jpg 1024w, https:\/\/musique-equilibre.com\/me\/wp-content\/uploads\/2025\/05\/Banniere-mecenat-150x37.jpg 150w, https:\/\/musique-equilibre.com\/me\/wp-content\/uploads\/2025\/05\/Banniere-mecenat-768x189.jpg 768w\" sizes=\"(max-width: 1366px) 100vw, 1366px\" \/><\/figure>\n\n\n<h3 style=\"text-align: center;\"><span style=\"font-family: coves; color: #e25417;\"><strong>La g\u00e9n\u00e9rosit\u00e9, une autre mani\u00e8re de d\u00e9fiscaliser<\/strong><\/span><\/h3>\n<h4 style=\"text-align: center;\"><span style=\"font-family: coves;\"><strong>En soutenant une cause qui vous tient \u00e0 c\u0153ur, vous pouvez b\u00e9n\u00e9ficier d\u2019une r\u00e9duction d\u2019imp\u00f4t sur le revenu.<\/strong><\/span><\/h4>\n\n\n<hr class=\"wp-block-separator has-alpha-channel-opacity\"\/>\n\n\n<p style=\"text-align: center;\"><span style=\"font-family: coves;\">Consentir un don \u00e0\u00a0<a href=\"https:\/\/musique-equilibre.com\/me\/index.php\/ecole-de-musique-associative-orleans\/\">Musique et \u00c9quilibre<\/a>\u00a0peut vous permettre de soutenir une cause qui vous tient \u00e0 c\u0153ur et r\u00e9duire votre imp\u00f4t.<\/span><br \/><span style=\"font-family: coves;\">Depuis la crise du Covid-19, les besoins se font sentir plus que jamais.<\/span><br \/><span style=\"font-family: coves;\">Donner \u00e0 un organisme d\u2019int\u00e9r\u00eat g\u00e9n\u00e9ral, comme Musique et \u00c9quilibre, ouvre droit \u00e0 une r\u00e9duction d\u2019imp\u00f4t pour les particuliers de 66% et de 60% pour les entreprises (loi n\u00b02003-709 du 1er ao\u00fbt 2003).<\/span><\/p>\n<p style=\"text-align: center;\"><span style=\"font-size: 30px; font-family: coves;\"><a href=\"https:\/\/www.calameo.com\/read\/0063425014997f4d384de\" target=\"_blank\" rel=\"noopener\">Consulter et t\u00e9l\u00e9charger notre brochure<\/a><\/span><\/p>\n\n\n<h5 class=\"wp-block-heading has-white-color has-text-color has-background\" style=\"background-color:#e25417\">Le m\u00e9c\u00e8nat<br>Pourquoi s\u2019engager \u00e0 nos c\u00f4t\u00e9s ?<\/h5>\n\n\n<p><span style=\"font-family: coves;\">Pour devenir acteur\u00b7trice du d\u00e9veloppement des pratiques musicales sur le territoire en soutenant des projets porteurs de sens. Pour traduire concr\u00e8tement votre engagement \u00e9thique et soci\u00e9tal en faveur du territoire aupr\u00e8s de vos clients et salari\u00e9s. Pour vous associer au d\u00e9veloppement culturel et au rayonnement artistique d\u2019Orl\u00e9ans.<\/span><\/p>\n\n\n<h5 class=\"wp-block-heading has-white-color has-text-color has-background\" style=\"background-color:#e25417\">Les diff\u00e9rentes formes de m\u00e9c\u00e9nat<\/h5>\n\n\n<div class=\"ntb_table_wrapper ninja_table_builder_instance_0\"\n     id='ninja_table_builder_13824'\n     data-ninja_table_builder_instance=\"ninja_table_builder_instance_0\"\n     style=\"\n     max-height:2039px;\n     max-width: 1160px;\">\n     <table id=\"ntb_table\" role=\"table\" class=\"table ninja_tables_builder_class_13824 ntb_13824\" style=\"margin: 0px auto; table-layout: fixed; border-collapse: collapse; border: 0px solid rgb(0, 0, 0); font-family: inherit; border-spacing: 0px;\"> <tbody class=\"tbody\"><tr id=\"tr_id_6352057\" class=\"desktop-view tr_class_6352057\" style=\"\" draggable=\"false\"> <td id=\"td_id_63780293\" rowspan=\"1\" colspan=\"1\" class=\"td_class_63780293 table-data\" style=\"padding: 34px; max-width: 300px; min-width: 300px; border: 1px solid rgb(0, 0, 0);\"><div id=\"td_id_63780293\"><div class=\"single-item other-item\"><div class=\"ntb-datas-wrapper\" style=\"margin: 1px;\"><span class=\"hover-item\" style=\"padding: 0px; font-weight: bold; font-style: normal; text-decoration: none; font-size: 15px; display: block; text-align: center; color: rgb(0, 0, 1); opacity: 1; line-height: 1.2;\">EN NATURE<\/span>  <\/div> <\/div><\/div><\/td><td id=\"td_id_40815029\" rowspan=\"1\" colspan=\"1\" class=\"td_class_40815029 table-data\" style=\"padding: 34px; max-width: 300px; min-width: 300px; border: 1px solid rgb(0, 0, 0);\"><div id=\"td_id_40815029\"><div class=\"single-item other-item\"><div class=\"ntb-datas-wrapper\" style=\"margin: 1px;\"><span class=\"hover-item\" style=\"padding: 0px; font-weight: normal; font-style: normal; text-decoration: none; font-size: 15px; display: block; text-align: center; color: rgb(0, 0, 1); opacity: 1; line-height: 1.2;\">Don \u00e0 titre gracieux d\u2019une prestation de services et de biens inscrits sur le registre des immobilisations ou des marchandises en compte stock.<\/span>  <\/div> <\/div><\/div><\/td><\/tr><tr id=\"tr_id_8670573\" class=\"desktop-view tr_class_8670573 \"> <td id=\"td_id_40103650\" rowspan=\"1\" colspan=\"1\" class=\"td_class_40103650 table-data\" style=\"padding: 34px; max-width: 300px; min-width: 300px; border: 1px solid rgb(0, 0, 0);\"><div id=\"td_id_40103650\"><div class=\"single-item other-item\"><div class=\"ntb-datas-wrapper\" style=\"margin: 1px;\"><span class=\"hover-item\" style=\"padding: 0px; font-weight: bold; font-style: normal; text-decoration: none; font-size: 15px; display: block; text-align: center; color: rgb(0, 0, 1); opacity: 1; line-height: 1.2;\">EN COMP\u00c9TENCES<\/span>  <\/div> <\/div><\/div><\/td><td id=\"td_id_49202238\" rowspan=\"1\" colspan=\"1\" class=\"td_class_49202238 table-data\" style=\"padding: 34px; max-width: 300px; min-width: 300px; border: 1px solid rgb(0, 0, 0);\"><div id=\"td_id_49202238\"><div class=\"single-item other-item\"><div class=\"ntb-datas-wrapper\" style=\"margin: 1px;\"><span class=\"hover-item\" style=\"padding: 0px; font-weight: normal; font-style: normal; text-decoration: none; font-size: 15px; display: block; text-align: center; color: rgb(0, 0, 1); opacity: 1; line-height: 1.2;\">Mise \u00e0 disposition de salari\u00e9s de l\u2019entreprise \u00e0 titre gracieux pour intervenir sur leur temps de travail.<\/span>  <\/div> <\/div><\/div><\/td><\/tr><tr id=\"tr_id_0518206\" class=\"desktop-view tr_class_0518206 \"> <td id=\"td_id_88568662\" rowspan=\"1\" colspan=\"1\" class=\"td_class_88568662 table-data\" style=\"padding: 34px; max-width: 300px; min-width: 300px; border: 1px solid rgb(0, 0, 0);\"><div id=\"td_id_88568662\"><div class=\"single-item other-item\"><div class=\"ntb-datas-wrapper\" style=\"margin: 1px;\"><span class=\"hover-item\" style=\"padding: 2px 0px; font-weight: bold; font-style: normal; text-decoration: none; font-size: 15px; display: block; text-align: center; color: rgb(0, 0, 1); opacity: 1; line-height: 1.2;\">EN NUM\u00c9RAIRE\n<\/span>  <\/div> <\/div><\/div><\/td><td id=\"td_id_77881299\" rowspan=\"1\" colspan=\"1\" class=\"td_class_77881299 table-data\" style=\"padding: 34px; max-width: 300px; min-width: 300px; border: 1px solid rgb(0, 0, 0);\"><div id=\"td_id_77881299\"><div class=\"single-item other-item\"><div class=\"ntb-datas-wrapper\" style=\"margin: 1px;\"><span class=\"hover-item\" style=\"padding: 2px 0px; font-weight: normal; font-style: normal; text-decoration: none; font-size: 15px; display: block; text-align: center; color: rgb(0, 0, 1); opacity: 1; line-height: 1.2;\">Apport financier. Un re\u00e7u fiscal est transmis \u00e0 l\u2019entreprise M\u00e9c\u00e8ne \u00e0 la suite du versement. Choisissez de soutenir la cr\u00e9ation artistique, un projet ou une production en particulier.<\/span>  <\/div> <\/div><\/div><\/td><\/tr><\/tbody><\/table><\/div>\n\n\n\n\n<h5 class=\"wp-block-heading has-white-color has-text-color has-background\" style=\"background-color:#e25417\">Nos engagements<\/h5>\n\n\n<ul>\n<li><span style=\"font-family: coves;\">Favoriser la cr\u00e9ation<\/span><\/li>\n<li><span style=\"font-family: coves;\">Transmettre aux publics dans le cadre d\u2019actions culturelles<\/span><\/li>\n<li><span style=\"font-family: coves;\">Privil\u00e9gier l&rsquo;innovation p\u00e9dagogique<\/span><\/li>\n<li><span style=\"font-family: coves;\">Pr\u00e9parer pour chaque saison des programmes riches et \u00e9clectiques<\/span><\/li>\n<\/ul>\n<p><span style=\"font-family: coves;\">Reconnue d\u2019int\u00e9r\u00eat g\u00e9n\u00e9ral, soutenue par les collectivit\u00e9s publiques, les soci\u00e9t\u00e9s civiles et les partenaires priv\u00e9s, Musique et \u00c9quilibre per\u00e7oit des dons provenant des entreprises de de particuliers. Un don en m\u00e9c\u00e9nat permet de b\u00e9n\u00e9ficier d\u2019une r\u00e9duction fiscale de 60 % du montant du don dans la limite de 0,5 % du chiffre d\u2019affaires pour les entreprises et de 66% pour les particuliers (Loi n\u00b0 2003-709 du 1er ao\u00fbt 2003).<\/span><\/p>\n<p><span style=\"font-family: coves;\">EXEMPLE : Une entreprise soumise \u00e0 l\u2019IS (art. 238 du CGI) avec un chiffre d\u2019affaires HT de 1 million d\u2019euros d\u00e9cide de faire un don.&gt; Le don est plafonn\u00e9 \u00e0 0,5 % du CA HT, soit 5 000 euros. Afin de b\u00e9n\u00e9ficier au maximum de la r\u00e9duction d\u2019imp\u00f4t, un don de 5 000 euros semble judicieux.&gt; La r\u00e9duction d\u2019imp\u00f4t s\u2019\u00e9l\u00e8ve \u00e0 : 5 000 x 60 % = 3 000 euros.&gt; Des remerciements et contreparties pourront \u00eatre offerts pour une valeur de 1000 euros (maximum).<\/span><br \/><span style=\"font-family: coves;\">Un don de 5 000 \u20ac permet de b\u00e9n\u00e9ficier de 4 000 \u20ac environ d\u2019avantages.<\/span><\/p>\n<p style=\"text-align: center;\"><span style=\"font-family: coves; color: #e25417;\">Soutenir Musique et \u00c9quilibre via <a style=\"color: #e25417;\" href=\"https:\/\/www.helloasso.com\/associations\/musique-et-equilibre-orleans\/formulaires\/1\/widget\" target=\"_blank\" rel=\"noreferrer noopener\">Helloasso<\/a><\/span><\/p>\n\n<div class=\"wp-block-image\">\n<figure class=\"aligncenter size-large is-resized\"><a href=\"https:\/\/www.helloasso.com\/associations\/musique-et-equilibre-orleans\/formulaires\/1\/widget\" target=\"_blank\" rel=\"noreferrer noopener\"><img decoding=\"async\" width=\"1024\" height=\"205\" src=\"https:\/\/musique-equilibre.com\/me\/wp-content\/uploads\/2022\/11\/Helloasso-logo-1024x205.png\" alt=\"helloasso don musique et \u00e9quilibre \" class=\"wp-image-10543\" style=\"width:256px;height:51px\" srcset=\"https:\/\/musique-equilibre.com\/me\/wp-content\/uploads\/2022\/11\/Helloasso-logo-1024x205.png 1024w, https:\/\/musique-equilibre.com\/me\/wp-content\/uploads\/2022\/11\/Helloasso-logo-300x60.png 300w, https:\/\/musique-equilibre.com\/me\/wp-content\/uploads\/2022\/11\/Helloasso-logo-150x30.png 150w, https:\/\/musique-equilibre.com\/me\/wp-content\/uploads\/2022\/11\/Helloasso-logo-768x154.png 768w, https:\/\/musique-equilibre.com\/me\/wp-content\/uploads\/2022\/11\/Helloasso-logo.png 1080w\" sizes=\"(max-width: 1024px) 100vw, 1024px\" \/><\/a><\/figure><\/div>\n\n\n<h5 class=\"wp-block-heading has-background\" style=\"background-color:#e25417\">Ils nous soutiennent<\/h5>\n\n\n\n<div class=\"wp-block-columns is-layout-flex wp-container-core-columns-is-layout-9d6595d7 wp-block-columns-is-layout-flex\">\n<div class=\"wp-block-column is-layout-flow wp-block-column-is-layout-flow\">\n<figure class=\"wp-block-image aligncenter size-full is-resized\"><img decoding=\"async\" width=\"627\" height=\"574\" src=\"https:\/\/musique-equilibre.com\/me\/wp-content\/uploads\/2024\/01\/Valembal.png\" alt=\"m\u00e9c\u00e9nat don\n\" class=\"wp-image-13814\" style=\"width:200px;height:200px\" srcset=\"https:\/\/musique-equilibre.com\/me\/wp-content\/uploads\/2024\/01\/Valembal.png 627w, https:\/\/musique-equilibre.com\/me\/wp-content\/uploads\/2024\/01\/Valembal-300x275.png 300w, https:\/\/musique-equilibre.com\/me\/wp-content\/uploads\/2024\/01\/Valembal-150x137.png 150w\" sizes=\"(max-width: 627px) 100vw, 627px\" \/><\/figure>\n<\/div>\n\n\n\n<div class=\"wp-block-column is-layout-flow wp-block-column-is-layout-flow\">\n<figure class=\"wp-block-image aligncenter size-full\"><img loading=\"lazy\" decoding=\"async\" width=\"200\" height=\"200\" src=\"https:\/\/musique-equilibre.com\/me\/wp-content\/uploads\/2024\/01\/302446098_402266212046249_150368267086716551_n.jpg\" alt=\"m\u00e9c\u00e9nat don\n\" class=\"wp-image-13816\" srcset=\"https:\/\/musique-equilibre.com\/me\/wp-content\/uploads\/2024\/01\/302446098_402266212046249_150368267086716551_n.jpg 200w, https:\/\/musique-equilibre.com\/me\/wp-content\/uploads\/2024\/01\/302446098_402266212046249_150368267086716551_n-150x150.jpg 150w\" sizes=\"(max-width: 200px) 100vw, 200px\" \/><\/figure>\n<\/div>\n\n\n\n<div class=\"wp-block-column is-layout-flow wp-block-column-is-layout-flow\"><div class=\"wp-block-image\">\n<figure class=\"aligncenter size-full is-resized\"><img loading=\"lazy\" decoding=\"async\" width=\"979\" height=\"262\" src=\"https:\/\/musique-equilibre.com\/me\/wp-content\/uploads\/2024\/01\/Fondation-BPVF-gauche.png\" alt=\"m\u00e9c\u00e9nat don\" class=\"wp-image-13817\" style=\"width:490px;height:131px\" srcset=\"https:\/\/musique-equilibre.com\/me\/wp-content\/uploads\/2024\/01\/Fondation-BPVF-gauche.png 979w, https:\/\/musique-equilibre.com\/me\/wp-content\/uploads\/2024\/01\/Fondation-BPVF-gauche-300x80.png 300w, https:\/\/musique-equilibre.com\/me\/wp-content\/uploads\/2024\/01\/Fondation-BPVF-gauche-150x40.png 150w, https:\/\/musique-equilibre.com\/me\/wp-content\/uploads\/2024\/01\/Fondation-BPVF-gauche-768x206.png 768w\" sizes=\"(max-width: 979px) 100vw, 979px\" \/><\/figure><\/div><\/div>\n<\/div>\n","protected":false},"excerpt":{"rendered":"<p>La g\u00e9n\u00e9rosit\u00e9, une autre mani\u00e8re de d\u00e9fiscaliser En soutenant une cause qui vous tient \u00e0 c\u0153ur, vous pouvez b\u00e9n\u00e9ficier d\u2019une r\u00e9duction d\u2019imp\u00f4t sur le revenu. Consentir un don \u00e0\u00a0Musique et \u00c9quilibre\u00a0peut vous permettre de soutenir une cause qui vous tient \u00e0 c\u0153ur et r\u00e9duire votre imp\u00f4t.Depuis la crise du Covid-19, les besoins se font sentir [&hellip;]<\/p>\n","protected":false},"author":1,"featured_media":16776,"parent":0,"menu_order":0,"comment_status":"closed","ping_status":"closed","template":"","meta":{"footnotes":""},"class_list":["post-7049","page","type-page","status-publish","has-post-thumbnail","czr-hentry"],"yoast_head":"<!-- This site is optimized with the Yoast SEO plugin v26.8 - https:\/\/yoast.com\/product\/yoast-seo-wordpress\/ -->\n<title>m\u00e9c\u00e9nat<\/title>\n<meta name=\"description\" content=\"Devenez m\u00e9c\u00e9ne de Musique et Equilibre ! Diff\u00e9rents types de m\u00e9c\u00e9nats existent : m\u00e9c\u00e9nat en nature, de comp\u00e9tence ou num\u00e9raire.\" \/>\n<meta name=\"robots\" content=\"index, follow, max-snippet:-1, max-image-preview:large, max-video-preview:-1\" \/>\n<link rel=\"canonical\" href=\"https:\/\/musique-equilibre.com\/me\/index.php\/https-musique-equilibre-com-me-index-php-le-mecenat\/\" \/>\n<meta property=\"og:locale\" content=\"fr_FR\" \/>\n<meta property=\"og:type\" content=\"article\" \/>\n<meta property=\"og:title\" content=\"m\u00e9c\u00e9nat\" \/>\n<meta property=\"og:description\" content=\"Devenez m\u00e9c\u00e9ne de Musique et Equilibre ! Diff\u00e9rents types de m\u00e9c\u00e9nats existent : m\u00e9c\u00e9nat en nature, de comp\u00e9tence ou num\u00e9raire.\" \/>\n<meta property=\"og:url\" content=\"https:\/\/musique-equilibre.com\/me\/index.php\/https-musique-equilibre-com-me-index-php-le-mecenat\/\" \/>\n<meta property=\"og:site_name\" content=\"Musique et Equilibre\" \/>\n<meta property=\"article:publisher\" content=\"https:\/\/www.facebook.com\/MusiqueetEquilibre45\" \/>\n<meta property=\"article:modified_time\" content=\"2025-10-22T12:54:54+00:00\" \/>\n<meta property=\"og:image\" content=\"https:\/\/musique-equilibre.com\/me\/wp-content\/uploads\/2025\/05\/Banniere-mecenat.jpg\" \/>\n\t<meta property=\"og:image:width\" content=\"1366\" \/>\n\t<meta property=\"og:image:height\" content=\"336\" \/>\n\t<meta property=\"og:image:type\" content=\"image\/jpeg\" \/>\n<meta name=\"twitter:card\" content=\"summary_large_image\" \/>\n<meta name=\"twitter:site\" content=\"@Musiquequilibre\" \/>\n<meta name=\"twitter:label1\" content=\"Dur\u00e9e de lecture estim\u00e9e\" \/>\n\t<meta name=\"twitter:data1\" content=\"4 minutes\" \/>\n<script type=\"application\/ld+json\" class=\"yoast-schema-graph\">{\"@context\":\"https:\/\/schema.org\",\"@graph\":[{\"@type\":\"WebPage\",\"@id\":\"https:\/\/musique-equilibre.com\/me\/index.php\/https-musique-equilibre-com-me-index-php-le-mecenat\/\",\"url\":\"https:\/\/musique-equilibre.com\/me\/index.php\/https-musique-equilibre-com-me-index-php-le-mecenat\/\",\"name\":\"m\u00e9c\u00e9nat\",\"isPartOf\":{\"@id\":\"https:\/\/musique-equilibre.com\/me\/#website\"},\"primaryImageOfPage\":{\"@id\":\"https:\/\/musique-equilibre.com\/me\/index.php\/https-musique-equilibre-com-me-index-php-le-mecenat\/#primaryimage\"},\"image\":{\"@id\":\"https:\/\/musique-equilibre.com\/me\/index.php\/https-musique-equilibre-com-me-index-php-le-mecenat\/#primaryimage\"},\"thumbnailUrl\":\"https:\/\/musique-equilibre.com\/me\/wp-content\/uploads\/2025\/05\/Banniere-mecenat.jpg\",\"datePublished\":\"2020-11-25T15:51:09+00:00\",\"dateModified\":\"2025-10-22T12:54:54+00:00\",\"description\":\"Devenez m\u00e9c\u00e9ne de Musique et Equilibre ! Diff\u00e9rents types de m\u00e9c\u00e9nats existent : m\u00e9c\u00e9nat en nature, de comp\u00e9tence ou num\u00e9raire.\",\"breadcrumb\":{\"@id\":\"https:\/\/musique-equilibre.com\/me\/index.php\/https-musique-equilibre-com-me-index-php-le-mecenat\/#breadcrumb\"},\"inLanguage\":\"fr-FR\",\"potentialAction\":[{\"@type\":\"ReadAction\",\"target\":[\"https:\/\/musique-equilibre.com\/me\/index.php\/https-musique-equilibre-com-me-index-php-le-mecenat\/\"]}]},{\"@type\":\"ImageObject\",\"inLanguage\":\"fr-FR\",\"@id\":\"https:\/\/musique-equilibre.com\/me\/index.php\/https-musique-equilibre-com-me-index-php-le-mecenat\/#primaryimage\",\"url\":\"https:\/\/musique-equilibre.com\/me\/wp-content\/uploads\/2025\/05\/Banniere-mecenat.jpg\",\"contentUrl\":\"https:\/\/musique-equilibre.com\/me\/wp-content\/uploads\/2025\/05\/Banniere-mecenat.jpg\",\"width\":1366,\"height\":336,\"caption\":\"m\u00e9c\u00e9nat g\u00e9n\u00e9rosit\u00e9 d\u00e9duction fiscale don musique taxe d'apprentissage \u00e9cole de musique orl\u00e9ans loiret\"},{\"@type\":\"BreadcrumbList\",\"@id\":\"https:\/\/musique-equilibre.com\/me\/index.php\/https-musique-equilibre-com-me-index-php-le-mecenat\/#breadcrumb\",\"itemListElement\":[{\"@type\":\"ListItem\",\"position\":1,\"name\":\"Accueil\",\"item\":\"https:\/\/musique-equilibre.com\/me\/\"},{\"@type\":\"ListItem\",\"position\":2,\"name\":\"M\u00e9c\u00e9nat\"}]},{\"@type\":\"WebSite\",\"@id\":\"https:\/\/musique-equilibre.com\/me\/#website\",\"url\":\"https:\/\/musique-equilibre.com\/me\/\",\"name\":\"Musique et Equilibre\",\"description\":\"\",\"publisher\":{\"@id\":\"https:\/\/musique-equilibre.com\/me\/#organization\"},\"potentialAction\":[{\"@type\":\"SearchAction\",\"target\":{\"@type\":\"EntryPoint\",\"urlTemplate\":\"https:\/\/musique-equilibre.com\/me\/?s={search_term_string}\"},\"query-input\":{\"@type\":\"PropertyValueSpecification\",\"valueRequired\":true,\"valueName\":\"search_term_string\"}}],\"inLanguage\":\"fr-FR\"},{\"@type\":\"Organization\",\"@id\":\"https:\/\/musique-equilibre.com\/me\/#organization\",\"name\":\"Musique et Equilibre\",\"alternateName\":\"\u00c9cole de musique et salle de concert \u00e0 Orl\u00e9ans\",\"url\":\"https:\/\/musique-equilibre.com\/me\/\",\"logo\":{\"@type\":\"ImageObject\",\"inLanguage\":\"fr-FR\",\"@id\":\"https:\/\/musique-equilibre.com\/me\/#\/schema\/logo\/image\/\",\"url\":\"https:\/\/musique-equilibre.com\/me\/wp-content\/uploads\/2022\/11\/cropped-Logo_orange_texture-1.png\",\"contentUrl\":\"https:\/\/musique-equilibre.com\/me\/wp-content\/uploads\/2022\/11\/cropped-Logo_orange_texture-1.png\",\"width\":512,\"height\":512,\"caption\":\"Musique et Equilibre\"},\"image\":{\"@id\":\"https:\/\/musique-equilibre.com\/me\/#\/schema\/logo\/image\/\"},\"sameAs\":[\"https:\/\/www.facebook.com\/MusiqueetEquilibre45\",\"https:\/\/x.com\/Musiquequilibre\",\"https:\/\/www.instagram.com\/musique_et_equilibre_\/\",\"https:\/\/www.linkedin.com\/company\/musique-&amp;-equilibre\/\",\"https:\/\/www.youtube.com\/c\/MusiqueEquilibreOrleans\/\"]}]}<\/script>\n<!-- \/ Yoast SEO plugin. -->","yoast_head_json":{"title":"m\u00e9c\u00e9nat","description":"Devenez m\u00e9c\u00e9ne de Musique et Equilibre ! Diff\u00e9rents types de m\u00e9c\u00e9nats existent : m\u00e9c\u00e9nat en nature, de comp\u00e9tence ou num\u00e9raire.","robots":{"index":"index","follow":"follow","max-snippet":"max-snippet:-1","max-image-preview":"max-image-preview:large","max-video-preview":"max-video-preview:-1"},"canonical":"https:\/\/musique-equilibre.com\/me\/index.php\/https-musique-equilibre-com-me-index-php-le-mecenat\/","og_locale":"fr_FR","og_type":"article","og_title":"m\u00e9c\u00e9nat","og_description":"Devenez m\u00e9c\u00e9ne de Musique et Equilibre ! Diff\u00e9rents types de m\u00e9c\u00e9nats existent : m\u00e9c\u00e9nat en nature, de comp\u00e9tence ou num\u00e9raire.","og_url":"https:\/\/musique-equilibre.com\/me\/index.php\/https-musique-equilibre-com-me-index-php-le-mecenat\/","og_site_name":"Musique et Equilibre","article_publisher":"https:\/\/www.facebook.com\/MusiqueetEquilibre45","article_modified_time":"2025-10-22T12:54:54+00:00","og_image":[{"width":1366,"height":336,"url":"https:\/\/musique-equilibre.com\/me\/wp-content\/uploads\/2025\/05\/Banniere-mecenat.jpg","type":"image\/jpeg"}],"twitter_card":"summary_large_image","twitter_site":"@Musiquequilibre","twitter_misc":{"Dur\u00e9e de lecture estim\u00e9e":"4 minutes"},"schema":{"@context":"https:\/\/schema.org","@graph":[{"@type":"WebPage","@id":"https:\/\/musique-equilibre.com\/me\/index.php\/https-musique-equilibre-com-me-index-php-le-mecenat\/","url":"https:\/\/musique-equilibre.com\/me\/index.php\/https-musique-equilibre-com-me-index-php-le-mecenat\/","name":"m\u00e9c\u00e9nat","isPartOf":{"@id":"https:\/\/musique-equilibre.com\/me\/#website"},"primaryImageOfPage":{"@id":"https:\/\/musique-equilibre.com\/me\/index.php\/https-musique-equilibre-com-me-index-php-le-mecenat\/#primaryimage"},"image":{"@id":"https:\/\/musique-equilibre.com\/me\/index.php\/https-musique-equilibre-com-me-index-php-le-mecenat\/#primaryimage"},"thumbnailUrl":"https:\/\/musique-equilibre.com\/me\/wp-content\/uploads\/2025\/05\/Banniere-mecenat.jpg","datePublished":"2020-11-25T15:51:09+00:00","dateModified":"2025-10-22T12:54:54+00:00","description":"Devenez m\u00e9c\u00e9ne de Musique et Equilibre ! Diff\u00e9rents types de m\u00e9c\u00e9nats existent : m\u00e9c\u00e9nat en nature, de comp\u00e9tence ou num\u00e9raire.","breadcrumb":{"@id":"https:\/\/musique-equilibre.com\/me\/index.php\/https-musique-equilibre-com-me-index-php-le-mecenat\/#breadcrumb"},"inLanguage":"fr-FR","potentialAction":[{"@type":"ReadAction","target":["https:\/\/musique-equilibre.com\/me\/index.php\/https-musique-equilibre-com-me-index-php-le-mecenat\/"]}]},{"@type":"ImageObject","inLanguage":"fr-FR","@id":"https:\/\/musique-equilibre.com\/me\/index.php\/https-musique-equilibre-com-me-index-php-le-mecenat\/#primaryimage","url":"https:\/\/musique-equilibre.com\/me\/wp-content\/uploads\/2025\/05\/Banniere-mecenat.jpg","contentUrl":"https:\/\/musique-equilibre.com\/me\/wp-content\/uploads\/2025\/05\/Banniere-mecenat.jpg","width":1366,"height":336,"caption":"m\u00e9c\u00e9nat g\u00e9n\u00e9rosit\u00e9 d\u00e9duction fiscale don musique taxe d'apprentissage \u00e9cole de musique orl\u00e9ans loiret"},{"@type":"BreadcrumbList","@id":"https:\/\/musique-equilibre.com\/me\/index.php\/https-musique-equilibre-com-me-index-php-le-mecenat\/#breadcrumb","itemListElement":[{"@type":"ListItem","position":1,"name":"Accueil","item":"https:\/\/musique-equilibre.com\/me\/"},{"@type":"ListItem","position":2,"name":"M\u00e9c\u00e9nat"}]},{"@type":"WebSite","@id":"https:\/\/musique-equilibre.com\/me\/#website","url":"https:\/\/musique-equilibre.com\/me\/","name":"Musique et Equilibre","description":"","publisher":{"@id":"https:\/\/musique-equilibre.com\/me\/#organization"},"potentialAction":[{"@type":"SearchAction","target":{"@type":"EntryPoint","urlTemplate":"https:\/\/musique-equilibre.com\/me\/?s={search_term_string}"},"query-input":{"@type":"PropertyValueSpecification","valueRequired":true,"valueName":"search_term_string"}}],"inLanguage":"fr-FR"},{"@type":"Organization","@id":"https:\/\/musique-equilibre.com\/me\/#organization","name":"Musique et Equilibre","alternateName":"\u00c9cole de musique et salle de concert \u00e0 Orl\u00e9ans","url":"https:\/\/musique-equilibre.com\/me\/","logo":{"@type":"ImageObject","inLanguage":"fr-FR","@id":"https:\/\/musique-equilibre.com\/me\/#\/schema\/logo\/image\/","url":"https:\/\/musique-equilibre.com\/me\/wp-content\/uploads\/2022\/11\/cropped-Logo_orange_texture-1.png","contentUrl":"https:\/\/musique-equilibre.com\/me\/wp-content\/uploads\/2022\/11\/cropped-Logo_orange_texture-1.png","width":512,"height":512,"caption":"Musique et Equilibre"},"image":{"@id":"https:\/\/musique-equilibre.com\/me\/#\/schema\/logo\/image\/"},"sameAs":["https:\/\/www.facebook.com\/MusiqueetEquilibre45","https:\/\/x.com\/Musiquequilibre","https:\/\/www.instagram.com\/musique_et_equilibre_\/","https:\/\/www.linkedin.com\/company\/musique-&amp;-equilibre\/","https:\/\/www.youtube.com\/c\/MusiqueEquilibreOrleans\/"]}]}},"_links":{"self":[{"href":"https:\/\/musique-equilibre.com\/me\/index.php\/wp-json\/wp\/v2\/pages\/7049","targetHints":{"allow":["GET"]}}],"collection":[{"href":"https:\/\/musique-equilibre.com\/me\/index.php\/wp-json\/wp\/v2\/pages"}],"about":[{"href":"https:\/\/musique-equilibre.com\/me\/index.php\/wp-json\/wp\/v2\/types\/page"}],"author":[{"embeddable":true,"href":"https:\/\/musique-equilibre.com\/me\/index.php\/wp-json\/wp\/v2\/users\/1"}],"replies":[{"embeddable":true,"href":"https:\/\/musique-equilibre.com\/me\/index.php\/wp-json\/wp\/v2\/comments?post=7049"}],"version-history":[{"count":60,"href":"https:\/\/musique-equilibre.com\/me\/index.php\/wp-json\/wp\/v2\/pages\/7049\/revisions"}],"predecessor-version":[{"id":17979,"href":"https:\/\/musique-equilibre.com\/me\/index.php\/wp-json\/wp\/v2\/pages\/7049\/revisions\/17979"}],"wp:featuredmedia":[{"embeddable":true,"href":"https:\/\/musique-equilibre.com\/me\/index.php\/wp-json\/wp\/v2\/media\/16776"}],"wp:attachment":[{"href":"https:\/\/musique-equilibre.com\/me\/index.php\/wp-json\/wp\/v2\/media?parent=7049"}],"curies":[{"name":"wp","href":"https:\/\/api.w.org\/{rel}","templated":true}]}}