{"id":6974,"date":"2020-11-19T11:49:24","date_gmt":"2020-11-19T10:49:24","guid":{"rendered":"http:\/\/musique-equilibre.com\/me\/?page_id=6974"},"modified":"2025-01-28T18:26:29","modified_gmt":"2025-01-28T17:26:29","slug":"reservation","status":"publish","type":"page","link":"https:\/\/musique-equilibre.com\/me\/index.php\/reservation\/","title":{"rendered":"R\u00e9servation"},"content":{"rendered":"\n<p class=\"has-white-color has-text-color\">r\u00e9servation<\/p>\n\n\n\n<p class=\"has-text-align-center has-background\" style=\"background-color:#e25417\"><strong>Pour acc\u00e9der au planning des salles de cours, merci de cliquer<mark style=\"background-color:rgba(0, 0, 0, 0)\" class=\"has-inline-color has-black-color\">&nbsp;<\/mark><a href=\"https:\/\/musique-equilibre.com\/me\/grr\" target=\"_blank\" rel=\"noreferrer noopener\"><mark style=\"background-color:rgba(0, 0, 0, 0)\" class=\"has-inline-color has-black-color\">ICI<\/mark><\/a><\/strong><\/p>\n\n\n<p style=\"text-align: center;\"><span style=\"font-family: coves; color: #e25417;\"><em>La personne souhaitant r\u00e9server une salle de cours en dehors de ses heures de cours doit \u00eatre majeure. Dans le cas contraire, soit le mineur est accompagn\u00e9 d&rsquo;un responsable l\u00e9gal soit les repr\u00e9sentants l\u00e9gaux doivent obligatoirement signer une <a style=\"color: #e25417;\" href=\"https:\/\/musique-equilibre.com\/me\/wp-content\/uploads\/2023\/01\/Decharge-repet-locaux-MeE.pdf\" target=\"_blank\" rel=\"noreferrer noopener\">d\u00e9charge<\/a> \u00e0 remettre (\u00e0 l\u2019accueil, par mail ou par courrier) \u00e0 Musique et \u00c9quilibre<\/em> avant la 1ere r\u00e9servation.<\/span><\/p>\n<p style=\"text-align: center;\"><span style=\"font-family: coves;\"><strong>Merci de contacter Musique et \u00c9quilibre afin d&rsquo;obtenir les identifiants de connexion en cas de premi\u00e8re connexion.<\/strong><\/span><\/p>\n<p style=\"text-align: center;\"><span style=\"font-family: coves; color: #e25417;\"><strong data-rich-text-format-boundary=\"true\">Pour vous inscrire : mettre imp\u00e9rativement votre nom et pr\u00e9nom dans la case \u00ab\u00a0intervenant\u00a0\u00bb. Ainsi qu\u2019un num\u00e9ro de t\u00e9l\u00e9phone ou adresse mail dans la case \u00ab\u00a0description de l\u2019intervention\u00a0\u00bb.<\/strong><\/span><\/p>\n<p><span style=\"font-family: coves;\">En cas de doute sur la\u00a0<strong>disponibilit\u00e9 d\u2019une salle<\/strong>, merci de bien vouloir nous contacter au pr\u00e9alable au\u00a0<strong data-rich-text-format-boundary=\"true\">02.38.54.81.31 \/ accueil@musique-equilibre.com<\/strong><\/span><\/p>\n<p><span style=\"font-family: coves;\"><em data-rich-text-format-boundary=\"true\">Sauf exception, la salle p\u00e9dagogique n\u2019est pas disponible \u00e0 la r\u00e9servation.<br data-rich-text-line-break=\"true\" \/>Sauf exception, les r\u00e9servations de salle ne sont pas possibles \u00e0 l\u2019Argonaute.<br data-rich-text-line-break=\"true\" \/>Sauf exception, les r\u00e9servations de salle ne sont pas possibles au 108, le week-end.<\/em><\/span><\/p>","protected":false},"excerpt":{"rendered":"<p>r\u00e9servation Pour acc\u00e9der au planning des salles de cours, merci de cliquer&nbsp;ICI La personne souhaitant r\u00e9server une salle de cours en dehors de ses heures de cours doit \u00eatre majeure. Dans le cas contraire, soit le mineur est accompagn\u00e9 d&rsquo;un responsable l\u00e9gal soit les repr\u00e9sentants l\u00e9gaux doivent obligatoirement signer une d\u00e9charge \u00e0 remettre (\u00e0 l\u2019accueil, [&hellip;]<\/p>\n","protected":false},"author":1,"featured_media":0,"parent":0,"menu_order":0,"comment_status":"closed","ping_status":"closed","template":"","meta":{"footnotes":""},"class_list":["post-6974","page","type-page","status-publish","czr-hentry"],"yoast_head":"<!-- This site is optimized with the Yoast SEO plugin v26.8 - https:\/\/yoast.com\/product\/yoast-seo-wordpress\/ -->\n<title>R\u00e9servation - Musique et Equilibre<\/title>\n<meta name=\"description\" content=\"En tant qu&#039;adh\u00e9rent de Musique et \u00c9quilibre vous pouvez venir r\u00e9p\u00e9ter dans nos locaux aux 108 ! C&#039;est le moment de faire une r\u00e9servation !\" \/>\n<meta name=\"robots\" content=\"index, follow, max-snippet:-1, max-image-preview:large, max-video-preview:-1\" \/>\n<link rel=\"canonical\" href=\"https:\/\/musique-equilibre.com\/me\/index.php\/reservation\/\" \/>\n<meta property=\"og:locale\" content=\"fr_FR\" \/>\n<meta property=\"og:type\" content=\"article\" \/>\n<meta property=\"og:title\" content=\"R\u00e9servation - Musique et Equilibre\" \/>\n<meta property=\"og:description\" content=\"En tant qu&#039;adh\u00e9rent de Musique et \u00c9quilibre vous pouvez venir r\u00e9p\u00e9ter dans nos locaux aux 108 ! C&#039;est le moment de faire une r\u00e9servation !\" \/>\n<meta property=\"og:url\" content=\"https:\/\/musique-equilibre.com\/me\/index.php\/reservation\/\" \/>\n<meta property=\"og:site_name\" content=\"Musique et Equilibre\" \/>\n<meta property=\"article:publisher\" content=\"https:\/\/www.facebook.com\/MusiqueetEquilibre45\" \/>\n<meta property=\"article:modified_time\" content=\"2025-01-28T17:26:29+00:00\" \/>\n<meta name=\"twitter:card\" content=\"summary_large_image\" \/>\n<meta name=\"twitter:site\" content=\"@Musiquequilibre\" \/>\n<meta name=\"twitter:label1\" content=\"Dur\u00e9e de lecture estim\u00e9e\" \/>\n\t<meta name=\"twitter:data1\" content=\"1 minute\" \/>\n<script type=\"application\/ld+json\" class=\"yoast-schema-graph\">{\"@context\":\"https:\/\/schema.org\",\"@graph\":[{\"@type\":\"WebPage\",\"@id\":\"https:\/\/musique-equilibre.com\/me\/index.php\/reservation\/\",\"url\":\"https:\/\/musique-equilibre.com\/me\/index.php\/reservation\/\",\"name\":\"R\u00e9servation - Musique et Equilibre\",\"isPartOf\":{\"@id\":\"https:\/\/musique-equilibre.com\/me\/#website\"},\"datePublished\":\"2020-11-19T10:49:24+00:00\",\"dateModified\":\"2025-01-28T17:26:29+00:00\",\"description\":\"En tant qu'adh\u00e9rent de Musique et \u00c9quilibre vous pouvez venir r\u00e9p\u00e9ter dans nos locaux aux 108 ! C'est le moment de faire une r\u00e9servation !\",\"breadcrumb\":{\"@id\":\"https:\/\/musique-equilibre.com\/me\/index.php\/reservation\/#breadcrumb\"},\"inLanguage\":\"fr-FR\",\"potentialAction\":[{\"@type\":\"ReadAction\",\"target\":[\"https:\/\/musique-equilibre.com\/me\/index.php\/reservation\/\"]}]},{\"@type\":\"BreadcrumbList\",\"@id\":\"https:\/\/musique-equilibre.com\/me\/index.php\/reservation\/#breadcrumb\",\"itemListElement\":[{\"@type\":\"ListItem\",\"position\":1,\"name\":\"Accueil\",\"item\":\"https:\/\/musique-equilibre.com\/me\/\"},{\"@type\":\"ListItem\",\"position\":2,\"name\":\"R\u00e9servation\"}]},{\"@type\":\"WebSite\",\"@id\":\"https:\/\/musique-equilibre.com\/me\/#website\",\"url\":\"https:\/\/musique-equilibre.com\/me\/\",\"name\":\"Musique et Equilibre\",\"description\":\"\",\"publisher\":{\"@id\":\"https:\/\/musique-equilibre.com\/me\/#organization\"},\"potentialAction\":[{\"@type\":\"SearchAction\",\"target\":{\"@type\":\"EntryPoint\",\"urlTemplate\":\"https:\/\/musique-equilibre.com\/me\/?s={search_term_string}\"},\"query-input\":{\"@type\":\"PropertyValueSpecification\",\"valueRequired\":true,\"valueName\":\"search_term_string\"}}],\"inLanguage\":\"fr-FR\"},{\"@type\":\"Organization\",\"@id\":\"https:\/\/musique-equilibre.com\/me\/#organization\",\"name\":\"Musique et Equilibre\",\"alternateName\":\"\u00c9cole de musique et salle de concert \u00e0 Orl\u00e9ans\",\"url\":\"https:\/\/musique-equilibre.com\/me\/\",\"logo\":{\"@type\":\"ImageObject\",\"inLanguage\":\"fr-FR\",\"@id\":\"https:\/\/musique-equilibre.com\/me\/#\/schema\/logo\/image\/\",\"url\":\"https:\/\/musique-equilibre.com\/me\/wp-content\/uploads\/2022\/11\/cropped-Logo_orange_texture-1.png\",\"contentUrl\":\"https:\/\/musique-equilibre.com\/me\/wp-content\/uploads\/2022\/11\/cropped-Logo_orange_texture-1.png\",\"width\":512,\"height\":512,\"caption\":\"Musique et Equilibre\"},\"image\":{\"@id\":\"https:\/\/musique-equilibre.com\/me\/#\/schema\/logo\/image\/\"},\"sameAs\":[\"https:\/\/www.facebook.com\/MusiqueetEquilibre45\",\"https:\/\/x.com\/Musiquequilibre\",\"https:\/\/www.instagram.com\/musique_et_equilibre_\/\",\"https:\/\/www.linkedin.com\/company\/musique-&amp;-equilibre\/\",\"https:\/\/www.youtube.com\/c\/MusiqueEquilibreOrleans\/\"]}]}<\/script>\n<!-- \/ Yoast SEO plugin. -->","yoast_head_json":{"title":"R\u00e9servation - Musique et Equilibre","description":"En tant qu'adh\u00e9rent de Musique et \u00c9quilibre vous pouvez venir r\u00e9p\u00e9ter dans nos locaux aux 108 ! C'est le moment de faire une r\u00e9servation !","robots":{"index":"index","follow":"follow","max-snippet":"max-snippet:-1","max-image-preview":"max-image-preview:large","max-video-preview":"max-video-preview:-1"},"canonical":"https:\/\/musique-equilibre.com\/me\/index.php\/reservation\/","og_locale":"fr_FR","og_type":"article","og_title":"R\u00e9servation - Musique et Equilibre","og_description":"En tant qu'adh\u00e9rent de Musique et \u00c9quilibre vous pouvez venir r\u00e9p\u00e9ter dans nos locaux aux 108 ! C'est le moment de faire une r\u00e9servation !","og_url":"https:\/\/musique-equilibre.com\/me\/index.php\/reservation\/","og_site_name":"Musique et Equilibre","article_publisher":"https:\/\/www.facebook.com\/MusiqueetEquilibre45","article_modified_time":"2025-01-28T17:26:29+00:00","twitter_card":"summary_large_image","twitter_site":"@Musiquequilibre","twitter_misc":{"Dur\u00e9e de lecture estim\u00e9e":"1 minute"},"schema":{"@context":"https:\/\/schema.org","@graph":[{"@type":"WebPage","@id":"https:\/\/musique-equilibre.com\/me\/index.php\/reservation\/","url":"https:\/\/musique-equilibre.com\/me\/index.php\/reservation\/","name":"R\u00e9servation - Musique et Equilibre","isPartOf":{"@id":"https:\/\/musique-equilibre.com\/me\/#website"},"datePublished":"2020-11-19T10:49:24+00:00","dateModified":"2025-01-28T17:26:29+00:00","description":"En tant qu'adh\u00e9rent de Musique et \u00c9quilibre vous pouvez venir r\u00e9p\u00e9ter dans nos locaux aux 108 ! C'est le moment de faire une r\u00e9servation !","breadcrumb":{"@id":"https:\/\/musique-equilibre.com\/me\/index.php\/reservation\/#breadcrumb"},"inLanguage":"fr-FR","potentialAction":[{"@type":"ReadAction","target":["https:\/\/musique-equilibre.com\/me\/index.php\/reservation\/"]}]},{"@type":"BreadcrumbList","@id":"https:\/\/musique-equilibre.com\/me\/index.php\/reservation\/#breadcrumb","itemListElement":[{"@type":"ListItem","position":1,"name":"Accueil","item":"https:\/\/musique-equilibre.com\/me\/"},{"@type":"ListItem","position":2,"name":"R\u00e9servation"}]},{"@type":"WebSite","@id":"https:\/\/musique-equilibre.com\/me\/#website","url":"https:\/\/musique-equilibre.com\/me\/","name":"Musique et Equilibre","description":"","publisher":{"@id":"https:\/\/musique-equilibre.com\/me\/#organization"},"potentialAction":[{"@type":"SearchAction","target":{"@type":"EntryPoint","urlTemplate":"https:\/\/musique-equilibre.com\/me\/?s={search_term_string}"},"query-input":{"@type":"PropertyValueSpecification","valueRequired":true,"valueName":"search_term_string"}}],"inLanguage":"fr-FR"},{"@type":"Organization","@id":"https:\/\/musique-equilibre.com\/me\/#organization","name":"Musique et Equilibre","alternateName":"\u00c9cole de musique et salle de concert \u00e0 Orl\u00e9ans","url":"https:\/\/musique-equilibre.com\/me\/","logo":{"@type":"ImageObject","inLanguage":"fr-FR","@id":"https:\/\/musique-equilibre.com\/me\/#\/schema\/logo\/image\/","url":"https:\/\/musique-equilibre.com\/me\/wp-content\/uploads\/2022\/11\/cropped-Logo_orange_texture-1.png","contentUrl":"https:\/\/musique-equilibre.com\/me\/wp-content\/uploads\/2022\/11\/cropped-Logo_orange_texture-1.png","width":512,"height":512,"caption":"Musique et Equilibre"},"image":{"@id":"https:\/\/musique-equilibre.com\/me\/#\/schema\/logo\/image\/"},"sameAs":["https:\/\/www.facebook.com\/MusiqueetEquilibre45","https:\/\/x.com\/Musiquequilibre","https:\/\/www.instagram.com\/musique_et_equilibre_\/","https:\/\/www.linkedin.com\/company\/musique-&amp;-equilibre\/","https:\/\/www.youtube.com\/c\/MusiqueEquilibreOrleans\/"]}]}},"_links":{"self":[{"href":"https:\/\/musique-equilibre.com\/me\/index.php\/wp-json\/wp\/v2\/pages\/6974","targetHints":{"allow":["GET"]}}],"collection":[{"href":"https:\/\/musique-equilibre.com\/me\/index.php\/wp-json\/wp\/v2\/pages"}],"about":[{"href":"https:\/\/musique-equilibre.com\/me\/index.php\/wp-json\/wp\/v2\/types\/page"}],"author":[{"embeddable":true,"href":"https:\/\/musique-equilibre.com\/me\/index.php\/wp-json\/wp\/v2\/users\/1"}],"replies":[{"embeddable":true,"href":"https:\/\/musique-equilibre.com\/me\/index.php\/wp-json\/wp\/v2\/comments?post=6974"}],"version-history":[{"count":21,"href":"https:\/\/musique-equilibre.com\/me\/index.php\/wp-json\/wp\/v2\/pages\/6974\/revisions"}],"predecessor-version":[{"id":15994,"href":"https:\/\/musique-equilibre.com\/me\/index.php\/wp-json\/wp\/v2\/pages\/6974\/revisions\/15994"}],"wp:attachment":[{"href":"https:\/\/musique-equilibre.com\/me\/index.php\/wp-json\/wp\/v2\/media?parent=6974"}],"curies":[{"name":"wp","href":"https:\/\/api.w.org\/{rel}","templated":true}]}}