{"id":6900,"date":"2020-11-13T12:54:56","date_gmt":"2020-11-13T11:54:56","guid":{"rendered":"http:\/\/musique-equilibre.com\/me\/?page_id=6900"},"modified":"2023-01-06T16:57:09","modified_gmt":"2023-01-06T15:57:09","slug":"ressources","status":"publish","type":"page","link":"https:\/\/musique-equilibre.com\/me\/index.php\/ressources\/","title":{"rendered":"<span style=\"font-family: coves;\"><span style=\"text-align: center; color: #f15d20;\">Ressources"},"content":{"rendered":"\n<p><\/p>\n\n\n\n<p><a href=\"https:\/\/drive.google.com\/drive\/folders\/1a06LQ71gWOh5hu30cxvNb_4WsLWEBruU\" target=\"_blank\" rel=\"noreferrer noopener\">Acc\u00e8s Drive<\/a><\/p>\n\n\n\n<p><a href=\"https:\/\/musique-equilibre.com\/me\/wp-content\/uploads\/2023\/01\/REGLEMENT-INTERIEUR-STAGIAIRES-maj03.02.21.pdf\" target=\"_blank\" rel=\"noreferrer noopener\">R\u00e8glement int\u00e9rieur<\/a><\/p>\n\n\n\n<p><a rel=\"noreferrer noopener\" href=\"https:\/\/www.youtube.com\/channel\/UCAncxUKB-0HKADI2KMFI05Q\" target=\"_blank\">Cha\u00eene Youtube<\/a><br><br><a href=\"https:\/\/musique-equilibre.com\/me\/wp-content\/uploads\/2023\/01\/livret-accueil-ME.pdf\" target=\"_blank\" rel=\"noreferrer noopener\">Livret d\u2019accueil<\/a><\/p>\n","protected":false},"excerpt":{"rendered":"<p>Acc\u00e8s Drive R\u00e8glement int\u00e9rieur Cha\u00eene Youtube Livret d\u2019accueil<\/p>\n","protected":false},"author":1,"featured_media":0,"parent":0,"menu_order":0,"comment_status":"closed","ping_status":"closed","template":"","meta":{"footnotes":""},"class_list":["post-6900","page","type-page","status-publish","czr-hentry"],"yoast_head":"<!-- This site is optimized with the Yoast SEO plugin v26.8 - https:\/\/yoast.com\/product\/yoast-seo-wordpress\/ -->\n<title>Ressources - Musique et Equilibre<\/title>\n<meta name=\"robots\" content=\"index, follow, max-snippet:-1, max-image-preview:large, max-video-preview:-1\" \/>\n<link rel=\"canonical\" href=\"https:\/\/musique-equilibre.com\/me\/index.php\/ressources\/\" \/>\n<meta property=\"og:locale\" content=\"fr_FR\" \/>\n<meta property=\"og:type\" content=\"article\" \/>\n<meta property=\"og:title\" content=\"Ressources - Musique et Equilibre\" \/>\n<meta property=\"og:description\" content=\"Acc\u00e8s Drive R\u00e8glement int\u00e9rieur Cha\u00eene Youtube Livret d\u2019accueil\" \/>\n<meta property=\"og:url\" content=\"https:\/\/musique-equilibre.com\/me\/index.php\/ressources\/\" \/>\n<meta property=\"og:site_name\" content=\"Musique et Equilibre\" \/>\n<meta property=\"article:publisher\" content=\"https:\/\/www.facebook.com\/MusiqueetEquilibre45\" \/>\n<meta property=\"article:modified_time\" content=\"2023-01-06T15:57:09+00:00\" \/>\n<meta name=\"twitter:card\" content=\"summary_large_image\" \/>\n<meta name=\"twitter:site\" content=\"@Musiquequilibre\" \/>\n<script type=\"application\/ld+json\" class=\"yoast-schema-graph\">{\"@context\":\"https:\/\/schema.org\",\"@graph\":[{\"@type\":\"WebPage\",\"@id\":\"https:\/\/musique-equilibre.com\/me\/index.php\/ressources\/\",\"url\":\"https:\/\/musique-equilibre.com\/me\/index.php\/ressources\/\",\"name\":\"Ressources - Musique et Equilibre\",\"isPartOf\":{\"@id\":\"https:\/\/musique-equilibre.com\/me\/#website\"},\"datePublished\":\"2020-11-13T11:54:56+00:00\",\"dateModified\":\"2023-01-06T15:57:09+00:00\",\"breadcrumb\":{\"@id\":\"https:\/\/musique-equilibre.com\/me\/index.php\/ressources\/#breadcrumb\"},\"inLanguage\":\"fr-FR\",\"potentialAction\":[{\"@type\":\"ReadAction\",\"target\":[\"https:\/\/musique-equilibre.com\/me\/index.php\/ressources\/\"]}]},{\"@type\":\"BreadcrumbList\",\"@id\":\"https:\/\/musique-equilibre.com\/me\/index.php\/ressources\/#breadcrumb\",\"itemListElement\":[{\"@type\":\"ListItem\",\"position\":1,\"name\":\"Accueil\",\"item\":\"https:\/\/musique-equilibre.com\/me\/\"},{\"@type\":\"ListItem\",\"position\":2,\"name\":\"Ressources\"}]},{\"@type\":\"WebSite\",\"@id\":\"https:\/\/musique-equilibre.com\/me\/#website\",\"url\":\"https:\/\/musique-equilibre.com\/me\/\",\"name\":\"Musique et Equilibre\",\"description\":\"\",\"publisher\":{\"@id\":\"https:\/\/musique-equilibre.com\/me\/#organization\"},\"potentialAction\":[{\"@type\":\"SearchAction\",\"target\":{\"@type\":\"EntryPoint\",\"urlTemplate\":\"https:\/\/musique-equilibre.com\/me\/?s={search_term_string}\"},\"query-input\":{\"@type\":\"PropertyValueSpecification\",\"valueRequired\":true,\"valueName\":\"search_term_string\"}}],\"inLanguage\":\"fr-FR\"},{\"@type\":\"Organization\",\"@id\":\"https:\/\/musique-equilibre.com\/me\/#organization\",\"name\":\"Musique et Equilibre\",\"alternateName\":\"\u00c9cole de musique et salle de concert \u00e0 Orl\u00e9ans\",\"url\":\"https:\/\/musique-equilibre.com\/me\/\",\"logo\":{\"@type\":\"ImageObject\",\"inLanguage\":\"fr-FR\",\"@id\":\"https:\/\/musique-equilibre.com\/me\/#\/schema\/logo\/image\/\",\"url\":\"https:\/\/musique-equilibre.com\/me\/wp-content\/uploads\/2022\/11\/cropped-Logo_orange_texture-1.png\",\"contentUrl\":\"https:\/\/musique-equilibre.com\/me\/wp-content\/uploads\/2022\/11\/cropped-Logo_orange_texture-1.png\",\"width\":512,\"height\":512,\"caption\":\"Musique et Equilibre\"},\"image\":{\"@id\":\"https:\/\/musique-equilibre.com\/me\/#\/schema\/logo\/image\/\"},\"sameAs\":[\"https:\/\/www.facebook.com\/MusiqueetEquilibre45\",\"https:\/\/x.com\/Musiquequilibre\",\"https:\/\/www.instagram.com\/musique_et_equilibre_\/\",\"https:\/\/www.linkedin.com\/company\/musique-&amp;-equilibre\/\",\"https:\/\/www.youtube.com\/c\/MusiqueEquilibreOrleans\/\"]}]}<\/script>\n<!-- \/ Yoast SEO plugin. -->","yoast_head_json":{"title":"Ressources - Musique et Equilibre","robots":{"index":"index","follow":"follow","max-snippet":"max-snippet:-1","max-image-preview":"max-image-preview:large","max-video-preview":"max-video-preview:-1"},"canonical":"https:\/\/musique-equilibre.com\/me\/index.php\/ressources\/","og_locale":"fr_FR","og_type":"article","og_title":"Ressources - Musique et Equilibre","og_description":"Acc\u00e8s Drive R\u00e8glement int\u00e9rieur Cha\u00eene Youtube Livret d\u2019accueil","og_url":"https:\/\/musique-equilibre.com\/me\/index.php\/ressources\/","og_site_name":"Musique et Equilibre","article_publisher":"https:\/\/www.facebook.com\/MusiqueetEquilibre45","article_modified_time":"2023-01-06T15:57:09+00:00","twitter_card":"summary_large_image","twitter_site":"@Musiquequilibre","schema":{"@context":"https:\/\/schema.org","@graph":[{"@type":"WebPage","@id":"https:\/\/musique-equilibre.com\/me\/index.php\/ressources\/","url":"https:\/\/musique-equilibre.com\/me\/index.php\/ressources\/","name":"Ressources - Musique et Equilibre","isPartOf":{"@id":"https:\/\/musique-equilibre.com\/me\/#website"},"datePublished":"2020-11-13T11:54:56+00:00","dateModified":"2023-01-06T15:57:09+00:00","breadcrumb":{"@id":"https:\/\/musique-equilibre.com\/me\/index.php\/ressources\/#breadcrumb"},"inLanguage":"fr-FR","potentialAction":[{"@type":"ReadAction","target":["https:\/\/musique-equilibre.com\/me\/index.php\/ressources\/"]}]},{"@type":"BreadcrumbList","@id":"https:\/\/musique-equilibre.com\/me\/index.php\/ressources\/#breadcrumb","itemListElement":[{"@type":"ListItem","position":1,"name":"Accueil","item":"https:\/\/musique-equilibre.com\/me\/"},{"@type":"ListItem","position":2,"name":"Ressources"}]},{"@type":"WebSite","@id":"https:\/\/musique-equilibre.com\/me\/#website","url":"https:\/\/musique-equilibre.com\/me\/","name":"Musique et Equilibre","description":"","publisher":{"@id":"https:\/\/musique-equilibre.com\/me\/#organization"},"potentialAction":[{"@type":"SearchAction","target":{"@type":"EntryPoint","urlTemplate":"https:\/\/musique-equilibre.com\/me\/?s={search_term_string}"},"query-input":{"@type":"PropertyValueSpecification","valueRequired":true,"valueName":"search_term_string"}}],"inLanguage":"fr-FR"},{"@type":"Organization","@id":"https:\/\/musique-equilibre.com\/me\/#organization","name":"Musique et Equilibre","alternateName":"\u00c9cole de musique et salle de concert \u00e0 Orl\u00e9ans","url":"https:\/\/musique-equilibre.com\/me\/","logo":{"@type":"ImageObject","inLanguage":"fr-FR","@id":"https:\/\/musique-equilibre.com\/me\/#\/schema\/logo\/image\/","url":"https:\/\/musique-equilibre.com\/me\/wp-content\/uploads\/2022\/11\/cropped-Logo_orange_texture-1.png","contentUrl":"https:\/\/musique-equilibre.com\/me\/wp-content\/uploads\/2022\/11\/cropped-Logo_orange_texture-1.png","width":512,"height":512,"caption":"Musique et Equilibre"},"image":{"@id":"https:\/\/musique-equilibre.com\/me\/#\/schema\/logo\/image\/"},"sameAs":["https:\/\/www.facebook.com\/MusiqueetEquilibre45","https:\/\/x.com\/Musiquequilibre","https:\/\/www.instagram.com\/musique_et_equilibre_\/","https:\/\/www.linkedin.com\/company\/musique-&amp;-equilibre\/","https:\/\/www.youtube.com\/c\/MusiqueEquilibreOrleans\/"]}]}},"_links":{"self":[{"href":"https:\/\/musique-equilibre.com\/me\/index.php\/wp-json\/wp\/v2\/pages\/6900","targetHints":{"allow":["GET"]}}],"collection":[{"href":"https:\/\/musique-equilibre.com\/me\/index.php\/wp-json\/wp\/v2\/pages"}],"about":[{"href":"https:\/\/musique-equilibre.com\/me\/index.php\/wp-json\/wp\/v2\/types\/page"}],"author":[{"embeddable":true,"href":"https:\/\/musique-equilibre.com\/me\/index.php\/wp-json\/wp\/v2\/users\/1"}],"replies":[{"embeddable":true,"href":"https:\/\/musique-equilibre.com\/me\/index.php\/wp-json\/wp\/v2\/comments?post=6900"}],"version-history":[{"count":6,"href":"https:\/\/musique-equilibre.com\/me\/index.php\/wp-json\/wp\/v2\/pages\/6900\/revisions"}],"predecessor-version":[{"id":11087,"href":"https:\/\/musique-equilibre.com\/me\/index.php\/wp-json\/wp\/v2\/pages\/6900\/revisions\/11087"}],"wp:attachment":[{"href":"https:\/\/musique-equilibre.com\/me\/index.php\/wp-json\/wp\/v2\/media?parent=6900"}],"curies":[{"name":"wp","href":"https:\/\/api.w.org\/{rel}","templated":true}]}}