{"id":6889,"date":"2020-11-12T16:29:59","date_gmt":"2020-11-12T15:29:59","guid":{"rendered":"http:\/\/musique-equilibre.com\/me\/?page_id=6889"},"modified":"2022-10-04T18:06:54","modified_gmt":"2022-10-04T16:06:54","slug":"financement","status":"publish","type":"page","link":"https:\/\/musique-equilibre.com\/me\/index.php\/financement\/","title":{"rendered":"<span style=\"font-family: coves;\"><span style=\"text-align: center; color: #f15d20;\">Financement"},"content":{"rendered":"\n<h2 class=\"has-text-align-center has-text-color wp-block-heading\" style=\"color:#f15d20\">SOLUTIONS DE FINANCEMENT<\/h2>\n\n\n\n<div class=\"wp-block-themeisle-blocks-advanced-columns has-1-columns has-desktop-equal-layout has-tablet-equal-layout has-mobile-equal-layout has-default-gap has-vertical-unset\" id=\"wp-block-themeisle-blocks-advanced-columns-8a91b8b7\"><div class=\"wp-block-themeisle-blocks-advanced-columns-overlay\"><\/div><div class=\"innerblocks-wrap\">\n<div class=\"wp-block-themeisle-blocks-advanced-column\" id=\"wp-block-themeisle-blocks-advanced-column-6dcd451e\">\n<center><p style=\"background-color:#f15d20\" class=\"has-background\"><span style=\"font-family: nexa rust sans;\">PLAN DE D\u00c9VEOPPEMENT DES COMP\u00c9TENCES A L\u2019INITIATIVE DU ou DE LA SALARI\u00c9 OU DE L\u2019ENTREPRISE\n\n\n\n<p class=\"has-text-align-left\"><span style=\"font-family: coves;\">Ce plan permet aux salari\u00e9-e-s de <strong>suivre des actions de formation<\/strong> \u00e0 l\u2019initiative de leur employeur-euse, par opposition aux formations qu\u2019ils-elles peuvent suivre de leur propre initiative gr\u00e2ce \u00e0 leur compte personnel de formation, ou \u00e0 leur initiative avec accord de l\u2019employeur-euse.<\/p>\n\n\n\n<center><p style=\"background-color:#f15d20\" class=\"has-background\"><span style=\"font-family: nexa rust sans;\">DEMANDEUR D\u2019EMPLOI<\/strong><\/p>\n\n\n\n<p class=\"has-text-align-left\"><span style=\"font-family: coves;\">Pour qu\u2019une formation soit <strong>\u00e9ligible<\/strong> au <strong>Compte personnel de formation<\/strong> (CPF) de demandeur-euse-s d\u2019emploi, une alternative aux formations certifiantes cit\u00e9es ci-dessus, est qu\u2019elle soit s\u00e9lectionn\u00e9e dans les<strong> appels d\u2019offres<\/strong> des r\u00e9gions, de <strong>P\u00f4le emploi<\/strong> ou de l\u2019<strong>Agefiph<\/strong> (pour les personnes handicap\u00e9es) pour des formations concourantes \u00e0 l\u2019acc\u00e8s \u00e0 la qualification des personnes \u00e0 la recherche d\u2019un emploi [Article L.6323-6 I. et II].<\/p>\n\n\n\n<center><p style=\"background-color:#f15d20\" class=\"has-background\"><span style=\"font-family: nexa rust sans;\">ARTISTE AUTEUR.RICE ET OU COMPOSITEUR.RICE<\/strong><\/p>\n\n\n\n<p class=\"has-text-align-left\"><span style=\"font-family: coves;\">Le <strong>droit \u00e0 la formation professionnelle<\/strong> des artistes auteur-rice-s (parolier-\u00e8res-s, compositeur-rice-s, r\u00e9alisateur-rice-s, plasticien-ne-s, auteur-rice-s, chor\u00e9graphes, sc\u00e9naristes, &#8230;) est g\u00e9r\u00e9 par l\u2019<strong>Afdas<\/strong>.<br><br> Tous les auteur-rice-s affili\u00e9-e-s \u00e0 l&rsquo;<strong>Agessa<\/strong> ou ayant cumul\u00e9 au moins <strong>9000 euros de droits d\u2019auteur<\/strong> au cours des trois derni\u00e8res ann\u00e9es peuvent b\u00e9n\u00e9ficier d\u2019une prise en charge du co\u00fbt de leur formation. <br><br> Si vous \u00eates affili\u00e9 \u00e0 une <strong>soci\u00e9t\u00e9 civile de perception et de r\u00e9partition des droits<\/strong> (SACEM, ADAMI, SPEDIDAM, etc.), des financements sont possibles.<br>Renseignements disponibles aupr\u00e8s de chaque soci\u00e9t\u00e9 de perception et de r\u00e9partition des droits. <\/p>\n\n\n\n<center><p style=\"background-color:#f15d20\" class=\"has-background\"><span style=\"font-family: nexa rust sans;\">SALARIES ET INTERMITTENTS<\/strong><\/p>\n\n\n\n<p class=\"has-text-align-left\"><span style=\"font-family: coves;\">\u00a0Le <strong>plan de d\u00e9veloppement des comp\u00e9tences des intermittent-e-s<\/strong> du spectacle de l\u2019<strong>AFDAS<\/strong> permet de financer, sous conditions, des <strong>actions d\u2019adaptations<\/strong>, de <strong>d\u00e9veloppement<\/strong> des connaissances, ou de <strong>perfectionnement<\/strong>.<br><br>Pour b\u00e9n\u00e9ficier d\u2019un financement dans le cadre du <strong>plan de d\u00e9veloppement des comp\u00e9tences<\/strong>, vous devez justifier d\u2019une anciennet\u00e9 professionnelle de deux ans, et d\u2019un volume d\u2019activit\u00e9 (nombre de jours ou cachets) minimum sur les deux derni\u00e8res ann\u00e9es\u00a0:<\/p>\n\n\n\n<ul><li><span style=\"font-family: coves;\"><strong>Artistes interpr\u00e8tes, musiciens\u00a0: 48<\/strong><\/li><li><span style=\"font-family: coves;\"><strong>Techniciens du spectacle vivant, metteurs en sc\u00e8ne et r\u00e9alisateurs\u00a0: 88<\/strong><\/li><li><span style=\"font-family: coves;\"><strong>Techniciens du cin\u00e9ma et de l\u2019audiovisuel\u00a0: 130<\/strong><\/li><\/ul>\n\n\n\n<p class=\"has-text-align-left\"><span style=\"font-family: coves;\"><strong>AUDIENS<\/strong> (Caisse de retraite, de pr\u00e9voyance et d\u2019action sociale des artistes\/techniciens-ne-s) peut contribuer au financement de la formation pour les intermittents inscrits comme demandeur d\u2019emploi cotisants de l\u2019Alliance Professionnelle Retraite Arrco et\/ou Agirc \u2013 Section Culture et Communication.<br><br> <em>Audiens.org- T\u00e9l\u00a0: 0\u00a0811\u00a0655\u00a0050 ou 0 173 173 712 <\/em><\/p>\n\n\n\n<center><p style=\"background-color:#f15d20\" class=\"has-background\"><span style=\"font-family: nexa rust sans;\">SALARI\u00c9S DES AUTRES SECTEURS<\/strong><\/p>\n\n\n\n<p class=\"has-text-align-left\"><span style=\"font-family: coves;\">Le <strong>Compte personnel de formation<\/strong> (CPF) permet \u00e0 toute personne active, d\u00e8s son entr\u00e9e sur le march\u00e9 du travail et jusqu\u2019\u00e0 la date \u00e0 laquelle elle fait valoir l\u2019ensemble de ses droits \u00e0 la retraite, d\u2019acqu\u00e9rir des <strong>droits \u00e0 la formation <\/strong>mobilisables tout au long de sa vie professionnelle.<br><br> Les formations accessibles sont les actions de formations sanctionn\u00e9es par\u00a0: <\/p>\n\n\n\n<ul><li><span style=\"font-family: coves;\"><strong>Les certifications professionnelles enregistr\u00e9es au R\u00e9pertoire National des Certifications Professionnelles (RNCP).<\/strong><\/li><li><span style=\"font-family: coves;\"><strong>Les attestations de validation de blocs de comp\u00e9tences.<\/strong><\/li><li><span style=\"font-family: coves;\"><strong>Les certificats et habilitations enregistr\u00e9es au r\u00e9pertoire sp\u00e9cifique (dont cl\u00e9a) ou enregistr\u00e9es \u00e0 la CNCP avant le 1<sup>er<\/sup> janvier 2018.<\/strong><\/li><li><span style=\"font-family: coves;\"><strong>Les actions de validation des acquis de l\u2019exp\u00e9rience (VAE).<\/strong><\/li><li><span style=\"font-family: coves;\"><strong>Les bilans de comp\u00e9tences.<\/strong><\/li><li><span style=\"font-family: coves;\"><strong>Les actions de formation, accompagnement, conseil, dispens\u00e9s aux createur-rice-s\/repreneur-euse-s d\u2019entreprises.<\/strong><\/li><li><span style=\"font-family: coves;\"><strong>Les actions de formations destin\u00e9es \u00e0 permettre aux b\u00e9n\u00e9voles, volontaires en service civique, pompiers d\u2019acqu\u00e9rir les comp\u00e9tences n\u00e9cessaires \u00e0 l\u2019exercice de leurs missions (seuls les droits acquis au titre du compte d\u2019engagement citoyen peuvent financer ces actions).<\/strong><\/li><\/ul>\n\n\n\n<p class=\"has-text-align-left\"><em><span style=\"font-family: coves;\">A noter\u00a0: les certificats de qualification professionnelle (CQP) ne sont plus \u00e9ligibles au Compte personnel de formation (CPF), lorsqu\u2019ils ne sont pas par ailleurs inscrits au RNCP.<\/em><\/p>\n\n\n\n<center><p style=\"background-color:#f15d20\" class=\"has-background\"><span style=\"font-family: nexa rust sans;\">TRAVAILLEUR.EUSE.s IND\u00c9PENDANT.E.S<\/strong><\/p>\n\n\n\n<p class=\"has-text-align-left\"><span style=\"font-family: coves;\">Pour les travailleur-euse-s ind\u00e9pendant-e-s, membres des professions lib\u00e9rales et des professions non-salari\u00e9es, leurs conjoints-e-s collaborateur-rice-s et les artistes auteur-e-s, les droits du <strong>Compte personnel de formation<\/strong> (CPF) seront aliment\u00e9s une premi\u00e8re fois en 2020, au titre des activit\u00e9s professionnelles accomplies en 2018 et en 2019.<\/p>\n\n\n\n<center><p style=\"background-color:#f15d20\" class=\"has-background\"><span style=\"font-family: nexa rust sans;\">AGENT.E.S PUBLIC.QUE.S ET AGENT.E.S CONSULAIRES<\/strong><\/p>\n\n\n\n<p class=\"has-text-align-left\"><span style=\"font-family: coves;\">Consultez le site de la<strong> Direction g\u00e9n\u00e9rale de l\u2019administration et de la fonction publique<\/strong> (DGAFP).<\/p>\n\n\n\n<center><p style=\"background-color:#f15d20\" class=\"has-background\"><span style=\"font-family: nexa rust sans;\">PROJET DE TRANSITION PROFESSIONNELLE PTP OU CPF DE TRANSITION PROFESSIONNELLE <\/strong><\/p>\n\n\n\n<p class=\"has-text-align-left\"><span style=\"font-family: coves;\">Le <strong>projet de transition professionnelle<\/strong> est une modalit\u00e9 particuli\u00e8re de mobilisation du compte personnel de formation permettant aux salari\u00e9-e-s souhaitant <strong>changer de m\u00e9tier<\/strong> ou de <strong>profession<\/strong> de financer des <strong>formations certifiantes<\/strong> en lien avec leur projet.<br><br> Le projet de transition professionnelle peut \u00eatre utilis\u00e9 pour financer des formations certifiantes, \u00e9ligibles au compte personnel de formation (cf. ci-dessus). <\/p>\n\n\n\n<center><p style=\"background-color:#f15d20\" class=\"has-background\"><span style=\"font-family: nexa rust sans;\">CONSEIL EN \u00c9VOLUTION PROFESSIONNELLE CEP<\/strong><\/p>\n\n\n\n<p class=\"has-text-align-left\"><span style=\"font-family: coves;\">Le <strong>CEP<\/strong> est un service d&rsquo;<strong>accompagnement personnalis\u00e9<\/strong> et <strong>gratuit<\/strong>.<br><br>Il est accessible \u00e0 toute personne active, en emploi ou sans emploi. <br><br>Cinq op\u00e9rateurs se chargent du conseil en \u00e9volution professionnelle pour vous <strong>accompagner<\/strong> et <strong>monter votre projet de formation<\/strong>.<br>Vous pouvez prendre rendez-vous pour un entretien gratuit et confidentiel aupr\u00e8s de\u00a0:  <\/p>\n\n\n\n<ul><li><span style=\"font-family: coves;\"><strong><a href=\"https:\/\/www.afdas.com\/\">Afdas<\/a> (professionnel-e-s, en activit\u00e9 ou non, des secteurs de la culture, des m\u00e9dias, des sports, des loisirs)<\/strong><\/span><\/li><li><span style=\"font-family: coves;\"><strong><a href=\"https:\/\/www.pole-emploi.fr\/accueil\/\">P\u00f4le Emploi<\/a><\/strong><\/span><\/li><li><span style=\"font-family: coves;\"><strong><a href=\"https:\/\/www.capemploi.info\/\">Cap emploi<\/a> (pour les professionnel-le-s en situation de handicap)<\/strong><\/span><\/li><li><span style=\"font-family: coves;\"><strong><a href=\"https:\/\/www.apec.fr\/\">Apec<\/a><\/strong><\/span><\/li><li><span style=\"font-family: coves;\"><strong><a href=\"https:\/\/www.fongecif.com\/\">Fongecif<\/a><\/strong><\/span><\/li><li><span style=\"font-family: coves;\"><strong>Mission locale (pour les 16\/25 ans)<\/strong><\/span><\/li><\/ul>\n\n\n\n<center><p style=\"background-color:#f15d20\" class=\"has-background\"><span style=\"font-family: nexa rust sans;\">AUTRE<\/strong><\/p>\n\n\n\n<p class=\"has-text-align-left\"><span style=\"font-family: coves;\">Pensez au co-financement <strong>Etat<\/strong> (p\u00f4le emploi), <strong>R\u00e9gion<\/strong> (Conseils r\u00e9gionaux), <strong>Fonds des entreprises<\/strong>.<br>N&rsquo;h\u00e9sitez pas \u00e0 contacter votre <strong>CEP<\/strong>, Conseiller en Evolution Professionnelle.<\/span><\/p>\n\n\n\n<p><!--EndFragment--><\/p>\n<\/div>\n<\/div><\/div>\n","protected":false},"excerpt":{"rendered":"<p>SOLUTIONS DE FINANCEMENT<\/p>\n","protected":false},"author":1,"featured_media":0,"parent":0,"menu_order":0,"comment_status":"closed","ping_status":"closed","template":"","meta":{"footnotes":""},"class_list":["post-6889","page","type-page","status-publish","czr-hentry"],"yoast_head":"<!-- This site is optimized with the Yoast SEO plugin v26.8 - https:\/\/yoast.com\/product\/yoast-seo-wordpress\/ -->\n<title>Financement - Musique et Equilibre<\/title>\n<meta name=\"description\" content=\"D\u00e9couvrez les diff\u00e9rentes solutions de financement pour vos formations professionnelles au sein de Musique et \u00c9quilibre.\" \/>\n<meta name=\"robots\" content=\"index, follow, max-snippet:-1, max-image-preview:large, max-video-preview:-1\" \/>\n<link rel=\"canonical\" href=\"https:\/\/musique-equilibre.com\/me\/index.php\/financement\/\" \/>\n<meta property=\"og:locale\" content=\"fr_FR\" \/>\n<meta property=\"og:type\" content=\"article\" \/>\n<meta property=\"og:title\" content=\"Financement - Musique et Equilibre\" \/>\n<meta property=\"og:description\" content=\"D\u00e9couvrez les diff\u00e9rentes solutions de financement pour vos formations professionnelles au sein de Musique et \u00c9quilibre.\" \/>\n<meta property=\"og:url\" content=\"https:\/\/musique-equilibre.com\/me\/index.php\/financement\/\" \/>\n<meta property=\"og:site_name\" content=\"Musique et Equilibre\" \/>\n<meta property=\"article:publisher\" content=\"https:\/\/www.facebook.com\/MusiqueetEquilibre45\" \/>\n<meta property=\"article:modified_time\" content=\"2022-10-04T16:06:54+00:00\" \/>\n<meta name=\"twitter:card\" content=\"summary_large_image\" \/>\n<meta name=\"twitter:site\" content=\"@Musiquequilibre\" \/>\n<meta name=\"twitter:label1\" content=\"Dur\u00e9e de lecture estim\u00e9e\" \/>\n\t<meta name=\"twitter:data1\" content=\"5 minutes\" \/>\n<script type=\"application\/ld+json\" class=\"yoast-schema-graph\">{\"@context\":\"https:\/\/schema.org\",\"@graph\":[{\"@type\":\"WebPage\",\"@id\":\"https:\/\/musique-equilibre.com\/me\/index.php\/financement\/\",\"url\":\"https:\/\/musique-equilibre.com\/me\/index.php\/financement\/\",\"name\":\"Financement - Musique et Equilibre\",\"isPartOf\":{\"@id\":\"https:\/\/musique-equilibre.com\/me\/#website\"},\"datePublished\":\"2020-11-12T15:29:59+00:00\",\"dateModified\":\"2022-10-04T16:06:54+00:00\",\"description\":\"D\u00e9couvrez les diff\u00e9rentes solutions de financement pour vos formations professionnelles au sein de Musique et \u00c9quilibre.\",\"breadcrumb\":{\"@id\":\"https:\/\/musique-equilibre.com\/me\/index.php\/financement\/#breadcrumb\"},\"inLanguage\":\"fr-FR\",\"potentialAction\":[{\"@type\":\"ReadAction\",\"target\":[\"https:\/\/musique-equilibre.com\/me\/index.php\/financement\/\"]}]},{\"@type\":\"BreadcrumbList\",\"@id\":\"https:\/\/musique-equilibre.com\/me\/index.php\/financement\/#breadcrumb\",\"itemListElement\":[{\"@type\":\"ListItem\",\"position\":1,\"name\":\"Accueil\",\"item\":\"https:\/\/musique-equilibre.com\/me\/\"},{\"@type\":\"ListItem\",\"position\":2,\"name\":\"Financement\"}]},{\"@type\":\"WebSite\",\"@id\":\"https:\/\/musique-equilibre.com\/me\/#website\",\"url\":\"https:\/\/musique-equilibre.com\/me\/\",\"name\":\"Musique et Equilibre\",\"description\":\"\",\"publisher\":{\"@id\":\"https:\/\/musique-equilibre.com\/me\/#organization\"},\"potentialAction\":[{\"@type\":\"SearchAction\",\"target\":{\"@type\":\"EntryPoint\",\"urlTemplate\":\"https:\/\/musique-equilibre.com\/me\/?s={search_term_string}\"},\"query-input\":{\"@type\":\"PropertyValueSpecification\",\"valueRequired\":true,\"valueName\":\"search_term_string\"}}],\"inLanguage\":\"fr-FR\"},{\"@type\":\"Organization\",\"@id\":\"https:\/\/musique-equilibre.com\/me\/#organization\",\"name\":\"Musique et Equilibre\",\"alternateName\":\"\u00c9cole de musique et salle de concert \u00e0 Orl\u00e9ans\",\"url\":\"https:\/\/musique-equilibre.com\/me\/\",\"logo\":{\"@type\":\"ImageObject\",\"inLanguage\":\"fr-FR\",\"@id\":\"https:\/\/musique-equilibre.com\/me\/#\/schema\/logo\/image\/\",\"url\":\"https:\/\/musique-equilibre.com\/me\/wp-content\/uploads\/2022\/11\/cropped-Logo_orange_texture-1.png\",\"contentUrl\":\"https:\/\/musique-equilibre.com\/me\/wp-content\/uploads\/2022\/11\/cropped-Logo_orange_texture-1.png\",\"width\":512,\"height\":512,\"caption\":\"Musique et Equilibre\"},\"image\":{\"@id\":\"https:\/\/musique-equilibre.com\/me\/#\/schema\/logo\/image\/\"},\"sameAs\":[\"https:\/\/www.facebook.com\/MusiqueetEquilibre45\",\"https:\/\/x.com\/Musiquequilibre\",\"https:\/\/www.instagram.com\/musique_et_equilibre_\/\",\"https:\/\/www.linkedin.com\/company\/musique-&amp;-equilibre\/\",\"https:\/\/www.youtube.com\/c\/MusiqueEquilibreOrleans\/\"]}]}<\/script>\n<!-- \/ Yoast SEO plugin. -->","yoast_head_json":{"title":"Financement - Musique et Equilibre","description":"D\u00e9couvrez les diff\u00e9rentes solutions de financement pour vos formations professionnelles au sein de Musique et \u00c9quilibre.","robots":{"index":"index","follow":"follow","max-snippet":"max-snippet:-1","max-image-preview":"max-image-preview:large","max-video-preview":"max-video-preview:-1"},"canonical":"https:\/\/musique-equilibre.com\/me\/index.php\/financement\/","og_locale":"fr_FR","og_type":"article","og_title":"Financement - Musique et Equilibre","og_description":"D\u00e9couvrez les diff\u00e9rentes solutions de financement pour vos formations professionnelles au sein de Musique et \u00c9quilibre.","og_url":"https:\/\/musique-equilibre.com\/me\/index.php\/financement\/","og_site_name":"Musique et Equilibre","article_publisher":"https:\/\/www.facebook.com\/MusiqueetEquilibre45","article_modified_time":"2022-10-04T16:06:54+00:00","twitter_card":"summary_large_image","twitter_site":"@Musiquequilibre","twitter_misc":{"Dur\u00e9e de lecture estim\u00e9e":"5 minutes"},"schema":{"@context":"https:\/\/schema.org","@graph":[{"@type":"WebPage","@id":"https:\/\/musique-equilibre.com\/me\/index.php\/financement\/","url":"https:\/\/musique-equilibre.com\/me\/index.php\/financement\/","name":"Financement - Musique et Equilibre","isPartOf":{"@id":"https:\/\/musique-equilibre.com\/me\/#website"},"datePublished":"2020-11-12T15:29:59+00:00","dateModified":"2022-10-04T16:06:54+00:00","description":"D\u00e9couvrez les diff\u00e9rentes solutions de financement pour vos formations professionnelles au sein de Musique et \u00c9quilibre.","breadcrumb":{"@id":"https:\/\/musique-equilibre.com\/me\/index.php\/financement\/#breadcrumb"},"inLanguage":"fr-FR","potentialAction":[{"@type":"ReadAction","target":["https:\/\/musique-equilibre.com\/me\/index.php\/financement\/"]}]},{"@type":"BreadcrumbList","@id":"https:\/\/musique-equilibre.com\/me\/index.php\/financement\/#breadcrumb","itemListElement":[{"@type":"ListItem","position":1,"name":"Accueil","item":"https:\/\/musique-equilibre.com\/me\/"},{"@type":"ListItem","position":2,"name":"Financement"}]},{"@type":"WebSite","@id":"https:\/\/musique-equilibre.com\/me\/#website","url":"https:\/\/musique-equilibre.com\/me\/","name":"Musique et Equilibre","description":"","publisher":{"@id":"https:\/\/musique-equilibre.com\/me\/#organization"},"potentialAction":[{"@type":"SearchAction","target":{"@type":"EntryPoint","urlTemplate":"https:\/\/musique-equilibre.com\/me\/?s={search_term_string}"},"query-input":{"@type":"PropertyValueSpecification","valueRequired":true,"valueName":"search_term_string"}}],"inLanguage":"fr-FR"},{"@type":"Organization","@id":"https:\/\/musique-equilibre.com\/me\/#organization","name":"Musique et Equilibre","alternateName":"\u00c9cole de musique et salle de concert \u00e0 Orl\u00e9ans","url":"https:\/\/musique-equilibre.com\/me\/","logo":{"@type":"ImageObject","inLanguage":"fr-FR","@id":"https:\/\/musique-equilibre.com\/me\/#\/schema\/logo\/image\/","url":"https:\/\/musique-equilibre.com\/me\/wp-content\/uploads\/2022\/11\/cropped-Logo_orange_texture-1.png","contentUrl":"https:\/\/musique-equilibre.com\/me\/wp-content\/uploads\/2022\/11\/cropped-Logo_orange_texture-1.png","width":512,"height":512,"caption":"Musique et Equilibre"},"image":{"@id":"https:\/\/musique-equilibre.com\/me\/#\/schema\/logo\/image\/"},"sameAs":["https:\/\/www.facebook.com\/MusiqueetEquilibre45","https:\/\/x.com\/Musiquequilibre","https:\/\/www.instagram.com\/musique_et_equilibre_\/","https:\/\/www.linkedin.com\/company\/musique-&amp;-equilibre\/","https:\/\/www.youtube.com\/c\/MusiqueEquilibreOrleans\/"]}]}},"_links":{"self":[{"href":"https:\/\/musique-equilibre.com\/me\/index.php\/wp-json\/wp\/v2\/pages\/6889","targetHints":{"allow":["GET"]}}],"collection":[{"href":"https:\/\/musique-equilibre.com\/me\/index.php\/wp-json\/wp\/v2\/pages"}],"about":[{"href":"https:\/\/musique-equilibre.com\/me\/index.php\/wp-json\/wp\/v2\/types\/page"}],"author":[{"embeddable":true,"href":"https:\/\/musique-equilibre.com\/me\/index.php\/wp-json\/wp\/v2\/users\/1"}],"replies":[{"embeddable":true,"href":"https:\/\/musique-equilibre.com\/me\/index.php\/wp-json\/wp\/v2\/comments?post=6889"}],"version-history":[{"count":7,"href":"https:\/\/musique-equilibre.com\/me\/index.php\/wp-json\/wp\/v2\/pages\/6889\/revisions"}],"predecessor-version":[{"id":10285,"href":"https:\/\/musique-equilibre.com\/me\/index.php\/wp-json\/wp\/v2\/pages\/6889\/revisions\/10285"}],"wp:attachment":[{"href":"https:\/\/musique-equilibre.com\/me\/index.php\/wp-json\/wp\/v2\/media?parent=6889"}],"curies":[{"name":"wp","href":"https:\/\/api.w.org\/{rel}","templated":true}]}}