{"id":5971,"date":"2020-03-13T21:07:11","date_gmt":"2020-03-13T20:07:11","guid":{"rendered":"http:\/\/musique-equilibre.com\/me\/?page_id=5971"},"modified":"2020-04-08T15:10:03","modified_gmt":"2020-04-08T13:10:03","slug":"covid-19","status":"publish","type":"page","link":"https:\/\/musique-equilibre.com\/me\/index.php\/covid-19\/","title":{"rendered":"<span style=\"font-family: nexa rust sans;\"> COVID <\/span><span style=\"font-family: arial black;\">&#8211;<\/span><span style=\"font-family: nexa rust sans;\">19<\/span>"},"content":{"rendered":"\n<div class=\"wp-block-image\"><figure class=\"aligncenter size-large is-resized\"><img decoding=\"async\" src=\"https:\/\/musique-equilibre.com\/me\/wp-content\/uploads\/2020\/04\/gvme-newsletter2-1-1024x625.jpg\" alt=\"\" class=\"wp-image-6127\" width=\"829\" srcset=\"https:\/\/musique-equilibre.com\/me\/wp-content\/uploads\/2020\/04\/gvme-newsletter2-1-1024x625.jpg 1024w, https:\/\/musique-equilibre.com\/me\/wp-content\/uploads\/2020\/04\/gvme-newsletter2-1-300x183.jpg 300w, https:\/\/musique-equilibre.com\/me\/wp-content\/uploads\/2020\/04\/gvme-newsletter2-1-150x92.jpg 150w, https:\/\/musique-equilibre.com\/me\/wp-content\/uploads\/2020\/04\/gvme-newsletter2-1-768x468.jpg 768w, https:\/\/musique-equilibre.com\/me\/wp-content\/uploads\/2020\/04\/gvme-newsletter2-1-1536x937.jpg 1536w, https:\/\/musique-equilibre.com\/me\/wp-content\/uploads\/2020\/04\/gvme-newsletter2-1.jpg 1677w\" sizes=\"(max-width: 1024px) 100vw, 1024px\" \/><\/figure><\/div>\n\n\n\n<div class=\"wp-block-group\"><div class=\"wp-block-group__inner-container is-layout-flow wp-block-group-is-layout-flow\">\n<p>Chers adh\u00e9rents, <\/p>\n\n\n\n<p>Nous partageons depuis quelques semaines\nune situation totalement in\u00e9dite qui nous oblige \u00e0 r\u00e9inventer notre quotidien.\nNul ne peut aujourd\u2019hui imaginer l\u2019avenir avec certitude et un certain nombre\nd\u2019entre nous allons \u00eatre durement touch\u00e9s par ce virus d\u00e9vastateur. Nous sommes\n\u00e0 vos c\u00f4t\u00e9s et le resterons aussi longtemps que vous le souhaiterez pour vous\naccompagner tout au long de cette improbable \u00e9preuve.<\/p>\n\n\n\n<p>Comme vous le savez, le 108 et\nl\u2019Argonaute ont \u00e9t\u00e9 ferm\u00e9s administrativement et, de fait, nous avons d\u00fb\nstopper, contre notre gr\u00e9, les cours dans ces lieux. Instantan\u00e9ment, toute\nl\u2019\u00e9quipe de notre association s\u2019est mobilis\u00e9e pour mettre en place des strat\u00e9gies\nde remplacements des cours en face \u00e0 face p\u00e9dagogique par une s\u00e9rie\nd\u2019initiatives tr\u00e8s diverses de cours via les outils num\u00e9riques (Mails, Skype,\nZoom, WhatsApp, appels t\u00e9l\u00e9phoniques, Wetransfer\u2026). Pour les cours de pratiques\ncollectives, nous n\u2019avons actuellement aucun substitut mais nous reviendrons\nvers vous d\u00e8s que possible pour vous proposer des stages ou des demi-journ\u00e9es\nqui remplaceront les cours qui n\u2019ont pas pu se r\u00e9aliser.<\/p>\n\n\n\n<p>L\u2019association se trouve, comme une grande\npartie des entreprises dans le monde, confront\u00e9e \u00e0 un d\u00e9fi \u00e9conomique\nredoutable et qui, si il n\u2019est pas relev\u00e9 avec votre bienveillance, nous\nemportera tr\u00e8s rapidement. Nous sommes d\u00e9termin\u00e9s \u00e0 maintenir la continuit\u00e9\np\u00e9dagogique et si certain d\u2019entre vous ne peuvent entrer en contact avec leurs\nenseignants, je me permettrai ainsi, que mes deux coll\u00e8gues Aude Prieur\n(Directrice adjointe 07 82 95 81 36) et Alice NAU (Charg\u00e9e d\u2019administration et\nde communication 07 67 29 34 02) de recr\u00e9er le lien avec votre ou vos\nenseignants.&nbsp;<\/p>\n\n\n\n<p>L\u2019option que nous avons choisie\n(continuit\u00e9 des cours) a la double fonction de faire progresser vos comp\u00e9tences\nmusicales mais aussi de vous permettre, comme \u00e0 l\u2019int\u00e9gralit\u00e9 des salari\u00e9s de\nMusique et \u00c9quilibre, de ne pas se laisser aller face \u00e0 la duret\u00e9 de cette\nsituation de confinement. L\u2019impact sur notre moral &nbsp;est ind\u00e9niable. Nous\nne baisserons pas les bras en nous appesantissant sur notre sort, nous ne\nserons pas otages de cette maladie qui bouleverse nos vies, nos amours, nos\nliens sociaux, notre joie et notre libert\u00e9. La musique, comme d\u2019autres\nactivit\u00e9s, peut contribuer \u00e0 une sortie de crise par le haut. Nous d\u00e9veloppons\npetit \u00e0 petit des nouveaux outils pour r\u00e9pondre \u00e0 vos besoins et dans certains\ncas, nous d\u00e9couvrons aussi certains avantages de ce lien distanci\u00e9\n(Conf\u00e9rences, Cr\u00e9ations collectives, Vid\u00e9o-conf\u00e9rences r\u00e9guli\u00e8res \u00e0 20 ou 30\u2026).<\/p>\n\n\n\n<p>Nous allons continuer \u00e0 inventer et nous\navons besoin de vous tout autant que nous souhaitons vous apporter du\n\u00ab&nbsp;sens&nbsp;\u00bb &nbsp;au milieu de ce chaos.&nbsp;<\/p>\n\n\n\n<p>La vie associative incarne, peut \u00eatre\nplus que jamais, ce tissu social qui nous permet d\u2019exister. Aujourd\u2019hui\ncontraints dans notre corps et confin\u00e9s, nous pouvons agir et nous \u00e9vader par\net avec la musique.<\/p>\n\n\n\n<p>Vous pouvez compter sur nous et nous\ncomptons sur vous.<\/p>\n\n\n\n<p>Portez-vous bien.<\/p>\n\n\n\n<p>Cordialement.<\/p>\n\n\n\n<p>Serge CECCALDI, Directeur<\/p>\n<\/div><\/div>\n","protected":false},"excerpt":{"rendered":"<p>Chers adh\u00e9rents, Nous partageons depuis quelques semaines une situation totalement in\u00e9dite qui nous oblige \u00e0 r\u00e9inventer notre quotidien. Nul ne peut aujourd\u2019hui imaginer l\u2019avenir avec certitude et un certain nombre d\u2019entre nous allons \u00eatre durement touch\u00e9s par ce virus d\u00e9vastateur. Nous sommes \u00e0 vos c\u00f4t\u00e9s et le resterons aussi longtemps que vous le souhaiterez pour [&hellip;]<\/p>\n","protected":false},"author":1,"featured_media":0,"parent":0,"menu_order":0,"comment_status":"closed","ping_status":"closed","template":"","meta":{"footnotes":""},"class_list":["post-5971","page","type-page","status-publish","czr-hentry"],"yoast_head":"<!-- This site is optimized with the Yoast SEO plugin v26.8 - https:\/\/yoast.com\/product\/yoast-seo-wordpress\/ -->\n<title>COVID -19 - Musique et Equilibre<\/title>\n<meta name=\"robots\" content=\"index, follow, max-snippet:-1, max-image-preview:large, max-video-preview:-1\" \/>\n<link rel=\"canonical\" href=\"https:\/\/musique-equilibre.com\/me\/index.php\/covid-19\/\" \/>\n<meta property=\"og:locale\" content=\"fr_FR\" \/>\n<meta property=\"og:type\" content=\"article\" \/>\n<meta property=\"og:title\" content=\"COVID -19 - Musique et Equilibre\" \/>\n<meta property=\"og:description\" content=\"Chers adh\u00e9rents, Nous partageons depuis quelques semaines une situation totalement in\u00e9dite qui nous oblige \u00e0 r\u00e9inventer notre quotidien. Nul ne peut aujourd\u2019hui imaginer l\u2019avenir avec certitude et un certain nombre d\u2019entre nous allons \u00eatre durement touch\u00e9s par ce virus d\u00e9vastateur. Nous sommes \u00e0 vos c\u00f4t\u00e9s et le resterons aussi longtemps que vous le souhaiterez pour [&hellip;]\" \/>\n<meta property=\"og:url\" content=\"https:\/\/musique-equilibre.com\/me\/index.php\/covid-19\/\" \/>\n<meta property=\"og:site_name\" content=\"Musique et Equilibre\" \/>\n<meta property=\"article:publisher\" content=\"https:\/\/www.facebook.com\/MusiqueetEquilibre45\" \/>\n<meta property=\"article:modified_time\" content=\"2020-04-08T13:10:03+00:00\" \/>\n<meta property=\"og:image\" content=\"http:\/\/musique-equilibre.com\/me\/wp-content\/uploads\/2020\/04\/gvme-newsletter2-1-1024x625.jpg\" \/>\n<meta name=\"twitter:card\" content=\"summary_large_image\" \/>\n<meta name=\"twitter:site\" content=\"@Musiquequilibre\" \/>\n<meta name=\"twitter:label1\" content=\"Dur\u00e9e de lecture estim\u00e9e\" \/>\n\t<meta name=\"twitter:data1\" content=\"3 minutes\" \/>\n<script type=\"application\/ld+json\" class=\"yoast-schema-graph\">{\"@context\":\"https:\/\/schema.org\",\"@graph\":[{\"@type\":\"WebPage\",\"@id\":\"https:\/\/musique-equilibre.com\/me\/index.php\/covid-19\/\",\"url\":\"https:\/\/musique-equilibre.com\/me\/index.php\/covid-19\/\",\"name\":\"COVID -19 - Musique et Equilibre\",\"isPartOf\":{\"@id\":\"https:\/\/musique-equilibre.com\/me\/#website\"},\"primaryImageOfPage\":{\"@id\":\"https:\/\/musique-equilibre.com\/me\/index.php\/covid-19\/#primaryimage\"},\"image\":{\"@id\":\"https:\/\/musique-equilibre.com\/me\/index.php\/covid-19\/#primaryimage\"},\"thumbnailUrl\":\"http:\/\/musique-equilibre.com\/me\/wp-content\/uploads\/2020\/04\/gvme-newsletter2-1-1024x625.jpg\",\"datePublished\":\"2020-03-13T20:07:11+00:00\",\"dateModified\":\"2020-04-08T13:10:03+00:00\",\"breadcrumb\":{\"@id\":\"https:\/\/musique-equilibre.com\/me\/index.php\/covid-19\/#breadcrumb\"},\"inLanguage\":\"fr-FR\",\"potentialAction\":[{\"@type\":\"ReadAction\",\"target\":[\"https:\/\/musique-equilibre.com\/me\/index.php\/covid-19\/\"]}]},{\"@type\":\"ImageObject\",\"inLanguage\":\"fr-FR\",\"@id\":\"https:\/\/musique-equilibre.com\/me\/index.php\/covid-19\/#primaryimage\",\"url\":\"https:\/\/musique-equilibre.com\/me\/wp-content\/uploads\/2020\/04\/gvme-newsletter2-1.jpg\",\"contentUrl\":\"https:\/\/musique-equilibre.com\/me\/wp-content\/uploads\/2020\/04\/gvme-newsletter2-1.jpg\",\"width\":1677,\"height\":1023},{\"@type\":\"BreadcrumbList\",\"@id\":\"https:\/\/musique-equilibre.com\/me\/index.php\/covid-19\/#breadcrumb\",\"itemListElement\":[{\"@type\":\"ListItem\",\"position\":1,\"name\":\"Accueil\",\"item\":\"https:\/\/musique-equilibre.com\/me\/\"},{\"@type\":\"ListItem\",\"position\":2,\"name\":\"COVID &#8211;19\"}]},{\"@type\":\"WebSite\",\"@id\":\"https:\/\/musique-equilibre.com\/me\/#website\",\"url\":\"https:\/\/musique-equilibre.com\/me\/\",\"name\":\"Musique et Equilibre\",\"description\":\"\",\"publisher\":{\"@id\":\"https:\/\/musique-equilibre.com\/me\/#organization\"},\"potentialAction\":[{\"@type\":\"SearchAction\",\"target\":{\"@type\":\"EntryPoint\",\"urlTemplate\":\"https:\/\/musique-equilibre.com\/me\/?s={search_term_string}\"},\"query-input\":{\"@type\":\"PropertyValueSpecification\",\"valueRequired\":true,\"valueName\":\"search_term_string\"}}],\"inLanguage\":\"fr-FR\"},{\"@type\":\"Organization\",\"@id\":\"https:\/\/musique-equilibre.com\/me\/#organization\",\"name\":\"Musique et Equilibre\",\"alternateName\":\"\u00c9cole de musique et salle de concert \u00e0 Orl\u00e9ans\",\"url\":\"https:\/\/musique-equilibre.com\/me\/\",\"logo\":{\"@type\":\"ImageObject\",\"inLanguage\":\"fr-FR\",\"@id\":\"https:\/\/musique-equilibre.com\/me\/#\/schema\/logo\/image\/\",\"url\":\"https:\/\/musique-equilibre.com\/me\/wp-content\/uploads\/2022\/11\/cropped-Logo_orange_texture-1.png\",\"contentUrl\":\"https:\/\/musique-equilibre.com\/me\/wp-content\/uploads\/2022\/11\/cropped-Logo_orange_texture-1.png\",\"width\":512,\"height\":512,\"caption\":\"Musique et Equilibre\"},\"image\":{\"@id\":\"https:\/\/musique-equilibre.com\/me\/#\/schema\/logo\/image\/\"},\"sameAs\":[\"https:\/\/www.facebook.com\/MusiqueetEquilibre45\",\"https:\/\/x.com\/Musiquequilibre\",\"https:\/\/www.instagram.com\/musique_et_equilibre_\/\",\"https:\/\/www.linkedin.com\/company\/musique-&amp;-equilibre\/\",\"https:\/\/www.youtube.com\/c\/MusiqueEquilibreOrleans\/\"]}]}<\/script>\n<!-- \/ Yoast SEO plugin. -->","yoast_head_json":{"title":"COVID -19 - Musique et Equilibre","robots":{"index":"index","follow":"follow","max-snippet":"max-snippet:-1","max-image-preview":"max-image-preview:large","max-video-preview":"max-video-preview:-1"},"canonical":"https:\/\/musique-equilibre.com\/me\/index.php\/covid-19\/","og_locale":"fr_FR","og_type":"article","og_title":"COVID -19 - Musique et Equilibre","og_description":"Chers adh\u00e9rents, Nous partageons depuis quelques semaines une situation totalement in\u00e9dite qui nous oblige \u00e0 r\u00e9inventer notre quotidien. Nul ne peut aujourd\u2019hui imaginer l\u2019avenir avec certitude et un certain nombre d\u2019entre nous allons \u00eatre durement touch\u00e9s par ce virus d\u00e9vastateur. Nous sommes \u00e0 vos c\u00f4t\u00e9s et le resterons aussi longtemps que vous le souhaiterez pour [&hellip;]","og_url":"https:\/\/musique-equilibre.com\/me\/index.php\/covid-19\/","og_site_name":"Musique et Equilibre","article_publisher":"https:\/\/www.facebook.com\/MusiqueetEquilibre45","article_modified_time":"2020-04-08T13:10:03+00:00","og_image":[{"url":"http:\/\/musique-equilibre.com\/me\/wp-content\/uploads\/2020\/04\/gvme-newsletter2-1-1024x625.jpg","type":"","width":"","height":""}],"twitter_card":"summary_large_image","twitter_site":"@Musiquequilibre","twitter_misc":{"Dur\u00e9e de lecture estim\u00e9e":"3 minutes"},"schema":{"@context":"https:\/\/schema.org","@graph":[{"@type":"WebPage","@id":"https:\/\/musique-equilibre.com\/me\/index.php\/covid-19\/","url":"https:\/\/musique-equilibre.com\/me\/index.php\/covid-19\/","name":"COVID -19 - Musique et Equilibre","isPartOf":{"@id":"https:\/\/musique-equilibre.com\/me\/#website"},"primaryImageOfPage":{"@id":"https:\/\/musique-equilibre.com\/me\/index.php\/covid-19\/#primaryimage"},"image":{"@id":"https:\/\/musique-equilibre.com\/me\/index.php\/covid-19\/#primaryimage"},"thumbnailUrl":"http:\/\/musique-equilibre.com\/me\/wp-content\/uploads\/2020\/04\/gvme-newsletter2-1-1024x625.jpg","datePublished":"2020-03-13T20:07:11+00:00","dateModified":"2020-04-08T13:10:03+00:00","breadcrumb":{"@id":"https:\/\/musique-equilibre.com\/me\/index.php\/covid-19\/#breadcrumb"},"inLanguage":"fr-FR","potentialAction":[{"@type":"ReadAction","target":["https:\/\/musique-equilibre.com\/me\/index.php\/covid-19\/"]}]},{"@type":"ImageObject","inLanguage":"fr-FR","@id":"https:\/\/musique-equilibre.com\/me\/index.php\/covid-19\/#primaryimage","url":"https:\/\/musique-equilibre.com\/me\/wp-content\/uploads\/2020\/04\/gvme-newsletter2-1.jpg","contentUrl":"https:\/\/musique-equilibre.com\/me\/wp-content\/uploads\/2020\/04\/gvme-newsletter2-1.jpg","width":1677,"height":1023},{"@type":"BreadcrumbList","@id":"https:\/\/musique-equilibre.com\/me\/index.php\/covid-19\/#breadcrumb","itemListElement":[{"@type":"ListItem","position":1,"name":"Accueil","item":"https:\/\/musique-equilibre.com\/me\/"},{"@type":"ListItem","position":2,"name":"COVID &#8211;19"}]},{"@type":"WebSite","@id":"https:\/\/musique-equilibre.com\/me\/#website","url":"https:\/\/musique-equilibre.com\/me\/","name":"Musique et Equilibre","description":"","publisher":{"@id":"https:\/\/musique-equilibre.com\/me\/#organization"},"potentialAction":[{"@type":"SearchAction","target":{"@type":"EntryPoint","urlTemplate":"https:\/\/musique-equilibre.com\/me\/?s={search_term_string}"},"query-input":{"@type":"PropertyValueSpecification","valueRequired":true,"valueName":"search_term_string"}}],"inLanguage":"fr-FR"},{"@type":"Organization","@id":"https:\/\/musique-equilibre.com\/me\/#organization","name":"Musique et Equilibre","alternateName":"\u00c9cole de musique et salle de concert \u00e0 Orl\u00e9ans","url":"https:\/\/musique-equilibre.com\/me\/","logo":{"@type":"ImageObject","inLanguage":"fr-FR","@id":"https:\/\/musique-equilibre.com\/me\/#\/schema\/logo\/image\/","url":"https:\/\/musique-equilibre.com\/me\/wp-content\/uploads\/2022\/11\/cropped-Logo_orange_texture-1.png","contentUrl":"https:\/\/musique-equilibre.com\/me\/wp-content\/uploads\/2022\/11\/cropped-Logo_orange_texture-1.png","width":512,"height":512,"caption":"Musique et Equilibre"},"image":{"@id":"https:\/\/musique-equilibre.com\/me\/#\/schema\/logo\/image\/"},"sameAs":["https:\/\/www.facebook.com\/MusiqueetEquilibre45","https:\/\/x.com\/Musiquequilibre","https:\/\/www.instagram.com\/musique_et_equilibre_\/","https:\/\/www.linkedin.com\/company\/musique-&amp;-equilibre\/","https:\/\/www.youtube.com\/c\/MusiqueEquilibreOrleans\/"]}]}},"_links":{"self":[{"href":"https:\/\/musique-equilibre.com\/me\/index.php\/wp-json\/wp\/v2\/pages\/5971","targetHints":{"allow":["GET"]}}],"collection":[{"href":"https:\/\/musique-equilibre.com\/me\/index.php\/wp-json\/wp\/v2\/pages"}],"about":[{"href":"https:\/\/musique-equilibre.com\/me\/index.php\/wp-json\/wp\/v2\/types\/page"}],"author":[{"embeddable":true,"href":"https:\/\/musique-equilibre.com\/me\/index.php\/wp-json\/wp\/v2\/users\/1"}],"replies":[{"embeddable":true,"href":"https:\/\/musique-equilibre.com\/me\/index.php\/wp-json\/wp\/v2\/comments?post=5971"}],"version-history":[{"count":5,"href":"https:\/\/musique-equilibre.com\/me\/index.php\/wp-json\/wp\/v2\/pages\/5971\/revisions"}],"predecessor-version":[{"id":6130,"href":"https:\/\/musique-equilibre.com\/me\/index.php\/wp-json\/wp\/v2\/pages\/5971\/revisions\/6130"}],"wp:attachment":[{"href":"https:\/\/musique-equilibre.com\/me\/index.php\/wp-json\/wp\/v2\/media?parent=5971"}],"curies":[{"name":"wp","href":"https:\/\/api.w.org\/{rel}","templated":true}]}}