{"id":5946,"date":"2020-03-02T16:58:27","date_gmt":"2020-03-02T15:58:27","guid":{"rendered":"http:\/\/musique-equilibre.com\/me\/?page_id=5946"},"modified":"2023-03-15T14:04:38","modified_gmt":"2023-03-15T13:04:38","slug":"amma-bloc-3-interpreter-une-oeuvre-de-musiques-actuelles","status":"publish","type":"page","link":"https:\/\/musique-equilibre.com\/me\/index.php\/amma-bloc-3-interpreter-une-oeuvre-de-musiques-actuelles\/","title":{"rendered":"AMMA &#8211; Bloc 3"},"content":{"rendered":"\n<h2 class=\"has-text-align-center wp-block-heading\">AMMA &#8211; Bloc 3<\/h2>\n\n\n\n<p class=\"has-text-align-center\"><strong>Interpr\u00e9ter une oeuvre de musiques actuelles (100h)<\/strong><\/p>\n\n\n<div class=\"wp-block-image\">\n<figure class=\"aligncenter size-full is-resized\"><img decoding=\"async\" src=\"https:\/\/musique-equilibre.com\/me\/wp-content\/uploads\/2023\/03\/172566_down_arrow_icon.png\" alt=\"formation professionnelle musique orl\u00e9ans loiret centre val de loire\" class=\"wp-image-11530\" width=\"90\" height=\"90\" srcset=\"https:\/\/musique-equilibre.com\/me\/wp-content\/uploads\/2023\/03\/172566_down_arrow_icon.png 512w, https:\/\/musique-equilibre.com\/me\/wp-content\/uploads\/2023\/03\/172566_down_arrow_icon-300x300.png 300w, https:\/\/musique-equilibre.com\/me\/wp-content\/uploads\/2023\/03\/172566_down_arrow_icon-150x150.png 150w, https:\/\/musique-equilibre.com\/me\/wp-content\/uploads\/2023\/03\/172566_down_arrow_icon-510x510.png 510w\" sizes=\"(max-width: 90px) 100vw, 90px\" \/><\/figure><\/div>\n\n\n<p class=\"has-text-align-center\"><strong><a href=\"https:\/\/musique-equilibre.com\/me\/wp-content\/uploads\/2023\/01\/Fiche-pre-inscription.pdf\" target=\"_blank\" rel=\"noreferrer noopener\">Fiche d\u2019inscription<\/a><\/strong><\/p>\n\n\n\n<h4 class=\"has-luminous-vivid-orange-color has-text-color wp-block-heading\"> AMMA Bloc 3 \/ Objectifs p\u00e9dagogique :<\/h4>\n\n\n\n<p>Activit\u00e9 1 &#8211; Pr\u00e9parer son interpr\u00e9tation d&rsquo;une \u0153uvre de musiques actuelles avec les diff\u00e9rentes parties<br>prenantes du spectacle<br>Activit\u00e9 2 &#8211; Interpr\u00e9ter une \u0153uvre de musiques actuelles dans le cadre du spectacle vivant<\/p>\n\n\n\n<h4 class=\"has-luminous-vivid-orange-color has-text-color wp-block-heading\">Validation :<\/h4>\n\n\n\n<p>\u00c9preuve terminale (<a href=\"https:\/\/www.fneijma.org\/\" target=\"_blank\" rel=\"noreferrer noopener\">FNEIJMA<\/a> &#8211; juin)<br>&#8211; Une mise en situation professionnelle de jeu sur sc\u00e8ne<\/p>\n","protected":false},"excerpt":{"rendered":"<p>AMMA &#8211; Bloc 3 Interpr\u00e9ter une oeuvre de musiques actuelles (100h) Fiche d\u2019inscription AMMA Bloc 3 \/ Objectifs p\u00e9dagogique : Activit\u00e9 1 &#8211; Pr\u00e9parer son interpr\u00e9tation d&rsquo;une \u0153uvre de musiques actuelles avec les diff\u00e9rentes partiesprenantes du spectacleActivit\u00e9 2 &#8211; Interpr\u00e9ter une \u0153uvre de musiques actuelles dans le cadre du spectacle vivant Validation : \u00c9preuve terminale [&hellip;]<\/p>\n","protected":false},"author":1,"featured_media":0,"parent":0,"menu_order":0,"comment_status":"closed","ping_status":"closed","template":"","meta":{"footnotes":""},"class_list":["post-5946","page","type-page","status-publish","czr-hentry"],"yoast_head":"<!-- This site is optimized with the Yoast SEO plugin v26.8 - https:\/\/yoast.com\/product\/yoast-seo-wordpress\/ -->\n<title>AMMA - Bloc 3 - Musique et Equilibre<\/title>\n<meta name=\"description\" content=\"AMMA - Bloc 3 : d\u00e9couvrez les objectifs p\u00e9dagogiques du bloc &quot;Interpr\u00e9ter une \u0153uvre de musiques actuelles&quot; du cursus AMMA.\" \/>\n<meta name=\"robots\" content=\"index, follow, max-snippet:-1, max-image-preview:large, max-video-preview:-1\" \/>\n<link rel=\"canonical\" href=\"https:\/\/musique-equilibre.com\/me\/index.php\/amma-bloc-3-interpreter-une-oeuvre-de-musiques-actuelles\/\" \/>\n<meta property=\"og:locale\" content=\"fr_FR\" \/>\n<meta property=\"og:type\" content=\"article\" \/>\n<meta property=\"og:title\" content=\"AMMA - Bloc 3 - Musique et Equilibre\" \/>\n<meta property=\"og:description\" content=\"AMMA - Bloc 3 : d\u00e9couvrez les objectifs p\u00e9dagogiques du bloc &quot;Interpr\u00e9ter une \u0153uvre de musiques actuelles&quot; du cursus AMMA.\" \/>\n<meta property=\"og:url\" content=\"https:\/\/musique-equilibre.com\/me\/index.php\/amma-bloc-3-interpreter-une-oeuvre-de-musiques-actuelles\/\" \/>\n<meta property=\"og:site_name\" content=\"Musique et Equilibre\" \/>\n<meta property=\"article:publisher\" content=\"https:\/\/www.facebook.com\/MusiqueetEquilibre45\" \/>\n<meta property=\"article:modified_time\" content=\"2023-03-15T13:04:38+00:00\" \/>\n<meta property=\"og:image\" content=\"https:\/\/musique-equilibre.com\/me\/wp-content\/uploads\/2023\/03\/172566_down_arrow_icon.png\" \/>\n<meta name=\"twitter:card\" content=\"summary_large_image\" \/>\n<meta name=\"twitter:site\" content=\"@Musiquequilibre\" \/>\n<meta name=\"twitter:label1\" content=\"Dur\u00e9e de lecture estim\u00e9e\" \/>\n\t<meta name=\"twitter:data1\" content=\"1 minute\" \/>\n<script type=\"application\/ld+json\" class=\"yoast-schema-graph\">{\"@context\":\"https:\/\/schema.org\",\"@graph\":[{\"@type\":\"WebPage\",\"@id\":\"https:\/\/musique-equilibre.com\/me\/index.php\/amma-bloc-3-interpreter-une-oeuvre-de-musiques-actuelles\/\",\"url\":\"https:\/\/musique-equilibre.com\/me\/index.php\/amma-bloc-3-interpreter-une-oeuvre-de-musiques-actuelles\/\",\"name\":\"AMMA - Bloc 3 - Musique et Equilibre\",\"isPartOf\":{\"@id\":\"https:\/\/musique-equilibre.com\/me\/#website\"},\"primaryImageOfPage\":{\"@id\":\"https:\/\/musique-equilibre.com\/me\/index.php\/amma-bloc-3-interpreter-une-oeuvre-de-musiques-actuelles\/#primaryimage\"},\"image\":{\"@id\":\"https:\/\/musique-equilibre.com\/me\/index.php\/amma-bloc-3-interpreter-une-oeuvre-de-musiques-actuelles\/#primaryimage\"},\"thumbnailUrl\":\"https:\/\/musique-equilibre.com\/me\/wp-content\/uploads\/2023\/03\/172566_down_arrow_icon.png\",\"datePublished\":\"2020-03-02T15:58:27+00:00\",\"dateModified\":\"2023-03-15T13:04:38+00:00\",\"description\":\"AMMA - Bloc 3 : d\u00e9couvrez les objectifs p\u00e9dagogiques du bloc \\\"Interpr\u00e9ter une \u0153uvre de musiques actuelles\\\" du cursus AMMA.\",\"breadcrumb\":{\"@id\":\"https:\/\/musique-equilibre.com\/me\/index.php\/amma-bloc-3-interpreter-une-oeuvre-de-musiques-actuelles\/#breadcrumb\"},\"inLanguage\":\"fr-FR\",\"potentialAction\":[{\"@type\":\"ReadAction\",\"target\":[\"https:\/\/musique-equilibre.com\/me\/index.php\/amma-bloc-3-interpreter-une-oeuvre-de-musiques-actuelles\/\"]}]},{\"@type\":\"ImageObject\",\"inLanguage\":\"fr-FR\",\"@id\":\"https:\/\/musique-equilibre.com\/me\/index.php\/amma-bloc-3-interpreter-une-oeuvre-de-musiques-actuelles\/#primaryimage\",\"url\":\"https:\/\/musique-equilibre.com\/me\/wp-content\/uploads\/2023\/03\/172566_down_arrow_icon.png\",\"contentUrl\":\"https:\/\/musique-equilibre.com\/me\/wp-content\/uploads\/2023\/03\/172566_down_arrow_icon.png\",\"width\":512,\"height\":512,\"caption\":\"formation professionnelle musique orl\u00e9ans loiret centre val de loire\"},{\"@type\":\"BreadcrumbList\",\"@id\":\"https:\/\/musique-equilibre.com\/me\/index.php\/amma-bloc-3-interpreter-une-oeuvre-de-musiques-actuelles\/#breadcrumb\",\"itemListElement\":[{\"@type\":\"ListItem\",\"position\":1,\"name\":\"Accueil\",\"item\":\"https:\/\/musique-equilibre.com\/me\/\"},{\"@type\":\"ListItem\",\"position\":2,\"name\":\"AMMA &#8211; Bloc 3\"}]},{\"@type\":\"WebSite\",\"@id\":\"https:\/\/musique-equilibre.com\/me\/#website\",\"url\":\"https:\/\/musique-equilibre.com\/me\/\",\"name\":\"Musique et Equilibre\",\"description\":\"\",\"publisher\":{\"@id\":\"https:\/\/musique-equilibre.com\/me\/#organization\"},\"potentialAction\":[{\"@type\":\"SearchAction\",\"target\":{\"@type\":\"EntryPoint\",\"urlTemplate\":\"https:\/\/musique-equilibre.com\/me\/?s={search_term_string}\"},\"query-input\":{\"@type\":\"PropertyValueSpecification\",\"valueRequired\":true,\"valueName\":\"search_term_string\"}}],\"inLanguage\":\"fr-FR\"},{\"@type\":\"Organization\",\"@id\":\"https:\/\/musique-equilibre.com\/me\/#organization\",\"name\":\"Musique et Equilibre\",\"alternateName\":\"\u00c9cole de musique et salle de concert \u00e0 Orl\u00e9ans\",\"url\":\"https:\/\/musique-equilibre.com\/me\/\",\"logo\":{\"@type\":\"ImageObject\",\"inLanguage\":\"fr-FR\",\"@id\":\"https:\/\/musique-equilibre.com\/me\/#\/schema\/logo\/image\/\",\"url\":\"https:\/\/musique-equilibre.com\/me\/wp-content\/uploads\/2022\/11\/cropped-Logo_orange_texture-1.png\",\"contentUrl\":\"https:\/\/musique-equilibre.com\/me\/wp-content\/uploads\/2022\/11\/cropped-Logo_orange_texture-1.png\",\"width\":512,\"height\":512,\"caption\":\"Musique et Equilibre\"},\"image\":{\"@id\":\"https:\/\/musique-equilibre.com\/me\/#\/schema\/logo\/image\/\"},\"sameAs\":[\"https:\/\/www.facebook.com\/MusiqueetEquilibre45\",\"https:\/\/x.com\/Musiquequilibre\",\"https:\/\/www.instagram.com\/musique_et_equilibre_\/\",\"https:\/\/www.linkedin.com\/company\/musique-&amp;-equilibre\/\",\"https:\/\/www.youtube.com\/c\/MusiqueEquilibreOrleans\/\"]}]}<\/script>\n<!-- \/ Yoast SEO plugin. -->","yoast_head_json":{"title":"AMMA - Bloc 3 - Musique et Equilibre","description":"AMMA - Bloc 3 : d\u00e9couvrez les objectifs p\u00e9dagogiques du bloc \"Interpr\u00e9ter une \u0153uvre de musiques actuelles\" du cursus AMMA.","robots":{"index":"index","follow":"follow","max-snippet":"max-snippet:-1","max-image-preview":"max-image-preview:large","max-video-preview":"max-video-preview:-1"},"canonical":"https:\/\/musique-equilibre.com\/me\/index.php\/amma-bloc-3-interpreter-une-oeuvre-de-musiques-actuelles\/","og_locale":"fr_FR","og_type":"article","og_title":"AMMA - Bloc 3 - Musique et Equilibre","og_description":"AMMA - Bloc 3 : d\u00e9couvrez les objectifs p\u00e9dagogiques du bloc \"Interpr\u00e9ter une \u0153uvre de musiques actuelles\" du cursus AMMA.","og_url":"https:\/\/musique-equilibre.com\/me\/index.php\/amma-bloc-3-interpreter-une-oeuvre-de-musiques-actuelles\/","og_site_name":"Musique et Equilibre","article_publisher":"https:\/\/www.facebook.com\/MusiqueetEquilibre45","article_modified_time":"2023-03-15T13:04:38+00:00","og_image":[{"url":"https:\/\/musique-equilibre.com\/me\/wp-content\/uploads\/2023\/03\/172566_down_arrow_icon.png","type":"","width":"","height":""}],"twitter_card":"summary_large_image","twitter_site":"@Musiquequilibre","twitter_misc":{"Dur\u00e9e de lecture estim\u00e9e":"1 minute"},"schema":{"@context":"https:\/\/schema.org","@graph":[{"@type":"WebPage","@id":"https:\/\/musique-equilibre.com\/me\/index.php\/amma-bloc-3-interpreter-une-oeuvre-de-musiques-actuelles\/","url":"https:\/\/musique-equilibre.com\/me\/index.php\/amma-bloc-3-interpreter-une-oeuvre-de-musiques-actuelles\/","name":"AMMA - Bloc 3 - Musique et Equilibre","isPartOf":{"@id":"https:\/\/musique-equilibre.com\/me\/#website"},"primaryImageOfPage":{"@id":"https:\/\/musique-equilibre.com\/me\/index.php\/amma-bloc-3-interpreter-une-oeuvre-de-musiques-actuelles\/#primaryimage"},"image":{"@id":"https:\/\/musique-equilibre.com\/me\/index.php\/amma-bloc-3-interpreter-une-oeuvre-de-musiques-actuelles\/#primaryimage"},"thumbnailUrl":"https:\/\/musique-equilibre.com\/me\/wp-content\/uploads\/2023\/03\/172566_down_arrow_icon.png","datePublished":"2020-03-02T15:58:27+00:00","dateModified":"2023-03-15T13:04:38+00:00","description":"AMMA - Bloc 3 : d\u00e9couvrez les objectifs p\u00e9dagogiques du bloc \"Interpr\u00e9ter une \u0153uvre de musiques actuelles\" du cursus AMMA.","breadcrumb":{"@id":"https:\/\/musique-equilibre.com\/me\/index.php\/amma-bloc-3-interpreter-une-oeuvre-de-musiques-actuelles\/#breadcrumb"},"inLanguage":"fr-FR","potentialAction":[{"@type":"ReadAction","target":["https:\/\/musique-equilibre.com\/me\/index.php\/amma-bloc-3-interpreter-une-oeuvre-de-musiques-actuelles\/"]}]},{"@type":"ImageObject","inLanguage":"fr-FR","@id":"https:\/\/musique-equilibre.com\/me\/index.php\/amma-bloc-3-interpreter-une-oeuvre-de-musiques-actuelles\/#primaryimage","url":"https:\/\/musique-equilibre.com\/me\/wp-content\/uploads\/2023\/03\/172566_down_arrow_icon.png","contentUrl":"https:\/\/musique-equilibre.com\/me\/wp-content\/uploads\/2023\/03\/172566_down_arrow_icon.png","width":512,"height":512,"caption":"formation professionnelle musique orl\u00e9ans loiret centre val de loire"},{"@type":"BreadcrumbList","@id":"https:\/\/musique-equilibre.com\/me\/index.php\/amma-bloc-3-interpreter-une-oeuvre-de-musiques-actuelles\/#breadcrumb","itemListElement":[{"@type":"ListItem","position":1,"name":"Accueil","item":"https:\/\/musique-equilibre.com\/me\/"},{"@type":"ListItem","position":2,"name":"AMMA &#8211; Bloc 3"}]},{"@type":"WebSite","@id":"https:\/\/musique-equilibre.com\/me\/#website","url":"https:\/\/musique-equilibre.com\/me\/","name":"Musique et Equilibre","description":"","publisher":{"@id":"https:\/\/musique-equilibre.com\/me\/#organization"},"potentialAction":[{"@type":"SearchAction","target":{"@type":"EntryPoint","urlTemplate":"https:\/\/musique-equilibre.com\/me\/?s={search_term_string}"},"query-input":{"@type":"PropertyValueSpecification","valueRequired":true,"valueName":"search_term_string"}}],"inLanguage":"fr-FR"},{"@type":"Organization","@id":"https:\/\/musique-equilibre.com\/me\/#organization","name":"Musique et Equilibre","alternateName":"\u00c9cole de musique et salle de concert \u00e0 Orl\u00e9ans","url":"https:\/\/musique-equilibre.com\/me\/","logo":{"@type":"ImageObject","inLanguage":"fr-FR","@id":"https:\/\/musique-equilibre.com\/me\/#\/schema\/logo\/image\/","url":"https:\/\/musique-equilibre.com\/me\/wp-content\/uploads\/2022\/11\/cropped-Logo_orange_texture-1.png","contentUrl":"https:\/\/musique-equilibre.com\/me\/wp-content\/uploads\/2022\/11\/cropped-Logo_orange_texture-1.png","width":512,"height":512,"caption":"Musique et Equilibre"},"image":{"@id":"https:\/\/musique-equilibre.com\/me\/#\/schema\/logo\/image\/"},"sameAs":["https:\/\/www.facebook.com\/MusiqueetEquilibre45","https:\/\/x.com\/Musiquequilibre","https:\/\/www.instagram.com\/musique_et_equilibre_\/","https:\/\/www.linkedin.com\/company\/musique-&amp;-equilibre\/","https:\/\/www.youtube.com\/c\/MusiqueEquilibreOrleans\/"]}]}},"_links":{"self":[{"href":"https:\/\/musique-equilibre.com\/me\/index.php\/wp-json\/wp\/v2\/pages\/5946","targetHints":{"allow":["GET"]}}],"collection":[{"href":"https:\/\/musique-equilibre.com\/me\/index.php\/wp-json\/wp\/v2\/pages"}],"about":[{"href":"https:\/\/musique-equilibre.com\/me\/index.php\/wp-json\/wp\/v2\/types\/page"}],"author":[{"embeddable":true,"href":"https:\/\/musique-equilibre.com\/me\/index.php\/wp-json\/wp\/v2\/users\/1"}],"replies":[{"embeddable":true,"href":"https:\/\/musique-equilibre.com\/me\/index.php\/wp-json\/wp\/v2\/comments?post=5946"}],"version-history":[{"count":10,"href":"https:\/\/musique-equilibre.com\/me\/index.php\/wp-json\/wp\/v2\/pages\/5946\/revisions"}],"predecessor-version":[{"id":11541,"href":"https:\/\/musique-equilibre.com\/me\/index.php\/wp-json\/wp\/v2\/pages\/5946\/revisions\/11541"}],"wp:attachment":[{"href":"https:\/\/musique-equilibre.com\/me\/index.php\/wp-json\/wp\/v2\/media?parent=5946"}],"curies":[{"name":"wp","href":"https:\/\/api.w.org\/{rel}","templated":true}]}}