{"id":5927,"date":"2020-03-02T16:39:48","date_gmt":"2020-03-02T15:39:48","guid":{"rendered":"http:\/\/musique-equilibre.com\/me\/?page_id=5927"},"modified":"2025-11-14T10:09:37","modified_gmt":"2025-11-14T09:09:37","slug":"interpreter-une-oeuvre-de-musiques-actuelles-ioma-2","status":"publish","type":"page","link":"https:\/\/musique-equilibre.com\/me\/index.php\/interpreter-une-oeuvre-de-musiques-actuelles-ioma-2\/","title":{"rendered":"<span style=\"font-family: coves;\">Interpr\u00e9ter une \u0153uvre de Musiques Actuelles &#8211; IOMA"},"content":{"rendered":"<p><span style=\"font-family: coves;\">La certification Interpr\u00e9ter une \u0153uvre de Musiques Actuelles est \u00e9valu\u00e9e par une mise en situation pratique (\u00e9preuves de repiquage\/d\u00e9chiffrage et ex\u00e9cution d\u2019un morceau libre et d\u2019un morceau impos\u00e9) suivie d\u2019un entretien avec un jury et par une \u00e9valuation \u00e9crite (\u00e9preuve de culture musicale et de th\u00e9orie musicale). La note du bloc est obtenue par la moyenne arithm\u00e9tique des notes des comp\u00e9tences. Les \u00e9preuves \u00ab repiquage\/d\u00e9chiffrage \u00bb et \u00ab ex\u00e9cution d\u2019un morceau libre et d\u2019un morceau impos\u00e9 \u00bb de la mise en situation pratique et \u00ab culture musicale \u00bb et \u00ab th\u00e9orie musicale \u00bb de l\u2019\u00e9valuation \u00e9crite sont \u00e9liminatoires. Le candidat doit obtenir la note de 10\/20 \u00e0 chacune de ces \u00e9preuves. Le bloc est valid\u00e9 lorsque le candidat obtient une moyenne \u00e9gale ou sup\u00e9rieure \u00e0 10\/20 au bloc de comp\u00e9tences et une note \u00e9gale ou sup\u00e9rieure \u00e0 10\/20 \u00e0 chaque \u00e9preuve \u00e9liminatoire.<\/span><\/p>\n<p><!-- \/wp:post-content --><!-- wp:post-content --><\/p>\n<h2 style=\"text-align: center;\"><strong><span style=\"font-family: coves;\">Interpr\u00e9ter une \u0153uvre de Musiques Actuelles &#8211; IOMA<\/span><\/strong><\/h2>\n<h3 style=\"text-align: center;\"><span style=\"font-family: coves;\"><strong>(certification enregistr\u00e9 au R\u00e9pertoire Sp\u00e9cifique)<\/strong><\/span><\/h3>\n<p style=\"text-align: center;\"><span style=\"font-family: coves;\"><strong><a href=\"https:\/\/musique-equilibre.com\/me\/wp-content\/uploads\/2023\/01\/Fiche-pre-inscription.pdf\" target=\"_blank\" rel=\"noreferrer noopener\">F<\/a><a href=\"https:\/\/musique-equilibre.com\/me\/wp-content\/uploads\/2023\/01\/Fiche-pre-inscription.pdf\" target=\"_blank\" rel=\"noreferrer noopener\">iche d\u2019inscription<\/a><\/strong><\/span><\/p>\n<p><!-- wp:paragraph --><\/p>\n<p><!-- \/wp:paragraph --><\/p>\n<p><span style=\"font-family: coves;\"><strong>Code\u00a0<a href=\"https:\/\/www.francecompetences.fr\/recherche\/rs\/5296\/\">RS\u00a0<\/a>:\u00a05296\u00a0<br \/>Code\u00a0<a href=\"https:\/\/reseau.intercariforef.org\/formations\/certification-109865.html\">Certif info\u00a0<\/a>:\u00a0109 865<\/strong><\/span><br \/><span style=\"font-family: coves;\"><strong>Code CPF :\u00a0331093<\/strong><\/span><br \/><span style=\"font-family: coves;\"><strong>Certificateur : <a href=\"https:\/\/www.fneijma.org\/\" target=\"_blank\" rel=\"noreferrer noopener\">Fneijma<\/a><\/strong><\/span><br \/><span style=\"font-family: coves;\"><strong>Date enregistrement certification : 18\/11\/2020<br \/>D\u00e9couvrir la formation du <a href=\"https:\/\/www.francecompetences.fr\/recherche\/rs\/5296\/\" target=\"_blank\" rel=\"noreferrer noopener\">France Comp\u00e9tences<\/a><br \/><!-- wp:heading {\"level\":4,\"textColor\":\"luminous-vivid-orange\"} --><\/strong><\/span><\/p>\n<h4 class=\"wp-block-heading has-luminous-vivid-orange-color has-text-color\"><strong><span style=\"font-family: coves;\">PUBLIC<\/span><\/strong><\/h4>\n<p><span style=\"font-family: coves;\"><strong><!-- \/wp:heading --> <!-- wp:paragraph --><\/strong><\/span><\/p>\n<p><span style=\"font-family: coves;\">Musicien-ne Interpr\u00e8te. Accessible en formation initiale et en formation continue sur tests d&rsquo;entr\u00e9e uniquement<\/span><\/p>\n<p><span style=\"font-family: coves;\"><strong><!-- \/wp:paragraph --> <!-- wp:heading {\"level\":4,\"textColor\":\"luminous-vivid-orange\"} --><\/strong><\/span><\/p>\n<h4 class=\"wp-block-heading has-luminous-vivid-orange-color has-text-color\"><strong><span style=\"font-family: coves;\">OBJECTIF DE LA FORMATION<\/span><\/strong><\/h4>\n<p><strong><span style=\"font-family: coves;\"><!-- \/wp:heading --> <!-- wp:paragraph --><\/span><\/strong><\/p>\n<p><span style=\"font-family: coves;\">Le <a href=\"https:\/\/metiersculture.fr\/structure\/musique-et-equilibre\/\" target=\"_blank\" rel=\"noreferrer noopener\">cursus<\/a> IOMA permet au\/ \u00e0 la musicien-ne d\u2019acqu\u00e9rir les comp\u00e9tences pour Interpr\u00e9ter une \u0153uvre de Musiques Actuelles et de la contextualiser.<\/span><\/p>\n<p><span style=\"font-family: coves;\"><strong><!-- \/wp:paragraph --> <!-- wp:heading {\"level\":4,\"textColor\":\"luminous-vivid-orange\"} --><\/strong><\/span><\/p>\n<h4 class=\"wp-block-heading has-luminous-vivid-orange-color has-text-color\"><strong><span style=\"font-family: coves;\">R\u00c9SULTATS ATTENDUS<\/span><\/strong><\/h4>\n<p><strong><span style=\"font-family: coves;\"><!-- \/wp:heading --> <!-- wp:paragraph --><\/span><\/strong><\/p>\n<p><span style=\"font-family: coves;\">La certification Interpr\u00e9ter une \u0153uvre de Musiques Actuelles est \u00e9valu\u00e9e par une mise en situation pratique (\u00e9preuves de repiquage\/d\u00e9chiffrage et ex\u00e9cution d\u2019un morceau libre et d\u2019un morceau impos\u00e9) suivie d\u2019un entretien avec un jury et par une \u00e9valuation \u00e9crite (\u00e9preuve de culture musicale et de th\u00e9orie musicale). La note du bloc est obtenue par la moyenne arithm\u00e9tique des notes des comp\u00e9tences. Les \u00e9preuves \u00ab repiquage\/d\u00e9chiffrage \u00bb et \u00ab ex\u00e9cution d\u2019un morceau libre et d\u2019un morceau impos\u00e9 \u00bb de la mise en situation pratique et \u00ab culture musicale \u00bb et \u00ab th\u00e9orie musicale \u00bb de l\u2019\u00e9valuation \u00e9crite sont \u00e9liminatoires. Le candidat doit obtenir la note de 10\/20 \u00e0 chacune de ces \u00e9preuves. Le bloc est valid\u00e9 lorsque le candidat obtient une moyenne \u00e9gale ou sup\u00e9rieure \u00e0 10\/20 au bloc de comp\u00e9tences et une note \u00e9gale ou sup\u00e9rieure \u00e0 10\/20 \u00e0 chaque \u00e9preuve \u00e9liminatoire.<\/span><\/p>\n<p><!-- wp:heading {\"level\":4,\"textColor\":\"luminous-vivid-orange\"} --><\/p>\n<h4 class=\"wp-block-heading has-luminous-vivid-orange-color has-text-color\"><strong><span style=\"font-family: coves;\">TARIFS<\/span><\/strong><\/h4>\n<p><strong><span style=\"font-family: coves;\"><!-- \/wp:heading --> <!-- wp:paragraph --><\/span><\/strong><\/p>\n<p><span style=\"font-family: coves;\">Financement personnel : 4 500\u20ac<\/span><br \/><span style=\"font-family: coves;\">Financement OPCO : 8 000\u20ac<\/span><\/p>\n<p><span style=\"font-family: coves;\"><!-- \/wp:paragraph --> <!-- wp:paragraph --><\/span><\/p>\n<p><span style=\"font-family: coves;\"><em>Formation finan\u00e7able dans le cadre du CPF.<\/em><\/span><\/p>\n<p><span style=\"font-family: coves;\"><!-- \/wp:paragraph --> <!-- wp:heading {\"level\":4,\"textColor\":\"luminous-vivid-orange\"} --><\/span><\/p>\n<h4 class=\"wp-block-heading has-luminous-vivid-orange-color has-text-color\"><strong><span style=\"font-family: coves;\">PR\u00c9-REQUIS<\/span><\/strong><\/h4>\n<p><strong><span style=\"font-family: coves;\"><!-- \/wp:heading --> <!-- wp:paragraph --><\/span><\/strong><\/p>\n<p><span style=\"font-family: coves;\">Bon niveau de pratique instrumentale. Tests avant l&rsquo;entr\u00e9e en formation.<br \/><\/span><\/p>\n<p>\u00a0<\/p>\n<p><!-- wp:separator --><\/p>\n<p class=\"has-text-align-center\" style=\"text-align: left;\"><span style=\"font-family: coves;\">D\u00e9couvrir la formation sur <a href=\"https:\/\/www.francecompetences.fr\/recherche\/rs\/5296\/\" target=\"_blank\" rel=\"noreferrer noopener\">France Comp\u00e9tences<\/a>.<\/span><\/p>\n<p><!-- \/wp:separator --><\/p>\n<p><!-- \/wp:paragraph --><\/p>\n<p><!-- \/wp:paragraph --><\/p>\n\n<p><img decoding=\"async\" class=\"alignnone size-medium wp-image-11040\" src=\"https:\/\/musique-equilibre.com\/me\/wp-content\/uploads\/2023\/01\/LogoQualiopi-300dpi-Avec-Marianne-300x160.png\" alt=\"\" width=\"300\" height=\"160\" srcset=\"https:\/\/musique-equilibre.com\/me\/wp-content\/uploads\/2023\/01\/LogoQualiopi-300dpi-Avec-Marianne-300x160.png 300w, https:\/\/musique-equilibre.com\/me\/wp-content\/uploads\/2023\/01\/LogoQualiopi-300dpi-Avec-Marianne-150x80.png 150w, https:\/\/musique-equilibre.com\/me\/wp-content\/uploads\/2023\/01\/LogoQualiopi-300dpi-Avec-Marianne.png 634w\" sizes=\"(max-width: 300px) 100vw, 300px\" \/><\/p>\n<p>La certification qualit\u00e9 a \u00e9t\u00e9 d\u00e9livr\u00e9e au titre de la cat\u00e9gorie d\u2019action suivante : actions de formation<br \/><a href=\"https:\/\/musique-equilibre.com\/me\/wp-content\/uploads\/2025\/10\/160004-33744-Certificat-Qualiopi-renouvellement-ASSOCIATION-MUSIQUE-ET-EQUILIBRE-scaled.jpg\" target=\"_blank\" rel=\"noopener\">Certificat ici<\/a><\/p>\n\n<!-- wp:separator -->\n<hr class=\"wp-block-separator has-alpha-channel-opacity\"\/>\n<!-- \/wp:separator -->\n\n<p class=\"has-text-align-center\"><span style=\"font-family: coves;\">70%<\/span><br \/><span style=\"font-family: coves;\"><a href=\"https:\/\/www.fneijma.org\/ioma\/\" target=\"_blank\" rel=\"noreferrer noopener\">de r\u00e9ussite nationale au IOMA (2022)<\/a><\/span><\/p>\n<p style=\"text-align: center;\"><span style=\"font-family: coves;\">0%<\/span><br \/><span style=\"font-family: coves;\">de r\u00e9ussite au sein de notre structure au IOMA (2023)<\/span><\/p>\n<p><span style=\"font-family: coves;\"><!-- \/wp:post-content --> <!-- wp:paragraph {\"align\":\"center\"} --><\/span><\/p>\n<p class=\"has-text-align-center\"><span style=\"font-family: coves;\">86%<\/span><br \/><span style=\"font-family: coves;\">de satisfaction des stagiaires<\/span><\/p>","protected":false},"excerpt":{"rendered":"<p>La certification Interpr\u00e9ter une \u0153uvre de Musiques Actuelles est \u00e9valu\u00e9e par une mise en situation pratique (\u00e9preuves de repiquage\/d\u00e9chiffrage et ex\u00e9cution d\u2019un morceau libre et d\u2019un morceau impos\u00e9) suivie d\u2019un entretien avec un jury et par une \u00e9valuation \u00e9crite (\u00e9preuve de culture musicale et de th\u00e9orie musicale). La note du bloc est obtenue par la [&hellip;]<\/p>\n","protected":false},"author":1,"featured_media":0,"parent":0,"menu_order":0,"comment_status":"closed","ping_status":"closed","template":"","meta":{"footnotes":""},"class_list":["post-5927","page","type-page","status-publish","czr-hentry"],"yoast_head":"<!-- This site is optimized with the Yoast SEO plugin v26.8 - https:\/\/yoast.com\/product\/yoast-seo-wordpress\/ -->\n<title>Interpr\u00e9ter une \u0153uvre de Musiques Actuelles - IOMA<\/title>\n<meta name=\"description\" content=\"D\u00e9couvrez d\u00e8s maintenant la formation professionnelle Interpr\u00e9ter une \u0153uvre de Musiques Actuelles IOMA , \u00e0 Orl\u00e9ans.\" \/>\n<meta name=\"robots\" content=\"index, follow, max-snippet:-1, max-image-preview:large, max-video-preview:-1\" \/>\n<link rel=\"canonical\" href=\"https:\/\/musique-equilibre.com\/me\/index.php\/interpreter-une-oeuvre-de-musiques-actuelles-ioma-2\/\" \/>\n<meta property=\"og:locale\" content=\"fr_FR\" \/>\n<meta property=\"og:type\" content=\"article\" \/>\n<meta property=\"og:title\" content=\"Interpr\u00e9ter une \u0153uvre de Musiques Actuelles - IOMA\" \/>\n<meta property=\"og:description\" content=\"D\u00e9couvrez d\u00e8s maintenant la formation professionnelle Interpr\u00e9ter une \u0153uvre de Musiques Actuelles IOMA , \u00e0 Orl\u00e9ans.\" \/>\n<meta property=\"og:url\" content=\"https:\/\/musique-equilibre.com\/me\/index.php\/interpreter-une-oeuvre-de-musiques-actuelles-ioma-2\/\" \/>\n<meta property=\"og:site_name\" content=\"Musique et Equilibre\" \/>\n<meta property=\"article:publisher\" content=\"https:\/\/www.facebook.com\/MusiqueetEquilibre45\" \/>\n<meta property=\"article:modified_time\" content=\"2025-11-14T09:09:37+00:00\" \/>\n<meta property=\"og:image\" content=\"https:\/\/musique-equilibre.com\/me\/wp-content\/uploads\/2023\/01\/LogoQualiopi-300dpi-Avec-Marianne.png\" \/>\n\t<meta property=\"og:image:width\" content=\"634\" \/>\n\t<meta property=\"og:image:height\" content=\"339\" \/>\n\t<meta property=\"og:image:type\" content=\"image\/png\" \/>\n<meta name=\"twitter:card\" content=\"summary_large_image\" \/>\n<meta name=\"twitter:site\" content=\"@Musiquequilibre\" \/>\n<meta name=\"twitter:label1\" content=\"Dur\u00e9e de lecture estim\u00e9e\" \/>\n\t<meta name=\"twitter:data1\" content=\"3 minutes\" \/>\n<script type=\"application\/ld+json\" class=\"yoast-schema-graph\">{\"@context\":\"https:\/\/schema.org\",\"@graph\":[{\"@type\":\"WebPage\",\"@id\":\"https:\/\/musique-equilibre.com\/me\/index.php\/interpreter-une-oeuvre-de-musiques-actuelles-ioma-2\/\",\"url\":\"https:\/\/musique-equilibre.com\/me\/index.php\/interpreter-une-oeuvre-de-musiques-actuelles-ioma-2\/\",\"name\":\"Interpr\u00e9ter une \u0153uvre de Musiques Actuelles - IOMA\",\"isPartOf\":{\"@id\":\"https:\/\/musique-equilibre.com\/me\/#website\"},\"primaryImageOfPage\":{\"@id\":\"https:\/\/musique-equilibre.com\/me\/index.php\/interpreter-une-oeuvre-de-musiques-actuelles-ioma-2\/#primaryimage\"},\"image\":{\"@id\":\"https:\/\/musique-equilibre.com\/me\/index.php\/interpreter-une-oeuvre-de-musiques-actuelles-ioma-2\/#primaryimage\"},\"thumbnailUrl\":\"https:\/\/musique-equilibre.com\/me\/wp-content\/uploads\/2023\/01\/LogoQualiopi-300dpi-Avec-Marianne-300x160.png\",\"datePublished\":\"2020-03-02T15:39:48+00:00\",\"dateModified\":\"2025-11-14T09:09:37+00:00\",\"description\":\"D\u00e9couvrez d\u00e8s maintenant la formation professionnelle Interpr\u00e9ter une \u0153uvre de Musiques Actuelles IOMA , \u00e0 Orl\u00e9ans.\",\"breadcrumb\":{\"@id\":\"https:\/\/musique-equilibre.com\/me\/index.php\/interpreter-une-oeuvre-de-musiques-actuelles-ioma-2\/#breadcrumb\"},\"inLanguage\":\"fr-FR\",\"potentialAction\":[{\"@type\":\"ReadAction\",\"target\":[\"https:\/\/musique-equilibre.com\/me\/index.php\/interpreter-une-oeuvre-de-musiques-actuelles-ioma-2\/\"]}]},{\"@type\":\"ImageObject\",\"inLanguage\":\"fr-FR\",\"@id\":\"https:\/\/musique-equilibre.com\/me\/index.php\/interpreter-une-oeuvre-de-musiques-actuelles-ioma-2\/#primaryimage\",\"url\":\"https:\/\/musique-equilibre.com\/me\/wp-content\/uploads\/2023\/01\/LogoQualiopi-300dpi-Avec-Marianne.png\",\"contentUrl\":\"https:\/\/musique-equilibre.com\/me\/wp-content\/uploads\/2023\/01\/LogoQualiopi-300dpi-Avec-Marianne.png\",\"width\":634,\"height\":339},{\"@type\":\"BreadcrumbList\",\"@id\":\"https:\/\/musique-equilibre.com\/me\/index.php\/interpreter-une-oeuvre-de-musiques-actuelles-ioma-2\/#breadcrumb\",\"itemListElement\":[{\"@type\":\"ListItem\",\"position\":1,\"name\":\"Accueil\",\"item\":\"https:\/\/musique-equilibre.com\/me\/\"},{\"@type\":\"ListItem\",\"position\":2,\"name\":\"Interpr\u00e9ter une \u0153uvre de Musiques Actuelles &#8211; IOMA\"}]},{\"@type\":\"WebSite\",\"@id\":\"https:\/\/musique-equilibre.com\/me\/#website\",\"url\":\"https:\/\/musique-equilibre.com\/me\/\",\"name\":\"Musique et Equilibre\",\"description\":\"\",\"publisher\":{\"@id\":\"https:\/\/musique-equilibre.com\/me\/#organization\"},\"potentialAction\":[{\"@type\":\"SearchAction\",\"target\":{\"@type\":\"EntryPoint\",\"urlTemplate\":\"https:\/\/musique-equilibre.com\/me\/?s={search_term_string}\"},\"query-input\":{\"@type\":\"PropertyValueSpecification\",\"valueRequired\":true,\"valueName\":\"search_term_string\"}}],\"inLanguage\":\"fr-FR\"},{\"@type\":\"Organization\",\"@id\":\"https:\/\/musique-equilibre.com\/me\/#organization\",\"name\":\"Musique et Equilibre\",\"alternateName\":\"\u00c9cole de musique et salle de concert \u00e0 Orl\u00e9ans\",\"url\":\"https:\/\/musique-equilibre.com\/me\/\",\"logo\":{\"@type\":\"ImageObject\",\"inLanguage\":\"fr-FR\",\"@id\":\"https:\/\/musique-equilibre.com\/me\/#\/schema\/logo\/image\/\",\"url\":\"https:\/\/musique-equilibre.com\/me\/wp-content\/uploads\/2022\/11\/cropped-Logo_orange_texture-1.png\",\"contentUrl\":\"https:\/\/musique-equilibre.com\/me\/wp-content\/uploads\/2022\/11\/cropped-Logo_orange_texture-1.png\",\"width\":512,\"height\":512,\"caption\":\"Musique et Equilibre\"},\"image\":{\"@id\":\"https:\/\/musique-equilibre.com\/me\/#\/schema\/logo\/image\/\"},\"sameAs\":[\"https:\/\/www.facebook.com\/MusiqueetEquilibre45\",\"https:\/\/x.com\/Musiquequilibre\",\"https:\/\/www.instagram.com\/musique_et_equilibre_\/\",\"https:\/\/www.linkedin.com\/company\/musique-&amp;-equilibre\/\",\"https:\/\/www.youtube.com\/c\/MusiqueEquilibreOrleans\/\"]}]}<\/script>\n<!-- \/ Yoast SEO plugin. -->","yoast_head_json":{"title":"Interpr\u00e9ter une \u0153uvre de Musiques Actuelles - IOMA","description":"D\u00e9couvrez d\u00e8s maintenant la formation professionnelle Interpr\u00e9ter une \u0153uvre de Musiques Actuelles IOMA , \u00e0 Orl\u00e9ans.","robots":{"index":"index","follow":"follow","max-snippet":"max-snippet:-1","max-image-preview":"max-image-preview:large","max-video-preview":"max-video-preview:-1"},"canonical":"https:\/\/musique-equilibre.com\/me\/index.php\/interpreter-une-oeuvre-de-musiques-actuelles-ioma-2\/","og_locale":"fr_FR","og_type":"article","og_title":"Interpr\u00e9ter une \u0153uvre de Musiques Actuelles - IOMA","og_description":"D\u00e9couvrez d\u00e8s maintenant la formation professionnelle Interpr\u00e9ter une \u0153uvre de Musiques Actuelles IOMA , \u00e0 Orl\u00e9ans.","og_url":"https:\/\/musique-equilibre.com\/me\/index.php\/interpreter-une-oeuvre-de-musiques-actuelles-ioma-2\/","og_site_name":"Musique et Equilibre","article_publisher":"https:\/\/www.facebook.com\/MusiqueetEquilibre45","article_modified_time":"2025-11-14T09:09:37+00:00","og_image":[{"width":634,"height":339,"url":"https:\/\/musique-equilibre.com\/me\/wp-content\/uploads\/2023\/01\/LogoQualiopi-300dpi-Avec-Marianne.png","type":"image\/png"}],"twitter_card":"summary_large_image","twitter_site":"@Musiquequilibre","twitter_misc":{"Dur\u00e9e de lecture estim\u00e9e":"3 minutes"},"schema":{"@context":"https:\/\/schema.org","@graph":[{"@type":"WebPage","@id":"https:\/\/musique-equilibre.com\/me\/index.php\/interpreter-une-oeuvre-de-musiques-actuelles-ioma-2\/","url":"https:\/\/musique-equilibre.com\/me\/index.php\/interpreter-une-oeuvre-de-musiques-actuelles-ioma-2\/","name":"Interpr\u00e9ter une \u0153uvre de Musiques Actuelles - IOMA","isPartOf":{"@id":"https:\/\/musique-equilibre.com\/me\/#website"},"primaryImageOfPage":{"@id":"https:\/\/musique-equilibre.com\/me\/index.php\/interpreter-une-oeuvre-de-musiques-actuelles-ioma-2\/#primaryimage"},"image":{"@id":"https:\/\/musique-equilibre.com\/me\/index.php\/interpreter-une-oeuvre-de-musiques-actuelles-ioma-2\/#primaryimage"},"thumbnailUrl":"https:\/\/musique-equilibre.com\/me\/wp-content\/uploads\/2023\/01\/LogoQualiopi-300dpi-Avec-Marianne-300x160.png","datePublished":"2020-03-02T15:39:48+00:00","dateModified":"2025-11-14T09:09:37+00:00","description":"D\u00e9couvrez d\u00e8s maintenant la formation professionnelle Interpr\u00e9ter une \u0153uvre de Musiques Actuelles IOMA , \u00e0 Orl\u00e9ans.","breadcrumb":{"@id":"https:\/\/musique-equilibre.com\/me\/index.php\/interpreter-une-oeuvre-de-musiques-actuelles-ioma-2\/#breadcrumb"},"inLanguage":"fr-FR","potentialAction":[{"@type":"ReadAction","target":["https:\/\/musique-equilibre.com\/me\/index.php\/interpreter-une-oeuvre-de-musiques-actuelles-ioma-2\/"]}]},{"@type":"ImageObject","inLanguage":"fr-FR","@id":"https:\/\/musique-equilibre.com\/me\/index.php\/interpreter-une-oeuvre-de-musiques-actuelles-ioma-2\/#primaryimage","url":"https:\/\/musique-equilibre.com\/me\/wp-content\/uploads\/2023\/01\/LogoQualiopi-300dpi-Avec-Marianne.png","contentUrl":"https:\/\/musique-equilibre.com\/me\/wp-content\/uploads\/2023\/01\/LogoQualiopi-300dpi-Avec-Marianne.png","width":634,"height":339},{"@type":"BreadcrumbList","@id":"https:\/\/musique-equilibre.com\/me\/index.php\/interpreter-une-oeuvre-de-musiques-actuelles-ioma-2\/#breadcrumb","itemListElement":[{"@type":"ListItem","position":1,"name":"Accueil","item":"https:\/\/musique-equilibre.com\/me\/"},{"@type":"ListItem","position":2,"name":"Interpr\u00e9ter une \u0153uvre de Musiques Actuelles &#8211; IOMA"}]},{"@type":"WebSite","@id":"https:\/\/musique-equilibre.com\/me\/#website","url":"https:\/\/musique-equilibre.com\/me\/","name":"Musique et Equilibre","description":"","publisher":{"@id":"https:\/\/musique-equilibre.com\/me\/#organization"},"potentialAction":[{"@type":"SearchAction","target":{"@type":"EntryPoint","urlTemplate":"https:\/\/musique-equilibre.com\/me\/?s={search_term_string}"},"query-input":{"@type":"PropertyValueSpecification","valueRequired":true,"valueName":"search_term_string"}}],"inLanguage":"fr-FR"},{"@type":"Organization","@id":"https:\/\/musique-equilibre.com\/me\/#organization","name":"Musique et Equilibre","alternateName":"\u00c9cole de musique et salle de concert \u00e0 Orl\u00e9ans","url":"https:\/\/musique-equilibre.com\/me\/","logo":{"@type":"ImageObject","inLanguage":"fr-FR","@id":"https:\/\/musique-equilibre.com\/me\/#\/schema\/logo\/image\/","url":"https:\/\/musique-equilibre.com\/me\/wp-content\/uploads\/2022\/11\/cropped-Logo_orange_texture-1.png","contentUrl":"https:\/\/musique-equilibre.com\/me\/wp-content\/uploads\/2022\/11\/cropped-Logo_orange_texture-1.png","width":512,"height":512,"caption":"Musique et Equilibre"},"image":{"@id":"https:\/\/musique-equilibre.com\/me\/#\/schema\/logo\/image\/"},"sameAs":["https:\/\/www.facebook.com\/MusiqueetEquilibre45","https:\/\/x.com\/Musiquequilibre","https:\/\/www.instagram.com\/musique_et_equilibre_\/","https:\/\/www.linkedin.com\/company\/musique-&amp;-equilibre\/","https:\/\/www.youtube.com\/c\/MusiqueEquilibreOrleans\/"]}]}},"_links":{"self":[{"href":"https:\/\/musique-equilibre.com\/me\/index.php\/wp-json\/wp\/v2\/pages\/5927","targetHints":{"allow":["GET"]}}],"collection":[{"href":"https:\/\/musique-equilibre.com\/me\/index.php\/wp-json\/wp\/v2\/pages"}],"about":[{"href":"https:\/\/musique-equilibre.com\/me\/index.php\/wp-json\/wp\/v2\/types\/page"}],"author":[{"embeddable":true,"href":"https:\/\/musique-equilibre.com\/me\/index.php\/wp-json\/wp\/v2\/users\/1"}],"replies":[{"embeddable":true,"href":"https:\/\/musique-equilibre.com\/me\/index.php\/wp-json\/wp\/v2\/comments?post=5927"}],"version-history":[{"count":65,"href":"https:\/\/musique-equilibre.com\/me\/index.php\/wp-json\/wp\/v2\/pages\/5927\/revisions"}],"predecessor-version":[{"id":18076,"href":"https:\/\/musique-equilibre.com\/me\/index.php\/wp-json\/wp\/v2\/pages\/5927\/revisions\/18076"}],"wp:attachment":[{"href":"https:\/\/musique-equilibre.com\/me\/index.php\/wp-json\/wp\/v2\/media?parent=5927"}],"curies":[{"name":"wp","href":"https:\/\/api.w.org\/{rel}","templated":true}]}}