{"id":590,"date":"2018-09-05T11:19:39","date_gmt":"2018-09-05T09:19:39","guid":{"rendered":"http:\/\/musique-equilibre.com\/me\/?page_id=590"},"modified":"2026-04-13T14:40:38","modified_gmt":"2026-04-13T12:40:38","slug":"petite-enfance","status":"publish","type":"page","link":"https:\/\/musique-equilibre.com\/me\/index.php\/petite-enfance\/","title":{"rendered":"<span style=\"font-family: coves;\">Petite enfance"},"content":{"rendered":"<h2><span style=\"font-family: coves;\">Petite enfance<\/span><\/h2>\n<p><span style=\"font-family: coves;\">Les cours de petite enfance dispens\u00e9 par<strong> Julien Robillard <\/strong>et <strong>Aude Prieur.<\/strong><\/span><\/p>\n<p><span style=\"font-family: coves;\">Ils se d\u00e9roulent le <strong>Mercredi <\/strong>(au <a href=\"https:\/\/le108.org\/\" target=\"_blank\" rel=\"noreferrer noopener\"><strong>108<\/strong><\/a>) <strong>Samedi <\/strong>(\u00e0 l&rsquo;<a href=\"https:\/\/www.orleans-metropole.fr\/sport\/etablissements-et-lieux-de-pratique\/largonaute\" target=\"_blank\" rel=\"noreferrer noopener\"><strong>Argonaute<\/strong><\/a>).<\/span><\/p>\n\n\n<div class=\"wp-block-columns is-layout-flex wp-container-core-columns-is-layout-9d6595d7 wp-block-columns-is-layout-flex\">\n<div class=\"wp-block-column is-layout-flow wp-block-column-is-layout-flow\"><div class=\"wp-block-image\">\n<figure class=\"aligncenter size-medium\"><img fetchpriority=\"high\" decoding=\"async\" width=\"300\" height=\"300\" src=\"https:\/\/musique-equilibre.com\/me\/wp-content\/uploads\/2022\/11\/Julien-Robillard-300x300.png\" alt=\"juline robillard basse chant satur\u00e9 cours de musique orl\u00e9ans loiret Petite enfance\" class=\"wp-image-10488\" srcset=\"https:\/\/musique-equilibre.com\/me\/wp-content\/uploads\/2022\/11\/Julien-Robillard-300x300.png 300w, https:\/\/musique-equilibre.com\/me\/wp-content\/uploads\/2022\/11\/Julien-Robillard-1024x1024.png 1024w, https:\/\/musique-equilibre.com\/me\/wp-content\/uploads\/2022\/11\/Julien-Robillard-150x150.png 150w, https:\/\/musique-equilibre.com\/me\/wp-content\/uploads\/2022\/11\/Julien-Robillard-768x768.png 768w, https:\/\/musique-equilibre.com\/me\/wp-content\/uploads\/2022\/11\/Julien-Robillard-510x510.png 510w, https:\/\/musique-equilibre.com\/me\/wp-content\/uploads\/2022\/11\/Julien-Robillard.png 1080w\" sizes=\"(max-width: 300px) 100vw, 300px\" \/><figcaption class=\"wp-element-caption\"><a href=\"https:\/\/musique-equilibre.com\/me\/index.php\/2019\/09\/10\/bio-caroline-gonthier\/\" target=\"_blank\" rel=\"noreferrer noopener\">en savoir plus sur Julien<\/a><\/figcaption><\/figure><\/div><\/div>\n\n\n\n<div class=\"wp-block-column is-layout-flow wp-block-column-is-layout-flow\"><div class=\"wp-block-image\">\n<figure class=\"aligncenter size-large is-resized\"><img decoding=\"async\" width=\"1024\" height=\"1024\" src=\"https:\/\/musique-equilibre.com\/me\/wp-content\/uploads\/2019\/09\/Aude-site2-1024x1024.png\" alt=\"aude prieur orl\u00e9ans cours de musique cours de fl\u00fbte Petite enfance\" class=\"wp-image-14947\" style=\"width:300px;height:300px\" srcset=\"https:\/\/musique-equilibre.com\/me\/wp-content\/uploads\/2019\/09\/Aude-site2-1024x1024.png 1024w, https:\/\/musique-equilibre.com\/me\/wp-content\/uploads\/2019\/09\/Aude-site2-300x300.png 300w, https:\/\/musique-equilibre.com\/me\/wp-content\/uploads\/2019\/09\/Aude-site2-150x150.png 150w, https:\/\/musique-equilibre.com\/me\/wp-content\/uploads\/2019\/09\/Aude-site2-768x768.png 768w, https:\/\/musique-equilibre.com\/me\/wp-content\/uploads\/2019\/09\/Aude-site2-510x510.png 510w, https:\/\/musique-equilibre.com\/me\/wp-content\/uploads\/2019\/09\/Aude-site2.png 1080w\" sizes=\"(max-width: 1024px) 100vw, 1024px\" \/><figcaption class=\"wp-element-caption\"><a href=\"https:\/\/musique-equilibre.com\/me\/index.php\/2019\/09\/10\/bio-aude-prieur\/\" target=\"_blank\" rel=\"noreferrer noopener\">en savoir plus sur Aude<\/a><\/figcaption><\/figure><\/div><\/div>\n<\/div>\n\n\n<p style=\"text-align: justify;\"><span style=\"font-family: coves;\">Du <strong>b\u00e9b\u00e9 <\/strong>\u00e0 <strong>l\u2019enfant<\/strong> \u00ab\u00a0en \u00e2ge de raison\u00a0\u00bb, Musique et \u00c9quilibre propose une <strong>progression p\u00e9dagogique singuli\u00e8re <\/strong>qui s\u2019adapte au d\u00e9veloppement psycho affectif, moteur, intellectuel et social de l\u2019enfant (V<em>oix, instruments, \u00e9coutes, symbolisation<\/em>). Nous favorisons <strong>l\u2019enfant acteur<\/strong> dans un groupe et avec d\u2019autres. Pour<strong> aiguiser sa curiosit\u00e9, <\/strong>des musiciens, jeunes ou moins jeunes \u00e9l\u00e8ves, professeurs, parents, viennent tout au long de l\u2019ann\u00e9e pr\u00e9senter leurs instruments. Les enfants montent sur sc\u00e8ne une, deux ou trois fois par an.<\/span><\/p>\n<p style=\"text-align: justify;\"><span style=\"font-family: coves;\"><strong>Formation pour Adultes<\/strong> \u00e0 destination des <span style=\"color: #f15d20;\"><strong>professionnels d<\/strong><\/span><\/span><span style=\"font-family: coves;\"><span style=\"color: #f15d20;\"><strong>e la Petite Enfance<\/strong><\/span>. Nous contacter.<\/span><\/p>","protected":false},"excerpt":{"rendered":"<p>Petite enfance Les cours de petite enfance dispens\u00e9 par Julien Robillard et Aude Prieur. Ils se d\u00e9roulent le Mercredi (au 108) Samedi (\u00e0 l&rsquo;Argonaute). Du b\u00e9b\u00e9 \u00e0 l\u2019enfant \u00ab\u00a0en \u00e2ge de raison\u00a0\u00bb, Musique et \u00c9quilibre propose une progression p\u00e9dagogique singuli\u00e8re qui s\u2019adapte au d\u00e9veloppement psycho affectif, moteur, intellectuel et social de l\u2019enfant (Voix, instruments, \u00e9coutes, [&hellip;]<\/p>\n","protected":false},"author":1,"featured_media":0,"parent":0,"menu_order":0,"comment_status":"closed","ping_status":"closed","template":"","meta":{"footnotes":""},"class_list":["post-590","page","type-page","status-publish","czr-hentry"],"yoast_head":"<!-- This site is optimized with the Yoast SEO plugin v26.8 - https:\/\/yoast.com\/product\/yoast-seo-wordpress\/ -->\n<title>Petite enfance - Musique et Equilibre<\/title>\n<meta name=\"description\" content=\"Petite enfance : du b\u00e9b\u00e9 \u00e0 l\u2019enfant, nous proposons une progression p\u00e9dagogique qui s\u2019adapte au d\u00e9veloppement de l\u2019enfant.\" \/>\n<meta name=\"robots\" content=\"index, follow, max-snippet:-1, max-image-preview:large, max-video-preview:-1\" \/>\n<link rel=\"canonical\" href=\"https:\/\/musique-equilibre.com\/me\/index.php\/petite-enfance\/\" \/>\n<meta property=\"og:locale\" content=\"fr_FR\" \/>\n<meta property=\"og:type\" content=\"article\" \/>\n<meta property=\"og:title\" content=\"Petite enfance - Musique et Equilibre\" \/>\n<meta property=\"og:description\" content=\"Petite enfance : du b\u00e9b\u00e9 \u00e0 l\u2019enfant, nous proposons une progression p\u00e9dagogique qui s\u2019adapte au d\u00e9veloppement de l\u2019enfant.\" \/>\n<meta property=\"og:url\" content=\"https:\/\/musique-equilibre.com\/me\/index.php\/petite-enfance\/\" \/>\n<meta property=\"og:site_name\" content=\"Musique et Equilibre\" \/>\n<meta property=\"article:publisher\" content=\"https:\/\/www.facebook.com\/MusiqueetEquilibre45\" \/>\n<meta property=\"article:modified_time\" content=\"2026-04-13T12:40:38+00:00\" \/>\n<meta property=\"og:image\" content=\"https:\/\/musique-equilibre.com\/me\/wp-content\/uploads\/2022\/11\/Julien-Robillard.png\" \/>\n\t<meta property=\"og:image:width\" content=\"1080\" \/>\n\t<meta property=\"og:image:height\" content=\"1080\" \/>\n\t<meta property=\"og:image:type\" content=\"image\/png\" \/>\n<meta name=\"twitter:card\" content=\"summary_large_image\" \/>\n<meta name=\"twitter:site\" content=\"@Musiquequilibre\" \/>\n<meta name=\"twitter:label1\" content=\"Dur\u00e9e de lecture estim\u00e9e\" \/>\n\t<meta name=\"twitter:data1\" content=\"2 minutes\" \/>\n<script type=\"application\/ld+json\" class=\"yoast-schema-graph\">{\"@context\":\"https:\/\/schema.org\",\"@graph\":[{\"@type\":\"WebPage\",\"@id\":\"https:\/\/musique-equilibre.com\/me\/index.php\/petite-enfance\/\",\"url\":\"https:\/\/musique-equilibre.com\/me\/index.php\/petite-enfance\/\",\"name\":\"Petite enfance - Musique et Equilibre\",\"isPartOf\":{\"@id\":\"https:\/\/musique-equilibre.com\/me\/#website\"},\"primaryImageOfPage\":{\"@id\":\"https:\/\/musique-equilibre.com\/me\/index.php\/petite-enfance\/#primaryimage\"},\"image\":{\"@id\":\"https:\/\/musique-equilibre.com\/me\/index.php\/petite-enfance\/#primaryimage\"},\"thumbnailUrl\":\"https:\/\/musique-equilibre.com\/me\/wp-content\/uploads\/2022\/11\/Julien-Robillard-300x300.png\",\"datePublished\":\"2018-09-05T09:19:39+00:00\",\"dateModified\":\"2026-04-13T12:40:38+00:00\",\"description\":\"Petite enfance : du b\u00e9b\u00e9 \u00e0 l\u2019enfant, nous proposons une progression p\u00e9dagogique qui s\u2019adapte au d\u00e9veloppement de l\u2019enfant.\",\"breadcrumb\":{\"@id\":\"https:\/\/musique-equilibre.com\/me\/index.php\/petite-enfance\/#breadcrumb\"},\"inLanguage\":\"fr-FR\",\"potentialAction\":[{\"@type\":\"ReadAction\",\"target\":[\"https:\/\/musique-equilibre.com\/me\/index.php\/petite-enfance\/\"]}]},{\"@type\":\"ImageObject\",\"inLanguage\":\"fr-FR\",\"@id\":\"https:\/\/musique-equilibre.com\/me\/index.php\/petite-enfance\/#primaryimage\",\"url\":\"https:\/\/musique-equilibre.com\/me\/wp-content\/uploads\/2022\/11\/Julien-Robillard.png\",\"contentUrl\":\"https:\/\/musique-equilibre.com\/me\/wp-content\/uploads\/2022\/11\/Julien-Robillard.png\",\"width\":1080,\"height\":1080,\"caption\":\"juline robillard basse chant satur\u00e9 cours de musique orl\u00e9ans loiret Petite enfance\"},{\"@type\":\"BreadcrumbList\",\"@id\":\"https:\/\/musique-equilibre.com\/me\/index.php\/petite-enfance\/#breadcrumb\",\"itemListElement\":[{\"@type\":\"ListItem\",\"position\":1,\"name\":\"Accueil\",\"item\":\"https:\/\/musique-equilibre.com\/me\/\"},{\"@type\":\"ListItem\",\"position\":2,\"name\":\"Petite enfance\"}]},{\"@type\":\"WebSite\",\"@id\":\"https:\/\/musique-equilibre.com\/me\/#website\",\"url\":\"https:\/\/musique-equilibre.com\/me\/\",\"name\":\"Musique et Equilibre\",\"description\":\"\",\"publisher\":{\"@id\":\"https:\/\/musique-equilibre.com\/me\/#organization\"},\"potentialAction\":[{\"@type\":\"SearchAction\",\"target\":{\"@type\":\"EntryPoint\",\"urlTemplate\":\"https:\/\/musique-equilibre.com\/me\/?s={search_term_string}\"},\"query-input\":{\"@type\":\"PropertyValueSpecification\",\"valueRequired\":true,\"valueName\":\"search_term_string\"}}],\"inLanguage\":\"fr-FR\"},{\"@type\":\"Organization\",\"@id\":\"https:\/\/musique-equilibre.com\/me\/#organization\",\"name\":\"Musique et Equilibre\",\"alternateName\":\"\u00c9cole de musique et salle de concert \u00e0 Orl\u00e9ans\",\"url\":\"https:\/\/musique-equilibre.com\/me\/\",\"logo\":{\"@type\":\"ImageObject\",\"inLanguage\":\"fr-FR\",\"@id\":\"https:\/\/musique-equilibre.com\/me\/#\/schema\/logo\/image\/\",\"url\":\"https:\/\/musique-equilibre.com\/me\/wp-content\/uploads\/2022\/11\/cropped-Logo_orange_texture-1.png\",\"contentUrl\":\"https:\/\/musique-equilibre.com\/me\/wp-content\/uploads\/2022\/11\/cropped-Logo_orange_texture-1.png\",\"width\":512,\"height\":512,\"caption\":\"Musique et Equilibre\"},\"image\":{\"@id\":\"https:\/\/musique-equilibre.com\/me\/#\/schema\/logo\/image\/\"},\"sameAs\":[\"https:\/\/www.facebook.com\/MusiqueetEquilibre45\",\"https:\/\/x.com\/Musiquequilibre\",\"https:\/\/www.instagram.com\/musique_et_equilibre_\/\",\"https:\/\/www.linkedin.com\/company\/musique-&amp;-equilibre\/\",\"https:\/\/www.youtube.com\/c\/MusiqueEquilibreOrleans\/\"]}]}<\/script>\n<!-- \/ Yoast SEO plugin. -->","yoast_head_json":{"title":"Petite enfance - Musique et Equilibre","description":"Petite enfance : du b\u00e9b\u00e9 \u00e0 l\u2019enfant, nous proposons une progression p\u00e9dagogique qui s\u2019adapte au d\u00e9veloppement de l\u2019enfant.","robots":{"index":"index","follow":"follow","max-snippet":"max-snippet:-1","max-image-preview":"max-image-preview:large","max-video-preview":"max-video-preview:-1"},"canonical":"https:\/\/musique-equilibre.com\/me\/index.php\/petite-enfance\/","og_locale":"fr_FR","og_type":"article","og_title":"Petite enfance - Musique et Equilibre","og_description":"Petite enfance : du b\u00e9b\u00e9 \u00e0 l\u2019enfant, nous proposons une progression p\u00e9dagogique qui s\u2019adapte au d\u00e9veloppement de l\u2019enfant.","og_url":"https:\/\/musique-equilibre.com\/me\/index.php\/petite-enfance\/","og_site_name":"Musique et Equilibre","article_publisher":"https:\/\/www.facebook.com\/MusiqueetEquilibre45","article_modified_time":"2026-04-13T12:40:38+00:00","og_image":[{"width":1080,"height":1080,"url":"https:\/\/musique-equilibre.com\/me\/wp-content\/uploads\/2022\/11\/Julien-Robillard.png","type":"image\/png"}],"twitter_card":"summary_large_image","twitter_site":"@Musiquequilibre","twitter_misc":{"Dur\u00e9e de lecture estim\u00e9e":"2 minutes"},"schema":{"@context":"https:\/\/schema.org","@graph":[{"@type":"WebPage","@id":"https:\/\/musique-equilibre.com\/me\/index.php\/petite-enfance\/","url":"https:\/\/musique-equilibre.com\/me\/index.php\/petite-enfance\/","name":"Petite enfance - Musique et Equilibre","isPartOf":{"@id":"https:\/\/musique-equilibre.com\/me\/#website"},"primaryImageOfPage":{"@id":"https:\/\/musique-equilibre.com\/me\/index.php\/petite-enfance\/#primaryimage"},"image":{"@id":"https:\/\/musique-equilibre.com\/me\/index.php\/petite-enfance\/#primaryimage"},"thumbnailUrl":"https:\/\/musique-equilibre.com\/me\/wp-content\/uploads\/2022\/11\/Julien-Robillard-300x300.png","datePublished":"2018-09-05T09:19:39+00:00","dateModified":"2026-04-13T12:40:38+00:00","description":"Petite enfance : du b\u00e9b\u00e9 \u00e0 l\u2019enfant, nous proposons une progression p\u00e9dagogique qui s\u2019adapte au d\u00e9veloppement de l\u2019enfant.","breadcrumb":{"@id":"https:\/\/musique-equilibre.com\/me\/index.php\/petite-enfance\/#breadcrumb"},"inLanguage":"fr-FR","potentialAction":[{"@type":"ReadAction","target":["https:\/\/musique-equilibre.com\/me\/index.php\/petite-enfance\/"]}]},{"@type":"ImageObject","inLanguage":"fr-FR","@id":"https:\/\/musique-equilibre.com\/me\/index.php\/petite-enfance\/#primaryimage","url":"https:\/\/musique-equilibre.com\/me\/wp-content\/uploads\/2022\/11\/Julien-Robillard.png","contentUrl":"https:\/\/musique-equilibre.com\/me\/wp-content\/uploads\/2022\/11\/Julien-Robillard.png","width":1080,"height":1080,"caption":"juline robillard basse chant satur\u00e9 cours de musique orl\u00e9ans loiret Petite enfance"},{"@type":"BreadcrumbList","@id":"https:\/\/musique-equilibre.com\/me\/index.php\/petite-enfance\/#breadcrumb","itemListElement":[{"@type":"ListItem","position":1,"name":"Accueil","item":"https:\/\/musique-equilibre.com\/me\/"},{"@type":"ListItem","position":2,"name":"Petite enfance"}]},{"@type":"WebSite","@id":"https:\/\/musique-equilibre.com\/me\/#website","url":"https:\/\/musique-equilibre.com\/me\/","name":"Musique et Equilibre","description":"","publisher":{"@id":"https:\/\/musique-equilibre.com\/me\/#organization"},"potentialAction":[{"@type":"SearchAction","target":{"@type":"EntryPoint","urlTemplate":"https:\/\/musique-equilibre.com\/me\/?s={search_term_string}"},"query-input":{"@type":"PropertyValueSpecification","valueRequired":true,"valueName":"search_term_string"}}],"inLanguage":"fr-FR"},{"@type":"Organization","@id":"https:\/\/musique-equilibre.com\/me\/#organization","name":"Musique et Equilibre","alternateName":"\u00c9cole de musique et salle de concert \u00e0 Orl\u00e9ans","url":"https:\/\/musique-equilibre.com\/me\/","logo":{"@type":"ImageObject","inLanguage":"fr-FR","@id":"https:\/\/musique-equilibre.com\/me\/#\/schema\/logo\/image\/","url":"https:\/\/musique-equilibre.com\/me\/wp-content\/uploads\/2022\/11\/cropped-Logo_orange_texture-1.png","contentUrl":"https:\/\/musique-equilibre.com\/me\/wp-content\/uploads\/2022\/11\/cropped-Logo_orange_texture-1.png","width":512,"height":512,"caption":"Musique et Equilibre"},"image":{"@id":"https:\/\/musique-equilibre.com\/me\/#\/schema\/logo\/image\/"},"sameAs":["https:\/\/www.facebook.com\/MusiqueetEquilibre45","https:\/\/x.com\/Musiquequilibre","https:\/\/www.instagram.com\/musique_et_equilibre_\/","https:\/\/www.linkedin.com\/company\/musique-&amp;-equilibre\/","https:\/\/www.youtube.com\/c\/MusiqueEquilibreOrleans\/"]}]}},"_links":{"self":[{"href":"https:\/\/musique-equilibre.com\/me\/index.php\/wp-json\/wp\/v2\/pages\/590","targetHints":{"allow":["GET"]}}],"collection":[{"href":"https:\/\/musique-equilibre.com\/me\/index.php\/wp-json\/wp\/v2\/pages"}],"about":[{"href":"https:\/\/musique-equilibre.com\/me\/index.php\/wp-json\/wp\/v2\/types\/page"}],"author":[{"embeddable":true,"href":"https:\/\/musique-equilibre.com\/me\/index.php\/wp-json\/wp\/v2\/users\/1"}],"replies":[{"embeddable":true,"href":"https:\/\/musique-equilibre.com\/me\/index.php\/wp-json\/wp\/v2\/comments?post=590"}],"version-history":[{"count":107,"href":"https:\/\/musique-equilibre.com\/me\/index.php\/wp-json\/wp\/v2\/pages\/590\/revisions"}],"predecessor-version":[{"id":18766,"href":"https:\/\/musique-equilibre.com\/me\/index.php\/wp-json\/wp\/v2\/pages\/590\/revisions\/18766"}],"wp:attachment":[{"href":"https:\/\/musique-equilibre.com\/me\/index.php\/wp-json\/wp\/v2\/media?parent=590"}],"curies":[{"name":"wp","href":"https:\/\/api.w.org\/{rel}","templated":true}]}}