{"id":5039,"date":"2019-09-27T14:08:01","date_gmt":"2019-09-27T12:08:01","guid":{"rendered":"http:\/\/musique-equilibre.com\/me\/?page_id=5039"},"modified":"2020-09-29T16:41:08","modified_gmt":"2020-09-29T14:41:08","slug":"2019-2020-coursmusiqueorleans","status":"publish","type":"page","link":"https:\/\/musique-equilibre.com\/me\/index.php\/2019-2020-coursmusiqueorleans\/","title":{"rendered":"<span style=\"font-family: coves;\">2019-2020"},"content":{"rendered":"\n<div class=\"wp-block-group\"><div class=\"wp-block-group__inner-container is-layout-flow wp-block-group-is-layout-flow\">\n<p><span style=\"font-family: nexa rust sans;\">PRESSE <span style=\"font-family: coves;\">\/ <span style=\"font-family: nexa rust sans;\">La Rep <span style=\"font-family: coves;\">&#8211;<span style=\"font-family: nexa rust sans;\"> F\u00e9vrier 2020<br> <span style=\"font-family: coves;\">  <a href=\"https:\/\/musique-equilibre.com\/me\/index.php\/2020\/02\/11\/presse-la-rep-10-fevrier-2020\/\">ICI<\/a>\n\n\n\n<p><span style=\"font-family: nexa rust sans;\">RADIO <span style=\"font-family: coves;\">\/ <span style=\"font-family: nexa rust sans;\">France Bleu <span style=\"font-family: coves;\">&#8211;<span style=\"font-family: nexa rust sans;\"> F\u00e9vrier 2020<br> <span style=\"font-family: coves;\">  <a href=\"https:\/\/musique-equilibre.com\/me\/index.php\/2020\/02\/04\/radio-france-bleu-2-fevrier-2020\/\">ICI<\/a>\n<\/div><\/div>\n\n\n\n<p><span style=\"font-family: nexa rust sans;\">PRESSE <span style=\"font-family: coves;\">\/ <span style=\"font-family: nexa rust sans;\">la Rep <span style=\"font-family: coves;\">&#8211;<span style=\"font-family: nexa rust sans;\"> F\u00e9vrier 2020<br> <span style=\"font-family: coves;\">  <a href=\"https:\/\/musique-equilibre.com\/me\/index.php\/2020\/02\/04\/presse-la-rep-2-fevrier-2020\/\">ICI<\/a>\n\n\n\n<p><span style=\"font-family: nexa rust sans;\">PRESSE <span style=\"font-family: coves;\">\/ <span style=\"font-family: nexa rust sans;\">Mag Centre <span style=\"font-family: coves;\">&#8211;<span style=\"font-family: nexa rust sans;\"> Octobre 2019<br> <span style=\"font-family: coves;\">  <a href=\"https:\/\/musique-equilibre.com\/me\/index.php\/2019\/10\/24\/presse-magcentre-fr-6-octobre-2019\/\">ICI<\/a>\n\n\n\n<p><span style=\"font-family: nexa rust sans;\">PRESSE <span style=\"font-family: coves;\">\/ <span style=\"font-family: nexa rust sans;\">La Rep <span style=\"font-family: coves;\">&#8211;<span style=\"font-family: nexa rust sans;\"> Septembre 2019<br> <span style=\"font-family: coves;\">  <a href=\"https:\/\/musique-equilibre.com\/me\/index.php\/2019\/10\/01\/presse-la-rep-30-septembre-2019\/\">ICI<\/a>\n\n\n\n<p><span style=\"font-family: nexa rust sans;\">RADIO <span style=\"font-family: coves;\">\/ <span style=\"font-family: nexa rust sans;\">Radio Campus <span style=\"font-family: coves;\">&#8211;<span style=\"font-family: nexa rust sans;\"> Septembre 2019<br> <span style=\"font-family: coves;\">  <a href=\"https:\/\/musique-equilibre.com\/me\/index.php\/2019\/09\/27\/radio-radio-campus-26-septembre-2019\/\">ICI<\/a>\n","protected":false},"excerpt":{"rendered":"<p>PRESSE \/ La Rep &#8211; F\u00e9vrier 2020 ICI RADIO \/ France Bleu &#8211; F\u00e9vrier 2020 ICI PRESSE \/ la Rep &#8211; F\u00e9vrier 2020 ICI PRESSE \/ Mag Centre &#8211; Octobre 2019 ICI PRESSE \/ La Rep &#8211; Septembre 2019 ICI RADIO \/ Radio Campus &#8211; Septembre 2019 ICI<\/p>\n","protected":false},"author":1,"featured_media":0,"parent":0,"menu_order":0,"comment_status":"closed","ping_status":"closed","template":"","meta":{"footnotes":""},"class_list":["post-5039","page","type-page","status-publish","czr-hentry"],"yoast_head":"<!-- This site is optimized with the Yoast SEO plugin v26.8 - https:\/\/yoast.com\/product\/yoast-seo-wordpress\/ -->\n<title>2019-2020 - Musique et Equilibre<\/title>\n<meta name=\"robots\" content=\"index, follow, max-snippet:-1, max-image-preview:large, max-video-preview:-1\" \/>\n<link rel=\"canonical\" href=\"https:\/\/musique-equilibre.com\/me\/index.php\/2019-2020-coursmusiqueorleans\/\" \/>\n<meta property=\"og:locale\" content=\"fr_FR\" \/>\n<meta property=\"og:type\" content=\"article\" \/>\n<meta property=\"og:title\" content=\"2019-2020 - Musique et Equilibre\" \/>\n<meta property=\"og:description\" content=\"PRESSE \/ La Rep &#8211; F\u00e9vrier 2020 ICI RADIO \/ France Bleu &#8211; F\u00e9vrier 2020 ICI PRESSE \/ la Rep &#8211; F\u00e9vrier 2020 ICI PRESSE \/ Mag Centre &#8211; Octobre 2019 ICI PRESSE \/ La Rep &#8211; Septembre 2019 ICI RADIO \/ Radio Campus &#8211; Septembre 2019 ICI\" \/>\n<meta property=\"og:url\" content=\"https:\/\/musique-equilibre.com\/me\/index.php\/2019-2020-coursmusiqueorleans\/\" \/>\n<meta property=\"og:site_name\" content=\"Musique et Equilibre\" \/>\n<meta property=\"article:publisher\" content=\"https:\/\/www.facebook.com\/MusiqueetEquilibre45\" \/>\n<meta property=\"article:modified_time\" content=\"2020-09-29T14:41:08+00:00\" \/>\n<meta name=\"twitter:card\" content=\"summary_large_image\" \/>\n<meta name=\"twitter:site\" content=\"@Musiquequilibre\" \/>\n<script type=\"application\/ld+json\" class=\"yoast-schema-graph\">{\"@context\":\"https:\/\/schema.org\",\"@graph\":[{\"@type\":\"WebPage\",\"@id\":\"https:\/\/musique-equilibre.com\/me\/index.php\/2019-2020-coursmusiqueorleans\/\",\"url\":\"https:\/\/musique-equilibre.com\/me\/index.php\/2019-2020-coursmusiqueorleans\/\",\"name\":\"2019-2020 - Musique et Equilibre\",\"isPartOf\":{\"@id\":\"https:\/\/musique-equilibre.com\/me\/#website\"},\"datePublished\":\"2019-09-27T12:08:01+00:00\",\"dateModified\":\"2020-09-29T14:41:08+00:00\",\"breadcrumb\":{\"@id\":\"https:\/\/musique-equilibre.com\/me\/index.php\/2019-2020-coursmusiqueorleans\/#breadcrumb\"},\"inLanguage\":\"fr-FR\",\"potentialAction\":[{\"@type\":\"ReadAction\",\"target\":[\"https:\/\/musique-equilibre.com\/me\/index.php\/2019-2020-coursmusiqueorleans\/\"]}]},{\"@type\":\"BreadcrumbList\",\"@id\":\"https:\/\/musique-equilibre.com\/me\/index.php\/2019-2020-coursmusiqueorleans\/#breadcrumb\",\"itemListElement\":[{\"@type\":\"ListItem\",\"position\":1,\"name\":\"Accueil\",\"item\":\"https:\/\/musique-equilibre.com\/me\/\"},{\"@type\":\"ListItem\",\"position\":2,\"name\":\"2019-2020\"}]},{\"@type\":\"WebSite\",\"@id\":\"https:\/\/musique-equilibre.com\/me\/#website\",\"url\":\"https:\/\/musique-equilibre.com\/me\/\",\"name\":\"Musique et Equilibre\",\"description\":\"\",\"publisher\":{\"@id\":\"https:\/\/musique-equilibre.com\/me\/#organization\"},\"potentialAction\":[{\"@type\":\"SearchAction\",\"target\":{\"@type\":\"EntryPoint\",\"urlTemplate\":\"https:\/\/musique-equilibre.com\/me\/?s={search_term_string}\"},\"query-input\":{\"@type\":\"PropertyValueSpecification\",\"valueRequired\":true,\"valueName\":\"search_term_string\"}}],\"inLanguage\":\"fr-FR\"},{\"@type\":\"Organization\",\"@id\":\"https:\/\/musique-equilibre.com\/me\/#organization\",\"name\":\"Musique et Equilibre\",\"alternateName\":\"\u00c9cole de musique et salle de concert \u00e0 Orl\u00e9ans\",\"url\":\"https:\/\/musique-equilibre.com\/me\/\",\"logo\":{\"@type\":\"ImageObject\",\"inLanguage\":\"fr-FR\",\"@id\":\"https:\/\/musique-equilibre.com\/me\/#\/schema\/logo\/image\/\",\"url\":\"https:\/\/musique-equilibre.com\/me\/wp-content\/uploads\/2022\/11\/cropped-Logo_orange_texture-1.png\",\"contentUrl\":\"https:\/\/musique-equilibre.com\/me\/wp-content\/uploads\/2022\/11\/cropped-Logo_orange_texture-1.png\",\"width\":512,\"height\":512,\"caption\":\"Musique et Equilibre\"},\"image\":{\"@id\":\"https:\/\/musique-equilibre.com\/me\/#\/schema\/logo\/image\/\"},\"sameAs\":[\"https:\/\/www.facebook.com\/MusiqueetEquilibre45\",\"https:\/\/x.com\/Musiquequilibre\",\"https:\/\/www.instagram.com\/musique_et_equilibre_\/\",\"https:\/\/www.linkedin.com\/company\/musique-&amp;-equilibre\/\",\"https:\/\/www.youtube.com\/c\/MusiqueEquilibreOrleans\/\"]}]}<\/script>\n<!-- \/ Yoast SEO plugin. -->","yoast_head_json":{"title":"2019-2020 - Musique et Equilibre","robots":{"index":"index","follow":"follow","max-snippet":"max-snippet:-1","max-image-preview":"max-image-preview:large","max-video-preview":"max-video-preview:-1"},"canonical":"https:\/\/musique-equilibre.com\/me\/index.php\/2019-2020-coursmusiqueorleans\/","og_locale":"fr_FR","og_type":"article","og_title":"2019-2020 - Musique et Equilibre","og_description":"PRESSE \/ La Rep &#8211; F\u00e9vrier 2020 ICI RADIO \/ France Bleu &#8211; F\u00e9vrier 2020 ICI PRESSE \/ la Rep &#8211; F\u00e9vrier 2020 ICI PRESSE \/ Mag Centre &#8211; Octobre 2019 ICI PRESSE \/ La Rep &#8211; Septembre 2019 ICI RADIO \/ Radio Campus &#8211; Septembre 2019 ICI","og_url":"https:\/\/musique-equilibre.com\/me\/index.php\/2019-2020-coursmusiqueorleans\/","og_site_name":"Musique et Equilibre","article_publisher":"https:\/\/www.facebook.com\/MusiqueetEquilibre45","article_modified_time":"2020-09-29T14:41:08+00:00","twitter_card":"summary_large_image","twitter_site":"@Musiquequilibre","schema":{"@context":"https:\/\/schema.org","@graph":[{"@type":"WebPage","@id":"https:\/\/musique-equilibre.com\/me\/index.php\/2019-2020-coursmusiqueorleans\/","url":"https:\/\/musique-equilibre.com\/me\/index.php\/2019-2020-coursmusiqueorleans\/","name":"2019-2020 - Musique et Equilibre","isPartOf":{"@id":"https:\/\/musique-equilibre.com\/me\/#website"},"datePublished":"2019-09-27T12:08:01+00:00","dateModified":"2020-09-29T14:41:08+00:00","breadcrumb":{"@id":"https:\/\/musique-equilibre.com\/me\/index.php\/2019-2020-coursmusiqueorleans\/#breadcrumb"},"inLanguage":"fr-FR","potentialAction":[{"@type":"ReadAction","target":["https:\/\/musique-equilibre.com\/me\/index.php\/2019-2020-coursmusiqueorleans\/"]}]},{"@type":"BreadcrumbList","@id":"https:\/\/musique-equilibre.com\/me\/index.php\/2019-2020-coursmusiqueorleans\/#breadcrumb","itemListElement":[{"@type":"ListItem","position":1,"name":"Accueil","item":"https:\/\/musique-equilibre.com\/me\/"},{"@type":"ListItem","position":2,"name":"2019-2020"}]},{"@type":"WebSite","@id":"https:\/\/musique-equilibre.com\/me\/#website","url":"https:\/\/musique-equilibre.com\/me\/","name":"Musique et Equilibre","description":"","publisher":{"@id":"https:\/\/musique-equilibre.com\/me\/#organization"},"potentialAction":[{"@type":"SearchAction","target":{"@type":"EntryPoint","urlTemplate":"https:\/\/musique-equilibre.com\/me\/?s={search_term_string}"},"query-input":{"@type":"PropertyValueSpecification","valueRequired":true,"valueName":"search_term_string"}}],"inLanguage":"fr-FR"},{"@type":"Organization","@id":"https:\/\/musique-equilibre.com\/me\/#organization","name":"Musique et Equilibre","alternateName":"\u00c9cole de musique et salle de concert \u00e0 Orl\u00e9ans","url":"https:\/\/musique-equilibre.com\/me\/","logo":{"@type":"ImageObject","inLanguage":"fr-FR","@id":"https:\/\/musique-equilibre.com\/me\/#\/schema\/logo\/image\/","url":"https:\/\/musique-equilibre.com\/me\/wp-content\/uploads\/2022\/11\/cropped-Logo_orange_texture-1.png","contentUrl":"https:\/\/musique-equilibre.com\/me\/wp-content\/uploads\/2022\/11\/cropped-Logo_orange_texture-1.png","width":512,"height":512,"caption":"Musique et Equilibre"},"image":{"@id":"https:\/\/musique-equilibre.com\/me\/#\/schema\/logo\/image\/"},"sameAs":["https:\/\/www.facebook.com\/MusiqueetEquilibre45","https:\/\/x.com\/Musiquequilibre","https:\/\/www.instagram.com\/musique_et_equilibre_\/","https:\/\/www.linkedin.com\/company\/musique-&amp;-equilibre\/","https:\/\/www.youtube.com\/c\/MusiqueEquilibreOrleans\/"]}]}},"_links":{"self":[{"href":"https:\/\/musique-equilibre.com\/me\/index.php\/wp-json\/wp\/v2\/pages\/5039","targetHints":{"allow":["GET"]}}],"collection":[{"href":"https:\/\/musique-equilibre.com\/me\/index.php\/wp-json\/wp\/v2\/pages"}],"about":[{"href":"https:\/\/musique-equilibre.com\/me\/index.php\/wp-json\/wp\/v2\/types\/page"}],"author":[{"embeddable":true,"href":"https:\/\/musique-equilibre.com\/me\/index.php\/wp-json\/wp\/v2\/users\/1"}],"replies":[{"embeddable":true,"href":"https:\/\/musique-equilibre.com\/me\/index.php\/wp-json\/wp\/v2\/comments?post=5039"}],"version-history":[{"count":20,"href":"https:\/\/musique-equilibre.com\/me\/index.php\/wp-json\/wp\/v2\/pages\/5039\/revisions"}],"predecessor-version":[{"id":6648,"href":"https:\/\/musique-equilibre.com\/me\/index.php\/wp-json\/wp\/v2\/pages\/5039\/revisions\/6648"}],"wp:attachment":[{"href":"https:\/\/musique-equilibre.com\/me\/index.php\/wp-json\/wp\/v2\/media?parent=5039"}],"curies":[{"name":"wp","href":"https:\/\/api.w.org\/{rel}","templated":true}]}}