{"id":4888,"date":"2019-09-10T19:07:05","date_gmt":"2019-09-10T17:07:05","guid":{"rendered":"http:\/\/musique-equilibre.com\/me\/?page_id=4888"},"modified":"2025-11-14T10:10:40","modified_gmt":"2025-11-14T09:10:40","slug":"artiste-musicien-des-musiques-actuelles","status":"publish","type":"page","link":"https:\/\/musique-equilibre.com\/me\/index.php\/artiste-musicien-des-musiques-actuelles\/","title":{"rendered":"<span style=\"font-family: coves;\">Artiste musicien des musiques actuelles &#8211; AMMA"},"content":{"rendered":"<p style=\"text-align: center;\"><span style=\"font-family: coves;\"><strong>(Titre de niveau 5 &#8211; Bac + 2 &#8211; d\u00e9livr\u00e9 par la <a href=\"https:\/\/www.fneijma.org\/\" target=\"_blank\" rel=\"noreferrer noopener\">Fneijma<\/a>)<\/strong><\/span><\/p>\n<p style=\"text-align: center;\"><span style=\"font-family: coves;\"><strong><a href=\"https:\/\/musique-equilibre.com\/me\/wp-content\/uploads\/2023\/01\/Fiche-pre-inscription.pdf\" target=\"_blank\" rel=\"noreferrer noopener\">Fiche d\u2019inscription<\/a><\/strong><\/span><\/p>\n<p><span style=\"font-family: coves;\"><strong>Code RS : RNCP37768<\/strong><\/span><br \/><span style=\"font-family: coves;\"><strong>Code CPF :\u00a035899<\/strong><\/span><br \/><span style=\"font-family: coves;\"><strong>Certificateur : <a href=\"https:\/\/www.fneijma.org\/\" target=\"_blank\" rel=\"noreferrer noopener\">Fneijma<\/a><\/strong><\/span><br \/><span style=\"font-family: coves;\"><strong>Date enregistrement certification : 15\/11\/2021<\/strong><\/span><\/p>\n\n\n<h4 class=\"wp-block-heading has-luminous-vivid-orange-color has-text-color\"><span style=\"font-family: coves;\"><strong>PUBLIC<\/strong><\/span><\/h4>\n\n\n<p><span style=\"font-family: coves;\">Musicien\u00b7ne Interpr\u00e8te. Accessible en formation initiale et en formation continue sur tests d\u2019entr\u00e9e uniquement<\/span><\/p>\n<\/p>\n\n\n<h4 class=\"wp-block-heading has-luminous-vivid-orange-color has-text-color\"><span style=\"font-family: coves;\"><strong>OBJECTIF DE LA FORMATION<\/strong><\/span><\/h4>\n\n\n<p><span style=\"font-family: coves;\">Le cursus AMMA permet \u00e0 l\u2019artiste musicien\u00b7ne de d\u00e9velopper son projet professionnel avec une sp\u00e9cificit\u00e9 au choix : cr\u00e9ation, interpr\u00e9tation ou animation p\u00e9dagogique.<\/span><\/p>\n<\/p>\n\n\n<h4 class=\"wp-block-heading has-luminous-vivid-orange-color has-text-color\"><span style=\"font-family: coves;\"><strong>TARIFS<\/strong><\/span><\/h4>\n\n\n\n<\/span><\/p>\n<p><span style=\"font-family: coves;\">Financement personnel : 7 500\u20ac<\/span><br \/><span style=\"font-family: coves;\">Financement OPCO : 9 000\u20ac\u00a0<\/span><br \/><span style=\"font-family: coves;\">(hors co\u00fbt d\u2019inscription \u00e0 l\u2019examen d\u2019entr\u00e9e et \u00e0 l\u2019examen terminal)<\/span><\/p>\n<p><span style=\"font-family: coves;\">\n\n\n\n<\/span><\/p>\n<p><span style=\"font-family: coves;\"><em>Formation finan\u00e7able dans le cadre du CPF.<\/em><\/span><\/p>\n<p><span style=\"font-family: coves;\">\n\n\n\n<h4 class=\"wp-block-heading has-luminous-vivid-orange-color has-text-color\"><span style=\"font-family: coves;\"><strong>PR\u00c9-REQUIS<\/strong><\/span><\/h4>\n\n\n\n<\/span><\/p>\n<p><span style=\"font-family: coves;\">Avoir un bon niveau musical (Mima, Ioma, Dem ou \u00e9quivalent autodidacte) et avoir un projet professionnel.<\/span><br \/><br \/><\/p>\n<p><span style=\"font-family: coves;\">\n\n\n\n<\/span><\/p>\n<p><span style=\"font-size: 18px;\"><strong><span style=\"font-family: coves;\">La certification s\u2019obtient par la validation du bloc 1 et d\u2019au moins l\u2019un des trois autres blocs.<\/span><\/strong><\/span><\/p>\n<p><span style=\"font-family: coves;\">\n\n\n\n<\/span><\/p>\n<p><span style=\"font-family: coves;\">\u00c9LABORER SON PROJET PROFESSIONNEL D&rsquo;ARTISTE MUSICIEN DES MUSIQUES ACTUELLES &#8211; <a href=\"https:\/\/musique-equilibre.com\/me\/index.php\/amma-bloc-1-elaborer-son-projet-professionnel-dartiste-musicien-des-musiques-actuelles\/\" target=\"_blank\" rel=\"noreferrer noopener\">Bloc 1<\/a><\/span><br \/><span style=\"font-family: coves;\">CR\u00c9ER UNE OEUVRE DE MUSIQUES ACTUELLES &#8211; <a href=\"https:\/\/musique-equilibre.com\/me\/index.php\/amma-bloc-2-creer-une-oeuvre-de-musiques-actuelles\/\" target=\"_blank\" rel=\"noreferrer noopener\">Bloc 2<\/a><\/span><br \/><span style=\"font-family: coves;\">INTERPR\u00c9TER UNE OEUVRE DE MUSIQUES ACTUELLES &#8211; <a href=\"https:\/\/musique-equilibre.com\/me\/index.php\/amma-bloc-3-interpreter-une-oeuvre-de-musiques-actuelles\/\" target=\"_blank\" rel=\"noreferrer noopener\">Bloc 3<\/a><\/span><br \/><span style=\"font-family: coves;\">PR\u00c9PARER ET ANIMER UNE INTERVENTION P\u00c9DAGOGIQUE ET DE M\u00c9DIATION DANS LES MUSIQUES ACTUELLES &#8211; <a href=\"https:\/\/musique-equilibre.com\/me\/index.php\/amma-bloc-4-preparer-et-animer-une-intervention-pedagogique-et-de-mediation-dans-les-musiques-actuelles\/\" target=\"_blank\" rel=\"noreferrer noopener\">Bloc 4<\/a><\/span><\/p>\n<p><span style=\"font-family: coves;\">\n\n\n\n<\/span><\/p>\n<p>\u00a0<\/p>\n<p><span style=\"font-family: coves;\">\n\n\n<p><span style=\"font-family: coves;\">D\u00e9couvrir la formation sur <a href=\"https:\/\/www.francecompetences.fr\/recherche\/rncp\/35899\/\" target=\"_blank\" rel=\"noreferrer noopener\">France Comp\u00e9tences<\/a>.<\/span><\/p>\n<p><img decoding=\"async\" class=\"alignnone size-medium wp-image-11040\" src=\"https:\/\/musique-equilibre.com\/me\/wp-content\/uploads\/2023\/01\/LogoQualiopi-300dpi-Avec-Marianne-300x160.png\" alt=\"\" width=\"300\" height=\"160\" srcset=\"https:\/\/musique-equilibre.com\/me\/wp-content\/uploads\/2023\/01\/LogoQualiopi-300dpi-Avec-Marianne-300x160.png 300w, https:\/\/musique-equilibre.com\/me\/wp-content\/uploads\/2023\/01\/LogoQualiopi-300dpi-Avec-Marianne-150x80.png 150w, https:\/\/musique-equilibre.com\/me\/wp-content\/uploads\/2023\/01\/LogoQualiopi-300dpi-Avec-Marianne.png 634w\" sizes=\"(max-width: 300px) 100vw, 300px\" \/><\/p>\n<p>La certification qualit\u00e9 a \u00e9t\u00e9 d\u00e9livr\u00e9e au titre de la cat\u00e9gorie d\u2019action suivante : actions de formation<br \/><a href=\"https:\/\/musique-equilibre.com\/me\/wp-content\/uploads\/2025\/10\/160004-33744-Certificat-Qualiopi-renouvellement-ASSOCIATION-MUSIQUE-ET-EQUILIBRE-scaled.jpg\" target=\"_blank\" rel=\"noopener\">Certificat ici<\/a><\/p>\n\n\n<hr class=\"wp-block-separator has-alpha-channel-opacity\"\/>\n\n\n<p style=\"text-align: center;\"><span style=\"font-family: coves;\">59%<\/span><br \/><span style=\"font-family: coves;\"><a href=\"https:\/\/www.fneijma.org\/amma\/\" target=\"_blank\" rel=\"noreferrer noopener\">de r\u00e9ussite nationale au AMMA (2023-24)<\/a><\/span><\/p>","protected":false},"excerpt":{"rendered":"<p>(Titre de niveau 5 &#8211; Bac + 2 &#8211; d\u00e9livr\u00e9 par la Fneijma) Fiche d\u2019inscription Code RS : RNCP37768Code CPF :\u00a035899Certificateur : FneijmaDate enregistrement certification : 15\/11\/2021 PUBLIC Musicien\u00b7ne Interpr\u00e8te. Accessible en formation initiale et en formation continue sur tests d\u2019entr\u00e9e uniquement OBJECTIF DE LA FORMATION Le cursus AMMA permet \u00e0 l\u2019artiste musicien\u00b7ne de d\u00e9velopper [&hellip;]<\/p>\n","protected":false},"author":1,"featured_media":0,"parent":0,"menu_order":0,"comment_status":"closed","ping_status":"closed","template":"","meta":{"footnotes":""},"class_list":["post-4888","page","type-page","status-publish","czr-hentry"],"yoast_head":"<!-- This site is optimized with the Yoast SEO plugin v26.8 - https:\/\/yoast.com\/product\/yoast-seo-wordpress\/ -->\n<title>Artiste musicien des musiques actuelles - AMMA<\/title>\n<meta name=\"description\" content=\"Le certificat Artiste musicien des musiques actuelles permet de d\u00e9velopper son projet professionnel avec une sp\u00e9cificit\u00e9 \u00e0 choisir.\" \/>\n<meta name=\"robots\" content=\"index, follow, max-snippet:-1, max-image-preview:large, max-video-preview:-1\" \/>\n<link rel=\"canonical\" href=\"https:\/\/musique-equilibre.com\/me\/index.php\/artiste-musicien-des-musiques-actuelles\/\" \/>\n<meta property=\"og:locale\" content=\"fr_FR\" \/>\n<meta property=\"og:type\" content=\"article\" \/>\n<meta property=\"og:title\" content=\"Artiste musicien des musiques actuelles - AMMA\" \/>\n<meta property=\"og:description\" content=\"Le certificat Artiste musicien des musiques actuelles permet de d\u00e9velopper son projet professionnel avec une sp\u00e9cificit\u00e9 \u00e0 choisir.\" \/>\n<meta property=\"og:url\" content=\"https:\/\/musique-equilibre.com\/me\/index.php\/artiste-musicien-des-musiques-actuelles\/\" \/>\n<meta property=\"og:site_name\" content=\"Musique et Equilibre\" \/>\n<meta property=\"article:publisher\" content=\"https:\/\/www.facebook.com\/MusiqueetEquilibre45\" \/>\n<meta property=\"article:modified_time\" content=\"2025-11-14T09:10:40+00:00\" \/>\n<meta property=\"og:image\" content=\"https:\/\/musique-equilibre.com\/me\/wp-content\/uploads\/2023\/01\/LogoQualiopi-300dpi-Avec-Marianne.png\" \/>\n\t<meta property=\"og:image:width\" content=\"634\" \/>\n\t<meta property=\"og:image:height\" content=\"339\" \/>\n\t<meta property=\"og:image:type\" content=\"image\/png\" \/>\n<meta name=\"twitter:card\" content=\"summary_large_image\" \/>\n<meta name=\"twitter:site\" content=\"@Musiquequilibre\" \/>\n<meta name=\"twitter:label1\" content=\"Dur\u00e9e de lecture estim\u00e9e\" \/>\n\t<meta name=\"twitter:data1\" content=\"2 minutes\" \/>\n<script type=\"application\/ld+json\" class=\"yoast-schema-graph\">{\"@context\":\"https:\/\/schema.org\",\"@graph\":[{\"@type\":\"WebPage\",\"@id\":\"https:\/\/musique-equilibre.com\/me\/index.php\/artiste-musicien-des-musiques-actuelles\/\",\"url\":\"https:\/\/musique-equilibre.com\/me\/index.php\/artiste-musicien-des-musiques-actuelles\/\",\"name\":\"Artiste musicien des musiques actuelles - AMMA\",\"isPartOf\":{\"@id\":\"https:\/\/musique-equilibre.com\/me\/#website\"},\"primaryImageOfPage\":{\"@id\":\"https:\/\/musique-equilibre.com\/me\/index.php\/artiste-musicien-des-musiques-actuelles\/#primaryimage\"},\"image\":{\"@id\":\"https:\/\/musique-equilibre.com\/me\/index.php\/artiste-musicien-des-musiques-actuelles\/#primaryimage\"},\"thumbnailUrl\":\"https:\/\/musique-equilibre.com\/me\/wp-content\/uploads\/2023\/01\/LogoQualiopi-300dpi-Avec-Marianne-300x160.png\",\"datePublished\":\"2019-09-10T17:07:05+00:00\",\"dateModified\":\"2025-11-14T09:10:40+00:00\",\"description\":\"Le certificat Artiste musicien des musiques actuelles permet de d\u00e9velopper son projet professionnel avec une sp\u00e9cificit\u00e9 \u00e0 choisir.\",\"breadcrumb\":{\"@id\":\"https:\/\/musique-equilibre.com\/me\/index.php\/artiste-musicien-des-musiques-actuelles\/#breadcrumb\"},\"inLanguage\":\"fr-FR\",\"potentialAction\":[{\"@type\":\"ReadAction\",\"target\":[\"https:\/\/musique-equilibre.com\/me\/index.php\/artiste-musicien-des-musiques-actuelles\/\"]}]},{\"@type\":\"ImageObject\",\"inLanguage\":\"fr-FR\",\"@id\":\"https:\/\/musique-equilibre.com\/me\/index.php\/artiste-musicien-des-musiques-actuelles\/#primaryimage\",\"url\":\"https:\/\/musique-equilibre.com\/me\/wp-content\/uploads\/2023\/01\/LogoQualiopi-300dpi-Avec-Marianne.png\",\"contentUrl\":\"https:\/\/musique-equilibre.com\/me\/wp-content\/uploads\/2023\/01\/LogoQualiopi-300dpi-Avec-Marianne.png\",\"width\":634,\"height\":339},{\"@type\":\"BreadcrumbList\",\"@id\":\"https:\/\/musique-equilibre.com\/me\/index.php\/artiste-musicien-des-musiques-actuelles\/#breadcrumb\",\"itemListElement\":[{\"@type\":\"ListItem\",\"position\":1,\"name\":\"Accueil\",\"item\":\"https:\/\/musique-equilibre.com\/me\/\"},{\"@type\":\"ListItem\",\"position\":2,\"name\":\"Artiste musicien des musiques actuelles &#8211; AMMA\"}]},{\"@type\":\"WebSite\",\"@id\":\"https:\/\/musique-equilibre.com\/me\/#website\",\"url\":\"https:\/\/musique-equilibre.com\/me\/\",\"name\":\"Musique et Equilibre\",\"description\":\"\",\"publisher\":{\"@id\":\"https:\/\/musique-equilibre.com\/me\/#organization\"},\"potentialAction\":[{\"@type\":\"SearchAction\",\"target\":{\"@type\":\"EntryPoint\",\"urlTemplate\":\"https:\/\/musique-equilibre.com\/me\/?s={search_term_string}\"},\"query-input\":{\"@type\":\"PropertyValueSpecification\",\"valueRequired\":true,\"valueName\":\"search_term_string\"}}],\"inLanguage\":\"fr-FR\"},{\"@type\":\"Organization\",\"@id\":\"https:\/\/musique-equilibre.com\/me\/#organization\",\"name\":\"Musique et Equilibre\",\"alternateName\":\"\u00c9cole de musique et salle de concert \u00e0 Orl\u00e9ans\",\"url\":\"https:\/\/musique-equilibre.com\/me\/\",\"logo\":{\"@type\":\"ImageObject\",\"inLanguage\":\"fr-FR\",\"@id\":\"https:\/\/musique-equilibre.com\/me\/#\/schema\/logo\/image\/\",\"url\":\"https:\/\/musique-equilibre.com\/me\/wp-content\/uploads\/2022\/11\/cropped-Logo_orange_texture-1.png\",\"contentUrl\":\"https:\/\/musique-equilibre.com\/me\/wp-content\/uploads\/2022\/11\/cropped-Logo_orange_texture-1.png\",\"width\":512,\"height\":512,\"caption\":\"Musique et Equilibre\"},\"image\":{\"@id\":\"https:\/\/musique-equilibre.com\/me\/#\/schema\/logo\/image\/\"},\"sameAs\":[\"https:\/\/www.facebook.com\/MusiqueetEquilibre45\",\"https:\/\/x.com\/Musiquequilibre\",\"https:\/\/www.instagram.com\/musique_et_equilibre_\/\",\"https:\/\/www.linkedin.com\/company\/musique-&amp;-equilibre\/\",\"https:\/\/www.youtube.com\/c\/MusiqueEquilibreOrleans\/\"]}]}<\/script>\n<!-- \/ Yoast SEO plugin. -->","yoast_head_json":{"title":"Artiste musicien des musiques actuelles - AMMA","description":"Le certificat Artiste musicien des musiques actuelles permet de d\u00e9velopper son projet professionnel avec une sp\u00e9cificit\u00e9 \u00e0 choisir.","robots":{"index":"index","follow":"follow","max-snippet":"max-snippet:-1","max-image-preview":"max-image-preview:large","max-video-preview":"max-video-preview:-1"},"canonical":"https:\/\/musique-equilibre.com\/me\/index.php\/artiste-musicien-des-musiques-actuelles\/","og_locale":"fr_FR","og_type":"article","og_title":"Artiste musicien des musiques actuelles - AMMA","og_description":"Le certificat Artiste musicien des musiques actuelles permet de d\u00e9velopper son projet professionnel avec une sp\u00e9cificit\u00e9 \u00e0 choisir.","og_url":"https:\/\/musique-equilibre.com\/me\/index.php\/artiste-musicien-des-musiques-actuelles\/","og_site_name":"Musique et Equilibre","article_publisher":"https:\/\/www.facebook.com\/MusiqueetEquilibre45","article_modified_time":"2025-11-14T09:10:40+00:00","og_image":[{"width":634,"height":339,"url":"https:\/\/musique-equilibre.com\/me\/wp-content\/uploads\/2023\/01\/LogoQualiopi-300dpi-Avec-Marianne.png","type":"image\/png"}],"twitter_card":"summary_large_image","twitter_site":"@Musiquequilibre","twitter_misc":{"Dur\u00e9e de lecture estim\u00e9e":"2 minutes"},"schema":{"@context":"https:\/\/schema.org","@graph":[{"@type":"WebPage","@id":"https:\/\/musique-equilibre.com\/me\/index.php\/artiste-musicien-des-musiques-actuelles\/","url":"https:\/\/musique-equilibre.com\/me\/index.php\/artiste-musicien-des-musiques-actuelles\/","name":"Artiste musicien des musiques actuelles - AMMA","isPartOf":{"@id":"https:\/\/musique-equilibre.com\/me\/#website"},"primaryImageOfPage":{"@id":"https:\/\/musique-equilibre.com\/me\/index.php\/artiste-musicien-des-musiques-actuelles\/#primaryimage"},"image":{"@id":"https:\/\/musique-equilibre.com\/me\/index.php\/artiste-musicien-des-musiques-actuelles\/#primaryimage"},"thumbnailUrl":"https:\/\/musique-equilibre.com\/me\/wp-content\/uploads\/2023\/01\/LogoQualiopi-300dpi-Avec-Marianne-300x160.png","datePublished":"2019-09-10T17:07:05+00:00","dateModified":"2025-11-14T09:10:40+00:00","description":"Le certificat Artiste musicien des musiques actuelles permet de d\u00e9velopper son projet professionnel avec une sp\u00e9cificit\u00e9 \u00e0 choisir.","breadcrumb":{"@id":"https:\/\/musique-equilibre.com\/me\/index.php\/artiste-musicien-des-musiques-actuelles\/#breadcrumb"},"inLanguage":"fr-FR","potentialAction":[{"@type":"ReadAction","target":["https:\/\/musique-equilibre.com\/me\/index.php\/artiste-musicien-des-musiques-actuelles\/"]}]},{"@type":"ImageObject","inLanguage":"fr-FR","@id":"https:\/\/musique-equilibre.com\/me\/index.php\/artiste-musicien-des-musiques-actuelles\/#primaryimage","url":"https:\/\/musique-equilibre.com\/me\/wp-content\/uploads\/2023\/01\/LogoQualiopi-300dpi-Avec-Marianne.png","contentUrl":"https:\/\/musique-equilibre.com\/me\/wp-content\/uploads\/2023\/01\/LogoQualiopi-300dpi-Avec-Marianne.png","width":634,"height":339},{"@type":"BreadcrumbList","@id":"https:\/\/musique-equilibre.com\/me\/index.php\/artiste-musicien-des-musiques-actuelles\/#breadcrumb","itemListElement":[{"@type":"ListItem","position":1,"name":"Accueil","item":"https:\/\/musique-equilibre.com\/me\/"},{"@type":"ListItem","position":2,"name":"Artiste musicien des musiques actuelles &#8211; AMMA"}]},{"@type":"WebSite","@id":"https:\/\/musique-equilibre.com\/me\/#website","url":"https:\/\/musique-equilibre.com\/me\/","name":"Musique et Equilibre","description":"","publisher":{"@id":"https:\/\/musique-equilibre.com\/me\/#organization"},"potentialAction":[{"@type":"SearchAction","target":{"@type":"EntryPoint","urlTemplate":"https:\/\/musique-equilibre.com\/me\/?s={search_term_string}"},"query-input":{"@type":"PropertyValueSpecification","valueRequired":true,"valueName":"search_term_string"}}],"inLanguage":"fr-FR"},{"@type":"Organization","@id":"https:\/\/musique-equilibre.com\/me\/#organization","name":"Musique et Equilibre","alternateName":"\u00c9cole de musique et salle de concert \u00e0 Orl\u00e9ans","url":"https:\/\/musique-equilibre.com\/me\/","logo":{"@type":"ImageObject","inLanguage":"fr-FR","@id":"https:\/\/musique-equilibre.com\/me\/#\/schema\/logo\/image\/","url":"https:\/\/musique-equilibre.com\/me\/wp-content\/uploads\/2022\/11\/cropped-Logo_orange_texture-1.png","contentUrl":"https:\/\/musique-equilibre.com\/me\/wp-content\/uploads\/2022\/11\/cropped-Logo_orange_texture-1.png","width":512,"height":512,"caption":"Musique et Equilibre"},"image":{"@id":"https:\/\/musique-equilibre.com\/me\/#\/schema\/logo\/image\/"},"sameAs":["https:\/\/www.facebook.com\/MusiqueetEquilibre45","https:\/\/x.com\/Musiquequilibre","https:\/\/www.instagram.com\/musique_et_equilibre_\/","https:\/\/www.linkedin.com\/company\/musique-&amp;-equilibre\/","https:\/\/www.youtube.com\/c\/MusiqueEquilibreOrleans\/"]}]}},"_links":{"self":[{"href":"https:\/\/musique-equilibre.com\/me\/index.php\/wp-json\/wp\/v2\/pages\/4888","targetHints":{"allow":["GET"]}}],"collection":[{"href":"https:\/\/musique-equilibre.com\/me\/index.php\/wp-json\/wp\/v2\/pages"}],"about":[{"href":"https:\/\/musique-equilibre.com\/me\/index.php\/wp-json\/wp\/v2\/types\/page"}],"author":[{"embeddable":true,"href":"https:\/\/musique-equilibre.com\/me\/index.php\/wp-json\/wp\/v2\/users\/1"}],"replies":[{"embeddable":true,"href":"https:\/\/musique-equilibre.com\/me\/index.php\/wp-json\/wp\/v2\/comments?post=4888"}],"version-history":[{"count":77,"href":"https:\/\/musique-equilibre.com\/me\/index.php\/wp-json\/wp\/v2\/pages\/4888\/revisions"}],"predecessor-version":[{"id":18077,"href":"https:\/\/musique-equilibre.com\/me\/index.php\/wp-json\/wp\/v2\/pages\/4888\/revisions\/18077"}],"wp:attachment":[{"href":"https:\/\/musique-equilibre.com\/me\/index.php\/wp-json\/wp\/v2\/media?parent=4888"}],"curies":[{"name":"wp","href":"https:\/\/api.w.org\/{rel}","templated":true}]}}