{"id":4636,"date":"2019-06-26T14:01:23","date_gmt":"2019-06-26T12:01:23","guid":{"rendered":"http:\/\/musique-equilibre.com\/me\/?page_id=4636"},"modified":"2020-06-30T18:30:58","modified_gmt":"2020-06-30T16:30:58","slug":"rentree-2019-2020","status":"publish","type":"page","link":"https:\/\/musique-equilibre.com\/me\/index.php\/rentree-2019-2020\/","title":{"rendered":"<span style=\"font-family: nexa rust sans;\">RENTREE 2020<span style=\"font-family: coves;\">&#8211;<\/span>2021<span style=\"font-family: coves;\">"},"content":{"rendered":"<p style=\"text-align: center;\"><img decoding=\"async\" class=\"alignnone wp-image-3920\" src=\"https:\/\/musique-equilibre.com\/me\/wp-content\/uploads\/2019\/03\/noun_Calendar_2321483.png\" alt=\"\" width=\"76\" height=\"74\" srcset=\"https:\/\/musique-equilibre.com\/me\/wp-content\/uploads\/2019\/03\/noun_Calendar_2321483.png 585w, https:\/\/musique-equilibre.com\/me\/wp-content\/uploads\/2019\/03\/noun_Calendar_2321483-150x147.png 150w, https:\/\/musique-equilibre.com\/me\/wp-content\/uploads\/2019\/03\/noun_Calendar_2321483-300x294.png 300w\" sizes=\"(max-width: 76px) 100vw, 76px\" \/><\/p>\n<p style=\"text-align: center;\"><span style=\"font-family: coves;\">Re<\/span><span style=\"font-family: coves;\">prise des cours \u00e0 partir du <\/span><span style=\"font-family: coves;\">\u00a0<\/span><\/p>\n<p style=\"text-align: center;\"><span style=\"font-family: coves;\"><img decoding=\"async\" class=\"alignnone wp-image-4637\" src=\"https:\/\/musique-equilibre.com\/me\/wp-content\/uploads\/2019\/06\/noun_Arrow_2646999.png\" alt=\"\" width=\"50\" height=\"19\" srcset=\"https:\/\/musique-equilibre.com\/me\/wp-content\/uploads\/2019\/06\/noun_Arrow_2646999.png 601w, https:\/\/musique-equilibre.com\/me\/wp-content\/uploads\/2019\/06\/noun_Arrow_2646999-150x57.png 150w, https:\/\/musique-equilibre.com\/me\/wp-content\/uploads\/2019\/06\/noun_Arrow_2646999-300x114.png 300w, https:\/\/musique-equilibre.com\/me\/wp-content\/uploads\/2019\/06\/noun_Arrow_2646999-570x229.png 570w, https:\/\/musique-equilibre.com\/me\/wp-content\/uploads\/2019\/06\/noun_Arrow_2646999-517x188.png 517w\" sizes=\"(max-width: 50px) 100vw, 50px\" \/> <\/span><span style=\"color: #f6aa5f;\"><strong>14 septembre 2020.<\/strong><\/span><\/p>\n<p style=\"text-align: center;\"><span style=\"font-family: coves;\">Re<\/span><span style=\"font-family: coves;\">prise des ateliers \u00e0 partir du <\/span><span style=\"font-family: coves;\">\u00a0<\/span><\/p>\n<p style=\"text-align: center;\"><span style=\"font-family: coves;\"><img decoding=\"async\" class=\"alignnone wp-image-4637\" src=\"https:\/\/musique-equilibre.com\/me\/wp-content\/uploads\/2019\/06\/noun_Arrow_2646999.png\" alt=\"\" width=\"50\" height=\"19\" srcset=\"https:\/\/musique-equilibre.com\/me\/wp-content\/uploads\/2019\/06\/noun_Arrow_2646999.png 601w, https:\/\/musique-equilibre.com\/me\/wp-content\/uploads\/2019\/06\/noun_Arrow_2646999-150x57.png 150w, https:\/\/musique-equilibre.com\/me\/wp-content\/uploads\/2019\/06\/noun_Arrow_2646999-300x114.png 300w, https:\/\/musique-equilibre.com\/me\/wp-content\/uploads\/2019\/06\/noun_Arrow_2646999-570x229.png 570w, https:\/\/musique-equilibre.com\/me\/wp-content\/uploads\/2019\/06\/noun_Arrow_2646999-517x188.png 517w\" sizes=\"(max-width: 50px) 100vw, 50px\" \/> <\/span><span style=\"color: #f6aa5f;\"><strong>\u00a05 octobre 2020.<\/strong><\/span><\/p>\n<p style=\"text-align: center;\">\n","protected":false},"excerpt":{"rendered":"<p>Reprise des cours \u00e0 partir du \u00a0 14 septembre 2020. Reprise des ateliers \u00e0 partir du \u00a0 \u00a05 octobre 2020.<\/p>\n","protected":false},"author":1,"featured_media":0,"parent":0,"menu_order":0,"comment_status":"closed","ping_status":"closed","template":"","meta":{"footnotes":""},"class_list":["post-4636","page","type-page","status-publish","czr-hentry"],"yoast_head":"<!-- This site is optimized with the Yoast SEO plugin v26.8 - https:\/\/yoast.com\/product\/yoast-seo-wordpress\/ -->\n<title>RENTREE 2020-2021 - Musique et Equilibre<\/title>\n<meta name=\"robots\" content=\"index, follow, max-snippet:-1, max-image-preview:large, max-video-preview:-1\" \/>\n<link rel=\"canonical\" href=\"https:\/\/musique-equilibre.com\/me\/index.php\/rentree-2019-2020\/\" \/>\n<meta property=\"og:locale\" content=\"fr_FR\" \/>\n<meta property=\"og:type\" content=\"article\" \/>\n<meta property=\"og:title\" content=\"RENTREE 2020-2021 - Musique et Equilibre\" \/>\n<meta property=\"og:description\" content=\"Reprise des cours \u00e0 partir du \u00a0 14 septembre 2020. Reprise des ateliers \u00e0 partir du \u00a0 \u00a05 octobre 2020.\" \/>\n<meta property=\"og:url\" content=\"https:\/\/musique-equilibre.com\/me\/index.php\/rentree-2019-2020\/\" \/>\n<meta property=\"og:site_name\" content=\"Musique et Equilibre\" \/>\n<meta property=\"article:publisher\" content=\"https:\/\/www.facebook.com\/MusiqueetEquilibre45\" \/>\n<meta property=\"article:modified_time\" content=\"2020-06-30T16:30:58+00:00\" \/>\n<meta property=\"og:image\" content=\"http:\/\/musique-equilibre.com\/me\/wp-content\/uploads\/2019\/03\/noun_Calendar_2321483.png\" \/>\n<meta name=\"twitter:card\" content=\"summary_large_image\" \/>\n<meta name=\"twitter:site\" content=\"@Musiquequilibre\" \/>\n<script type=\"application\/ld+json\" class=\"yoast-schema-graph\">{\"@context\":\"https:\/\/schema.org\",\"@graph\":[{\"@type\":\"WebPage\",\"@id\":\"https:\/\/musique-equilibre.com\/me\/index.php\/rentree-2019-2020\/\",\"url\":\"https:\/\/musique-equilibre.com\/me\/index.php\/rentree-2019-2020\/\",\"name\":\"RENTREE 2020-2021 - Musique et Equilibre\",\"isPartOf\":{\"@id\":\"https:\/\/musique-equilibre.com\/me\/#website\"},\"primaryImageOfPage\":{\"@id\":\"https:\/\/musique-equilibre.com\/me\/index.php\/rentree-2019-2020\/#primaryimage\"},\"image\":{\"@id\":\"https:\/\/musique-equilibre.com\/me\/index.php\/rentree-2019-2020\/#primaryimage\"},\"thumbnailUrl\":\"http:\/\/musique-equilibre.com\/me\/wp-content\/uploads\/2019\/03\/noun_Calendar_2321483.png\",\"datePublished\":\"2019-06-26T12:01:23+00:00\",\"dateModified\":\"2020-06-30T16:30:58+00:00\",\"breadcrumb\":{\"@id\":\"https:\/\/musique-equilibre.com\/me\/index.php\/rentree-2019-2020\/#breadcrumb\"},\"inLanguage\":\"fr-FR\",\"potentialAction\":[{\"@type\":\"ReadAction\",\"target\":[\"https:\/\/musique-equilibre.com\/me\/index.php\/rentree-2019-2020\/\"]}]},{\"@type\":\"ImageObject\",\"inLanguage\":\"fr-FR\",\"@id\":\"https:\/\/musique-equilibre.com\/me\/index.php\/rentree-2019-2020\/#primaryimage\",\"url\":\"https:\/\/musique-equilibre.com\/me\/wp-content\/uploads\/2019\/03\/noun_Calendar_2321483.png\",\"contentUrl\":\"https:\/\/musique-equilibre.com\/me\/wp-content\/uploads\/2019\/03\/noun_Calendar_2321483.png\",\"width\":585,\"height\":573},{\"@type\":\"BreadcrumbList\",\"@id\":\"https:\/\/musique-equilibre.com\/me\/index.php\/rentree-2019-2020\/#breadcrumb\",\"itemListElement\":[{\"@type\":\"ListItem\",\"position\":1,\"name\":\"Accueil\",\"item\":\"https:\/\/musique-equilibre.com\/me\/\"},{\"@type\":\"ListItem\",\"position\":2,\"name\":\"RENTREE 2020&#8211;2021\"}]},{\"@type\":\"WebSite\",\"@id\":\"https:\/\/musique-equilibre.com\/me\/#website\",\"url\":\"https:\/\/musique-equilibre.com\/me\/\",\"name\":\"Musique et Equilibre\",\"description\":\"\",\"publisher\":{\"@id\":\"https:\/\/musique-equilibre.com\/me\/#organization\"},\"potentialAction\":[{\"@type\":\"SearchAction\",\"target\":{\"@type\":\"EntryPoint\",\"urlTemplate\":\"https:\/\/musique-equilibre.com\/me\/?s={search_term_string}\"},\"query-input\":{\"@type\":\"PropertyValueSpecification\",\"valueRequired\":true,\"valueName\":\"search_term_string\"}}],\"inLanguage\":\"fr-FR\"},{\"@type\":\"Organization\",\"@id\":\"https:\/\/musique-equilibre.com\/me\/#organization\",\"name\":\"Musique et Equilibre\",\"alternateName\":\"\u00c9cole de musique et salle de concert \u00e0 Orl\u00e9ans\",\"url\":\"https:\/\/musique-equilibre.com\/me\/\",\"logo\":{\"@type\":\"ImageObject\",\"inLanguage\":\"fr-FR\",\"@id\":\"https:\/\/musique-equilibre.com\/me\/#\/schema\/logo\/image\/\",\"url\":\"https:\/\/musique-equilibre.com\/me\/wp-content\/uploads\/2022\/11\/cropped-Logo_orange_texture-1.png\",\"contentUrl\":\"https:\/\/musique-equilibre.com\/me\/wp-content\/uploads\/2022\/11\/cropped-Logo_orange_texture-1.png\",\"width\":512,\"height\":512,\"caption\":\"Musique et Equilibre\"},\"image\":{\"@id\":\"https:\/\/musique-equilibre.com\/me\/#\/schema\/logo\/image\/\"},\"sameAs\":[\"https:\/\/www.facebook.com\/MusiqueetEquilibre45\",\"https:\/\/x.com\/Musiquequilibre\",\"https:\/\/www.instagram.com\/musique_et_equilibre_\/\",\"https:\/\/www.linkedin.com\/company\/musique-&amp;-equilibre\/\",\"https:\/\/www.youtube.com\/c\/MusiqueEquilibreOrleans\/\"]}]}<\/script>\n<!-- \/ Yoast SEO plugin. -->","yoast_head_json":{"title":"RENTREE 2020-2021 - Musique et Equilibre","robots":{"index":"index","follow":"follow","max-snippet":"max-snippet:-1","max-image-preview":"max-image-preview:large","max-video-preview":"max-video-preview:-1"},"canonical":"https:\/\/musique-equilibre.com\/me\/index.php\/rentree-2019-2020\/","og_locale":"fr_FR","og_type":"article","og_title":"RENTREE 2020-2021 - Musique et Equilibre","og_description":"Reprise des cours \u00e0 partir du \u00a0 14 septembre 2020. Reprise des ateliers \u00e0 partir du \u00a0 \u00a05 octobre 2020.","og_url":"https:\/\/musique-equilibre.com\/me\/index.php\/rentree-2019-2020\/","og_site_name":"Musique et Equilibre","article_publisher":"https:\/\/www.facebook.com\/MusiqueetEquilibre45","article_modified_time":"2020-06-30T16:30:58+00:00","og_image":[{"url":"http:\/\/musique-equilibre.com\/me\/wp-content\/uploads\/2019\/03\/noun_Calendar_2321483.png","type":"","width":"","height":""}],"twitter_card":"summary_large_image","twitter_site":"@Musiquequilibre","schema":{"@context":"https:\/\/schema.org","@graph":[{"@type":"WebPage","@id":"https:\/\/musique-equilibre.com\/me\/index.php\/rentree-2019-2020\/","url":"https:\/\/musique-equilibre.com\/me\/index.php\/rentree-2019-2020\/","name":"RENTREE 2020-2021 - Musique et Equilibre","isPartOf":{"@id":"https:\/\/musique-equilibre.com\/me\/#website"},"primaryImageOfPage":{"@id":"https:\/\/musique-equilibre.com\/me\/index.php\/rentree-2019-2020\/#primaryimage"},"image":{"@id":"https:\/\/musique-equilibre.com\/me\/index.php\/rentree-2019-2020\/#primaryimage"},"thumbnailUrl":"http:\/\/musique-equilibre.com\/me\/wp-content\/uploads\/2019\/03\/noun_Calendar_2321483.png","datePublished":"2019-06-26T12:01:23+00:00","dateModified":"2020-06-30T16:30:58+00:00","breadcrumb":{"@id":"https:\/\/musique-equilibre.com\/me\/index.php\/rentree-2019-2020\/#breadcrumb"},"inLanguage":"fr-FR","potentialAction":[{"@type":"ReadAction","target":["https:\/\/musique-equilibre.com\/me\/index.php\/rentree-2019-2020\/"]}]},{"@type":"ImageObject","inLanguage":"fr-FR","@id":"https:\/\/musique-equilibre.com\/me\/index.php\/rentree-2019-2020\/#primaryimage","url":"https:\/\/musique-equilibre.com\/me\/wp-content\/uploads\/2019\/03\/noun_Calendar_2321483.png","contentUrl":"https:\/\/musique-equilibre.com\/me\/wp-content\/uploads\/2019\/03\/noun_Calendar_2321483.png","width":585,"height":573},{"@type":"BreadcrumbList","@id":"https:\/\/musique-equilibre.com\/me\/index.php\/rentree-2019-2020\/#breadcrumb","itemListElement":[{"@type":"ListItem","position":1,"name":"Accueil","item":"https:\/\/musique-equilibre.com\/me\/"},{"@type":"ListItem","position":2,"name":"RENTREE 2020&#8211;2021"}]},{"@type":"WebSite","@id":"https:\/\/musique-equilibre.com\/me\/#website","url":"https:\/\/musique-equilibre.com\/me\/","name":"Musique et Equilibre","description":"","publisher":{"@id":"https:\/\/musique-equilibre.com\/me\/#organization"},"potentialAction":[{"@type":"SearchAction","target":{"@type":"EntryPoint","urlTemplate":"https:\/\/musique-equilibre.com\/me\/?s={search_term_string}"},"query-input":{"@type":"PropertyValueSpecification","valueRequired":true,"valueName":"search_term_string"}}],"inLanguage":"fr-FR"},{"@type":"Organization","@id":"https:\/\/musique-equilibre.com\/me\/#organization","name":"Musique et Equilibre","alternateName":"\u00c9cole de musique et salle de concert \u00e0 Orl\u00e9ans","url":"https:\/\/musique-equilibre.com\/me\/","logo":{"@type":"ImageObject","inLanguage":"fr-FR","@id":"https:\/\/musique-equilibre.com\/me\/#\/schema\/logo\/image\/","url":"https:\/\/musique-equilibre.com\/me\/wp-content\/uploads\/2022\/11\/cropped-Logo_orange_texture-1.png","contentUrl":"https:\/\/musique-equilibre.com\/me\/wp-content\/uploads\/2022\/11\/cropped-Logo_orange_texture-1.png","width":512,"height":512,"caption":"Musique et Equilibre"},"image":{"@id":"https:\/\/musique-equilibre.com\/me\/#\/schema\/logo\/image\/"},"sameAs":["https:\/\/www.facebook.com\/MusiqueetEquilibre45","https:\/\/x.com\/Musiquequilibre","https:\/\/www.instagram.com\/musique_et_equilibre_\/","https:\/\/www.linkedin.com\/company\/musique-&amp;-equilibre\/","https:\/\/www.youtube.com\/c\/MusiqueEquilibreOrleans\/"]}]}},"_links":{"self":[{"href":"https:\/\/musique-equilibre.com\/me\/index.php\/wp-json\/wp\/v2\/pages\/4636","targetHints":{"allow":["GET"]}}],"collection":[{"href":"https:\/\/musique-equilibre.com\/me\/index.php\/wp-json\/wp\/v2\/pages"}],"about":[{"href":"https:\/\/musique-equilibre.com\/me\/index.php\/wp-json\/wp\/v2\/types\/page"}],"author":[{"embeddable":true,"href":"https:\/\/musique-equilibre.com\/me\/index.php\/wp-json\/wp\/v2\/users\/1"}],"replies":[{"embeddable":true,"href":"https:\/\/musique-equilibre.com\/me\/index.php\/wp-json\/wp\/v2\/comments?post=4636"}],"version-history":[{"count":6,"href":"https:\/\/musique-equilibre.com\/me\/index.php\/wp-json\/wp\/v2\/pages\/4636\/revisions"}],"predecessor-version":[{"id":6442,"href":"https:\/\/musique-equilibre.com\/me\/index.php\/wp-json\/wp\/v2\/pages\/4636\/revisions\/6442"}],"wp:attachment":[{"href":"https:\/\/musique-equilibre.com\/me\/index.php\/wp-json\/wp\/v2\/media?parent=4636"}],"curies":[{"name":"wp","href":"https:\/\/api.w.org\/{rel}","templated":true}]}}