{"id":4429,"date":"2019-06-24T19:06:11","date_gmt":"2019-06-24T17:06:11","guid":{"rendered":"http:\/\/musique-equilibre.com\/me\/?page_id=4429"},"modified":"2020-04-29T11:08:46","modified_gmt":"2020-04-29T09:08:46","slug":"live15-concertmusiqueorleans","status":"publish","type":"page","link":"https:\/\/musique-equilibre.com\/me\/index.php\/live15-concertmusiqueorleans\/","title":{"rendered":"<p style=\"text-align: center; color: #f15d20;\"><strong><span style=\"font-family: Nexa Rust Sans;\">LIVE<span style=\"font-family: coves;\">#<\/span><span style=\"font-family: Nexa Rust Sans;\">15<span style=\"font-family: coves;\">&#8211; Matthias B. Thierry B. &#8211; 17.juin<\/span><\/strong><\/p>"},"content":{"rendered":"<p><img fetchpriority=\"high\" decoding=\"async\" class=\"size-large wp-image-4438 aligncenter\" src=\"https:\/\/musique-equilibre.com\/me\/wp-content\/uploads\/2019\/06\/P1400314mo-1024x683.jpg\" alt=\"\" width=\"1024\" height=\"683\" srcset=\"https:\/\/musique-equilibre.com\/me\/wp-content\/uploads\/2019\/06\/P1400314mo-1024x683.jpg 1024w, https:\/\/musique-equilibre.com\/me\/wp-content\/uploads\/2019\/06\/P1400314mo-150x100.jpg 150w, https:\/\/musique-equilibre.com\/me\/wp-content\/uploads\/2019\/06\/P1400314mo-300x200.jpg 300w, https:\/\/musique-equilibre.com\/me\/wp-content\/uploads\/2019\/06\/P1400314mo-768x512.jpg 768w, https:\/\/musique-equilibre.com\/me\/wp-content\/uploads\/2019\/06\/P1400314mo.jpg 1095w\" sizes=\"(max-width: 1024px) 100vw, 1024px\" \/><\/p>\n<p><img decoding=\"async\" class=\"size-large wp-image-4440 aligncenter\" src=\"https:\/\/musique-equilibre.com\/me\/wp-content\/uploads\/2019\/06\/P1400330mo-1024x683.jpg\" alt=\"\" width=\"1024\" height=\"683\" srcset=\"https:\/\/musique-equilibre.com\/me\/wp-content\/uploads\/2019\/06\/P1400330mo-1024x683.jpg 1024w, https:\/\/musique-equilibre.com\/me\/wp-content\/uploads\/2019\/06\/P1400330mo-150x100.jpg 150w, https:\/\/musique-equilibre.com\/me\/wp-content\/uploads\/2019\/06\/P1400330mo-300x200.jpg 300w, https:\/\/musique-equilibre.com\/me\/wp-content\/uploads\/2019\/06\/P1400330mo-768x512.jpg 768w, https:\/\/musique-equilibre.com\/me\/wp-content\/uploads\/2019\/06\/P1400330mo.jpg 1095w\" sizes=\"(max-width: 1024px) 100vw, 1024px\" \/><\/p>\n<p><img decoding=\"async\" class=\"size-large wp-image-4442 aligncenter\" src=\"https:\/\/musique-equilibre.com\/me\/wp-content\/uploads\/2019\/06\/P1400338mo.jpg\" alt=\"\" width=\"876\" height=\"584\" srcset=\"https:\/\/musique-equilibre.com\/me\/wp-content\/uploads\/2019\/06\/P1400338mo.jpg 876w, https:\/\/musique-equilibre.com\/me\/wp-content\/uploads\/2019\/06\/P1400338mo-150x100.jpg 150w, https:\/\/musique-equilibre.com\/me\/wp-content\/uploads\/2019\/06\/P1400338mo-300x200.jpg 300w, https:\/\/musique-equilibre.com\/me\/wp-content\/uploads\/2019\/06\/P1400338mo-768x512.jpg 768w\" sizes=\"(max-width: 876px) 100vw, 876px\" \/>&nbsp;<img loading=\"lazy\" decoding=\"async\" class=\"alignnone size-large wp-image-4441\" src=\"https:\/\/musique-equilibre.com\/me\/wp-content\/uploads\/2019\/06\/P1400331mo-1024x683.jpg\" alt=\"\" width=\"1024\" height=\"683\" srcset=\"https:\/\/musique-equilibre.com\/me\/wp-content\/uploads\/2019\/06\/P1400331mo-1024x683.jpg 1024w, https:\/\/musique-equilibre.com\/me\/wp-content\/uploads\/2019\/06\/P1400331mo-150x100.jpg 150w, https:\/\/musique-equilibre.com\/me\/wp-content\/uploads\/2019\/06\/P1400331mo-300x200.jpg 300w, https:\/\/musique-equilibre.com\/me\/wp-content\/uploads\/2019\/06\/P1400331mo-768x512.jpg 768w, https:\/\/musique-equilibre.com\/me\/wp-content\/uploads\/2019\/06\/P1400331mo.jpg 1095w\" sizes=\"(max-width: 1024px) 100vw, 1024px\" \/><\/p>\n<p><img loading=\"lazy\" decoding=\"async\" class=\"alignnone size-large wp-image-4439\" src=\"https:\/\/musique-equilibre.com\/me\/wp-content\/uploads\/2019\/06\/P1400319mo-1024x683.jpg\" alt=\"\" width=\"1024\" height=\"683\" srcset=\"https:\/\/musique-equilibre.com\/me\/wp-content\/uploads\/2019\/06\/P1400319mo-1024x683.jpg 1024w, https:\/\/musique-equilibre.com\/me\/wp-content\/uploads\/2019\/06\/P1400319mo-150x100.jpg 150w, https:\/\/musique-equilibre.com\/me\/wp-content\/uploads\/2019\/06\/P1400319mo-300x200.jpg 300w, https:\/\/musique-equilibre.com\/me\/wp-content\/uploads\/2019\/06\/P1400319mo-768x512.jpg 768w, https:\/\/musique-equilibre.com\/me\/wp-content\/uploads\/2019\/06\/P1400319mo.jpg 1095w\" sizes=\"(max-width: 1024px) 100vw, 1024px\" \/><\/p>\n<p><img loading=\"lazy\" decoding=\"async\" class=\"alignnone size-large wp-image-4660\" src=\"https:\/\/musique-equilibre.com\/me\/wp-content\/uploads\/2019\/07\/P1400297mo-1024x682.jpg\" alt=\"\" width=\"1024\" height=\"682\" srcset=\"https:\/\/musique-equilibre.com\/me\/wp-content\/uploads\/2019\/07\/P1400297mo-1024x682.jpg 1024w, https:\/\/musique-equilibre.com\/me\/wp-content\/uploads\/2019\/07\/P1400297mo-150x100.jpg 150w, https:\/\/musique-equilibre.com\/me\/wp-content\/uploads\/2019\/07\/P1400297mo-300x200.jpg 300w, https:\/\/musique-equilibre.com\/me\/wp-content\/uploads\/2019\/07\/P1400297mo-768x512.jpg 768w, https:\/\/musique-equilibre.com\/me\/wp-content\/uploads\/2019\/07\/P1400297mo.jpg 2000w\" sizes=\"(max-width: 1024px) 100vw, 1024px\" \/>&nbsp;&nbsp;<img loading=\"lazy\" decoding=\"async\" class=\"alignnone size-large wp-image-4661\" src=\"https:\/\/musique-equilibre.com\/me\/wp-content\/uploads\/2019\/07\/P1400305mo-1024x682.jpg\" alt=\"\" width=\"1024\" height=\"682\" srcset=\"https:\/\/musique-equilibre.com\/me\/wp-content\/uploads\/2019\/07\/P1400305mo-1024x682.jpg 1024w, https:\/\/musique-equilibre.com\/me\/wp-content\/uploads\/2019\/07\/P1400305mo-150x100.jpg 150w, https:\/\/musique-equilibre.com\/me\/wp-content\/uploads\/2019\/07\/P1400305mo-300x200.jpg 300w, https:\/\/musique-equilibre.com\/me\/wp-content\/uploads\/2019\/07\/P1400305mo-768x512.jpg 768w, https:\/\/musique-equilibre.com\/me\/wp-content\/uploads\/2019\/07\/P1400305mo.jpg 2000w\" sizes=\"(max-width: 1024px) 100vw, 1024px\" \/>&nbsp;&nbsp;<img loading=\"lazy\" decoding=\"async\" class=\"alignnone size-large wp-image-4662\" src=\"https:\/\/musique-equilibre.com\/me\/wp-content\/uploads\/2019\/07\/P1400370mo-1024x682.jpg\" alt=\"\" width=\"1024\" height=\"682\" srcset=\"https:\/\/musique-equilibre.com\/me\/wp-content\/uploads\/2019\/07\/P1400370mo-1024x682.jpg 1024w, https:\/\/musique-equilibre.com\/me\/wp-content\/uploads\/2019\/07\/P1400370mo-150x100.jpg 150w, https:\/\/musique-equilibre.com\/me\/wp-content\/uploads\/2019\/07\/P1400370mo-300x200.jpg 300w, https:\/\/musique-equilibre.com\/me\/wp-content\/uploads\/2019\/07\/P1400370mo-768x512.jpg 768w, https:\/\/musique-equilibre.com\/me\/wp-content\/uploads\/2019\/07\/P1400370mo.jpg 2000w\" sizes=\"(max-width: 1024px) 100vw, 1024px\" \/><\/p>\n","protected":false},"excerpt":{"rendered":"<p>&nbsp; &nbsp;&nbsp;&nbsp;&nbsp;<\/p>\n","protected":false},"author":1,"featured_media":0,"parent":0,"menu_order":0,"comment_status":"closed","ping_status":"closed","template":"","meta":{"footnotes":""},"class_list":["post-4429","page","type-page","status-publish","czr-hentry"],"yoast_head":"<!-- This site is optimized with the Yoast SEO plugin v26.8 - https:\/\/yoast.com\/product\/yoast-seo-wordpress\/ -->\n<title>LIVE#15- Matthias B. Thierry B. - 17.juin - Musique et Equilibre<\/title>\n<meta name=\"robots\" content=\"index, follow, max-snippet:-1, max-image-preview:large, max-video-preview:-1\" \/>\n<link rel=\"canonical\" href=\"https:\/\/musique-equilibre.com\/me\/index.php\/live15-concertmusiqueorleans\/\" \/>\n<meta property=\"og:locale\" content=\"fr_FR\" \/>\n<meta property=\"og:type\" content=\"article\" \/>\n<meta property=\"og:title\" content=\"LIVE#15- Matthias B. Thierry B. - 17.juin - Musique et Equilibre\" \/>\n<meta property=\"og:description\" content=\"&nbsp; &nbsp;&nbsp;&nbsp;&nbsp;\" \/>\n<meta property=\"og:url\" content=\"https:\/\/musique-equilibre.com\/me\/index.php\/live15-concertmusiqueorleans\/\" \/>\n<meta property=\"og:site_name\" content=\"Musique et Equilibre\" \/>\n<meta property=\"article:publisher\" content=\"https:\/\/www.facebook.com\/MusiqueetEquilibre45\" \/>\n<meta property=\"article:modified_time\" content=\"2020-04-29T09:08:46+00:00\" \/>\n<meta property=\"og:image\" content=\"http:\/\/musique-equilibre.com\/me\/wp-content\/uploads\/2019\/06\/P1400314mo-1024x683.jpg\" \/>\n<meta name=\"twitter:card\" content=\"summary_large_image\" \/>\n<meta name=\"twitter:site\" content=\"@Musiquequilibre\" \/>\n<script type=\"application\/ld+json\" class=\"yoast-schema-graph\">{\"@context\":\"https:\/\/schema.org\",\"@graph\":[{\"@type\":\"WebPage\",\"@id\":\"https:\/\/musique-equilibre.com\/me\/index.php\/live15-concertmusiqueorleans\/\",\"url\":\"https:\/\/musique-equilibre.com\/me\/index.php\/live15-concertmusiqueorleans\/\",\"name\":\"LIVE#15- Matthias B. Thierry B. - 17.juin - Musique et Equilibre\",\"isPartOf\":{\"@id\":\"https:\/\/musique-equilibre.com\/me\/#website\"},\"primaryImageOfPage\":{\"@id\":\"https:\/\/musique-equilibre.com\/me\/index.php\/live15-concertmusiqueorleans\/#primaryimage\"},\"image\":{\"@id\":\"https:\/\/musique-equilibre.com\/me\/index.php\/live15-concertmusiqueorleans\/#primaryimage\"},\"thumbnailUrl\":\"http:\/\/musique-equilibre.com\/me\/wp-content\/uploads\/2019\/06\/P1400314mo-1024x683.jpg\",\"datePublished\":\"2019-06-24T17:06:11+00:00\",\"dateModified\":\"2020-04-29T09:08:46+00:00\",\"breadcrumb\":{\"@id\":\"https:\/\/musique-equilibre.com\/me\/index.php\/live15-concertmusiqueorleans\/#breadcrumb\"},\"inLanguage\":\"fr-FR\",\"potentialAction\":[{\"@type\":\"ReadAction\",\"target\":[\"https:\/\/musique-equilibre.com\/me\/index.php\/live15-concertmusiqueorleans\/\"]}]},{\"@type\":\"ImageObject\",\"inLanguage\":\"fr-FR\",\"@id\":\"https:\/\/musique-equilibre.com\/me\/index.php\/live15-concertmusiqueorleans\/#primaryimage\",\"url\":\"https:\/\/musique-equilibre.com\/me\/wp-content\/uploads\/2019\/06\/P1400314mo.jpg\",\"contentUrl\":\"https:\/\/musique-equilibre.com\/me\/wp-content\/uploads\/2019\/06\/P1400314mo.jpg\",\"width\":1095,\"height\":730},{\"@type\":\"BreadcrumbList\",\"@id\":\"https:\/\/musique-equilibre.com\/me\/index.php\/live15-concertmusiqueorleans\/#breadcrumb\",\"itemListElement\":[{\"@type\":\"ListItem\",\"position\":1,\"name\":\"Accueil\",\"item\":\"https:\/\/musique-equilibre.com\/me\/\"},{\"@type\":\"ListItem\",\"position\":2,\"name\":\"LIVE#15&#8211; Matthias B. Thierry B. &#8211; 17.juin\"}]},{\"@type\":\"WebSite\",\"@id\":\"https:\/\/musique-equilibre.com\/me\/#website\",\"url\":\"https:\/\/musique-equilibre.com\/me\/\",\"name\":\"Musique et Equilibre\",\"description\":\"\",\"publisher\":{\"@id\":\"https:\/\/musique-equilibre.com\/me\/#organization\"},\"potentialAction\":[{\"@type\":\"SearchAction\",\"target\":{\"@type\":\"EntryPoint\",\"urlTemplate\":\"https:\/\/musique-equilibre.com\/me\/?s={search_term_string}\"},\"query-input\":{\"@type\":\"PropertyValueSpecification\",\"valueRequired\":true,\"valueName\":\"search_term_string\"}}],\"inLanguage\":\"fr-FR\"},{\"@type\":\"Organization\",\"@id\":\"https:\/\/musique-equilibre.com\/me\/#organization\",\"name\":\"Musique et Equilibre\",\"alternateName\":\"\u00c9cole de musique et salle de concert \u00e0 Orl\u00e9ans\",\"url\":\"https:\/\/musique-equilibre.com\/me\/\",\"logo\":{\"@type\":\"ImageObject\",\"inLanguage\":\"fr-FR\",\"@id\":\"https:\/\/musique-equilibre.com\/me\/#\/schema\/logo\/image\/\",\"url\":\"https:\/\/musique-equilibre.com\/me\/wp-content\/uploads\/2022\/11\/cropped-Logo_orange_texture-1.png\",\"contentUrl\":\"https:\/\/musique-equilibre.com\/me\/wp-content\/uploads\/2022\/11\/cropped-Logo_orange_texture-1.png\",\"width\":512,\"height\":512,\"caption\":\"Musique et Equilibre\"},\"image\":{\"@id\":\"https:\/\/musique-equilibre.com\/me\/#\/schema\/logo\/image\/\"},\"sameAs\":[\"https:\/\/www.facebook.com\/MusiqueetEquilibre45\",\"https:\/\/x.com\/Musiquequilibre\",\"https:\/\/www.instagram.com\/musique_et_equilibre_\/\",\"https:\/\/www.linkedin.com\/company\/musique-&amp;-equilibre\/\",\"https:\/\/www.youtube.com\/c\/MusiqueEquilibreOrleans\/\"]}]}<\/script>\n<!-- \/ Yoast SEO plugin. -->","yoast_head_json":{"title":"LIVE#15- Matthias B. Thierry B. - 17.juin - Musique et Equilibre","robots":{"index":"index","follow":"follow","max-snippet":"max-snippet:-1","max-image-preview":"max-image-preview:large","max-video-preview":"max-video-preview:-1"},"canonical":"https:\/\/musique-equilibre.com\/me\/index.php\/live15-concertmusiqueorleans\/","og_locale":"fr_FR","og_type":"article","og_title":"LIVE#15- Matthias B. Thierry B. - 17.juin - Musique et Equilibre","og_description":"&nbsp; &nbsp;&nbsp;&nbsp;&nbsp;","og_url":"https:\/\/musique-equilibre.com\/me\/index.php\/live15-concertmusiqueorleans\/","og_site_name":"Musique et Equilibre","article_publisher":"https:\/\/www.facebook.com\/MusiqueetEquilibre45","article_modified_time":"2020-04-29T09:08:46+00:00","og_image":[{"url":"http:\/\/musique-equilibre.com\/me\/wp-content\/uploads\/2019\/06\/P1400314mo-1024x683.jpg","type":"","width":"","height":""}],"twitter_card":"summary_large_image","twitter_site":"@Musiquequilibre","schema":{"@context":"https:\/\/schema.org","@graph":[{"@type":"WebPage","@id":"https:\/\/musique-equilibre.com\/me\/index.php\/live15-concertmusiqueorleans\/","url":"https:\/\/musique-equilibre.com\/me\/index.php\/live15-concertmusiqueorleans\/","name":"LIVE#15- Matthias B. Thierry B. - 17.juin - Musique et Equilibre","isPartOf":{"@id":"https:\/\/musique-equilibre.com\/me\/#website"},"primaryImageOfPage":{"@id":"https:\/\/musique-equilibre.com\/me\/index.php\/live15-concertmusiqueorleans\/#primaryimage"},"image":{"@id":"https:\/\/musique-equilibre.com\/me\/index.php\/live15-concertmusiqueorleans\/#primaryimage"},"thumbnailUrl":"http:\/\/musique-equilibre.com\/me\/wp-content\/uploads\/2019\/06\/P1400314mo-1024x683.jpg","datePublished":"2019-06-24T17:06:11+00:00","dateModified":"2020-04-29T09:08:46+00:00","breadcrumb":{"@id":"https:\/\/musique-equilibre.com\/me\/index.php\/live15-concertmusiqueorleans\/#breadcrumb"},"inLanguage":"fr-FR","potentialAction":[{"@type":"ReadAction","target":["https:\/\/musique-equilibre.com\/me\/index.php\/live15-concertmusiqueorleans\/"]}]},{"@type":"ImageObject","inLanguage":"fr-FR","@id":"https:\/\/musique-equilibre.com\/me\/index.php\/live15-concertmusiqueorleans\/#primaryimage","url":"https:\/\/musique-equilibre.com\/me\/wp-content\/uploads\/2019\/06\/P1400314mo.jpg","contentUrl":"https:\/\/musique-equilibre.com\/me\/wp-content\/uploads\/2019\/06\/P1400314mo.jpg","width":1095,"height":730},{"@type":"BreadcrumbList","@id":"https:\/\/musique-equilibre.com\/me\/index.php\/live15-concertmusiqueorleans\/#breadcrumb","itemListElement":[{"@type":"ListItem","position":1,"name":"Accueil","item":"https:\/\/musique-equilibre.com\/me\/"},{"@type":"ListItem","position":2,"name":"LIVE#15&#8211; Matthias B. Thierry B. &#8211; 17.juin"}]},{"@type":"WebSite","@id":"https:\/\/musique-equilibre.com\/me\/#website","url":"https:\/\/musique-equilibre.com\/me\/","name":"Musique et Equilibre","description":"","publisher":{"@id":"https:\/\/musique-equilibre.com\/me\/#organization"},"potentialAction":[{"@type":"SearchAction","target":{"@type":"EntryPoint","urlTemplate":"https:\/\/musique-equilibre.com\/me\/?s={search_term_string}"},"query-input":{"@type":"PropertyValueSpecification","valueRequired":true,"valueName":"search_term_string"}}],"inLanguage":"fr-FR"},{"@type":"Organization","@id":"https:\/\/musique-equilibre.com\/me\/#organization","name":"Musique et Equilibre","alternateName":"\u00c9cole de musique et salle de concert \u00e0 Orl\u00e9ans","url":"https:\/\/musique-equilibre.com\/me\/","logo":{"@type":"ImageObject","inLanguage":"fr-FR","@id":"https:\/\/musique-equilibre.com\/me\/#\/schema\/logo\/image\/","url":"https:\/\/musique-equilibre.com\/me\/wp-content\/uploads\/2022\/11\/cropped-Logo_orange_texture-1.png","contentUrl":"https:\/\/musique-equilibre.com\/me\/wp-content\/uploads\/2022\/11\/cropped-Logo_orange_texture-1.png","width":512,"height":512,"caption":"Musique et Equilibre"},"image":{"@id":"https:\/\/musique-equilibre.com\/me\/#\/schema\/logo\/image\/"},"sameAs":["https:\/\/www.facebook.com\/MusiqueetEquilibre45","https:\/\/x.com\/Musiquequilibre","https:\/\/www.instagram.com\/musique_et_equilibre_\/","https:\/\/www.linkedin.com\/company\/musique-&amp;-equilibre\/","https:\/\/www.youtube.com\/c\/MusiqueEquilibreOrleans\/"]}]}},"_links":{"self":[{"href":"https:\/\/musique-equilibre.com\/me\/index.php\/wp-json\/wp\/v2\/pages\/4429","targetHints":{"allow":["GET"]}}],"collection":[{"href":"https:\/\/musique-equilibre.com\/me\/index.php\/wp-json\/wp\/v2\/pages"}],"about":[{"href":"https:\/\/musique-equilibre.com\/me\/index.php\/wp-json\/wp\/v2\/types\/page"}],"author":[{"embeddable":true,"href":"https:\/\/musique-equilibre.com\/me\/index.php\/wp-json\/wp\/v2\/users\/1"}],"replies":[{"embeddable":true,"href":"https:\/\/musique-equilibre.com\/me\/index.php\/wp-json\/wp\/v2\/comments?post=4429"}],"version-history":[{"count":4,"href":"https:\/\/musique-equilibre.com\/me\/index.php\/wp-json\/wp\/v2\/pages\/4429\/revisions"}],"predecessor-version":[{"id":6189,"href":"https:\/\/musique-equilibre.com\/me\/index.php\/wp-json\/wp\/v2\/pages\/4429\/revisions\/6189"}],"wp:attachment":[{"href":"https:\/\/musique-equilibre.com\/me\/index.php\/wp-json\/wp\/v2\/media?parent=4429"}],"curies":[{"name":"wp","href":"https:\/\/api.w.org\/{rel}","templated":true}]}}