{"id":440,"date":"2018-09-04T11:41:41","date_gmt":"2018-09-04T09:41:41","guid":{"rendered":"http:\/\/musique-equilibre.com\/me\/?page_id=440"},"modified":"2026-03-02T09:34:30","modified_gmt":"2026-03-02T08:34:30","slug":"contacts","status":"publish","type":"page","link":"https:\/\/musique-equilibre.com\/me\/index.php\/contacts\/","title":{"rendered":"<span style=\"font-family: coves;\">Contacts"},"content":{"rendered":"<div class=\"wp-block-image\">\n<figure class=\"aligncenter size-full is-resized\"><img fetchpriority=\"high\" decoding=\"async\" width=\"512\" height=\"512\" src=\"https:\/\/musique-equilibre.com\/me\/wp-content\/uploads\/2022\/11\/cropped-Logo_orange_texture-1.png\" alt=\"Contacts\" class=\"wp-image-10506\" style=\"width:256px;height:256px\" srcset=\"https:\/\/musique-equilibre.com\/me\/wp-content\/uploads\/2022\/11\/cropped-Logo_orange_texture-1.png 512w, https:\/\/musique-equilibre.com\/me\/wp-content\/uploads\/2022\/11\/cropped-Logo_orange_texture-1-300x300.png 300w, https:\/\/musique-equilibre.com\/me\/wp-content\/uploads\/2022\/11\/cropped-Logo_orange_texture-1-150x150.png 150w, https:\/\/musique-equilibre.com\/me\/wp-content\/uploads\/2022\/11\/cropped-Logo_orange_texture-1-510x510.png 510w, https:\/\/musique-equilibre.com\/me\/wp-content\/uploads\/2022\/11\/cropped-Logo_orange_texture-1-270x270.png 270w, https:\/\/musique-equilibre.com\/me\/wp-content\/uploads\/2022\/11\/cropped-Logo_orange_texture-1-192x192.png 192w, https:\/\/musique-equilibre.com\/me\/wp-content\/uploads\/2022\/11\/cropped-Logo_orange_texture-1-180x180.png 180w, https:\/\/musique-equilibre.com\/me\/wp-content\/uploads\/2022\/11\/cropped-Logo_orange_texture-1-32x32.png 32w\" sizes=\"(max-width: 512px) 100vw, 512px\" \/><\/figure><\/div>\n\n<h1 style=\"text-align: center;\"><span style=\"color: #e25417; font-family: coves;\"><strong>ACCUEIL<\/strong><\/span><\/h1>\n<p style=\"text-align: center;\"><span style=\"font-size: 20px;\"><strong><span style=\"font-family: coves;\">En p\u00e9riode scolaire :<br \/><\/span><\/strong><\/span><span style=\"font-family: coves; font-size: 20px; color: #e25417;\"><a style=\"color: #e25417;\" href=\"https:\/\/le108.org\/\" target=\"_blank\" rel=\"noopener\"><span style=\"font-family: 'Nexa rust sans black';\">108<\/span><\/a><br \/><span style=\"font-size: 17px;\">108 rue de Bourgogne <\/span><\/span><span style=\"font-family: coves; font-size: 20px; color: #e25417;\"><span style=\"font-size: 17px;\">45000 Orl\u00e9ans<\/span><br \/><\/span><strong><span style=\"font-family: coves;\">En p\u00e9riode scolaire :<\/span><\/strong><br \/><span style=\"font-family: coves;\">Lundi : 14h-20h<\/span><br \/><span style=\"font-family: coves;\">Mardi : 14h-20h<\/span><br \/><span style=\"font-family: coves;\">Mercredi : 10h-13h \/ 14h-18h<\/span><br \/><span style=\"font-family: coves;\">Jeudi : 14h-20h<\/span><br \/><span style=\"font-family: coves;\">Vendredi : 9h30-12h30<\/span><\/p>\n<p style=\"text-align: center;\"><span style=\"font-family: coves; font-size: 20px; color: #e25417;\"><a style=\"color: #e25417;\" href=\"https:\/\/www.orleans-metropole.fr\/sport\/etablissements-et-lieux-de-pratique\/largonaute\" target=\"_blank\" rel=\"noreferrer noopener\"><span style=\"font-family: 'Nexa rust sans black';\">Argonaute<\/span><br \/><\/a><span style=\"font-size: 17px;\">73 boulevard Marie Stuart 45000 Orl\u00e9ans<\/span><\/span><br \/><span style=\"font-family: coves;\">Mercredi : 13h-18h<br \/><\/span><\/p>\n<p style=\"text-align: center;\"><strong><span style=\"font-family: coves;\"><span style=\"font-size: 20px;\">Pendant les vacances scolaires :<\/span><br \/><span style=\"font-family: coves; font-size: 20px; color: #e25417;\"><a style=\"color: #e25417;\" href=\"https:\/\/le108.org\/\" target=\"_blank\" rel=\"noopener\"><span style=\"font-family: 'Nexa rust sans black';\">108<\/span><\/a><br \/><span style=\"font-size: 17px;\">108 rue de Bourgogne <\/span><\/span><span style=\"font-family: coves; font-size: 17px; color: #e25417;\">45000 Orl\u00e9ans<\/span><\/span><\/strong><br \/><span style=\"font-family: coves;\">Lundi au jeudi : 14h-16h<\/span><\/p>\n<p style=\"text-align: center;\"><span style=\"font-family: coves; font-size: 20px; color: #e25417;\"><a style=\"color: #e25417;\" href=\"https:\/\/www.orleans-metropole.fr\/sport\/etablissements-et-lieux-de-pratique\/largonaute\" target=\"_blank\" rel=\"noreferrer noopener\"><span style=\"font-family: 'Nexa rust sans black';\">Argonaute<\/span><br \/><\/a><span style=\"font-size: 17px;\">73 boulevard Marie Stuart 45000 Orl\u00e9ans<\/span><\/span><br \/><span style=\"font-family: coves;\">Pas d&rsquo;accueil<\/span><\/p>\n<hr \/>\n<h1 style=\"text-align: center;\"><span style=\"color: #e25417; font-family: coves;\"><strong>NOUS CONTACTER<\/strong><\/span><\/h1>\n<p style=\"text-align: center;\"><span style=\"font-family: coves;\">accueil@musique-equilibre.com<br \/>02 38 54 81 31<\/span><\/p>\n<hr \/>\n<p style=\"text-align: center;\">\u00a0<\/p>\n\n<div class=\"wp-block-image\">\n<figure class=\"aligncenter size-full is-resized\"><img decoding=\"async\" width=\"512\" height=\"512\" src=\"https:\/\/musique-equilibre.com\/me\/wp-content\/uploads\/2022\/11\/warning-icon.png\" alt=\"\" class=\"wp-image-10581\" style=\"width:74px;height:auto\" srcset=\"https:\/\/musique-equilibre.com\/me\/wp-content\/uploads\/2022\/11\/warning-icon.png 512w, https:\/\/musique-equilibre.com\/me\/wp-content\/uploads\/2022\/11\/warning-icon-300x300.png 300w, https:\/\/musique-equilibre.com\/me\/wp-content\/uploads\/2022\/11\/warning-icon-150x150.png 150w, https:\/\/musique-equilibre.com\/me\/wp-content\/uploads\/2022\/11\/warning-icon-510x510.png 510w\" sizes=\"(max-width: 512px) 100vw, 512px\" \/><\/figure><\/div>\n\n<p style=\"text-align: center;\"><span style=\"font-family: coves;\">Vous \u00eates\/avez \u00e9t\u00e9 victime de violences sexuelles ou sexistes dans nos locaux ou dans le milieu des Musiques Actuelles ?<\/span><br \/><span style=\"font-family: coves;\">Merci de consulter ce <a href=\"https:\/\/musique-equilibre.com\/me\/wp-content\/uploads\/2023\/12\/Doc-affichage-VHSS-MAJ.pdf\" target=\"_blank\" rel=\"noreferrer noopener\">document<\/a><\/span><\/p>","protected":false},"excerpt":{"rendered":"<p>ACCUEIL En p\u00e9riode scolaire :108108 rue de Bourgogne 45000 Orl\u00e9ansEn p\u00e9riode scolaire :Lundi : 14h-20hMardi : 14h-20hMercredi : 10h-13h \/ 14h-18hJeudi : 14h-20hVendredi : 9h30-12h30 Argonaute73 boulevard Marie Stuart 45000 Orl\u00e9ansMercredi : 13h-18h Pendant les vacances scolaires :108108 rue de Bourgogne 45000 Orl\u00e9ansLundi au jeudi : 14h-16h Argonaute73 boulevard Marie Stuart 45000 Orl\u00e9ansPas d&rsquo;accueil NOUS [&hellip;]<\/p>\n","protected":false},"author":1,"featured_media":0,"parent":0,"menu_order":0,"comment_status":"closed","ping_status":"closed","template":"","meta":{"footnotes":""},"class_list":["post-440","page","type-page","status-publish","czr-hentry"],"yoast_head":"<!-- This site is optimized with the Yoast SEO plugin v26.8 - https:\/\/yoast.com\/product\/yoast-seo-wordpress\/ -->\n<title>Contacts - Musique et Equilibre<\/title>\n<meta name=\"description\" content=\"Vous souhaitez contacter Musique et \u00c9quilibre ? Les diff\u00e9rents contacts sont ici ainsi que nos horaires d&#039;ouvertures\" \/>\n<meta name=\"robots\" content=\"index, follow, max-snippet:-1, max-image-preview:large, max-video-preview:-1\" \/>\n<link rel=\"canonical\" href=\"https:\/\/musique-equilibre.com\/me\/index.php\/contacts\/\" \/>\n<meta property=\"og:locale\" content=\"fr_FR\" \/>\n<meta property=\"og:type\" content=\"article\" \/>\n<meta property=\"og:title\" content=\"Contacts - Musique et Equilibre\" \/>\n<meta property=\"og:description\" content=\"Vous souhaitez contacter Musique et \u00c9quilibre ? Les diff\u00e9rents contacts sont ici ainsi que nos horaires d&#039;ouvertures\" \/>\n<meta property=\"og:url\" content=\"https:\/\/musique-equilibre.com\/me\/index.php\/contacts\/\" \/>\n<meta property=\"og:site_name\" content=\"Musique et Equilibre\" \/>\n<meta property=\"article:publisher\" content=\"https:\/\/www.facebook.com\/MusiqueetEquilibre45\" \/>\n<meta property=\"article:modified_time\" content=\"2026-03-02T08:34:30+00:00\" \/>\n<meta property=\"og:image\" content=\"http:\/\/musique-equilibre.com\/me\/wp-content\/uploads\/2022\/11\/cropped-Logo_orange_texture-1.png\" \/>\n<meta name=\"twitter:card\" content=\"summary_large_image\" \/>\n<meta name=\"twitter:site\" content=\"@Musiquequilibre\" \/>\n<meta name=\"twitter:label1\" content=\"Dur\u00e9e de lecture estim\u00e9e\" \/>\n\t<meta name=\"twitter:data1\" content=\"1 minute\" \/>\n<script type=\"application\/ld+json\" class=\"yoast-schema-graph\">{\"@context\":\"https:\/\/schema.org\",\"@graph\":[{\"@type\":\"WebPage\",\"@id\":\"https:\/\/musique-equilibre.com\/me\/index.php\/contacts\/\",\"url\":\"https:\/\/musique-equilibre.com\/me\/index.php\/contacts\/\",\"name\":\"Contacts - Musique et Equilibre\",\"isPartOf\":{\"@id\":\"https:\/\/musique-equilibre.com\/me\/#website\"},\"primaryImageOfPage\":{\"@id\":\"https:\/\/musique-equilibre.com\/me\/index.php\/contacts\/#primaryimage\"},\"image\":{\"@id\":\"https:\/\/musique-equilibre.com\/me\/index.php\/contacts\/#primaryimage\"},\"thumbnailUrl\":\"http:\/\/musique-equilibre.com\/me\/wp-content\/uploads\/2022\/11\/cropped-Logo_orange_texture-1.png\",\"datePublished\":\"2018-09-04T09:41:41+00:00\",\"dateModified\":\"2026-03-02T08:34:30+00:00\",\"description\":\"Vous souhaitez contacter Musique et \u00c9quilibre ? Les diff\u00e9rents contacts sont ici ainsi que nos horaires d'ouvertures\",\"breadcrumb\":{\"@id\":\"https:\/\/musique-equilibre.com\/me\/index.php\/contacts\/#breadcrumb\"},\"inLanguage\":\"fr-FR\",\"potentialAction\":[{\"@type\":\"ReadAction\",\"target\":[\"https:\/\/musique-equilibre.com\/me\/index.php\/contacts\/\"]}]},{\"@type\":\"ImageObject\",\"inLanguage\":\"fr-FR\",\"@id\":\"https:\/\/musique-equilibre.com\/me\/index.php\/contacts\/#primaryimage\",\"url\":\"http:\/\/musique-equilibre.com\/me\/wp-content\/uploads\/2022\/11\/cropped-Logo_orange_texture-1.png\",\"contentUrl\":\"http:\/\/musique-equilibre.com\/me\/wp-content\/uploads\/2022\/11\/cropped-Logo_orange_texture-1.png\"},{\"@type\":\"BreadcrumbList\",\"@id\":\"https:\/\/musique-equilibre.com\/me\/index.php\/contacts\/#breadcrumb\",\"itemListElement\":[{\"@type\":\"ListItem\",\"position\":1,\"name\":\"Accueil\",\"item\":\"https:\/\/musique-equilibre.com\/me\/\"},{\"@type\":\"ListItem\",\"position\":2,\"name\":\"Contacts\"}]},{\"@type\":\"WebSite\",\"@id\":\"https:\/\/musique-equilibre.com\/me\/#website\",\"url\":\"https:\/\/musique-equilibre.com\/me\/\",\"name\":\"Musique et Equilibre\",\"description\":\"\",\"publisher\":{\"@id\":\"https:\/\/musique-equilibre.com\/me\/#organization\"},\"potentialAction\":[{\"@type\":\"SearchAction\",\"target\":{\"@type\":\"EntryPoint\",\"urlTemplate\":\"https:\/\/musique-equilibre.com\/me\/?s={search_term_string}\"},\"query-input\":{\"@type\":\"PropertyValueSpecification\",\"valueRequired\":true,\"valueName\":\"search_term_string\"}}],\"inLanguage\":\"fr-FR\"},{\"@type\":\"Organization\",\"@id\":\"https:\/\/musique-equilibre.com\/me\/#organization\",\"name\":\"Musique et Equilibre\",\"alternateName\":\"\u00c9cole de musique et salle de concert \u00e0 Orl\u00e9ans\",\"url\":\"https:\/\/musique-equilibre.com\/me\/\",\"logo\":{\"@type\":\"ImageObject\",\"inLanguage\":\"fr-FR\",\"@id\":\"https:\/\/musique-equilibre.com\/me\/#\/schema\/logo\/image\/\",\"url\":\"https:\/\/musique-equilibre.com\/me\/wp-content\/uploads\/2022\/11\/cropped-Logo_orange_texture-1.png\",\"contentUrl\":\"https:\/\/musique-equilibre.com\/me\/wp-content\/uploads\/2022\/11\/cropped-Logo_orange_texture-1.png\",\"width\":512,\"height\":512,\"caption\":\"Musique et Equilibre\"},\"image\":{\"@id\":\"https:\/\/musique-equilibre.com\/me\/#\/schema\/logo\/image\/\"},\"sameAs\":[\"https:\/\/www.facebook.com\/MusiqueetEquilibre45\",\"https:\/\/x.com\/Musiquequilibre\",\"https:\/\/www.instagram.com\/musique_et_equilibre_\/\",\"https:\/\/www.linkedin.com\/company\/musique-&amp;-equilibre\/\",\"https:\/\/www.youtube.com\/c\/MusiqueEquilibreOrleans\/\"]}]}<\/script>\n<!-- \/ Yoast SEO plugin. -->","yoast_head_json":{"title":"Contacts - Musique et Equilibre","description":"Vous souhaitez contacter Musique et \u00c9quilibre ? Les diff\u00e9rents contacts sont ici ainsi que nos horaires d'ouvertures","robots":{"index":"index","follow":"follow","max-snippet":"max-snippet:-1","max-image-preview":"max-image-preview:large","max-video-preview":"max-video-preview:-1"},"canonical":"https:\/\/musique-equilibre.com\/me\/index.php\/contacts\/","og_locale":"fr_FR","og_type":"article","og_title":"Contacts - Musique et Equilibre","og_description":"Vous souhaitez contacter Musique et \u00c9quilibre ? Les diff\u00e9rents contacts sont ici ainsi que nos horaires d'ouvertures","og_url":"https:\/\/musique-equilibre.com\/me\/index.php\/contacts\/","og_site_name":"Musique et Equilibre","article_publisher":"https:\/\/www.facebook.com\/MusiqueetEquilibre45","article_modified_time":"2026-03-02T08:34:30+00:00","og_image":[{"url":"http:\/\/musique-equilibre.com\/me\/wp-content\/uploads\/2022\/11\/cropped-Logo_orange_texture-1.png","type":"","width":"","height":""}],"twitter_card":"summary_large_image","twitter_site":"@Musiquequilibre","twitter_misc":{"Dur\u00e9e de lecture estim\u00e9e":"1 minute"},"schema":{"@context":"https:\/\/schema.org","@graph":[{"@type":"WebPage","@id":"https:\/\/musique-equilibre.com\/me\/index.php\/contacts\/","url":"https:\/\/musique-equilibre.com\/me\/index.php\/contacts\/","name":"Contacts - Musique et Equilibre","isPartOf":{"@id":"https:\/\/musique-equilibre.com\/me\/#website"},"primaryImageOfPage":{"@id":"https:\/\/musique-equilibre.com\/me\/index.php\/contacts\/#primaryimage"},"image":{"@id":"https:\/\/musique-equilibre.com\/me\/index.php\/contacts\/#primaryimage"},"thumbnailUrl":"http:\/\/musique-equilibre.com\/me\/wp-content\/uploads\/2022\/11\/cropped-Logo_orange_texture-1.png","datePublished":"2018-09-04T09:41:41+00:00","dateModified":"2026-03-02T08:34:30+00:00","description":"Vous souhaitez contacter Musique et \u00c9quilibre ? Les diff\u00e9rents contacts sont ici ainsi que nos horaires d'ouvertures","breadcrumb":{"@id":"https:\/\/musique-equilibre.com\/me\/index.php\/contacts\/#breadcrumb"},"inLanguage":"fr-FR","potentialAction":[{"@type":"ReadAction","target":["https:\/\/musique-equilibre.com\/me\/index.php\/contacts\/"]}]},{"@type":"ImageObject","inLanguage":"fr-FR","@id":"https:\/\/musique-equilibre.com\/me\/index.php\/contacts\/#primaryimage","url":"http:\/\/musique-equilibre.com\/me\/wp-content\/uploads\/2022\/11\/cropped-Logo_orange_texture-1.png","contentUrl":"http:\/\/musique-equilibre.com\/me\/wp-content\/uploads\/2022\/11\/cropped-Logo_orange_texture-1.png"},{"@type":"BreadcrumbList","@id":"https:\/\/musique-equilibre.com\/me\/index.php\/contacts\/#breadcrumb","itemListElement":[{"@type":"ListItem","position":1,"name":"Accueil","item":"https:\/\/musique-equilibre.com\/me\/"},{"@type":"ListItem","position":2,"name":"Contacts"}]},{"@type":"WebSite","@id":"https:\/\/musique-equilibre.com\/me\/#website","url":"https:\/\/musique-equilibre.com\/me\/","name":"Musique et Equilibre","description":"","publisher":{"@id":"https:\/\/musique-equilibre.com\/me\/#organization"},"potentialAction":[{"@type":"SearchAction","target":{"@type":"EntryPoint","urlTemplate":"https:\/\/musique-equilibre.com\/me\/?s={search_term_string}"},"query-input":{"@type":"PropertyValueSpecification","valueRequired":true,"valueName":"search_term_string"}}],"inLanguage":"fr-FR"},{"@type":"Organization","@id":"https:\/\/musique-equilibre.com\/me\/#organization","name":"Musique et Equilibre","alternateName":"\u00c9cole de musique et salle de concert \u00e0 Orl\u00e9ans","url":"https:\/\/musique-equilibre.com\/me\/","logo":{"@type":"ImageObject","inLanguage":"fr-FR","@id":"https:\/\/musique-equilibre.com\/me\/#\/schema\/logo\/image\/","url":"https:\/\/musique-equilibre.com\/me\/wp-content\/uploads\/2022\/11\/cropped-Logo_orange_texture-1.png","contentUrl":"https:\/\/musique-equilibre.com\/me\/wp-content\/uploads\/2022\/11\/cropped-Logo_orange_texture-1.png","width":512,"height":512,"caption":"Musique et Equilibre"},"image":{"@id":"https:\/\/musique-equilibre.com\/me\/#\/schema\/logo\/image\/"},"sameAs":["https:\/\/www.facebook.com\/MusiqueetEquilibre45","https:\/\/x.com\/Musiquequilibre","https:\/\/www.instagram.com\/musique_et_equilibre_\/","https:\/\/www.linkedin.com\/company\/musique-&amp;-equilibre\/","https:\/\/www.youtube.com\/c\/MusiqueEquilibreOrleans\/"]}]}},"_links":{"self":[{"href":"https:\/\/musique-equilibre.com\/me\/index.php\/wp-json\/wp\/v2\/pages\/440","targetHints":{"allow":["GET"]}}],"collection":[{"href":"https:\/\/musique-equilibre.com\/me\/index.php\/wp-json\/wp\/v2\/pages"}],"about":[{"href":"https:\/\/musique-equilibre.com\/me\/index.php\/wp-json\/wp\/v2\/types\/page"}],"author":[{"embeddable":true,"href":"https:\/\/musique-equilibre.com\/me\/index.php\/wp-json\/wp\/v2\/users\/1"}],"replies":[{"embeddable":true,"href":"https:\/\/musique-equilibre.com\/me\/index.php\/wp-json\/wp\/v2\/comments?post=440"}],"version-history":[{"count":114,"href":"https:\/\/musique-equilibre.com\/me\/index.php\/wp-json\/wp\/v2\/pages\/440\/revisions"}],"predecessor-version":[{"id":18588,"href":"https:\/\/musique-equilibre.com\/me\/index.php\/wp-json\/wp\/v2\/pages\/440\/revisions\/18588"}],"wp:attachment":[{"href":"https:\/\/musique-equilibre.com\/me\/index.php\/wp-json\/wp\/v2\/media?parent=440"}],"curies":[{"name":"wp","href":"https:\/\/api.w.org\/{rel}","templated":true}]}}