{"id":4385,"date":"2019-05-22T16:14:56","date_gmt":"2019-05-22T14:14:56","guid":{"rendered":"http:\/\/musique-equilibre.com\/me\/?page_id=4385"},"modified":"2020-04-29T11:14:47","modified_gmt":"2020-04-29T09:14:47","slug":"mosaiques-musiqueetcinema-festivalmusiqueorleans","status":"publish","type":"page","link":"https:\/\/musique-equilibre.com\/me\/index.php\/mosaiques-musiqueetcinema-festivalmusiqueorleans\/","title":{"rendered":"<p style=\"text-align: center; color: #f15d20;\"><strong><span style=\"font-family: Nexa Rust Sans;\">LES MOSA\u00cfQUES<span style=\"font-family: coves;\">#<\/span><span style=\"font-family: Nexa Rust Sans;\">5<\/span> <span style=\"font-family: coves;\">&#8211; Soir\u00e9e Musique et Cin\u00e9ma &#8211; 11.mai<\/span><\/strong><\/p>"},"content":{"rendered":"<p><span style=\"background: #f15d20;\"><span style=\"font-family: Nexa Rust Sans; color: #ffffff;\">SOir\u00e9e musique et cinema<\/span><\/span><\/p>\n<p style=\"text-align: center;\"><img fetchpriority=\"high\" decoding=\"async\" class=\"size-full wp-image-4386 aligncenter\" src=\"https:\/\/musique-equilibre.com\/me\/wp-content\/uploads\/2019\/05\/P1390877.jpg\" alt=\"\" width=\"876\" height=\"584\" srcset=\"https:\/\/musique-equilibre.com\/me\/wp-content\/uploads\/2019\/05\/P1390877.jpg 876w, https:\/\/musique-equilibre.com\/me\/wp-content\/uploads\/2019\/05\/P1390877-150x100.jpg 150w, https:\/\/musique-equilibre.com\/me\/wp-content\/uploads\/2019\/05\/P1390877-300x200.jpg 300w, https:\/\/musique-equilibre.com\/me\/wp-content\/uploads\/2019\/05\/P1390877-768x512.jpg 768w\" sizes=\"(max-width: 876px) 100vw, 876px\" \/> <img decoding=\"async\" class=\"size-large wp-image-4387 aligncenter\" src=\"https:\/\/musique-equilibre.com\/me\/wp-content\/uploads\/2019\/05\/P1390901.jpg\" alt=\"\" width=\"876\" height=\"584\" srcset=\"https:\/\/musique-equilibre.com\/me\/wp-content\/uploads\/2019\/05\/P1390901.jpg 876w, https:\/\/musique-equilibre.com\/me\/wp-content\/uploads\/2019\/05\/P1390901-150x100.jpg 150w, https:\/\/musique-equilibre.com\/me\/wp-content\/uploads\/2019\/05\/P1390901-300x200.jpg 300w, https:\/\/musique-equilibre.com\/me\/wp-content\/uploads\/2019\/05\/P1390901-768x512.jpg 768w\" sizes=\"(max-width: 876px) 100vw, 876px\" \/> <img decoding=\"async\" class=\"size-large wp-image-4388 aligncenter\" src=\"https:\/\/musique-equilibre.com\/me\/wp-content\/uploads\/2019\/05\/P1390925.jpg\" alt=\"\" width=\"876\" height=\"584\" srcset=\"https:\/\/musique-equilibre.com\/me\/wp-content\/uploads\/2019\/05\/P1390925.jpg 876w, https:\/\/musique-equilibre.com\/me\/wp-content\/uploads\/2019\/05\/P1390925-150x100.jpg 150w, https:\/\/musique-equilibre.com\/me\/wp-content\/uploads\/2019\/05\/P1390925-300x200.jpg 300w, https:\/\/musique-equilibre.com\/me\/wp-content\/uploads\/2019\/05\/P1390925-768x512.jpg 768w\" sizes=\"(max-width: 876px) 100vw, 876px\" \/> <img loading=\"lazy\" decoding=\"async\" class=\"size-large wp-image-4389 aligncenter\" src=\"https:\/\/musique-equilibre.com\/me\/wp-content\/uploads\/2019\/05\/P1390950.jpg\" alt=\"\" width=\"876\" height=\"584\" srcset=\"https:\/\/musique-equilibre.com\/me\/wp-content\/uploads\/2019\/05\/P1390950.jpg 876w, https:\/\/musique-equilibre.com\/me\/wp-content\/uploads\/2019\/05\/P1390950-150x100.jpg 150w, https:\/\/musique-equilibre.com\/me\/wp-content\/uploads\/2019\/05\/P1390950-300x200.jpg 300w, https:\/\/musique-equilibre.com\/me\/wp-content\/uploads\/2019\/05\/P1390950-768x512.jpg 768w\" sizes=\"(max-width: 876px) 100vw, 876px\" \/> <img loading=\"lazy\" decoding=\"async\" class=\"size-large wp-image-4390 aligncenter\" src=\"https:\/\/musique-equilibre.com\/me\/wp-content\/uploads\/2019\/05\/P1390982.jpg\" alt=\"\" width=\"876\" height=\"584\" srcset=\"https:\/\/musique-equilibre.com\/me\/wp-content\/uploads\/2019\/05\/P1390982.jpg 876w, https:\/\/musique-equilibre.com\/me\/wp-content\/uploads\/2019\/05\/P1390982-150x100.jpg 150w, https:\/\/musique-equilibre.com\/me\/wp-content\/uploads\/2019\/05\/P1390982-300x200.jpg 300w, https:\/\/musique-equilibre.com\/me\/wp-content\/uploads\/2019\/05\/P1390982-768x512.jpg 768w\" sizes=\"(max-width: 876px) 100vw, 876px\" \/> <img loading=\"lazy\" decoding=\"async\" class=\"size-large wp-image-4391 aligncenter\" src=\"https:\/\/musique-equilibre.com\/me\/wp-content\/uploads\/2019\/05\/P1400002.jpg\" alt=\"\" width=\"876\" height=\"584\" srcset=\"https:\/\/musique-equilibre.com\/me\/wp-content\/uploads\/2019\/05\/P1400002.jpg 876w, https:\/\/musique-equilibre.com\/me\/wp-content\/uploads\/2019\/05\/P1400002-150x100.jpg 150w, https:\/\/musique-equilibre.com\/me\/wp-content\/uploads\/2019\/05\/P1400002-300x200.jpg 300w, https:\/\/musique-equilibre.com\/me\/wp-content\/uploads\/2019\/05\/P1400002-768x512.jpg 768w\" sizes=\"(max-width: 876px) 100vw, 876px\" \/> <img loading=\"lazy\" decoding=\"async\" class=\"size-large wp-image-4392 aligncenter\" src=\"https:\/\/musique-equilibre.com\/me\/wp-content\/uploads\/2019\/05\/P1400043.jpg\" alt=\"\" width=\"876\" height=\"584\" srcset=\"https:\/\/musique-equilibre.com\/me\/wp-content\/uploads\/2019\/05\/P1400043.jpg 876w, https:\/\/musique-equilibre.com\/me\/wp-content\/uploads\/2019\/05\/P1400043-150x100.jpg 150w, https:\/\/musique-equilibre.com\/me\/wp-content\/uploads\/2019\/05\/P1400043-300x200.jpg 300w, https:\/\/musique-equilibre.com\/me\/wp-content\/uploads\/2019\/05\/P1400043-768x512.jpg 768w\" sizes=\"(max-width: 876px) 100vw, 876px\" \/> <img loading=\"lazy\" decoding=\"async\" class=\"size-large wp-image-4393 aligncenter\" src=\"https:\/\/musique-equilibre.com\/me\/wp-content\/uploads\/2019\/05\/P1400052.jpg\" alt=\"\" width=\"876\" height=\"584\" srcset=\"https:\/\/musique-equilibre.com\/me\/wp-content\/uploads\/2019\/05\/P1400052.jpg 876w, https:\/\/musique-equilibre.com\/me\/wp-content\/uploads\/2019\/05\/P1400052-150x100.jpg 150w, https:\/\/musique-equilibre.com\/me\/wp-content\/uploads\/2019\/05\/P1400052-300x200.jpg 300w, https:\/\/musique-equilibre.com\/me\/wp-content\/uploads\/2019\/05\/P1400052-768x512.jpg 768w\" sizes=\"(max-width: 876px) 100vw, 876px\" \/> <img loading=\"lazy\" decoding=\"async\" class=\"size-large wp-image-4394 aligncenter\" src=\"https:\/\/musique-equilibre.com\/me\/wp-content\/uploads\/2019\/05\/P1400073.jpg\" alt=\"\" width=\"876\" height=\"584\" srcset=\"https:\/\/musique-equilibre.com\/me\/wp-content\/uploads\/2019\/05\/P1400073.jpg 876w, https:\/\/musique-equilibre.com\/me\/wp-content\/uploads\/2019\/05\/P1400073-150x100.jpg 150w, https:\/\/musique-equilibre.com\/me\/wp-content\/uploads\/2019\/05\/P1400073-300x200.jpg 300w, https:\/\/musique-equilibre.com\/me\/wp-content\/uploads\/2019\/05\/P1400073-768x512.jpg 768w\" sizes=\"(max-width: 876px) 100vw, 876px\" \/> <img loading=\"lazy\" decoding=\"async\" class=\"size-large wp-image-4395 aligncenter\" src=\"https:\/\/musique-equilibre.com\/me\/wp-content\/uploads\/2019\/05\/P1400105.jpg\" alt=\"\" width=\"876\" height=\"316\" srcset=\"https:\/\/musique-equilibre.com\/me\/wp-content\/uploads\/2019\/05\/P1400105.jpg 876w, https:\/\/musique-equilibre.com\/me\/wp-content\/uploads\/2019\/05\/P1400105-150x54.jpg 150w, https:\/\/musique-equilibre.com\/me\/wp-content\/uploads\/2019\/05\/P1400105-300x108.jpg 300w, https:\/\/musique-equilibre.com\/me\/wp-content\/uploads\/2019\/05\/P1400105-768x277.jpg 768w\" sizes=\"(max-width: 876px) 100vw, 876px\" \/> <img loading=\"lazy\" decoding=\"async\" class=\"size-large wp-image-4396 aligncenter\" src=\"https:\/\/musique-equilibre.com\/me\/wp-content\/uploads\/2019\/05\/P1400109.jpg\" alt=\"\" width=\"876\" height=\"584\" srcset=\"https:\/\/musique-equilibre.com\/me\/wp-content\/uploads\/2019\/05\/P1400109.jpg 876w, https:\/\/musique-equilibre.com\/me\/wp-content\/uploads\/2019\/05\/P1400109-150x100.jpg 150w, https:\/\/musique-equilibre.com\/me\/wp-content\/uploads\/2019\/05\/P1400109-300x200.jpg 300w, https:\/\/musique-equilibre.com\/me\/wp-content\/uploads\/2019\/05\/P1400109-768x512.jpg 768w\" sizes=\"(max-width: 876px) 100vw, 876px\" \/><\/p>\n","protected":false},"excerpt":{"rendered":"<p>SOir\u00e9e musique et cinema<\/p>\n","protected":false},"author":1,"featured_media":0,"parent":0,"menu_order":0,"comment_status":"closed","ping_status":"closed","template":"","meta":{"footnotes":""},"class_list":["post-4385","page","type-page","status-publish","czr-hentry"],"yoast_head":"<!-- This site is optimized with the Yoast SEO plugin v26.8 - https:\/\/yoast.com\/product\/yoast-seo-wordpress\/ -->\n<title>LES MOSA\u00cfQUES#5 - Soir\u00e9e Musique et Cin\u00e9ma - 11.mai - Musique et Equilibre<\/title>\n<meta name=\"robots\" content=\"index, follow, max-snippet:-1, max-image-preview:large, max-video-preview:-1\" \/>\n<link rel=\"canonical\" href=\"https:\/\/musique-equilibre.com\/me\/index.php\/mosaiques-musiqueetcinema-festivalmusiqueorleans\/\" \/>\n<meta property=\"og:locale\" content=\"fr_FR\" \/>\n<meta property=\"og:type\" content=\"article\" \/>\n<meta property=\"og:title\" content=\"LES MOSA\u00cfQUES#5 - Soir\u00e9e Musique et Cin\u00e9ma - 11.mai - Musique et Equilibre\" \/>\n<meta property=\"og:description\" content=\"SOir\u00e9e musique et cinema\" \/>\n<meta property=\"og:url\" content=\"https:\/\/musique-equilibre.com\/me\/index.php\/mosaiques-musiqueetcinema-festivalmusiqueorleans\/\" \/>\n<meta property=\"og:site_name\" content=\"Musique et Equilibre\" \/>\n<meta property=\"article:publisher\" content=\"https:\/\/www.facebook.com\/MusiqueetEquilibre45\" \/>\n<meta property=\"article:modified_time\" content=\"2020-04-29T09:14:47+00:00\" \/>\n<meta property=\"og:image\" content=\"http:\/\/musique-equilibre.com\/me\/wp-content\/uploads\/2019\/05\/P1390877.jpg\" \/>\n<meta name=\"twitter:card\" content=\"summary_large_image\" \/>\n<meta name=\"twitter:site\" content=\"@Musiquequilibre\" \/>\n<script type=\"application\/ld+json\" class=\"yoast-schema-graph\">{\"@context\":\"https:\/\/schema.org\",\"@graph\":[{\"@type\":\"WebPage\",\"@id\":\"https:\/\/musique-equilibre.com\/me\/index.php\/mosaiques-musiqueetcinema-festivalmusiqueorleans\/\",\"url\":\"https:\/\/musique-equilibre.com\/me\/index.php\/mosaiques-musiqueetcinema-festivalmusiqueorleans\/\",\"name\":\"LES MOSA\u00cfQUES#5 - Soir\u00e9e Musique et Cin\u00e9ma - 11.mai - Musique et Equilibre\",\"isPartOf\":{\"@id\":\"https:\/\/musique-equilibre.com\/me\/#website\"},\"primaryImageOfPage\":{\"@id\":\"https:\/\/musique-equilibre.com\/me\/index.php\/mosaiques-musiqueetcinema-festivalmusiqueorleans\/#primaryimage\"},\"image\":{\"@id\":\"https:\/\/musique-equilibre.com\/me\/index.php\/mosaiques-musiqueetcinema-festivalmusiqueorleans\/#primaryimage\"},\"thumbnailUrl\":\"http:\/\/musique-equilibre.com\/me\/wp-content\/uploads\/2019\/05\/P1390877.jpg\",\"datePublished\":\"2019-05-22T14:14:56+00:00\",\"dateModified\":\"2020-04-29T09:14:47+00:00\",\"breadcrumb\":{\"@id\":\"https:\/\/musique-equilibre.com\/me\/index.php\/mosaiques-musiqueetcinema-festivalmusiqueorleans\/#breadcrumb\"},\"inLanguage\":\"fr-FR\",\"potentialAction\":[{\"@type\":\"ReadAction\",\"target\":[\"https:\/\/musique-equilibre.com\/me\/index.php\/mosaiques-musiqueetcinema-festivalmusiqueorleans\/\"]}]},{\"@type\":\"ImageObject\",\"inLanguage\":\"fr-FR\",\"@id\":\"https:\/\/musique-equilibre.com\/me\/index.php\/mosaiques-musiqueetcinema-festivalmusiqueorleans\/#primaryimage\",\"url\":\"https:\/\/musique-equilibre.com\/me\/wp-content\/uploads\/2019\/05\/P1390877.jpg\",\"contentUrl\":\"https:\/\/musique-equilibre.com\/me\/wp-content\/uploads\/2019\/05\/P1390877.jpg\",\"width\":876,\"height\":584},{\"@type\":\"BreadcrumbList\",\"@id\":\"https:\/\/musique-equilibre.com\/me\/index.php\/mosaiques-musiqueetcinema-festivalmusiqueorleans\/#breadcrumb\",\"itemListElement\":[{\"@type\":\"ListItem\",\"position\":1,\"name\":\"Accueil\",\"item\":\"https:\/\/musique-equilibre.com\/me\/\"},{\"@type\":\"ListItem\",\"position\":2,\"name\":\"LES MOSA\u00cfQUES#5 &#8211; Soir\u00e9e Musique et Cin\u00e9ma &#8211; 11.mai\"}]},{\"@type\":\"WebSite\",\"@id\":\"https:\/\/musique-equilibre.com\/me\/#website\",\"url\":\"https:\/\/musique-equilibre.com\/me\/\",\"name\":\"Musique et Equilibre\",\"description\":\"\",\"publisher\":{\"@id\":\"https:\/\/musique-equilibre.com\/me\/#organization\"},\"potentialAction\":[{\"@type\":\"SearchAction\",\"target\":{\"@type\":\"EntryPoint\",\"urlTemplate\":\"https:\/\/musique-equilibre.com\/me\/?s={search_term_string}\"},\"query-input\":{\"@type\":\"PropertyValueSpecification\",\"valueRequired\":true,\"valueName\":\"search_term_string\"}}],\"inLanguage\":\"fr-FR\"},{\"@type\":\"Organization\",\"@id\":\"https:\/\/musique-equilibre.com\/me\/#organization\",\"name\":\"Musique et Equilibre\",\"alternateName\":\"\u00c9cole de musique et salle de concert \u00e0 Orl\u00e9ans\",\"url\":\"https:\/\/musique-equilibre.com\/me\/\",\"logo\":{\"@type\":\"ImageObject\",\"inLanguage\":\"fr-FR\",\"@id\":\"https:\/\/musique-equilibre.com\/me\/#\/schema\/logo\/image\/\",\"url\":\"https:\/\/musique-equilibre.com\/me\/wp-content\/uploads\/2022\/11\/cropped-Logo_orange_texture-1.png\",\"contentUrl\":\"https:\/\/musique-equilibre.com\/me\/wp-content\/uploads\/2022\/11\/cropped-Logo_orange_texture-1.png\",\"width\":512,\"height\":512,\"caption\":\"Musique et Equilibre\"},\"image\":{\"@id\":\"https:\/\/musique-equilibre.com\/me\/#\/schema\/logo\/image\/\"},\"sameAs\":[\"https:\/\/www.facebook.com\/MusiqueetEquilibre45\",\"https:\/\/x.com\/Musiquequilibre\",\"https:\/\/www.instagram.com\/musique_et_equilibre_\/\",\"https:\/\/www.linkedin.com\/company\/musique-&amp;-equilibre\/\",\"https:\/\/www.youtube.com\/c\/MusiqueEquilibreOrleans\/\"]}]}<\/script>\n<!-- \/ Yoast SEO plugin. -->","yoast_head_json":{"title":"LES MOSA\u00cfQUES#5 - Soir\u00e9e Musique et Cin\u00e9ma - 11.mai - Musique et Equilibre","robots":{"index":"index","follow":"follow","max-snippet":"max-snippet:-1","max-image-preview":"max-image-preview:large","max-video-preview":"max-video-preview:-1"},"canonical":"https:\/\/musique-equilibre.com\/me\/index.php\/mosaiques-musiqueetcinema-festivalmusiqueorleans\/","og_locale":"fr_FR","og_type":"article","og_title":"LES MOSA\u00cfQUES#5 - Soir\u00e9e Musique et Cin\u00e9ma - 11.mai - Musique et Equilibre","og_description":"SOir\u00e9e musique et cinema","og_url":"https:\/\/musique-equilibre.com\/me\/index.php\/mosaiques-musiqueetcinema-festivalmusiqueorleans\/","og_site_name":"Musique et Equilibre","article_publisher":"https:\/\/www.facebook.com\/MusiqueetEquilibre45","article_modified_time":"2020-04-29T09:14:47+00:00","og_image":[{"url":"http:\/\/musique-equilibre.com\/me\/wp-content\/uploads\/2019\/05\/P1390877.jpg","type":"","width":"","height":""}],"twitter_card":"summary_large_image","twitter_site":"@Musiquequilibre","schema":{"@context":"https:\/\/schema.org","@graph":[{"@type":"WebPage","@id":"https:\/\/musique-equilibre.com\/me\/index.php\/mosaiques-musiqueetcinema-festivalmusiqueorleans\/","url":"https:\/\/musique-equilibre.com\/me\/index.php\/mosaiques-musiqueetcinema-festivalmusiqueorleans\/","name":"LES MOSA\u00cfQUES#5 - Soir\u00e9e Musique et Cin\u00e9ma - 11.mai - Musique et Equilibre","isPartOf":{"@id":"https:\/\/musique-equilibre.com\/me\/#website"},"primaryImageOfPage":{"@id":"https:\/\/musique-equilibre.com\/me\/index.php\/mosaiques-musiqueetcinema-festivalmusiqueorleans\/#primaryimage"},"image":{"@id":"https:\/\/musique-equilibre.com\/me\/index.php\/mosaiques-musiqueetcinema-festivalmusiqueorleans\/#primaryimage"},"thumbnailUrl":"http:\/\/musique-equilibre.com\/me\/wp-content\/uploads\/2019\/05\/P1390877.jpg","datePublished":"2019-05-22T14:14:56+00:00","dateModified":"2020-04-29T09:14:47+00:00","breadcrumb":{"@id":"https:\/\/musique-equilibre.com\/me\/index.php\/mosaiques-musiqueetcinema-festivalmusiqueorleans\/#breadcrumb"},"inLanguage":"fr-FR","potentialAction":[{"@type":"ReadAction","target":["https:\/\/musique-equilibre.com\/me\/index.php\/mosaiques-musiqueetcinema-festivalmusiqueorleans\/"]}]},{"@type":"ImageObject","inLanguage":"fr-FR","@id":"https:\/\/musique-equilibre.com\/me\/index.php\/mosaiques-musiqueetcinema-festivalmusiqueorleans\/#primaryimage","url":"https:\/\/musique-equilibre.com\/me\/wp-content\/uploads\/2019\/05\/P1390877.jpg","contentUrl":"https:\/\/musique-equilibre.com\/me\/wp-content\/uploads\/2019\/05\/P1390877.jpg","width":876,"height":584},{"@type":"BreadcrumbList","@id":"https:\/\/musique-equilibre.com\/me\/index.php\/mosaiques-musiqueetcinema-festivalmusiqueorleans\/#breadcrumb","itemListElement":[{"@type":"ListItem","position":1,"name":"Accueil","item":"https:\/\/musique-equilibre.com\/me\/"},{"@type":"ListItem","position":2,"name":"LES MOSA\u00cfQUES#5 &#8211; Soir\u00e9e Musique et Cin\u00e9ma &#8211; 11.mai"}]},{"@type":"WebSite","@id":"https:\/\/musique-equilibre.com\/me\/#website","url":"https:\/\/musique-equilibre.com\/me\/","name":"Musique et Equilibre","description":"","publisher":{"@id":"https:\/\/musique-equilibre.com\/me\/#organization"},"potentialAction":[{"@type":"SearchAction","target":{"@type":"EntryPoint","urlTemplate":"https:\/\/musique-equilibre.com\/me\/?s={search_term_string}"},"query-input":{"@type":"PropertyValueSpecification","valueRequired":true,"valueName":"search_term_string"}}],"inLanguage":"fr-FR"},{"@type":"Organization","@id":"https:\/\/musique-equilibre.com\/me\/#organization","name":"Musique et Equilibre","alternateName":"\u00c9cole de musique et salle de concert \u00e0 Orl\u00e9ans","url":"https:\/\/musique-equilibre.com\/me\/","logo":{"@type":"ImageObject","inLanguage":"fr-FR","@id":"https:\/\/musique-equilibre.com\/me\/#\/schema\/logo\/image\/","url":"https:\/\/musique-equilibre.com\/me\/wp-content\/uploads\/2022\/11\/cropped-Logo_orange_texture-1.png","contentUrl":"https:\/\/musique-equilibre.com\/me\/wp-content\/uploads\/2022\/11\/cropped-Logo_orange_texture-1.png","width":512,"height":512,"caption":"Musique et Equilibre"},"image":{"@id":"https:\/\/musique-equilibre.com\/me\/#\/schema\/logo\/image\/"},"sameAs":["https:\/\/www.facebook.com\/MusiqueetEquilibre45","https:\/\/x.com\/Musiquequilibre","https:\/\/www.instagram.com\/musique_et_equilibre_\/","https:\/\/www.linkedin.com\/company\/musique-&amp;-equilibre\/","https:\/\/www.youtube.com\/c\/MusiqueEquilibreOrleans\/"]}]}},"_links":{"self":[{"href":"https:\/\/musique-equilibre.com\/me\/index.php\/wp-json\/wp\/v2\/pages\/4385","targetHints":{"allow":["GET"]}}],"collection":[{"href":"https:\/\/musique-equilibre.com\/me\/index.php\/wp-json\/wp\/v2\/pages"}],"about":[{"href":"https:\/\/musique-equilibre.com\/me\/index.php\/wp-json\/wp\/v2\/types\/page"}],"author":[{"embeddable":true,"href":"https:\/\/musique-equilibre.com\/me\/index.php\/wp-json\/wp\/v2\/users\/1"}],"replies":[{"embeddable":true,"href":"https:\/\/musique-equilibre.com\/me\/index.php\/wp-json\/wp\/v2\/comments?post=4385"}],"version-history":[{"count":3,"href":"https:\/\/musique-equilibre.com\/me\/index.php\/wp-json\/wp\/v2\/pages\/4385\/revisions"}],"predecessor-version":[{"id":6197,"href":"https:\/\/musique-equilibre.com\/me\/index.php\/wp-json\/wp\/v2\/pages\/4385\/revisions\/6197"}],"wp:attachment":[{"href":"https:\/\/musique-equilibre.com\/me\/index.php\/wp-json\/wp\/v2\/media?parent=4385"}],"curies":[{"name":"wp","href":"https:\/\/api.w.org\/{rel}","templated":true}]}}