{"id":361,"date":"2018-09-04T10:53:16","date_gmt":"2018-09-04T08:53:16","guid":{"rendered":"http:\/\/musique-equilibre.com\/me\/?page_id=361"},"modified":"2026-05-11T12:04:28","modified_gmt":"2026-05-11T10:04:28","slug":"equipe-de-musique-et-equilibre","status":"publish","type":"page","link":"https:\/\/musique-equilibre.com\/me\/index.php\/equipe-de-musique-et-equilibre\/","title":{"rendered":"\u00c9quipe de Musique et \u00c9quilibre"},"content":{"rendered":"<h2 style=\"text-align: center;\"><span style=\"font-family: coves;\">D\u00e9couvrez l&rsquo;<a href=\"http:\/\/\u00e9quipe-adminstrative-et-technique\" data-wplink-url-error=\"true\">\u00e9quipe administrative et technique<\/a> et l&rsquo;<a href=\"http:\/\/\u00e9quipe-p\u00e9dagogique\" data-wplink-url-error=\"true\">\u00e9quipe p\u00e9dagogique<\/a> de Musique et \u00c9quilibre, \u00e9cole de musiques actuelles associative \u00e0 Orl\u00e9ans<\/span><\/h2>\n\n\n<figure class=\"wp-block-image alignwide size-large\"><img fetchpriority=\"high\" decoding=\"async\" width=\"1024\" height=\"252\" src=\"https:\/\/musique-equilibre.com\/me\/wp-content\/uploads\/2025\/05\/Banniere-equipe-musique-et-equilibre2-1024x252.jpg\" alt=\"\u00e9quipe professeur musique et \u00e9quilibre loiret orl\u00e9ans \u00e9cole de musique\" class=\"wp-image-16763\" srcset=\"https:\/\/musique-equilibre.com\/me\/wp-content\/uploads\/2025\/05\/Banniere-equipe-musique-et-equilibre2-1024x252.jpg 1024w, https:\/\/musique-equilibre.com\/me\/wp-content\/uploads\/2025\/05\/Banniere-equipe-musique-et-equilibre2-300x74.jpg 300w, https:\/\/musique-equilibre.com\/me\/wp-content\/uploads\/2025\/05\/Banniere-equipe-musique-et-equilibre2-150x37.jpg 150w, https:\/\/musique-equilibre.com\/me\/wp-content\/uploads\/2025\/05\/Banniere-equipe-musique-et-equilibre2-768x189.jpg 768w, https:\/\/musique-equilibre.com\/me\/wp-content\/uploads\/2025\/05\/Banniere-equipe-musique-et-equilibre2.jpg 1366w\" sizes=\"(max-width: 1024px) 100vw, 1024px\" \/><\/figure>\n\n\n\n<p class=\"has-white-color has-text-color has-small-font-size\" style=\"font-style:normal;font-weight:100\">\u00e9quipe et staff de Musique et \u00c9quilibre<\/p>\n\n\n\n<h4 class=\"wp-block-heading has-text-align-center has-background\" id=\"\u00e9quipe-adminstrative-et-technique\" style=\"background-color:#e25417\">\u00c9quipe administrative et technique<\/h4>\n\n\n<p><span style=\"font-family: coves;\"><strong><a href=\"https:\/\/musique-equilibre.com\/me\/index.php\/2023\/08\/23\/aude-prieur-directrice\/\">Aude Prieur<\/a>\u00a0&#8211;\u00a0<\/strong>Directrice<\/span><br data-rich-text-line-break=\"true\" \/><span style=\"font-family: coves;\"><strong><a href=\"https:\/\/musique-equilibre.com\/me\/index.php\/2023\/09\/12\/julien-robillard-charge-de-mecenat\/\" target=\"_blank\" rel=\"noreferrer noopener\">Julien Robillard<\/a><\/strong>\u00a0&#8211;\u00a0Responsable p\u00e9dagogique et charg\u00e9 de m\u00e9c\u00e9nat<\/span><br data-rich-text-line-break=\"true\" \/><span style=\"font-family: coves;\"><strong><a href=\"https:\/\/musique-equilibre.com\/me\/index.php\/2024\/01\/19\/romain-clement-regisseur\/\">Romain Cl\u00e9ment<\/a><\/strong>\u00a0&#8211;\u00a0R\u00e9gisseur g\u00e9n\u00e9ral<\/span><br data-rich-text-line-break=\"true\" \/><span style=\"font-family: coves;\"><strong><a href=\"https:\/\/musique-equilibre.com\/me\/index.php\/2022\/09\/01\/bio-alice-nau\/\">Alice Nau<\/a><\/strong> &#8211;\u00a0Administratrice, charg\u00e9e de communication et action culturelle<\/span><span style=\"font-family: coves;\"><br \/>Jordan Heurtaux &#8211; Service civique Soutien \u00e0 la communication<br \/>Joseph Ndubula &#8211; Service civique Soutien \u00e0 la logistique<\/span><\/p>\n\n\n<h4 class=\"wp-block-heading has-text-align-center has-background\" id=\"\u00e9quipe-p\u00e9dagogique\" style=\"background-color:#e25417\">\u00c9quipe p\u00e9dagogique<\/h4>\n\n\n<p><span style=\"font-family: coves;\"><strong><a href=\"https:\/\/musique-equilibre.com\/me\/index.php\/2019\/09\/02\/bio-matthias-boudeau-coursmusiqueorleans\/\" target=\"_blank\" rel=\"noreferrer noopener\" data-rich-text-format-boundary=\"true\">Matthias Boudeau<\/a>\u00a0&#8211;\u00a0<\/strong>Accord\u00e9on Chromatique<\/span><span style=\"font-family: coves;\"><br \/><a href=\"https:\/\/musique-equilibre.com\/me\/index.php\/2024\/09\/26\/jorge-burbano-coursmusiqueorleans\/\" target=\"_blank\" rel=\"noopener\"><strong>Jorge Burbano<\/strong><\/a> &#8211; Violon<\/span><br data-rich-text-line-break=\"true\" \/><span style=\"font-family: coves;\"><strong><a href=\"https:\/\/musique-equilibre.com\/me\/index.php\/2019\/09\/16\/thierry-brossard-coursmusiqueorleans\/\" target=\"_blank\" rel=\"noreferrer noopener\">Thierry Brossard<\/a>\u00a0&#8211;\u00a0<\/strong>Guitare \/ Atelier blues<\/span><br data-rich-text-line-break=\"true\" \/><span style=\"font-family: coves;\"><strong><a href=\"https:\/\/musique-equilibre.com\/me\/index.php\/2019\/09\/10\/bio-philippe-capelle\/\" target=\"_blank\" rel=\"noreferrer noopener\">Philippe Capelle<\/a>\u00a0&#8211;\u00a0<\/strong>Batterie \/ Atelier pop rock<\/span><br data-rich-text-line-break=\"true\" \/><span style=\"font-family: coves;\"><strong><a href=\"https:\/\/musique-equilibre.com\/me\/index.php\/2019\/11\/06\/bio-romain-clement\/\" target=\"_blank\" rel=\"noreferrer noopener\">Romain Cl\u00e9ment<\/a>\u00a0&#8211;\u00a0<\/strong>Guitare \/ Atelier rock \/ Atelier rock enfants<\/span><br data-rich-text-line-break=\"true\" \/><span style=\"font-family: coves;\"><strong><a href=\"https:\/\/musique-equilibre.com\/me\/index.php\/2019\/09\/10\/bio-stephane-decolly\/\" target=\"_blank\" rel=\"noreferrer noopener\">St\u00e9phane Decolly<\/a>\u00a0&#8211;\u00a0<\/strong>Basse<\/span><br data-rich-text-line-break=\"true\" \/><span style=\"font-family: coves;\"><strong><a href=\"https:\/\/musique-equilibre.com\/me\/index.php\/2019\/09\/10\/bio-thomas-duval\/\" target=\"_blank\" rel=\"noreferrer noopener\">Thomas Duval<\/a>\u00a0&#8211;\u00a0<\/strong>Batterie<br \/><\/span><a href=\"https:\/\/musique-equilibre.com\/me\/index.php\/2024\/09\/02\/anita-farmine-coursmusiqueorleans\/\" target=\"_blank\" rel=\"noopener\">Anita Farmine<\/a> &#8211; Chant<br data-rich-text-line-break=\"true\" \/><span style=\"font-family: coves;\"><strong><a href=\"https:\/\/musique-equilibre.com\/me\/index.php\/2020\/07\/09\/bio-serge-fourneret\/\" target=\"_blank\" rel=\"noreferrer noopener\">Serge Fourneret<\/a>\u00a0&#8211;\u00a0<\/strong>Guitare<\/span><br data-rich-text-line-break=\"true\" \/><span style=\"font-family: coves;\"><a href=\"https:\/\/musique-equilibre.com\/me\/index.php\/2023\/10\/03\/bio-pierre-erwan-grenet\/\" target=\"_blank\" rel=\"noopener\"><strong>Pierre-Erwan Grenet <\/strong><\/a>&#8211; Batterie<\/span><br data-rich-text-line-break=\"true\" \/><span style=\"font-family: coves;\"><strong><a href=\"https:\/\/musique-equilibre.com\/me\/index.php\/2023\/06\/06\/bio-igor-ivanov\/\" target=\"_blank\" rel=\"noreferrer noopener\">Igor Ivanov<\/a><\/strong> &#8211; Atelier afro-cubain<br \/><strong><a href=\"https:\/\/musique-equilibre.com\/me\/index.php\/2019\/09\/03\/bio-thierry-leu\/\" target=\"_blank\" rel=\"noreferrer noopener\">Thierry Leu<\/a>\u00a0&#8211;\u00a0<\/strong>Basse \/ Contrebasse<br data-rich-text-line-break=\"true\" \/><a href=\"https:\/\/musique-equilibre.com\/me\/index.php\/2019\/09\/02\/bio-eric-lheude\/\" target=\"_blank\" rel=\"noreferrer noopener\"><strong>Eric L&rsquo;Heud\u00e9<\/strong><\/a> &#8211; Batterie<br \/><strong><a href=\"https:\/\/musique-equilibre.com\/me\/index.php\/2022\/07\/11\/bio-lamine-ndiaye\/\" target=\"_blank\" rel=\"noreferrer noopener\">Lamine Ndiaye<\/a>\u00a0&#8211;\u00a0<\/strong>Batterie<\/span><br data-rich-text-line-break=\"true\" \/><span style=\"font-family: coves;\"><strong><a href=\"https:\/\/musique-equilibre.com\/me\/index.php\/2020\/07\/09\/bio-irina-michel\/\" target=\"_blank\" rel=\"noreferrer noopener\">Irina Michel<\/a><\/strong> &#8211; Piano<br \/><a href=\"https:\/\/musique-equilibre.com\/me\/index.php\/2020\/09\/10\/bio-stephane-montigny\/\" target=\"_blank\" rel=\"noopener\"><strong>St\u00e9phane Montigny<\/strong><\/a> &#8211; Trombone<\/span><br data-rich-text-line-break=\"true\" \/><span style=\"font-family: coves;\"><strong><a href=\"https:\/\/musique-equilibre.com\/me\/index.php\/2021\/09\/14\/bio-sergio-moreira\/\" target=\"_blank\" rel=\"noreferrer noopener\">Sergio Moreira<\/a><\/strong>\u00a0&#8211; Guitare<\/span><br data-rich-text-line-break=\"true\" \/><span style=\"font-family: coves;\"><strong><a href=\"https:\/\/musique-equilibre.com\/me\/index.php\/2023\/06\/02\/bio-nathalie-morel\/\" target=\"_blank\" rel=\"noreferrer noopener\">Nathalie Morel<\/a><\/strong> &#8211; Maloya \/ Ukul\u00e9l\u00e9<br \/><a href=\"https:\/\/musique-equilibre.com\/me\/index.php\/2025\/08\/18\/raffi-nordiguian-coursmusiqueorleans\/\" target=\"_blank\" rel=\"noopener\"><strong>Raffi Nordiguian<\/strong><\/a> &#8211; Rythme et Oreille \/ Piano \/ Atelier musiques actuelles enfants et ados \/ Atelier D\u00e9couverte<\/span><br data-rich-text-line-break=\"true\" \/><span style=\"font-family: coves;\"><strong><a href=\"https:\/\/musique-equilibre.com\/me\/index.php\/2019\/09\/12\/agnes-orsingher-coursmusiqueorleans\/\" target=\"_blank\" rel=\"noreferrer noopener\">Agn\u00e8s Orsingher<\/a>\u00a0&#8211;\u00a0<\/strong>Guitare<br \/><\/span><a href=\"https:\/\/musique-equilibre.com\/me\/index.php\/2025\/10\/03\/william-palis-coursmusiqueorleans\/\" target=\"_blank\" rel=\"noopener\">William Palis<\/a> &#8211; Basse<br data-rich-text-line-break=\"true\" \/><span style=\"font-family: coves;\"><strong><a href=\"https:\/\/musique-equilibre.com\/me\/index.php\/2019\/09\/10\/bio-aude-prieur\/\" target=\"_blank\" rel=\"noreferrer noopener\">Aude Prieur<\/a>\u00a0&#8211;\u00a0<\/strong>Fl\u00fbtes \/ Atelier celtique \/ Petite Enfance<\/span><br data-rich-text-line-break=\"true\" \/><span style=\"font-family: coves;\"><strong><a href=\"https:\/\/musique-equilibre.com\/me\/index.php\/2022\/05\/18\/bio-julien-robillard\/\" target=\"_blank\" rel=\"noreferrer noopener\">Julien Robillard<\/a>\u00a0&#8211;\u00a0<\/strong>Atelier musiques satur\u00e9es \/ Petite enfance \/ Voix satur\u00e9es<\/span><br data-rich-text-line-break=\"true\" \/><span style=\"font-family: coves;\"><strong><a href=\"https:\/\/musique-equilibre.com\/me\/index.php\/2019\/09\/03\/franck-salle-coursmusiqueorleans\/\" target=\"_blank\" rel=\"noreferrer noopener\">Franck Sall\u00e9<\/a>\u00a0&#8211;\u00a0<\/strong>Chant \/ Atelier chanson \/ Ch\u0153ur Musiques Actuelles \/ Jazzy<\/span><br data-rich-text-line-break=\"true\" \/><span style=\"font-family: coves;\"><a href=\"https:\/\/musique-equilibre.com\/me\/index.php\/2019\/09\/02\/bio-regis-savigny\/\" target=\"_blank\" rel=\"noreferrer noopener\"><strong>Regis Savigny<\/strong><\/a><strong>\u00a0&#8211;\u00a0<\/strong>Guitare<\/span><br data-rich-text-line-break=\"true\" \/><span style=\"font-family: coves;\"><strong><a href=\"https:\/\/musique-equilibre.com\/me\/index.php\/2019\/11\/06\/bio-david-sevestre\/\" target=\"_blank\" rel=\"noreferrer noopener\">David Sevestre<\/a>\u00a0&#8211;\u00a0<\/strong>Saxophone<\/span><br data-rich-text-line-break=\"true\" \/><span style=\"font-family: coves;\"><strong><a href=\"https:\/\/musique-equilibre.com\/me\/index.php\/2019\/09\/03\/bio-nathalie-skopek-coursmusiqueorleans\/\" target=\"_blank\" rel=\"noreferrer noopener\">Nathalie Skopek<\/a>\u00a0&#8211;\u00a0<\/strong>Piano<br \/><strong><a href=\"https:\/\/musique-equilibre.com\/me\/index.php\/2024\/09\/17\/baptiste-soisson-coursmusiqueorleans\/\" target=\"_blank\" rel=\"noopener\">Baptiste Soisson<\/a><\/strong> &#8211; Piano<\/span><br data-rich-text-line-break=\"true\" \/><span style=\"font-family: coves;\"><strong><a href=\"https:\/\/musique-equilibre.com\/me\/index.php\/2019\/09\/02\/vincent-viala-coursmusiqueorleans\/\" target=\"_blank\" rel=\"noreferrer noopener\">Vincent Viala<\/a>\u00a0&#8211;\u00a0<\/strong>Piano<\/span><\/p>","protected":false},"excerpt":{"rendered":"<p>D\u00e9couvrez l&rsquo;\u00e9quipe administrative et technique et l&rsquo;\u00e9quipe p\u00e9dagogique de Musique et \u00c9quilibre, \u00e9cole de musiques actuelles associative \u00e0 Orl\u00e9ans \u00e9quipe et staff de Musique et \u00c9quilibre \u00c9quipe administrative et technique Aude Prieur\u00a0&#8211;\u00a0DirectriceJulien Robillard\u00a0&#8211;\u00a0Responsable p\u00e9dagogique et charg\u00e9 de m\u00e9c\u00e9natRomain Cl\u00e9ment\u00a0&#8211;\u00a0R\u00e9gisseur g\u00e9n\u00e9ralAlice Nau &#8211;\u00a0Administratrice, charg\u00e9e de communication et action culturelleJordan Heurtaux &#8211; Service civique Soutien \u00e0 la [&hellip;]<\/p>\n","protected":false},"author":1,"featured_media":0,"parent":0,"menu_order":0,"comment_status":"closed","ping_status":"closed","template":"","meta":{"footnotes":""},"class_list":["post-361","page","type-page","status-publish","czr-hentry"],"yoast_head":"<!-- This site is optimized with the Yoast SEO plugin v26.8 - https:\/\/yoast.com\/product\/yoast-seo-wordpress\/ -->\n<title>\u00c9quipe de Musique et \u00c9quilibre - Musique et Equilibre<\/title>\n<meta name=\"description\" content=\"Equipe : D\u00e9couvrez le staff et l&#039;\u00e9quipe p\u00e9dagogique de Musique et \u00c9quilibre, \u00e9cole de musique associative \u00e0 Orl\u00e9ans.\" \/>\n<meta name=\"robots\" content=\"index, follow, max-snippet:-1, max-image-preview:large, max-video-preview:-1\" \/>\n<link rel=\"canonical\" href=\"https:\/\/musique-equilibre.com\/me\/index.php\/equipe-de-musique-et-equilibre\/\" \/>\n<meta property=\"og:locale\" content=\"fr_FR\" \/>\n<meta property=\"og:type\" content=\"article\" \/>\n<meta property=\"og:title\" content=\"\u00c9quipe de Musique et \u00c9quilibre - Musique et Equilibre\" \/>\n<meta property=\"og:description\" content=\"Equipe : D\u00e9couvrez le staff et l&#039;\u00e9quipe p\u00e9dagogique de Musique et \u00c9quilibre, \u00e9cole de musique associative \u00e0 Orl\u00e9ans.\" \/>\n<meta property=\"og:url\" content=\"https:\/\/musique-equilibre.com\/me\/index.php\/equipe-de-musique-et-equilibre\/\" \/>\n<meta property=\"og:site_name\" content=\"Musique et Equilibre\" \/>\n<meta property=\"article:publisher\" content=\"https:\/\/www.facebook.com\/MusiqueetEquilibre45\" \/>\n<meta property=\"article:modified_time\" content=\"2026-05-11T10:04:28+00:00\" \/>\n<meta property=\"og:image\" content=\"https:\/\/musique-equilibre.com\/me\/wp-content\/uploads\/2025\/05\/Banniere-equipe-musique-et-equilibre2.jpg\" \/>\n\t<meta property=\"og:image:width\" content=\"1366\" \/>\n\t<meta property=\"og:image:height\" content=\"336\" \/>\n\t<meta property=\"og:image:type\" content=\"image\/jpeg\" \/>\n<meta name=\"twitter:card\" content=\"summary_large_image\" \/>\n<meta name=\"twitter:site\" content=\"@Musiquequilibre\" \/>\n<meta name=\"twitter:label1\" content=\"Dur\u00e9e de lecture estim\u00e9e\" \/>\n\t<meta name=\"twitter:data1\" content=\"2 minutes\" \/>\n<script type=\"application\/ld+json\" class=\"yoast-schema-graph\">{\"@context\":\"https:\/\/schema.org\",\"@graph\":[{\"@type\":\"WebPage\",\"@id\":\"https:\/\/musique-equilibre.com\/me\/index.php\/equipe-de-musique-et-equilibre\/\",\"url\":\"https:\/\/musique-equilibre.com\/me\/index.php\/equipe-de-musique-et-equilibre\/\",\"name\":\"\u00c9quipe de Musique et \u00c9quilibre - Musique et Equilibre\",\"isPartOf\":{\"@id\":\"https:\/\/musique-equilibre.com\/me\/#website\"},\"primaryImageOfPage\":{\"@id\":\"https:\/\/musique-equilibre.com\/me\/index.php\/equipe-de-musique-et-equilibre\/#primaryimage\"},\"image\":{\"@id\":\"https:\/\/musique-equilibre.com\/me\/index.php\/equipe-de-musique-et-equilibre\/#primaryimage\"},\"thumbnailUrl\":\"https:\/\/musique-equilibre.com\/me\/wp-content\/uploads\/2025\/05\/Banniere-equipe-musique-et-equilibre2-1024x252.jpg\",\"datePublished\":\"2018-09-04T08:53:16+00:00\",\"dateModified\":\"2026-05-11T10:04:28+00:00\",\"description\":\"Equipe : D\u00e9couvrez le staff et l'\u00e9quipe p\u00e9dagogique de Musique et \u00c9quilibre, \u00e9cole de musique associative \u00e0 Orl\u00e9ans.\",\"breadcrumb\":{\"@id\":\"https:\/\/musique-equilibre.com\/me\/index.php\/equipe-de-musique-et-equilibre\/#breadcrumb\"},\"inLanguage\":\"fr-FR\",\"potentialAction\":[{\"@type\":\"ReadAction\",\"target\":[\"https:\/\/musique-equilibre.com\/me\/index.php\/equipe-de-musique-et-equilibre\/\"]}]},{\"@type\":\"ImageObject\",\"inLanguage\":\"fr-FR\",\"@id\":\"https:\/\/musique-equilibre.com\/me\/index.php\/equipe-de-musique-et-equilibre\/#primaryimage\",\"url\":\"https:\/\/musique-equilibre.com\/me\/wp-content\/uploads\/2025\/05\/Banniere-equipe-musique-et-equilibre2.jpg\",\"contentUrl\":\"https:\/\/musique-equilibre.com\/me\/wp-content\/uploads\/2025\/05\/Banniere-equipe-musique-et-equilibre2.jpg\",\"width\":1366,\"height\":336,\"caption\":\"\u00e9quipe professeur musique et \u00e9quilibre loiret orl\u00e9ans \u00e9cole de musique\"},{\"@type\":\"BreadcrumbList\",\"@id\":\"https:\/\/musique-equilibre.com\/me\/index.php\/equipe-de-musique-et-equilibre\/#breadcrumb\",\"itemListElement\":[{\"@type\":\"ListItem\",\"position\":1,\"name\":\"Accueil\",\"item\":\"https:\/\/musique-equilibre.com\/me\/\"},{\"@type\":\"ListItem\",\"position\":2,\"name\":\"\u00c9quipe de Musique et \u00c9quilibre\"}]},{\"@type\":\"WebSite\",\"@id\":\"https:\/\/musique-equilibre.com\/me\/#website\",\"url\":\"https:\/\/musique-equilibre.com\/me\/\",\"name\":\"Musique et Equilibre\",\"description\":\"\",\"publisher\":{\"@id\":\"https:\/\/musique-equilibre.com\/me\/#organization\"},\"potentialAction\":[{\"@type\":\"SearchAction\",\"target\":{\"@type\":\"EntryPoint\",\"urlTemplate\":\"https:\/\/musique-equilibre.com\/me\/?s={search_term_string}\"},\"query-input\":{\"@type\":\"PropertyValueSpecification\",\"valueRequired\":true,\"valueName\":\"search_term_string\"}}],\"inLanguage\":\"fr-FR\"},{\"@type\":\"Organization\",\"@id\":\"https:\/\/musique-equilibre.com\/me\/#organization\",\"name\":\"Musique et Equilibre\",\"alternateName\":\"\u00c9cole de musique et salle de concert \u00e0 Orl\u00e9ans\",\"url\":\"https:\/\/musique-equilibre.com\/me\/\",\"logo\":{\"@type\":\"ImageObject\",\"inLanguage\":\"fr-FR\",\"@id\":\"https:\/\/musique-equilibre.com\/me\/#\/schema\/logo\/image\/\",\"url\":\"https:\/\/musique-equilibre.com\/me\/wp-content\/uploads\/2022\/11\/cropped-Logo_orange_texture-1.png\",\"contentUrl\":\"https:\/\/musique-equilibre.com\/me\/wp-content\/uploads\/2022\/11\/cropped-Logo_orange_texture-1.png\",\"width\":512,\"height\":512,\"caption\":\"Musique et Equilibre\"},\"image\":{\"@id\":\"https:\/\/musique-equilibre.com\/me\/#\/schema\/logo\/image\/\"},\"sameAs\":[\"https:\/\/www.facebook.com\/MusiqueetEquilibre45\",\"https:\/\/x.com\/Musiquequilibre\",\"https:\/\/www.instagram.com\/musique_et_equilibre_\/\",\"https:\/\/www.linkedin.com\/company\/musique-&amp;-equilibre\/\",\"https:\/\/www.youtube.com\/c\/MusiqueEquilibreOrleans\/\"]}]}<\/script>\n<!-- \/ Yoast SEO plugin. -->","yoast_head_json":{"title":"\u00c9quipe de Musique et \u00c9quilibre - Musique et Equilibre","description":"Equipe : D\u00e9couvrez le staff et l'\u00e9quipe p\u00e9dagogique de Musique et \u00c9quilibre, \u00e9cole de musique associative \u00e0 Orl\u00e9ans.","robots":{"index":"index","follow":"follow","max-snippet":"max-snippet:-1","max-image-preview":"max-image-preview:large","max-video-preview":"max-video-preview:-1"},"canonical":"https:\/\/musique-equilibre.com\/me\/index.php\/equipe-de-musique-et-equilibre\/","og_locale":"fr_FR","og_type":"article","og_title":"\u00c9quipe de Musique et \u00c9quilibre - Musique et Equilibre","og_description":"Equipe : D\u00e9couvrez le staff et l'\u00e9quipe p\u00e9dagogique de Musique et \u00c9quilibre, \u00e9cole de musique associative \u00e0 Orl\u00e9ans.","og_url":"https:\/\/musique-equilibre.com\/me\/index.php\/equipe-de-musique-et-equilibre\/","og_site_name":"Musique et Equilibre","article_publisher":"https:\/\/www.facebook.com\/MusiqueetEquilibre45","article_modified_time":"2026-05-11T10:04:28+00:00","og_image":[{"width":1366,"height":336,"url":"https:\/\/musique-equilibre.com\/me\/wp-content\/uploads\/2025\/05\/Banniere-equipe-musique-et-equilibre2.jpg","type":"image\/jpeg"}],"twitter_card":"summary_large_image","twitter_site":"@Musiquequilibre","twitter_misc":{"Dur\u00e9e de lecture estim\u00e9e":"2 minutes"},"schema":{"@context":"https:\/\/schema.org","@graph":[{"@type":"WebPage","@id":"https:\/\/musique-equilibre.com\/me\/index.php\/equipe-de-musique-et-equilibre\/","url":"https:\/\/musique-equilibre.com\/me\/index.php\/equipe-de-musique-et-equilibre\/","name":"\u00c9quipe de Musique et \u00c9quilibre - Musique et Equilibre","isPartOf":{"@id":"https:\/\/musique-equilibre.com\/me\/#website"},"primaryImageOfPage":{"@id":"https:\/\/musique-equilibre.com\/me\/index.php\/equipe-de-musique-et-equilibre\/#primaryimage"},"image":{"@id":"https:\/\/musique-equilibre.com\/me\/index.php\/equipe-de-musique-et-equilibre\/#primaryimage"},"thumbnailUrl":"https:\/\/musique-equilibre.com\/me\/wp-content\/uploads\/2025\/05\/Banniere-equipe-musique-et-equilibre2-1024x252.jpg","datePublished":"2018-09-04T08:53:16+00:00","dateModified":"2026-05-11T10:04:28+00:00","description":"Equipe : D\u00e9couvrez le staff et l'\u00e9quipe p\u00e9dagogique de Musique et \u00c9quilibre, \u00e9cole de musique associative \u00e0 Orl\u00e9ans.","breadcrumb":{"@id":"https:\/\/musique-equilibre.com\/me\/index.php\/equipe-de-musique-et-equilibre\/#breadcrumb"},"inLanguage":"fr-FR","potentialAction":[{"@type":"ReadAction","target":["https:\/\/musique-equilibre.com\/me\/index.php\/equipe-de-musique-et-equilibre\/"]}]},{"@type":"ImageObject","inLanguage":"fr-FR","@id":"https:\/\/musique-equilibre.com\/me\/index.php\/equipe-de-musique-et-equilibre\/#primaryimage","url":"https:\/\/musique-equilibre.com\/me\/wp-content\/uploads\/2025\/05\/Banniere-equipe-musique-et-equilibre2.jpg","contentUrl":"https:\/\/musique-equilibre.com\/me\/wp-content\/uploads\/2025\/05\/Banniere-equipe-musique-et-equilibre2.jpg","width":1366,"height":336,"caption":"\u00e9quipe professeur musique et \u00e9quilibre loiret orl\u00e9ans \u00e9cole de musique"},{"@type":"BreadcrumbList","@id":"https:\/\/musique-equilibre.com\/me\/index.php\/equipe-de-musique-et-equilibre\/#breadcrumb","itemListElement":[{"@type":"ListItem","position":1,"name":"Accueil","item":"https:\/\/musique-equilibre.com\/me\/"},{"@type":"ListItem","position":2,"name":"\u00c9quipe de Musique et \u00c9quilibre"}]},{"@type":"WebSite","@id":"https:\/\/musique-equilibre.com\/me\/#website","url":"https:\/\/musique-equilibre.com\/me\/","name":"Musique et Equilibre","description":"","publisher":{"@id":"https:\/\/musique-equilibre.com\/me\/#organization"},"potentialAction":[{"@type":"SearchAction","target":{"@type":"EntryPoint","urlTemplate":"https:\/\/musique-equilibre.com\/me\/?s={search_term_string}"},"query-input":{"@type":"PropertyValueSpecification","valueRequired":true,"valueName":"search_term_string"}}],"inLanguage":"fr-FR"},{"@type":"Organization","@id":"https:\/\/musique-equilibre.com\/me\/#organization","name":"Musique et Equilibre","alternateName":"\u00c9cole de musique et salle de concert \u00e0 Orl\u00e9ans","url":"https:\/\/musique-equilibre.com\/me\/","logo":{"@type":"ImageObject","inLanguage":"fr-FR","@id":"https:\/\/musique-equilibre.com\/me\/#\/schema\/logo\/image\/","url":"https:\/\/musique-equilibre.com\/me\/wp-content\/uploads\/2022\/11\/cropped-Logo_orange_texture-1.png","contentUrl":"https:\/\/musique-equilibre.com\/me\/wp-content\/uploads\/2022\/11\/cropped-Logo_orange_texture-1.png","width":512,"height":512,"caption":"Musique et Equilibre"},"image":{"@id":"https:\/\/musique-equilibre.com\/me\/#\/schema\/logo\/image\/"},"sameAs":["https:\/\/www.facebook.com\/MusiqueetEquilibre45","https:\/\/x.com\/Musiquequilibre","https:\/\/www.instagram.com\/musique_et_equilibre_\/","https:\/\/www.linkedin.com\/company\/musique-&amp;-equilibre\/","https:\/\/www.youtube.com\/c\/MusiqueEquilibreOrleans\/"]}]}},"_links":{"self":[{"href":"https:\/\/musique-equilibre.com\/me\/index.php\/wp-json\/wp\/v2\/pages\/361","targetHints":{"allow":["GET"]}}],"collection":[{"href":"https:\/\/musique-equilibre.com\/me\/index.php\/wp-json\/wp\/v2\/pages"}],"about":[{"href":"https:\/\/musique-equilibre.com\/me\/index.php\/wp-json\/wp\/v2\/types\/page"}],"author":[{"embeddable":true,"href":"https:\/\/musique-equilibre.com\/me\/index.php\/wp-json\/wp\/v2\/users\/1"}],"replies":[{"embeddable":true,"href":"https:\/\/musique-equilibre.com\/me\/index.php\/wp-json\/wp\/v2\/comments?post=361"}],"version-history":[{"count":206,"href":"https:\/\/musique-equilibre.com\/me\/index.php\/wp-json\/wp\/v2\/pages\/361\/revisions"}],"predecessor-version":[{"id":18919,"href":"https:\/\/musique-equilibre.com\/me\/index.php\/wp-json\/wp\/v2\/pages\/361\/revisions\/18919"}],"wp:attachment":[{"href":"https:\/\/musique-equilibre.com\/me\/index.php\/wp-json\/wp\/v2\/media?parent=361"}],"curies":[{"name":"wp","href":"https:\/\/api.w.org\/{rel}","templated":true}]}}