{"id":360,"date":"2018-09-04T10:53:16","date_gmt":"2018-09-04T08:53:16","guid":{"rendered":"http:\/\/musique-equilibre.com\/me\/?page_id=360"},"modified":"2020-04-29T10:45:01","modified_gmt":"2020-04-29T08:45:01","slug":"2017-2018-coursmusiqueorleans","status":"publish","type":"page","link":"https:\/\/musique-equilibre.com\/me\/index.php\/2017-2018-coursmusiqueorleans\/","title":{"rendered":"<span style=\"font-family: coves;\">2017-2018"},"content":{"rendered":"<blockquote class=\"wp-embedded-content\" data-secret=\"2KeLQKk1uY\"><p><a href=\"https:\/\/musique-equilibre.com\/me\/index.php\/2018\/06\/27\/presse-seisme-mai-2018-2\/\">PRESSE \/ S\u00e9isme &#8211; Mai 2018<\/a><\/p><\/blockquote>\n<p><iframe title=\"\u00ab\u00a0PRESSE \/ S\u00e9isme &#8211; Mai 2018\u00a0\u00bb &#8212; Musique et Equilibre\" class=\"wp-embedded-content\" sandbox=\"allow-scripts\" security=\"restricted\" style=\"position: absolute; clip: rect(1px, 1px, 1px, 1px);\" src=\"https:\/\/musique-equilibre.com\/me\/index.php\/2018\/06\/27\/presse-seisme-mai-2018-2\/embed\/#?secret=2KeLQKk1uY\" data-secret=\"2KeLQKk1uY\" width=\"600\" height=\"338\" frameborder=\"0\" marginwidth=\"0\" marginheight=\"0\" scrolling=\"no\"><\/iframe><\/p>\n<blockquote class=\"wp-embedded-content\" data-secret=\"i1eVSpETPf\"><p><a href=\"https:\/\/musique-equilibre.com\/me\/index.php\/2018\/06\/27\/presse-seisme-mai-2018\/\">PRESSE \/ S\u00e9isme &#8211; Mai 2018<\/a><\/p><\/blockquote>\n<p><iframe title=\"\u00ab\u00a0PRESSE \/ S\u00e9isme &#8211; Mai 2018\u00a0\u00bb &#8212; Musique et Equilibre\" class=\"wp-embedded-content\" sandbox=\"allow-scripts\" security=\"restricted\" style=\"position: absolute; clip: rect(1px, 1px, 1px, 1px);\" src=\"https:\/\/musique-equilibre.com\/me\/index.php\/2018\/06\/27\/presse-seisme-mai-2018\/embed\/#?secret=i1eVSpETPf\" data-secret=\"i1eVSpETPf\" width=\"600\" height=\"338\" frameborder=\"0\" marginwidth=\"0\" marginheight=\"0\" scrolling=\"no\"><\/iframe><\/p>\n<blockquote class=\"wp-embedded-content\" data-secret=\"7ucdRLmKT2\"><p><a href=\"https:\/\/musique-equilibre.com\/me\/index.php\/2018\/06\/27\/presse-musique-et-equilibre-avril-2018\/\">PRESSE \/ Musique et Equilibre &#8211; Avril 2018<\/a><\/p><\/blockquote>\n<p><iframe title=\"\u00ab\u00a0PRESSE \/ Musique et Equilibre &#8211; Avril 2018\u00a0\u00bb &#8212; Musique et Equilibre\" class=\"wp-embedded-content\" sandbox=\"allow-scripts\" security=\"restricted\" style=\"position: absolute; clip: rect(1px, 1px, 1px, 1px);\" src=\"https:\/\/musique-equilibre.com\/me\/index.php\/2018\/06\/27\/presse-musique-et-equilibre-avril-2018\/embed\/#?secret=7ucdRLmKT2\" data-secret=\"7ucdRLmKT2\" width=\"600\" height=\"338\" frameborder=\"0\" marginwidth=\"0\" marginheight=\"0\" scrolling=\"no\"><\/iframe><\/p>\n<blockquote class=\"wp-embedded-content\" data-secret=\"rvsKAmqCWh\"><p><a href=\"https:\/\/musique-equilibre.com\/me\/index.php\/2018\/06\/27\/presse-seisme-avril-2018-3\/\">PRESSE \/ S\u00e9isme &#8211; Avril 2018<\/a><\/p><\/blockquote>\n<p><iframe title=\"\u00ab\u00a0PRESSE \/ S\u00e9isme &#8211; Avril 2018\u00a0\u00bb &#8212; Musique et Equilibre\" class=\"wp-embedded-content\" sandbox=\"allow-scripts\" security=\"restricted\" style=\"position: absolute; clip: rect(1px, 1px, 1px, 1px);\" src=\"https:\/\/musique-equilibre.com\/me\/index.php\/2018\/06\/27\/presse-seisme-avril-2018-3\/embed\/#?secret=rvsKAmqCWh\" data-secret=\"rvsKAmqCWh\" width=\"600\" height=\"338\" frameborder=\"0\" marginwidth=\"0\" marginheight=\"0\" scrolling=\"no\"><\/iframe><\/p>\n<blockquote class=\"wp-embedded-content\" data-secret=\"PSyGOrJSWP\"><p><a href=\"https:\/\/musique-equilibre.com\/me\/index.php\/2018\/06\/27\/radio-seisme-rfl-avril-2018\/\">RADIO \/ S\u00e9isme &#8211; RFL Avril 2018<\/a><\/p><\/blockquote>\n<p><iframe title=\"\u00ab\u00a0RADIO \/ S\u00e9isme &#8211; RFL Avril 2018\u00a0\u00bb &#8212; Musique et Equilibre\" class=\"wp-embedded-content\" sandbox=\"allow-scripts\" security=\"restricted\" style=\"position: absolute; clip: rect(1px, 1px, 1px, 1px);\" src=\"https:\/\/musique-equilibre.com\/me\/index.php\/2018\/06\/27\/radio-seisme-rfl-avril-2018\/embed\/#?secret=PSyGOrJSWP\" data-secret=\"PSyGOrJSWP\" width=\"600\" height=\"338\" frameborder=\"0\" marginwidth=\"0\" marginheight=\"0\" scrolling=\"no\"><\/iframe><\/p>\n<blockquote class=\"wp-embedded-content\" data-secret=\"fz9TjfYyzl\"><p><a href=\"https:\/\/musique-equilibre.com\/me\/index.php\/2018\/06\/27\/television-musique-et-equilibre-avril-2018\/\">TELEVISION \/ Musique et Equilibre &#8211; Avril 2018<\/a><\/p><\/blockquote>\n<p><iframe title=\"\u00ab\u00a0TELEVISION \/ Musique et Equilibre &#8211; Avril 2018\u00a0\u00bb &#8212; Musique et Equilibre\" class=\"wp-embedded-content\" sandbox=\"allow-scripts\" security=\"restricted\" style=\"position: absolute; clip: rect(1px, 1px, 1px, 1px);\" src=\"https:\/\/musique-equilibre.com\/me\/index.php\/2018\/06\/27\/television-musique-et-equilibre-avril-2018\/embed\/#?secret=fz9TjfYyzl\" data-secret=\"fz9TjfYyzl\" width=\"600\" height=\"338\" frameborder=\"0\" marginwidth=\"0\" marginheight=\"0\" scrolling=\"no\"><\/iframe><\/p>\n<blockquote class=\"wp-embedded-content\" data-secret=\"lidKe5vB0G\"><p><a href=\"https:\/\/musique-equilibre.com\/me\/index.php\/2018\/06\/27\/presse-seisme-avril-2018-2\/\">PRESSE \/ S\u00e9isme &#8211; Avril 2018<\/a><\/p><\/blockquote>\n<p><iframe title=\"\u00ab\u00a0PRESSE \/ S\u00e9isme &#8211; Avril 2018\u00a0\u00bb &#8212; Musique et Equilibre\" class=\"wp-embedded-content\" sandbox=\"allow-scripts\" security=\"restricted\" style=\"position: absolute; clip: rect(1px, 1px, 1px, 1px);\" src=\"https:\/\/musique-equilibre.com\/me\/index.php\/2018\/06\/27\/presse-seisme-avril-2018-2\/embed\/#?secret=lidKe5vB0G\" data-secret=\"lidKe5vB0G\" width=\"600\" height=\"338\" frameborder=\"0\" marginwidth=\"0\" marginheight=\"0\" scrolling=\"no\"><\/iframe><\/p>\n<blockquote class=\"wp-embedded-content\" data-secret=\"X8noLbZz7Q\"><p><a href=\"https:\/\/musique-equilibre.com\/me\/index.php\/2018\/06\/27\/presse-seisme-avril-2018\/\">PRESSE \/ S\u00e9isme &#8211; Avril 2018<\/a><\/p><\/blockquote>\n<p><iframe title=\"\u00ab\u00a0PRESSE \/ S\u00e9isme &#8211; Avril 2018\u00a0\u00bb &#8212; Musique et Equilibre\" class=\"wp-embedded-content\" sandbox=\"allow-scripts\" security=\"restricted\" style=\"position: absolute; clip: rect(1px, 1px, 1px, 1px);\" src=\"https:\/\/musique-equilibre.com\/me\/index.php\/2018\/06\/27\/presse-seisme-avril-2018\/embed\/#?secret=X8noLbZz7Q\" data-secret=\"X8noLbZz7Q\" width=\"600\" height=\"338\" frameborder=\"0\" marginwidth=\"0\" marginheight=\"0\" scrolling=\"no\"><\/iframe><\/p>\n<blockquote class=\"wp-embedded-content\" data-secret=\"XTif7Tqqmw\"><p><a href=\"https:\/\/musique-equilibre.com\/me\/index.php\/2018\/06\/27\/presse-seisme-mars-2018\/\">PRESSE \/ S\u00e9isme &#8211; Mars 2018<\/a><\/p><\/blockquote>\n<p><iframe title=\"\u00ab\u00a0PRESSE \/ S\u00e9isme &#8211; Mars 2018\u00a0\u00bb &#8212; Musique et Equilibre\" class=\"wp-embedded-content\" sandbox=\"allow-scripts\" security=\"restricted\" style=\"position: absolute; clip: rect(1px, 1px, 1px, 1px);\" src=\"https:\/\/musique-equilibre.com\/me\/index.php\/2018\/06\/27\/presse-seisme-mars-2018\/embed\/#?secret=XTif7Tqqmw\" data-secret=\"XTif7Tqqmw\" width=\"600\" height=\"338\" frameborder=\"0\" marginwidth=\"0\" marginheight=\"0\" scrolling=\"no\"><\/iframe><\/p>\n<blockquote class=\"wp-embedded-content\" data-secret=\"Ws9KvwCU5c\"><p><a href=\"https:\/\/musique-equilibre.com\/me\/index.php\/2018\/06\/27\/presse-musique-et-equilibre-2\/\">PRESSE \/ Musique et Equilibre &#8211; Janvier 2018<\/a><\/p><\/blockquote>\n<p><iframe title=\"\u00ab\u00a0PRESSE \/ Musique et Equilibre &#8211; Janvier 2018\u00a0\u00bb &#8212; Musique et Equilibre\" class=\"wp-embedded-content\" sandbox=\"allow-scripts\" security=\"restricted\" style=\"position: absolute; clip: rect(1px, 1px, 1px, 1px);\" src=\"https:\/\/musique-equilibre.com\/me\/index.php\/2018\/06\/27\/presse-musique-et-equilibre-2\/embed\/#?secret=Ws9KvwCU5c\" data-secret=\"Ws9KvwCU5c\" width=\"600\" height=\"338\" frameborder=\"0\" marginwidth=\"0\" marginheight=\"0\" scrolling=\"no\"><\/iframe><\/p>\n<blockquote class=\"wp-embedded-content\" data-secret=\"nQ4jIOZ2Hw\"><p><a href=\"https:\/\/musique-equilibre.com\/me\/index.php\/2018\/06\/27\/presse-musique-et-equilibre\/\">PRESSE &#8211; Musique et \u00c9quilibre &#8211; Janvier 2018<\/a><\/p><\/blockquote>\n<p><iframe title=\"\u00ab\u00a0PRESSE &#8211; Musique et \u00c9quilibre &#8211; Janvier 2018\u00a0\u00bb &#8212; Musique et Equilibre\" class=\"wp-embedded-content\" sandbox=\"allow-scripts\" security=\"restricted\" style=\"position: absolute; clip: rect(1px, 1px, 1px, 1px);\" src=\"https:\/\/musique-equilibre.com\/me\/index.php\/2018\/06\/27\/presse-musique-et-equilibre\/embed\/#?secret=nQ4jIOZ2Hw\" data-secret=\"nQ4jIOZ2Hw\" width=\"600\" height=\"338\" frameborder=\"0\" marginwidth=\"0\" marginheight=\"0\" scrolling=\"no\"><\/iframe><\/p>\n<p>&nbsp;<\/p>\n<p>&nbsp;<\/p>\n","protected":false},"excerpt":{"rendered":"<p>PRESSE \/ S\u00e9isme &#8211; Mai 2018 PRESSE \/ S\u00e9isme &#8211; Mai 2018 PRESSE \/ Musique et Equilibre &#8211; Avril 2018 PRESSE \/ S\u00e9isme &#8211; Avril 2018 RADIO \/ S\u00e9isme &#8211; RFL Avril 2018 TELEVISION \/ Musique et Equilibre &#8211; Avril 2018 PRESSE \/ S\u00e9isme &#8211; Avril 2018 PRESSE \/ S\u00e9isme &#8211; Avril 2018 PRESSE \/ [&hellip;]<\/p>\n","protected":false},"author":1,"featured_media":0,"parent":0,"menu_order":0,"comment_status":"closed","ping_status":"closed","template":"","meta":{"footnotes":""},"class_list":["post-360","page","type-page","status-publish","czr-hentry"],"yoast_head":"<!-- This site is optimized with the Yoast SEO plugin v26.8 - https:\/\/yoast.com\/product\/yoast-seo-wordpress\/ -->\n<title>2017-2018 - Musique et Equilibre<\/title>\n<meta name=\"robots\" content=\"index, follow, max-snippet:-1, max-image-preview:large, max-video-preview:-1\" \/>\n<link rel=\"canonical\" href=\"https:\/\/musique-equilibre.com\/me\/index.php\/2017-2018-coursmusiqueorleans\/\" \/>\n<meta property=\"og:locale\" content=\"fr_FR\" \/>\n<meta property=\"og:type\" content=\"article\" \/>\n<meta property=\"og:title\" content=\"2017-2018 - Musique et Equilibre\" \/>\n<meta property=\"og:description\" content=\"PRESSE \/ S\u00e9isme &#8211; Mai 2018 PRESSE \/ S\u00e9isme &#8211; Mai 2018 PRESSE \/ Musique et Equilibre &#8211; Avril 2018 PRESSE \/ S\u00e9isme &#8211; Avril 2018 RADIO \/ S\u00e9isme &#8211; RFL Avril 2018 TELEVISION \/ Musique et Equilibre &#8211; Avril 2018 PRESSE \/ S\u00e9isme &#8211; Avril 2018 PRESSE \/ S\u00e9isme &#8211; Avril 2018 PRESSE \/ [&hellip;]\" \/>\n<meta property=\"og:url\" content=\"https:\/\/musique-equilibre.com\/me\/index.php\/2017-2018-coursmusiqueorleans\/\" \/>\n<meta property=\"og:site_name\" content=\"Musique et Equilibre\" \/>\n<meta property=\"article:publisher\" content=\"https:\/\/www.facebook.com\/MusiqueetEquilibre45\" \/>\n<meta property=\"article:modified_time\" content=\"2020-04-29T08:45:01+00:00\" \/>\n<meta name=\"twitter:card\" content=\"summary_large_image\" \/>\n<meta name=\"twitter:site\" content=\"@Musiquequilibre\" \/>\n<script type=\"application\/ld+json\" class=\"yoast-schema-graph\">{\"@context\":\"https:\/\/schema.org\",\"@graph\":[{\"@type\":\"WebPage\",\"@id\":\"https:\/\/musique-equilibre.com\/me\/index.php\/2017-2018-coursmusiqueorleans\/\",\"url\":\"https:\/\/musique-equilibre.com\/me\/index.php\/2017-2018-coursmusiqueorleans\/\",\"name\":\"2017-2018 - Musique et Equilibre\",\"isPartOf\":{\"@id\":\"https:\/\/musique-equilibre.com\/me\/#website\"},\"datePublished\":\"2018-09-04T08:53:16+00:00\",\"dateModified\":\"2020-04-29T08:45:01+00:00\",\"breadcrumb\":{\"@id\":\"https:\/\/musique-equilibre.com\/me\/index.php\/2017-2018-coursmusiqueorleans\/#breadcrumb\"},\"inLanguage\":\"fr-FR\",\"potentialAction\":[{\"@type\":\"ReadAction\",\"target\":[\"https:\/\/musique-equilibre.com\/me\/index.php\/2017-2018-coursmusiqueorleans\/\"]}]},{\"@type\":\"BreadcrumbList\",\"@id\":\"https:\/\/musique-equilibre.com\/me\/index.php\/2017-2018-coursmusiqueorleans\/#breadcrumb\",\"itemListElement\":[{\"@type\":\"ListItem\",\"position\":1,\"name\":\"Accueil\",\"item\":\"https:\/\/musique-equilibre.com\/me\/\"},{\"@type\":\"ListItem\",\"position\":2,\"name\":\"2017-2018\"}]},{\"@type\":\"WebSite\",\"@id\":\"https:\/\/musique-equilibre.com\/me\/#website\",\"url\":\"https:\/\/musique-equilibre.com\/me\/\",\"name\":\"Musique et Equilibre\",\"description\":\"\",\"publisher\":{\"@id\":\"https:\/\/musique-equilibre.com\/me\/#organization\"},\"potentialAction\":[{\"@type\":\"SearchAction\",\"target\":{\"@type\":\"EntryPoint\",\"urlTemplate\":\"https:\/\/musique-equilibre.com\/me\/?s={search_term_string}\"},\"query-input\":{\"@type\":\"PropertyValueSpecification\",\"valueRequired\":true,\"valueName\":\"search_term_string\"}}],\"inLanguage\":\"fr-FR\"},{\"@type\":\"Organization\",\"@id\":\"https:\/\/musique-equilibre.com\/me\/#organization\",\"name\":\"Musique et Equilibre\",\"alternateName\":\"\u00c9cole de musique et salle de concert \u00e0 Orl\u00e9ans\",\"url\":\"https:\/\/musique-equilibre.com\/me\/\",\"logo\":{\"@type\":\"ImageObject\",\"inLanguage\":\"fr-FR\",\"@id\":\"https:\/\/musique-equilibre.com\/me\/#\/schema\/logo\/image\/\",\"url\":\"https:\/\/musique-equilibre.com\/me\/wp-content\/uploads\/2022\/11\/cropped-Logo_orange_texture-1.png\",\"contentUrl\":\"https:\/\/musique-equilibre.com\/me\/wp-content\/uploads\/2022\/11\/cropped-Logo_orange_texture-1.png\",\"width\":512,\"height\":512,\"caption\":\"Musique et Equilibre\"},\"image\":{\"@id\":\"https:\/\/musique-equilibre.com\/me\/#\/schema\/logo\/image\/\"},\"sameAs\":[\"https:\/\/www.facebook.com\/MusiqueetEquilibre45\",\"https:\/\/x.com\/Musiquequilibre\",\"https:\/\/www.instagram.com\/musique_et_equilibre_\/\",\"https:\/\/www.linkedin.com\/company\/musique-&amp;-equilibre\/\",\"https:\/\/www.youtube.com\/c\/MusiqueEquilibreOrleans\/\"]}]}<\/script>\n<!-- \/ Yoast SEO plugin. -->","yoast_head_json":{"title":"2017-2018 - Musique et Equilibre","robots":{"index":"index","follow":"follow","max-snippet":"max-snippet:-1","max-image-preview":"max-image-preview:large","max-video-preview":"max-video-preview:-1"},"canonical":"https:\/\/musique-equilibre.com\/me\/index.php\/2017-2018-coursmusiqueorleans\/","og_locale":"fr_FR","og_type":"article","og_title":"2017-2018 - Musique et Equilibre","og_description":"PRESSE \/ S\u00e9isme &#8211; Mai 2018 PRESSE \/ S\u00e9isme &#8211; Mai 2018 PRESSE \/ Musique et Equilibre &#8211; Avril 2018 PRESSE \/ S\u00e9isme &#8211; Avril 2018 RADIO \/ S\u00e9isme &#8211; RFL Avril 2018 TELEVISION \/ Musique et Equilibre &#8211; Avril 2018 PRESSE \/ S\u00e9isme &#8211; Avril 2018 PRESSE \/ S\u00e9isme &#8211; Avril 2018 PRESSE \/ [&hellip;]","og_url":"https:\/\/musique-equilibre.com\/me\/index.php\/2017-2018-coursmusiqueorleans\/","og_site_name":"Musique et Equilibre","article_publisher":"https:\/\/www.facebook.com\/MusiqueetEquilibre45","article_modified_time":"2020-04-29T08:45:01+00:00","twitter_card":"summary_large_image","twitter_site":"@Musiquequilibre","schema":{"@context":"https:\/\/schema.org","@graph":[{"@type":"WebPage","@id":"https:\/\/musique-equilibre.com\/me\/index.php\/2017-2018-coursmusiqueorleans\/","url":"https:\/\/musique-equilibre.com\/me\/index.php\/2017-2018-coursmusiqueorleans\/","name":"2017-2018 - Musique et Equilibre","isPartOf":{"@id":"https:\/\/musique-equilibre.com\/me\/#website"},"datePublished":"2018-09-04T08:53:16+00:00","dateModified":"2020-04-29T08:45:01+00:00","breadcrumb":{"@id":"https:\/\/musique-equilibre.com\/me\/index.php\/2017-2018-coursmusiqueorleans\/#breadcrumb"},"inLanguage":"fr-FR","potentialAction":[{"@type":"ReadAction","target":["https:\/\/musique-equilibre.com\/me\/index.php\/2017-2018-coursmusiqueorleans\/"]}]},{"@type":"BreadcrumbList","@id":"https:\/\/musique-equilibre.com\/me\/index.php\/2017-2018-coursmusiqueorleans\/#breadcrumb","itemListElement":[{"@type":"ListItem","position":1,"name":"Accueil","item":"https:\/\/musique-equilibre.com\/me\/"},{"@type":"ListItem","position":2,"name":"2017-2018"}]},{"@type":"WebSite","@id":"https:\/\/musique-equilibre.com\/me\/#website","url":"https:\/\/musique-equilibre.com\/me\/","name":"Musique et Equilibre","description":"","publisher":{"@id":"https:\/\/musique-equilibre.com\/me\/#organization"},"potentialAction":[{"@type":"SearchAction","target":{"@type":"EntryPoint","urlTemplate":"https:\/\/musique-equilibre.com\/me\/?s={search_term_string}"},"query-input":{"@type":"PropertyValueSpecification","valueRequired":true,"valueName":"search_term_string"}}],"inLanguage":"fr-FR"},{"@type":"Organization","@id":"https:\/\/musique-equilibre.com\/me\/#organization","name":"Musique et Equilibre","alternateName":"\u00c9cole de musique et salle de concert \u00e0 Orl\u00e9ans","url":"https:\/\/musique-equilibre.com\/me\/","logo":{"@type":"ImageObject","inLanguage":"fr-FR","@id":"https:\/\/musique-equilibre.com\/me\/#\/schema\/logo\/image\/","url":"https:\/\/musique-equilibre.com\/me\/wp-content\/uploads\/2022\/11\/cropped-Logo_orange_texture-1.png","contentUrl":"https:\/\/musique-equilibre.com\/me\/wp-content\/uploads\/2022\/11\/cropped-Logo_orange_texture-1.png","width":512,"height":512,"caption":"Musique et Equilibre"},"image":{"@id":"https:\/\/musique-equilibre.com\/me\/#\/schema\/logo\/image\/"},"sameAs":["https:\/\/www.facebook.com\/MusiqueetEquilibre45","https:\/\/x.com\/Musiquequilibre","https:\/\/www.instagram.com\/musique_et_equilibre_\/","https:\/\/www.linkedin.com\/company\/musique-&amp;-equilibre\/","https:\/\/www.youtube.com\/c\/MusiqueEquilibreOrleans\/"]}]}},"_links":{"self":[{"href":"https:\/\/musique-equilibre.com\/me\/index.php\/wp-json\/wp\/v2\/pages\/360","targetHints":{"allow":["GET"]}}],"collection":[{"href":"https:\/\/musique-equilibre.com\/me\/index.php\/wp-json\/wp\/v2\/pages"}],"about":[{"href":"https:\/\/musique-equilibre.com\/me\/index.php\/wp-json\/wp\/v2\/types\/page"}],"author":[{"embeddable":true,"href":"https:\/\/musique-equilibre.com\/me\/index.php\/wp-json\/wp\/v2\/users\/1"}],"replies":[{"embeddable":true,"href":"https:\/\/musique-equilibre.com\/me\/index.php\/wp-json\/wp\/v2\/comments?post=360"}],"version-history":[{"count":13,"href":"https:\/\/musique-equilibre.com\/me\/index.php\/wp-json\/wp\/v2\/pages\/360\/revisions"}],"predecessor-version":[{"id":2344,"href":"https:\/\/musique-equilibre.com\/me\/index.php\/wp-json\/wp\/v2\/pages\/360\/revisions\/2344"}],"wp:attachment":[{"href":"https:\/\/musique-equilibre.com\/me\/index.php\/wp-json\/wp\/v2\/media?parent=360"}],"curies":[{"name":"wp","href":"https:\/\/api.w.org\/{rel}","templated":true}]}}