{"id":3596,"date":"2019-03-13T13:44:15","date_gmt":"2019-03-13T12:44:15","guid":{"rendered":"http:\/\/musique-equilibre.com\/me\/?page_id=3596"},"modified":"2020-03-02T15:57:53","modified_gmt":"2020-03-02T14:57:53","slug":"test-dentree-mima-2020","status":"publish","type":"page","link":"https:\/\/musique-equilibre.com\/me\/index.php\/test-dentree-mima-2020\/","title":{"rendered":"<span style=\"font-family: nexa rust sans; color: #1e2b3d;\">Test d&rsquo;entr\u00e9e<\/span> <span style=\"font-family: coves; color: #1e2b3d;\"> : MIMA (session 2020)"},"content":{"rendered":"<p style=\"text-align: justify;\"><span style=\"font-family: coves; color: #1e2b3d;\">Vous souhaitez int\u00e9grer notre \u00e9cole pour l\u2019<strong>ann\u00e9e scolaire 2020-2021<\/strong>\u00a0en <strong><span style=\"color: #cd5629;\">Cursus Mima<\/span><\/strong> ?<br \/>\nVous devez envoyer un dossier comprenant un <strong><span style=\"color: #cd5629;\">C.V<\/span><\/strong>, et une <span style=\"color: #cd5629;\"><strong>lettre de motivation<\/strong><\/span>.<br \/>\nVous pouvez joindre un <strong><span style=\"color: #cd5629;\">enregistrement en groupe<\/span><\/strong> (deux musiciens minimum) sur CD pour \u00e9toffer votre C.V. (esth\u00e9tique Musiques Actuelles\u00a0: jazz, musique amplifi\u00e9e, chanson ou musique traditionnelle\/ethnique).<br \/>\nPour compl\u00e9ter ce dossier, veuillez remplir cette <a href=\"https:\/\/musique-equilibre.com\/me\/wp-content\/uploads\/2019\/03\/Inscriptions-formationspro_MeE_2019.pdf\"><span style=\"color: #cd5629;\"><strong>fiche d\u2019inscription<\/strong><\/span><\/a> et nous la retourner, accompagn\u00e9e d\u2019une <span style=\"color: #cd5629;\"><strong>photo d\u2019identit\u00e9<\/strong><\/span> et un <span style=\"color: #cd5629;\"><strong>ch\u00e8que de\u00a040 \u20ac<\/strong><\/span> correspondant aux frais de concours (si vous \u00eates s\u00e9lectionn\u00e9, ce ch\u00e8que sera d\u00e9duit de vos frais d\u2019inscription)<\/span><\/p>\n<p style=\"text-align: left;\"><span style=\"font-family: coves; color: #00243a;\"><strong>Il y a deux sessions de s\u00e9lections :<\/strong><br \/>\n&#8211; jeudi 30 avril 2020<br \/>\n&#8211; samedi 18 juin 2020<br \/>\n<\/span><\/p>\n<p style=\"text-align: justify;\"><span style=\"font-family: coves; color: #00243a;\">Le dossier complet doit \u00eatre envoy\u00e9 \u00e0 Musique et Equilibre <strong>au plus tard trois semaines avant les s\u00e9lections<\/strong> (cachet de la poste faisant foi)<br \/>\n<\/span><\/p>\n<p style=\"text-align: justify;\"><span style=\"font-family: coves; color: #00243a;\">Pour de plus amples informations, vous pouvez contacter <strong>Aude PRIEUR, directrice adjointe et coordinatrice p\u00e9dagogique au 07 82 95 81 36.<\/strong><\/span><\/p>\n<p style=\"text-align: center;\"><strong><span style=\"font-family: nexa rust sans; color: #1e2b3d;\">Contenu du test<\/span><\/strong><\/p>\n<table style=\"height: 93px;\" width=\"1359\">\n<tbody>\n<tr>\n<td style=\"text-align: center;\" bgcolor=\" #00243a\">\n<p style=\"text-align: justify;\"><span style=\"font-family: coves; color: #ffffff;\"><strong><span style=\"color: #cd5629;\">\u00c9preuve \u00e9crite<\/span><\/strong> : culture musicale, th\u00e9orie, environnement socio-professionnel<br \/>\n<span style=\"color: #cd5629;\"><strong>\u00c9preuve pratique<\/strong><\/span> : repiquage, d\u00e9chiffrage, \u00e9preuve instrumentale : des morceaux impos\u00e9s, et un morceau libre<br \/>\n<strong><span style=\"color: #cd5629;\">Entretien avec le directeur et la coordinatrice p\u00e9dagogique<\/span> <\/strong>: discussion autour de votre projet musical, vos motivations, votre capacit\u00e9 d\u2019organisation et vos connaissances en culture musicale<\/span><\/p>\n<\/td>\n<\/tr>\n<\/tbody>\n<\/table>\n","protected":false},"excerpt":{"rendered":"<p>Vous souhaitez int\u00e9grer notre \u00e9cole pour l\u2019ann\u00e9e scolaire 2020-2021\u00a0en Cursus Mima ? Vous devez envoyer un dossier comprenant un C.V, et une lettre de motivation. Vous pouvez joindre un enregistrement en groupe (deux musiciens minimum) sur CD pour \u00e9toffer votre C.V. (esth\u00e9tique Musiques Actuelles\u00a0: jazz, musique amplifi\u00e9e, chanson ou musique traditionnelle\/ethnique). Pour compl\u00e9ter ce dossier, [&hellip;]<\/p>\n","protected":false},"author":1,"featured_media":0,"parent":0,"menu_order":0,"comment_status":"closed","ping_status":"closed","template":"","meta":{"footnotes":""},"class_list":["post-3596","page","type-page","status-publish","czr-hentry"],"yoast_head":"<!-- This site is optimized with the Yoast SEO plugin v26.8 - https:\/\/yoast.com\/product\/yoast-seo-wordpress\/ -->\n<title>Test d&#039;entr\u00e9e  : MIMA (session 2020) - Musique et Equilibre<\/title>\n<meta name=\"robots\" content=\"index, follow, max-snippet:-1, max-image-preview:large, max-video-preview:-1\" \/>\n<link rel=\"canonical\" href=\"https:\/\/musique-equilibre.com\/me\/index.php\/test-dentree-mima-2020\/\" \/>\n<meta property=\"og:locale\" content=\"fr_FR\" \/>\n<meta property=\"og:type\" content=\"article\" \/>\n<meta property=\"og:title\" content=\"Test d&#039;entr\u00e9e  : MIMA (session 2020) - Musique et Equilibre\" \/>\n<meta property=\"og:description\" content=\"Vous souhaitez int\u00e9grer notre \u00e9cole pour l\u2019ann\u00e9e scolaire 2020-2021\u00a0en Cursus Mima ? Vous devez envoyer un dossier comprenant un C.V, et une lettre de motivation. Vous pouvez joindre un enregistrement en groupe (deux musiciens minimum) sur CD pour \u00e9toffer votre C.V. (esth\u00e9tique Musiques Actuelles\u00a0: jazz, musique amplifi\u00e9e, chanson ou musique traditionnelle\/ethnique). Pour compl\u00e9ter ce dossier, [&hellip;]\" \/>\n<meta property=\"og:url\" content=\"https:\/\/musique-equilibre.com\/me\/index.php\/test-dentree-mima-2020\/\" \/>\n<meta property=\"og:site_name\" content=\"Musique et Equilibre\" \/>\n<meta property=\"article:publisher\" content=\"https:\/\/www.facebook.com\/MusiqueetEquilibre45\" \/>\n<meta property=\"article:modified_time\" content=\"2020-03-02T14:57:53+00:00\" \/>\n<meta name=\"twitter:card\" content=\"summary_large_image\" \/>\n<meta name=\"twitter:site\" content=\"@Musiquequilibre\" \/>\n<meta name=\"twitter:label1\" content=\"Dur\u00e9e de lecture estim\u00e9e\" \/>\n\t<meta name=\"twitter:data1\" content=\"1 minute\" \/>\n<script type=\"application\/ld+json\" class=\"yoast-schema-graph\">{\"@context\":\"https:\/\/schema.org\",\"@graph\":[{\"@type\":\"WebPage\",\"@id\":\"https:\/\/musique-equilibre.com\/me\/index.php\/test-dentree-mima-2020\/\",\"url\":\"https:\/\/musique-equilibre.com\/me\/index.php\/test-dentree-mima-2020\/\",\"name\":\"Test d'entr\u00e9e : MIMA (session 2020) - Musique et Equilibre\",\"isPartOf\":{\"@id\":\"https:\/\/musique-equilibre.com\/me\/#website\"},\"datePublished\":\"2019-03-13T12:44:15+00:00\",\"dateModified\":\"2020-03-02T14:57:53+00:00\",\"breadcrumb\":{\"@id\":\"https:\/\/musique-equilibre.com\/me\/index.php\/test-dentree-mima-2020\/#breadcrumb\"},\"inLanguage\":\"fr-FR\",\"potentialAction\":[{\"@type\":\"ReadAction\",\"target\":[\"https:\/\/musique-equilibre.com\/me\/index.php\/test-dentree-mima-2020\/\"]}]},{\"@type\":\"BreadcrumbList\",\"@id\":\"https:\/\/musique-equilibre.com\/me\/index.php\/test-dentree-mima-2020\/#breadcrumb\",\"itemListElement\":[{\"@type\":\"ListItem\",\"position\":1,\"name\":\"Accueil\",\"item\":\"https:\/\/musique-equilibre.com\/me\/\"},{\"@type\":\"ListItem\",\"position\":2,\"name\":\"Test d&rsquo;entr\u00e9e : MIMA (session 2020)\"}]},{\"@type\":\"WebSite\",\"@id\":\"https:\/\/musique-equilibre.com\/me\/#website\",\"url\":\"https:\/\/musique-equilibre.com\/me\/\",\"name\":\"Musique et Equilibre\",\"description\":\"\",\"publisher\":{\"@id\":\"https:\/\/musique-equilibre.com\/me\/#organization\"},\"potentialAction\":[{\"@type\":\"SearchAction\",\"target\":{\"@type\":\"EntryPoint\",\"urlTemplate\":\"https:\/\/musique-equilibre.com\/me\/?s={search_term_string}\"},\"query-input\":{\"@type\":\"PropertyValueSpecification\",\"valueRequired\":true,\"valueName\":\"search_term_string\"}}],\"inLanguage\":\"fr-FR\"},{\"@type\":\"Organization\",\"@id\":\"https:\/\/musique-equilibre.com\/me\/#organization\",\"name\":\"Musique et Equilibre\",\"alternateName\":\"\u00c9cole de musique et salle de concert \u00e0 Orl\u00e9ans\",\"url\":\"https:\/\/musique-equilibre.com\/me\/\",\"logo\":{\"@type\":\"ImageObject\",\"inLanguage\":\"fr-FR\",\"@id\":\"https:\/\/musique-equilibre.com\/me\/#\/schema\/logo\/image\/\",\"url\":\"https:\/\/musique-equilibre.com\/me\/wp-content\/uploads\/2022\/11\/cropped-Logo_orange_texture-1.png\",\"contentUrl\":\"https:\/\/musique-equilibre.com\/me\/wp-content\/uploads\/2022\/11\/cropped-Logo_orange_texture-1.png\",\"width\":512,\"height\":512,\"caption\":\"Musique et Equilibre\"},\"image\":{\"@id\":\"https:\/\/musique-equilibre.com\/me\/#\/schema\/logo\/image\/\"},\"sameAs\":[\"https:\/\/www.facebook.com\/MusiqueetEquilibre45\",\"https:\/\/x.com\/Musiquequilibre\",\"https:\/\/www.instagram.com\/musique_et_equilibre_\/\",\"https:\/\/www.linkedin.com\/company\/musique-&amp;-equilibre\/\",\"https:\/\/www.youtube.com\/c\/MusiqueEquilibreOrleans\/\"]}]}<\/script>\n<!-- \/ Yoast SEO plugin. -->","yoast_head_json":{"title":"Test d'entr\u00e9e  : MIMA (session 2020) - Musique et Equilibre","robots":{"index":"index","follow":"follow","max-snippet":"max-snippet:-1","max-image-preview":"max-image-preview:large","max-video-preview":"max-video-preview:-1"},"canonical":"https:\/\/musique-equilibre.com\/me\/index.php\/test-dentree-mima-2020\/","og_locale":"fr_FR","og_type":"article","og_title":"Test d'entr\u00e9e  : MIMA (session 2020) - Musique et Equilibre","og_description":"Vous souhaitez int\u00e9grer notre \u00e9cole pour l\u2019ann\u00e9e scolaire 2020-2021\u00a0en Cursus Mima ? Vous devez envoyer un dossier comprenant un C.V, et une lettre de motivation. Vous pouvez joindre un enregistrement en groupe (deux musiciens minimum) sur CD pour \u00e9toffer votre C.V. (esth\u00e9tique Musiques Actuelles\u00a0: jazz, musique amplifi\u00e9e, chanson ou musique traditionnelle\/ethnique). Pour compl\u00e9ter ce dossier, [&hellip;]","og_url":"https:\/\/musique-equilibre.com\/me\/index.php\/test-dentree-mima-2020\/","og_site_name":"Musique et Equilibre","article_publisher":"https:\/\/www.facebook.com\/MusiqueetEquilibre45","article_modified_time":"2020-03-02T14:57:53+00:00","twitter_card":"summary_large_image","twitter_site":"@Musiquequilibre","twitter_misc":{"Dur\u00e9e de lecture estim\u00e9e":"1 minute"},"schema":{"@context":"https:\/\/schema.org","@graph":[{"@type":"WebPage","@id":"https:\/\/musique-equilibre.com\/me\/index.php\/test-dentree-mima-2020\/","url":"https:\/\/musique-equilibre.com\/me\/index.php\/test-dentree-mima-2020\/","name":"Test d'entr\u00e9e : MIMA (session 2020) - Musique et Equilibre","isPartOf":{"@id":"https:\/\/musique-equilibre.com\/me\/#website"},"datePublished":"2019-03-13T12:44:15+00:00","dateModified":"2020-03-02T14:57:53+00:00","breadcrumb":{"@id":"https:\/\/musique-equilibre.com\/me\/index.php\/test-dentree-mima-2020\/#breadcrumb"},"inLanguage":"fr-FR","potentialAction":[{"@type":"ReadAction","target":["https:\/\/musique-equilibre.com\/me\/index.php\/test-dentree-mima-2020\/"]}]},{"@type":"BreadcrumbList","@id":"https:\/\/musique-equilibre.com\/me\/index.php\/test-dentree-mima-2020\/#breadcrumb","itemListElement":[{"@type":"ListItem","position":1,"name":"Accueil","item":"https:\/\/musique-equilibre.com\/me\/"},{"@type":"ListItem","position":2,"name":"Test d&rsquo;entr\u00e9e : MIMA (session 2020)"}]},{"@type":"WebSite","@id":"https:\/\/musique-equilibre.com\/me\/#website","url":"https:\/\/musique-equilibre.com\/me\/","name":"Musique et Equilibre","description":"","publisher":{"@id":"https:\/\/musique-equilibre.com\/me\/#organization"},"potentialAction":[{"@type":"SearchAction","target":{"@type":"EntryPoint","urlTemplate":"https:\/\/musique-equilibre.com\/me\/?s={search_term_string}"},"query-input":{"@type":"PropertyValueSpecification","valueRequired":true,"valueName":"search_term_string"}}],"inLanguage":"fr-FR"},{"@type":"Organization","@id":"https:\/\/musique-equilibre.com\/me\/#organization","name":"Musique et Equilibre","alternateName":"\u00c9cole de musique et salle de concert \u00e0 Orl\u00e9ans","url":"https:\/\/musique-equilibre.com\/me\/","logo":{"@type":"ImageObject","inLanguage":"fr-FR","@id":"https:\/\/musique-equilibre.com\/me\/#\/schema\/logo\/image\/","url":"https:\/\/musique-equilibre.com\/me\/wp-content\/uploads\/2022\/11\/cropped-Logo_orange_texture-1.png","contentUrl":"https:\/\/musique-equilibre.com\/me\/wp-content\/uploads\/2022\/11\/cropped-Logo_orange_texture-1.png","width":512,"height":512,"caption":"Musique et Equilibre"},"image":{"@id":"https:\/\/musique-equilibre.com\/me\/#\/schema\/logo\/image\/"},"sameAs":["https:\/\/www.facebook.com\/MusiqueetEquilibre45","https:\/\/x.com\/Musiquequilibre","https:\/\/www.instagram.com\/musique_et_equilibre_\/","https:\/\/www.linkedin.com\/company\/musique-&amp;-equilibre\/","https:\/\/www.youtube.com\/c\/MusiqueEquilibreOrleans\/"]}]}},"_links":{"self":[{"href":"https:\/\/musique-equilibre.com\/me\/index.php\/wp-json\/wp\/v2\/pages\/3596","targetHints":{"allow":["GET"]}}],"collection":[{"href":"https:\/\/musique-equilibre.com\/me\/index.php\/wp-json\/wp\/v2\/pages"}],"about":[{"href":"https:\/\/musique-equilibre.com\/me\/index.php\/wp-json\/wp\/v2\/types\/page"}],"author":[{"embeddable":true,"href":"https:\/\/musique-equilibre.com\/me\/index.php\/wp-json\/wp\/v2\/users\/1"}],"replies":[{"embeddable":true,"href":"https:\/\/musique-equilibre.com\/me\/index.php\/wp-json\/wp\/v2\/comments?post=3596"}],"version-history":[{"count":26,"href":"https:\/\/musique-equilibre.com\/me\/index.php\/wp-json\/wp\/v2\/pages\/3596\/revisions"}],"predecessor-version":[{"id":5911,"href":"https:\/\/musique-equilibre.com\/me\/index.php\/wp-json\/wp\/v2\/pages\/3596\/revisions\/5911"}],"wp:attachment":[{"href":"https:\/\/musique-equilibre.com\/me\/index.php\/wp-json\/wp\/v2\/media?parent=3596"}],"curies":[{"name":"wp","href":"https:\/\/api.w.org\/{rel}","templated":true}]}}