{"id":3087,"date":"2019-01-21T19:08:57","date_gmt":"2019-01-21T18:08:57","guid":{"rendered":"http:\/\/musique-equilibre.com\/me\/?page_id=3087"},"modified":"2019-01-21T19:09:19","modified_gmt":"2019-01-21T18:09:19","slug":"live-atelier3_fevrier","status":"publish","type":"page","link":"https:\/\/musique-equilibre.com\/me\/index.php\/live-atelier3_fevrier\/","title":{"rendered":"<span style=\"font-family: coves;\">LIVE ATELIER#3"},"content":{"rendered":"<p style=\"text-align: justify;\"><span style=\"font-family: coves;\"><img fetchpriority=\"high\" decoding=\"async\" class=\"size-full wp-image-3073 aligncenter\" src=\"https:\/\/musique-equilibre.com\/me\/wp-content\/uploads\/2019\/01\/LIVE-ATELIER-3_Orl\u00e9ans_Argonaute.jpg\" alt=\"\" width=\"803\" height=\"402\" \/>L\u2019Argonaute va \u00eatre retourn\u00e9 ce soir !<br \/>\nD\u00e8s 19h30 pr\u00e9pare-toi \u00e0 \u00abheadbanger\u00bb car les \u00e9l\u00e8ves de l\u2019atelier Rock de Romain C. arrivent !<br \/>\n<\/span><\/p>\n<p style=\"text-align: center;\"><span style=\"font-family: coves;\"><img decoding=\"async\" class=\"alignnone wp-image-1339\" src=\"https:\/\/musique-equilibre.com\/me\/wp-content\/uploads\/2018\/09\/logo1.png\" alt=\"\" width=\"14\" height=\"19\" srcset=\"https:\/\/musique-equilibre.com\/me\/wp-content\/uploads\/2018\/09\/logo1.png 718w, https:\/\/musique-equilibre.com\/me\/wp-content\/uploads\/2018\/09\/logo1-110x150.png 110w, https:\/\/musique-equilibre.com\/me\/wp-content\/uploads\/2018\/09\/logo1-220x300.png 220w\" sizes=\"(max-width: 14px) 100vw, 14px\" \/> Arr\u00eat de Tram : Mozart \/ Grand Villiers<\/span><\/p>\n<p style=\"text-align: center;\"><span style=\"font-family: nexa rust sans;\">Gratuit<\/span><\/p>\n","protected":false},"excerpt":{"rendered":"<p>L\u2019Argonaute va \u00eatre retourn\u00e9 ce soir ! D\u00e8s 19h30 pr\u00e9pare-toi \u00e0 \u00abheadbanger\u00bb car les \u00e9l\u00e8ves de l\u2019atelier Rock de Romain C. arrivent ! Arr\u00eat de Tram : Mozart \/ Grand Villiers Gratuit<\/p>\n","protected":false},"author":1,"featured_media":0,"parent":0,"menu_order":0,"comment_status":"closed","ping_status":"closed","template":"","meta":{"footnotes":""},"class_list":["post-3087","page","type-page","status-publish","czr-hentry"],"yoast_head":"<!-- This site is optimized with the Yoast SEO plugin v26.8 - https:\/\/yoast.com\/product\/yoast-seo-wordpress\/ -->\n<title>LIVE ATELIER#3 - Musique et Equilibre<\/title>\n<meta name=\"robots\" content=\"index, follow, max-snippet:-1, max-image-preview:large, max-video-preview:-1\" \/>\n<link rel=\"canonical\" href=\"https:\/\/musique-equilibre.com\/me\/index.php\/live-atelier3_fevrier\/\" \/>\n<meta property=\"og:locale\" content=\"fr_FR\" \/>\n<meta property=\"og:type\" content=\"article\" \/>\n<meta property=\"og:title\" content=\"LIVE ATELIER#3 - Musique et Equilibre\" \/>\n<meta property=\"og:description\" content=\"L\u2019Argonaute va \u00eatre retourn\u00e9 ce soir ! D\u00e8s 19h30 pr\u00e9pare-toi \u00e0 \u00abheadbanger\u00bb car les \u00e9l\u00e8ves de l\u2019atelier Rock de Romain C. arrivent ! Arr\u00eat de Tram : Mozart \/ Grand Villiers Gratuit\" \/>\n<meta property=\"og:url\" content=\"https:\/\/musique-equilibre.com\/me\/index.php\/live-atelier3_fevrier\/\" \/>\n<meta property=\"og:site_name\" content=\"Musique et Equilibre\" \/>\n<meta property=\"article:publisher\" content=\"https:\/\/www.facebook.com\/MusiqueetEquilibre45\" \/>\n<meta property=\"article:modified_time\" content=\"2019-01-21T18:09:19+00:00\" \/>\n<meta property=\"og:image\" content=\"http:\/\/musique-equilibre.com\/me\/wp-content\/uploads\/2018\/09\/logo1.png\" \/>\n<meta name=\"twitter:card\" content=\"summary_large_image\" \/>\n<meta name=\"twitter:site\" content=\"@Musiquequilibre\" \/>\n<script type=\"application\/ld+json\" class=\"yoast-schema-graph\">{\"@context\":\"https:\/\/schema.org\",\"@graph\":[{\"@type\":\"WebPage\",\"@id\":\"https:\/\/musique-equilibre.com\/me\/index.php\/live-atelier3_fevrier\/\",\"url\":\"https:\/\/musique-equilibre.com\/me\/index.php\/live-atelier3_fevrier\/\",\"name\":\"LIVE ATELIER#3 - Musique et Equilibre\",\"isPartOf\":{\"@id\":\"https:\/\/musique-equilibre.com\/me\/#website\"},\"primaryImageOfPage\":{\"@id\":\"https:\/\/musique-equilibre.com\/me\/index.php\/live-atelier3_fevrier\/#primaryimage\"},\"image\":{\"@id\":\"https:\/\/musique-equilibre.com\/me\/index.php\/live-atelier3_fevrier\/#primaryimage\"},\"thumbnailUrl\":\"http:\/\/musique-equilibre.com\/me\/wp-content\/uploads\/2018\/09\/logo1.png\",\"datePublished\":\"2019-01-21T18:08:57+00:00\",\"dateModified\":\"2019-01-21T18:09:19+00:00\",\"breadcrumb\":{\"@id\":\"https:\/\/musique-equilibre.com\/me\/index.php\/live-atelier3_fevrier\/#breadcrumb\"},\"inLanguage\":\"fr-FR\",\"potentialAction\":[{\"@type\":\"ReadAction\",\"target\":[\"https:\/\/musique-equilibre.com\/me\/index.php\/live-atelier3_fevrier\/\"]}]},{\"@type\":\"ImageObject\",\"inLanguage\":\"fr-FR\",\"@id\":\"https:\/\/musique-equilibre.com\/me\/index.php\/live-atelier3_fevrier\/#primaryimage\",\"url\":\"https:\/\/musique-equilibre.com\/me\/wp-content\/uploads\/2018\/09\/logo1.png\",\"contentUrl\":\"https:\/\/musique-equilibre.com\/me\/wp-content\/uploads\/2018\/09\/logo1.png\",\"width\":718,\"height\":980},{\"@type\":\"BreadcrumbList\",\"@id\":\"https:\/\/musique-equilibre.com\/me\/index.php\/live-atelier3_fevrier\/#breadcrumb\",\"itemListElement\":[{\"@type\":\"ListItem\",\"position\":1,\"name\":\"Accueil\",\"item\":\"https:\/\/musique-equilibre.com\/me\/\"},{\"@type\":\"ListItem\",\"position\":2,\"name\":\"LIVE ATELIER#3\"}]},{\"@type\":\"WebSite\",\"@id\":\"https:\/\/musique-equilibre.com\/me\/#website\",\"url\":\"https:\/\/musique-equilibre.com\/me\/\",\"name\":\"Musique et Equilibre\",\"description\":\"\",\"publisher\":{\"@id\":\"https:\/\/musique-equilibre.com\/me\/#organization\"},\"potentialAction\":[{\"@type\":\"SearchAction\",\"target\":{\"@type\":\"EntryPoint\",\"urlTemplate\":\"https:\/\/musique-equilibre.com\/me\/?s={search_term_string}\"},\"query-input\":{\"@type\":\"PropertyValueSpecification\",\"valueRequired\":true,\"valueName\":\"search_term_string\"}}],\"inLanguage\":\"fr-FR\"},{\"@type\":\"Organization\",\"@id\":\"https:\/\/musique-equilibre.com\/me\/#organization\",\"name\":\"Musique et Equilibre\",\"alternateName\":\"\u00c9cole de musique et salle de concert \u00e0 Orl\u00e9ans\",\"url\":\"https:\/\/musique-equilibre.com\/me\/\",\"logo\":{\"@type\":\"ImageObject\",\"inLanguage\":\"fr-FR\",\"@id\":\"https:\/\/musique-equilibre.com\/me\/#\/schema\/logo\/image\/\",\"url\":\"https:\/\/musique-equilibre.com\/me\/wp-content\/uploads\/2022\/11\/cropped-Logo_orange_texture-1.png\",\"contentUrl\":\"https:\/\/musique-equilibre.com\/me\/wp-content\/uploads\/2022\/11\/cropped-Logo_orange_texture-1.png\",\"width\":512,\"height\":512,\"caption\":\"Musique et Equilibre\"},\"image\":{\"@id\":\"https:\/\/musique-equilibre.com\/me\/#\/schema\/logo\/image\/\"},\"sameAs\":[\"https:\/\/www.facebook.com\/MusiqueetEquilibre45\",\"https:\/\/x.com\/Musiquequilibre\",\"https:\/\/www.instagram.com\/musique_et_equilibre_\/\",\"https:\/\/www.linkedin.com\/company\/musique-&amp;-equilibre\/\",\"https:\/\/www.youtube.com\/c\/MusiqueEquilibreOrleans\/\"]}]}<\/script>\n<!-- \/ Yoast SEO plugin. -->","yoast_head_json":{"title":"LIVE ATELIER#3 - Musique et Equilibre","robots":{"index":"index","follow":"follow","max-snippet":"max-snippet:-1","max-image-preview":"max-image-preview:large","max-video-preview":"max-video-preview:-1"},"canonical":"https:\/\/musique-equilibre.com\/me\/index.php\/live-atelier3_fevrier\/","og_locale":"fr_FR","og_type":"article","og_title":"LIVE ATELIER#3 - Musique et Equilibre","og_description":"L\u2019Argonaute va \u00eatre retourn\u00e9 ce soir ! D\u00e8s 19h30 pr\u00e9pare-toi \u00e0 \u00abheadbanger\u00bb car les \u00e9l\u00e8ves de l\u2019atelier Rock de Romain C. arrivent ! Arr\u00eat de Tram : Mozart \/ Grand Villiers Gratuit","og_url":"https:\/\/musique-equilibre.com\/me\/index.php\/live-atelier3_fevrier\/","og_site_name":"Musique et Equilibre","article_publisher":"https:\/\/www.facebook.com\/MusiqueetEquilibre45","article_modified_time":"2019-01-21T18:09:19+00:00","og_image":[{"url":"http:\/\/musique-equilibre.com\/me\/wp-content\/uploads\/2018\/09\/logo1.png","type":"","width":"","height":""}],"twitter_card":"summary_large_image","twitter_site":"@Musiquequilibre","schema":{"@context":"https:\/\/schema.org","@graph":[{"@type":"WebPage","@id":"https:\/\/musique-equilibre.com\/me\/index.php\/live-atelier3_fevrier\/","url":"https:\/\/musique-equilibre.com\/me\/index.php\/live-atelier3_fevrier\/","name":"LIVE ATELIER#3 - Musique et Equilibre","isPartOf":{"@id":"https:\/\/musique-equilibre.com\/me\/#website"},"primaryImageOfPage":{"@id":"https:\/\/musique-equilibre.com\/me\/index.php\/live-atelier3_fevrier\/#primaryimage"},"image":{"@id":"https:\/\/musique-equilibre.com\/me\/index.php\/live-atelier3_fevrier\/#primaryimage"},"thumbnailUrl":"http:\/\/musique-equilibre.com\/me\/wp-content\/uploads\/2018\/09\/logo1.png","datePublished":"2019-01-21T18:08:57+00:00","dateModified":"2019-01-21T18:09:19+00:00","breadcrumb":{"@id":"https:\/\/musique-equilibre.com\/me\/index.php\/live-atelier3_fevrier\/#breadcrumb"},"inLanguage":"fr-FR","potentialAction":[{"@type":"ReadAction","target":["https:\/\/musique-equilibre.com\/me\/index.php\/live-atelier3_fevrier\/"]}]},{"@type":"ImageObject","inLanguage":"fr-FR","@id":"https:\/\/musique-equilibre.com\/me\/index.php\/live-atelier3_fevrier\/#primaryimage","url":"https:\/\/musique-equilibre.com\/me\/wp-content\/uploads\/2018\/09\/logo1.png","contentUrl":"https:\/\/musique-equilibre.com\/me\/wp-content\/uploads\/2018\/09\/logo1.png","width":718,"height":980},{"@type":"BreadcrumbList","@id":"https:\/\/musique-equilibre.com\/me\/index.php\/live-atelier3_fevrier\/#breadcrumb","itemListElement":[{"@type":"ListItem","position":1,"name":"Accueil","item":"https:\/\/musique-equilibre.com\/me\/"},{"@type":"ListItem","position":2,"name":"LIVE ATELIER#3"}]},{"@type":"WebSite","@id":"https:\/\/musique-equilibre.com\/me\/#website","url":"https:\/\/musique-equilibre.com\/me\/","name":"Musique et Equilibre","description":"","publisher":{"@id":"https:\/\/musique-equilibre.com\/me\/#organization"},"potentialAction":[{"@type":"SearchAction","target":{"@type":"EntryPoint","urlTemplate":"https:\/\/musique-equilibre.com\/me\/?s={search_term_string}"},"query-input":{"@type":"PropertyValueSpecification","valueRequired":true,"valueName":"search_term_string"}}],"inLanguage":"fr-FR"},{"@type":"Organization","@id":"https:\/\/musique-equilibre.com\/me\/#organization","name":"Musique et Equilibre","alternateName":"\u00c9cole de musique et salle de concert \u00e0 Orl\u00e9ans","url":"https:\/\/musique-equilibre.com\/me\/","logo":{"@type":"ImageObject","inLanguage":"fr-FR","@id":"https:\/\/musique-equilibre.com\/me\/#\/schema\/logo\/image\/","url":"https:\/\/musique-equilibre.com\/me\/wp-content\/uploads\/2022\/11\/cropped-Logo_orange_texture-1.png","contentUrl":"https:\/\/musique-equilibre.com\/me\/wp-content\/uploads\/2022\/11\/cropped-Logo_orange_texture-1.png","width":512,"height":512,"caption":"Musique et Equilibre"},"image":{"@id":"https:\/\/musique-equilibre.com\/me\/#\/schema\/logo\/image\/"},"sameAs":["https:\/\/www.facebook.com\/MusiqueetEquilibre45","https:\/\/x.com\/Musiquequilibre","https:\/\/www.instagram.com\/musique_et_equilibre_\/","https:\/\/www.linkedin.com\/company\/musique-&amp;-equilibre\/","https:\/\/www.youtube.com\/c\/MusiqueEquilibreOrleans\/"]}]}},"_links":{"self":[{"href":"https:\/\/musique-equilibre.com\/me\/index.php\/wp-json\/wp\/v2\/pages\/3087","targetHints":{"allow":["GET"]}}],"collection":[{"href":"https:\/\/musique-equilibre.com\/me\/index.php\/wp-json\/wp\/v2\/pages"}],"about":[{"href":"https:\/\/musique-equilibre.com\/me\/index.php\/wp-json\/wp\/v2\/types\/page"}],"author":[{"embeddable":true,"href":"https:\/\/musique-equilibre.com\/me\/index.php\/wp-json\/wp\/v2\/users\/1"}],"replies":[{"embeddable":true,"href":"https:\/\/musique-equilibre.com\/me\/index.php\/wp-json\/wp\/v2\/comments?post=3087"}],"version-history":[{"count":1,"href":"https:\/\/musique-equilibre.com\/me\/index.php\/wp-json\/wp\/v2\/pages\/3087\/revisions"}],"predecessor-version":[{"id":3088,"href":"https:\/\/musique-equilibre.com\/me\/index.php\/wp-json\/wp\/v2\/pages\/3087\/revisions\/3088"}],"wp:attachment":[{"href":"https:\/\/musique-equilibre.com\/me\/index.php\/wp-json\/wp\/v2\/media?parent=3087"}],"curies":[{"name":"wp","href":"https:\/\/api.w.org\/{rel}","templated":true}]}}