{"id":2975,"date":"2019-01-17T16:52:28","date_gmt":"2019-01-17T15:52:28","guid":{"rendered":"http:\/\/musique-equilibre.com\/me\/?page_id=2975"},"modified":"2020-04-29T11:51:29","modified_gmt":"2020-04-29T09:51:29","slug":"live-croise2-concertmusiqueorleans","status":"publish","type":"page","link":"https:\/\/musique-equilibre.com\/me\/index.php\/live-croise2-concertmusiqueorleans\/","title":{"rendered":"<p style=\"text-align: center; color: #f15d20;\"><strong><span style=\"font-family: Nexa Rust Sans;\">LIVE CROIS\u00c9<span style=\"font-family: coves;\">#<\/span><span style=\"font-family: Nexa Rust Sans;\">2<\/span> <span style=\"font-family: coves;\">&#8211; St\u00e9phane D. Bertrand H. Laurent D. &#8211; 16.janv<\/span><\/strong><\/p>"},"content":{"rendered":"<p><img fetchpriority=\"high\" decoding=\"async\" class=\"size-large wp-image-3043 aligncenter\" src=\"https:\/\/musique-equilibre.com\/me\/wp-content\/uploads\/2019\/01\/P1080065-1024x683.jpg\" alt=\"\" width=\"1024\" height=\"683\" srcset=\"https:\/\/musique-equilibre.com\/me\/wp-content\/uploads\/2019\/01\/P1080065-1024x683.jpg 1024w, https:\/\/musique-equilibre.com\/me\/wp-content\/uploads\/2019\/01\/P1080065-150x100.jpg 150w, https:\/\/musique-equilibre.com\/me\/wp-content\/uploads\/2019\/01\/P1080065-300x200.jpg 300w, https:\/\/musique-equilibre.com\/me\/wp-content\/uploads\/2019\/01\/P1080065-768x512.jpg 768w\" sizes=\"(max-width: 1024px) 100vw, 1024px\" \/><\/p>\n<p style=\"text-align: center;\"><img decoding=\"async\" class=\"size-large wp-image-3042 aligncenter\" src=\"https:\/\/musique-equilibre.com\/me\/wp-content\/uploads\/2019\/01\/P1080058-1024x683.jpg\" alt=\"\" width=\"1024\" height=\"683\" srcset=\"https:\/\/musique-equilibre.com\/me\/wp-content\/uploads\/2019\/01\/P1080058-1024x683.jpg 1024w, https:\/\/musique-equilibre.com\/me\/wp-content\/uploads\/2019\/01\/P1080058-150x100.jpg 150w, https:\/\/musique-equilibre.com\/me\/wp-content\/uploads\/2019\/01\/P1080058-300x200.jpg 300w, https:\/\/musique-equilibre.com\/me\/wp-content\/uploads\/2019\/01\/P1080058-768x512.jpg 768w\" sizes=\"(max-width: 1024px) 100vw, 1024px\" \/><\/p>\n<p style=\"text-align: center;\"><img decoding=\"async\" class=\"size-large wp-image-3041 aligncenter\" src=\"https:\/\/musique-equilibre.com\/me\/wp-content\/uploads\/2019\/01\/P1080057-1024x683.jpg\" alt=\"\" width=\"1024\" height=\"683\" srcset=\"https:\/\/musique-equilibre.com\/me\/wp-content\/uploads\/2019\/01\/P1080057-1024x683.jpg 1024w, https:\/\/musique-equilibre.com\/me\/wp-content\/uploads\/2019\/01\/P1080057-150x100.jpg 150w, https:\/\/musique-equilibre.com\/me\/wp-content\/uploads\/2019\/01\/P1080057-300x200.jpg 300w, https:\/\/musique-equilibre.com\/me\/wp-content\/uploads\/2019\/01\/P1080057-768x512.jpg 768w\" sizes=\"(max-width: 1024px) 100vw, 1024px\" \/><\/p>\n<p style=\"text-align: center;\"><img loading=\"lazy\" decoding=\"async\" class=\"size-large wp-image-3040 aligncenter\" src=\"https:\/\/musique-equilibre.com\/me\/wp-content\/uploads\/2019\/01\/P1080056-1024x683.jpg\" alt=\"\" width=\"1024\" height=\"683\" srcset=\"https:\/\/musique-equilibre.com\/me\/wp-content\/uploads\/2019\/01\/P1080056-1024x683.jpg 1024w, https:\/\/musique-equilibre.com\/me\/wp-content\/uploads\/2019\/01\/P1080056-150x100.jpg 150w, https:\/\/musique-equilibre.com\/me\/wp-content\/uploads\/2019\/01\/P1080056-300x200.jpg 300w, https:\/\/musique-equilibre.com\/me\/wp-content\/uploads\/2019\/01\/P1080056-768x512.jpg 768w\" sizes=\"(max-width: 1024px) 100vw, 1024px\" \/><\/p>\n<p style=\"text-align: center;\"><img loading=\"lazy\" decoding=\"async\" class=\"size-large wp-image-3044 aligncenter\" src=\"https:\/\/musique-equilibre.com\/me\/wp-content\/uploads\/2019\/01\/P1080068-1024x683.jpg\" alt=\"\" width=\"1024\" height=\"683\" srcset=\"https:\/\/musique-equilibre.com\/me\/wp-content\/uploads\/2019\/01\/P1080068-1024x683.jpg 1024w, https:\/\/musique-equilibre.com\/me\/wp-content\/uploads\/2019\/01\/P1080068-150x100.jpg 150w, https:\/\/musique-equilibre.com\/me\/wp-content\/uploads\/2019\/01\/P1080068-300x200.jpg 300w, https:\/\/musique-equilibre.com\/me\/wp-content\/uploads\/2019\/01\/P1080068-768x512.jpg 768w\" sizes=\"(max-width: 1024px) 100vw, 1024px\" \/><\/p>\n<p style=\"text-align: center;\"><img loading=\"lazy\" decoding=\"async\" class=\"size-large wp-image-3045 aligncenter\" src=\"https:\/\/musique-equilibre.com\/me\/wp-content\/uploads\/2019\/01\/P1080074-1024x683.jpg\" alt=\"\" width=\"1024\" height=\"683\" srcset=\"https:\/\/musique-equilibre.com\/me\/wp-content\/uploads\/2019\/01\/P1080074-1024x683.jpg 1024w, https:\/\/musique-equilibre.com\/me\/wp-content\/uploads\/2019\/01\/P1080074-150x100.jpg 150w, https:\/\/musique-equilibre.com\/me\/wp-content\/uploads\/2019\/01\/P1080074-300x200.jpg 300w, https:\/\/musique-equilibre.com\/me\/wp-content\/uploads\/2019\/01\/P1080074-768x512.jpg 768w\" sizes=\"(max-width: 1024px) 100vw, 1024px\" \/><\/p>\n<p style=\"text-align: center;\"><img loading=\"lazy\" decoding=\"async\" class=\"size-large wp-image-3046 aligncenter\" src=\"https:\/\/musique-equilibre.com\/me\/wp-content\/uploads\/2019\/01\/P1080078-1024x683.jpg\" alt=\"\" width=\"1024\" height=\"683\" srcset=\"https:\/\/musique-equilibre.com\/me\/wp-content\/uploads\/2019\/01\/P1080078-1024x683.jpg 1024w, https:\/\/musique-equilibre.com\/me\/wp-content\/uploads\/2019\/01\/P1080078-150x100.jpg 150w, https:\/\/musique-equilibre.com\/me\/wp-content\/uploads\/2019\/01\/P1080078-300x200.jpg 300w, https:\/\/musique-equilibre.com\/me\/wp-content\/uploads\/2019\/01\/P1080078-768x512.jpg 768w\" sizes=\"(max-width: 1024px) 100vw, 1024px\" \/><\/p>\n<p style=\"text-align: center;\"><img loading=\"lazy\" decoding=\"async\" class=\"size-large wp-image-3047 aligncenter\" src=\"https:\/\/musique-equilibre.com\/me\/wp-content\/uploads\/2019\/01\/P1080081-1024x683.jpg\" alt=\"\" width=\"1024\" height=\"683\" srcset=\"https:\/\/musique-equilibre.com\/me\/wp-content\/uploads\/2019\/01\/P1080081-1024x683.jpg 1024w, https:\/\/musique-equilibre.com\/me\/wp-content\/uploads\/2019\/01\/P1080081-150x100.jpg 150w, https:\/\/musique-equilibre.com\/me\/wp-content\/uploads\/2019\/01\/P1080081-300x200.jpg 300w, https:\/\/musique-equilibre.com\/me\/wp-content\/uploads\/2019\/01\/P1080081-768x512.jpg 768w\" sizes=\"(max-width: 1024px) 100vw, 1024px\" \/><\/p>\n<p style=\"text-align: center;\"><img loading=\"lazy\" decoding=\"async\" class=\"size-large wp-image-3048 aligncenter\" src=\"https:\/\/musique-equilibre.com\/me\/wp-content\/uploads\/2019\/01\/P1080089-e1547749480510-683x1024.jpg\" alt=\"\" width=\"683\" height=\"1024\" srcset=\"https:\/\/musique-equilibre.com\/me\/wp-content\/uploads\/2019\/01\/P1080089-e1547749480510-683x1024.jpg 683w, https:\/\/musique-equilibre.com\/me\/wp-content\/uploads\/2019\/01\/P1080089-e1547749480510-100x150.jpg 100w, https:\/\/musique-equilibre.com\/me\/wp-content\/uploads\/2019\/01\/P1080089-e1547749480510-200x300.jpg 200w, https:\/\/musique-equilibre.com\/me\/wp-content\/uploads\/2019\/01\/P1080089-e1547749480510-768x1152.jpg 768w\" sizes=\"(max-width: 683px) 100vw, 683px\" \/><\/p>\n<p style=\"text-align: center;\"><img loading=\"lazy\" decoding=\"async\" class=\"size-large wp-image-3049 aligncenter\" src=\"https:\/\/musique-equilibre.com\/me\/wp-content\/uploads\/2019\/01\/P1080094-e1547749469415-683x1024.jpg\" alt=\"\" width=\"683\" height=\"1024\" srcset=\"https:\/\/musique-equilibre.com\/me\/wp-content\/uploads\/2019\/01\/P1080094-e1547749469415-683x1024.jpg 683w, https:\/\/musique-equilibre.com\/me\/wp-content\/uploads\/2019\/01\/P1080094-e1547749469415-100x150.jpg 100w, https:\/\/musique-equilibre.com\/me\/wp-content\/uploads\/2019\/01\/P1080094-e1547749469415-200x300.jpg 200w, https:\/\/musique-equilibre.com\/me\/wp-content\/uploads\/2019\/01\/P1080094-e1547749469415-768x1152.jpg 768w\" sizes=\"(max-width: 683px) 100vw, 683px\" \/><\/p>\n<p style=\"text-align: center;\"><img loading=\"lazy\" decoding=\"async\" class=\"size-large wp-image-3050 aligncenter\" src=\"https:\/\/musique-equilibre.com\/me\/wp-content\/uploads\/2019\/01\/P1080099-1024x683.jpg\" alt=\"\" width=\"1024\" height=\"683\" srcset=\"https:\/\/musique-equilibre.com\/me\/wp-content\/uploads\/2019\/01\/P1080099-1024x683.jpg 1024w, https:\/\/musique-equilibre.com\/me\/wp-content\/uploads\/2019\/01\/P1080099-150x100.jpg 150w, https:\/\/musique-equilibre.com\/me\/wp-content\/uploads\/2019\/01\/P1080099-300x200.jpg 300w, https:\/\/musique-equilibre.com\/me\/wp-content\/uploads\/2019\/01\/P1080099-768x512.jpg 768w\" sizes=\"(max-width: 1024px) 100vw, 1024px\" \/><\/p>\n<p style=\"text-align: center;\"><img loading=\"lazy\" decoding=\"async\" class=\"size-large wp-image-3051 aligncenter\" src=\"https:\/\/musique-equilibre.com\/me\/wp-content\/uploads\/2019\/01\/P1080101-e1547749458715-683x1024.jpg\" alt=\"\" width=\"683\" height=\"1024\" srcset=\"https:\/\/musique-equilibre.com\/me\/wp-content\/uploads\/2019\/01\/P1080101-e1547749458715-683x1024.jpg 683w, https:\/\/musique-equilibre.com\/me\/wp-content\/uploads\/2019\/01\/P1080101-e1547749458715-100x150.jpg 100w, https:\/\/musique-equilibre.com\/me\/wp-content\/uploads\/2019\/01\/P1080101-e1547749458715-200x300.jpg 200w, https:\/\/musique-equilibre.com\/me\/wp-content\/uploads\/2019\/01\/P1080101-e1547749458715-768x1152.jpg 768w\" sizes=\"(max-width: 683px) 100vw, 683px\" \/><\/p>\n<p style=\"text-align: center;\"><img loading=\"lazy\" decoding=\"async\" class=\"size-large wp-image-3052 aligncenter\" src=\"https:\/\/musique-equilibre.com\/me\/wp-content\/uploads\/2019\/01\/P1080105-1024x683.jpg\" alt=\"\" width=\"1024\" height=\"683\" srcset=\"https:\/\/musique-equilibre.com\/me\/wp-content\/uploads\/2019\/01\/P1080105-1024x683.jpg 1024w, https:\/\/musique-equilibre.com\/me\/wp-content\/uploads\/2019\/01\/P1080105-150x100.jpg 150w, https:\/\/musique-equilibre.com\/me\/wp-content\/uploads\/2019\/01\/P1080105-300x200.jpg 300w, https:\/\/musique-equilibre.com\/me\/wp-content\/uploads\/2019\/01\/P1080105-768x512.jpg 768w\" sizes=\"(max-width: 1024px) 100vw, 1024px\" \/><\/p>\n<p style=\"text-align: center;\"><img loading=\"lazy\" decoding=\"async\" class=\"size-large wp-image-3053 aligncenter\" src=\"https:\/\/musique-equilibre.com\/me\/wp-content\/uploads\/2019\/01\/P1080110-1024x683.jpg\" alt=\"\" width=\"1024\" height=\"683\" srcset=\"https:\/\/musique-equilibre.com\/me\/wp-content\/uploads\/2019\/01\/P1080110-1024x683.jpg 1024w, https:\/\/musique-equilibre.com\/me\/wp-content\/uploads\/2019\/01\/P1080110-150x100.jpg 150w, https:\/\/musique-equilibre.com\/me\/wp-content\/uploads\/2019\/01\/P1080110-300x200.jpg 300w, https:\/\/musique-equilibre.com\/me\/wp-content\/uploads\/2019\/01\/P1080110-768x512.jpg 768w\" sizes=\"(max-width: 1024px) 100vw, 1024px\" \/><\/p>\n<p style=\"text-align: center;\"><img loading=\"lazy\" decoding=\"async\" class=\"size-large wp-image-3054 aligncenter\" src=\"https:\/\/musique-equilibre.com\/me\/wp-content\/uploads\/2019\/01\/P1080114-1024x683.jpg\" alt=\"\" width=\"1024\" height=\"683\" srcset=\"https:\/\/musique-equilibre.com\/me\/wp-content\/uploads\/2019\/01\/P1080114-1024x683.jpg 1024w, https:\/\/musique-equilibre.com\/me\/wp-content\/uploads\/2019\/01\/P1080114-150x100.jpg 150w, https:\/\/musique-equilibre.com\/me\/wp-content\/uploads\/2019\/01\/P1080114-300x200.jpg 300w, https:\/\/musique-equilibre.com\/me\/wp-content\/uploads\/2019\/01\/P1080114-768x512.jpg 768w\" sizes=\"(max-width: 1024px) 100vw, 1024px\" \/><\/p>\n<p style=\"text-align: center;\"><img loading=\"lazy\" decoding=\"async\" class=\"size-large wp-image-3055 aligncenter\" src=\"https:\/\/musique-equilibre.com\/me\/wp-content\/uploads\/2019\/01\/P1080115-1024x683.jpg\" alt=\"\" width=\"1024\" height=\"683\" srcset=\"https:\/\/musique-equilibre.com\/me\/wp-content\/uploads\/2019\/01\/P1080115-1024x683.jpg 1024w, https:\/\/musique-equilibre.com\/me\/wp-content\/uploads\/2019\/01\/P1080115-150x100.jpg 150w, https:\/\/musique-equilibre.com\/me\/wp-content\/uploads\/2019\/01\/P1080115-300x200.jpg 300w, https:\/\/musique-equilibre.com\/me\/wp-content\/uploads\/2019\/01\/P1080115-768x512.jpg 768w\" sizes=\"(max-width: 1024px) 100vw, 1024px\" \/><\/p>\n<p style=\"text-align: center;\"><img loading=\"lazy\" decoding=\"async\" class=\"size-large wp-image-3056 aligncenter\" src=\"https:\/\/musique-equilibre.com\/me\/wp-content\/uploads\/2019\/01\/P1080117-1024x683.jpg\" alt=\"\" width=\"1024\" height=\"683\" srcset=\"https:\/\/musique-equilibre.com\/me\/wp-content\/uploads\/2019\/01\/P1080117-1024x683.jpg 1024w, https:\/\/musique-equilibre.com\/me\/wp-content\/uploads\/2019\/01\/P1080117-150x100.jpg 150w, https:\/\/musique-equilibre.com\/me\/wp-content\/uploads\/2019\/01\/P1080117-300x200.jpg 300w, https:\/\/musique-equilibre.com\/me\/wp-content\/uploads\/2019\/01\/P1080117-768x512.jpg 768w\" sizes=\"(max-width: 1024px) 100vw, 1024px\" \/><\/p>\n<p style=\"text-align: center;\"><img loading=\"lazy\" decoding=\"async\" class=\"size-large wp-image-3057 aligncenter\" src=\"https:\/\/musique-equilibre.com\/me\/wp-content\/uploads\/2019\/01\/P1080137-1024x683.jpg\" alt=\"\" width=\"1024\" height=\"683\" srcset=\"https:\/\/musique-equilibre.com\/me\/wp-content\/uploads\/2019\/01\/P1080137-1024x683.jpg 1024w, https:\/\/musique-equilibre.com\/me\/wp-content\/uploads\/2019\/01\/P1080137-150x100.jpg 150w, https:\/\/musique-equilibre.com\/me\/wp-content\/uploads\/2019\/01\/P1080137-300x200.jpg 300w, https:\/\/musique-equilibre.com\/me\/wp-content\/uploads\/2019\/01\/P1080137-768x512.jpg 768w\" sizes=\"(max-width: 1024px) 100vw, 1024px\" \/><\/p>\n<p style=\"text-align: center;\"><img loading=\"lazy\" decoding=\"async\" class=\"size-large wp-image-3058 aligncenter\" src=\"https:\/\/musique-equilibre.com\/me\/wp-content\/uploads\/2019\/01\/P1080152-1024x683.jpg\" alt=\"\" width=\"1024\" height=\"683\" srcset=\"https:\/\/musique-equilibre.com\/me\/wp-content\/uploads\/2019\/01\/P1080152-1024x683.jpg 1024w, https:\/\/musique-equilibre.com\/me\/wp-content\/uploads\/2019\/01\/P1080152-150x100.jpg 150w, https:\/\/musique-equilibre.com\/me\/wp-content\/uploads\/2019\/01\/P1080152-300x200.jpg 300w, https:\/\/musique-equilibre.com\/me\/wp-content\/uploads\/2019\/01\/P1080152-768x512.jpg 768w\" sizes=\"(max-width: 1024px) 100vw, 1024px\" \/><\/p>\n<p style=\"text-align: center;\"><img loading=\"lazy\" decoding=\"async\" class=\"size-large wp-image-3059 aligncenter\" src=\"https:\/\/musique-equilibre.com\/me\/wp-content\/uploads\/2019\/01\/P1080161-1024x683.jpg\" alt=\"\" width=\"1024\" height=\"683\" srcset=\"https:\/\/musique-equilibre.com\/me\/wp-content\/uploads\/2019\/01\/P1080161-1024x683.jpg 1024w, https:\/\/musique-equilibre.com\/me\/wp-content\/uploads\/2019\/01\/P1080161-150x100.jpg 150w, https:\/\/musique-equilibre.com\/me\/wp-content\/uploads\/2019\/01\/P1080161-300x200.jpg 300w, https:\/\/musique-equilibre.com\/me\/wp-content\/uploads\/2019\/01\/P1080161-768x512.jpg 768w\" sizes=\"(max-width: 1024px) 100vw, 1024px\" \/><\/p>\n<p style=\"text-align: center;\"><img loading=\"lazy\" decoding=\"async\" class=\"size-large wp-image-3060 aligncenter\" src=\"https:\/\/musique-equilibre.com\/me\/wp-content\/uploads\/2019\/01\/P1080169-1024x683.jpg\" alt=\"\" width=\"1024\" height=\"683\" srcset=\"https:\/\/musique-equilibre.com\/me\/wp-content\/uploads\/2019\/01\/P1080169-1024x683.jpg 1024w, https:\/\/musique-equilibre.com\/me\/wp-content\/uploads\/2019\/01\/P1080169-150x100.jpg 150w, https:\/\/musique-equilibre.com\/me\/wp-content\/uploads\/2019\/01\/P1080169-300x200.jpg 300w, https:\/\/musique-equilibre.com\/me\/wp-content\/uploads\/2019\/01\/P1080169-768x512.jpg 768w\" sizes=\"(max-width: 1024px) 100vw, 1024px\" \/><\/p>\n<p style=\"text-align: center;\"><img loading=\"lazy\" decoding=\"async\" class=\"size-large wp-image-3061 aligncenter\" src=\"https:\/\/musique-equilibre.com\/me\/wp-content\/uploads\/2019\/01\/P1080173-1024x683.jpg\" alt=\"\" width=\"1024\" height=\"683\" srcset=\"https:\/\/musique-equilibre.com\/me\/wp-content\/uploads\/2019\/01\/P1080173-1024x683.jpg 1024w, https:\/\/musique-equilibre.com\/me\/wp-content\/uploads\/2019\/01\/P1080173-150x100.jpg 150w, https:\/\/musique-equilibre.com\/me\/wp-content\/uploads\/2019\/01\/P1080173-300x200.jpg 300w, https:\/\/musique-equilibre.com\/me\/wp-content\/uploads\/2019\/01\/P1080173-768x512.jpg 768w\" sizes=\"(max-width: 1024px) 100vw, 1024px\" \/><\/p>\n<p><img loading=\"lazy\" decoding=\"async\" class=\"size-large wp-image-3062 aligncenter\" src=\"https:\/\/musique-equilibre.com\/me\/wp-content\/uploads\/2019\/01\/P1080174-1024x683.jpg\" alt=\"\" width=\"1024\" height=\"683\" srcset=\"https:\/\/musique-equilibre.com\/me\/wp-content\/uploads\/2019\/01\/P1080174-1024x683.jpg 1024w, https:\/\/musique-equilibre.com\/me\/wp-content\/uploads\/2019\/01\/P1080174-150x100.jpg 150w, https:\/\/musique-equilibre.com\/me\/wp-content\/uploads\/2019\/01\/P1080174-300x200.jpg 300w, https:\/\/musique-equilibre.com\/me\/wp-content\/uploads\/2019\/01\/P1080174-768x512.jpg 768w\" sizes=\"(max-width: 1024px) 100vw, 1024px\" \/><\/p>\n","protected":false},"excerpt":{"rendered":"","protected":false},"author":1,"featured_media":0,"parent":0,"menu_order":0,"comment_status":"closed","ping_status":"closed","template":"","meta":{"footnotes":""},"class_list":["post-2975","page","type-page","status-publish","czr-hentry"],"yoast_head":"<!-- This site is optimized with the Yoast SEO plugin v26.8 - https:\/\/yoast.com\/product\/yoast-seo-wordpress\/ -->\n<title>LIVE CROIS\u00c9#2 - St\u00e9phane D. Bertrand H. Laurent D. - 16.janv - Musique et Equilibre<\/title>\n<meta name=\"robots\" content=\"index, follow, max-snippet:-1, max-image-preview:large, max-video-preview:-1\" \/>\n<link rel=\"canonical\" href=\"https:\/\/musique-equilibre.com\/me\/index.php\/live-croise2-concertmusiqueorleans\/\" \/>\n<meta property=\"og:locale\" content=\"fr_FR\" \/>\n<meta property=\"og:type\" content=\"article\" \/>\n<meta property=\"og:title\" content=\"LIVE CROIS\u00c9#2 - St\u00e9phane D. Bertrand H. Laurent D. - 16.janv - Musique et Equilibre\" \/>\n<meta property=\"og:url\" content=\"https:\/\/musique-equilibre.com\/me\/index.php\/live-croise2-concertmusiqueorleans\/\" \/>\n<meta property=\"og:site_name\" content=\"Musique et Equilibre\" \/>\n<meta property=\"article:publisher\" content=\"https:\/\/www.facebook.com\/MusiqueetEquilibre45\" \/>\n<meta property=\"article:modified_time\" content=\"2020-04-29T09:51:29+00:00\" \/>\n<meta property=\"og:image\" content=\"http:\/\/musique-equilibre.com\/me\/wp-content\/uploads\/2019\/01\/P1080065-1024x683.jpg\" \/>\n<meta name=\"twitter:card\" content=\"summary_large_image\" \/>\n<meta name=\"twitter:site\" content=\"@Musiquequilibre\" \/>\n<script type=\"application\/ld+json\" class=\"yoast-schema-graph\">{\"@context\":\"https:\/\/schema.org\",\"@graph\":[{\"@type\":\"WebPage\",\"@id\":\"https:\/\/musique-equilibre.com\/me\/index.php\/live-croise2-concertmusiqueorleans\/\",\"url\":\"https:\/\/musique-equilibre.com\/me\/index.php\/live-croise2-concertmusiqueorleans\/\",\"name\":\"LIVE CROIS\u00c9#2 - St\u00e9phane D. Bertrand H. Laurent D. - 16.janv - Musique et Equilibre\",\"isPartOf\":{\"@id\":\"https:\/\/musique-equilibre.com\/me\/#website\"},\"primaryImageOfPage\":{\"@id\":\"https:\/\/musique-equilibre.com\/me\/index.php\/live-croise2-concertmusiqueorleans\/#primaryimage\"},\"image\":{\"@id\":\"https:\/\/musique-equilibre.com\/me\/index.php\/live-croise2-concertmusiqueorleans\/#primaryimage\"},\"thumbnailUrl\":\"http:\/\/musique-equilibre.com\/me\/wp-content\/uploads\/2019\/01\/P1080065-1024x683.jpg\",\"datePublished\":\"2019-01-17T15:52:28+00:00\",\"dateModified\":\"2020-04-29T09:51:29+00:00\",\"breadcrumb\":{\"@id\":\"https:\/\/musique-equilibre.com\/me\/index.php\/live-croise2-concertmusiqueorleans\/#breadcrumb\"},\"inLanguage\":\"fr-FR\",\"potentialAction\":[{\"@type\":\"ReadAction\",\"target\":[\"https:\/\/musique-equilibre.com\/me\/index.php\/live-croise2-concertmusiqueorleans\/\"]}]},{\"@type\":\"ImageObject\",\"inLanguage\":\"fr-FR\",\"@id\":\"https:\/\/musique-equilibre.com\/me\/index.php\/live-croise2-concertmusiqueorleans\/#primaryimage\",\"url\":\"https:\/\/musique-equilibre.com\/me\/wp-content\/uploads\/2019\/01\/P1080065.jpg\",\"contentUrl\":\"https:\/\/musique-equilibre.com\/me\/wp-content\/uploads\/2019\/01\/P1080065.jpg\",\"width\":5472,\"height\":3648},{\"@type\":\"BreadcrumbList\",\"@id\":\"https:\/\/musique-equilibre.com\/me\/index.php\/live-croise2-concertmusiqueorleans\/#breadcrumb\",\"itemListElement\":[{\"@type\":\"ListItem\",\"position\":1,\"name\":\"Accueil\",\"item\":\"https:\/\/musique-equilibre.com\/me\/\"},{\"@type\":\"ListItem\",\"position\":2,\"name\":\"LIVE CROIS\u00c9#2 &#8211; St\u00e9phane D. Bertrand H. Laurent D. &#8211; 16.janv\"}]},{\"@type\":\"WebSite\",\"@id\":\"https:\/\/musique-equilibre.com\/me\/#website\",\"url\":\"https:\/\/musique-equilibre.com\/me\/\",\"name\":\"Musique et Equilibre\",\"description\":\"\",\"publisher\":{\"@id\":\"https:\/\/musique-equilibre.com\/me\/#organization\"},\"potentialAction\":[{\"@type\":\"SearchAction\",\"target\":{\"@type\":\"EntryPoint\",\"urlTemplate\":\"https:\/\/musique-equilibre.com\/me\/?s={search_term_string}\"},\"query-input\":{\"@type\":\"PropertyValueSpecification\",\"valueRequired\":true,\"valueName\":\"search_term_string\"}}],\"inLanguage\":\"fr-FR\"},{\"@type\":\"Organization\",\"@id\":\"https:\/\/musique-equilibre.com\/me\/#organization\",\"name\":\"Musique et Equilibre\",\"alternateName\":\"\u00c9cole de musique et salle de concert \u00e0 Orl\u00e9ans\",\"url\":\"https:\/\/musique-equilibre.com\/me\/\",\"logo\":{\"@type\":\"ImageObject\",\"inLanguage\":\"fr-FR\",\"@id\":\"https:\/\/musique-equilibre.com\/me\/#\/schema\/logo\/image\/\",\"url\":\"https:\/\/musique-equilibre.com\/me\/wp-content\/uploads\/2022\/11\/cropped-Logo_orange_texture-1.png\",\"contentUrl\":\"https:\/\/musique-equilibre.com\/me\/wp-content\/uploads\/2022\/11\/cropped-Logo_orange_texture-1.png\",\"width\":512,\"height\":512,\"caption\":\"Musique et Equilibre\"},\"image\":{\"@id\":\"https:\/\/musique-equilibre.com\/me\/#\/schema\/logo\/image\/\"},\"sameAs\":[\"https:\/\/www.facebook.com\/MusiqueetEquilibre45\",\"https:\/\/x.com\/Musiquequilibre\",\"https:\/\/www.instagram.com\/musique_et_equilibre_\/\",\"https:\/\/www.linkedin.com\/company\/musique-&amp;-equilibre\/\",\"https:\/\/www.youtube.com\/c\/MusiqueEquilibreOrleans\/\"]}]}<\/script>\n<!-- \/ Yoast SEO plugin. -->","yoast_head_json":{"title":"LIVE CROIS\u00c9#2 - St\u00e9phane D. Bertrand H. Laurent D. - 16.janv - Musique et Equilibre","robots":{"index":"index","follow":"follow","max-snippet":"max-snippet:-1","max-image-preview":"max-image-preview:large","max-video-preview":"max-video-preview:-1"},"canonical":"https:\/\/musique-equilibre.com\/me\/index.php\/live-croise2-concertmusiqueorleans\/","og_locale":"fr_FR","og_type":"article","og_title":"LIVE CROIS\u00c9#2 - St\u00e9phane D. Bertrand H. Laurent D. - 16.janv - Musique et Equilibre","og_url":"https:\/\/musique-equilibre.com\/me\/index.php\/live-croise2-concertmusiqueorleans\/","og_site_name":"Musique et Equilibre","article_publisher":"https:\/\/www.facebook.com\/MusiqueetEquilibre45","article_modified_time":"2020-04-29T09:51:29+00:00","og_image":[{"url":"http:\/\/musique-equilibre.com\/me\/wp-content\/uploads\/2019\/01\/P1080065-1024x683.jpg","type":"","width":"","height":""}],"twitter_card":"summary_large_image","twitter_site":"@Musiquequilibre","schema":{"@context":"https:\/\/schema.org","@graph":[{"@type":"WebPage","@id":"https:\/\/musique-equilibre.com\/me\/index.php\/live-croise2-concertmusiqueorleans\/","url":"https:\/\/musique-equilibre.com\/me\/index.php\/live-croise2-concertmusiqueorleans\/","name":"LIVE CROIS\u00c9#2 - St\u00e9phane D. Bertrand H. Laurent D. - 16.janv - Musique et Equilibre","isPartOf":{"@id":"https:\/\/musique-equilibre.com\/me\/#website"},"primaryImageOfPage":{"@id":"https:\/\/musique-equilibre.com\/me\/index.php\/live-croise2-concertmusiqueorleans\/#primaryimage"},"image":{"@id":"https:\/\/musique-equilibre.com\/me\/index.php\/live-croise2-concertmusiqueorleans\/#primaryimage"},"thumbnailUrl":"http:\/\/musique-equilibre.com\/me\/wp-content\/uploads\/2019\/01\/P1080065-1024x683.jpg","datePublished":"2019-01-17T15:52:28+00:00","dateModified":"2020-04-29T09:51:29+00:00","breadcrumb":{"@id":"https:\/\/musique-equilibre.com\/me\/index.php\/live-croise2-concertmusiqueorleans\/#breadcrumb"},"inLanguage":"fr-FR","potentialAction":[{"@type":"ReadAction","target":["https:\/\/musique-equilibre.com\/me\/index.php\/live-croise2-concertmusiqueorleans\/"]}]},{"@type":"ImageObject","inLanguage":"fr-FR","@id":"https:\/\/musique-equilibre.com\/me\/index.php\/live-croise2-concertmusiqueorleans\/#primaryimage","url":"https:\/\/musique-equilibre.com\/me\/wp-content\/uploads\/2019\/01\/P1080065.jpg","contentUrl":"https:\/\/musique-equilibre.com\/me\/wp-content\/uploads\/2019\/01\/P1080065.jpg","width":5472,"height":3648},{"@type":"BreadcrumbList","@id":"https:\/\/musique-equilibre.com\/me\/index.php\/live-croise2-concertmusiqueorleans\/#breadcrumb","itemListElement":[{"@type":"ListItem","position":1,"name":"Accueil","item":"https:\/\/musique-equilibre.com\/me\/"},{"@type":"ListItem","position":2,"name":"LIVE CROIS\u00c9#2 &#8211; St\u00e9phane D. Bertrand H. Laurent D. &#8211; 16.janv"}]},{"@type":"WebSite","@id":"https:\/\/musique-equilibre.com\/me\/#website","url":"https:\/\/musique-equilibre.com\/me\/","name":"Musique et Equilibre","description":"","publisher":{"@id":"https:\/\/musique-equilibre.com\/me\/#organization"},"potentialAction":[{"@type":"SearchAction","target":{"@type":"EntryPoint","urlTemplate":"https:\/\/musique-equilibre.com\/me\/?s={search_term_string}"},"query-input":{"@type":"PropertyValueSpecification","valueRequired":true,"valueName":"search_term_string"}}],"inLanguage":"fr-FR"},{"@type":"Organization","@id":"https:\/\/musique-equilibre.com\/me\/#organization","name":"Musique et Equilibre","alternateName":"\u00c9cole de musique et salle de concert \u00e0 Orl\u00e9ans","url":"https:\/\/musique-equilibre.com\/me\/","logo":{"@type":"ImageObject","inLanguage":"fr-FR","@id":"https:\/\/musique-equilibre.com\/me\/#\/schema\/logo\/image\/","url":"https:\/\/musique-equilibre.com\/me\/wp-content\/uploads\/2022\/11\/cropped-Logo_orange_texture-1.png","contentUrl":"https:\/\/musique-equilibre.com\/me\/wp-content\/uploads\/2022\/11\/cropped-Logo_orange_texture-1.png","width":512,"height":512,"caption":"Musique et Equilibre"},"image":{"@id":"https:\/\/musique-equilibre.com\/me\/#\/schema\/logo\/image\/"},"sameAs":["https:\/\/www.facebook.com\/MusiqueetEquilibre45","https:\/\/x.com\/Musiquequilibre","https:\/\/www.instagram.com\/musique_et_equilibre_\/","https:\/\/www.linkedin.com\/company\/musique-&amp;-equilibre\/","https:\/\/www.youtube.com\/c\/MusiqueEquilibreOrleans\/"]}]}},"_links":{"self":[{"href":"https:\/\/musique-equilibre.com\/me\/index.php\/wp-json\/wp\/v2\/pages\/2975","targetHints":{"allow":["GET"]}}],"collection":[{"href":"https:\/\/musique-equilibre.com\/me\/index.php\/wp-json\/wp\/v2\/pages"}],"about":[{"href":"https:\/\/musique-equilibre.com\/me\/index.php\/wp-json\/wp\/v2\/types\/page"}],"author":[{"embeddable":true,"href":"https:\/\/musique-equilibre.com\/me\/index.php\/wp-json\/wp\/v2\/users\/1"}],"replies":[{"embeddable":true,"href":"https:\/\/musique-equilibre.com\/me\/index.php\/wp-json\/wp\/v2\/comments?post=2975"}],"version-history":[{"count":4,"href":"https:\/\/musique-equilibre.com\/me\/index.php\/wp-json\/wp\/v2\/pages\/2975\/revisions"}],"predecessor-version":[{"id":6215,"href":"https:\/\/musique-equilibre.com\/me\/index.php\/wp-json\/wp\/v2\/pages\/2975\/revisions\/6215"}],"wp:attachment":[{"href":"https:\/\/musique-equilibre.com\/me\/index.php\/wp-json\/wp\/v2\/media?parent=2975"}],"curies":[{"name":"wp","href":"https:\/\/api.w.org\/{rel}","templated":true}]}}