{"id":2954,"date":"2019-01-17T16:33:08","date_gmt":"2019-01-17T15:33:08","guid":{"rendered":"http:\/\/musique-equilibre.com\/me\/?page_id=2954"},"modified":"2020-04-29T11:49:51","modified_gmt":"2020-04-29T09:49:51","slug":"live11-concertmusiqueorleans","status":"publish","type":"page","link":"https:\/\/musique-equilibre.com\/me\/index.php\/live11-concertmusiqueorleans\/","title":{"rendered":"<p style=\"text-align: center; color: #f15d20;\"><strong><span style=\"font-family: Nexa Rust Sans;\">LIVE<span style=\"font-family: coves;\">#<\/span><span style=\"font-family: Nexa Rust Sans;\">11<\/span> <span style=\"font-family: coves;\">&#8211; Nathalie J. &#8211; 14.janv<\/span><\/strong><\/p>"},"content":{"rendered":"<p><img fetchpriority=\"high\" decoding=\"async\" class=\"size-large wp-image-2982 aligncenter\" src=\"https:\/\/musique-equilibre.com\/me\/wp-content\/uploads\/2019\/01\/01-1-1024x683.jpg\" alt=\"\" width=\"1024\" height=\"683\" srcset=\"https:\/\/musique-equilibre.com\/me\/wp-content\/uploads\/2019\/01\/01-1-1024x683.jpg 1024w, https:\/\/musique-equilibre.com\/me\/wp-content\/uploads\/2019\/01\/01-1-150x100.jpg 150w, https:\/\/musique-equilibre.com\/me\/wp-content\/uploads\/2019\/01\/01-1-300x200.jpg 300w, https:\/\/musique-equilibre.com\/me\/wp-content\/uploads\/2019\/01\/01-1-768x512.jpg 768w\" sizes=\"(max-width: 1024px) 100vw, 1024px\" \/> <img decoding=\"async\" class=\"size-large wp-image-2983 aligncenter\" src=\"https:\/\/musique-equilibre.com\/me\/wp-content\/uploads\/2019\/01\/02-1-1024x683.jpg\" alt=\"\" width=\"1024\" height=\"683\" srcset=\"https:\/\/musique-equilibre.com\/me\/wp-content\/uploads\/2019\/01\/02-1-1024x683.jpg 1024w, https:\/\/musique-equilibre.com\/me\/wp-content\/uploads\/2019\/01\/02-1-150x100.jpg 150w, https:\/\/musique-equilibre.com\/me\/wp-content\/uploads\/2019\/01\/02-1-300x200.jpg 300w, https:\/\/musique-equilibre.com\/me\/wp-content\/uploads\/2019\/01\/02-1-768x512.jpg 768w\" sizes=\"(max-width: 1024px) 100vw, 1024px\" \/> <img decoding=\"async\" class=\"size-large wp-image-2984 aligncenter\" src=\"https:\/\/musique-equilibre.com\/me\/wp-content\/uploads\/2019\/01\/03-1-1024x683.jpg\" alt=\"\" width=\"1024\" height=\"683\" srcset=\"https:\/\/musique-equilibre.com\/me\/wp-content\/uploads\/2019\/01\/03-1-1024x683.jpg 1024w, https:\/\/musique-equilibre.com\/me\/wp-content\/uploads\/2019\/01\/03-1-150x100.jpg 150w, https:\/\/musique-equilibre.com\/me\/wp-content\/uploads\/2019\/01\/03-1-300x200.jpg 300w, https:\/\/musique-equilibre.com\/me\/wp-content\/uploads\/2019\/01\/03-1-768x512.jpg 768w\" sizes=\"(max-width: 1024px) 100vw, 1024px\" \/> <img loading=\"lazy\" decoding=\"async\" class=\"size-large wp-image-3005 aligncenter\" src=\"https:\/\/musique-equilibre.com\/me\/wp-content\/uploads\/2019\/01\/24-1024x683.jpg\" alt=\"\" width=\"1024\" height=\"683\" srcset=\"https:\/\/musique-equilibre.com\/me\/wp-content\/uploads\/2019\/01\/24-1024x683.jpg 1024w, https:\/\/musique-equilibre.com\/me\/wp-content\/uploads\/2019\/01\/24-150x100.jpg 150w, https:\/\/musique-equilibre.com\/me\/wp-content\/uploads\/2019\/01\/24-300x200.jpg 300w, https:\/\/musique-equilibre.com\/me\/wp-content\/uploads\/2019\/01\/24-768x512.jpg 768w\" sizes=\"(max-width: 1024px) 100vw, 1024px\" \/> <img loading=\"lazy\" decoding=\"async\" class=\"size-large wp-image-2986 aligncenter\" src=\"https:\/\/musique-equilibre.com\/me\/wp-content\/uploads\/2019\/01\/05-1-1024x683.jpg\" alt=\"\" width=\"1024\" height=\"683\" srcset=\"https:\/\/musique-equilibre.com\/me\/wp-content\/uploads\/2019\/01\/05-1-1024x683.jpg 1024w, https:\/\/musique-equilibre.com\/me\/wp-content\/uploads\/2019\/01\/05-1-150x100.jpg 150w, https:\/\/musique-equilibre.com\/me\/wp-content\/uploads\/2019\/01\/05-1-300x200.jpg 300w, https:\/\/musique-equilibre.com\/me\/wp-content\/uploads\/2019\/01\/05-1-768x512.jpg 768w\" sizes=\"(max-width: 1024px) 100vw, 1024px\" \/> <img loading=\"lazy\" decoding=\"async\" class=\"size-large wp-image-2987 aligncenter\" src=\"https:\/\/musique-equilibre.com\/me\/wp-content\/uploads\/2019\/01\/06-1-1024x683.jpg\" alt=\"\" width=\"1024\" height=\"683\" srcset=\"https:\/\/musique-equilibre.com\/me\/wp-content\/uploads\/2019\/01\/06-1-1024x683.jpg 1024w, https:\/\/musique-equilibre.com\/me\/wp-content\/uploads\/2019\/01\/06-1-150x100.jpg 150w, https:\/\/musique-equilibre.com\/me\/wp-content\/uploads\/2019\/01\/06-1-300x200.jpg 300w, https:\/\/musique-equilibre.com\/me\/wp-content\/uploads\/2019\/01\/06-1-768x512.jpg 768w\" sizes=\"(max-width: 1024px) 100vw, 1024px\" \/> <img loading=\"lazy\" decoding=\"async\" class=\"size-large wp-image-2988 aligncenter\" src=\"https:\/\/musique-equilibre.com\/me\/wp-content\/uploads\/2019\/01\/07-1-1024x683.jpg\" alt=\"\" width=\"1024\" height=\"683\" srcset=\"https:\/\/musique-equilibre.com\/me\/wp-content\/uploads\/2019\/01\/07-1-1024x683.jpg 1024w, https:\/\/musique-equilibre.com\/me\/wp-content\/uploads\/2019\/01\/07-1-150x100.jpg 150w, https:\/\/musique-equilibre.com\/me\/wp-content\/uploads\/2019\/01\/07-1-300x200.jpg 300w, https:\/\/musique-equilibre.com\/me\/wp-content\/uploads\/2019\/01\/07-1-768x512.jpg 768w\" sizes=\"(max-width: 1024px) 100vw, 1024px\" \/> <img loading=\"lazy\" decoding=\"async\" class=\"size-large wp-image-2989 aligncenter\" src=\"https:\/\/musique-equilibre.com\/me\/wp-content\/uploads\/2019\/01\/08-1-1024x683.jpg\" alt=\"\" width=\"1024\" height=\"683\" srcset=\"https:\/\/musique-equilibre.com\/me\/wp-content\/uploads\/2019\/01\/08-1-1024x683.jpg 1024w, https:\/\/musique-equilibre.com\/me\/wp-content\/uploads\/2019\/01\/08-1-150x100.jpg 150w, https:\/\/musique-equilibre.com\/me\/wp-content\/uploads\/2019\/01\/08-1-300x200.jpg 300w, https:\/\/musique-equilibre.com\/me\/wp-content\/uploads\/2019\/01\/08-1-768x512.jpg 768w\" sizes=\"(max-width: 1024px) 100vw, 1024px\" \/> <img loading=\"lazy\" decoding=\"async\" class=\"size-large wp-image-2990 aligncenter\" src=\"https:\/\/musique-equilibre.com\/me\/wp-content\/uploads\/2019\/01\/09-1-1024x683.jpg\" alt=\"\" width=\"1024\" height=\"683\" srcset=\"https:\/\/musique-equilibre.com\/me\/wp-content\/uploads\/2019\/01\/09-1-1024x683.jpg 1024w, https:\/\/musique-equilibre.com\/me\/wp-content\/uploads\/2019\/01\/09-1-150x100.jpg 150w, https:\/\/musique-equilibre.com\/me\/wp-content\/uploads\/2019\/01\/09-1-300x200.jpg 300w, https:\/\/musique-equilibre.com\/me\/wp-content\/uploads\/2019\/01\/09-1-768x512.jpg 768w\" sizes=\"(max-width: 1024px) 100vw, 1024px\" \/> <img loading=\"lazy\" decoding=\"async\" class=\"size-large wp-image-3006 aligncenter\" src=\"https:\/\/musique-equilibre.com\/me\/wp-content\/uploads\/2019\/01\/25-1024x683.jpg\" alt=\"\" width=\"1024\" height=\"683\" srcset=\"https:\/\/musique-equilibre.com\/me\/wp-content\/uploads\/2019\/01\/25-1024x683.jpg 1024w, https:\/\/musique-equilibre.com\/me\/wp-content\/uploads\/2019\/01\/25-150x100.jpg 150w, https:\/\/musique-equilibre.com\/me\/wp-content\/uploads\/2019\/01\/25-300x200.jpg 300w, https:\/\/musique-equilibre.com\/me\/wp-content\/uploads\/2019\/01\/25-768x512.jpg 768w\" sizes=\"(max-width: 1024px) 100vw, 1024px\" \/> <img loading=\"lazy\" decoding=\"async\" class=\"size-large wp-image-2991 aligncenter\" src=\"https:\/\/musique-equilibre.com\/me\/wp-content\/uploads\/2019\/01\/10-1-1024x683.jpg\" alt=\"\" width=\"1024\" height=\"683\" srcset=\"https:\/\/musique-equilibre.com\/me\/wp-content\/uploads\/2019\/01\/10-1-1024x683.jpg 1024w, https:\/\/musique-equilibre.com\/me\/wp-content\/uploads\/2019\/01\/10-1-150x100.jpg 150w, https:\/\/musique-equilibre.com\/me\/wp-content\/uploads\/2019\/01\/10-1-300x200.jpg 300w, https:\/\/musique-equilibre.com\/me\/wp-content\/uploads\/2019\/01\/10-1-768x512.jpg 768w\" sizes=\"(max-width: 1024px) 100vw, 1024px\" \/> <img loading=\"lazy\" decoding=\"async\" class=\"size-large wp-image-2992 aligncenter\" src=\"https:\/\/musique-equilibre.com\/me\/wp-content\/uploads\/2019\/01\/11-1-1024x683.jpg\" alt=\"\" width=\"1024\" height=\"683\" srcset=\"https:\/\/musique-equilibre.com\/me\/wp-content\/uploads\/2019\/01\/11-1-1024x683.jpg 1024w, https:\/\/musique-equilibre.com\/me\/wp-content\/uploads\/2019\/01\/11-1-150x100.jpg 150w, https:\/\/musique-equilibre.com\/me\/wp-content\/uploads\/2019\/01\/11-1-300x200.jpg 300w, https:\/\/musique-equilibre.com\/me\/wp-content\/uploads\/2019\/01\/11-1-768x512.jpg 768w\" sizes=\"(max-width: 1024px) 100vw, 1024px\" \/> <img loading=\"lazy\" decoding=\"async\" class=\"size-large wp-image-2993 aligncenter\" src=\"https:\/\/musique-equilibre.com\/me\/wp-content\/uploads\/2019\/01\/12-1-1024x683.jpg\" alt=\"\" width=\"1024\" height=\"683\" srcset=\"https:\/\/musique-equilibre.com\/me\/wp-content\/uploads\/2019\/01\/12-1-1024x683.jpg 1024w, https:\/\/musique-equilibre.com\/me\/wp-content\/uploads\/2019\/01\/12-1-150x100.jpg 150w, https:\/\/musique-equilibre.com\/me\/wp-content\/uploads\/2019\/01\/12-1-300x200.jpg 300w, https:\/\/musique-equilibre.com\/me\/wp-content\/uploads\/2019\/01\/12-1-768x512.jpg 768w\" sizes=\"(max-width: 1024px) 100vw, 1024px\" \/> <img loading=\"lazy\" decoding=\"async\" class=\"size-large wp-image-2994 aligncenter\" src=\"https:\/\/musique-equilibre.com\/me\/wp-content\/uploads\/2019\/01\/13-1024x683.jpg\" alt=\"\" width=\"1024\" height=\"683\" srcset=\"https:\/\/musique-equilibre.com\/me\/wp-content\/uploads\/2019\/01\/13-1024x683.jpg 1024w, https:\/\/musique-equilibre.com\/me\/wp-content\/uploads\/2019\/01\/13-150x100.jpg 150w, https:\/\/musique-equilibre.com\/me\/wp-content\/uploads\/2019\/01\/13-300x200.jpg 300w, https:\/\/musique-equilibre.com\/me\/wp-content\/uploads\/2019\/01\/13-768x512.jpg 768w\" sizes=\"(max-width: 1024px) 100vw, 1024px\" \/> <img loading=\"lazy\" decoding=\"async\" class=\"size-large wp-image-2995 aligncenter\" src=\"https:\/\/musique-equilibre.com\/me\/wp-content\/uploads\/2019\/01\/14-1024x683.jpg\" alt=\"\" width=\"1024\" height=\"683\" srcset=\"https:\/\/musique-equilibre.com\/me\/wp-content\/uploads\/2019\/01\/14-1024x683.jpg 1024w, https:\/\/musique-equilibre.com\/me\/wp-content\/uploads\/2019\/01\/14-150x100.jpg 150w, https:\/\/musique-equilibre.com\/me\/wp-content\/uploads\/2019\/01\/14-300x200.jpg 300w, https:\/\/musique-equilibre.com\/me\/wp-content\/uploads\/2019\/01\/14-768x512.jpg 768w\" sizes=\"(max-width: 1024px) 100vw, 1024px\" \/> <img loading=\"lazy\" decoding=\"async\" class=\"size-large wp-image-2996 aligncenter\" src=\"https:\/\/musique-equilibre.com\/me\/wp-content\/uploads\/2019\/01\/15-1024x683.jpg\" alt=\"\" width=\"1024\" height=\"683\" srcset=\"https:\/\/musique-equilibre.com\/me\/wp-content\/uploads\/2019\/01\/15-1024x683.jpg 1024w, https:\/\/musique-equilibre.com\/me\/wp-content\/uploads\/2019\/01\/15-150x100.jpg 150w, https:\/\/musique-equilibre.com\/me\/wp-content\/uploads\/2019\/01\/15-300x200.jpg 300w, https:\/\/musique-equilibre.com\/me\/wp-content\/uploads\/2019\/01\/15-768x512.jpg 768w\" sizes=\"(max-width: 1024px) 100vw, 1024px\" \/> <img loading=\"lazy\" decoding=\"async\" class=\"size-large wp-image-2997 aligncenter\" src=\"https:\/\/musique-equilibre.com\/me\/wp-content\/uploads\/2019\/01\/16-1024x683.jpg\" alt=\"\" width=\"1024\" height=\"683\" srcset=\"https:\/\/musique-equilibre.com\/me\/wp-content\/uploads\/2019\/01\/16-1024x683.jpg 1024w, https:\/\/musique-equilibre.com\/me\/wp-content\/uploads\/2019\/01\/16-150x100.jpg 150w, https:\/\/musique-equilibre.com\/me\/wp-content\/uploads\/2019\/01\/16-300x200.jpg 300w, https:\/\/musique-equilibre.com\/me\/wp-content\/uploads\/2019\/01\/16-768x512.jpg 768w\" sizes=\"(max-width: 1024px) 100vw, 1024px\" \/> <img loading=\"lazy\" decoding=\"async\" class=\"size-large wp-image-2998 aligncenter\" src=\"https:\/\/musique-equilibre.com\/me\/wp-content\/uploads\/2019\/01\/17-1024x683.jpg\" alt=\"\" width=\"1024\" height=\"683\" srcset=\"https:\/\/musique-equilibre.com\/me\/wp-content\/uploads\/2019\/01\/17-1024x683.jpg 1024w, https:\/\/musique-equilibre.com\/me\/wp-content\/uploads\/2019\/01\/17-150x100.jpg 150w, https:\/\/musique-equilibre.com\/me\/wp-content\/uploads\/2019\/01\/17-300x200.jpg 300w, https:\/\/musique-equilibre.com\/me\/wp-content\/uploads\/2019\/01\/17-768x512.jpg 768w\" sizes=\"(max-width: 1024px) 100vw, 1024px\" \/> <img loading=\"lazy\" decoding=\"async\" class=\"size-large wp-image-2999 aligncenter\" src=\"https:\/\/musique-equilibre.com\/me\/wp-content\/uploads\/2019\/01\/18-1024x683.jpg\" alt=\"\" width=\"1024\" height=\"683\" srcset=\"https:\/\/musique-equilibre.com\/me\/wp-content\/uploads\/2019\/01\/18-1024x683.jpg 1024w, https:\/\/musique-equilibre.com\/me\/wp-content\/uploads\/2019\/01\/18-150x100.jpg 150w, https:\/\/musique-equilibre.com\/me\/wp-content\/uploads\/2019\/01\/18-300x200.jpg 300w, https:\/\/musique-equilibre.com\/me\/wp-content\/uploads\/2019\/01\/18-768x512.jpg 768w\" sizes=\"(max-width: 1024px) 100vw, 1024px\" \/> <img loading=\"lazy\" decoding=\"async\" class=\"size-large wp-image-3000 aligncenter\" src=\"https:\/\/musique-equilibre.com\/me\/wp-content\/uploads\/2019\/01\/19-1024x683.jpg\" alt=\"\" width=\"1024\" height=\"683\" srcset=\"https:\/\/musique-equilibre.com\/me\/wp-content\/uploads\/2019\/01\/19-1024x683.jpg 1024w, https:\/\/musique-equilibre.com\/me\/wp-content\/uploads\/2019\/01\/19-150x100.jpg 150w, https:\/\/musique-equilibre.com\/me\/wp-content\/uploads\/2019\/01\/19-300x200.jpg 300w, https:\/\/musique-equilibre.com\/me\/wp-content\/uploads\/2019\/01\/19-768x512.jpg 768w\" sizes=\"(max-width: 1024px) 100vw, 1024px\" \/> <img loading=\"lazy\" decoding=\"async\" class=\"size-large wp-image-3001 aligncenter\" src=\"https:\/\/musique-equilibre.com\/me\/wp-content\/uploads\/2019\/01\/20-1024x683.jpg\" alt=\"\" width=\"1024\" height=\"683\" srcset=\"https:\/\/musique-equilibre.com\/me\/wp-content\/uploads\/2019\/01\/20-1024x683.jpg 1024w, https:\/\/musique-equilibre.com\/me\/wp-content\/uploads\/2019\/01\/20-150x100.jpg 150w, https:\/\/musique-equilibre.com\/me\/wp-content\/uploads\/2019\/01\/20-300x200.jpg 300w, https:\/\/musique-equilibre.com\/me\/wp-content\/uploads\/2019\/01\/20-768x512.jpg 768w\" sizes=\"(max-width: 1024px) 100vw, 1024px\" \/> <img loading=\"lazy\" decoding=\"async\" class=\"size-large wp-image-3002 aligncenter\" src=\"https:\/\/musique-equilibre.com\/me\/wp-content\/uploads\/2019\/01\/21-1024x683.jpg\" alt=\"\" width=\"1024\" height=\"683\" srcset=\"https:\/\/musique-equilibre.com\/me\/wp-content\/uploads\/2019\/01\/21-1024x683.jpg 1024w, https:\/\/musique-equilibre.com\/me\/wp-content\/uploads\/2019\/01\/21-150x100.jpg 150w, https:\/\/musique-equilibre.com\/me\/wp-content\/uploads\/2019\/01\/21-300x200.jpg 300w, https:\/\/musique-equilibre.com\/me\/wp-content\/uploads\/2019\/01\/21-768x512.jpg 768w\" sizes=\"(max-width: 1024px) 100vw, 1024px\" \/> <img loading=\"lazy\" decoding=\"async\" class=\"size-large wp-image-3003 aligncenter\" src=\"https:\/\/musique-equilibre.com\/me\/wp-content\/uploads\/2019\/01\/22-1024x683.jpg\" alt=\"\" width=\"1024\" height=\"683\" srcset=\"https:\/\/musique-equilibre.com\/me\/wp-content\/uploads\/2019\/01\/22-1024x683.jpg 1024w, https:\/\/musique-equilibre.com\/me\/wp-content\/uploads\/2019\/01\/22-150x100.jpg 150w, https:\/\/musique-equilibre.com\/me\/wp-content\/uploads\/2019\/01\/22-300x200.jpg 300w, https:\/\/musique-equilibre.com\/me\/wp-content\/uploads\/2019\/01\/22-768x512.jpg 768w\" sizes=\"(max-width: 1024px) 100vw, 1024px\" \/> <img loading=\"lazy\" decoding=\"async\" class=\"size-large wp-image-3004 aligncenter\" src=\"https:\/\/musique-equilibre.com\/me\/wp-content\/uploads\/2019\/01\/23-1024x683.jpg\" alt=\"\" width=\"1024\" height=\"683\" srcset=\"https:\/\/musique-equilibre.com\/me\/wp-content\/uploads\/2019\/01\/23-1024x683.jpg 1024w, https:\/\/musique-equilibre.com\/me\/wp-content\/uploads\/2019\/01\/23-150x100.jpg 150w, https:\/\/musique-equilibre.com\/me\/wp-content\/uploads\/2019\/01\/23-300x200.jpg 300w, https:\/\/musique-equilibre.com\/me\/wp-content\/uploads\/2019\/01\/23-768x512.jpg 768w\" sizes=\"(max-width: 1024px) 100vw, 1024px\" \/><\/p>\n","protected":false},"excerpt":{"rendered":"","protected":false},"author":1,"featured_media":0,"parent":0,"menu_order":0,"comment_status":"closed","ping_status":"closed","template":"","meta":{"footnotes":""},"class_list":["post-2954","page","type-page","status-publish","czr-hentry"],"yoast_head":"<!-- This site is optimized with the Yoast SEO plugin v26.8 - https:\/\/yoast.com\/product\/yoast-seo-wordpress\/ -->\n<title>LIVE#11 - Nathalie J. - 14.janv - Musique et Equilibre<\/title>\n<meta name=\"robots\" content=\"index, follow, max-snippet:-1, max-image-preview:large, max-video-preview:-1\" \/>\n<link rel=\"canonical\" href=\"https:\/\/musique-equilibre.com\/me\/index.php\/live11-concertmusiqueorleans\/\" \/>\n<meta property=\"og:locale\" content=\"fr_FR\" \/>\n<meta property=\"og:type\" content=\"article\" \/>\n<meta property=\"og:title\" content=\"LIVE#11 - Nathalie J. - 14.janv - Musique et Equilibre\" \/>\n<meta property=\"og:url\" content=\"https:\/\/musique-equilibre.com\/me\/index.php\/live11-concertmusiqueorleans\/\" \/>\n<meta property=\"og:site_name\" content=\"Musique et Equilibre\" \/>\n<meta property=\"article:publisher\" content=\"https:\/\/www.facebook.com\/MusiqueetEquilibre45\" \/>\n<meta property=\"article:modified_time\" content=\"2020-04-29T09:49:51+00:00\" \/>\n<meta property=\"og:image\" content=\"http:\/\/musique-equilibre.com\/me\/wp-content\/uploads\/2019\/01\/01-1-1024x683.jpg\" \/>\n<meta name=\"twitter:card\" content=\"summary_large_image\" \/>\n<meta name=\"twitter:site\" content=\"@Musiquequilibre\" \/>\n<script type=\"application\/ld+json\" class=\"yoast-schema-graph\">{\"@context\":\"https:\/\/schema.org\",\"@graph\":[{\"@type\":\"WebPage\",\"@id\":\"https:\/\/musique-equilibre.com\/me\/index.php\/live11-concertmusiqueorleans\/\",\"url\":\"https:\/\/musique-equilibre.com\/me\/index.php\/live11-concertmusiqueorleans\/\",\"name\":\"LIVE#11 - Nathalie J. - 14.janv - Musique et Equilibre\",\"isPartOf\":{\"@id\":\"https:\/\/musique-equilibre.com\/me\/#website\"},\"primaryImageOfPage\":{\"@id\":\"https:\/\/musique-equilibre.com\/me\/index.php\/live11-concertmusiqueorleans\/#primaryimage\"},\"image\":{\"@id\":\"https:\/\/musique-equilibre.com\/me\/index.php\/live11-concertmusiqueorleans\/#primaryimage\"},\"thumbnailUrl\":\"http:\/\/musique-equilibre.com\/me\/wp-content\/uploads\/2019\/01\/01-1-1024x683.jpg\",\"datePublished\":\"2019-01-17T15:33:08+00:00\",\"dateModified\":\"2020-04-29T09:49:51+00:00\",\"breadcrumb\":{\"@id\":\"https:\/\/musique-equilibre.com\/me\/index.php\/live11-concertmusiqueorleans\/#breadcrumb\"},\"inLanguage\":\"fr-FR\",\"potentialAction\":[{\"@type\":\"ReadAction\",\"target\":[\"https:\/\/musique-equilibre.com\/me\/index.php\/live11-concertmusiqueorleans\/\"]}]},{\"@type\":\"ImageObject\",\"inLanguage\":\"fr-FR\",\"@id\":\"https:\/\/musique-equilibre.com\/me\/index.php\/live11-concertmusiqueorleans\/#primaryimage\",\"url\":\"https:\/\/musique-equilibre.com\/me\/wp-content\/uploads\/2019\/01\/01-1.jpg\",\"contentUrl\":\"https:\/\/musique-equilibre.com\/me\/wp-content\/uploads\/2019\/01\/01-1.jpg\",\"width\":5472,\"height\":3648},{\"@type\":\"BreadcrumbList\",\"@id\":\"https:\/\/musique-equilibre.com\/me\/index.php\/live11-concertmusiqueorleans\/#breadcrumb\",\"itemListElement\":[{\"@type\":\"ListItem\",\"position\":1,\"name\":\"Accueil\",\"item\":\"https:\/\/musique-equilibre.com\/me\/\"},{\"@type\":\"ListItem\",\"position\":2,\"name\":\"LIVE#11 &#8211; Nathalie J. &#8211; 14.janv\"}]},{\"@type\":\"WebSite\",\"@id\":\"https:\/\/musique-equilibre.com\/me\/#website\",\"url\":\"https:\/\/musique-equilibre.com\/me\/\",\"name\":\"Musique et Equilibre\",\"description\":\"\",\"publisher\":{\"@id\":\"https:\/\/musique-equilibre.com\/me\/#organization\"},\"potentialAction\":[{\"@type\":\"SearchAction\",\"target\":{\"@type\":\"EntryPoint\",\"urlTemplate\":\"https:\/\/musique-equilibre.com\/me\/?s={search_term_string}\"},\"query-input\":{\"@type\":\"PropertyValueSpecification\",\"valueRequired\":true,\"valueName\":\"search_term_string\"}}],\"inLanguage\":\"fr-FR\"},{\"@type\":\"Organization\",\"@id\":\"https:\/\/musique-equilibre.com\/me\/#organization\",\"name\":\"Musique et Equilibre\",\"alternateName\":\"\u00c9cole de musique et salle de concert \u00e0 Orl\u00e9ans\",\"url\":\"https:\/\/musique-equilibre.com\/me\/\",\"logo\":{\"@type\":\"ImageObject\",\"inLanguage\":\"fr-FR\",\"@id\":\"https:\/\/musique-equilibre.com\/me\/#\/schema\/logo\/image\/\",\"url\":\"https:\/\/musique-equilibre.com\/me\/wp-content\/uploads\/2022\/11\/cropped-Logo_orange_texture-1.png\",\"contentUrl\":\"https:\/\/musique-equilibre.com\/me\/wp-content\/uploads\/2022\/11\/cropped-Logo_orange_texture-1.png\",\"width\":512,\"height\":512,\"caption\":\"Musique et Equilibre\"},\"image\":{\"@id\":\"https:\/\/musique-equilibre.com\/me\/#\/schema\/logo\/image\/\"},\"sameAs\":[\"https:\/\/www.facebook.com\/MusiqueetEquilibre45\",\"https:\/\/x.com\/Musiquequilibre\",\"https:\/\/www.instagram.com\/musique_et_equilibre_\/\",\"https:\/\/www.linkedin.com\/company\/musique-&amp;-equilibre\/\",\"https:\/\/www.youtube.com\/c\/MusiqueEquilibreOrleans\/\"]}]}<\/script>\n<!-- \/ Yoast SEO plugin. -->","yoast_head_json":{"title":"LIVE#11 - Nathalie J. - 14.janv - Musique et Equilibre","robots":{"index":"index","follow":"follow","max-snippet":"max-snippet:-1","max-image-preview":"max-image-preview:large","max-video-preview":"max-video-preview:-1"},"canonical":"https:\/\/musique-equilibre.com\/me\/index.php\/live11-concertmusiqueorleans\/","og_locale":"fr_FR","og_type":"article","og_title":"LIVE#11 - Nathalie J. - 14.janv - Musique et Equilibre","og_url":"https:\/\/musique-equilibre.com\/me\/index.php\/live11-concertmusiqueorleans\/","og_site_name":"Musique et Equilibre","article_publisher":"https:\/\/www.facebook.com\/MusiqueetEquilibre45","article_modified_time":"2020-04-29T09:49:51+00:00","og_image":[{"url":"http:\/\/musique-equilibre.com\/me\/wp-content\/uploads\/2019\/01\/01-1-1024x683.jpg","type":"","width":"","height":""}],"twitter_card":"summary_large_image","twitter_site":"@Musiquequilibre","schema":{"@context":"https:\/\/schema.org","@graph":[{"@type":"WebPage","@id":"https:\/\/musique-equilibre.com\/me\/index.php\/live11-concertmusiqueorleans\/","url":"https:\/\/musique-equilibre.com\/me\/index.php\/live11-concertmusiqueorleans\/","name":"LIVE#11 - Nathalie J. - 14.janv - Musique et Equilibre","isPartOf":{"@id":"https:\/\/musique-equilibre.com\/me\/#website"},"primaryImageOfPage":{"@id":"https:\/\/musique-equilibre.com\/me\/index.php\/live11-concertmusiqueorleans\/#primaryimage"},"image":{"@id":"https:\/\/musique-equilibre.com\/me\/index.php\/live11-concertmusiqueorleans\/#primaryimage"},"thumbnailUrl":"http:\/\/musique-equilibre.com\/me\/wp-content\/uploads\/2019\/01\/01-1-1024x683.jpg","datePublished":"2019-01-17T15:33:08+00:00","dateModified":"2020-04-29T09:49:51+00:00","breadcrumb":{"@id":"https:\/\/musique-equilibre.com\/me\/index.php\/live11-concertmusiqueorleans\/#breadcrumb"},"inLanguage":"fr-FR","potentialAction":[{"@type":"ReadAction","target":["https:\/\/musique-equilibre.com\/me\/index.php\/live11-concertmusiqueorleans\/"]}]},{"@type":"ImageObject","inLanguage":"fr-FR","@id":"https:\/\/musique-equilibre.com\/me\/index.php\/live11-concertmusiqueorleans\/#primaryimage","url":"https:\/\/musique-equilibre.com\/me\/wp-content\/uploads\/2019\/01\/01-1.jpg","contentUrl":"https:\/\/musique-equilibre.com\/me\/wp-content\/uploads\/2019\/01\/01-1.jpg","width":5472,"height":3648},{"@type":"BreadcrumbList","@id":"https:\/\/musique-equilibre.com\/me\/index.php\/live11-concertmusiqueorleans\/#breadcrumb","itemListElement":[{"@type":"ListItem","position":1,"name":"Accueil","item":"https:\/\/musique-equilibre.com\/me\/"},{"@type":"ListItem","position":2,"name":"LIVE#11 &#8211; Nathalie J. &#8211; 14.janv"}]},{"@type":"WebSite","@id":"https:\/\/musique-equilibre.com\/me\/#website","url":"https:\/\/musique-equilibre.com\/me\/","name":"Musique et Equilibre","description":"","publisher":{"@id":"https:\/\/musique-equilibre.com\/me\/#organization"},"potentialAction":[{"@type":"SearchAction","target":{"@type":"EntryPoint","urlTemplate":"https:\/\/musique-equilibre.com\/me\/?s={search_term_string}"},"query-input":{"@type":"PropertyValueSpecification","valueRequired":true,"valueName":"search_term_string"}}],"inLanguage":"fr-FR"},{"@type":"Organization","@id":"https:\/\/musique-equilibre.com\/me\/#organization","name":"Musique et Equilibre","alternateName":"\u00c9cole de musique et salle de concert \u00e0 Orl\u00e9ans","url":"https:\/\/musique-equilibre.com\/me\/","logo":{"@type":"ImageObject","inLanguage":"fr-FR","@id":"https:\/\/musique-equilibre.com\/me\/#\/schema\/logo\/image\/","url":"https:\/\/musique-equilibre.com\/me\/wp-content\/uploads\/2022\/11\/cropped-Logo_orange_texture-1.png","contentUrl":"https:\/\/musique-equilibre.com\/me\/wp-content\/uploads\/2022\/11\/cropped-Logo_orange_texture-1.png","width":512,"height":512,"caption":"Musique et Equilibre"},"image":{"@id":"https:\/\/musique-equilibre.com\/me\/#\/schema\/logo\/image\/"},"sameAs":["https:\/\/www.facebook.com\/MusiqueetEquilibre45","https:\/\/x.com\/Musiquequilibre","https:\/\/www.instagram.com\/musique_et_equilibre_\/","https:\/\/www.linkedin.com\/company\/musique-&amp;-equilibre\/","https:\/\/www.youtube.com\/c\/MusiqueEquilibreOrleans\/"]}]}},"_links":{"self":[{"href":"https:\/\/musique-equilibre.com\/me\/index.php\/wp-json\/wp\/v2\/pages\/2954","targetHints":{"allow":["GET"]}}],"collection":[{"href":"https:\/\/musique-equilibre.com\/me\/index.php\/wp-json\/wp\/v2\/pages"}],"about":[{"href":"https:\/\/musique-equilibre.com\/me\/index.php\/wp-json\/wp\/v2\/types\/page"}],"author":[{"embeddable":true,"href":"https:\/\/musique-equilibre.com\/me\/index.php\/wp-json\/wp\/v2\/users\/1"}],"replies":[{"embeddable":true,"href":"https:\/\/musique-equilibre.com\/me\/index.php\/wp-json\/wp\/v2\/comments?post=2954"}],"version-history":[{"count":5,"href":"https:\/\/musique-equilibre.com\/me\/index.php\/wp-json\/wp\/v2\/pages\/2954\/revisions"}],"predecessor-version":[{"id":6213,"href":"https:\/\/musique-equilibre.com\/me\/index.php\/wp-json\/wp\/v2\/pages\/2954\/revisions\/6213"}],"wp:attachment":[{"href":"https:\/\/musique-equilibre.com\/me\/index.php\/wp-json\/wp\/v2\/media?parent=2954"}],"curies":[{"name":"wp","href":"https:\/\/api.w.org\/{rel}","templated":true}]}}