{"id":2318,"date":"2018-11-20T18:37:36","date_gmt":"2018-11-20T17:37:36","guid":{"rendered":"http:\/\/musique-equilibre.com\/me\/?page_id=2318"},"modified":"2020-04-29T11:59:17","modified_gmt":"2020-04-29T09:59:17","slug":"live-croise1-concertmusiqueorleans","status":"publish","type":"page","link":"https:\/\/musique-equilibre.com\/me\/index.php\/live-croise1-concertmusiqueorleans\/","title":{"rendered":"<p style=\"text-align: center; color: #f15d20;\"><strong><span style=\"font-family: Nexa Rust Sans;\">LIVE CROIS\u00c9<span style=\"font-family: coves;\">#<\/span><span style=\"font-family: Nexa Rust Sans;\">1<\/span> <span style=\"font-family: coves;\">&#8211; Victor P. Thierry L. Aude P. Vincent V. Franck S. Sacha G. &#8211; 14.nov<\/span><\/strong><\/p>"},"content":{"rendered":"<p><img fetchpriority=\"high\" decoding=\"async\" class=\"size-large wp-image-2325 aligncenter\" src=\"https:\/\/musique-equilibre.com\/me\/wp-content\/uploads\/2018\/11\/07-3-1024x683.jpg\" alt=\"\" width=\"1024\" height=\"683\" srcset=\"https:\/\/musique-equilibre.com\/me\/wp-content\/uploads\/2018\/11\/07-3-1024x683.jpg 1024w, https:\/\/musique-equilibre.com\/me\/wp-content\/uploads\/2018\/11\/07-3-150x100.jpg 150w, https:\/\/musique-equilibre.com\/me\/wp-content\/uploads\/2018\/11\/07-3-300x200.jpg 300w, https:\/\/musique-equilibre.com\/me\/wp-content\/uploads\/2018\/11\/07-3-768x512.jpg 768w\" sizes=\"(max-width: 1024px) 100vw, 1024px\" \/> <img decoding=\"async\" class=\"size-large wp-image-2323 aligncenter\" src=\"https:\/\/musique-equilibre.com\/me\/wp-content\/uploads\/2018\/11\/05-3-1024x683.jpg\" alt=\"\" width=\"1024\" height=\"683\" srcset=\"https:\/\/musique-equilibre.com\/me\/wp-content\/uploads\/2018\/11\/05-3-1024x683.jpg 1024w, https:\/\/musique-equilibre.com\/me\/wp-content\/uploads\/2018\/11\/05-3-150x100.jpg 150w, https:\/\/musique-equilibre.com\/me\/wp-content\/uploads\/2018\/11\/05-3-300x200.jpg 300w, https:\/\/musique-equilibre.com\/me\/wp-content\/uploads\/2018\/11\/05-3-768x512.jpg 768w\" sizes=\"(max-width: 1024px) 100vw, 1024px\" \/> <img decoding=\"async\" class=\"size-large wp-image-2322 aligncenter\" src=\"https:\/\/musique-equilibre.com\/me\/wp-content\/uploads\/2018\/11\/04-3-1024x683.jpg\" alt=\"\" width=\"1024\" height=\"683\" srcset=\"https:\/\/musique-equilibre.com\/me\/wp-content\/uploads\/2018\/11\/04-3-1024x683.jpg 1024w, https:\/\/musique-equilibre.com\/me\/wp-content\/uploads\/2018\/11\/04-3-150x100.jpg 150w, https:\/\/musique-equilibre.com\/me\/wp-content\/uploads\/2018\/11\/04-3-300x200.jpg 300w, https:\/\/musique-equilibre.com\/me\/wp-content\/uploads\/2018\/11\/04-3-768x512.jpg 768w\" sizes=\"(max-width: 1024px) 100vw, 1024px\" \/> <img loading=\"lazy\" decoding=\"async\" class=\"size-large wp-image-2324 aligncenter\" src=\"https:\/\/musique-equilibre.com\/me\/wp-content\/uploads\/2018\/11\/06-3-1024x683.jpg\" alt=\"\" width=\"1024\" height=\"683\" srcset=\"https:\/\/musique-equilibre.com\/me\/wp-content\/uploads\/2018\/11\/06-3-1024x683.jpg 1024w, https:\/\/musique-equilibre.com\/me\/wp-content\/uploads\/2018\/11\/06-3-150x100.jpg 150w, https:\/\/musique-equilibre.com\/me\/wp-content\/uploads\/2018\/11\/06-3-300x200.jpg 300w, https:\/\/musique-equilibre.com\/me\/wp-content\/uploads\/2018\/11\/06-3-768x512.jpg 768w\" sizes=\"(max-width: 1024px) 100vw, 1024px\" \/> <img loading=\"lazy\" decoding=\"async\" class=\"size-large wp-image-2326 aligncenter\" src=\"https:\/\/musique-equilibre.com\/me\/wp-content\/uploads\/2018\/11\/08-3-1024x683.jpg\" alt=\"\" width=\"1024\" height=\"683\" srcset=\"https:\/\/musique-equilibre.com\/me\/wp-content\/uploads\/2018\/11\/08-3-1024x683.jpg 1024w, https:\/\/musique-equilibre.com\/me\/wp-content\/uploads\/2018\/11\/08-3-150x100.jpg 150w, https:\/\/musique-equilibre.com\/me\/wp-content\/uploads\/2018\/11\/08-3-300x200.jpg 300w, https:\/\/musique-equilibre.com\/me\/wp-content\/uploads\/2018\/11\/08-3-768x512.jpg 768w\" sizes=\"(max-width: 1024px) 100vw, 1024px\" \/> <img loading=\"lazy\" decoding=\"async\" class=\"size-large wp-image-2327 aligncenter\" src=\"https:\/\/musique-equilibre.com\/me\/wp-content\/uploads\/2018\/11\/09-2-1024x683.jpg\" alt=\"\" width=\"1024\" height=\"683\" srcset=\"https:\/\/musique-equilibre.com\/me\/wp-content\/uploads\/2018\/11\/09-2-1024x683.jpg 1024w, https:\/\/musique-equilibre.com\/me\/wp-content\/uploads\/2018\/11\/09-2-150x100.jpg 150w, https:\/\/musique-equilibre.com\/me\/wp-content\/uploads\/2018\/11\/09-2-300x200.jpg 300w, https:\/\/musique-equilibre.com\/me\/wp-content\/uploads\/2018\/11\/09-2-768x512.jpg 768w\" sizes=\"(max-width: 1024px) 100vw, 1024px\" \/> <img loading=\"lazy\" decoding=\"async\" class=\"size-large wp-image-2328 aligncenter\" src=\"https:\/\/musique-equilibre.com\/me\/wp-content\/uploads\/2018\/11\/10-2-1024x683.jpg\" alt=\"\" width=\"1024\" height=\"683\" srcset=\"https:\/\/musique-equilibre.com\/me\/wp-content\/uploads\/2018\/11\/10-2-1024x683.jpg 1024w, https:\/\/musique-equilibre.com\/me\/wp-content\/uploads\/2018\/11\/10-2-150x100.jpg 150w, https:\/\/musique-equilibre.com\/me\/wp-content\/uploads\/2018\/11\/10-2-300x200.jpg 300w, https:\/\/musique-equilibre.com\/me\/wp-content\/uploads\/2018\/11\/10-2-768x512.jpg 768w\" sizes=\"(max-width: 1024px) 100vw, 1024px\" \/> <img loading=\"lazy\" decoding=\"async\" class=\"size-large wp-image-2329 aligncenter\" src=\"https:\/\/musique-equilibre.com\/me\/wp-content\/uploads\/2018\/11\/11-2-1024x683.jpg\" alt=\"\" width=\"1024\" height=\"683\" srcset=\"https:\/\/musique-equilibre.com\/me\/wp-content\/uploads\/2018\/11\/11-2-1024x683.jpg 1024w, https:\/\/musique-equilibre.com\/me\/wp-content\/uploads\/2018\/11\/11-2-150x100.jpg 150w, https:\/\/musique-equilibre.com\/me\/wp-content\/uploads\/2018\/11\/11-2-300x200.jpg 300w, https:\/\/musique-equilibre.com\/me\/wp-content\/uploads\/2018\/11\/11-2-768x512.jpg 768w\" sizes=\"(max-width: 1024px) 100vw, 1024px\" \/> <img loading=\"lazy\" decoding=\"async\" class=\"size-large wp-image-2330 aligncenter\" src=\"https:\/\/musique-equilibre.com\/me\/wp-content\/uploads\/2018\/11\/12-2-1024x683.jpg\" alt=\"\" width=\"1024\" height=\"683\" srcset=\"https:\/\/musique-equilibre.com\/me\/wp-content\/uploads\/2018\/11\/12-2-1024x683.jpg 1024w, https:\/\/musique-equilibre.com\/me\/wp-content\/uploads\/2018\/11\/12-2-150x100.jpg 150w, https:\/\/musique-equilibre.com\/me\/wp-content\/uploads\/2018\/11\/12-2-300x200.jpg 300w, https:\/\/musique-equilibre.com\/me\/wp-content\/uploads\/2018\/11\/12-2-768x512.jpg 768w\" sizes=\"(max-width: 1024px) 100vw, 1024px\" \/> <img loading=\"lazy\" decoding=\"async\" class=\"size-large wp-image-2332 aligncenter\" src=\"https:\/\/musique-equilibre.com\/me\/wp-content\/uploads\/2018\/11\/14-2-1024x683.jpg\" alt=\"\" width=\"1024\" height=\"683\" srcset=\"https:\/\/musique-equilibre.com\/me\/wp-content\/uploads\/2018\/11\/14-2-1024x683.jpg 1024w, https:\/\/musique-equilibre.com\/me\/wp-content\/uploads\/2018\/11\/14-2-150x100.jpg 150w, https:\/\/musique-equilibre.com\/me\/wp-content\/uploads\/2018\/11\/14-2-300x200.jpg 300w, https:\/\/musique-equilibre.com\/me\/wp-content\/uploads\/2018\/11\/14-2-768x512.jpg 768w\" sizes=\"(max-width: 1024px) 100vw, 1024px\" \/> <img loading=\"lazy\" decoding=\"async\" class=\"size-large wp-image-2334 aligncenter\" src=\"https:\/\/musique-equilibre.com\/me\/wp-content\/uploads\/2018\/11\/16-2-1024x683.jpg\" alt=\"\" width=\"1024\" height=\"683\" srcset=\"https:\/\/musique-equilibre.com\/me\/wp-content\/uploads\/2018\/11\/16-2-1024x683.jpg 1024w, https:\/\/musique-equilibre.com\/me\/wp-content\/uploads\/2018\/11\/16-2-150x100.jpg 150w, https:\/\/musique-equilibre.com\/me\/wp-content\/uploads\/2018\/11\/16-2-300x200.jpg 300w, https:\/\/musique-equilibre.com\/me\/wp-content\/uploads\/2018\/11\/16-2-768x512.jpg 768w\" sizes=\"(max-width: 1024px) 100vw, 1024px\" \/> <img loading=\"lazy\" decoding=\"async\" class=\"size-large wp-image-2333 aligncenter\" src=\"https:\/\/musique-equilibre.com\/me\/wp-content\/uploads\/2018\/11\/15-2-1024x683.jpg\" alt=\"\" width=\"1024\" height=\"683\" srcset=\"https:\/\/musique-equilibre.com\/me\/wp-content\/uploads\/2018\/11\/15-2-1024x683.jpg 1024w, https:\/\/musique-equilibre.com\/me\/wp-content\/uploads\/2018\/11\/15-2-150x100.jpg 150w, https:\/\/musique-equilibre.com\/me\/wp-content\/uploads\/2018\/11\/15-2-300x200.jpg 300w, https:\/\/musique-equilibre.com\/me\/wp-content\/uploads\/2018\/11\/15-2-768x512.jpg 768w\" sizes=\"(max-width: 1024px) 100vw, 1024px\" \/> <img loading=\"lazy\" decoding=\"async\" class=\"size-large wp-image-2331 aligncenter\" src=\"https:\/\/musique-equilibre.com\/me\/wp-content\/uploads\/2018\/11\/13-2-1024x683.jpg\" alt=\"\" width=\"1024\" height=\"683\" srcset=\"https:\/\/musique-equilibre.com\/me\/wp-content\/uploads\/2018\/11\/13-2-1024x683.jpg 1024w, https:\/\/musique-equilibre.com\/me\/wp-content\/uploads\/2018\/11\/13-2-150x100.jpg 150w, https:\/\/musique-equilibre.com\/me\/wp-content\/uploads\/2018\/11\/13-2-300x200.jpg 300w, https:\/\/musique-equilibre.com\/me\/wp-content\/uploads\/2018\/11\/13-2-768x512.jpg 768w\" sizes=\"(max-width: 1024px) 100vw, 1024px\" \/> <img loading=\"lazy\" decoding=\"async\" class=\"size-large wp-image-2336 aligncenter\" src=\"https:\/\/musique-equilibre.com\/me\/wp-content\/uploads\/2018\/11\/18-2-1024x683.jpg\" alt=\"\" width=\"1024\" height=\"683\" srcset=\"https:\/\/musique-equilibre.com\/me\/wp-content\/uploads\/2018\/11\/18-2-1024x683.jpg 1024w, https:\/\/musique-equilibre.com\/me\/wp-content\/uploads\/2018\/11\/18-2-150x100.jpg 150w, https:\/\/musique-equilibre.com\/me\/wp-content\/uploads\/2018\/11\/18-2-300x200.jpg 300w, https:\/\/musique-equilibre.com\/me\/wp-content\/uploads\/2018\/11\/18-2-768x512.jpg 768w\" sizes=\"(max-width: 1024px) 100vw, 1024px\" \/> <img loading=\"lazy\" decoding=\"async\" class=\"size-large wp-image-2335 aligncenter\" src=\"https:\/\/musique-equilibre.com\/me\/wp-content\/uploads\/2018\/11\/17-2-1024x683.jpg\" alt=\"\" width=\"1024\" height=\"683\" srcset=\"https:\/\/musique-equilibre.com\/me\/wp-content\/uploads\/2018\/11\/17-2-1024x683.jpg 1024w, https:\/\/musique-equilibre.com\/me\/wp-content\/uploads\/2018\/11\/17-2-150x100.jpg 150w, https:\/\/musique-equilibre.com\/me\/wp-content\/uploads\/2018\/11\/17-2-300x200.jpg 300w, https:\/\/musique-equilibre.com\/me\/wp-content\/uploads\/2018\/11\/17-2-768x512.jpg 768w\" sizes=\"(max-width: 1024px) 100vw, 1024px\" \/> <img loading=\"lazy\" decoding=\"async\" class=\"size-large wp-image-2340 aligncenter\" src=\"https:\/\/musique-equilibre.com\/me\/wp-content\/uploads\/2018\/11\/22-1-1024x683.jpg\" alt=\"\" width=\"1024\" height=\"683\" srcset=\"https:\/\/musique-equilibre.com\/me\/wp-content\/uploads\/2018\/11\/22-1-1024x683.jpg 1024w, https:\/\/musique-equilibre.com\/me\/wp-content\/uploads\/2018\/11\/22-1-150x100.jpg 150w, https:\/\/musique-equilibre.com\/me\/wp-content\/uploads\/2018\/11\/22-1-300x200.jpg 300w, https:\/\/musique-equilibre.com\/me\/wp-content\/uploads\/2018\/11\/22-1-768x512.jpg 768w\" sizes=\"(max-width: 1024px) 100vw, 1024px\" \/> <img loading=\"lazy\" decoding=\"async\" class=\"size-large wp-image-2337 aligncenter\" src=\"https:\/\/musique-equilibre.com\/me\/wp-content\/uploads\/2018\/11\/19-2-1024x683.jpg\" alt=\"\" width=\"1024\" height=\"683\" srcset=\"https:\/\/musique-equilibre.com\/me\/wp-content\/uploads\/2018\/11\/19-2-1024x683.jpg 1024w, https:\/\/musique-equilibre.com\/me\/wp-content\/uploads\/2018\/11\/19-2-150x100.jpg 150w, https:\/\/musique-equilibre.com\/me\/wp-content\/uploads\/2018\/11\/19-2-300x200.jpg 300w, https:\/\/musique-equilibre.com\/me\/wp-content\/uploads\/2018\/11\/19-2-768x512.jpg 768w\" sizes=\"(max-width: 1024px) 100vw, 1024px\" \/> <img loading=\"lazy\" decoding=\"async\" class=\"size-large wp-image-2338 aligncenter\" src=\"https:\/\/musique-equilibre.com\/me\/wp-content\/uploads\/2018\/11\/20-2-1024x683.jpg\" alt=\"\" width=\"1024\" height=\"683\" srcset=\"https:\/\/musique-equilibre.com\/me\/wp-content\/uploads\/2018\/11\/20-2-1024x683.jpg 1024w, https:\/\/musique-equilibre.com\/me\/wp-content\/uploads\/2018\/11\/20-2-150x100.jpg 150w, https:\/\/musique-equilibre.com\/me\/wp-content\/uploads\/2018\/11\/20-2-300x200.jpg 300w, https:\/\/musique-equilibre.com\/me\/wp-content\/uploads\/2018\/11\/20-2-768x512.jpg 768w\" sizes=\"(max-width: 1024px) 100vw, 1024px\" \/>&nbsp;<img loading=\"lazy\" decoding=\"async\" class=\"size-large wp-image-2339 aligncenter\" src=\"https:\/\/musique-equilibre.com\/me\/wp-content\/uploads\/2018\/11\/21-1-1024x683.jpg\" alt=\"\" width=\"1024\" height=\"683\" srcset=\"https:\/\/musique-equilibre.com\/me\/wp-content\/uploads\/2018\/11\/21-1-1024x683.jpg 1024w, https:\/\/musique-equilibre.com\/me\/wp-content\/uploads\/2018\/11\/21-1-150x100.jpg 150w, https:\/\/musique-equilibre.com\/me\/wp-content\/uploads\/2018\/11\/21-1-300x200.jpg 300w, https:\/\/musique-equilibre.com\/me\/wp-content\/uploads\/2018\/11\/21-1-768x512.jpg 768w\" sizes=\"(max-width: 1024px) 100vw, 1024px\" \/> <img loading=\"lazy\" decoding=\"async\" class=\"size-large wp-image-2319 aligncenter\" src=\"https:\/\/musique-equilibre.com\/me\/wp-content\/uploads\/2018\/11\/01-3-1024x683.jpg\" alt=\"\" width=\"1024\" height=\"683\" srcset=\"https:\/\/musique-equilibre.com\/me\/wp-content\/uploads\/2018\/11\/01-3-1024x683.jpg 1024w, https:\/\/musique-equilibre.com\/me\/wp-content\/uploads\/2018\/11\/01-3-150x100.jpg 150w, https:\/\/musique-equilibre.com\/me\/wp-content\/uploads\/2018\/11\/01-3-300x200.jpg 300w, https:\/\/musique-equilibre.com\/me\/wp-content\/uploads\/2018\/11\/01-3-768x512.jpg 768w\" sizes=\"(max-width: 1024px) 100vw, 1024px\" \/> <img loading=\"lazy\" decoding=\"async\" class=\"size-large wp-image-2320 aligncenter\" src=\"https:\/\/musique-equilibre.com\/me\/wp-content\/uploads\/2018\/11\/02-3-1024x683.jpg\" alt=\"\" width=\"1024\" height=\"683\" srcset=\"https:\/\/musique-equilibre.com\/me\/wp-content\/uploads\/2018\/11\/02-3-1024x683.jpg 1024w, https:\/\/musique-equilibre.com\/me\/wp-content\/uploads\/2018\/11\/02-3-150x100.jpg 150w, https:\/\/musique-equilibre.com\/me\/wp-content\/uploads\/2018\/11\/02-3-300x200.jpg 300w, https:\/\/musique-equilibre.com\/me\/wp-content\/uploads\/2018\/11\/02-3-768x512.jpg 768w\" sizes=\"(max-width: 1024px) 100vw, 1024px\" \/> <img loading=\"lazy\" decoding=\"async\" class=\"size-large wp-image-2321 aligncenter\" src=\"https:\/\/musique-equilibre.com\/me\/wp-content\/uploads\/2018\/11\/03-3-1024x683.jpg\" alt=\"\" width=\"1024\" height=\"683\" srcset=\"https:\/\/musique-equilibre.com\/me\/wp-content\/uploads\/2018\/11\/03-3-1024x683.jpg 1024w, https:\/\/musique-equilibre.com\/me\/wp-content\/uploads\/2018\/11\/03-3-150x100.jpg 150w, https:\/\/musique-equilibre.com\/me\/wp-content\/uploads\/2018\/11\/03-3-300x200.jpg 300w, https:\/\/musique-equilibre.com\/me\/wp-content\/uploads\/2018\/11\/03-3-768x512.jpg 768w\" sizes=\"(max-width: 1024px) 100vw, 1024px\" \/><\/p>\n","protected":false},"excerpt":{"rendered":"<p>&nbsp;<\/p>\n","protected":false},"author":1,"featured_media":0,"parent":0,"menu_order":0,"comment_status":"closed","ping_status":"closed","template":"","meta":{"footnotes":""},"class_list":["post-2318","page","type-page","status-publish","czr-hentry"],"yoast_head":"<!-- This site is optimized with the Yoast SEO plugin v26.8 - https:\/\/yoast.com\/product\/yoast-seo-wordpress\/ -->\n<title>LIVE CROIS\u00c9#1 - Victor P. Thierry L. Aude P. Vincent V. Franck S. Sacha G. - 14.nov - Musique et Equilibre<\/title>\n<meta name=\"robots\" content=\"index, follow, max-snippet:-1, max-image-preview:large, max-video-preview:-1\" \/>\n<link rel=\"canonical\" href=\"https:\/\/musique-equilibre.com\/me\/index.php\/live-croise1-concertmusiqueorleans\/\" \/>\n<meta property=\"og:locale\" content=\"fr_FR\" \/>\n<meta property=\"og:type\" content=\"article\" \/>\n<meta property=\"og:title\" content=\"LIVE CROIS\u00c9#1 - Victor P. Thierry L. Aude P. Vincent V. Franck S. Sacha G. - 14.nov - Musique et Equilibre\" \/>\n<meta property=\"og:description\" content=\"&nbsp;\" \/>\n<meta property=\"og:url\" content=\"https:\/\/musique-equilibre.com\/me\/index.php\/live-croise1-concertmusiqueorleans\/\" \/>\n<meta property=\"og:site_name\" content=\"Musique et Equilibre\" \/>\n<meta property=\"article:publisher\" content=\"https:\/\/www.facebook.com\/MusiqueetEquilibre45\" \/>\n<meta property=\"article:modified_time\" content=\"2020-04-29T09:59:17+00:00\" \/>\n<meta property=\"og:image\" content=\"http:\/\/musique-equilibre.com\/me\/wp-content\/uploads\/2018\/11\/07-3-1024x683.jpg\" \/>\n<meta name=\"twitter:card\" content=\"summary_large_image\" \/>\n<meta name=\"twitter:site\" content=\"@Musiquequilibre\" \/>\n<script type=\"application\/ld+json\" class=\"yoast-schema-graph\">{\"@context\":\"https:\/\/schema.org\",\"@graph\":[{\"@type\":\"WebPage\",\"@id\":\"https:\/\/musique-equilibre.com\/me\/index.php\/live-croise1-concertmusiqueorleans\/\",\"url\":\"https:\/\/musique-equilibre.com\/me\/index.php\/live-croise1-concertmusiqueorleans\/\",\"name\":\"LIVE CROIS\u00c9#1 - Victor P. Thierry L. Aude P. Vincent V. Franck S. Sacha G. - 14.nov - Musique et Equilibre\",\"isPartOf\":{\"@id\":\"https:\/\/musique-equilibre.com\/me\/#website\"},\"primaryImageOfPage\":{\"@id\":\"https:\/\/musique-equilibre.com\/me\/index.php\/live-croise1-concertmusiqueorleans\/#primaryimage\"},\"image\":{\"@id\":\"https:\/\/musique-equilibre.com\/me\/index.php\/live-croise1-concertmusiqueorleans\/#primaryimage\"},\"thumbnailUrl\":\"http:\/\/musique-equilibre.com\/me\/wp-content\/uploads\/2018\/11\/07-3-1024x683.jpg\",\"datePublished\":\"2018-11-20T17:37:36+00:00\",\"dateModified\":\"2020-04-29T09:59:17+00:00\",\"breadcrumb\":{\"@id\":\"https:\/\/musique-equilibre.com\/me\/index.php\/live-croise1-concertmusiqueorleans\/#breadcrumb\"},\"inLanguage\":\"fr-FR\",\"potentialAction\":[{\"@type\":\"ReadAction\",\"target\":[\"https:\/\/musique-equilibre.com\/me\/index.php\/live-croise1-concertmusiqueorleans\/\"]}]},{\"@type\":\"ImageObject\",\"inLanguage\":\"fr-FR\",\"@id\":\"https:\/\/musique-equilibre.com\/me\/index.php\/live-croise1-concertmusiqueorleans\/#primaryimage\",\"url\":\"https:\/\/musique-equilibre.com\/me\/wp-content\/uploads\/2018\/11\/07-3.jpg\",\"contentUrl\":\"https:\/\/musique-equilibre.com\/me\/wp-content\/uploads\/2018\/11\/07-3.jpg\",\"width\":5472,\"height\":3648},{\"@type\":\"BreadcrumbList\",\"@id\":\"https:\/\/musique-equilibre.com\/me\/index.php\/live-croise1-concertmusiqueorleans\/#breadcrumb\",\"itemListElement\":[{\"@type\":\"ListItem\",\"position\":1,\"name\":\"Accueil\",\"item\":\"https:\/\/musique-equilibre.com\/me\/\"},{\"@type\":\"ListItem\",\"position\":2,\"name\":\"LIVE CROIS\u00c9#1 &#8211; Victor P. Thierry L. Aude P. Vincent V. Franck S. Sacha G. &#8211; 14.nov\"}]},{\"@type\":\"WebSite\",\"@id\":\"https:\/\/musique-equilibre.com\/me\/#website\",\"url\":\"https:\/\/musique-equilibre.com\/me\/\",\"name\":\"Musique et Equilibre\",\"description\":\"\",\"publisher\":{\"@id\":\"https:\/\/musique-equilibre.com\/me\/#organization\"},\"potentialAction\":[{\"@type\":\"SearchAction\",\"target\":{\"@type\":\"EntryPoint\",\"urlTemplate\":\"https:\/\/musique-equilibre.com\/me\/?s={search_term_string}\"},\"query-input\":{\"@type\":\"PropertyValueSpecification\",\"valueRequired\":true,\"valueName\":\"search_term_string\"}}],\"inLanguage\":\"fr-FR\"},{\"@type\":\"Organization\",\"@id\":\"https:\/\/musique-equilibre.com\/me\/#organization\",\"name\":\"Musique et Equilibre\",\"alternateName\":\"\u00c9cole de musique et salle de concert \u00e0 Orl\u00e9ans\",\"url\":\"https:\/\/musique-equilibre.com\/me\/\",\"logo\":{\"@type\":\"ImageObject\",\"inLanguage\":\"fr-FR\",\"@id\":\"https:\/\/musique-equilibre.com\/me\/#\/schema\/logo\/image\/\",\"url\":\"https:\/\/musique-equilibre.com\/me\/wp-content\/uploads\/2022\/11\/cropped-Logo_orange_texture-1.png\",\"contentUrl\":\"https:\/\/musique-equilibre.com\/me\/wp-content\/uploads\/2022\/11\/cropped-Logo_orange_texture-1.png\",\"width\":512,\"height\":512,\"caption\":\"Musique et Equilibre\"},\"image\":{\"@id\":\"https:\/\/musique-equilibre.com\/me\/#\/schema\/logo\/image\/\"},\"sameAs\":[\"https:\/\/www.facebook.com\/MusiqueetEquilibre45\",\"https:\/\/x.com\/Musiquequilibre\",\"https:\/\/www.instagram.com\/musique_et_equilibre_\/\",\"https:\/\/www.linkedin.com\/company\/musique-&amp;-equilibre\/\",\"https:\/\/www.youtube.com\/c\/MusiqueEquilibreOrleans\/\"]}]}<\/script>\n<!-- \/ Yoast SEO plugin. -->","yoast_head_json":{"title":"LIVE CROIS\u00c9#1 - Victor P. Thierry L. Aude P. Vincent V. Franck S. Sacha G. - 14.nov - Musique et Equilibre","robots":{"index":"index","follow":"follow","max-snippet":"max-snippet:-1","max-image-preview":"max-image-preview:large","max-video-preview":"max-video-preview:-1"},"canonical":"https:\/\/musique-equilibre.com\/me\/index.php\/live-croise1-concertmusiqueorleans\/","og_locale":"fr_FR","og_type":"article","og_title":"LIVE CROIS\u00c9#1 - Victor P. Thierry L. Aude P. Vincent V. Franck S. Sacha G. - 14.nov - Musique et Equilibre","og_description":"&nbsp;","og_url":"https:\/\/musique-equilibre.com\/me\/index.php\/live-croise1-concertmusiqueorleans\/","og_site_name":"Musique et Equilibre","article_publisher":"https:\/\/www.facebook.com\/MusiqueetEquilibre45","article_modified_time":"2020-04-29T09:59:17+00:00","og_image":[{"url":"http:\/\/musique-equilibre.com\/me\/wp-content\/uploads\/2018\/11\/07-3-1024x683.jpg","type":"","width":"","height":""}],"twitter_card":"summary_large_image","twitter_site":"@Musiquequilibre","schema":{"@context":"https:\/\/schema.org","@graph":[{"@type":"WebPage","@id":"https:\/\/musique-equilibre.com\/me\/index.php\/live-croise1-concertmusiqueorleans\/","url":"https:\/\/musique-equilibre.com\/me\/index.php\/live-croise1-concertmusiqueorleans\/","name":"LIVE CROIS\u00c9#1 - Victor P. Thierry L. Aude P. Vincent V. Franck S. Sacha G. - 14.nov - Musique et Equilibre","isPartOf":{"@id":"https:\/\/musique-equilibre.com\/me\/#website"},"primaryImageOfPage":{"@id":"https:\/\/musique-equilibre.com\/me\/index.php\/live-croise1-concertmusiqueorleans\/#primaryimage"},"image":{"@id":"https:\/\/musique-equilibre.com\/me\/index.php\/live-croise1-concertmusiqueorleans\/#primaryimage"},"thumbnailUrl":"http:\/\/musique-equilibre.com\/me\/wp-content\/uploads\/2018\/11\/07-3-1024x683.jpg","datePublished":"2018-11-20T17:37:36+00:00","dateModified":"2020-04-29T09:59:17+00:00","breadcrumb":{"@id":"https:\/\/musique-equilibre.com\/me\/index.php\/live-croise1-concertmusiqueorleans\/#breadcrumb"},"inLanguage":"fr-FR","potentialAction":[{"@type":"ReadAction","target":["https:\/\/musique-equilibre.com\/me\/index.php\/live-croise1-concertmusiqueorleans\/"]}]},{"@type":"ImageObject","inLanguage":"fr-FR","@id":"https:\/\/musique-equilibre.com\/me\/index.php\/live-croise1-concertmusiqueorleans\/#primaryimage","url":"https:\/\/musique-equilibre.com\/me\/wp-content\/uploads\/2018\/11\/07-3.jpg","contentUrl":"https:\/\/musique-equilibre.com\/me\/wp-content\/uploads\/2018\/11\/07-3.jpg","width":5472,"height":3648},{"@type":"BreadcrumbList","@id":"https:\/\/musique-equilibre.com\/me\/index.php\/live-croise1-concertmusiqueorleans\/#breadcrumb","itemListElement":[{"@type":"ListItem","position":1,"name":"Accueil","item":"https:\/\/musique-equilibre.com\/me\/"},{"@type":"ListItem","position":2,"name":"LIVE CROIS\u00c9#1 &#8211; Victor P. Thierry L. Aude P. Vincent V. Franck S. Sacha G. &#8211; 14.nov"}]},{"@type":"WebSite","@id":"https:\/\/musique-equilibre.com\/me\/#website","url":"https:\/\/musique-equilibre.com\/me\/","name":"Musique et Equilibre","description":"","publisher":{"@id":"https:\/\/musique-equilibre.com\/me\/#organization"},"potentialAction":[{"@type":"SearchAction","target":{"@type":"EntryPoint","urlTemplate":"https:\/\/musique-equilibre.com\/me\/?s={search_term_string}"},"query-input":{"@type":"PropertyValueSpecification","valueRequired":true,"valueName":"search_term_string"}}],"inLanguage":"fr-FR"},{"@type":"Organization","@id":"https:\/\/musique-equilibre.com\/me\/#organization","name":"Musique et Equilibre","alternateName":"\u00c9cole de musique et salle de concert \u00e0 Orl\u00e9ans","url":"https:\/\/musique-equilibre.com\/me\/","logo":{"@type":"ImageObject","inLanguage":"fr-FR","@id":"https:\/\/musique-equilibre.com\/me\/#\/schema\/logo\/image\/","url":"https:\/\/musique-equilibre.com\/me\/wp-content\/uploads\/2022\/11\/cropped-Logo_orange_texture-1.png","contentUrl":"https:\/\/musique-equilibre.com\/me\/wp-content\/uploads\/2022\/11\/cropped-Logo_orange_texture-1.png","width":512,"height":512,"caption":"Musique et Equilibre"},"image":{"@id":"https:\/\/musique-equilibre.com\/me\/#\/schema\/logo\/image\/"},"sameAs":["https:\/\/www.facebook.com\/MusiqueetEquilibre45","https:\/\/x.com\/Musiquequilibre","https:\/\/www.instagram.com\/musique_et_equilibre_\/","https:\/\/www.linkedin.com\/company\/musique-&amp;-equilibre\/","https:\/\/www.youtube.com\/c\/MusiqueEquilibreOrleans\/"]}]}},"_links":{"self":[{"href":"https:\/\/musique-equilibre.com\/me\/index.php\/wp-json\/wp\/v2\/pages\/2318","targetHints":{"allow":["GET"]}}],"collection":[{"href":"https:\/\/musique-equilibre.com\/me\/index.php\/wp-json\/wp\/v2\/pages"}],"about":[{"href":"https:\/\/musique-equilibre.com\/me\/index.php\/wp-json\/wp\/v2\/types\/page"}],"author":[{"embeddable":true,"href":"https:\/\/musique-equilibre.com\/me\/index.php\/wp-json\/wp\/v2\/users\/1"}],"replies":[{"embeddable":true,"href":"https:\/\/musique-equilibre.com\/me\/index.php\/wp-json\/wp\/v2\/comments?post=2318"}],"version-history":[{"count":4,"href":"https:\/\/musique-equilibre.com\/me\/index.php\/wp-json\/wp\/v2\/pages\/2318\/revisions"}],"predecessor-version":[{"id":6224,"href":"https:\/\/musique-equilibre.com\/me\/index.php\/wp-json\/wp\/v2\/pages\/2318\/revisions\/6224"}],"wp:attachment":[{"href":"https:\/\/musique-equilibre.com\/me\/index.php\/wp-json\/wp\/v2\/media?parent=2318"}],"curies":[{"name":"wp","href":"https:\/\/api.w.org\/{rel}","templated":true}]}}