{"id":2235,"date":"2018-11-15T18:47:35","date_gmt":"2018-11-15T17:47:35","guid":{"rendered":"http:\/\/musique-equilibre.com\/me\/?page_id=2235"},"modified":"2020-04-29T11:58:29","modified_gmt":"2020-04-29T09:58:29","slug":"live9-concertmusiqueorleans","status":"publish","type":"page","link":"https:\/\/musique-equilibre.com\/me\/index.php\/live9-concertmusiqueorleans\/","title":{"rendered":"<p style=\"text-align: center; color: #f15d20;\"><strong><span style=\"font-family: Nexa Rust Sans;\">LIVE<span style=\"font-family: coves;\">#<\/span><span style=\"font-family: Nexa Rust Sans;\">9<\/span> <span style=\"font-family: coves;\">&#8211; Franck S. Agn\u00e8s O. et Sacha G. &#8211; 12.nov<\/span><\/strong><\/p>"},"content":{"rendered":"<p><img fetchpriority=\"high\" decoding=\"async\" class=\"size-large wp-image-2268 aligncenter\" src=\"https:\/\/musique-equilibre.com\/me\/wp-content\/uploads\/2018\/11\/P1030744-1024x683.jpg\" alt=\"\" width=\"1024\" height=\"683\" srcset=\"https:\/\/musique-equilibre.com\/me\/wp-content\/uploads\/2018\/11\/P1030744-1024x683.jpg 1024w, https:\/\/musique-equilibre.com\/me\/wp-content\/uploads\/2018\/11\/P1030744-150x100.jpg 150w, https:\/\/musique-equilibre.com\/me\/wp-content\/uploads\/2018\/11\/P1030744-300x200.jpg 300w, https:\/\/musique-equilibre.com\/me\/wp-content\/uploads\/2018\/11\/P1030744-768x512.jpg 768w\" sizes=\"(max-width: 1024px) 100vw, 1024px\" \/><\/p>\n<p><img decoding=\"async\" class=\"size-large wp-image-2236 aligncenter\" src=\"https:\/\/musique-equilibre.com\/me\/wp-content\/uploads\/2018\/11\/09-1024x683.jpg\" alt=\"\" width=\"1024\" height=\"683\" srcset=\"https:\/\/musique-equilibre.com\/me\/wp-content\/uploads\/2018\/11\/09-1024x683.jpg 1024w, https:\/\/musique-equilibre.com\/me\/wp-content\/uploads\/2018\/11\/09-150x100.jpg 150w, https:\/\/musique-equilibre.com\/me\/wp-content\/uploads\/2018\/11\/09-300x200.jpg 300w, https:\/\/musique-equilibre.com\/me\/wp-content\/uploads\/2018\/11\/09-768x512.jpg 768w\" sizes=\"(max-width: 1024px) 100vw, 1024px\" \/><\/p>\n<p><img decoding=\"async\" class=\"size-large wp-image-2243 aligncenter\" src=\"https:\/\/musique-equilibre.com\/me\/wp-content\/uploads\/2018\/11\/12-1024x683.jpg\" alt=\"\" width=\"1024\" height=\"683\" srcset=\"https:\/\/musique-equilibre.com\/me\/wp-content\/uploads\/2018\/11\/12-1024x683.jpg 1024w, https:\/\/musique-equilibre.com\/me\/wp-content\/uploads\/2018\/11\/12-150x100.jpg 150w, https:\/\/musique-equilibre.com\/me\/wp-content\/uploads\/2018\/11\/12-300x200.jpg 300w, https:\/\/musique-equilibre.com\/me\/wp-content\/uploads\/2018\/11\/12-768x512.jpg 768w\" sizes=\"(max-width: 1024px) 100vw, 1024px\" \/><\/p>\n<p><img loading=\"lazy\" decoding=\"async\" class=\"size-large wp-image-2229 aligncenter\" src=\"https:\/\/musique-equilibre.com\/me\/wp-content\/uploads\/2018\/11\/03-1024x683.jpg\" alt=\"\" width=\"1024\" height=\"683\" srcset=\"https:\/\/musique-equilibre.com\/me\/wp-content\/uploads\/2018\/11\/03-1024x683.jpg 1024w, https:\/\/musique-equilibre.com\/me\/wp-content\/uploads\/2018\/11\/03-150x100.jpg 150w, https:\/\/musique-equilibre.com\/me\/wp-content\/uploads\/2018\/11\/03-300x200.jpg 300w, https:\/\/musique-equilibre.com\/me\/wp-content\/uploads\/2018\/11\/03-768x512.jpg 768w\" sizes=\"(max-width: 1024px) 100vw, 1024px\" \/><\/p>\n<p><img loading=\"lazy\" decoding=\"async\" class=\"size-large wp-image-2257 aligncenter\" src=\"https:\/\/musique-equilibre.com\/me\/wp-content\/uploads\/2018\/11\/16-1024x683.jpg\" alt=\"\" width=\"1024\" height=\"683\" srcset=\"https:\/\/musique-equilibre.com\/me\/wp-content\/uploads\/2018\/11\/16-1024x683.jpg 1024w, https:\/\/musique-equilibre.com\/me\/wp-content\/uploads\/2018\/11\/16-150x100.jpg 150w, https:\/\/musique-equilibre.com\/me\/wp-content\/uploads\/2018\/11\/16-300x200.jpg 300w, https:\/\/musique-equilibre.com\/me\/wp-content\/uploads\/2018\/11\/16-768x512.jpg 768w\" sizes=\"(max-width: 1024px) 100vw, 1024px\" \/><\/p>\n<p><img loading=\"lazy\" decoding=\"async\" class=\"size-large wp-image-2260 aligncenter\" src=\"https:\/\/musique-equilibre.com\/me\/wp-content\/uploads\/2018\/11\/17-1024x683.jpg\" alt=\"\" width=\"1024\" height=\"683\" srcset=\"https:\/\/musique-equilibre.com\/me\/wp-content\/uploads\/2018\/11\/17-1024x683.jpg 1024w, https:\/\/musique-equilibre.com\/me\/wp-content\/uploads\/2018\/11\/17-150x100.jpg 150w, https:\/\/musique-equilibre.com\/me\/wp-content\/uploads\/2018\/11\/17-300x200.jpg 300w, https:\/\/musique-equilibre.com\/me\/wp-content\/uploads\/2018\/11\/17-768x512.jpg 768w\" sizes=\"(max-width: 1024px) 100vw, 1024px\" \/><\/p>\n<p>&nbsp;<\/p>\n<p><img loading=\"lazy\" decoding=\"async\" class=\"size-large wp-image-2248 aligncenter\" src=\"https:\/\/musique-equilibre.com\/me\/wp-content\/uploads\/2018\/11\/14-1024x683.jpg\" alt=\"\" width=\"1024\" height=\"683\" srcset=\"https:\/\/musique-equilibre.com\/me\/wp-content\/uploads\/2018\/11\/14-1024x683.jpg 1024w, https:\/\/musique-equilibre.com\/me\/wp-content\/uploads\/2018\/11\/14-150x100.jpg 150w, https:\/\/musique-equilibre.com\/me\/wp-content\/uploads\/2018\/11\/14-300x200.jpg 300w, https:\/\/musique-equilibre.com\/me\/wp-content\/uploads\/2018\/11\/14-768x512.jpg 768w\" sizes=\"(max-width: 1024px) 100vw, 1024px\" \/><\/p>\n<p><img loading=\"lazy\" decoding=\"async\" class=\"size-large wp-image-2230 aligncenter\" src=\"https:\/\/musique-equilibre.com\/me\/wp-content\/uploads\/2018\/11\/04-1024x683.jpg\" alt=\"\" width=\"1024\" height=\"683\" srcset=\"https:\/\/musique-equilibre.com\/me\/wp-content\/uploads\/2018\/11\/04-1024x683.jpg 1024w, https:\/\/musique-equilibre.com\/me\/wp-content\/uploads\/2018\/11\/04-150x100.jpg 150w, https:\/\/musique-equilibre.com\/me\/wp-content\/uploads\/2018\/11\/04-300x200.jpg 300w, https:\/\/musique-equilibre.com\/me\/wp-content\/uploads\/2018\/11\/04-768x512.jpg 768w\" sizes=\"(max-width: 1024px) 100vw, 1024px\" \/><\/p>\n<p>&nbsp;<\/p>\n<p><img loading=\"lazy\" decoding=\"async\" class=\"size-large wp-image-2233 aligncenter\" src=\"https:\/\/musique-equilibre.com\/me\/wp-content\/uploads\/2018\/11\/07-1024x683.jpg\" alt=\"\" width=\"1024\" height=\"683\" srcset=\"https:\/\/musique-equilibre.com\/me\/wp-content\/uploads\/2018\/11\/07-1024x683.jpg 1024w, https:\/\/musique-equilibre.com\/me\/wp-content\/uploads\/2018\/11\/07-150x100.jpg 150w, https:\/\/musique-equilibre.com\/me\/wp-content\/uploads\/2018\/11\/07-300x200.jpg 300w, https:\/\/musique-equilibre.com\/me\/wp-content\/uploads\/2018\/11\/07-768x512.jpg 768w\" sizes=\"(max-width: 1024px) 100vw, 1024px\" \/><\/p>\n<p><img loading=\"lazy\" decoding=\"async\" class=\"size-large wp-image-2238 aligncenter\" src=\"https:\/\/musique-equilibre.com\/me\/wp-content\/uploads\/2018\/11\/10-1024x683.jpg\" alt=\"\" width=\"1024\" height=\"683\" srcset=\"https:\/\/musique-equilibre.com\/me\/wp-content\/uploads\/2018\/11\/10-1024x683.jpg 1024w, https:\/\/musique-equilibre.com\/me\/wp-content\/uploads\/2018\/11\/10-150x100.jpg 150w, https:\/\/musique-equilibre.com\/me\/wp-content\/uploads\/2018\/11\/10-300x200.jpg 300w, https:\/\/musique-equilibre.com\/me\/wp-content\/uploads\/2018\/11\/10-768x512.jpg 768w\" sizes=\"(max-width: 1024px) 100vw, 1024px\" \/><\/p>\n<p><img loading=\"lazy\" decoding=\"async\" class=\"size-large wp-image-2242 aligncenter\" src=\"https:\/\/musique-equilibre.com\/me\/wp-content\/uploads\/2018\/11\/11-1024x683.jpg\" alt=\"\" width=\"1024\" height=\"683\" srcset=\"https:\/\/musique-equilibre.com\/me\/wp-content\/uploads\/2018\/11\/11-1024x683.jpg 1024w, https:\/\/musique-equilibre.com\/me\/wp-content\/uploads\/2018\/11\/11-150x100.jpg 150w, https:\/\/musique-equilibre.com\/me\/wp-content\/uploads\/2018\/11\/11-300x200.jpg 300w, https:\/\/musique-equilibre.com\/me\/wp-content\/uploads\/2018\/11\/11-768x512.jpg 768w\" sizes=\"(max-width: 1024px) 100vw, 1024px\" \/><\/p>\n<p><img loading=\"lazy\" decoding=\"async\" class=\"size-large wp-image-2246 aligncenter\" src=\"https:\/\/musique-equilibre.com\/me\/wp-content\/uploads\/2018\/11\/13-1024x683.jpg\" alt=\"\" width=\"1024\" height=\"683\" srcset=\"https:\/\/musique-equilibre.com\/me\/wp-content\/uploads\/2018\/11\/13-1024x683.jpg 1024w, https:\/\/musique-equilibre.com\/me\/wp-content\/uploads\/2018\/11\/13-150x100.jpg 150w, https:\/\/musique-equilibre.com\/me\/wp-content\/uploads\/2018\/11\/13-300x200.jpg 300w, https:\/\/musique-equilibre.com\/me\/wp-content\/uploads\/2018\/11\/13-768x512.jpg 768w\" sizes=\"(max-width: 1024px) 100vw, 1024px\" \/><\/p>\n<p><img loading=\"lazy\" decoding=\"async\" class=\"size-large wp-image-2228 aligncenter\" src=\"https:\/\/musique-equilibre.com\/me\/wp-content\/uploads\/2018\/11\/02-1024x683.jpg\" alt=\"\" width=\"1024\" height=\"683\" srcset=\"https:\/\/musique-equilibre.com\/me\/wp-content\/uploads\/2018\/11\/02-1024x683.jpg 1024w, https:\/\/musique-equilibre.com\/me\/wp-content\/uploads\/2018\/11\/02-150x100.jpg 150w, https:\/\/musique-equilibre.com\/me\/wp-content\/uploads\/2018\/11\/02-300x200.jpg 300w, https:\/\/musique-equilibre.com\/me\/wp-content\/uploads\/2018\/11\/02-768x512.jpg 768w\" sizes=\"(max-width: 1024px) 100vw, 1024px\" \/><\/p>\n<p><img loading=\"lazy\" decoding=\"async\" class=\"size-large wp-image-2267 aligncenter\" src=\"https:\/\/musique-equilibre.com\/me\/wp-content\/uploads\/2018\/11\/20-1024x683.jpg\" alt=\"\" width=\"1024\" height=\"683\" srcset=\"https:\/\/musique-equilibre.com\/me\/wp-content\/uploads\/2018\/11\/20-1024x683.jpg 1024w, https:\/\/musique-equilibre.com\/me\/wp-content\/uploads\/2018\/11\/20-150x100.jpg 150w, https:\/\/musique-equilibre.com\/me\/wp-content\/uploads\/2018\/11\/20-300x200.jpg 300w, https:\/\/musique-equilibre.com\/me\/wp-content\/uploads\/2018\/11\/20-768x512.jpg 768w\" sizes=\"(max-width: 1024px) 100vw, 1024px\" \/><\/p>\n<p><img loading=\"lazy\" decoding=\"async\" class=\"size-large wp-image-2264 aligncenter\" src=\"https:\/\/musique-equilibre.com\/me\/wp-content\/uploads\/2018\/11\/19-1024x683.jpg\" alt=\"\" width=\"1024\" height=\"683\" srcset=\"https:\/\/musique-equilibre.com\/me\/wp-content\/uploads\/2018\/11\/19-1024x683.jpg 1024w, https:\/\/musique-equilibre.com\/me\/wp-content\/uploads\/2018\/11\/19-150x100.jpg 150w, https:\/\/musique-equilibre.com\/me\/wp-content\/uploads\/2018\/11\/19-300x200.jpg 300w, https:\/\/musique-equilibre.com\/me\/wp-content\/uploads\/2018\/11\/19-768x512.jpg 768w\" sizes=\"(max-width: 1024px) 100vw, 1024px\" \/><\/p>\n","protected":false},"excerpt":{"rendered":"<p>&nbsp; &nbsp;<\/p>\n","protected":false},"author":1,"featured_media":0,"parent":0,"menu_order":0,"comment_status":"closed","ping_status":"closed","template":"","meta":{"footnotes":""},"class_list":["post-2235","page","type-page","status-publish","czr-hentry"],"yoast_head":"<!-- This site is optimized with the Yoast SEO plugin v26.8 - https:\/\/yoast.com\/product\/yoast-seo-wordpress\/ -->\n<title>LIVE#9 - Franck S. Agn\u00e8s O. et Sacha G. - 12.nov - Musique et Equilibre<\/title>\n<meta name=\"robots\" content=\"index, follow, max-snippet:-1, max-image-preview:large, max-video-preview:-1\" \/>\n<link rel=\"canonical\" href=\"https:\/\/musique-equilibre.com\/me\/index.php\/live9-concertmusiqueorleans\/\" \/>\n<meta property=\"og:locale\" content=\"fr_FR\" \/>\n<meta property=\"og:type\" content=\"article\" \/>\n<meta property=\"og:title\" content=\"LIVE#9 - Franck S. Agn\u00e8s O. et Sacha G. - 12.nov - Musique et Equilibre\" \/>\n<meta property=\"og:description\" content=\"&nbsp; &nbsp;\" \/>\n<meta property=\"og:url\" content=\"https:\/\/musique-equilibre.com\/me\/index.php\/live9-concertmusiqueorleans\/\" \/>\n<meta property=\"og:site_name\" content=\"Musique et Equilibre\" \/>\n<meta property=\"article:publisher\" content=\"https:\/\/www.facebook.com\/MusiqueetEquilibre45\" \/>\n<meta property=\"article:modified_time\" content=\"2020-04-29T09:58:29+00:00\" \/>\n<meta property=\"og:image\" content=\"http:\/\/musique-equilibre.com\/me\/wp-content\/uploads\/2018\/11\/P1030744-1024x683.jpg\" \/>\n<meta name=\"twitter:card\" content=\"summary_large_image\" \/>\n<meta name=\"twitter:site\" content=\"@Musiquequilibre\" \/>\n<script type=\"application\/ld+json\" class=\"yoast-schema-graph\">{\"@context\":\"https:\/\/schema.org\",\"@graph\":[{\"@type\":\"WebPage\",\"@id\":\"https:\/\/musique-equilibre.com\/me\/index.php\/live9-concertmusiqueorleans\/\",\"url\":\"https:\/\/musique-equilibre.com\/me\/index.php\/live9-concertmusiqueorleans\/\",\"name\":\"LIVE#9 - Franck S. Agn\u00e8s O. et Sacha G. - 12.nov - Musique et Equilibre\",\"isPartOf\":{\"@id\":\"https:\/\/musique-equilibre.com\/me\/#website\"},\"primaryImageOfPage\":{\"@id\":\"https:\/\/musique-equilibre.com\/me\/index.php\/live9-concertmusiqueorleans\/#primaryimage\"},\"image\":{\"@id\":\"https:\/\/musique-equilibre.com\/me\/index.php\/live9-concertmusiqueorleans\/#primaryimage\"},\"thumbnailUrl\":\"http:\/\/musique-equilibre.com\/me\/wp-content\/uploads\/2018\/11\/P1030744-1024x683.jpg\",\"datePublished\":\"2018-11-15T17:47:35+00:00\",\"dateModified\":\"2020-04-29T09:58:29+00:00\",\"breadcrumb\":{\"@id\":\"https:\/\/musique-equilibre.com\/me\/index.php\/live9-concertmusiqueorleans\/#breadcrumb\"},\"inLanguage\":\"fr-FR\",\"potentialAction\":[{\"@type\":\"ReadAction\",\"target\":[\"https:\/\/musique-equilibre.com\/me\/index.php\/live9-concertmusiqueorleans\/\"]}]},{\"@type\":\"ImageObject\",\"inLanguage\":\"fr-FR\",\"@id\":\"https:\/\/musique-equilibre.com\/me\/index.php\/live9-concertmusiqueorleans\/#primaryimage\",\"url\":\"https:\/\/musique-equilibre.com\/me\/wp-content\/uploads\/2018\/11\/P1030744.jpg\",\"contentUrl\":\"https:\/\/musique-equilibre.com\/me\/wp-content\/uploads\/2018\/11\/P1030744.jpg\",\"width\":5472,\"height\":3648},{\"@type\":\"BreadcrumbList\",\"@id\":\"https:\/\/musique-equilibre.com\/me\/index.php\/live9-concertmusiqueorleans\/#breadcrumb\",\"itemListElement\":[{\"@type\":\"ListItem\",\"position\":1,\"name\":\"Accueil\",\"item\":\"https:\/\/musique-equilibre.com\/me\/\"},{\"@type\":\"ListItem\",\"position\":2,\"name\":\"LIVE#9 &#8211; Franck S. Agn\u00e8s O. et Sacha G. &#8211; 12.nov\"}]},{\"@type\":\"WebSite\",\"@id\":\"https:\/\/musique-equilibre.com\/me\/#website\",\"url\":\"https:\/\/musique-equilibre.com\/me\/\",\"name\":\"Musique et Equilibre\",\"description\":\"\",\"publisher\":{\"@id\":\"https:\/\/musique-equilibre.com\/me\/#organization\"},\"potentialAction\":[{\"@type\":\"SearchAction\",\"target\":{\"@type\":\"EntryPoint\",\"urlTemplate\":\"https:\/\/musique-equilibre.com\/me\/?s={search_term_string}\"},\"query-input\":{\"@type\":\"PropertyValueSpecification\",\"valueRequired\":true,\"valueName\":\"search_term_string\"}}],\"inLanguage\":\"fr-FR\"},{\"@type\":\"Organization\",\"@id\":\"https:\/\/musique-equilibre.com\/me\/#organization\",\"name\":\"Musique et Equilibre\",\"alternateName\":\"\u00c9cole de musique et salle de concert \u00e0 Orl\u00e9ans\",\"url\":\"https:\/\/musique-equilibre.com\/me\/\",\"logo\":{\"@type\":\"ImageObject\",\"inLanguage\":\"fr-FR\",\"@id\":\"https:\/\/musique-equilibre.com\/me\/#\/schema\/logo\/image\/\",\"url\":\"https:\/\/musique-equilibre.com\/me\/wp-content\/uploads\/2022\/11\/cropped-Logo_orange_texture-1.png\",\"contentUrl\":\"https:\/\/musique-equilibre.com\/me\/wp-content\/uploads\/2022\/11\/cropped-Logo_orange_texture-1.png\",\"width\":512,\"height\":512,\"caption\":\"Musique et Equilibre\"},\"image\":{\"@id\":\"https:\/\/musique-equilibre.com\/me\/#\/schema\/logo\/image\/\"},\"sameAs\":[\"https:\/\/www.facebook.com\/MusiqueetEquilibre45\",\"https:\/\/x.com\/Musiquequilibre\",\"https:\/\/www.instagram.com\/musique_et_equilibre_\/\",\"https:\/\/www.linkedin.com\/company\/musique-&amp;-equilibre\/\",\"https:\/\/www.youtube.com\/c\/MusiqueEquilibreOrleans\/\"]}]}<\/script>\n<!-- \/ Yoast SEO plugin. -->","yoast_head_json":{"title":"LIVE#9 - Franck S. Agn\u00e8s O. et Sacha G. - 12.nov - Musique et Equilibre","robots":{"index":"index","follow":"follow","max-snippet":"max-snippet:-1","max-image-preview":"max-image-preview:large","max-video-preview":"max-video-preview:-1"},"canonical":"https:\/\/musique-equilibre.com\/me\/index.php\/live9-concertmusiqueorleans\/","og_locale":"fr_FR","og_type":"article","og_title":"LIVE#9 - Franck S. Agn\u00e8s O. et Sacha G. - 12.nov - Musique et Equilibre","og_description":"&nbsp; &nbsp;","og_url":"https:\/\/musique-equilibre.com\/me\/index.php\/live9-concertmusiqueorleans\/","og_site_name":"Musique et Equilibre","article_publisher":"https:\/\/www.facebook.com\/MusiqueetEquilibre45","article_modified_time":"2020-04-29T09:58:29+00:00","og_image":[{"url":"http:\/\/musique-equilibre.com\/me\/wp-content\/uploads\/2018\/11\/P1030744-1024x683.jpg","type":"","width":"","height":""}],"twitter_card":"summary_large_image","twitter_site":"@Musiquequilibre","schema":{"@context":"https:\/\/schema.org","@graph":[{"@type":"WebPage","@id":"https:\/\/musique-equilibre.com\/me\/index.php\/live9-concertmusiqueorleans\/","url":"https:\/\/musique-equilibre.com\/me\/index.php\/live9-concertmusiqueorleans\/","name":"LIVE#9 - Franck S. Agn\u00e8s O. et Sacha G. - 12.nov - Musique et Equilibre","isPartOf":{"@id":"https:\/\/musique-equilibre.com\/me\/#website"},"primaryImageOfPage":{"@id":"https:\/\/musique-equilibre.com\/me\/index.php\/live9-concertmusiqueorleans\/#primaryimage"},"image":{"@id":"https:\/\/musique-equilibre.com\/me\/index.php\/live9-concertmusiqueorleans\/#primaryimage"},"thumbnailUrl":"http:\/\/musique-equilibre.com\/me\/wp-content\/uploads\/2018\/11\/P1030744-1024x683.jpg","datePublished":"2018-11-15T17:47:35+00:00","dateModified":"2020-04-29T09:58:29+00:00","breadcrumb":{"@id":"https:\/\/musique-equilibre.com\/me\/index.php\/live9-concertmusiqueorleans\/#breadcrumb"},"inLanguage":"fr-FR","potentialAction":[{"@type":"ReadAction","target":["https:\/\/musique-equilibre.com\/me\/index.php\/live9-concertmusiqueorleans\/"]}]},{"@type":"ImageObject","inLanguage":"fr-FR","@id":"https:\/\/musique-equilibre.com\/me\/index.php\/live9-concertmusiqueorleans\/#primaryimage","url":"https:\/\/musique-equilibre.com\/me\/wp-content\/uploads\/2018\/11\/P1030744.jpg","contentUrl":"https:\/\/musique-equilibre.com\/me\/wp-content\/uploads\/2018\/11\/P1030744.jpg","width":5472,"height":3648},{"@type":"BreadcrumbList","@id":"https:\/\/musique-equilibre.com\/me\/index.php\/live9-concertmusiqueorleans\/#breadcrumb","itemListElement":[{"@type":"ListItem","position":1,"name":"Accueil","item":"https:\/\/musique-equilibre.com\/me\/"},{"@type":"ListItem","position":2,"name":"LIVE#9 &#8211; Franck S. Agn\u00e8s O. et Sacha G. &#8211; 12.nov"}]},{"@type":"WebSite","@id":"https:\/\/musique-equilibre.com\/me\/#website","url":"https:\/\/musique-equilibre.com\/me\/","name":"Musique et Equilibre","description":"","publisher":{"@id":"https:\/\/musique-equilibre.com\/me\/#organization"},"potentialAction":[{"@type":"SearchAction","target":{"@type":"EntryPoint","urlTemplate":"https:\/\/musique-equilibre.com\/me\/?s={search_term_string}"},"query-input":{"@type":"PropertyValueSpecification","valueRequired":true,"valueName":"search_term_string"}}],"inLanguage":"fr-FR"},{"@type":"Organization","@id":"https:\/\/musique-equilibre.com\/me\/#organization","name":"Musique et Equilibre","alternateName":"\u00c9cole de musique et salle de concert \u00e0 Orl\u00e9ans","url":"https:\/\/musique-equilibre.com\/me\/","logo":{"@type":"ImageObject","inLanguage":"fr-FR","@id":"https:\/\/musique-equilibre.com\/me\/#\/schema\/logo\/image\/","url":"https:\/\/musique-equilibre.com\/me\/wp-content\/uploads\/2022\/11\/cropped-Logo_orange_texture-1.png","contentUrl":"https:\/\/musique-equilibre.com\/me\/wp-content\/uploads\/2022\/11\/cropped-Logo_orange_texture-1.png","width":512,"height":512,"caption":"Musique et Equilibre"},"image":{"@id":"https:\/\/musique-equilibre.com\/me\/#\/schema\/logo\/image\/"},"sameAs":["https:\/\/www.facebook.com\/MusiqueetEquilibre45","https:\/\/x.com\/Musiquequilibre","https:\/\/www.instagram.com\/musique_et_equilibre_\/","https:\/\/www.linkedin.com\/company\/musique-&amp;-equilibre\/","https:\/\/www.youtube.com\/c\/MusiqueEquilibreOrleans\/"]}]}},"_links":{"self":[{"href":"https:\/\/musique-equilibre.com\/me\/index.php\/wp-json\/wp\/v2\/pages\/2235","targetHints":{"allow":["GET"]}}],"collection":[{"href":"https:\/\/musique-equilibre.com\/me\/index.php\/wp-json\/wp\/v2\/pages"}],"about":[{"href":"https:\/\/musique-equilibre.com\/me\/index.php\/wp-json\/wp\/v2\/types\/page"}],"author":[{"embeddable":true,"href":"https:\/\/musique-equilibre.com\/me\/index.php\/wp-json\/wp\/v2\/users\/1"}],"replies":[{"embeddable":true,"href":"https:\/\/musique-equilibre.com\/me\/index.php\/wp-json\/wp\/v2\/comments?post=2235"}],"version-history":[{"count":8,"href":"https:\/\/musique-equilibre.com\/me\/index.php\/wp-json\/wp\/v2\/pages\/2235\/revisions"}],"predecessor-version":[{"id":6222,"href":"https:\/\/musique-equilibre.com\/me\/index.php\/wp-json\/wp\/v2\/pages\/2235\/revisions\/6222"}],"wp:attachment":[{"href":"https:\/\/musique-equilibre.com\/me\/index.php\/wp-json\/wp\/v2\/media?parent=2235"}],"curies":[{"name":"wp","href":"https:\/\/api.w.org\/{rel}","templated":true}]}}