{"id":2193,"date":"2018-11-09T19:17:24","date_gmt":"2018-11-09T18:17:24","guid":{"rendered":"http:\/\/musique-equilibre.com\/me\/?page_id=2193"},"modified":"2018-11-14T17:19:49","modified_gmt":"2018-11-14T16:19:49","slug":"maelzel","status":"publish","type":"page","link":"https:\/\/musique-equilibre.com\/me\/index.php\/maelzel\/","title":{"rendered":"<p style=\"text-align: center; color: #f15d20;\"><strong><span style=\"font-family: Nexa Rust Sans;\">MAELZEL"},"content":{"rendered":"<p style=\"text-align: center;\"><a href=\"https:\/\/www.youtube.com\/watch?v=hG3Zyw2lDo4\"><span style=\"font-family: coves;\">Voir la vid\u00e9o<\/span><\/a><\/p>\n<p><img fetchpriority=\"high\" decoding=\"async\" class=\"size-large wp-image-2201 alignleft\" src=\"https:\/\/musique-equilibre.com\/me\/wp-content\/uploads\/2018\/11\/P1030220-1024x683.jpg\" alt=\"\" width=\"1024\" height=\"683\" srcset=\"https:\/\/musique-equilibre.com\/me\/wp-content\/uploads\/2018\/11\/P1030220-1024x683.jpg 1024w, https:\/\/musique-equilibre.com\/me\/wp-content\/uploads\/2018\/11\/P1030220-150x100.jpg 150w, https:\/\/musique-equilibre.com\/me\/wp-content\/uploads\/2018\/11\/P1030220-300x200.jpg 300w, https:\/\/musique-equilibre.com\/me\/wp-content\/uploads\/2018\/11\/P1030220-768x512.jpg 768w\" sizes=\"(max-width: 1024px) 100vw, 1024px\" \/><img decoding=\"async\" class=\"size-large wp-image-2200 alignright\" src=\"https:\/\/musique-equilibre.com\/me\/wp-content\/uploads\/2018\/11\/P1030206-1024x683.jpg\" alt=\"\" width=\"1024\" height=\"683\" srcset=\"https:\/\/musique-equilibre.com\/me\/wp-content\/uploads\/2018\/11\/P1030206-1024x683.jpg 1024w, https:\/\/musique-equilibre.com\/me\/wp-content\/uploads\/2018\/11\/P1030206-150x100.jpg 150w, https:\/\/musique-equilibre.com\/me\/wp-content\/uploads\/2018\/11\/P1030206-300x200.jpg 300w, https:\/\/musique-equilibre.com\/me\/wp-content\/uploads\/2018\/11\/P1030206-768x512.jpg 768w\" sizes=\"(max-width: 1024px) 100vw, 1024px\" \/> <img decoding=\"async\" class=\"size-large wp-image-2199 alignleft\" src=\"https:\/\/musique-equilibre.com\/me\/wp-content\/uploads\/2018\/11\/P1030203-1024x683.jpg\" alt=\"\" width=\"1024\" height=\"683\" srcset=\"https:\/\/musique-equilibre.com\/me\/wp-content\/uploads\/2018\/11\/P1030203-1024x683.jpg 1024w, https:\/\/musique-equilibre.com\/me\/wp-content\/uploads\/2018\/11\/P1030203-150x100.jpg 150w, https:\/\/musique-equilibre.com\/me\/wp-content\/uploads\/2018\/11\/P1030203-300x200.jpg 300w, https:\/\/musique-equilibre.com\/me\/wp-content\/uploads\/2018\/11\/P1030203-768x512.jpg 768w\" sizes=\"(max-width: 1024px) 100vw, 1024px\" \/> <img loading=\"lazy\" decoding=\"async\" class=\"size-large wp-image-2197 alignright\" src=\"https:\/\/musique-equilibre.com\/me\/wp-content\/uploads\/2018\/11\/P1030139-1024x683.jpg\" alt=\"\" width=\"1024\" height=\"683\" srcset=\"https:\/\/musique-equilibre.com\/me\/wp-content\/uploads\/2018\/11\/P1030139-1024x683.jpg 1024w, https:\/\/musique-equilibre.com\/me\/wp-content\/uploads\/2018\/11\/P1030139-150x100.jpg 150w, https:\/\/musique-equilibre.com\/me\/wp-content\/uploads\/2018\/11\/P1030139-300x200.jpg 300w, https:\/\/musique-equilibre.com\/me\/wp-content\/uploads\/2018\/11\/P1030139-768x512.jpg 768w\" sizes=\"(max-width: 1024px) 100vw, 1024px\" \/> <img loading=\"lazy\" decoding=\"async\" class=\"size-large wp-image-2196 alignleft\" src=\"https:\/\/musique-equilibre.com\/me\/wp-content\/uploads\/2018\/11\/P1030134-1024x683.jpg\" alt=\"\" width=\"1024\" height=\"683\" srcset=\"https:\/\/musique-equilibre.com\/me\/wp-content\/uploads\/2018\/11\/P1030134-1024x683.jpg 1024w, https:\/\/musique-equilibre.com\/me\/wp-content\/uploads\/2018\/11\/P1030134-150x100.jpg 150w, https:\/\/musique-equilibre.com\/me\/wp-content\/uploads\/2018\/11\/P1030134-300x200.jpg 300w, https:\/\/musique-equilibre.com\/me\/wp-content\/uploads\/2018\/11\/P1030134-768x512.jpg 768w\" sizes=\"(max-width: 1024px) 100vw, 1024px\" \/> <img loading=\"lazy\" decoding=\"async\" class=\"size-large wp-image-2195 alignright\" src=\"https:\/\/musique-equilibre.com\/me\/wp-content\/uploads\/2018\/11\/P1030130-1024x683.jpg\" alt=\"\" width=\"1024\" height=\"683\" srcset=\"https:\/\/musique-equilibre.com\/me\/wp-content\/uploads\/2018\/11\/P1030130-1024x683.jpg 1024w, https:\/\/musique-equilibre.com\/me\/wp-content\/uploads\/2018\/11\/P1030130-150x100.jpg 150w, https:\/\/musique-equilibre.com\/me\/wp-content\/uploads\/2018\/11\/P1030130-300x200.jpg 300w, https:\/\/musique-equilibre.com\/me\/wp-content\/uploads\/2018\/11\/P1030130-768x512.jpg 768w\" sizes=\"(max-width: 1024px) 100vw, 1024px\" \/><img loading=\"lazy\" decoding=\"async\" class=\"size-large wp-image-2204 alignleft\" src=\"https:\/\/musique-equilibre.com\/me\/wp-content\/uploads\/2018\/11\/P1030336-1024x683.jpg\" alt=\"\" width=\"1024\" height=\"683\" srcset=\"https:\/\/musique-equilibre.com\/me\/wp-content\/uploads\/2018\/11\/P1030336-1024x683.jpg 1024w, https:\/\/musique-equilibre.com\/me\/wp-content\/uploads\/2018\/11\/P1030336-150x100.jpg 150w, https:\/\/musique-equilibre.com\/me\/wp-content\/uploads\/2018\/11\/P1030336-300x200.jpg 300w, https:\/\/musique-equilibre.com\/me\/wp-content\/uploads\/2018\/11\/P1030336-768x512.jpg 768w\" sizes=\"(max-width: 1024px) 100vw, 1024px\" \/> <img loading=\"lazy\" decoding=\"async\" class=\"size-large wp-image-2203 alignright\" src=\"https:\/\/musique-equilibre.com\/me\/wp-content\/uploads\/2018\/11\/P1030299-1024x683.jpg\" alt=\"\" width=\"1024\" height=\"683\" srcset=\"https:\/\/musique-equilibre.com\/me\/wp-content\/uploads\/2018\/11\/P1030299-1024x683.jpg 1024w, https:\/\/musique-equilibre.com\/me\/wp-content\/uploads\/2018\/11\/P1030299-150x100.jpg 150w, https:\/\/musique-equilibre.com\/me\/wp-content\/uploads\/2018\/11\/P1030299-300x200.jpg 300w, https:\/\/musique-equilibre.com\/me\/wp-content\/uploads\/2018\/11\/P1030299-768x512.jpg 768w\" sizes=\"(max-width: 1024px) 100vw, 1024px\" \/> <img loading=\"lazy\" decoding=\"async\" class=\"size-large wp-image-2202 alignleft\" src=\"https:\/\/musique-equilibre.com\/me\/wp-content\/uploads\/2018\/11\/P1030243-1024x683.jpg\" alt=\"\" width=\"1024\" height=\"683\" srcset=\"https:\/\/musique-equilibre.com\/me\/wp-content\/uploads\/2018\/11\/P1030243-1024x683.jpg 1024w, https:\/\/musique-equilibre.com\/me\/wp-content\/uploads\/2018\/11\/P1030243-150x100.jpg 150w, https:\/\/musique-equilibre.com\/me\/wp-content\/uploads\/2018\/11\/P1030243-300x200.jpg 300w, https:\/\/musique-equilibre.com\/me\/wp-content\/uploads\/2018\/11\/P1030243-768x512.jpg 768w\" sizes=\"(max-width: 1024px) 100vw, 1024px\" \/> <img loading=\"lazy\" decoding=\"async\" class=\"size-large wp-image-2194 alignright\" src=\"https:\/\/musique-equilibre.com\/me\/wp-content\/uploads\/2018\/11\/P1030075-1024x683.jpg\" alt=\"\" width=\"1024\" height=\"683\" srcset=\"https:\/\/musique-equilibre.com\/me\/wp-content\/uploads\/2018\/11\/P1030075-1024x683.jpg 1024w, https:\/\/musique-equilibre.com\/me\/wp-content\/uploads\/2018\/11\/P1030075-150x100.jpg 150w, https:\/\/musique-equilibre.com\/me\/wp-content\/uploads\/2018\/11\/P1030075-300x200.jpg 300w, https:\/\/musique-equilibre.com\/me\/wp-content\/uploads\/2018\/11\/P1030075-768x512.jpg 768w\" sizes=\"(max-width: 1024px) 100vw, 1024px\" \/><img loading=\"lazy\" decoding=\"async\" class=\"size-large wp-image-2198 alignleft\" src=\"https:\/\/musique-equilibre.com\/me\/wp-content\/uploads\/2018\/11\/P1030190-1024x683.jpg\" alt=\"\" width=\"1024\" height=\"683\" srcset=\"https:\/\/musique-equilibre.com\/me\/wp-content\/uploads\/2018\/11\/P1030190-1024x683.jpg 1024w, https:\/\/musique-equilibre.com\/me\/wp-content\/uploads\/2018\/11\/P1030190-150x100.jpg 150w, https:\/\/musique-equilibre.com\/me\/wp-content\/uploads\/2018\/11\/P1030190-300x200.jpg 300w, https:\/\/musique-equilibre.com\/me\/wp-content\/uploads\/2018\/11\/P1030190-768x512.jpg 768w\" sizes=\"(max-width: 1024px) 100vw, 1024px\" \/><\/p>\n","protected":false},"excerpt":{"rendered":"<p>Voir la vid\u00e9o<\/p>\n","protected":false},"author":1,"featured_media":0,"parent":0,"menu_order":0,"comment_status":"closed","ping_status":"closed","template":"","meta":{"footnotes":""},"class_list":["post-2193","page","type-page","status-publish","czr-hentry"],"yoast_head":"<!-- This site is optimized with the Yoast SEO plugin v26.8 - https:\/\/yoast.com\/product\/yoast-seo-wordpress\/ -->\n<title>MAELZEL - Musique et Equilibre<\/title>\n<meta name=\"robots\" content=\"index, follow, max-snippet:-1, max-image-preview:large, max-video-preview:-1\" \/>\n<link rel=\"canonical\" href=\"https:\/\/musique-equilibre.com\/me\/index.php\/maelzel\/\" \/>\n<meta property=\"og:locale\" content=\"fr_FR\" \/>\n<meta property=\"og:type\" content=\"article\" \/>\n<meta property=\"og:title\" content=\"MAELZEL - Musique et Equilibre\" \/>\n<meta property=\"og:description\" content=\"Voir la vid\u00e9o\" \/>\n<meta property=\"og:url\" content=\"https:\/\/musique-equilibre.com\/me\/index.php\/maelzel\/\" \/>\n<meta property=\"og:site_name\" content=\"Musique et Equilibre\" \/>\n<meta property=\"article:publisher\" content=\"https:\/\/www.facebook.com\/MusiqueetEquilibre45\" \/>\n<meta property=\"article:modified_time\" content=\"2018-11-14T16:19:49+00:00\" \/>\n<meta property=\"og:image\" content=\"http:\/\/musique-equilibre.com\/me\/wp-content\/uploads\/2018\/11\/P1030220-1024x683.jpg\" \/>\n<meta name=\"twitter:card\" content=\"summary_large_image\" \/>\n<meta name=\"twitter:site\" content=\"@Musiquequilibre\" \/>\n<script type=\"application\/ld+json\" class=\"yoast-schema-graph\">{\"@context\":\"https:\/\/schema.org\",\"@graph\":[{\"@type\":\"WebPage\",\"@id\":\"https:\/\/musique-equilibre.com\/me\/index.php\/maelzel\/\",\"url\":\"https:\/\/musique-equilibre.com\/me\/index.php\/maelzel\/\",\"name\":\"MAELZEL - Musique et Equilibre\",\"isPartOf\":{\"@id\":\"https:\/\/musique-equilibre.com\/me\/#website\"},\"primaryImageOfPage\":{\"@id\":\"https:\/\/musique-equilibre.com\/me\/index.php\/maelzel\/#primaryimage\"},\"image\":{\"@id\":\"https:\/\/musique-equilibre.com\/me\/index.php\/maelzel\/#primaryimage\"},\"thumbnailUrl\":\"http:\/\/musique-equilibre.com\/me\/wp-content\/uploads\/2018\/11\/P1030220-1024x683.jpg\",\"datePublished\":\"2018-11-09T18:17:24+00:00\",\"dateModified\":\"2018-11-14T16:19:49+00:00\",\"breadcrumb\":{\"@id\":\"https:\/\/musique-equilibre.com\/me\/index.php\/maelzel\/#breadcrumb\"},\"inLanguage\":\"fr-FR\",\"potentialAction\":[{\"@type\":\"ReadAction\",\"target\":[\"https:\/\/musique-equilibre.com\/me\/index.php\/maelzel\/\"]}]},{\"@type\":\"ImageObject\",\"inLanguage\":\"fr-FR\",\"@id\":\"https:\/\/musique-equilibre.com\/me\/index.php\/maelzel\/#primaryimage\",\"url\":\"https:\/\/musique-equilibre.com\/me\/wp-content\/uploads\/2018\/11\/P1030220.jpg\",\"contentUrl\":\"https:\/\/musique-equilibre.com\/me\/wp-content\/uploads\/2018\/11\/P1030220.jpg\",\"width\":5472,\"height\":3648},{\"@type\":\"BreadcrumbList\",\"@id\":\"https:\/\/musique-equilibre.com\/me\/index.php\/maelzel\/#breadcrumb\",\"itemListElement\":[{\"@type\":\"ListItem\",\"position\":1,\"name\":\"Accueil\",\"item\":\"https:\/\/musique-equilibre.com\/me\/\"},{\"@type\":\"ListItem\",\"position\":2,\"name\":\"MAELZEL\"}]},{\"@type\":\"WebSite\",\"@id\":\"https:\/\/musique-equilibre.com\/me\/#website\",\"url\":\"https:\/\/musique-equilibre.com\/me\/\",\"name\":\"Musique et Equilibre\",\"description\":\"\",\"publisher\":{\"@id\":\"https:\/\/musique-equilibre.com\/me\/#organization\"},\"potentialAction\":[{\"@type\":\"SearchAction\",\"target\":{\"@type\":\"EntryPoint\",\"urlTemplate\":\"https:\/\/musique-equilibre.com\/me\/?s={search_term_string}\"},\"query-input\":{\"@type\":\"PropertyValueSpecification\",\"valueRequired\":true,\"valueName\":\"search_term_string\"}}],\"inLanguage\":\"fr-FR\"},{\"@type\":\"Organization\",\"@id\":\"https:\/\/musique-equilibre.com\/me\/#organization\",\"name\":\"Musique et Equilibre\",\"alternateName\":\"\u00c9cole de musique et salle de concert \u00e0 Orl\u00e9ans\",\"url\":\"https:\/\/musique-equilibre.com\/me\/\",\"logo\":{\"@type\":\"ImageObject\",\"inLanguage\":\"fr-FR\",\"@id\":\"https:\/\/musique-equilibre.com\/me\/#\/schema\/logo\/image\/\",\"url\":\"https:\/\/musique-equilibre.com\/me\/wp-content\/uploads\/2022\/11\/cropped-Logo_orange_texture-1.png\",\"contentUrl\":\"https:\/\/musique-equilibre.com\/me\/wp-content\/uploads\/2022\/11\/cropped-Logo_orange_texture-1.png\",\"width\":512,\"height\":512,\"caption\":\"Musique et Equilibre\"},\"image\":{\"@id\":\"https:\/\/musique-equilibre.com\/me\/#\/schema\/logo\/image\/\"},\"sameAs\":[\"https:\/\/www.facebook.com\/MusiqueetEquilibre45\",\"https:\/\/x.com\/Musiquequilibre\",\"https:\/\/www.instagram.com\/musique_et_equilibre_\/\",\"https:\/\/www.linkedin.com\/company\/musique-&amp;-equilibre\/\",\"https:\/\/www.youtube.com\/c\/MusiqueEquilibreOrleans\/\"]}]}<\/script>\n<!-- \/ Yoast SEO plugin. -->","yoast_head_json":{"title":"MAELZEL - Musique et Equilibre","robots":{"index":"index","follow":"follow","max-snippet":"max-snippet:-1","max-image-preview":"max-image-preview:large","max-video-preview":"max-video-preview:-1"},"canonical":"https:\/\/musique-equilibre.com\/me\/index.php\/maelzel\/","og_locale":"fr_FR","og_type":"article","og_title":"MAELZEL - Musique et Equilibre","og_description":"Voir la vid\u00e9o","og_url":"https:\/\/musique-equilibre.com\/me\/index.php\/maelzel\/","og_site_name":"Musique et Equilibre","article_publisher":"https:\/\/www.facebook.com\/MusiqueetEquilibre45","article_modified_time":"2018-11-14T16:19:49+00:00","og_image":[{"url":"http:\/\/musique-equilibre.com\/me\/wp-content\/uploads\/2018\/11\/P1030220-1024x683.jpg","type":"","width":"","height":""}],"twitter_card":"summary_large_image","twitter_site":"@Musiquequilibre","schema":{"@context":"https:\/\/schema.org","@graph":[{"@type":"WebPage","@id":"https:\/\/musique-equilibre.com\/me\/index.php\/maelzel\/","url":"https:\/\/musique-equilibre.com\/me\/index.php\/maelzel\/","name":"MAELZEL - Musique et Equilibre","isPartOf":{"@id":"https:\/\/musique-equilibre.com\/me\/#website"},"primaryImageOfPage":{"@id":"https:\/\/musique-equilibre.com\/me\/index.php\/maelzel\/#primaryimage"},"image":{"@id":"https:\/\/musique-equilibre.com\/me\/index.php\/maelzel\/#primaryimage"},"thumbnailUrl":"http:\/\/musique-equilibre.com\/me\/wp-content\/uploads\/2018\/11\/P1030220-1024x683.jpg","datePublished":"2018-11-09T18:17:24+00:00","dateModified":"2018-11-14T16:19:49+00:00","breadcrumb":{"@id":"https:\/\/musique-equilibre.com\/me\/index.php\/maelzel\/#breadcrumb"},"inLanguage":"fr-FR","potentialAction":[{"@type":"ReadAction","target":["https:\/\/musique-equilibre.com\/me\/index.php\/maelzel\/"]}]},{"@type":"ImageObject","inLanguage":"fr-FR","@id":"https:\/\/musique-equilibre.com\/me\/index.php\/maelzel\/#primaryimage","url":"https:\/\/musique-equilibre.com\/me\/wp-content\/uploads\/2018\/11\/P1030220.jpg","contentUrl":"https:\/\/musique-equilibre.com\/me\/wp-content\/uploads\/2018\/11\/P1030220.jpg","width":5472,"height":3648},{"@type":"BreadcrumbList","@id":"https:\/\/musique-equilibre.com\/me\/index.php\/maelzel\/#breadcrumb","itemListElement":[{"@type":"ListItem","position":1,"name":"Accueil","item":"https:\/\/musique-equilibre.com\/me\/"},{"@type":"ListItem","position":2,"name":"MAELZEL"}]},{"@type":"WebSite","@id":"https:\/\/musique-equilibre.com\/me\/#website","url":"https:\/\/musique-equilibre.com\/me\/","name":"Musique et Equilibre","description":"","publisher":{"@id":"https:\/\/musique-equilibre.com\/me\/#organization"},"potentialAction":[{"@type":"SearchAction","target":{"@type":"EntryPoint","urlTemplate":"https:\/\/musique-equilibre.com\/me\/?s={search_term_string}"},"query-input":{"@type":"PropertyValueSpecification","valueRequired":true,"valueName":"search_term_string"}}],"inLanguage":"fr-FR"},{"@type":"Organization","@id":"https:\/\/musique-equilibre.com\/me\/#organization","name":"Musique et Equilibre","alternateName":"\u00c9cole de musique et salle de concert \u00e0 Orl\u00e9ans","url":"https:\/\/musique-equilibre.com\/me\/","logo":{"@type":"ImageObject","inLanguage":"fr-FR","@id":"https:\/\/musique-equilibre.com\/me\/#\/schema\/logo\/image\/","url":"https:\/\/musique-equilibre.com\/me\/wp-content\/uploads\/2022\/11\/cropped-Logo_orange_texture-1.png","contentUrl":"https:\/\/musique-equilibre.com\/me\/wp-content\/uploads\/2022\/11\/cropped-Logo_orange_texture-1.png","width":512,"height":512,"caption":"Musique et Equilibre"},"image":{"@id":"https:\/\/musique-equilibre.com\/me\/#\/schema\/logo\/image\/"},"sameAs":["https:\/\/www.facebook.com\/MusiqueetEquilibre45","https:\/\/x.com\/Musiquequilibre","https:\/\/www.instagram.com\/musique_et_equilibre_\/","https:\/\/www.linkedin.com\/company\/musique-&amp;-equilibre\/","https:\/\/www.youtube.com\/c\/MusiqueEquilibreOrleans\/"]}]}},"_links":{"self":[{"href":"https:\/\/musique-equilibre.com\/me\/index.php\/wp-json\/wp\/v2\/pages\/2193","targetHints":{"allow":["GET"]}}],"collection":[{"href":"https:\/\/musique-equilibre.com\/me\/index.php\/wp-json\/wp\/v2\/pages"}],"about":[{"href":"https:\/\/musique-equilibre.com\/me\/index.php\/wp-json\/wp\/v2\/types\/page"}],"author":[{"embeddable":true,"href":"https:\/\/musique-equilibre.com\/me\/index.php\/wp-json\/wp\/v2\/users\/1"}],"replies":[{"embeddable":true,"href":"https:\/\/musique-equilibre.com\/me\/index.php\/wp-json\/wp\/v2\/comments?post=2193"}],"version-history":[{"count":2,"href":"https:\/\/musique-equilibre.com\/me\/index.php\/wp-json\/wp\/v2\/pages\/2193\/revisions"}],"predecessor-version":[{"id":2225,"href":"https:\/\/musique-equilibre.com\/me\/index.php\/wp-json\/wp\/v2\/pages\/2193\/revisions\/2225"}],"wp:attachment":[{"href":"https:\/\/musique-equilibre.com\/me\/index.php\/wp-json\/wp\/v2\/media?parent=2193"}],"curies":[{"name":"wp","href":"https:\/\/api.w.org\/{rel}","templated":true}]}}