{"id":2083,"date":"2018-10-29T13:58:20","date_gmt":"2018-10-29T12:58:20","guid":{"rendered":"http:\/\/musique-equilibre.com\/me\/?page_id=2083"},"modified":"2018-10-29T14:13:56","modified_gmt":"2018-10-29T13:13:56","slug":"les-cours-cursus-intensif","status":"publish","type":"page","link":"https:\/\/musique-equilibre.com\/me\/index.php\/les-cours-cursus-intensif\/","title":{"rendered":"<span style=\"font-family: coves;\">Les cours &#8211; Cursus Intensif"},"content":{"rendered":"<table>\n<tbody>\n<tr>\n<td bgcolor=\" #00243a\">\n<p style=\"text-align: justify;\"><span style=\"color: #ffffff;\"><span style=\"font-family: nexa bold;\">Cours individuel instrument : <span style=\"font-family: coves;\">mise en place des \u00e9l\u00e9ments techniques permettant une bonne compr\u00e9hension de l&rsquo;instrument<\/span><\/span><\/span><\/p>\n<p style=\"text-align: left;\"><span style=\"font-family: nexa bold; color: #ffffff;\">Cours de rythme et oreille : <span style=\"font-family: coves;\">ces cours sont organis\u00e9s par niveau afin de permettre aux musiciens de d\u00e9velopper une acuit\u00e9 fine des hauteurs de sons des intervalles, des rythmes et des s\u00e9quences (en parall\u00e8le utilisation de logiciels sp\u00e9cialis\u00e9s).<\/span><\/span><\/p>\n<p style=\"text-align: left;\"><span style=\"font-family: nexa bold; color: #ffffff;\">Cours d\u2019harmonie : <span style=\"font-family: coves;\">comprendre l\u2019harmonie et la r\u00e9alisation d\u2019arrangement. Mobiliser les connaissances th\u00e9oriques et musicales favorisant la composition, l\u2019improvisation et la cr\u00e9ativit\u00e9.<\/span><\/span><\/p>\n<p style=\"text-align: left;\"><span style=\"font-family: nexa bold; color: #ffffff;\">Cours de d\u00e9chiffrage : <span style=\"font-family: coves;\">cours collectif de lecture instrumentale, d\u00e9chiffrage de grilles et de structures, mise en place et interpr\u00e9tation (son, phras\u00e9, nuances\u2026).<\/span><\/span><\/p>\n<p style=\"text-align: left;\"><span style=\"font-family: nexa bold; color: #ffffff;\">Cours de repiquage : <span style=\"font-family: coves;\">travail de l\u2019audition, de la m\u00e9morisation, de l\u2019entra\u00eenement de l\u2019oreille. R\u00e9alisation de relev\u00e9s de m\u00e9lodies et de rythmes, notions th\u00e9oriques sur la notation musicale.<\/span><\/span><\/p>\n<p style=\"text-align: left;\"><span style=\"font-family: nexa bold; color: #ffffff;\">Atelier pratique collective : <span style=\"font-family: coves;\">atelier de pratique collective menant \u00e0 la ma\u00eetrise des usages pratiques et culturels du jeu de groupe (travail du son, interactivit\u00e9 entre les musiciens, placement rythmique\u2026).<\/span><\/span><\/p>\n<\/td>\n<\/tr>\n<\/tbody>\n<\/table>\n","protected":false},"excerpt":{"rendered":"<p>Cours individuel instrument : mise en place des \u00e9l\u00e9ments techniques permettant une bonne compr\u00e9hension de l&rsquo;instrument Cours de rythme et oreille : ces cours sont organis\u00e9s par niveau afin de permettre aux musiciens de d\u00e9velopper une acuit\u00e9 fine des hauteurs de sons des intervalles, des rythmes et des s\u00e9quences (en parall\u00e8le utilisation de logiciels sp\u00e9cialis\u00e9s). [&hellip;]<\/p>\n","protected":false},"author":1,"featured_media":0,"parent":0,"menu_order":0,"comment_status":"closed","ping_status":"closed","template":"","meta":{"footnotes":""},"class_list":["post-2083","page","type-page","status-publish","czr-hentry"],"yoast_head":"<!-- This site is optimized with the Yoast SEO plugin v26.8 - https:\/\/yoast.com\/product\/yoast-seo-wordpress\/ -->\n<title>Les cours - Cursus Intensif - Musique et Equilibre<\/title>\n<meta name=\"robots\" content=\"index, follow, max-snippet:-1, max-image-preview:large, max-video-preview:-1\" \/>\n<link rel=\"canonical\" href=\"https:\/\/musique-equilibre.com\/me\/index.php\/les-cours-cursus-intensif\/\" \/>\n<meta property=\"og:locale\" content=\"fr_FR\" \/>\n<meta property=\"og:type\" content=\"article\" \/>\n<meta property=\"og:title\" content=\"Les cours - Cursus Intensif - Musique et Equilibre\" \/>\n<meta property=\"og:description\" content=\"Cours individuel instrument : mise en place des \u00e9l\u00e9ments techniques permettant une bonne compr\u00e9hension de l&rsquo;instrument Cours de rythme et oreille : ces cours sont organis\u00e9s par niveau afin de permettre aux musiciens de d\u00e9velopper une acuit\u00e9 fine des hauteurs de sons des intervalles, des rythmes et des s\u00e9quences (en parall\u00e8le utilisation de logiciels sp\u00e9cialis\u00e9s). [&hellip;]\" \/>\n<meta property=\"og:url\" content=\"https:\/\/musique-equilibre.com\/me\/index.php\/les-cours-cursus-intensif\/\" \/>\n<meta property=\"og:site_name\" content=\"Musique et Equilibre\" \/>\n<meta property=\"article:publisher\" content=\"https:\/\/www.facebook.com\/MusiqueetEquilibre45\" \/>\n<meta property=\"article:modified_time\" content=\"2018-10-29T13:13:56+00:00\" \/>\n<meta name=\"twitter:card\" content=\"summary_large_image\" \/>\n<meta name=\"twitter:site\" content=\"@Musiquequilibre\" \/>\n<meta name=\"twitter:label1\" content=\"Dur\u00e9e de lecture estim\u00e9e\" \/>\n\t<meta name=\"twitter:data1\" content=\"1 minute\" \/>\n<script type=\"application\/ld+json\" class=\"yoast-schema-graph\">{\"@context\":\"https:\/\/schema.org\",\"@graph\":[{\"@type\":\"WebPage\",\"@id\":\"https:\/\/musique-equilibre.com\/me\/index.php\/les-cours-cursus-intensif\/\",\"url\":\"https:\/\/musique-equilibre.com\/me\/index.php\/les-cours-cursus-intensif\/\",\"name\":\"Les cours - Cursus Intensif - Musique et Equilibre\",\"isPartOf\":{\"@id\":\"https:\/\/musique-equilibre.com\/me\/#website\"},\"datePublished\":\"2018-10-29T12:58:20+00:00\",\"dateModified\":\"2018-10-29T13:13:56+00:00\",\"breadcrumb\":{\"@id\":\"https:\/\/musique-equilibre.com\/me\/index.php\/les-cours-cursus-intensif\/#breadcrumb\"},\"inLanguage\":\"fr-FR\",\"potentialAction\":[{\"@type\":\"ReadAction\",\"target\":[\"https:\/\/musique-equilibre.com\/me\/index.php\/les-cours-cursus-intensif\/\"]}]},{\"@type\":\"BreadcrumbList\",\"@id\":\"https:\/\/musique-equilibre.com\/me\/index.php\/les-cours-cursus-intensif\/#breadcrumb\",\"itemListElement\":[{\"@type\":\"ListItem\",\"position\":1,\"name\":\"Accueil\",\"item\":\"https:\/\/musique-equilibre.com\/me\/\"},{\"@type\":\"ListItem\",\"position\":2,\"name\":\"Les cours &#8211; Cursus Intensif\"}]},{\"@type\":\"WebSite\",\"@id\":\"https:\/\/musique-equilibre.com\/me\/#website\",\"url\":\"https:\/\/musique-equilibre.com\/me\/\",\"name\":\"Musique et Equilibre\",\"description\":\"\",\"publisher\":{\"@id\":\"https:\/\/musique-equilibre.com\/me\/#organization\"},\"potentialAction\":[{\"@type\":\"SearchAction\",\"target\":{\"@type\":\"EntryPoint\",\"urlTemplate\":\"https:\/\/musique-equilibre.com\/me\/?s={search_term_string}\"},\"query-input\":{\"@type\":\"PropertyValueSpecification\",\"valueRequired\":true,\"valueName\":\"search_term_string\"}}],\"inLanguage\":\"fr-FR\"},{\"@type\":\"Organization\",\"@id\":\"https:\/\/musique-equilibre.com\/me\/#organization\",\"name\":\"Musique et Equilibre\",\"alternateName\":\"\u00c9cole de musique et salle de concert \u00e0 Orl\u00e9ans\",\"url\":\"https:\/\/musique-equilibre.com\/me\/\",\"logo\":{\"@type\":\"ImageObject\",\"inLanguage\":\"fr-FR\",\"@id\":\"https:\/\/musique-equilibre.com\/me\/#\/schema\/logo\/image\/\",\"url\":\"https:\/\/musique-equilibre.com\/me\/wp-content\/uploads\/2022\/11\/cropped-Logo_orange_texture-1.png\",\"contentUrl\":\"https:\/\/musique-equilibre.com\/me\/wp-content\/uploads\/2022\/11\/cropped-Logo_orange_texture-1.png\",\"width\":512,\"height\":512,\"caption\":\"Musique et Equilibre\"},\"image\":{\"@id\":\"https:\/\/musique-equilibre.com\/me\/#\/schema\/logo\/image\/\"},\"sameAs\":[\"https:\/\/www.facebook.com\/MusiqueetEquilibre45\",\"https:\/\/x.com\/Musiquequilibre\",\"https:\/\/www.instagram.com\/musique_et_equilibre_\/\",\"https:\/\/www.linkedin.com\/company\/musique-&amp;-equilibre\/\",\"https:\/\/www.youtube.com\/c\/MusiqueEquilibreOrleans\/\"]}]}<\/script>\n<!-- \/ Yoast SEO plugin. -->","yoast_head_json":{"title":"Les cours - Cursus Intensif - Musique et Equilibre","robots":{"index":"index","follow":"follow","max-snippet":"max-snippet:-1","max-image-preview":"max-image-preview:large","max-video-preview":"max-video-preview:-1"},"canonical":"https:\/\/musique-equilibre.com\/me\/index.php\/les-cours-cursus-intensif\/","og_locale":"fr_FR","og_type":"article","og_title":"Les cours - Cursus Intensif - Musique et Equilibre","og_description":"Cours individuel instrument : mise en place des \u00e9l\u00e9ments techniques permettant une bonne compr\u00e9hension de l&rsquo;instrument Cours de rythme et oreille : ces cours sont organis\u00e9s par niveau afin de permettre aux musiciens de d\u00e9velopper une acuit\u00e9 fine des hauteurs de sons des intervalles, des rythmes et des s\u00e9quences (en parall\u00e8le utilisation de logiciels sp\u00e9cialis\u00e9s). [&hellip;]","og_url":"https:\/\/musique-equilibre.com\/me\/index.php\/les-cours-cursus-intensif\/","og_site_name":"Musique et Equilibre","article_publisher":"https:\/\/www.facebook.com\/MusiqueetEquilibre45","article_modified_time":"2018-10-29T13:13:56+00:00","twitter_card":"summary_large_image","twitter_site":"@Musiquequilibre","twitter_misc":{"Dur\u00e9e de lecture estim\u00e9e":"1 minute"},"schema":{"@context":"https:\/\/schema.org","@graph":[{"@type":"WebPage","@id":"https:\/\/musique-equilibre.com\/me\/index.php\/les-cours-cursus-intensif\/","url":"https:\/\/musique-equilibre.com\/me\/index.php\/les-cours-cursus-intensif\/","name":"Les cours - Cursus Intensif - Musique et Equilibre","isPartOf":{"@id":"https:\/\/musique-equilibre.com\/me\/#website"},"datePublished":"2018-10-29T12:58:20+00:00","dateModified":"2018-10-29T13:13:56+00:00","breadcrumb":{"@id":"https:\/\/musique-equilibre.com\/me\/index.php\/les-cours-cursus-intensif\/#breadcrumb"},"inLanguage":"fr-FR","potentialAction":[{"@type":"ReadAction","target":["https:\/\/musique-equilibre.com\/me\/index.php\/les-cours-cursus-intensif\/"]}]},{"@type":"BreadcrumbList","@id":"https:\/\/musique-equilibre.com\/me\/index.php\/les-cours-cursus-intensif\/#breadcrumb","itemListElement":[{"@type":"ListItem","position":1,"name":"Accueil","item":"https:\/\/musique-equilibre.com\/me\/"},{"@type":"ListItem","position":2,"name":"Les cours &#8211; Cursus Intensif"}]},{"@type":"WebSite","@id":"https:\/\/musique-equilibre.com\/me\/#website","url":"https:\/\/musique-equilibre.com\/me\/","name":"Musique et Equilibre","description":"","publisher":{"@id":"https:\/\/musique-equilibre.com\/me\/#organization"},"potentialAction":[{"@type":"SearchAction","target":{"@type":"EntryPoint","urlTemplate":"https:\/\/musique-equilibre.com\/me\/?s={search_term_string}"},"query-input":{"@type":"PropertyValueSpecification","valueRequired":true,"valueName":"search_term_string"}}],"inLanguage":"fr-FR"},{"@type":"Organization","@id":"https:\/\/musique-equilibre.com\/me\/#organization","name":"Musique et Equilibre","alternateName":"\u00c9cole de musique et salle de concert \u00e0 Orl\u00e9ans","url":"https:\/\/musique-equilibre.com\/me\/","logo":{"@type":"ImageObject","inLanguage":"fr-FR","@id":"https:\/\/musique-equilibre.com\/me\/#\/schema\/logo\/image\/","url":"https:\/\/musique-equilibre.com\/me\/wp-content\/uploads\/2022\/11\/cropped-Logo_orange_texture-1.png","contentUrl":"https:\/\/musique-equilibre.com\/me\/wp-content\/uploads\/2022\/11\/cropped-Logo_orange_texture-1.png","width":512,"height":512,"caption":"Musique et Equilibre"},"image":{"@id":"https:\/\/musique-equilibre.com\/me\/#\/schema\/logo\/image\/"},"sameAs":["https:\/\/www.facebook.com\/MusiqueetEquilibre45","https:\/\/x.com\/Musiquequilibre","https:\/\/www.instagram.com\/musique_et_equilibre_\/","https:\/\/www.linkedin.com\/company\/musique-&amp;-equilibre\/","https:\/\/www.youtube.com\/c\/MusiqueEquilibreOrleans\/"]}]}},"_links":{"self":[{"href":"https:\/\/musique-equilibre.com\/me\/index.php\/wp-json\/wp\/v2\/pages\/2083","targetHints":{"allow":["GET"]}}],"collection":[{"href":"https:\/\/musique-equilibre.com\/me\/index.php\/wp-json\/wp\/v2\/pages"}],"about":[{"href":"https:\/\/musique-equilibre.com\/me\/index.php\/wp-json\/wp\/v2\/types\/page"}],"author":[{"embeddable":true,"href":"https:\/\/musique-equilibre.com\/me\/index.php\/wp-json\/wp\/v2\/users\/1"}],"replies":[{"embeddable":true,"href":"https:\/\/musique-equilibre.com\/me\/index.php\/wp-json\/wp\/v2\/comments?post=2083"}],"version-history":[{"count":1,"href":"https:\/\/musique-equilibre.com\/me\/index.php\/wp-json\/wp\/v2\/pages\/2083\/revisions"}],"predecessor-version":[{"id":2084,"href":"https:\/\/musique-equilibre.com\/me\/index.php\/wp-json\/wp\/v2\/pages\/2083\/revisions\/2084"}],"wp:attachment":[{"href":"https:\/\/musique-equilibre.com\/me\/index.php\/wp-json\/wp\/v2\/media?parent=2083"}],"curies":[{"name":"wp","href":"https:\/\/api.w.org\/{rel}","templated":true}]}}