{"id":1894,"date":"2018-10-18T14:46:02","date_gmt":"2018-10-18T12:46:02","guid":{"rendered":"http:\/\/musique-equilibre.com\/me\/?page_id=1894"},"modified":"2025-09-03T09:55:03","modified_gmt":"2025-09-03T07:55:03","slug":"photos-videos-concerts-concertsorleans","status":"publish","type":"page","link":"https:\/\/musique-equilibre.com\/me\/index.php\/photos-videos-concerts-concertsorleans\/","title":{"rendered":"<span style=\"font-family: nexa rust sans;\">PHOTOS et VID\u00c9OS<\/span>"},"content":{"rendered":"\n<p class=\"has-white-color has-text-color has-small-font-size\">PHOTOS \/ VID\u00c9OS<\/p>\n\n\n<div class=\"wp-block-image\">\n<figure class=\"aligncenter size-large is-resized\"><a href=\"https:\/\/www.orleans.fr\/que-faire-a-orleans\/equipements-sportifs\/largonaute\" target=\"_blank\" rel=\"noreferrer noopener\"><img fetchpriority=\"high\" decoding=\"async\" width=\"1024\" height=\"768\" src=\"https:\/\/musique-equilibre.com\/me\/wp-content\/uploads\/2022\/11\/1560062-1024x768.jpg\" alt=\"musique et \u00e9quilibre orl\u00e9ans loiret \u00e9cole de musique salle de concerts salle de diffusion argonaute\" class=\"wp-image-10670\" style=\"width:512px;height:384px\" srcset=\"https:\/\/musique-equilibre.com\/me\/wp-content\/uploads\/2022\/11\/1560062-1024x768.jpg 1024w, https:\/\/musique-equilibre.com\/me\/wp-content\/uploads\/2022\/11\/1560062-300x225.jpg 300w, https:\/\/musique-equilibre.com\/me\/wp-content\/uploads\/2022\/11\/1560062-150x113.jpg 150w, https:\/\/musique-equilibre.com\/me\/wp-content\/uploads\/2022\/11\/1560062-768x576.jpg 768w, https:\/\/musique-equilibre.com\/me\/wp-content\/uploads\/2022\/11\/1560062-1536x1152.jpg 1536w, https:\/\/musique-equilibre.com\/me\/wp-content\/uploads\/2022\/11\/1560062-2048x1536.jpg 2048w\" sizes=\"(max-width: 1024px) 100vw, 1024px\" \/><\/a><\/figure><\/div>\n\n\n<h3 class=\"wp-block-heading has-text-align-center has-black-color has-text-color has-background\" style=\"background-color:#e25417\">Photos et vid\u00e9os<\/h3>\n\n\n<p style=\"text-align: center;\"><span style=\"font-family: coves; font-size: 18pt;\"><a href=\"https:\/\/musique-equilibre.com\/me\/index.php\/photos-videos-2023-2024\/\">2023-2024<\/a><br \/><a href=\"https:\/\/musique-equilibre.com\/me\/index.php\/photos-videos-2024-2025\/\" target=\"_blank\" rel=\"noopener\">2024-2025<\/a><br \/><a href=\"https:\/\/musique-equilibre.com\/me\/index.php\/photos-videos-2025-2026\/\" target=\"_blank\" rel=\"noopener\">2025-2026<\/a><\/span><\/p>\n\n\n<p class=\"has-text-align-center has-black-color has-text-color has-background\" style=\"background-color:#f3a077\"><a href=\"https:\/\/musique-equilibre.com\/me\/index.php\/les-videos-pedago\/\" target=\"_blank\" rel=\"noreferrer noopener\">Les vid\u00e9os p\u00e9dago&rsquo;<\/a><\/p>\n","protected":false},"excerpt":{"rendered":"<p>PHOTOS \/ VID\u00c9OS Photos et vid\u00e9os 2023-20242024-20252025-2026 Les vid\u00e9os p\u00e9dago&rsquo;<\/p>\n","protected":false},"author":1,"featured_media":0,"parent":0,"menu_order":0,"comment_status":"closed","ping_status":"closed","template":"","meta":{"footnotes":""},"class_list":["post-1894","page","type-page","status-publish","czr-hentry"],"yoast_head":"<!-- This site is optimized with the Yoast SEO plugin v26.8 - https:\/\/yoast.com\/product\/yoast-seo-wordpress\/ -->\n<title>PHOTOS et VID\u00c9OS - Musique et Equilibre<\/title>\n<meta name=\"description\" content=\"D\u00e9couvrez ici les photos \/ vid\u00e9os des \u00e9v\u00e8nements (Live, Sc\u00e8ne Ouverte, Live Atelier, 2times et bien plus encore...) de Musique et \u00c9quilibre.\" \/>\n<meta name=\"robots\" content=\"index, follow, max-snippet:-1, max-image-preview:large, max-video-preview:-1\" \/>\n<link rel=\"canonical\" href=\"https:\/\/musique-equilibre.com\/me\/index.php\/photos-videos-concerts-concertsorleans\/\" \/>\n<meta property=\"og:locale\" content=\"fr_FR\" \/>\n<meta property=\"og:type\" content=\"article\" \/>\n<meta property=\"og:title\" content=\"PHOTOS et VID\u00c9OS - Musique et Equilibre\" \/>\n<meta property=\"og:description\" content=\"D\u00e9couvrez ici les photos \/ vid\u00e9os des \u00e9v\u00e8nements (Live, Sc\u00e8ne Ouverte, Live Atelier, 2times et bien plus encore...) de Musique et \u00c9quilibre.\" \/>\n<meta property=\"og:url\" content=\"https:\/\/musique-equilibre.com\/me\/index.php\/photos-videos-concerts-concertsorleans\/\" \/>\n<meta property=\"og:site_name\" content=\"Musique et Equilibre\" \/>\n<meta property=\"article:publisher\" content=\"https:\/\/www.facebook.com\/MusiqueetEquilibre45\" \/>\n<meta property=\"article:modified_time\" content=\"2025-09-03T07:55:03+00:00\" \/>\n<meta property=\"og:image\" content=\"https:\/\/musique-equilibre.com\/me\/wp-content\/uploads\/2022\/11\/1560062-scaled.jpg\" \/>\n\t<meta property=\"og:image:width\" content=\"2560\" \/>\n\t<meta property=\"og:image:height\" content=\"1920\" \/>\n\t<meta property=\"og:image:type\" content=\"image\/jpeg\" \/>\n<meta name=\"twitter:card\" content=\"summary_large_image\" \/>\n<meta name=\"twitter:site\" content=\"@Musiquequilibre\" \/>\n<meta name=\"twitter:label1\" content=\"Dur\u00e9e de lecture estim\u00e9e\" \/>\n\t<meta name=\"twitter:data1\" content=\"1 minute\" \/>\n<script type=\"application\/ld+json\" class=\"yoast-schema-graph\">{\"@context\":\"https:\/\/schema.org\",\"@graph\":[{\"@type\":\"WebPage\",\"@id\":\"https:\/\/musique-equilibre.com\/me\/index.php\/photos-videos-concerts-concertsorleans\/\",\"url\":\"https:\/\/musique-equilibre.com\/me\/index.php\/photos-videos-concerts-concertsorleans\/\",\"name\":\"PHOTOS et VID\u00c9OS - Musique et Equilibre\",\"isPartOf\":{\"@id\":\"https:\/\/musique-equilibre.com\/me\/#website\"},\"primaryImageOfPage\":{\"@id\":\"https:\/\/musique-equilibre.com\/me\/index.php\/photos-videos-concerts-concertsorleans\/#primaryimage\"},\"image\":{\"@id\":\"https:\/\/musique-equilibre.com\/me\/index.php\/photos-videos-concerts-concertsorleans\/#primaryimage\"},\"thumbnailUrl\":\"https:\/\/musique-equilibre.com\/me\/wp-content\/uploads\/2022\/11\/1560062-1024x768.jpg\",\"datePublished\":\"2018-10-18T12:46:02+00:00\",\"dateModified\":\"2025-09-03T07:55:03+00:00\",\"description\":\"D\u00e9couvrez ici les photos \/ vid\u00e9os des \u00e9v\u00e8nements (Live, Sc\u00e8ne Ouverte, Live Atelier, 2times et bien plus encore...) de Musique et \u00c9quilibre.\",\"breadcrumb\":{\"@id\":\"https:\/\/musique-equilibre.com\/me\/index.php\/photos-videos-concerts-concertsorleans\/#breadcrumb\"},\"inLanguage\":\"fr-FR\",\"potentialAction\":[{\"@type\":\"ReadAction\",\"target\":[\"https:\/\/musique-equilibre.com\/me\/index.php\/photos-videos-concerts-concertsorleans\/\"]}]},{\"@type\":\"ImageObject\",\"inLanguage\":\"fr-FR\",\"@id\":\"https:\/\/musique-equilibre.com\/me\/index.php\/photos-videos-concerts-concertsorleans\/#primaryimage\",\"url\":\"https:\/\/musique-equilibre.com\/me\/wp-content\/uploads\/2022\/11\/1560062-scaled.jpg\",\"contentUrl\":\"https:\/\/musique-equilibre.com\/me\/wp-content\/uploads\/2022\/11\/1560062-scaled.jpg\",\"width\":2560,\"height\":1920,\"caption\":\"photos et vid\u00e9os musique et \u00e9quilibre concerts orl\u00e9ans loiret\"},{\"@type\":\"BreadcrumbList\",\"@id\":\"https:\/\/musique-equilibre.com\/me\/index.php\/photos-videos-concerts-concertsorleans\/#breadcrumb\",\"itemListElement\":[{\"@type\":\"ListItem\",\"position\":1,\"name\":\"Accueil\",\"item\":\"https:\/\/musique-equilibre.com\/me\/\"},{\"@type\":\"ListItem\",\"position\":2,\"name\":\"PHOTOS et VID\u00c9OS\"}]},{\"@type\":\"WebSite\",\"@id\":\"https:\/\/musique-equilibre.com\/me\/#website\",\"url\":\"https:\/\/musique-equilibre.com\/me\/\",\"name\":\"Musique et Equilibre\",\"description\":\"\",\"publisher\":{\"@id\":\"https:\/\/musique-equilibre.com\/me\/#organization\"},\"potentialAction\":[{\"@type\":\"SearchAction\",\"target\":{\"@type\":\"EntryPoint\",\"urlTemplate\":\"https:\/\/musique-equilibre.com\/me\/?s={search_term_string}\"},\"query-input\":{\"@type\":\"PropertyValueSpecification\",\"valueRequired\":true,\"valueName\":\"search_term_string\"}}],\"inLanguage\":\"fr-FR\"},{\"@type\":\"Organization\",\"@id\":\"https:\/\/musique-equilibre.com\/me\/#organization\",\"name\":\"Musique et Equilibre\",\"alternateName\":\"\u00c9cole de musique et salle de concert \u00e0 Orl\u00e9ans\",\"url\":\"https:\/\/musique-equilibre.com\/me\/\",\"logo\":{\"@type\":\"ImageObject\",\"inLanguage\":\"fr-FR\",\"@id\":\"https:\/\/musique-equilibre.com\/me\/#\/schema\/logo\/image\/\",\"url\":\"https:\/\/musique-equilibre.com\/me\/wp-content\/uploads\/2022\/11\/cropped-Logo_orange_texture-1.png\",\"contentUrl\":\"https:\/\/musique-equilibre.com\/me\/wp-content\/uploads\/2022\/11\/cropped-Logo_orange_texture-1.png\",\"width\":512,\"height\":512,\"caption\":\"Musique et Equilibre\"},\"image\":{\"@id\":\"https:\/\/musique-equilibre.com\/me\/#\/schema\/logo\/image\/\"},\"sameAs\":[\"https:\/\/www.facebook.com\/MusiqueetEquilibre45\",\"https:\/\/x.com\/Musiquequilibre\",\"https:\/\/www.instagram.com\/musique_et_equilibre_\/\",\"https:\/\/www.linkedin.com\/company\/musique-&amp;-equilibre\/\",\"https:\/\/www.youtube.com\/c\/MusiqueEquilibreOrleans\/\"]}]}<\/script>\n<!-- \/ Yoast SEO plugin. -->","yoast_head_json":{"title":"PHOTOS et VID\u00c9OS - Musique et Equilibre","description":"D\u00e9couvrez ici les photos \/ vid\u00e9os des \u00e9v\u00e8nements (Live, Sc\u00e8ne Ouverte, Live Atelier, 2times et bien plus encore...) de Musique et \u00c9quilibre.","robots":{"index":"index","follow":"follow","max-snippet":"max-snippet:-1","max-image-preview":"max-image-preview:large","max-video-preview":"max-video-preview:-1"},"canonical":"https:\/\/musique-equilibre.com\/me\/index.php\/photos-videos-concerts-concertsorleans\/","og_locale":"fr_FR","og_type":"article","og_title":"PHOTOS et VID\u00c9OS - Musique et Equilibre","og_description":"D\u00e9couvrez ici les photos \/ vid\u00e9os des \u00e9v\u00e8nements (Live, Sc\u00e8ne Ouverte, Live Atelier, 2times et bien plus encore...) de Musique et \u00c9quilibre.","og_url":"https:\/\/musique-equilibre.com\/me\/index.php\/photos-videos-concerts-concertsorleans\/","og_site_name":"Musique et Equilibre","article_publisher":"https:\/\/www.facebook.com\/MusiqueetEquilibre45","article_modified_time":"2025-09-03T07:55:03+00:00","og_image":[{"width":2560,"height":1920,"url":"https:\/\/musique-equilibre.com\/me\/wp-content\/uploads\/2022\/11\/1560062-scaled.jpg","type":"image\/jpeg"}],"twitter_card":"summary_large_image","twitter_site":"@Musiquequilibre","twitter_misc":{"Dur\u00e9e de lecture estim\u00e9e":"1 minute"},"schema":{"@context":"https:\/\/schema.org","@graph":[{"@type":"WebPage","@id":"https:\/\/musique-equilibre.com\/me\/index.php\/photos-videos-concerts-concertsorleans\/","url":"https:\/\/musique-equilibre.com\/me\/index.php\/photos-videos-concerts-concertsorleans\/","name":"PHOTOS et VID\u00c9OS - Musique et Equilibre","isPartOf":{"@id":"https:\/\/musique-equilibre.com\/me\/#website"},"primaryImageOfPage":{"@id":"https:\/\/musique-equilibre.com\/me\/index.php\/photos-videos-concerts-concertsorleans\/#primaryimage"},"image":{"@id":"https:\/\/musique-equilibre.com\/me\/index.php\/photos-videos-concerts-concertsorleans\/#primaryimage"},"thumbnailUrl":"https:\/\/musique-equilibre.com\/me\/wp-content\/uploads\/2022\/11\/1560062-1024x768.jpg","datePublished":"2018-10-18T12:46:02+00:00","dateModified":"2025-09-03T07:55:03+00:00","description":"D\u00e9couvrez ici les photos \/ vid\u00e9os des \u00e9v\u00e8nements (Live, Sc\u00e8ne Ouverte, Live Atelier, 2times et bien plus encore...) de Musique et \u00c9quilibre.","breadcrumb":{"@id":"https:\/\/musique-equilibre.com\/me\/index.php\/photos-videos-concerts-concertsorleans\/#breadcrumb"},"inLanguage":"fr-FR","potentialAction":[{"@type":"ReadAction","target":["https:\/\/musique-equilibre.com\/me\/index.php\/photos-videos-concerts-concertsorleans\/"]}]},{"@type":"ImageObject","inLanguage":"fr-FR","@id":"https:\/\/musique-equilibre.com\/me\/index.php\/photos-videos-concerts-concertsorleans\/#primaryimage","url":"https:\/\/musique-equilibre.com\/me\/wp-content\/uploads\/2022\/11\/1560062-scaled.jpg","contentUrl":"https:\/\/musique-equilibre.com\/me\/wp-content\/uploads\/2022\/11\/1560062-scaled.jpg","width":2560,"height":1920,"caption":"photos et vid\u00e9os musique et \u00e9quilibre concerts orl\u00e9ans loiret"},{"@type":"BreadcrumbList","@id":"https:\/\/musique-equilibre.com\/me\/index.php\/photos-videos-concerts-concertsorleans\/#breadcrumb","itemListElement":[{"@type":"ListItem","position":1,"name":"Accueil","item":"https:\/\/musique-equilibre.com\/me\/"},{"@type":"ListItem","position":2,"name":"PHOTOS et VID\u00c9OS"}]},{"@type":"WebSite","@id":"https:\/\/musique-equilibre.com\/me\/#website","url":"https:\/\/musique-equilibre.com\/me\/","name":"Musique et Equilibre","description":"","publisher":{"@id":"https:\/\/musique-equilibre.com\/me\/#organization"},"potentialAction":[{"@type":"SearchAction","target":{"@type":"EntryPoint","urlTemplate":"https:\/\/musique-equilibre.com\/me\/?s={search_term_string}"},"query-input":{"@type":"PropertyValueSpecification","valueRequired":true,"valueName":"search_term_string"}}],"inLanguage":"fr-FR"},{"@type":"Organization","@id":"https:\/\/musique-equilibre.com\/me\/#organization","name":"Musique et Equilibre","alternateName":"\u00c9cole de musique et salle de concert \u00e0 Orl\u00e9ans","url":"https:\/\/musique-equilibre.com\/me\/","logo":{"@type":"ImageObject","inLanguage":"fr-FR","@id":"https:\/\/musique-equilibre.com\/me\/#\/schema\/logo\/image\/","url":"https:\/\/musique-equilibre.com\/me\/wp-content\/uploads\/2022\/11\/cropped-Logo_orange_texture-1.png","contentUrl":"https:\/\/musique-equilibre.com\/me\/wp-content\/uploads\/2022\/11\/cropped-Logo_orange_texture-1.png","width":512,"height":512,"caption":"Musique et Equilibre"},"image":{"@id":"https:\/\/musique-equilibre.com\/me\/#\/schema\/logo\/image\/"},"sameAs":["https:\/\/www.facebook.com\/MusiqueetEquilibre45","https:\/\/x.com\/Musiquequilibre","https:\/\/www.instagram.com\/musique_et_equilibre_\/","https:\/\/www.linkedin.com\/company\/musique-&amp;-equilibre\/","https:\/\/www.youtube.com\/c\/MusiqueEquilibreOrleans\/"]}]}},"_links":{"self":[{"href":"https:\/\/musique-equilibre.com\/me\/index.php\/wp-json\/wp\/v2\/pages\/1894","targetHints":{"allow":["GET"]}}],"collection":[{"href":"https:\/\/musique-equilibre.com\/me\/index.php\/wp-json\/wp\/v2\/pages"}],"about":[{"href":"https:\/\/musique-equilibre.com\/me\/index.php\/wp-json\/wp\/v2\/types\/page"}],"author":[{"embeddable":true,"href":"https:\/\/musique-equilibre.com\/me\/index.php\/wp-json\/wp\/v2\/users\/1"}],"replies":[{"embeddable":true,"href":"https:\/\/musique-equilibre.com\/me\/index.php\/wp-json\/wp\/v2\/comments?post=1894"}],"version-history":[{"count":262,"href":"https:\/\/musique-equilibre.com\/me\/index.php\/wp-json\/wp\/v2\/pages\/1894\/revisions"}],"predecessor-version":[{"id":17738,"href":"https:\/\/musique-equilibre.com\/me\/index.php\/wp-json\/wp\/v2\/pages\/1894\/revisions\/17738"}],"wp:attachment":[{"href":"https:\/\/musique-equilibre.com\/me\/index.php\/wp-json\/wp\/v2\/media?parent=1894"}],"curies":[{"name":"wp","href":"https:\/\/api.w.org\/{rel}","templated":true}]}}