{"id":18703,"date":"2026-04-13T12:15:25","date_gmt":"2026-04-13T10:15:25","guid":{"rendered":"https:\/\/musique-equilibre.com\/me\/?page_id=18703"},"modified":"2026-04-13T14:37:35","modified_gmt":"2026-04-13T12:37:35","slug":"cours-de-musique-collectif","status":"publish","type":"page","link":"https:\/\/musique-equilibre.com\/me\/index.php\/cours-de-musique-collectif\/","title":{"rendered":"\u00c9quilibre cours collectif"},"content":{"rendered":"\n<p><strong>33 s\u00e9ances.<\/strong><br><br>Inscription possible jusqu\u2019au 31\/10<br><em>(cours d&rsquo;observation gratuit et cours d&rsquo;essai de 30 minutes possible au tarif de 25\u20ac \u00e0 r\u00e9gler avant le cours. Si vous poursuivez les cours, il sera d\u00e9duit de votre facture)<\/em><\/p>\n\n\n<div class=\"ntb_table_wrapper ninja_table_builder_instance_0\"\n     id='ninja_table_builder_13277'\n     data-ninja_table_builder_instance=\"ninja_table_builder_instance_0\"\n     style=\"\n     max-height:500px;\n     max-width: 1160px;\">\n     <table id=\"ntb_table\" role=\"table\" class=\"table ninja_tables_builder_class_13277 ntb_13277\" style=\"margin: 0px auto; table-layout: fixed; border-collapse: collapse; border: 0px solid rgb(0, 0, 0); font-family: inherit; border-spacing: 0px;\"> <tbody class=\"tbody\"><tr id=\"tr_id_6352057\" class=\"desktop-view tr_class_6352057 \" style=\"background: rgb(226, 84, 23);\"> <td id=\"td_id_63780293\" rowspan=\"1\" colspan=\"1\" class=\"td_class_63780293 table-data\" style=\"padding: 10px; max-width: 300px; min-width: 300px; border: 1px solid rgb(0, 0, 0);\"><div id=\"td_id_63780293\"><div class=\"single-item other-item\"><div class=\"ntb-datas-wrapper\" style=\"margin: 1px;\"><span class=\"hover-item\" style=\"padding: 0px; font-weight: bold; font-style: normal; text-decoration: none; font-size: 15px; display: block; text-align: center; color: rgb(0, 0, 1); opacity: 1; line-height: 1.2;\">COURS<\/span>  <\/div> <\/div><\/div><\/td><td id=\"td_id_40815029\" rowspan=\"1\" colspan=\"1\" class=\"td_class_40815029 table-data\" style=\"padding: 10px; max-width: 300px; min-width: 300px; border: 1px solid rgb(0, 0, 0);\"><div id=\"td_id_40815029\"><div class=\"single-item other-item\"><div class=\"ntb-datas-wrapper\" style=\"margin: 1px;\"><span class=\"hover-item\" style=\"padding: 0px; font-weight: bold; font-style: normal; text-decoration: none; font-size: 15px; display: block; text-align: center; color: rgb(0, 0, 1); opacity: 1; line-height: 1.2;\">TARIF<\/span>  <\/div> <\/div><\/div><\/td><\/tr><tr id=\"tr_id_0737136\" class=\"desktop-view tr_class_0737136 \" style=\"background: rgb(255, 255, 255);\"> <td id=\"td_id_32636178\" rowspan=\"1\" colspan=\"1\" class=\"td_class_32636178 table-data\" style=\"padding: 10px; max-width: 300px; min-width: 300px; border: 1px solid rgb(0, 0, 0);\"><div id=\"td_id_32636178\"><div class=\"single-item other-item\"><div class=\"ntb-datas-wrapper\" style=\"margin: 1px;\"><div class=\"hover-item\" style=\"justify-content: center; display: block;\"><a href=\"https:\/\/musique-equilibre.com\/me\/index.php\/cours-musique-collectif-orleans\/\" target=\"_black\" rel=\"\" style=\"justify-content: center; display: flex; text-decoration: none;\"><button type=\"button\" class=\"el-button ntb-el-button el-button--primary\" onmouseover=\"this.style.background='#E08F69',this.style.color='#000001',this.style.border='0px solid#000000',this.style.transform='scale(1)'\" onmouseout=\"this.style.background='#E25417',this.style.color='#000001',this.style.border='0px solid#000000',this.style.transform='scale(1)'\" style=\"--icon-color-hover: #000001; font-size: 15px; color: rgb(0, 0, 1); background: rgb(226, 84, 23); border: 0px solid rgb(0, 0, 0); text-decoration: none; border-radius: 30px; width: 100%; height: auto; text-align: center; overflow: hidden; line-height: 1; display: inline-block; --padding-dashboard: 10px; --padding-frontend: 10px; transform: scale(1);\"><span><span class=\"button-content-wrapper\" style=\"padding: 0px;\"> <span style=\"font-weight: normal; font-style: normal; text-decoration: underline; margin-left: 0px; margin-right: 0px;\">1h - cours collectif<\/span> <\/span><\/span><\/button><\/a><\/div>  <\/div> <\/div><\/div><\/td><td id=\"td_id_06655862\" rowspan=\"1\" colspan=\"1\" class=\"td_class_06655862 table-data\" style=\"padding: 10px; max-width: 300px; min-width: 300px; border: 1px solid rgb(0, 0, 0);\"><div id=\"td_id_06655862\"><div class=\"single-item other-item\"><div class=\"ntb-datas-wrapper\" style=\"margin: 1px;\"><span class=\"hover-item\" style=\"padding: 0px; font-weight: normal; font-style: normal; text-decoration: none; font-size: 15px; display: block; text-align: center; color: rgb(0, 0, 1); opacity: 1; line-height: 1.2;\">54\u20ac\/mois pendant 10 mois<\/span>  <\/div> <\/div><\/div><\/td><\/tr><\/tbody><\/table><\/div>\n\n","protected":false},"excerpt":{"rendered":"<p>33 s\u00e9ances. Inscription possible jusqu\u2019au 31\/10(cours d&rsquo;observation gratuit et cours d&rsquo;essai de 30 minutes possible au tarif de 25\u20ac \u00e0 r\u00e9gler avant le cours. Si vous poursuivez les cours, il sera d\u00e9duit de votre facture)<\/p>\n","protected":false},"author":1,"featured_media":0,"parent":0,"menu_order":0,"comment_status":"closed","ping_status":"closed","template":"","meta":{"footnotes":""},"class_list":["post-18703","page","type-page","status-publish","czr-hentry"],"yoast_head":"<!-- This site is optimized with the Yoast SEO plugin v26.8 - https:\/\/yoast.com\/product\/yoast-seo-wordpress\/ -->\n<title>\u00c9quilibre cours collectif - Musique et Equilibre<\/title>\n<meta name=\"robots\" content=\"index, follow, max-snippet:-1, max-image-preview:large, max-video-preview:-1\" \/>\n<link rel=\"canonical\" href=\"https:\/\/musique-equilibre.com\/me\/index.php\/cours-de-musique-collectif\/\" \/>\n<meta property=\"og:locale\" content=\"fr_FR\" \/>\n<meta property=\"og:type\" content=\"article\" \/>\n<meta property=\"og:title\" content=\"\u00c9quilibre cours collectif - Musique et Equilibre\" \/>\n<meta property=\"og:description\" content=\"33 s\u00e9ances. Inscription possible jusqu\u2019au 31\/10(cours d&rsquo;observation gratuit et cours d&rsquo;essai de 30 minutes possible au tarif de 25\u20ac \u00e0 r\u00e9gler avant le cours. Si vous poursuivez les cours, il sera d\u00e9duit de votre facture)\" \/>\n<meta property=\"og:url\" content=\"https:\/\/musique-equilibre.com\/me\/index.php\/cours-de-musique-collectif\/\" \/>\n<meta property=\"og:site_name\" content=\"Musique et Equilibre\" \/>\n<meta property=\"article:publisher\" content=\"https:\/\/www.facebook.com\/MusiqueetEquilibre45\" \/>\n<meta property=\"article:modified_time\" content=\"2026-04-13T12:37:35+00:00\" \/>\n<meta name=\"twitter:card\" content=\"summary_large_image\" \/>\n<meta name=\"twitter:site\" content=\"@Musiquequilibre\" \/>\n<meta name=\"twitter:label1\" content=\"Dur\u00e9e de lecture estim\u00e9e\" \/>\n\t<meta name=\"twitter:data1\" content=\"1 minute\" \/>\n<script type=\"application\/ld+json\" class=\"yoast-schema-graph\">{\"@context\":\"https:\/\/schema.org\",\"@graph\":[{\"@type\":\"WebPage\",\"@id\":\"https:\/\/musique-equilibre.com\/me\/index.php\/cours-de-musique-collectif\/\",\"url\":\"https:\/\/musique-equilibre.com\/me\/index.php\/cours-de-musique-collectif\/\",\"name\":\"\u00c9quilibre cours collectif - Musique et Equilibre\",\"isPartOf\":{\"@id\":\"https:\/\/musique-equilibre.com\/me\/#website\"},\"datePublished\":\"2026-04-13T10:15:25+00:00\",\"dateModified\":\"2026-04-13T12:37:35+00:00\",\"breadcrumb\":{\"@id\":\"https:\/\/musique-equilibre.com\/me\/index.php\/cours-de-musique-collectif\/#breadcrumb\"},\"inLanguage\":\"fr-FR\",\"potentialAction\":[{\"@type\":\"ReadAction\",\"target\":[\"https:\/\/musique-equilibre.com\/me\/index.php\/cours-de-musique-collectif\/\"]}]},{\"@type\":\"BreadcrumbList\",\"@id\":\"https:\/\/musique-equilibre.com\/me\/index.php\/cours-de-musique-collectif\/#breadcrumb\",\"itemListElement\":[{\"@type\":\"ListItem\",\"position\":1,\"name\":\"Accueil\",\"item\":\"https:\/\/musique-equilibre.com\/me\/\"},{\"@type\":\"ListItem\",\"position\":2,\"name\":\"\u00c9quilibre cours collectif\"}]},{\"@type\":\"WebSite\",\"@id\":\"https:\/\/musique-equilibre.com\/me\/#website\",\"url\":\"https:\/\/musique-equilibre.com\/me\/\",\"name\":\"Musique et Equilibre\",\"description\":\"\",\"publisher\":{\"@id\":\"https:\/\/musique-equilibre.com\/me\/#organization\"},\"potentialAction\":[{\"@type\":\"SearchAction\",\"target\":{\"@type\":\"EntryPoint\",\"urlTemplate\":\"https:\/\/musique-equilibre.com\/me\/?s={search_term_string}\"},\"query-input\":{\"@type\":\"PropertyValueSpecification\",\"valueRequired\":true,\"valueName\":\"search_term_string\"}}],\"inLanguage\":\"fr-FR\"},{\"@type\":\"Organization\",\"@id\":\"https:\/\/musique-equilibre.com\/me\/#organization\",\"name\":\"Musique et Equilibre\",\"alternateName\":\"\u00c9cole de musique et salle de concert \u00e0 Orl\u00e9ans\",\"url\":\"https:\/\/musique-equilibre.com\/me\/\",\"logo\":{\"@type\":\"ImageObject\",\"inLanguage\":\"fr-FR\",\"@id\":\"https:\/\/musique-equilibre.com\/me\/#\/schema\/logo\/image\/\",\"url\":\"https:\/\/musique-equilibre.com\/me\/wp-content\/uploads\/2022\/11\/cropped-Logo_orange_texture-1.png\",\"contentUrl\":\"https:\/\/musique-equilibre.com\/me\/wp-content\/uploads\/2022\/11\/cropped-Logo_orange_texture-1.png\",\"width\":512,\"height\":512,\"caption\":\"Musique et Equilibre\"},\"image\":{\"@id\":\"https:\/\/musique-equilibre.com\/me\/#\/schema\/logo\/image\/\"},\"sameAs\":[\"https:\/\/www.facebook.com\/MusiqueetEquilibre45\",\"https:\/\/x.com\/Musiquequilibre\",\"https:\/\/www.instagram.com\/musique_et_equilibre_\/\",\"https:\/\/www.linkedin.com\/company\/musique-&amp;-equilibre\/\",\"https:\/\/www.youtube.com\/c\/MusiqueEquilibreOrleans\/\"]}]}<\/script>\n<!-- \/ Yoast SEO plugin. -->","yoast_head_json":{"title":"\u00c9quilibre cours collectif - Musique et Equilibre","robots":{"index":"index","follow":"follow","max-snippet":"max-snippet:-1","max-image-preview":"max-image-preview:large","max-video-preview":"max-video-preview:-1"},"canonical":"https:\/\/musique-equilibre.com\/me\/index.php\/cours-de-musique-collectif\/","og_locale":"fr_FR","og_type":"article","og_title":"\u00c9quilibre cours collectif - Musique et Equilibre","og_description":"33 s\u00e9ances. Inscription possible jusqu\u2019au 31\/10(cours d&rsquo;observation gratuit et cours d&rsquo;essai de 30 minutes possible au tarif de 25\u20ac \u00e0 r\u00e9gler avant le cours. Si vous poursuivez les cours, il sera d\u00e9duit de votre facture)","og_url":"https:\/\/musique-equilibre.com\/me\/index.php\/cours-de-musique-collectif\/","og_site_name":"Musique et Equilibre","article_publisher":"https:\/\/www.facebook.com\/MusiqueetEquilibre45","article_modified_time":"2026-04-13T12:37:35+00:00","twitter_card":"summary_large_image","twitter_site":"@Musiquequilibre","twitter_misc":{"Dur\u00e9e de lecture estim\u00e9e":"1 minute"},"schema":{"@context":"https:\/\/schema.org","@graph":[{"@type":"WebPage","@id":"https:\/\/musique-equilibre.com\/me\/index.php\/cours-de-musique-collectif\/","url":"https:\/\/musique-equilibre.com\/me\/index.php\/cours-de-musique-collectif\/","name":"\u00c9quilibre cours collectif - Musique et Equilibre","isPartOf":{"@id":"https:\/\/musique-equilibre.com\/me\/#website"},"datePublished":"2026-04-13T10:15:25+00:00","dateModified":"2026-04-13T12:37:35+00:00","breadcrumb":{"@id":"https:\/\/musique-equilibre.com\/me\/index.php\/cours-de-musique-collectif\/#breadcrumb"},"inLanguage":"fr-FR","potentialAction":[{"@type":"ReadAction","target":["https:\/\/musique-equilibre.com\/me\/index.php\/cours-de-musique-collectif\/"]}]},{"@type":"BreadcrumbList","@id":"https:\/\/musique-equilibre.com\/me\/index.php\/cours-de-musique-collectif\/#breadcrumb","itemListElement":[{"@type":"ListItem","position":1,"name":"Accueil","item":"https:\/\/musique-equilibre.com\/me\/"},{"@type":"ListItem","position":2,"name":"\u00c9quilibre cours collectif"}]},{"@type":"WebSite","@id":"https:\/\/musique-equilibre.com\/me\/#website","url":"https:\/\/musique-equilibre.com\/me\/","name":"Musique et Equilibre","description":"","publisher":{"@id":"https:\/\/musique-equilibre.com\/me\/#organization"},"potentialAction":[{"@type":"SearchAction","target":{"@type":"EntryPoint","urlTemplate":"https:\/\/musique-equilibre.com\/me\/?s={search_term_string}"},"query-input":{"@type":"PropertyValueSpecification","valueRequired":true,"valueName":"search_term_string"}}],"inLanguage":"fr-FR"},{"@type":"Organization","@id":"https:\/\/musique-equilibre.com\/me\/#organization","name":"Musique et Equilibre","alternateName":"\u00c9cole de musique et salle de concert \u00e0 Orl\u00e9ans","url":"https:\/\/musique-equilibre.com\/me\/","logo":{"@type":"ImageObject","inLanguage":"fr-FR","@id":"https:\/\/musique-equilibre.com\/me\/#\/schema\/logo\/image\/","url":"https:\/\/musique-equilibre.com\/me\/wp-content\/uploads\/2022\/11\/cropped-Logo_orange_texture-1.png","contentUrl":"https:\/\/musique-equilibre.com\/me\/wp-content\/uploads\/2022\/11\/cropped-Logo_orange_texture-1.png","width":512,"height":512,"caption":"Musique et Equilibre"},"image":{"@id":"https:\/\/musique-equilibre.com\/me\/#\/schema\/logo\/image\/"},"sameAs":["https:\/\/www.facebook.com\/MusiqueetEquilibre45","https:\/\/x.com\/Musiquequilibre","https:\/\/www.instagram.com\/musique_et_equilibre_\/","https:\/\/www.linkedin.com\/company\/musique-&amp;-equilibre\/","https:\/\/www.youtube.com\/c\/MusiqueEquilibreOrleans\/"]}]}},"_links":{"self":[{"href":"https:\/\/musique-equilibre.com\/me\/index.php\/wp-json\/wp\/v2\/pages\/18703","targetHints":{"allow":["GET"]}}],"collection":[{"href":"https:\/\/musique-equilibre.com\/me\/index.php\/wp-json\/wp\/v2\/pages"}],"about":[{"href":"https:\/\/musique-equilibre.com\/me\/index.php\/wp-json\/wp\/v2\/types\/page"}],"author":[{"embeddable":true,"href":"https:\/\/musique-equilibre.com\/me\/index.php\/wp-json\/wp\/v2\/users\/1"}],"replies":[{"embeddable":true,"href":"https:\/\/musique-equilibre.com\/me\/index.php\/wp-json\/wp\/v2\/comments?post=18703"}],"version-history":[{"count":2,"href":"https:\/\/musique-equilibre.com\/me\/index.php\/wp-json\/wp\/v2\/pages\/18703\/revisions"}],"predecessor-version":[{"id":18764,"href":"https:\/\/musique-equilibre.com\/me\/index.php\/wp-json\/wp\/v2\/pages\/18703\/revisions\/18764"}],"wp:attachment":[{"href":"https:\/\/musique-equilibre.com\/me\/index.php\/wp-json\/wp\/v2\/media?parent=18703"}],"curies":[{"name":"wp","href":"https:\/\/api.w.org\/{rel}","templated":true}]}}