{"id":18696,"date":"2026-04-13T12:10:25","date_gmt":"2026-04-13T10:10:25","guid":{"rendered":"https:\/\/musique-equilibre.com\/me\/?page_id=18696"},"modified":"2026-04-13T14:34:31","modified_gmt":"2026-04-13T12:34:31","slug":"cours-de-musique-1-a-5-ans","status":"publish","type":"page","link":"https:\/\/musique-equilibre.com\/me\/index.php\/cours-de-musique-1-a-5-ans\/","title":{"rendered":"cours de musique 1 \u00e0 5 ans"},"content":{"rendered":"\n<p><strong>10 s\u00e9ances<\/strong><br><br>Mercredi : 23 sept \/ 7 oct \/ 25 nov \/ 9 d\u00e9c \/ 20 janv \/ 10 f\u00e9v \/ 17 mars \/ 07 avril \/ 19 mai \/ 9 juin<br>Samedi : 26 sept \/ 10 oct \/ 28 nov \/ 12 d\u00e9c \/ 23 janv \/ 13 f\u00e9v \/ 20 mars \/ 10 avril \/ 22 mai \/ 12 juin<br>Inscription possible jusqu\u2019au 31\/10.<br>L\u2019inscription vous engage en fonction de la formule choisie. En cas d\u2019arr\u00eat des cours, aucun remboursement, sauf cas de force majeure sur justificatif, ne pourra \u00eatre effectu\u00e9.<br><br><em>(cours d&rsquo;essai possible au tarif de 25\u20ac \u00e0 r\u00e9gler avant le cours. Si vous poursuivez les cours, il sera d\u00e9duit de votre facture)<\/em><\/p>\n\n\n<div class=\"ntb_table_wrapper ninja_table_builder_instance_0\"\n     id='ninja_table_builder_13274'\n     data-ninja_table_builder_instance=\"ninja_table_builder_instance_0\"\n     style=\"\n     max-height:500px;\n     max-width: 1160px;\">\n    <table id=\"ntb_table\" role=\"table\" class=\"table ninja_tables_builder_class_13274 ntb_13274\" style=\"margin: 0px auto; table-layout: fixed; border-collapse: collapse; border: 0px solid rgb(0, 0, 0); font-family: inherit; border-spacing: 0px;\"><tbody class=\"tbody\"><tr class=\"desktop-view tr_class_6352057\" id=\"tr_id_6352057\" data-draggable=\"true\" style=\"background: rgb(226, 84, 23);\"><td id=\"td_id_63780293\" class=\"td_class_63780293 table-data\" rowspan=\"1\" colspan=\"1\" cellindex=\"1\" style=\"padding: 10px; max-width: 300px; min-width: 300px; border: 1px solid rgb(0, 0, 0);\"><div id=\"cell_63780293\"><div class=\"single-item other-item\" data-draggable=\"true\"><div class=\"ntb-datas-wrapper\" style=\"margin: 1px;\"><span data-v-bd450b80=\"\" data-placeholder=\"Add New\" class=\"hover-item mce-content-body\" style=\"padding: 0px; font-weight: bold; font-style: normal; text-decoration: none; font-size: 15px; display: block; text-align: center; color: rgb(0, 0, 1); opacity: 1; line-height: 1.2; position: relative;\" id=\"mce_12\" spellcheck=\"false\">COURS<\/span><\/div><\/div><\/div><\/td><td id=\"td_id_40815029\" class=\"td_class_40815029 table-data\" rowspan=\"1\" colspan=\"1\" cellindex=\"2\" style=\"padding: 10px; max-width: 300px; min-width: 300px; border: 1px solid rgb(0, 0, 0);\"><div id=\"cell_40815029\"><div class=\"single-item other-item\" data-draggable=\"true\"><div class=\"ntb-datas-wrapper\" style=\"margin: 1px;\"><span data-v-bd450b80=\"\" data-placeholder=\"Add New\" class=\"hover-item mce-content-body\" style=\"padding: 0px; font-weight: bold; font-style: normal; text-decoration: none; font-size: 15px; display: block; text-align: center; color: rgb(0, 0, 1); opacity: 1; line-height: 1.2; position: relative;\" id=\"mce_13\" spellcheck=\"false\">TARIF<\/span><\/div><\/div><\/div><\/td><\/tr><tr class=\"desktop-view tr_class_8670573\" id=\"tr_id_8670573\" data-draggable=\"true\" style=\"background: rgb(255, 255, 255);\"><td id=\"td_id_40103650\" class=\"td_class_40103650 table-data\" rowspan=\"1\" colspan=\"1\" style=\"padding: 10px; max-width: 300px; min-width: 300px; border: 1px solid rgb(0, 0, 0);\" cellindex=\"3\"><div id=\"cell_40103650\"><div class=\"single-item other-item\" data-draggable=\"true\"><div class=\"ntb-datas-wrapper\" style=\"margin: 1px;\"><span class=\"hover-item\" style=\"justify-content: center; display: block;\"><a href=\"https:\/\/musique-equilibre.com\/me\/index.php\/3-ans-musique\/\" target=\"_blank\" rel=\"\" style=\"justify-content: center; display: flex; text-decoration: none;\"><button aria-disabled=\"false\" type=\"button\" class=\"el-button el-button--primary ntb-el-button\" data-button-data=\"{&quot;name&quot;:&quot;Bouton&quot;,&quot;type&quot;:&quot;button&quot;,&quot;icon&quot;:&quot;el-icon-bank-card&quot;,&quot;has_pro&quot;:false,&quot;value&quot;:&quot;1-3 ans (parents\/enfants)&quot;,&quot;style&quot;:{&quot;fontSize&quot;:10,&quot;color&quot;:&quot;&quot;,&quot;buttonSize&quot;:&quot;M&quot;,&quot;backgroundColor&quot;:&quot;#E25417&quot;,&quot;borderColor&quot;:&quot;&quot;,&quot;borderSize&quot;:0,&quot;borderRadius&quot;:30,&quot;isHover&quot;:true,&quot;hoverColor&quot;:&quot;&quot;,&quot;hoverBackgroundColor&quot;:&quot;#E08F69&quot;,&quot;hoverBorderColor&quot;:&quot;#000000&quot;,&quot;hoverBorderSize&quot;:0,&quot;hoverIconColor&quot;:&quot;&quot;,&quot;transition&quot;:1,&quot;fullWidth&quot;:true,&quot;url&quot;:&quot;https:\/\/musique-equilibre.com\/me\/index.php\/3-ans-musique\/&quot;,&quot;newTab&quot;:true,&quot;linkAttributes&quot;:[],&quot;contentAlignment&quot;:&quot;center&quot;,&quot;alignment&quot;:&quot;center&quot;,&quot;fontWeight&quot;:[&quot;underline&quot;],&quot;margin&quot;:{&quot;top&quot;:1,&quot;bottom&quot;:1,&quot;left&quot;:1,&quot;right&quot;:1},&quot;padding&quot;:{&quot;top&quot;:0,&quot;bottom&quot;:0,&quot;left&quot;:0,&quot;right&quot;:0},&quot;enableIcon&quot;:false,&quot;iconColor&quot;:&quot;&quot;,&quot;iconFontSize&quot;:10,&quot;iconName&quot;:&quot;ninja-table&quot;,&quot;iconPosition&quot;:&quot;left&quot;,&quot;itemSpacing&quot;:0}}\" style=\"--icon-color-hover: #000001; font-size: 15px; color: rgb(0, 0, 1); background: rgb(226, 84, 23); border: 0px solid; text-decoration: none; border-radius: 30px; width: 100%; height: auto; text-align: center; overflow: hidden; line-height: 1; display: inline-block; --padding-dashboard: 10px; --padding-frontend: 10px; transform: scale(1);\"><span class=\"\"><span class=\"button-content-wrapper\" style=\"padding: 0px;\"><span data-v-bd450b80=\"\" data-placeholder=\"Add New\" class=\"hover-item mce-content-body\" style=\"font-weight: normal; font-style: normal; text-decoration: underline; margin-left: 0px; margin-right: 0px; position: relative;\" id=\"mce_14\" spellcheck=\"false\">1-3 ans (parents\/enfants)<\/span><\/span><\/span><\/button><\/a><\/span><\/div><\/div><\/div><\/td><td id=\"td_id_49202238\" class=\"td_class_49202238 table-data\" rowspan=\"1\" colspan=\"1\" style=\"padding: 10px; max-width: 300px; min-width: 300px; border: 1px solid rgb(0, 0, 0);\" cellindex=\"4\"><div id=\"cell_49202238\"><div class=\"single-item other-item\" data-draggable=\"true\"><div class=\"ntb-datas-wrapper\" style=\"margin: 1px;\"><span data-v-bd450b80=\"\" data-placeholder=\"Add New\" class=\"hover-item mce-content-body\" style=\"padding: 0px; font-weight: normal; font-style: normal; text-decoration: none; font-size: 15px; display: block; text-align: center; color: rgb(0, 0, 1); opacity: 1; line-height: 1.2; position: relative;\" id=\"mce_15\" spellcheck=\"false\">7\u20ac\/mois pendant 10 mois<\/span><\/div><\/div><\/div><\/td><\/tr><tr class=\"desktop-view tr_class_5336561\" id=\"tr_id_5336561\" data-draggable=\"true\" style=\"background: rgb(255, 255, 255);\"><td id=\"td_id_93503037\" class=\"td_class_93503037 table-data\" rowspan=\"1\" colspan=\"1\" style=\"padding: 10px; max-width: 300px; min-width: 300px; border: 1px solid rgb(0, 0, 0);\" cellindex=\"5\"><div id=\"cell_93503037\"><div class=\"single-item other-item\" data-draggable=\"true\"><div class=\"ntb-datas-wrapper\" style=\"margin: 1px;\"><span class=\"hover-item\" style=\"justify-content: center; display: block;\"><a href=\"https:\/\/musique-equilibre.com\/me\/index.php\/4-5-ans-cours-de-musique\/\" target=\"_blank\" rel=\"\" style=\"justify-content: center; display: flex; text-decoration: none;\"><button aria-disabled=\"false\" type=\"button\" class=\"el-button el-button--primary ntb-el-button\" data-button-data=\"{&quot;name&quot;:&quot;Bouton&quot;,&quot;type&quot;:&quot;button&quot;,&quot;icon&quot;:&quot;el-icon-bank-card&quot;,&quot;has_pro&quot;:false,&quot;value&quot;:&quot;3-5 ans&quot;,&quot;style&quot;:{&quot;fontSize&quot;:10,&quot;color&quot;:&quot;&quot;,&quot;buttonSize&quot;:&quot;M&quot;,&quot;backgroundColor&quot;:&quot;#E25417&quot;,&quot;borderColor&quot;:&quot;&quot;,&quot;borderSize&quot;:0,&quot;borderRadius&quot;:30,&quot;isHover&quot;:true,&quot;hoverColor&quot;:&quot;&quot;,&quot;hoverBackgroundColor&quot;:&quot;#E08F69&quot;,&quot;hoverBorderColor&quot;:&quot;#000000&quot;,&quot;hoverBorderSize&quot;:0,&quot;hoverIconColor&quot;:&quot;&quot;,&quot;transition&quot;:1,&quot;fullWidth&quot;:true,&quot;url&quot;:&quot;https:\/\/musique-equilibre.com\/me\/index.php\/4-5-ans-cours-de-musique\/&quot;,&quot;newTab&quot;:true,&quot;linkAttributes&quot;:[],&quot;contentAlignment&quot;:&quot;center&quot;,&quot;alignment&quot;:&quot;center&quot;,&quot;fontWeight&quot;:[&quot;underline&quot;],&quot;margin&quot;:{&quot;top&quot;:1,&quot;bottom&quot;:1,&quot;left&quot;:1,&quot;right&quot;:1},&quot;padding&quot;:{&quot;top&quot;:0,&quot;bottom&quot;:0,&quot;left&quot;:0,&quot;right&quot;:0},&quot;enableIcon&quot;:false,&quot;iconColor&quot;:&quot;&quot;,&quot;iconFontSize&quot;:10,&quot;iconName&quot;:&quot;ninja-table&quot;,&quot;iconPosition&quot;:&quot;left&quot;,&quot;itemSpacing&quot;:0}}\" style=\"--icon-color-hover: #000001; font-size: 15px; color: rgb(0, 0, 1); background: rgb(226, 84, 23); border: 0px solid; text-decoration: none; border-radius: 30px; width: 100%; height: auto; text-align: center; overflow: hidden; line-height: 1; display: inline-block; --padding-dashboard: 10px; --padding-frontend: 10px; transform: scale(1);\"><span class=\"\"><span class=\"button-content-wrapper\" style=\"padding: 0px;\"><span data-v-bd450b80=\"\" data-placeholder=\"Add New\" class=\"hover-item mce-content-body\" style=\"font-weight: normal; font-style: normal; text-decoration: underline; margin-left: 0px; margin-right: 0px; position: relative;\" id=\"mce_16\" spellcheck=\"false\">3-5 ans<\/span><\/span><\/span><\/button><\/a><\/span><\/div><\/div><\/div><\/td><td id=\"td_id_48262557\" class=\"td_class_48262557 table-data\" rowspan=\"1\" colspan=\"1\" style=\"padding: 10px; max-width: 300px; min-width: 300px; border: 1px solid rgb(0, 0, 0);\" cellindex=\"6\"><div id=\"cell_48262557\"><div class=\"single-item other-item\" data-draggable=\"true\"><div class=\"ntb-datas-wrapper\" style=\"margin: 1px;\"><span data-v-bd450b80=\"\" data-placeholder=\"Add New\" class=\"hover-item mce-content-body\" style=\"padding: 0px; font-weight: normal; font-style: normal; text-decoration: none; font-size: 15px; display: block; text-align: center; color: rgb(0, 0, 1); opacity: 1; line-height: 1.2; position: relative;\" id=\"mce_17\" spellcheck=\"false\">7\u20ac\/mois pendant 10 mois<\/span><\/div><\/div><\/div><\/td><\/tr><\/tbody><\/table><\/div>\n\n","protected":false},"excerpt":{"rendered":"<p>10 s\u00e9ances Mercredi : 23 sept \/ 7 oct \/ 25 nov \/ 9 d\u00e9c \/ 20 janv \/ 10 f\u00e9v \/ 17 mars \/ 07 avril \/ 19 mai \/ 9 juinSamedi : 26 sept \/ 10 oct \/ 28 nov \/ 12 d\u00e9c \/ 23 janv \/ 13 f\u00e9v \/ 20 mars \/ [&hellip;]<\/p>\n","protected":false},"author":1,"featured_media":0,"parent":0,"menu_order":0,"comment_status":"closed","ping_status":"closed","template":"","meta":{"footnotes":""},"class_list":["post-18696","page","type-page","status-publish","czr-hentry"],"yoast_head":"<!-- This site is optimized with the Yoast SEO plugin v26.8 - https:\/\/yoast.com\/product\/yoast-seo-wordpress\/ -->\n<title>cours de musique 1 \u00e0 5 ans - Musique et Equilibre<\/title>\n<meta name=\"robots\" content=\"index, follow, max-snippet:-1, max-image-preview:large, max-video-preview:-1\" \/>\n<link rel=\"canonical\" href=\"https:\/\/musique-equilibre.com\/me\/index.php\/cours-de-musique-1-a-5-ans\/\" \/>\n<meta property=\"og:locale\" content=\"fr_FR\" \/>\n<meta property=\"og:type\" content=\"article\" \/>\n<meta property=\"og:title\" content=\"cours de musique 1 \u00e0 5 ans - Musique et Equilibre\" \/>\n<meta property=\"og:description\" content=\"10 s\u00e9ances Mercredi : 23 sept \/ 7 oct \/ 25 nov \/ 9 d\u00e9c \/ 20 janv \/ 10 f\u00e9v \/ 17 mars \/ 07 avril \/ 19 mai \/ 9 juinSamedi : 26 sept \/ 10 oct \/ 28 nov \/ 12 d\u00e9c \/ 23 janv \/ 13 f\u00e9v \/ 20 mars \/ [&hellip;]\" \/>\n<meta property=\"og:url\" content=\"https:\/\/musique-equilibre.com\/me\/index.php\/cours-de-musique-1-a-5-ans\/\" \/>\n<meta property=\"og:site_name\" content=\"Musique et Equilibre\" \/>\n<meta property=\"article:publisher\" content=\"https:\/\/www.facebook.com\/MusiqueetEquilibre45\" \/>\n<meta property=\"article:modified_time\" content=\"2026-04-13T12:34:31+00:00\" \/>\n<meta name=\"twitter:card\" content=\"summary_large_image\" \/>\n<meta name=\"twitter:site\" content=\"@Musiquequilibre\" \/>\n<meta name=\"twitter:label1\" content=\"Dur\u00e9e de lecture estim\u00e9e\" \/>\n\t<meta name=\"twitter:data1\" content=\"1 minute\" \/>\n<script type=\"application\/ld+json\" class=\"yoast-schema-graph\">{\"@context\":\"https:\/\/schema.org\",\"@graph\":[{\"@type\":\"WebPage\",\"@id\":\"https:\/\/musique-equilibre.com\/me\/index.php\/cours-de-musique-1-a-5-ans\/\",\"url\":\"https:\/\/musique-equilibre.com\/me\/index.php\/cours-de-musique-1-a-5-ans\/\",\"name\":\"cours de musique 1 \u00e0 5 ans - Musique et Equilibre\",\"isPartOf\":{\"@id\":\"https:\/\/musique-equilibre.com\/me\/#website\"},\"datePublished\":\"2026-04-13T10:10:25+00:00\",\"dateModified\":\"2026-04-13T12:34:31+00:00\",\"breadcrumb\":{\"@id\":\"https:\/\/musique-equilibre.com\/me\/index.php\/cours-de-musique-1-a-5-ans\/#breadcrumb\"},\"inLanguage\":\"fr-FR\",\"potentialAction\":[{\"@type\":\"ReadAction\",\"target\":[\"https:\/\/musique-equilibre.com\/me\/index.php\/cours-de-musique-1-a-5-ans\/\"]}]},{\"@type\":\"BreadcrumbList\",\"@id\":\"https:\/\/musique-equilibre.com\/me\/index.php\/cours-de-musique-1-a-5-ans\/#breadcrumb\",\"itemListElement\":[{\"@type\":\"ListItem\",\"position\":1,\"name\":\"Accueil\",\"item\":\"https:\/\/musique-equilibre.com\/me\/\"},{\"@type\":\"ListItem\",\"position\":2,\"name\":\"cours de musique 1 \u00e0 5 ans\"}]},{\"@type\":\"WebSite\",\"@id\":\"https:\/\/musique-equilibre.com\/me\/#website\",\"url\":\"https:\/\/musique-equilibre.com\/me\/\",\"name\":\"Musique et Equilibre\",\"description\":\"\",\"publisher\":{\"@id\":\"https:\/\/musique-equilibre.com\/me\/#organization\"},\"potentialAction\":[{\"@type\":\"SearchAction\",\"target\":{\"@type\":\"EntryPoint\",\"urlTemplate\":\"https:\/\/musique-equilibre.com\/me\/?s={search_term_string}\"},\"query-input\":{\"@type\":\"PropertyValueSpecification\",\"valueRequired\":true,\"valueName\":\"search_term_string\"}}],\"inLanguage\":\"fr-FR\"},{\"@type\":\"Organization\",\"@id\":\"https:\/\/musique-equilibre.com\/me\/#organization\",\"name\":\"Musique et Equilibre\",\"alternateName\":\"\u00c9cole de musique et salle de concert \u00e0 Orl\u00e9ans\",\"url\":\"https:\/\/musique-equilibre.com\/me\/\",\"logo\":{\"@type\":\"ImageObject\",\"inLanguage\":\"fr-FR\",\"@id\":\"https:\/\/musique-equilibre.com\/me\/#\/schema\/logo\/image\/\",\"url\":\"https:\/\/musique-equilibre.com\/me\/wp-content\/uploads\/2022\/11\/cropped-Logo_orange_texture-1.png\",\"contentUrl\":\"https:\/\/musique-equilibre.com\/me\/wp-content\/uploads\/2022\/11\/cropped-Logo_orange_texture-1.png\",\"width\":512,\"height\":512,\"caption\":\"Musique et Equilibre\"},\"image\":{\"@id\":\"https:\/\/musique-equilibre.com\/me\/#\/schema\/logo\/image\/\"},\"sameAs\":[\"https:\/\/www.facebook.com\/MusiqueetEquilibre45\",\"https:\/\/x.com\/Musiquequilibre\",\"https:\/\/www.instagram.com\/musique_et_equilibre_\/\",\"https:\/\/www.linkedin.com\/company\/musique-&amp;-equilibre\/\",\"https:\/\/www.youtube.com\/c\/MusiqueEquilibreOrleans\/\"]}]}<\/script>\n<!-- \/ Yoast SEO plugin. -->","yoast_head_json":{"title":"cours de musique 1 \u00e0 5 ans - Musique et Equilibre","robots":{"index":"index","follow":"follow","max-snippet":"max-snippet:-1","max-image-preview":"max-image-preview:large","max-video-preview":"max-video-preview:-1"},"canonical":"https:\/\/musique-equilibre.com\/me\/index.php\/cours-de-musique-1-a-5-ans\/","og_locale":"fr_FR","og_type":"article","og_title":"cours de musique 1 \u00e0 5 ans - Musique et Equilibre","og_description":"10 s\u00e9ances Mercredi : 23 sept \/ 7 oct \/ 25 nov \/ 9 d\u00e9c \/ 20 janv \/ 10 f\u00e9v \/ 17 mars \/ 07 avril \/ 19 mai \/ 9 juinSamedi : 26 sept \/ 10 oct \/ 28 nov \/ 12 d\u00e9c \/ 23 janv \/ 13 f\u00e9v \/ 20 mars \/ [&hellip;]","og_url":"https:\/\/musique-equilibre.com\/me\/index.php\/cours-de-musique-1-a-5-ans\/","og_site_name":"Musique et Equilibre","article_publisher":"https:\/\/www.facebook.com\/MusiqueetEquilibre45","article_modified_time":"2026-04-13T12:34:31+00:00","twitter_card":"summary_large_image","twitter_site":"@Musiquequilibre","twitter_misc":{"Dur\u00e9e de lecture estim\u00e9e":"1 minute"},"schema":{"@context":"https:\/\/schema.org","@graph":[{"@type":"WebPage","@id":"https:\/\/musique-equilibre.com\/me\/index.php\/cours-de-musique-1-a-5-ans\/","url":"https:\/\/musique-equilibre.com\/me\/index.php\/cours-de-musique-1-a-5-ans\/","name":"cours de musique 1 \u00e0 5 ans - Musique et Equilibre","isPartOf":{"@id":"https:\/\/musique-equilibre.com\/me\/#website"},"datePublished":"2026-04-13T10:10:25+00:00","dateModified":"2026-04-13T12:34:31+00:00","breadcrumb":{"@id":"https:\/\/musique-equilibre.com\/me\/index.php\/cours-de-musique-1-a-5-ans\/#breadcrumb"},"inLanguage":"fr-FR","potentialAction":[{"@type":"ReadAction","target":["https:\/\/musique-equilibre.com\/me\/index.php\/cours-de-musique-1-a-5-ans\/"]}]},{"@type":"BreadcrumbList","@id":"https:\/\/musique-equilibre.com\/me\/index.php\/cours-de-musique-1-a-5-ans\/#breadcrumb","itemListElement":[{"@type":"ListItem","position":1,"name":"Accueil","item":"https:\/\/musique-equilibre.com\/me\/"},{"@type":"ListItem","position":2,"name":"cours de musique 1 \u00e0 5 ans"}]},{"@type":"WebSite","@id":"https:\/\/musique-equilibre.com\/me\/#website","url":"https:\/\/musique-equilibre.com\/me\/","name":"Musique et Equilibre","description":"","publisher":{"@id":"https:\/\/musique-equilibre.com\/me\/#organization"},"potentialAction":[{"@type":"SearchAction","target":{"@type":"EntryPoint","urlTemplate":"https:\/\/musique-equilibre.com\/me\/?s={search_term_string}"},"query-input":{"@type":"PropertyValueSpecification","valueRequired":true,"valueName":"search_term_string"}}],"inLanguage":"fr-FR"},{"@type":"Organization","@id":"https:\/\/musique-equilibre.com\/me\/#organization","name":"Musique et Equilibre","alternateName":"\u00c9cole de musique et salle de concert \u00e0 Orl\u00e9ans","url":"https:\/\/musique-equilibre.com\/me\/","logo":{"@type":"ImageObject","inLanguage":"fr-FR","@id":"https:\/\/musique-equilibre.com\/me\/#\/schema\/logo\/image\/","url":"https:\/\/musique-equilibre.com\/me\/wp-content\/uploads\/2022\/11\/cropped-Logo_orange_texture-1.png","contentUrl":"https:\/\/musique-equilibre.com\/me\/wp-content\/uploads\/2022\/11\/cropped-Logo_orange_texture-1.png","width":512,"height":512,"caption":"Musique et Equilibre"},"image":{"@id":"https:\/\/musique-equilibre.com\/me\/#\/schema\/logo\/image\/"},"sameAs":["https:\/\/www.facebook.com\/MusiqueetEquilibre45","https:\/\/x.com\/Musiquequilibre","https:\/\/www.instagram.com\/musique_et_equilibre_\/","https:\/\/www.linkedin.com\/company\/musique-&amp;-equilibre\/","https:\/\/www.youtube.com\/c\/MusiqueEquilibreOrleans\/"]}]}},"_links":{"self":[{"href":"https:\/\/musique-equilibre.com\/me\/index.php\/wp-json\/wp\/v2\/pages\/18696","targetHints":{"allow":["GET"]}}],"collection":[{"href":"https:\/\/musique-equilibre.com\/me\/index.php\/wp-json\/wp\/v2\/pages"}],"about":[{"href":"https:\/\/musique-equilibre.com\/me\/index.php\/wp-json\/wp\/v2\/types\/page"}],"author":[{"embeddable":true,"href":"https:\/\/musique-equilibre.com\/me\/index.php\/wp-json\/wp\/v2\/users\/1"}],"replies":[{"embeddable":true,"href":"https:\/\/musique-equilibre.com\/me\/index.php\/wp-json\/wp\/v2\/comments?post=18696"}],"version-history":[{"count":2,"href":"https:\/\/musique-equilibre.com\/me\/index.php\/wp-json\/wp\/v2\/pages\/18696\/revisions"}],"predecessor-version":[{"id":18760,"href":"https:\/\/musique-equilibre.com\/me\/index.php\/wp-json\/wp\/v2\/pages\/18696\/revisions\/18760"}],"wp:attachment":[{"href":"https:\/\/musique-equilibre.com\/me\/index.php\/wp-json\/wp\/v2\/media?parent=18696"}],"curies":[{"name":"wp","href":"https:\/\/api.w.org\/{rel}","templated":true}]}}