{"id":18672,"date":"2026-04-13T11:53:54","date_gmt":"2026-04-13T09:53:54","guid":{"rendered":"https:\/\/musique-equilibre.com\/me\/?page_id=18672"},"modified":"2026-04-13T14:36:46","modified_gmt":"2026-04-13T12:36:46","slug":"tarifs-3","status":"publish","type":"page","link":"https:\/\/musique-equilibre.com\/me\/index.php\/tarifs-3\/","title":{"rendered":"Tarifs 2025 2026 nouvelle page"},"content":{"rendered":"<div class=\"wp-block-image\">\n<figure class=\"aligncenter size-large\"><img fetchpriority=\"high\" decoding=\"async\" width=\"1024\" height=\"252\" src=\"https:\/\/musique-equilibre.com\/me\/wp-content\/uploads\/2023\/12\/Tarifs-1-1024x252.jpg\" alt=\"\" class=\"wp-image-13656\" srcset=\"https:\/\/musique-equilibre.com\/me\/wp-content\/uploads\/2023\/12\/Tarifs-1-1024x252.jpg 1024w, https:\/\/musique-equilibre.com\/me\/wp-content\/uploads\/2023\/12\/Tarifs-1-300x74.jpg 300w, https:\/\/musique-equilibre.com\/me\/wp-content\/uploads\/2023\/12\/Tarifs-1-150x37.jpg 150w, https:\/\/musique-equilibre.com\/me\/wp-content\/uploads\/2023\/12\/Tarifs-1-768x189.jpg 768w, https:\/\/musique-equilibre.com\/me\/wp-content\/uploads\/2023\/12\/Tarifs-1.jpg 1366w\" sizes=\"(max-width: 1024px) 100vw, 1024px\" \/><\/figure><\/div>\n\n\n<p class=\"has-white-color has-text-color has-small-font-size\">Tarifs<\/p>\n\n\n<p style=\"text-align: center;\"><span style=\"font-family: coves; font-size: 20px;\"><a href=\"#cours-individuel\">Cours individuels<\/a> &#8211; <a href=\"#cours-enfants\">Cours enfants<\/a> &#8211; <a href=\"#cours-collectifs\">Cours collectifs<\/a> &#8211; <a href=\"#ateliers\">Ateliers<\/a><\/span><\/p>\n<p style=\"text-align: center;\"><span style=\"font-family: coves;\"><strong><span style=\"color: #e25417;\">Moyens de paiement accept\u00e9s :<\/span><br \/>Carte bancaire \/ Ch\u00e8que \/ Virement \/ Esp\u00e8ces \/ <a href=\"https:\/\/www.helloasso.com\/associations\/musique-et-equilibre-orleans\/boutiques\/les-cours\" target=\"_blank\" rel=\"noopener\">Helloasso<\/a> \/ Ch\u00e8ques Vacances (Classic et Connect) \/ Pass culture<\/strong><\/span><\/p>\n<h2 style=\"text-align: left;\"><span style=\"font-family: coves;\"><strong><span style=\"color: #e25417;\">Adh\u00e9sion :<\/span><br \/><\/strong><\/span><\/h2>\n<p><span style=\"font-family: coves; font-size: 12pt;\">Elle est obligatoire quelque soit l&rsquo;activit\u00e9 et la dur\u00e9e.<\/span><br \/><span style=\"font-family: coves;\"><span style=\"font-size: 12pt;\">L&rsquo;adh\u00e9sion est de 25\u20ac et est valable de septembre \u00e0 juillet.<\/span><br \/><span style=\"font-size: 12pt; color: #333333;\">Adh\u00e9sion par membre suppl\u00e9mentaire d&rsquo;une m\u00eame famille : 5\u20ac<\/span><\/span><\/p>\n\n\n<h4 class=\"wp-block-heading has-text-align-center has-white-color has-text-color has-background\" id=\"cours-individuel\" style=\"background-color:#e25417\">COURS D&rsquo;INSTRUMENT et CHANT<br>Enfants, ados, adultes<\/h4>\n\n\n<h2><span style=\"font-size: 20px;\"><a href=\"https:\/\/musique-equilibre.com\/me\/index.php\/equilibre\/\" target=\"_blank\" rel=\"noopener\"><span style=\"color: #e25417; font-family: coves;\"><strong>Formule \u00c9quilibre &#8211; 33 s\u00e9ances<\/strong><\/span><\/a><br \/><\/span><span style=\"font-size: 20px;\"><a href=\"https:\/\/musique-equilibre.com\/me\/index.php\/liberte-4-seances\/\" target=\"_blank\" rel=\"noopener\"><span style=\"color: #e25417; font-family: coves;\"><strong>Formule Libert\u00e9 &#8211; 4 s\u00e9ances<\/strong><\/span><\/a><br \/><\/span><span style=\"font-size: 20px;\"><a href=\"https:\/\/musique-equilibre.com\/me\/index.php\/liberte-12-seances\/\" target=\"_blank\" rel=\"noopener\"><span style=\"color: #e25417; font-family: coves;\"><strong>Formule Libert\u00e9 + &#8211; 12 s\u00e9ances<\/strong><\/span><\/a><\/span><\/h2>\n\n\n<h4 class=\"wp-block-heading has-text-align-center has-white-color has-text-color has-background\" id=\"cours-enfants\" style=\"background-color:#e25417\">cours ENFANTS de 1 \u00e0 7 ans<\/h4>\n\n\n<h2><span style=\"font-size: 20px;\"><a href=\"https:\/\/musique-equilibre.com\/me\/index.php\/cours-de-musique-3-a-7-ans\/\" target=\"_blank\" rel=\"noopener\"><span style=\"color: #e25417; font-family: coves;\"><strong>Formule Kid&rsquo;Libre &#8211; 33 s\u00e9ances<\/strong><\/span><\/a><span style=\"color: #e25417; font-family: coves; font-size: 15px;\"><em> &#8211; pour 3\/5 ans et les 5\/7 ans<\/em><\/span><br \/><\/span><span style=\"font-size: 20px;\"><a href=\"https:\/\/musique-equilibre.com\/me\/index.php\/cours-de-musique-1-a-5-ans\/\" target=\"_blank\" rel=\"noopener\"><span style=\"color: #e25417; font-family: coves;\"><strong>Formule Kid&rsquo;Cool &#8211; 10 s\u00e9ances<\/strong><\/span><\/a><span style=\"font-size: 15px;\"><em><span style=\"color: #e25417; font-family: coves;\"> &#8211; pour les 1\/3 ans et le 3\/5 ans<\/span><\/em><\/span><\/span><\/h2>\n\n\n<h4 class=\"wp-block-heading has-text-align-center has-white-color has-text-color has-background\" style=\"background-color:#e25417\">cours collectif<\/h4>\n\n\n<h2><span style=\"font-size: 20px;\"><a href=\"https:\/\/musique-equilibre.com\/me\/index.php\/cours-de-musique-collectif\/\" target=\"_blank\" rel=\"noopener\"><span style=\"color: #e25417; font-family: coves;\"><strong>Formule \u00c9quilibre &#8211; 33 s\u00e9ances<\/strong><\/span><\/a><\/span><\/h2>\n\n\n<h4 class=\"wp-block-heading has-text-align-center has-white-color has-text-color has-background\" style=\"background-color:#e25417\">Ateliers<\/h4>\n\n\n<h2><span style=\"font-size: 20px;\"><a href=\"https:\/\/musique-equilibre.com\/me\/index.php\/atelier-de-musique\/\" target=\"_blank\" rel=\"noopener\"><span style=\"color: #e25417; font-family: coves;\"><strong>Ateliers &#8211; 30 s\u00e9ances<\/strong><\/span><\/a><\/span><\/h2>\n\n\n<p class=\"has-white-color has-text-color has-small-font-size\">Tarifs<\/p>\n\n\n\n<p class=\"has-white-color has-text-color has-small-font-size\">tarifs<\/p>\n","protected":false},"excerpt":{"rendered":"<p>Tarifs Cours individuels &#8211; Cours enfants &#8211; Cours collectifs &#8211; Ateliers Moyens de paiement accept\u00e9s :Carte bancaire \/ Ch\u00e8que \/ Virement \/ Esp\u00e8ces \/ Helloasso \/ Ch\u00e8ques Vacances (Classic et Connect) \/ Pass culture Adh\u00e9sion : Elle est obligatoire quelque soit l&rsquo;activit\u00e9 et la dur\u00e9e.L&rsquo;adh\u00e9sion est de 25\u20ac et est valable de septembre \u00e0 juillet.Adh\u00e9sion [&hellip;]<\/p>\n","protected":false},"author":1,"featured_media":0,"parent":0,"menu_order":0,"comment_status":"closed","ping_status":"closed","template":"","meta":{"footnotes":""},"class_list":["post-18672","page","type-page","status-publish","czr-hentry"],"yoast_head":"<!-- This site is optimized with the Yoast SEO plugin v26.8 - https:\/\/yoast.com\/product\/yoast-seo-wordpress\/ -->\n<title>Tarifs 2025 2026 nouvelle page - Musique et Equilibre<\/title>\n<meta name=\"robots\" content=\"index, follow, max-snippet:-1, max-image-preview:large, max-video-preview:-1\" \/>\n<link rel=\"canonical\" href=\"https:\/\/musique-equilibre.com\/me\/index.php\/tarifs-3\/\" \/>\n<meta property=\"og:locale\" content=\"fr_FR\" \/>\n<meta property=\"og:type\" content=\"article\" \/>\n<meta property=\"og:title\" content=\"Tarifs 2025 2026 nouvelle page - Musique et Equilibre\" \/>\n<meta property=\"og:description\" content=\"Tarifs Cours individuels &#8211; Cours enfants &#8211; Cours collectifs &#8211; Ateliers Moyens de paiement accept\u00e9s :Carte bancaire \/ Ch\u00e8que \/ Virement \/ Esp\u00e8ces \/ Helloasso \/ Ch\u00e8ques Vacances (Classic et Connect) \/ Pass culture Adh\u00e9sion : Elle est obligatoire quelque soit l&rsquo;activit\u00e9 et la dur\u00e9e.L&rsquo;adh\u00e9sion est de 25\u20ac et est valable de septembre \u00e0 juillet.Adh\u00e9sion [&hellip;]\" \/>\n<meta property=\"og:url\" content=\"https:\/\/musique-equilibre.com\/me\/index.php\/tarifs-3\/\" \/>\n<meta property=\"og:site_name\" content=\"Musique et Equilibre\" \/>\n<meta property=\"article:publisher\" content=\"https:\/\/www.facebook.com\/MusiqueetEquilibre45\" \/>\n<meta property=\"article:modified_time\" content=\"2026-04-13T12:36:46+00:00\" \/>\n<meta property=\"og:image\" content=\"https:\/\/musique-equilibre.com\/me\/wp-content\/uploads\/2023\/12\/Tarifs-1.jpg\" \/>\n\t<meta property=\"og:image:width\" content=\"1366\" \/>\n\t<meta property=\"og:image:height\" content=\"336\" \/>\n\t<meta property=\"og:image:type\" content=\"image\/jpeg\" \/>\n<meta name=\"twitter:card\" content=\"summary_large_image\" \/>\n<meta name=\"twitter:site\" content=\"@Musiquequilibre\" \/>\n<meta name=\"twitter:label1\" content=\"Dur\u00e9e de lecture estim\u00e9e\" \/>\n\t<meta name=\"twitter:data1\" content=\"1 minute\" \/>\n<script type=\"application\/ld+json\" class=\"yoast-schema-graph\">{\"@context\":\"https:\/\/schema.org\",\"@graph\":[{\"@type\":\"WebPage\",\"@id\":\"https:\/\/musique-equilibre.com\/me\/index.php\/tarifs-3\/\",\"url\":\"https:\/\/musique-equilibre.com\/me\/index.php\/tarifs-3\/\",\"name\":\"Tarifs 2025 2026 nouvelle page - Musique et Equilibre\",\"isPartOf\":{\"@id\":\"https:\/\/musique-equilibre.com\/me\/#website\"},\"primaryImageOfPage\":{\"@id\":\"https:\/\/musique-equilibre.com\/me\/index.php\/tarifs-3\/#primaryimage\"},\"image\":{\"@id\":\"https:\/\/musique-equilibre.com\/me\/index.php\/tarifs-3\/#primaryimage\"},\"thumbnailUrl\":\"https:\/\/musique-equilibre.com\/me\/wp-content\/uploads\/2023\/12\/Tarifs-1-1024x252.jpg\",\"datePublished\":\"2026-04-13T09:53:54+00:00\",\"dateModified\":\"2026-04-13T12:36:46+00:00\",\"breadcrumb\":{\"@id\":\"https:\/\/musique-equilibre.com\/me\/index.php\/tarifs-3\/#breadcrumb\"},\"inLanguage\":\"fr-FR\",\"potentialAction\":[{\"@type\":\"ReadAction\",\"target\":[\"https:\/\/musique-equilibre.com\/me\/index.php\/tarifs-3\/\"]}]},{\"@type\":\"ImageObject\",\"inLanguage\":\"fr-FR\",\"@id\":\"https:\/\/musique-equilibre.com\/me\/index.php\/tarifs-3\/#primaryimage\",\"url\":\"https:\/\/musique-equilibre.com\/me\/wp-content\/uploads\/2023\/12\/Tarifs-1.jpg\",\"contentUrl\":\"https:\/\/musique-equilibre.com\/me\/wp-content\/uploads\/2023\/12\/Tarifs-1.jpg\",\"width\":1366,\"height\":336},{\"@type\":\"BreadcrumbList\",\"@id\":\"https:\/\/musique-equilibre.com\/me\/index.php\/tarifs-3\/#breadcrumb\",\"itemListElement\":[{\"@type\":\"ListItem\",\"position\":1,\"name\":\"Accueil\",\"item\":\"https:\/\/musique-equilibre.com\/me\/\"},{\"@type\":\"ListItem\",\"position\":2,\"name\":\"Tarifs 2025 2026 nouvelle page\"}]},{\"@type\":\"WebSite\",\"@id\":\"https:\/\/musique-equilibre.com\/me\/#website\",\"url\":\"https:\/\/musique-equilibre.com\/me\/\",\"name\":\"Musique et Equilibre\",\"description\":\"\",\"publisher\":{\"@id\":\"https:\/\/musique-equilibre.com\/me\/#organization\"},\"potentialAction\":[{\"@type\":\"SearchAction\",\"target\":{\"@type\":\"EntryPoint\",\"urlTemplate\":\"https:\/\/musique-equilibre.com\/me\/?s={search_term_string}\"},\"query-input\":{\"@type\":\"PropertyValueSpecification\",\"valueRequired\":true,\"valueName\":\"search_term_string\"}}],\"inLanguage\":\"fr-FR\"},{\"@type\":\"Organization\",\"@id\":\"https:\/\/musique-equilibre.com\/me\/#organization\",\"name\":\"Musique et Equilibre\",\"alternateName\":\"\u00c9cole de musique et salle de concert \u00e0 Orl\u00e9ans\",\"url\":\"https:\/\/musique-equilibre.com\/me\/\",\"logo\":{\"@type\":\"ImageObject\",\"inLanguage\":\"fr-FR\",\"@id\":\"https:\/\/musique-equilibre.com\/me\/#\/schema\/logo\/image\/\",\"url\":\"https:\/\/musique-equilibre.com\/me\/wp-content\/uploads\/2022\/11\/cropped-Logo_orange_texture-1.png\",\"contentUrl\":\"https:\/\/musique-equilibre.com\/me\/wp-content\/uploads\/2022\/11\/cropped-Logo_orange_texture-1.png\",\"width\":512,\"height\":512,\"caption\":\"Musique et Equilibre\"},\"image\":{\"@id\":\"https:\/\/musique-equilibre.com\/me\/#\/schema\/logo\/image\/\"},\"sameAs\":[\"https:\/\/www.facebook.com\/MusiqueetEquilibre45\",\"https:\/\/x.com\/Musiquequilibre\",\"https:\/\/www.instagram.com\/musique_et_equilibre_\/\",\"https:\/\/www.linkedin.com\/company\/musique-&amp;-equilibre\/\",\"https:\/\/www.youtube.com\/c\/MusiqueEquilibreOrleans\/\"]}]}<\/script>\n<!-- \/ Yoast SEO plugin. -->","yoast_head_json":{"title":"Tarifs 2025 2026 nouvelle page - Musique et Equilibre","robots":{"index":"index","follow":"follow","max-snippet":"max-snippet:-1","max-image-preview":"max-image-preview:large","max-video-preview":"max-video-preview:-1"},"canonical":"https:\/\/musique-equilibre.com\/me\/index.php\/tarifs-3\/","og_locale":"fr_FR","og_type":"article","og_title":"Tarifs 2025 2026 nouvelle page - Musique et Equilibre","og_description":"Tarifs Cours individuels &#8211; Cours enfants &#8211; Cours collectifs &#8211; Ateliers Moyens de paiement accept\u00e9s :Carte bancaire \/ Ch\u00e8que \/ Virement \/ Esp\u00e8ces \/ Helloasso \/ Ch\u00e8ques Vacances (Classic et Connect) \/ Pass culture Adh\u00e9sion : Elle est obligatoire quelque soit l&rsquo;activit\u00e9 et la dur\u00e9e.L&rsquo;adh\u00e9sion est de 25\u20ac et est valable de septembre \u00e0 juillet.Adh\u00e9sion [&hellip;]","og_url":"https:\/\/musique-equilibre.com\/me\/index.php\/tarifs-3\/","og_site_name":"Musique et Equilibre","article_publisher":"https:\/\/www.facebook.com\/MusiqueetEquilibre45","article_modified_time":"2026-04-13T12:36:46+00:00","og_image":[{"width":1366,"height":336,"url":"https:\/\/musique-equilibre.com\/me\/wp-content\/uploads\/2023\/12\/Tarifs-1.jpg","type":"image\/jpeg"}],"twitter_card":"summary_large_image","twitter_site":"@Musiquequilibre","twitter_misc":{"Dur\u00e9e de lecture estim\u00e9e":"1 minute"},"schema":{"@context":"https:\/\/schema.org","@graph":[{"@type":"WebPage","@id":"https:\/\/musique-equilibre.com\/me\/index.php\/tarifs-3\/","url":"https:\/\/musique-equilibre.com\/me\/index.php\/tarifs-3\/","name":"Tarifs 2025 2026 nouvelle page - Musique et Equilibre","isPartOf":{"@id":"https:\/\/musique-equilibre.com\/me\/#website"},"primaryImageOfPage":{"@id":"https:\/\/musique-equilibre.com\/me\/index.php\/tarifs-3\/#primaryimage"},"image":{"@id":"https:\/\/musique-equilibre.com\/me\/index.php\/tarifs-3\/#primaryimage"},"thumbnailUrl":"https:\/\/musique-equilibre.com\/me\/wp-content\/uploads\/2023\/12\/Tarifs-1-1024x252.jpg","datePublished":"2026-04-13T09:53:54+00:00","dateModified":"2026-04-13T12:36:46+00:00","breadcrumb":{"@id":"https:\/\/musique-equilibre.com\/me\/index.php\/tarifs-3\/#breadcrumb"},"inLanguage":"fr-FR","potentialAction":[{"@type":"ReadAction","target":["https:\/\/musique-equilibre.com\/me\/index.php\/tarifs-3\/"]}]},{"@type":"ImageObject","inLanguage":"fr-FR","@id":"https:\/\/musique-equilibre.com\/me\/index.php\/tarifs-3\/#primaryimage","url":"https:\/\/musique-equilibre.com\/me\/wp-content\/uploads\/2023\/12\/Tarifs-1.jpg","contentUrl":"https:\/\/musique-equilibre.com\/me\/wp-content\/uploads\/2023\/12\/Tarifs-1.jpg","width":1366,"height":336},{"@type":"BreadcrumbList","@id":"https:\/\/musique-equilibre.com\/me\/index.php\/tarifs-3\/#breadcrumb","itemListElement":[{"@type":"ListItem","position":1,"name":"Accueil","item":"https:\/\/musique-equilibre.com\/me\/"},{"@type":"ListItem","position":2,"name":"Tarifs 2025 2026 nouvelle page"}]},{"@type":"WebSite","@id":"https:\/\/musique-equilibre.com\/me\/#website","url":"https:\/\/musique-equilibre.com\/me\/","name":"Musique et Equilibre","description":"","publisher":{"@id":"https:\/\/musique-equilibre.com\/me\/#organization"},"potentialAction":[{"@type":"SearchAction","target":{"@type":"EntryPoint","urlTemplate":"https:\/\/musique-equilibre.com\/me\/?s={search_term_string}"},"query-input":{"@type":"PropertyValueSpecification","valueRequired":true,"valueName":"search_term_string"}}],"inLanguage":"fr-FR"},{"@type":"Organization","@id":"https:\/\/musique-equilibre.com\/me\/#organization","name":"Musique et Equilibre","alternateName":"\u00c9cole de musique et salle de concert \u00e0 Orl\u00e9ans","url":"https:\/\/musique-equilibre.com\/me\/","logo":{"@type":"ImageObject","inLanguage":"fr-FR","@id":"https:\/\/musique-equilibre.com\/me\/#\/schema\/logo\/image\/","url":"https:\/\/musique-equilibre.com\/me\/wp-content\/uploads\/2022\/11\/cropped-Logo_orange_texture-1.png","contentUrl":"https:\/\/musique-equilibre.com\/me\/wp-content\/uploads\/2022\/11\/cropped-Logo_orange_texture-1.png","width":512,"height":512,"caption":"Musique et Equilibre"},"image":{"@id":"https:\/\/musique-equilibre.com\/me\/#\/schema\/logo\/image\/"},"sameAs":["https:\/\/www.facebook.com\/MusiqueetEquilibre45","https:\/\/x.com\/Musiquequilibre","https:\/\/www.instagram.com\/musique_et_equilibre_\/","https:\/\/www.linkedin.com\/company\/musique-&amp;-equilibre\/","https:\/\/www.youtube.com\/c\/MusiqueEquilibreOrleans\/"]}]}},"_links":{"self":[{"href":"https:\/\/musique-equilibre.com\/me\/index.php\/wp-json\/wp\/v2\/pages\/18672","targetHints":{"allow":["GET"]}}],"collection":[{"href":"https:\/\/musique-equilibre.com\/me\/index.php\/wp-json\/wp\/v2\/pages"}],"about":[{"href":"https:\/\/musique-equilibre.com\/me\/index.php\/wp-json\/wp\/v2\/types\/page"}],"author":[{"embeddable":true,"href":"https:\/\/musique-equilibre.com\/me\/index.php\/wp-json\/wp\/v2\/users\/1"}],"replies":[{"embeddable":true,"href":"https:\/\/musique-equilibre.com\/me\/index.php\/wp-json\/wp\/v2\/comments?post=18672"}],"version-history":[{"count":17,"href":"https:\/\/musique-equilibre.com\/me\/index.php\/wp-json\/wp\/v2\/pages\/18672\/revisions"}],"predecessor-version":[{"id":18763,"href":"https:\/\/musique-equilibre.com\/me\/index.php\/wp-json\/wp\/v2\/pages\/18672\/revisions\/18763"}],"wp:attachment":[{"href":"https:\/\/musique-equilibre.com\/me\/index.php\/wp-json\/wp\/v2\/media?parent=18672"}],"curies":[{"name":"wp","href":"https:\/\/api.w.org\/{rel}","templated":true}]}}