{"id":1863,"date":"2018-10-17T17:11:55","date_gmt":"2018-10-17T15:11:55","guid":{"rendered":"http:\/\/musique-equilibre.com\/me\/?page_id=1863"},"modified":"2025-10-03T12:47:16","modified_gmt":"2025-10-03T10:47:16","slug":"cours-de-basse-contrebasse-musique-et-equilibre","status":"publish","type":"page","link":"https:\/\/musique-equilibre.com\/me\/index.php\/cours-de-basse-contrebasse-musique-et-equilibre\/","title":{"rendered":"<span style=\"font-family: coves;\">Cours de basse\/contrebasse"},"content":{"rendered":"\n<p class=\"has-white-color has-text-color\">Cours de basse \/ contrebasse<\/p>\n\n\n<h5 style=\"text-align: center;\"><span style=\"font-family: coves;\"><strong><span style=\"background: #f15d20;\"><span style=\"color: #ffffff;\">Cours de basse \/ contrebasse avec William Palis<\/span><\/span><\/strong><\/span><\/h5>\n<p><span style=\"font-family: coves;\"><img decoding=\"async\" class=\"aligncenter wp-image-17867 size-thumbnail\" src=\"https:\/\/musique-equilibre.com\/me\/wp-content\/uploads\/2025\/10\/William-site-150x150.png\" alt=\"WILLIAM PALIS basse guitare \u00e9cole de musique cours d'instrument cours de musique cours de basse orl\u00e9ans loiret musique et \u00e9quilibre 108 argonaute\" width=\"150\" height=\"150\" srcset=\"https:\/\/musique-equilibre.com\/me\/wp-content\/uploads\/2025\/10\/William-site-150x150.png 150w, https:\/\/musique-equilibre.com\/me\/wp-content\/uploads\/2025\/10\/William-site-300x300.png 300w, https:\/\/musique-equilibre.com\/me\/wp-content\/uploads\/2025\/10\/William-site-510x510.png 510w, https:\/\/musique-equilibre.com\/me\/wp-content\/uploads\/2025\/10\/William-site.png 600w\" sizes=\"(max-width: 150px) 100vw, 150px\" \/><\/span><\/p>\n<p><span style=\"font-family: coves;\"><img decoding=\"async\" class=\"wp-image-10597  aligncenter\" src=\"https:\/\/musique-equilibre.com\/me\/wp-content\/uploads\/2022\/11\/172566_down_arrow_icon-150x150.png\" alt=\"cours de musique \u00e9cole de musique orl\u00e9ans loiret\" width=\"58\" height=\"58\" srcset=\"https:\/\/musique-equilibre.com\/me\/wp-content\/uploads\/2022\/11\/172566_down_arrow_icon-150x150.png 150w, https:\/\/musique-equilibre.com\/me\/wp-content\/uploads\/2022\/11\/172566_down_arrow_icon-300x300.png 300w, https:\/\/musique-equilibre.com\/me\/wp-content\/uploads\/2022\/11\/172566_down_arrow_icon-510x510.png 510w, https:\/\/musique-equilibre.com\/me\/wp-content\/uploads\/2022\/11\/172566_down_arrow_icon.png 512w\" sizes=\"(max-width: 58px) 100vw, 58px\" \/><\/span><\/p>\n<p style=\"text-align: center;\"><span style=\"font-family: coves;\"><strong>30 min \/ 45 min<br \/><\/strong>MARDI<br \/><a href=\"https:\/\/le108.org\/\" target=\"_blank\" rel=\"noopener\"><span style=\"color: #f15d20;\">108<br \/><\/span><\/a>\u00a0<a href=\"https:\/\/musique-equilibre.com\/me\/index.php\/2025\/10\/03\/william-palis-coursmusiqueorleans\/\" target=\"_blank\" rel=\"noopener\">en savoir plus sur William Palis<\/a><\/span><\/p>\n<h5 style=\"text-align: center;\"><span style=\"font-family: coves;\"><strong><span style=\"background: #f15d20;\"><span style=\"color: #ffffff;\">Cours de basse \/ contrebasse avec Thierry Leu<\/span><\/span><\/strong><\/span><\/h5>\n<p><span style=\"font-family: coves;\"><img decoding=\"async\" class=\"aligncenter wp-image-10472 size-thumbnail\" src=\"https:\/\/musique-equilibre.com\/me\/wp-content\/uploads\/2019\/09\/Thierry-Leu_Basse-contrebasse-150x150.png\" alt=\"Thierry Leu basse contrebasse cours professeur musique et \u00e9quilibre orl\u00e9ans loiret\" width=\"150\" height=\"150\" srcset=\"https:\/\/musique-equilibre.com\/me\/wp-content\/uploads\/2019\/09\/Thierry-Leu_Basse-contrebasse-150x150.png 150w, https:\/\/musique-equilibre.com\/me\/wp-content\/uploads\/2019\/09\/Thierry-Leu_Basse-contrebasse-300x300.png 300w, https:\/\/musique-equilibre.com\/me\/wp-content\/uploads\/2019\/09\/Thierry-Leu_Basse-contrebasse-1024x1024.png 1024w, https:\/\/musique-equilibre.com\/me\/wp-content\/uploads\/2019\/09\/Thierry-Leu_Basse-contrebasse-768x768.png 768w, https:\/\/musique-equilibre.com\/me\/wp-content\/uploads\/2019\/09\/Thierry-Leu_Basse-contrebasse-510x510.png 510w, https:\/\/musique-equilibre.com\/me\/wp-content\/uploads\/2019\/09\/Thierry-Leu_Basse-contrebasse.png 1080w\" sizes=\"(max-width: 150px) 100vw, 150px\" \/><\/span><\/p>\n<p><span style=\"font-family: coves;\"><img decoding=\"async\" class=\"wp-image-10597  aligncenter\" src=\"https:\/\/musique-equilibre.com\/me\/wp-content\/uploads\/2022\/11\/172566_down_arrow_icon-150x150.png\" alt=\"cours de musique \u00e9cole de musique orl\u00e9ans loiret\" width=\"58\" height=\"58\" srcset=\"https:\/\/musique-equilibre.com\/me\/wp-content\/uploads\/2022\/11\/172566_down_arrow_icon-150x150.png 150w, https:\/\/musique-equilibre.com\/me\/wp-content\/uploads\/2022\/11\/172566_down_arrow_icon-300x300.png 300w, https:\/\/musique-equilibre.com\/me\/wp-content\/uploads\/2022\/11\/172566_down_arrow_icon-510x510.png 510w, https:\/\/musique-equilibre.com\/me\/wp-content\/uploads\/2022\/11\/172566_down_arrow_icon.png 512w\" sizes=\"(max-width: 58px) 100vw, 58px\" \/><\/span><\/p>\n<p style=\"text-align: center;\"><span style=\"font-family: coves;\"><strong>30 min \/ 45 min<br \/><\/strong>LUNDI<br \/><a href=\"https:\/\/le108.org\/\" target=\"_blank\" rel=\"noopener\"><span style=\"color: #f15d20;\">108<br \/><\/span><\/a>\u00a0<a href=\"https:\/\/musique-equilibre.com\/me\/index.php\/2019\/09\/03\/bio-thierry-leu\/\">en savoir plus sur Thierry Leu<\/a><\/span><\/p>\n<h5 style=\"text-align: center;\"><span style=\"background: #f15d20; font-family: coves;\"><span style=\"color: #ffffff;\"><strong>Cours de basse avec St\u00e9phane Decolly<\/strong><br \/><\/span><\/span><\/h5>\n<p><span style=\"font-family: coves;\"><img loading=\"lazy\" decoding=\"async\" class=\"aligncenter wp-image-10438 size-thumbnail\" src=\"https:\/\/musique-equilibre.com\/me\/wp-content\/uploads\/2019\/09\/Stephane-Decolly_basse-150x150.png\" alt=\"st\u00e9phane decolly cours de basse professeurs cours de musique musique et \u00e9quilibre musiques actuelles orl\u00e9ans loiret  Cours de basse \/ contrebasse\" width=\"150\" height=\"150\" srcset=\"https:\/\/musique-equilibre.com\/me\/wp-content\/uploads\/2019\/09\/Stephane-Decolly_basse-150x150.png 150w, https:\/\/musique-equilibre.com\/me\/wp-content\/uploads\/2019\/09\/Stephane-Decolly_basse-300x300.png 300w, https:\/\/musique-equilibre.com\/me\/wp-content\/uploads\/2019\/09\/Stephane-Decolly_basse-1024x1024.png 1024w, https:\/\/musique-equilibre.com\/me\/wp-content\/uploads\/2019\/09\/Stephane-Decolly_basse-768x768.png 768w, https:\/\/musique-equilibre.com\/me\/wp-content\/uploads\/2019\/09\/Stephane-Decolly_basse-510x510.png 510w, https:\/\/musique-equilibre.com\/me\/wp-content\/uploads\/2019\/09\/Stephane-Decolly_basse.png 1080w\" sizes=\"(max-width: 150px) 100vw, 150px\" \/><\/span><\/p>\n<p><span style=\"font-family: coves;\"><img loading=\"lazy\" decoding=\"async\" class=\"aligncenter wp-image-10597\" src=\"https:\/\/musique-equilibre.com\/me\/wp-content\/uploads\/2022\/11\/172566_down_arrow_icon-300x300.png\" alt=\"cours de musique \u00e9cole de musique orl\u00e9ans loiret\" width=\"58\" height=\"58\" srcset=\"https:\/\/musique-equilibre.com\/me\/wp-content\/uploads\/2022\/11\/172566_down_arrow_icon-300x300.png 300w, https:\/\/musique-equilibre.com\/me\/wp-content\/uploads\/2022\/11\/172566_down_arrow_icon-150x150.png 150w, https:\/\/musique-equilibre.com\/me\/wp-content\/uploads\/2022\/11\/172566_down_arrow_icon-510x510.png 510w, https:\/\/musique-equilibre.com\/me\/wp-content\/uploads\/2022\/11\/172566_down_arrow_icon.png 512w\" sizes=\"(max-width: 58px) 100vw, 58px\" \/><\/span><\/p>\n<p style=\"text-align: center;\"><span style=\"font-family: coves;\"><strong>30 min \/ 45 min<br \/><\/strong>MARDI<br \/><span style=\"color: #f15d20;\"><a href=\"https:\/\/le108.org\/\" target=\"_blank\" rel=\"noopener\">108<\/a><br \/><\/span><a href=\"https:\/\/musique-equilibre.com\/me\/index.php\/2019\/09\/10\/bio-stephane-decolly\/\">en savoir plus sur St\u00e9phane Decolly<\/a><\/span><\/p>","protected":false},"excerpt":{"rendered":"<p>Cours de basse \/ contrebasse Cours de basse \/ contrebasse avec William Palis 30 min \/ 45 minMARDI108\u00a0en savoir plus sur William Palis Cours de basse \/ contrebasse avec Thierry Leu 30 min \/ 45 minLUNDI108\u00a0en savoir plus sur Thierry Leu Cours de basse avec St\u00e9phane Decolly 30 min \/ 45 minMARDI108en savoir plus sur [&hellip;]<\/p>\n","protected":false},"author":1,"featured_media":0,"parent":0,"menu_order":0,"comment_status":"closed","ping_status":"closed","template":"","meta":{"footnotes":""},"class_list":["post-1863","page","type-page","status-publish","czr-hentry"],"yoast_head":"<!-- This site is optimized with the Yoast SEO plugin v26.8 - https:\/\/yoast.com\/product\/yoast-seo-wordpress\/ -->\n<title>Cours de basse \/ contrebasse - Musique et \u00c9quilibre<\/title>\n<meta name=\"description\" content=\"Cours de basse \/ contrebasse au sein de Musique et \u00c9quilibre \u00e0 Orl\u00e9ans. Nous avons plusieurs professeurs disponibles.\" \/>\n<meta name=\"robots\" content=\"index, follow, max-snippet:-1, max-image-preview:large, max-video-preview:-1\" \/>\n<link rel=\"canonical\" href=\"https:\/\/musique-equilibre.com\/me\/index.php\/cours-de-basse-contrebasse-musique-et-equilibre\/\" \/>\n<meta property=\"og:locale\" content=\"fr_FR\" \/>\n<meta property=\"og:type\" content=\"article\" \/>\n<meta property=\"og:title\" content=\"Cours de basse \/ contrebasse - Musique et \u00c9quilibre\" \/>\n<meta property=\"og:description\" content=\"Cours de basse \/ contrebasse au sein de Musique et \u00c9quilibre \u00e0 Orl\u00e9ans. Nous avons plusieurs professeurs disponibles.\" \/>\n<meta property=\"og:url\" content=\"https:\/\/musique-equilibre.com\/me\/index.php\/cours-de-basse-contrebasse-musique-et-equilibre\/\" \/>\n<meta property=\"og:site_name\" content=\"Musique et Equilibre\" \/>\n<meta property=\"article:publisher\" content=\"https:\/\/www.facebook.com\/MusiqueetEquilibre45\" \/>\n<meta property=\"article:modified_time\" content=\"2025-10-03T10:47:16+00:00\" \/>\n<meta property=\"og:image\" content=\"https:\/\/musique-equilibre.com\/me\/wp-content\/uploads\/2025\/10\/William-site.png\" \/>\n\t<meta property=\"og:image:width\" content=\"600\" \/>\n\t<meta property=\"og:image:height\" content=\"600\" \/>\n\t<meta property=\"og:image:type\" content=\"image\/png\" \/>\n<meta name=\"twitter:card\" content=\"summary_large_image\" \/>\n<meta name=\"twitter:site\" content=\"@Musiquequilibre\" \/>\n<meta name=\"twitter:label1\" content=\"Dur\u00e9e de lecture estim\u00e9e\" \/>\n\t<meta name=\"twitter:data1\" content=\"2 minutes\" \/>\n<script type=\"application\/ld+json\" class=\"yoast-schema-graph\">{\"@context\":\"https:\/\/schema.org\",\"@graph\":[{\"@type\":\"WebPage\",\"@id\":\"https:\/\/musique-equilibre.com\/me\/index.php\/cours-de-basse-contrebasse-musique-et-equilibre\/\",\"url\":\"https:\/\/musique-equilibre.com\/me\/index.php\/cours-de-basse-contrebasse-musique-et-equilibre\/\",\"name\":\"Cours de basse \/ contrebasse - Musique et \u00c9quilibre\",\"isPartOf\":{\"@id\":\"https:\/\/musique-equilibre.com\/me\/#website\"},\"primaryImageOfPage\":{\"@id\":\"https:\/\/musique-equilibre.com\/me\/index.php\/cours-de-basse-contrebasse-musique-et-equilibre\/#primaryimage\"},\"image\":{\"@id\":\"https:\/\/musique-equilibre.com\/me\/index.php\/cours-de-basse-contrebasse-musique-et-equilibre\/#primaryimage\"},\"thumbnailUrl\":\"https:\/\/musique-equilibre.com\/me\/wp-content\/uploads\/2025\/10\/William-site-150x150.png\",\"datePublished\":\"2018-10-17T15:11:55+00:00\",\"dateModified\":\"2025-10-03T10:47:16+00:00\",\"description\":\"Cours de basse \/ contrebasse au sein de Musique et \u00c9quilibre \u00e0 Orl\u00e9ans. Nous avons plusieurs professeurs disponibles.\",\"breadcrumb\":{\"@id\":\"https:\/\/musique-equilibre.com\/me\/index.php\/cours-de-basse-contrebasse-musique-et-equilibre\/#breadcrumb\"},\"inLanguage\":\"fr-FR\",\"potentialAction\":[{\"@type\":\"ReadAction\",\"target\":[\"https:\/\/musique-equilibre.com\/me\/index.php\/cours-de-basse-contrebasse-musique-et-equilibre\/\"]}]},{\"@type\":\"ImageObject\",\"inLanguage\":\"fr-FR\",\"@id\":\"https:\/\/musique-equilibre.com\/me\/index.php\/cours-de-basse-contrebasse-musique-et-equilibre\/#primaryimage\",\"url\":\"https:\/\/musique-equilibre.com\/me\/wp-content\/uploads\/2025\/10\/William-site.png\",\"contentUrl\":\"https:\/\/musique-equilibre.com\/me\/wp-content\/uploads\/2025\/10\/William-site.png\",\"width\":600,\"height\":600,\"caption\":\"WILLIAM PALIS basse guitare \u00e9cole de musique cours d'instrument cours de musique cours de basse orl\u00e9ans loiret musique et \u00e9quilibre 108 argonaute\"},{\"@type\":\"BreadcrumbList\",\"@id\":\"https:\/\/musique-equilibre.com\/me\/index.php\/cours-de-basse-contrebasse-musique-et-equilibre\/#breadcrumb\",\"itemListElement\":[{\"@type\":\"ListItem\",\"position\":1,\"name\":\"Accueil\",\"item\":\"https:\/\/musique-equilibre.com\/me\/\"},{\"@type\":\"ListItem\",\"position\":2,\"name\":\"Cours de basse\/contrebasse\"}]},{\"@type\":\"WebSite\",\"@id\":\"https:\/\/musique-equilibre.com\/me\/#website\",\"url\":\"https:\/\/musique-equilibre.com\/me\/\",\"name\":\"Musique et Equilibre\",\"description\":\"\",\"publisher\":{\"@id\":\"https:\/\/musique-equilibre.com\/me\/#organization\"},\"potentialAction\":[{\"@type\":\"SearchAction\",\"target\":{\"@type\":\"EntryPoint\",\"urlTemplate\":\"https:\/\/musique-equilibre.com\/me\/?s={search_term_string}\"},\"query-input\":{\"@type\":\"PropertyValueSpecification\",\"valueRequired\":true,\"valueName\":\"search_term_string\"}}],\"inLanguage\":\"fr-FR\"},{\"@type\":\"Organization\",\"@id\":\"https:\/\/musique-equilibre.com\/me\/#organization\",\"name\":\"Musique et Equilibre\",\"alternateName\":\"\u00c9cole de musique et salle de concert \u00e0 Orl\u00e9ans\",\"url\":\"https:\/\/musique-equilibre.com\/me\/\",\"logo\":{\"@type\":\"ImageObject\",\"inLanguage\":\"fr-FR\",\"@id\":\"https:\/\/musique-equilibre.com\/me\/#\/schema\/logo\/image\/\",\"url\":\"https:\/\/musique-equilibre.com\/me\/wp-content\/uploads\/2022\/11\/cropped-Logo_orange_texture-1.png\",\"contentUrl\":\"https:\/\/musique-equilibre.com\/me\/wp-content\/uploads\/2022\/11\/cropped-Logo_orange_texture-1.png\",\"width\":512,\"height\":512,\"caption\":\"Musique et Equilibre\"},\"image\":{\"@id\":\"https:\/\/musique-equilibre.com\/me\/#\/schema\/logo\/image\/\"},\"sameAs\":[\"https:\/\/www.facebook.com\/MusiqueetEquilibre45\",\"https:\/\/x.com\/Musiquequilibre\",\"https:\/\/www.instagram.com\/musique_et_equilibre_\/\",\"https:\/\/www.linkedin.com\/company\/musique-&amp;-equilibre\/\",\"https:\/\/www.youtube.com\/c\/MusiqueEquilibreOrleans\/\"]}]}<\/script>\n<!-- \/ Yoast SEO plugin. -->","yoast_head_json":{"title":"Cours de basse \/ contrebasse - Musique et \u00c9quilibre","description":"Cours de basse \/ contrebasse au sein de Musique et \u00c9quilibre \u00e0 Orl\u00e9ans. Nous avons plusieurs professeurs disponibles.","robots":{"index":"index","follow":"follow","max-snippet":"max-snippet:-1","max-image-preview":"max-image-preview:large","max-video-preview":"max-video-preview:-1"},"canonical":"https:\/\/musique-equilibre.com\/me\/index.php\/cours-de-basse-contrebasse-musique-et-equilibre\/","og_locale":"fr_FR","og_type":"article","og_title":"Cours de basse \/ contrebasse - Musique et \u00c9quilibre","og_description":"Cours de basse \/ contrebasse au sein de Musique et \u00c9quilibre \u00e0 Orl\u00e9ans. Nous avons plusieurs professeurs disponibles.","og_url":"https:\/\/musique-equilibre.com\/me\/index.php\/cours-de-basse-contrebasse-musique-et-equilibre\/","og_site_name":"Musique et Equilibre","article_publisher":"https:\/\/www.facebook.com\/MusiqueetEquilibre45","article_modified_time":"2025-10-03T10:47:16+00:00","og_image":[{"width":600,"height":600,"url":"https:\/\/musique-equilibre.com\/me\/wp-content\/uploads\/2025\/10\/William-site.png","type":"image\/png"}],"twitter_card":"summary_large_image","twitter_site":"@Musiquequilibre","twitter_misc":{"Dur\u00e9e de lecture estim\u00e9e":"2 minutes"},"schema":{"@context":"https:\/\/schema.org","@graph":[{"@type":"WebPage","@id":"https:\/\/musique-equilibre.com\/me\/index.php\/cours-de-basse-contrebasse-musique-et-equilibre\/","url":"https:\/\/musique-equilibre.com\/me\/index.php\/cours-de-basse-contrebasse-musique-et-equilibre\/","name":"Cours de basse \/ contrebasse - Musique et \u00c9quilibre","isPartOf":{"@id":"https:\/\/musique-equilibre.com\/me\/#website"},"primaryImageOfPage":{"@id":"https:\/\/musique-equilibre.com\/me\/index.php\/cours-de-basse-contrebasse-musique-et-equilibre\/#primaryimage"},"image":{"@id":"https:\/\/musique-equilibre.com\/me\/index.php\/cours-de-basse-contrebasse-musique-et-equilibre\/#primaryimage"},"thumbnailUrl":"https:\/\/musique-equilibre.com\/me\/wp-content\/uploads\/2025\/10\/William-site-150x150.png","datePublished":"2018-10-17T15:11:55+00:00","dateModified":"2025-10-03T10:47:16+00:00","description":"Cours de basse \/ contrebasse au sein de Musique et \u00c9quilibre \u00e0 Orl\u00e9ans. Nous avons plusieurs professeurs disponibles.","breadcrumb":{"@id":"https:\/\/musique-equilibre.com\/me\/index.php\/cours-de-basse-contrebasse-musique-et-equilibre\/#breadcrumb"},"inLanguage":"fr-FR","potentialAction":[{"@type":"ReadAction","target":["https:\/\/musique-equilibre.com\/me\/index.php\/cours-de-basse-contrebasse-musique-et-equilibre\/"]}]},{"@type":"ImageObject","inLanguage":"fr-FR","@id":"https:\/\/musique-equilibre.com\/me\/index.php\/cours-de-basse-contrebasse-musique-et-equilibre\/#primaryimage","url":"https:\/\/musique-equilibre.com\/me\/wp-content\/uploads\/2025\/10\/William-site.png","contentUrl":"https:\/\/musique-equilibre.com\/me\/wp-content\/uploads\/2025\/10\/William-site.png","width":600,"height":600,"caption":"WILLIAM PALIS basse guitare \u00e9cole de musique cours d'instrument cours de musique cours de basse orl\u00e9ans loiret musique et \u00e9quilibre 108 argonaute"},{"@type":"BreadcrumbList","@id":"https:\/\/musique-equilibre.com\/me\/index.php\/cours-de-basse-contrebasse-musique-et-equilibre\/#breadcrumb","itemListElement":[{"@type":"ListItem","position":1,"name":"Accueil","item":"https:\/\/musique-equilibre.com\/me\/"},{"@type":"ListItem","position":2,"name":"Cours de basse\/contrebasse"}]},{"@type":"WebSite","@id":"https:\/\/musique-equilibre.com\/me\/#website","url":"https:\/\/musique-equilibre.com\/me\/","name":"Musique et Equilibre","description":"","publisher":{"@id":"https:\/\/musique-equilibre.com\/me\/#organization"},"potentialAction":[{"@type":"SearchAction","target":{"@type":"EntryPoint","urlTemplate":"https:\/\/musique-equilibre.com\/me\/?s={search_term_string}"},"query-input":{"@type":"PropertyValueSpecification","valueRequired":true,"valueName":"search_term_string"}}],"inLanguage":"fr-FR"},{"@type":"Organization","@id":"https:\/\/musique-equilibre.com\/me\/#organization","name":"Musique et Equilibre","alternateName":"\u00c9cole de musique et salle de concert \u00e0 Orl\u00e9ans","url":"https:\/\/musique-equilibre.com\/me\/","logo":{"@type":"ImageObject","inLanguage":"fr-FR","@id":"https:\/\/musique-equilibre.com\/me\/#\/schema\/logo\/image\/","url":"https:\/\/musique-equilibre.com\/me\/wp-content\/uploads\/2022\/11\/cropped-Logo_orange_texture-1.png","contentUrl":"https:\/\/musique-equilibre.com\/me\/wp-content\/uploads\/2022\/11\/cropped-Logo_orange_texture-1.png","width":512,"height":512,"caption":"Musique et Equilibre"},"image":{"@id":"https:\/\/musique-equilibre.com\/me\/#\/schema\/logo\/image\/"},"sameAs":["https:\/\/www.facebook.com\/MusiqueetEquilibre45","https:\/\/x.com\/Musiquequilibre","https:\/\/www.instagram.com\/musique_et_equilibre_\/","https:\/\/www.linkedin.com\/company\/musique-&amp;-equilibre\/","https:\/\/www.youtube.com\/c\/MusiqueEquilibreOrleans\/"]}]}},"_links":{"self":[{"href":"https:\/\/musique-equilibre.com\/me\/index.php\/wp-json\/wp\/v2\/pages\/1863","targetHints":{"allow":["GET"]}}],"collection":[{"href":"https:\/\/musique-equilibre.com\/me\/index.php\/wp-json\/wp\/v2\/pages"}],"about":[{"href":"https:\/\/musique-equilibre.com\/me\/index.php\/wp-json\/wp\/v2\/types\/page"}],"author":[{"embeddable":true,"href":"https:\/\/musique-equilibre.com\/me\/index.php\/wp-json\/wp\/v2\/users\/1"}],"replies":[{"embeddable":true,"href":"https:\/\/musique-equilibre.com\/me\/index.php\/wp-json\/wp\/v2\/comments?post=1863"}],"version-history":[{"count":64,"href":"https:\/\/musique-equilibre.com\/me\/index.php\/wp-json\/wp\/v2\/pages\/1863\/revisions"}],"predecessor-version":[{"id":17872,"href":"https:\/\/musique-equilibre.com\/me\/index.php\/wp-json\/wp\/v2\/pages\/1863\/revisions\/17872"}],"wp:attachment":[{"href":"https:\/\/musique-equilibre.com\/me\/index.php\/wp-json\/wp\/v2\/media?parent=1863"}],"curies":[{"name":"wp","href":"https:\/\/api.w.org\/{rel}","templated":true}]}}