{"id":1837,"date":"2018-10-17T15:42:59","date_gmt":"2018-10-17T13:42:59","guid":{"rendered":"http:\/\/musique-equilibre.com\/me\/?page_id=1837"},"modified":"2025-11-14T10:20:04","modified_gmt":"2025-11-14T09:20:04","slug":"cours-musique-collectif-orleans","status":"publish","type":"page","link":"https:\/\/musique-equilibre.com\/me\/index.php\/cours-musique-collectif-orleans\/","title":{"rendered":"<span style=\"font-family: coves;\">Cours de musique collectifs"},"content":{"rendered":"<div class=\"wp-block-image\">\n<figure class=\"aligncenter size-large\"><img fetchpriority=\"high\" decoding=\"async\" width=\"1024\" height=\"252\" src=\"https:\/\/musique-equilibre.com\/me\/wp-content\/uploads\/2023\/12\/Cous-de-musique-collectifs-1024x252.jpg\" alt=\"\" class=\"wp-image-13603\" srcset=\"https:\/\/musique-equilibre.com\/me\/wp-content\/uploads\/2023\/12\/Cous-de-musique-collectifs-1024x252.jpg 1024w, https:\/\/musique-equilibre.com\/me\/wp-content\/uploads\/2023\/12\/Cous-de-musique-collectifs-300x74.jpg 300w, https:\/\/musique-equilibre.com\/me\/wp-content\/uploads\/2023\/12\/Cous-de-musique-collectifs-150x37.jpg 150w, https:\/\/musique-equilibre.com\/me\/wp-content\/uploads\/2023\/12\/Cous-de-musique-collectifs-768x189.jpg 768w, https:\/\/musique-equilibre.com\/me\/wp-content\/uploads\/2023\/12\/Cous-de-musique-collectifs.jpg 1366w\" sizes=\"(max-width: 1024px) 100vw, 1024px\" \/><\/figure><\/div>\n\n\n<p class=\"has-white-color has-text-color\">ours de musique collectif<\/p>\n\n\n<h5 style=\"text-align: center;\"><span style=\"font-family: coves;\"><strong>Tambour bata avec Igor Ivanov<\/strong><\/span><\/h5>\n<h5 style=\"text-align: center;\"><img decoding=\"async\" class=\"alignnone wp-image-12015 \" src=\"https:\/\/musique-equilibre.com\/me\/wp-content\/uploads\/2023\/06\/Igor-site-300x300.png\" alt=\"igor ivanov \u00e9cole de musique musique et \u00e9quilibre orl\u00e9ans loiret\" width=\"215\" height=\"215\" srcset=\"https:\/\/musique-equilibre.com\/me\/wp-content\/uploads\/2023\/06\/Igor-site-300x300.png 300w, https:\/\/musique-equilibre.com\/me\/wp-content\/uploads\/2023\/06\/Igor-site-150x150.png 150w, https:\/\/musique-equilibre.com\/me\/wp-content\/uploads\/2023\/06\/Igor-site-510x510.png 510w, https:\/\/musique-equilibre.com\/me\/wp-content\/uploads\/2023\/06\/Igor-site.png 600w\" sizes=\"(max-width: 215px) 100vw, 215px\" \/><\/h5>\n<p style=\"text-align: center;\"><span style=\"font-family: coves;\">SAMEDI \u00e0 d\u00e9finir<br \/><a href=\"https:\/\/www.orleans-metropole.fr\/sport\/etablissements-et-lieux-de-pratique\/largonaute\" target=\"_blank\" rel=\"noopener\"><span style=\"color: #f15d20;\">Argonaute<\/span><\/a><\/span><\/p>\n<p style=\"text-align: center;\"><span style=\"font-family: coves;\"><a href=\"https:\/\/musique-equilibre.com\/me\/index.php\/2019\/09\/12\/agnes-orsingher-coursmusiqueorleans\/\">En savoir plus<\/a><\/span><\/p>\n<h5 style=\"text-align: center;\"><span style=\"font-family: coves;\"><strong>Guitare et chant avec Agn\u00e8s Orsignher<\/strong><\/span><\/h5>\n<h5 style=\"text-align: center;\"><img decoding=\"async\" class=\"alignnone wp-image-10639\" src=\"https:\/\/musique-equilibre.com\/me\/wp-content\/uploads\/2019\/09\/Agnes-site-300x300.png\" alt=\"bio agn\u00e8s orsingher chant guitare cours de musique orl\u00e9ans\" width=\"215\" height=\"215\" srcset=\"https:\/\/musique-equilibre.com\/me\/wp-content\/uploads\/2019\/09\/Agnes-site-300x300.png 300w, https:\/\/musique-equilibre.com\/me\/wp-content\/uploads\/2019\/09\/Agnes-site-150x150.png 150w, https:\/\/musique-equilibre.com\/me\/wp-content\/uploads\/2019\/09\/Agnes-site-510x510.png 510w, https:\/\/musique-equilibre.com\/me\/wp-content\/uploads\/2019\/09\/Agnes-site.png 600w\" sizes=\"(max-width: 215px) 100vw, 215px\" \/><\/h5>\n<p style=\"text-align: center;\"><span style=\"font-family: coves;\">JEUDI de 11h30h \u00e0 12h30<br \/><a href=\"https:\/\/www.orleans-metropole.fr\/sport\/etablissements-et-lieux-de-pratique\/largonaute\" target=\"_blank\" rel=\"noopener\"><span style=\"color: #f15d20;\">Argonaute<\/span><\/a><\/span><\/p>\n<p style=\"text-align: center;\"><span style=\"font-family: coves;\"><a href=\"https:\/\/musique-equilibre.com\/me\/index.php\/2019\/09\/12\/agnes-orsingher-coursmusiqueorleans\/\">En savoir plus<\/a><\/span><\/p>\n<h5 style=\"text-align: center;\"><span style=\"font-family: coves;\"><strong>Percussions africaines avec Anthony Erminy<\/strong><\/span><\/h5>\n<h5 style=\"text-align: center;\"><img loading=\"lazy\" decoding=\"async\" class=\"alignnone wp-image-17677 size-medium\" src=\"https:\/\/musique-equilibre.com\/me\/wp-content\/uploads\/2025\/08\/Anthony-erminy-300x300.png\" alt=\"anthony erminy cours de musique batterie percussions orl\u00e9ans loiret \u00e9cole de musique musiques actuelles argonuate musique et \u00e9quilibre\" width=\"300\" height=\"300\" srcset=\"https:\/\/musique-equilibre.com\/me\/wp-content\/uploads\/2025\/08\/Anthony-erminy-300x300.png 300w, https:\/\/musique-equilibre.com\/me\/wp-content\/uploads\/2025\/08\/Anthony-erminy-1024x1024.png 1024w, https:\/\/musique-equilibre.com\/me\/wp-content\/uploads\/2025\/08\/Anthony-erminy-150x150.png 150w, https:\/\/musique-equilibre.com\/me\/wp-content\/uploads\/2025\/08\/Anthony-erminy-768x768.png 768w, https:\/\/musique-equilibre.com\/me\/wp-content\/uploads\/2025\/08\/Anthony-erminy-510x510.png 510w, https:\/\/musique-equilibre.com\/me\/wp-content\/uploads\/2025\/08\/Anthony-erminy.png 1080w\" sizes=\"(max-width: 300px) 100vw, 300px\" \/><\/h5>\n<p style=\"text-align: center;\"><span style=\"font-family: coves;\">MARDI de 18h30<br \/><a href=\"https:\/\/le108.org\/\" target=\"_blank\" rel=\"noopener\"><span style=\"color: #f15d20;\">108<\/span><\/a><\/span><\/p>\n<p style=\"text-align: center;\"><span style=\"font-family: coves;\"><a href=\"https:\/\/musique-equilibre.com\/me\/index.php\/2025\/08\/19\/anthony-erminy-coursmusiqueorleans\/\">En savoir plus<\/a><\/span><\/p>\n<hr \/>\n<h5 style=\"text-align: center;\"><span style=\"font-family: coves;\"><strong><span style=\"color: #000000;\">3 \u00e9l\u00e8ves minimum \/ 1h<\/span><\/strong><\/span><\/h5>\n<h5 style=\"text-align: center;\"><span style=\"font-family: coves;\"><span style=\"color: #e25417;\"><a style=\"color: #e25417;\" href=\"https:\/\/musique-equilibre.com\/me\/index.php\/cours-de-musique-collectifs-guitare\/\">Guitare<\/a><\/span><br \/><span style=\"color: #e25417;\"><a style=\"color: #e25417;\" href=\"https:\/\/musique-equilibre.com\/me\/index.php\/cours-de-piano-orleans\/\" target=\"_blank\" rel=\"noopener\">Piano<\/a><\/span><br \/><span style=\"color: #e25417;\">Beatbox<\/span><br \/><span style=\"color: #e25417;\"><a style=\"color: #e25417;\" href=\"https:\/\/musique-equilibre.com\/me\/?page_id=9880\" target=\"_blank\" rel=\"noopener\">Batterie<\/a><\/span><br \/><span style=\"color: #e25417;\"><a style=\"color: #e25417;\" href=\"https:\/\/musique-equilibre.com\/me\/index.php\/cours-de-chant-orleans\/\" target=\"_blank\" rel=\"noopener\">Chant<\/a><\/span><br \/><\/span><\/h5>\n<p style=\"text-align: center;\"><span style=\"font-family: coves;\"><em><strong>Uniquement \u00e0 l&rsquo;<a href=\"https:\/\/www.orleans-metropole.fr\/sport\/etablissements-et-lieux-de-pratique\/largonaute\" target=\"_blank\" rel=\"noopener\">Argonaute<\/a>\u00a0<\/strong><\/em><\/span><\/p>","protected":false},"excerpt":{"rendered":"<p>ours de musique collectif Tambour bata avec Igor Ivanov SAMEDI \u00e0 d\u00e9finirArgonaute En savoir plus Guitare et chant avec Agn\u00e8s Orsignher JEUDI de 11h30h \u00e0 12h30Argonaute En savoir plus Percussions africaines avec Anthony Erminy MARDI de 18h30108 En savoir plus 3 \u00e9l\u00e8ves minimum \/ 1h GuitarePianoBeatboxBatterieChant Uniquement \u00e0 l&rsquo;Argonaute\u00a0<\/p>\n","protected":false},"author":1,"featured_media":0,"parent":0,"menu_order":0,"comment_status":"closed","ping_status":"closed","template":"","meta":{"footnotes":""},"class_list":["post-1837","page","type-page","status-publish","czr-hentry"],"yoast_head":"<!-- This site is optimized with the Yoast SEO plugin v26.8 - https:\/\/yoast.com\/product\/yoast-seo-wordpress\/ -->\n<title>Cours de musique collectifs - Musique et Equilibre<\/title>\n<meta name=\"description\" content=\"Cours de musique collectifs \u00e0 Orl\u00e9ans. Guitare-chant avec Agn\u00e8s Orsingher \u00e0 l&#039;Argonaute. Cours de Guitare Piano Beatbox atterie Chant.\" \/>\n<meta name=\"robots\" content=\"index, follow, max-snippet:-1, max-image-preview:large, max-video-preview:-1\" \/>\n<link rel=\"canonical\" href=\"https:\/\/musique-equilibre.com\/me\/index.php\/cours-musique-collectif-orleans\/\" \/>\n<meta property=\"og:locale\" content=\"fr_FR\" \/>\n<meta property=\"og:type\" content=\"article\" \/>\n<meta property=\"og:title\" content=\"Cours de musique collectifs - Musique et Equilibre\" \/>\n<meta property=\"og:description\" content=\"Cours de musique collectifs \u00e0 Orl\u00e9ans. Guitare-chant avec Agn\u00e8s Orsingher \u00e0 l&#039;Argonaute. Cours de Guitare Piano Beatbox atterie Chant.\" \/>\n<meta property=\"og:url\" content=\"https:\/\/musique-equilibre.com\/me\/index.php\/cours-musique-collectif-orleans\/\" \/>\n<meta property=\"og:site_name\" content=\"Musique et Equilibre\" \/>\n<meta property=\"article:publisher\" content=\"https:\/\/www.facebook.com\/MusiqueetEquilibre45\" \/>\n<meta property=\"article:modified_time\" content=\"2025-11-14T09:20:04+00:00\" \/>\n<meta property=\"og:image\" content=\"https:\/\/musique-equilibre.com\/me\/wp-content\/uploads\/2023\/12\/Cous-de-musique-collectifs.jpg\" \/>\n\t<meta property=\"og:image:width\" content=\"1366\" \/>\n\t<meta property=\"og:image:height\" content=\"336\" \/>\n\t<meta property=\"og:image:type\" content=\"image\/jpeg\" \/>\n<meta name=\"twitter:card\" content=\"summary_large_image\" \/>\n<meta name=\"twitter:site\" content=\"@Musiquequilibre\" \/>\n<meta name=\"twitter:label1\" content=\"Dur\u00e9e de lecture estim\u00e9e\" \/>\n\t<meta name=\"twitter:data1\" content=\"2 minutes\" \/>\n<script type=\"application\/ld+json\" class=\"yoast-schema-graph\">{\"@context\":\"https:\/\/schema.org\",\"@graph\":[{\"@type\":\"WebPage\",\"@id\":\"https:\/\/musique-equilibre.com\/me\/index.php\/cours-musique-collectif-orleans\/\",\"url\":\"https:\/\/musique-equilibre.com\/me\/index.php\/cours-musique-collectif-orleans\/\",\"name\":\"Cours de musique collectifs - Musique et Equilibre\",\"isPartOf\":{\"@id\":\"https:\/\/musique-equilibre.com\/me\/#website\"},\"primaryImageOfPage\":{\"@id\":\"https:\/\/musique-equilibre.com\/me\/index.php\/cours-musique-collectif-orleans\/#primaryimage\"},\"image\":{\"@id\":\"https:\/\/musique-equilibre.com\/me\/index.php\/cours-musique-collectif-orleans\/#primaryimage\"},\"thumbnailUrl\":\"https:\/\/musique-equilibre.com\/me\/wp-content\/uploads\/2023\/12\/Cous-de-musique-collectifs-1024x252.jpg\",\"datePublished\":\"2018-10-17T13:42:59+00:00\",\"dateModified\":\"2025-11-14T09:20:04+00:00\",\"description\":\"Cours de musique collectifs \u00e0 Orl\u00e9ans. Guitare-chant avec Agn\u00e8s Orsingher \u00e0 l'Argonaute. Cours de Guitare Piano Beatbox atterie Chant.\",\"breadcrumb\":{\"@id\":\"https:\/\/musique-equilibre.com\/me\/index.php\/cours-musique-collectif-orleans\/#breadcrumb\"},\"inLanguage\":\"fr-FR\",\"potentialAction\":[{\"@type\":\"ReadAction\",\"target\":[\"https:\/\/musique-equilibre.com\/me\/index.php\/cours-musique-collectif-orleans\/\"]}]},{\"@type\":\"ImageObject\",\"inLanguage\":\"fr-FR\",\"@id\":\"https:\/\/musique-equilibre.com\/me\/index.php\/cours-musique-collectif-orleans\/#primaryimage\",\"url\":\"https:\/\/musique-equilibre.com\/me\/wp-content\/uploads\/2023\/12\/Cous-de-musique-collectifs.jpg\",\"contentUrl\":\"https:\/\/musique-equilibre.com\/me\/wp-content\/uploads\/2023\/12\/Cous-de-musique-collectifs.jpg\",\"width\":1366,\"height\":336,\"caption\":\"cours collectif cours de chant cours de guitare cours de piano argonaute cours de musique cours d'instrument orl\u00e9ans\"},{\"@type\":\"BreadcrumbList\",\"@id\":\"https:\/\/musique-equilibre.com\/me\/index.php\/cours-musique-collectif-orleans\/#breadcrumb\",\"itemListElement\":[{\"@type\":\"ListItem\",\"position\":1,\"name\":\"Accueil\",\"item\":\"https:\/\/musique-equilibre.com\/me\/\"},{\"@type\":\"ListItem\",\"position\":2,\"name\":\"Cours de musique collectifs\"}]},{\"@type\":\"WebSite\",\"@id\":\"https:\/\/musique-equilibre.com\/me\/#website\",\"url\":\"https:\/\/musique-equilibre.com\/me\/\",\"name\":\"Musique et Equilibre\",\"description\":\"\",\"publisher\":{\"@id\":\"https:\/\/musique-equilibre.com\/me\/#organization\"},\"potentialAction\":[{\"@type\":\"SearchAction\",\"target\":{\"@type\":\"EntryPoint\",\"urlTemplate\":\"https:\/\/musique-equilibre.com\/me\/?s={search_term_string}\"},\"query-input\":{\"@type\":\"PropertyValueSpecification\",\"valueRequired\":true,\"valueName\":\"search_term_string\"}}],\"inLanguage\":\"fr-FR\"},{\"@type\":\"Organization\",\"@id\":\"https:\/\/musique-equilibre.com\/me\/#organization\",\"name\":\"Musique et Equilibre\",\"alternateName\":\"\u00c9cole de musique et salle de concert \u00e0 Orl\u00e9ans\",\"url\":\"https:\/\/musique-equilibre.com\/me\/\",\"logo\":{\"@type\":\"ImageObject\",\"inLanguage\":\"fr-FR\",\"@id\":\"https:\/\/musique-equilibre.com\/me\/#\/schema\/logo\/image\/\",\"url\":\"https:\/\/musique-equilibre.com\/me\/wp-content\/uploads\/2022\/11\/cropped-Logo_orange_texture-1.png\",\"contentUrl\":\"https:\/\/musique-equilibre.com\/me\/wp-content\/uploads\/2022\/11\/cropped-Logo_orange_texture-1.png\",\"width\":512,\"height\":512,\"caption\":\"Musique et Equilibre\"},\"image\":{\"@id\":\"https:\/\/musique-equilibre.com\/me\/#\/schema\/logo\/image\/\"},\"sameAs\":[\"https:\/\/www.facebook.com\/MusiqueetEquilibre45\",\"https:\/\/x.com\/Musiquequilibre\",\"https:\/\/www.instagram.com\/musique_et_equilibre_\/\",\"https:\/\/www.linkedin.com\/company\/musique-&amp;-equilibre\/\",\"https:\/\/www.youtube.com\/c\/MusiqueEquilibreOrleans\/\"]}]}<\/script>\n<!-- \/ Yoast SEO plugin. -->","yoast_head_json":{"title":"Cours de musique collectifs - Musique et Equilibre","description":"Cours de musique collectifs \u00e0 Orl\u00e9ans. Guitare-chant avec Agn\u00e8s Orsingher \u00e0 l'Argonaute. Cours de Guitare Piano Beatbox atterie Chant.","robots":{"index":"index","follow":"follow","max-snippet":"max-snippet:-1","max-image-preview":"max-image-preview:large","max-video-preview":"max-video-preview:-1"},"canonical":"https:\/\/musique-equilibre.com\/me\/index.php\/cours-musique-collectif-orleans\/","og_locale":"fr_FR","og_type":"article","og_title":"Cours de musique collectifs - Musique et Equilibre","og_description":"Cours de musique collectifs \u00e0 Orl\u00e9ans. Guitare-chant avec Agn\u00e8s Orsingher \u00e0 l'Argonaute. Cours de Guitare Piano Beatbox atterie Chant.","og_url":"https:\/\/musique-equilibre.com\/me\/index.php\/cours-musique-collectif-orleans\/","og_site_name":"Musique et Equilibre","article_publisher":"https:\/\/www.facebook.com\/MusiqueetEquilibre45","article_modified_time":"2025-11-14T09:20:04+00:00","og_image":[{"width":1366,"height":336,"url":"https:\/\/musique-equilibre.com\/me\/wp-content\/uploads\/2023\/12\/Cous-de-musique-collectifs.jpg","type":"image\/jpeg"}],"twitter_card":"summary_large_image","twitter_site":"@Musiquequilibre","twitter_misc":{"Dur\u00e9e de lecture estim\u00e9e":"2 minutes"},"schema":{"@context":"https:\/\/schema.org","@graph":[{"@type":"WebPage","@id":"https:\/\/musique-equilibre.com\/me\/index.php\/cours-musique-collectif-orleans\/","url":"https:\/\/musique-equilibre.com\/me\/index.php\/cours-musique-collectif-orleans\/","name":"Cours de musique collectifs - Musique et Equilibre","isPartOf":{"@id":"https:\/\/musique-equilibre.com\/me\/#website"},"primaryImageOfPage":{"@id":"https:\/\/musique-equilibre.com\/me\/index.php\/cours-musique-collectif-orleans\/#primaryimage"},"image":{"@id":"https:\/\/musique-equilibre.com\/me\/index.php\/cours-musique-collectif-orleans\/#primaryimage"},"thumbnailUrl":"https:\/\/musique-equilibre.com\/me\/wp-content\/uploads\/2023\/12\/Cous-de-musique-collectifs-1024x252.jpg","datePublished":"2018-10-17T13:42:59+00:00","dateModified":"2025-11-14T09:20:04+00:00","description":"Cours de musique collectifs \u00e0 Orl\u00e9ans. Guitare-chant avec Agn\u00e8s Orsingher \u00e0 l'Argonaute. Cours de Guitare Piano Beatbox atterie Chant.","breadcrumb":{"@id":"https:\/\/musique-equilibre.com\/me\/index.php\/cours-musique-collectif-orleans\/#breadcrumb"},"inLanguage":"fr-FR","potentialAction":[{"@type":"ReadAction","target":["https:\/\/musique-equilibre.com\/me\/index.php\/cours-musique-collectif-orleans\/"]}]},{"@type":"ImageObject","inLanguage":"fr-FR","@id":"https:\/\/musique-equilibre.com\/me\/index.php\/cours-musique-collectif-orleans\/#primaryimage","url":"https:\/\/musique-equilibre.com\/me\/wp-content\/uploads\/2023\/12\/Cous-de-musique-collectifs.jpg","contentUrl":"https:\/\/musique-equilibre.com\/me\/wp-content\/uploads\/2023\/12\/Cous-de-musique-collectifs.jpg","width":1366,"height":336,"caption":"cours collectif cours de chant cours de guitare cours de piano argonaute cours de musique cours d'instrument orl\u00e9ans"},{"@type":"BreadcrumbList","@id":"https:\/\/musique-equilibre.com\/me\/index.php\/cours-musique-collectif-orleans\/#breadcrumb","itemListElement":[{"@type":"ListItem","position":1,"name":"Accueil","item":"https:\/\/musique-equilibre.com\/me\/"},{"@type":"ListItem","position":2,"name":"Cours de musique collectifs"}]},{"@type":"WebSite","@id":"https:\/\/musique-equilibre.com\/me\/#website","url":"https:\/\/musique-equilibre.com\/me\/","name":"Musique et Equilibre","description":"","publisher":{"@id":"https:\/\/musique-equilibre.com\/me\/#organization"},"potentialAction":[{"@type":"SearchAction","target":{"@type":"EntryPoint","urlTemplate":"https:\/\/musique-equilibre.com\/me\/?s={search_term_string}"},"query-input":{"@type":"PropertyValueSpecification","valueRequired":true,"valueName":"search_term_string"}}],"inLanguage":"fr-FR"},{"@type":"Organization","@id":"https:\/\/musique-equilibre.com\/me\/#organization","name":"Musique et Equilibre","alternateName":"\u00c9cole de musique et salle de concert \u00e0 Orl\u00e9ans","url":"https:\/\/musique-equilibre.com\/me\/","logo":{"@type":"ImageObject","inLanguage":"fr-FR","@id":"https:\/\/musique-equilibre.com\/me\/#\/schema\/logo\/image\/","url":"https:\/\/musique-equilibre.com\/me\/wp-content\/uploads\/2022\/11\/cropped-Logo_orange_texture-1.png","contentUrl":"https:\/\/musique-equilibre.com\/me\/wp-content\/uploads\/2022\/11\/cropped-Logo_orange_texture-1.png","width":512,"height":512,"caption":"Musique et Equilibre"},"image":{"@id":"https:\/\/musique-equilibre.com\/me\/#\/schema\/logo\/image\/"},"sameAs":["https:\/\/www.facebook.com\/MusiqueetEquilibre45","https:\/\/x.com\/Musiquequilibre","https:\/\/www.instagram.com\/musique_et_equilibre_\/","https:\/\/www.linkedin.com\/company\/musique-&amp;-equilibre\/","https:\/\/www.youtube.com\/c\/MusiqueEquilibreOrleans\/"]}]}},"_links":{"self":[{"href":"https:\/\/musique-equilibre.com\/me\/index.php\/wp-json\/wp\/v2\/pages\/1837","targetHints":{"allow":["GET"]}}],"collection":[{"href":"https:\/\/musique-equilibre.com\/me\/index.php\/wp-json\/wp\/v2\/pages"}],"about":[{"href":"https:\/\/musique-equilibre.com\/me\/index.php\/wp-json\/wp\/v2\/types\/page"}],"author":[{"embeddable":true,"href":"https:\/\/musique-equilibre.com\/me\/index.php\/wp-json\/wp\/v2\/users\/1"}],"replies":[{"embeddable":true,"href":"https:\/\/musique-equilibre.com\/me\/index.php\/wp-json\/wp\/v2\/comments?post=1837"}],"version-history":[{"count":82,"href":"https:\/\/musique-equilibre.com\/me\/index.php\/wp-json\/wp\/v2\/pages\/1837\/revisions"}],"predecessor-version":[{"id":18078,"href":"https:\/\/musique-equilibre.com\/me\/index.php\/wp-json\/wp\/v2\/pages\/1837\/revisions\/18078"}],"wp:attachment":[{"href":"https:\/\/musique-equilibre.com\/me\/index.php\/wp-json\/wp\/v2\/media?parent=1837"}],"curies":[{"name":"wp","href":"https:\/\/api.w.org\/{rel}","templated":true}]}}